{"id":23753,"date":"2024-01-16T11:47:50","date_gmt":"2024-01-16T11:47:50","guid":{"rendered":"http:\/\/www.kieslect.com\/?post_type=product&#038;p=23753"},"modified":"2026-05-16T14:19:02","modified_gmt":"2026-05-16T06:19:02","slug":"kieslect-lady-calling-smartwatch-lora","status":"publish","type":"product","link":"https:\/\/www.kieslect.com\/vi\/san-pham\/kieslect-lady-calling-smartwatch-lora\/","title":{"rendered":"\u0110\u1ed3ng h\u1ed3 th\u00f4ng minh Kieslect Lady Calling Lora"},"content":{"rendered":"<div class=\"rte\">\n<section id=\"shopify-section-template--16842752917756__fe7b8f77-0695-4670-81e4-15f5004851aa\" class=\"shopify-section spaced-section\">\n<div class=\"row\">\n<p><img decoding=\"async\" src=\"\/wp-content\/uploads\/replace\/88d207c9a36eef40eac7129e4ec3387d.jpeg\" alt=\"Kieslect Loar Smartwatch\" \/><img decoding=\"async\" src=\"\/wp-content\/uploads\/replace\/96f333dc68cc22a16d4684d3e46588a6.jpeg\" alt=\"Kieslect Loar Smartwatch\" \/><img decoding=\"async\" src=\"\/wp-content\/uploads\/replace\/ff7ae6434569d6f97428a342e984e32d.jpeg\" alt=\"Kieslect Loar Smartwatch\" \/><img decoding=\"async\" src=\"\/wp-content\/uploads\/replace\/fb080d37f962c0fcdc91b0aac69d6798.jpeg\" alt=\"lora smartwatch\" \/><img decoding=\"async\" src=\"\/wp-content\/uploads\/replace\/e5c9c21bc1f8a25efd9062e23fde62b9.jpeg\" alt=\"Kieslect Loar Smartwatch\" \/><img decoding=\"async\" src=\"\/wp-content\/uploads\/replace\/ad5a2490a2a5d249c22ad0aacef28c7a.jpeg\" alt=\"Kieslect Loar Smartwatch\" \/><img decoding=\"async\" src=\"\/wp-content\/uploads\/replace\/e9602dece2d0c55acacb7fdfdd91cc4d.jpeg\" alt=\"Kieslect Loar Smartwatch\" \/><img decoding=\"async\" src=\"\/wp-content\/uploads\/replace\/fc759509b7e8552298bc6f4af11f0167.jpeg\" alt=\"Kieslect Loar Smartwatch\" \/><img decoding=\"async\" src=\"\/wp-content\/uploads\/replace\/d84681d588851a585985b8f9acb1da78.jpeg\" alt=\"Kieslect Loar Smartwatch\" \/><img decoding=\"async\" src=\"\/wp-content\/uploads\/replace\/0e2f8b9c5cd8d3efda62e1598f7c4bf8.jpeg\" alt=\"Kieslect Loar Smartwatch\" \/><img decoding=\"async\" src=\"\/wp-content\/uploads\/replace\/7be97d22e842bd999bbdda41f8385143.jpeg\" alt=\"Kieslect Loar Smartwatch\" \/><img decoding=\"async\" src=\"\/wp-content\/uploads\/replace\/1645a771ab68a6850004490edf6af789.jpeg\" alt=\"kieslect_lora_smartwatch\" \/><img decoding=\"async\" src=\"\/wp-content\/uploads\/replace\/18237122a941e1c443a42f8e0ff77d36.jpeg\" alt=\"Kieslect Lady Calling Smartwatch Lora\" \/><\/p>\n<p><strong>T\u00ednh n\u0103ng c\u1ee7a Kieslect Lady Calling Watch Lora:<\/strong><\/p>\n<p><strong>\u25cf M\u00e0n h\u00ecnh \u0111\u1ea7y m\u00e0u s\u1eafc \u1edf ch\u1ebf \u0111\u1ed9 xem to\u00e0n m\u00e0n h\u00ecnh 3D<\/strong>.<br \/>\nLora t\u1ef1 h\u00e0o c\u00f3 m\u00e0n h\u00ecnh Semi-Amoled \u0111\u1ea7y m\u00e0u s\u1eafc h\u00ecnh c\u1ea7u 3D tuy\u1ec7t \u0111\u1eb9p.<\/p>\n<p><strong>\u25cf V\u1ecf nh\u00f4m kh\u00f4ng phai m\u00e0u.<\/strong><br \/>\nK\u1ebft h\u1ee3p v\u1edbi thi\u1ebft k\u1ebf th\u1eddi trang b\u1eb1ng v\u1ecf h\u1ee3p kim nh\u00f4m kh\u00f4ng phai m\u00e0u. V\u1ebb ngo\u00e0i l\u1ed9ng l\u1eaby l\u00e0m cho chi\u1ebfc \u0111\u1ed3ng h\u1ed3 tr\u1edf th\u00e0nh m\u1ed9t ph\u1ee5 ki\u1ec7n \u1ea5n t\u01b0\u1ee3ng v\u00e0 sang tr\u1ecdng cho c\u1ea3 trang ph\u1ee5c th\u01b0\u1eddng ng\u00e0y v\u00e0 trang tr\u1ecdng c\u1ee7a b\u1ea1n, n\u00e2ng t\u1ea7m phong c\u00e1ch t\u1ed5ng th\u1ec3 c\u1ee7a b\u1ea1n.<\/p>\n<p><strong>\u25cf G\u1ecdi Bluetooth \u1ed5n \u0111\u1ecbnh.<\/strong><br \/>\nK\u1ebft n\u1ed1i si\u00eau \u1ed5n \u0111\u1ecbnh v\u1edbi chipset chuy\u00ean bi\u1ec7t tr\u00ean to\u00e0n th\u1ebf gi\u1edbi, b\u1ea1n c\u00f3 th\u1ec3 t\u1eadn h\u01b0\u1edfng c\u00e1c cu\u1ed9c g\u1ecdi m\u01b0\u1ee3t m\u00e0 t\u1eeb Lora.<br \/>\nLora s\u1edf h\u1eefu loa v\u00e0 micr\u00f4 t\u00edch h\u1ee3p v\u01b0\u1ee3t tr\u1ed9i, cho ph\u00e9p b\u1ea1n tr\u1ea3 l\u1eddi cu\u1ed9c g\u1ecdi tr\u00ean \u0111\u1ed3ng h\u1ed3. V\u1edbi \u00e2m thanh ch\u1ea5t l\u01b0\u1ee3ng tuy\u1ec7t v\u1eddi khi b\u1ea1n kh\u00f4ng ti\u1ec7n nh\u1ea5c \u0111i\u1ec7n tho\u1ea1i di \u0111\u1ed9ng l\u00ean.<\/p>\n<p><strong>\u25cf Nh\u1eadn cu\u1ed9c g\u1ecdi tr\u1ef1c ti\u1ebfp tr\u00ean c\u1ed5 tay.<\/strong><br \/>\nB\u1ea1n c\u00f3 th\u1ec3 nh\u1eadn, t\u1eeb ch\u1ed1i, quay s\u1ed1 l\u1ea1i, quay s\u1ed1 cu\u1ed9c g\u1ecdi b\u1eb1ng b\u00e0n ph\u00edm v\u00e0 l\u01b0u tr\u1eef danh b\u1ea1 m\u1ed9t c\u00e1ch d\u1ec5 d\u00e0ng. Khi b\u1ea1n ra ngo\u00e0i \u0111i d\u1ea1o, t\u1eadp th\u1ec3 d\u1ee5c ho\u1eb7c n\u1eb1m tr\u00ean gh\u1ebf sofa, h\u00e3y k\u1ebft n\u1ed1i Lora v\u1edbi \u0111i\u1ec7n tho\u1ea1i di \u0111\u1ed9ng \u0111\u1ec3 \u0111\u1ea3m b\u1ea3o b\u1ea1n kh\u00f4ng c\u00f2n b\u1ecf l\u1ee1 c\u00e1c cu\u1ed9c g\u1ecdi quan tr\u1ecdng. Tr\u1ea3 l\u1eddi tin nh\u1eafn nhanh (hi\u1ec7n t\u1ea1i ch\u01b0a h\u1ed7 tr\u1ee3 tr\u00ean lOS, ch\u1ec9 c\u00f3 Android). Khi nguy hi\u1ec3m \u0111\u1ebfn, doubleclick, k\u00edch ho\u1ea1t SOS.<\/p>\n<p><strong>\u25cf Danh s\u00e1ch nh\u1ea1c Hifi Hefnition tr\u00ean c\u1ed5 tay.<\/strong><br \/>\nLora h\u1ed7 tr\u1ee3 ph\u00e1t nh\u1ea1c tr\u00ean thi\u1ebft b\u1ecb di \u0111\u1ed9ng \u0111\u1ec3 b\u1ea1n c\u00f3 th\u1ec3 \u0111i\u1ec1u khi\u1ec3n nh\u1ea1c tr\u00ean \u0111i\u1ec7n tho\u1ea1i th\u00f4ng minh c\u1ee7a m\u00ecnh qua Bluetooth 5.2.<br \/>\nV\u1edbi Lora, b\u1ea1n c\u00f3 th\u1ec3 nh\u00e0n nh\u00e3 th\u01b0\u1edfng th\u1ee9c \u00e2m nh\u1ea1c HD v\u01b0\u1ee3t tr\u1ed9i khi t\u1eadp th\u1ec3 d\u1ee5c, \u0111i b\u1ed9 \u0111\u01b0\u1eddng d\u00e0i v\u00e0 d\u1eaft ch\u00f3 \u0111i d\u1ea1o.<\/p>\n<p><strong>\u25cf Thay \u0111\u1ed5i phong c\u00e1ch c\u1ee7a b\u1ea1n v\u1edbi D\u00e2y \u0111eo cao c\u1ea5p.<\/strong><br \/>\nC\u00e1c lo\u1ea1i d\u00e2y \u0111\u1ed3ng h\u1ed3 thay th\u1ebf v\u1edbi thi\u1ebft k\u1ebf \u0111\u1ed9c \u0111\u00e1o l\u00e0 s\u1ef1 l\u1ef1a ch\u1ecdn \u0111\u1ec3 b\u1ea1n thay \u0111\u1ed5i phong c\u00e1ch c\u1ee7a m\u00ecnh!<\/p>\n<p><strong>\u25cf Cu\u1ed9c s\u1ed1ng th\u00f4ng minh v\u1edbi tr\u1ee3 l\u00fd gi\u1ecdng n\u00f3i.<\/strong><br \/>\nTr\u1ee3 l\u00fd, Lora \u0111\u00f3ng vai tr\u00f2 l\u00e0 tr\u1ee3 l\u00fd cu\u1ed9c s\u1ed1ng th\u00f4ng minh c\u1ee7a b\u1ea1n. N\u00f3i v\u1edbi Lora, \u201cG\u1ecdi cho m\u1eb9\u201d \u201cCh\u01a1i nh\u1ea1c\u201d.<\/p>\n<p><strong>\u25cf D\u00e2y \u0111eo t\u1eeb t\u00ednh th\u00e1o nhanh.<\/strong><br \/>\nD\u1eabn \u0111\u1ea7u xu h\u01b0\u1edbng th\u1eddi trang v\u1edbi b\u1ed1n ki\u1ec3u ph\u1ed1i h\u1ee3p cao c\u1ea5p.<br \/>\nC\u1ea3m gi\u00e1c tho\u1ea3i m\u00e1i nh\u1edd s\u1ef1 k\u1ebft h\u1ee3p ho\u00e0n h\u1ea3o gi\u1eefa ch\u1ea5t li\u1ec7u silicone v\u00e0 kim lo\u1ea1i.<br \/>\nD\u1ec5 d\u00e0ng \u0111eo v\u00e0 th\u00e1o m\u00e0 kh\u00f4ng c\u1ea7n c\u0103n ch\u1ec9nh kh\u00f3a truy\u1ec1n th\u1ed1ng.<\/p>\n<\/div>\n<\/section>\n<div id=\"shopify-section-template--16842752917756__bac5a253-d4e3-4184-ab68-f6c69f24403d\" class=\"shopify-section\">\n<div class=\"row\">\n<div class=\"small-12 columns\"><\/div>\n<\/div>\n<\/div>\n<\/div>","protected":false},"excerpt":{"rendered":"<ul>\n<li>\ud83c\udf88 Mua m\u1ed9t d\u00e2y da m\u00e0u h\u1ed3ng mi\u1ec5n ph\u00ed<\/li>\n<li>\ud83c\udf88 D\u00e2y \u0111eo c\u00f4ng ch\u00faa BlingBling<\/li>\n<li>\ud83c\udf88 M\u00e0n h\u00ecnh bong b\u00f3ng h\u00ecnh c\u1ea7u 3D Fullview tuy\u1ec7t \u0111\u1eb9p<\/li>\n<li>\ud83c\udf88 Cu\u1ed9c g\u1ecdi BT \u1ed5n \u0111\u1ecbnh, Chip g\u1ecdi \u0111i\u1ec7n to\u00e0n c\u1ea7u 2 trong 1<\/li>\n<li>\ud83c\udf88 M\u00e1y nghe nh\u1ea1c tr\u00ean c\u1ed5 tay<\/li>\n<li>\ud83c\udf88 D\u00e0nh cho c\u1ea3 Android v\u00e0 iOS<\/li>\n<\/ul>","protected":false},"featured_media":23865,"comment_status":"open","ping_status":"closed","template":"","meta":[],"product_brand":[],"product_cat":[15,463,462,416,460,459,458],"product_tag":[],"class_list":{"0":"post-23753","1":"product","2":"type-product","3":"status-publish","4":"has-post-thumbnail","6":"product_cat-smartwatch","7":"product_cat-calling-smartwatch","8":"product_cat-calling-watch","9":"product_cat-lady-series","10":"product_cat-lady-smartwatch","11":"product_cat-lady-watch","12":"product_cat-smartwatch-for-woman","14":"first","15":"instock","16":"shipping-taxable","17":"product-type-external"},"aioseo_notices":[],"aioseo_head":"\n\t\t<!-- All in One SEO Pro 4.6.5 - aioseo.com -->\n\t\t<meta name=\"description\" content=\"\ud83c\udf88 Buy One Free One Pink Leather Strap \ud83c\udf88 BlingBling Princess Strap \ud83c\udf88 Gorgerous 3D Fullview Spherical Bubble Screen \ud83c\udf88 Stable BT Calls, Global 2-in-1 Calling Chip \ud83c\udf88 Music Player on the wrist \ud83c\udf88 For both Android and IOS\" \/>\n\t\t<meta name=\"robots\" content=\"max-image-preview:large\" \/>\n\t\t<link rel=\"canonical\" href=\"https:\/\/www.kieslect.com\/vi\/san-pham\/kieslect-lady-calling-smartwatch-lora\/\" \/>\n\t\t<meta name=\"generator\" content=\"All in One SEO Pro (AIOSEO) 4.6.5\" \/>\n\t\t<meta property=\"og:locale\" content=\"vi_VN\" \/>\n\t\t<meta property=\"og:site_name\" content=\"Kieslect - A Trusted Global Provider of Smart Wearable Solution\" \/>\n\t\t<meta property=\"og:type\" content=\"article\" \/>\n\t\t<meta property=\"og:title\" content=\"Kieslect Lady Calling Smartwatch Lora - Kieslect\" \/>\n\t\t<meta property=\"og:description\" content=\"\ud83c\udf88 Buy One Free One Pink Leather Strap \ud83c\udf88 BlingBling Princess Strap \ud83c\udf88 Gorgerous 3D Fullview Spherical Bubble Screen \ud83c\udf88 Stable BT Calls, Global 2-in-1 Calling Chip \ud83c\udf88 Music Player on the wrist \ud83c\udf88 For both Android and IOS\" \/>\n\t\t<meta property=\"og:url\" content=\"https:\/\/www.kieslect.com\/vi\/san-pham\/kieslect-lady-calling-smartwatch-lora\/\" \/>\n\t\t<meta property=\"og:image\" content=\"https:\/\/www.kieslect.com\/wp-content\/uploads\/replace\/83a7c94e588d71936bb1ab2a1c752869.jpeg\" \/>\n\t\t<meta property=\"og:image:secure_url\" content=\"https:\/\/www.kieslect.com\/wp-content\/uploads\/replace\/83a7c94e588d71936bb1ab2a1c752869.jpeg\" \/>\n\t\t<meta property=\"og:image:width\" content=\"300\" \/>\n\t\t<meta property=\"og:image:height\" content=\"169\" \/>\n\t\t<meta property=\"article:published_time\" content=\"2024-01-16T11:47:50+00:00\" \/>\n\t\t<meta property=\"article:modified_time\" content=\"2026-05-16T06:19:02+00:00\" \/>\n\t\t<meta property=\"article:publisher\" content=\"https:\/\/www.facebook.com\/KieslectOfficial\/\" \/>\n\t\t<meta name=\"twitter:card\" content=\"summary_large_image\" \/>\n\t\t<meta name=\"twitter:site\" content=\"@kieslect\" \/>\n\t\t<meta name=\"twitter:title\" content=\"Kieslect Lady Calling Smartwatch Lora - Kieslect\" \/>\n\t\t<meta name=\"twitter:description\" content=\"\ud83c\udf88 Buy One Free One Pink Leather Strap \ud83c\udf88 BlingBling Princess Strap \ud83c\udf88 Gorgerous 3D Fullview Spherical Bubble Screen \ud83c\udf88 Stable BT Calls, Global 2-in-1 Calling Chip \ud83c\udf88 Music Player on the wrist \ud83c\udf88 For both Android and IOS\" \/>\n\t\t<meta name=\"twitter:creator\" content=\"@kieslect\" \/>\n\t\t<meta name=\"twitter:image\" content=\"https:\/\/www.kieslect.com\/wp-content\/uploads\/replace\/83a7c94e588d71936bb1ab2a1c752869.jpeg\" \/>\n\t\t<script type=\"application\/ld+json\" class=\"aioseo-schema\">\n\t\t\t{\"@context\":\"https:\\\/\\\/schema.org\",\"@graph\":[{\"@type\":\"BreadcrumbList\",\"@id\":\"https:\\\/\\\/www.kieslect.com\\\/vi\\\/san-pham\\\/kieslect-lady-calling-smartwatch-lora\\\/#breadcrumblist\",\"itemListElement\":[{\"@type\":\"ListItem\",\"@id\":\"https:\\\/\\\/www.kieslect.com\\\/vi\\\/#listItem\",\"position\":1,\"name\":\"Home\",\"item\":\"https:\\\/\\\/www.kieslect.com\\\/vi\\\/\",\"nextItem\":\"https:\\\/\\\/www.kieslect.com\\\/vi\\\/san-pham\\\/kieslect-lady-calling-smartwatch-lora\\\/#listItem\"},{\"@type\":\"ListItem\",\"@id\":\"https:\\\/\\\/www.kieslect.com\\\/vi\\\/san-pham\\\/kieslect-lady-calling-smartwatch-lora\\\/#listItem\",\"position\":2,\"name\":\"Kieslect Lady Calling Smartwatch Lora\",\"previousItem\":\"https:\\\/\\\/www.kieslect.com\\\/vi\\\/#listItem\"}]},{\"@type\":\"Organization\",\"@id\":\"https:\\\/\\\/www.kieslect.com\\\/vi\\\/#organization\",\"name\":\"Kieslect Smartwatch\",\"description\":\"A Trusted Global Provider of Smart Wearable Solution\",\"url\":\"https:\\\/\\\/www.kieslect.com\\\/vi\\\/\",\"logo\":{\"@type\":\"ImageObject\",\"url\":\"https:\\\/\\\/www.kieslect.com\\\/wp-content\\\/uploads\\\/2024\\\/01\\\/Kieslect-Logo-2_1_335x75_crop_center-1.webp\",\"@id\":\"https:\\\/\\\/www.kieslect.com\\\/vi\\\/san-pham\\\/kieslect-lady-calling-smartwatch-lora\\\/#organizationLogo\",\"width\":335,\"height\":75},\"image\":{\"@id\":\"https:\\\/\\\/www.kieslect.com\\\/vi\\\/san-pham\\\/kieslect-lady-calling-smartwatch-lora\\\/#organizationLogo\"},\"sameAs\":[\"https:\\\/\\\/www.facebook.com\\\/KieslectOfficial\\\/\",\"https:\\\/\\\/twitter.com\\\/kieslect\",\"https:\\\/\\\/www.instagram.com\\\/kieslect\\\/\"]},{\"@type\":\"Product\",\"@id\":\"https:\\\/\\\/www.kieslect.com\\\/vi\\\/san-pham\\\/kieslect-lady-calling-smartwatch-lora\\\/#wooCommerceProduct\",\"name\":\"Kieslect Lady Calling Smartwatch Lora\",\"description\":\"\\ud83c\\udf88 Buy One Free One Pink Leather Strap\\r\\n \\t\\ud83c\\udf88 BlingBling Princess Strap\\r\\n \\t\\ud83c\\udf88 Gorgerous 3D Fullview Spherical Bubble Screen\\r\\n \\t\\ud83c\\udf88 Stable BT Calls, Global 2-in-1 Calling Chip\\r\\n \\t\\ud83c\\udf88 Music Player on the wrist\\r\\n \\t\\ud83c\\udf88 For both Android and IOS\",\"url\":\"https:\\\/\\\/www.kieslect.com\\\/vi\\\/san-pham\\\/kieslect-lady-calling-smartwatch-lora\\\/\",\"image\":{\"@type\":\"ImageObject\",\"url\":\"https:\\\/\\\/www.kieslect.com\\\/wp-content\\\/uploads\\\/2024\\\/01\\\/lora_68687576-a841-41e5-bd14-d77044a7dfb8_610x_crop_center.webp\",\"@id\":\"https:\\\/\\\/www.kieslect.com\\\/vi\\\/san-pham\\\/kieslect-lady-calling-smartwatch-lora\\\/#productImage\",\"width\":610,\"height\":610},\"offers\":{\"@type\":\"Offer\",\"url\":\"https:\\\/\\\/www.kieslect.com\\\/vi\\\/san-pham\\\/kieslect-lady-calling-smartwatch-lora\\\/#wooCommerceOffer\",\"price\":0,\"priceCurrency\":\"USD\",\"category\":\"Smartwatch\",\"availability\":\"https:\\\/\\\/schema.org\\\/InStock\",\"seller\":{\"@type\":\"Organization\",\"@id\":\"https:\\\/\\\/www.kieslect.com\\\/vi\\\/#organization\"}}},{\"@type\":\"WebPage\",\"@id\":\"https:\\\/\\\/www.kieslect.com\\\/vi\\\/san-pham\\\/kieslect-lady-calling-smartwatch-lora\\\/#webpage\",\"url\":\"https:\\\/\\\/www.kieslect.com\\\/vi\\\/san-pham\\\/kieslect-lady-calling-smartwatch-lora\\\/\",\"name\":\"Kieslect Lady Calling Smartwatch Lora - Kieslect\",\"description\":\"\\ud83c\\udf88 Buy One Free One Pink Leather Strap \\ud83c\\udf88 BlingBling Princess Strap \\ud83c\\udf88 Gorgerous 3D Fullview Spherical Bubble Screen \\ud83c\\udf88 Stable BT Calls, Global 2-in-1 Calling Chip \\ud83c\\udf88 Music Player on the wrist \\ud83c\\udf88 For both Android and IOS\",\"inLanguage\":\"vi\",\"isPartOf\":{\"@id\":\"https:\\\/\\\/www.kieslect.com\\\/vi\\\/#website\"},\"breadcrumb\":{\"@id\":\"https:\\\/\\\/www.kieslect.com\\\/vi\\\/san-pham\\\/kieslect-lady-calling-smartwatch-lora\\\/#breadcrumblist\"},\"image\":{\"@type\":\"ImageObject\",\"url\":\"https:\\\/\\\/www.kieslect.com\\\/wp-content\\\/uploads\\\/2024\\\/01\\\/lora_68687576-a841-41e5-bd14-d77044a7dfb8_610x_crop_center.webp\",\"@id\":\"https:\\\/\\\/www.kieslect.com\\\/vi\\\/san-pham\\\/kieslect-lady-calling-smartwatch-lora\\\/#mainImage\",\"width\":610,\"height\":610},\"primaryImageOfPage\":{\"@id\":\"https:\\\/\\\/www.kieslect.com\\\/vi\\\/san-pham\\\/kieslect-lady-calling-smartwatch-lora\\\/#mainImage\"},\"datePublished\":\"2024-01-16T11:47:50+08:00\",\"dateModified\":\"2026-05-16T14:19:02+08:00\"},{\"@type\":\"WebSite\",\"@id\":\"https:\\\/\\\/www.kieslect.com\\\/vi\\\/#website\",\"url\":\"https:\\\/\\\/www.kieslect.com\\\/vi\\\/\",\"name\":\"Kieslect\",\"description\":\"A Trusted Global Provider of Smart Wearable Solution\",\"inLanguage\":\"vi\",\"publisher\":{\"@id\":\"https:\\\/\\\/www.kieslect.com\\\/vi\\\/#organization\"}}]}\n\t\t<\/script>\n\t\t<!-- All in One SEO Pro -->\r\n\t\t<title>Kieslect Lady Calling Smartwatch Lora - Kieslect<\/title>\n\n","aioseo_head_json":{"title":"Kieslect Lady Calling Smartwatch Lora - Kieslect","description":"\ud83c\udf88 Buy One Free One Pink Leather Strap \ud83c\udf88 BlingBling Princess Strap \ud83c\udf88 Gorgerous 3D Fullview Spherical Bubble Screen \ud83c\udf88 Stable BT Calls, Global 2-in-1 Calling Chip \ud83c\udf88 Music Player on the wrist \ud83c\udf88 For both Android and IOS","canonical_url":"https:\/\/www.kieslect.com\/vi\/san-pham\/kieslect-lady-calling-smartwatch-lora\/","robots":"max-image-preview:large","keywords":"","webmasterTools":{"miscellaneous":""},"og:locale":"vi_VN","og:site_name":"Kieslect - A Trusted Global Provider of Smart Wearable Solution","og:type":"article","og:title":"Kieslect Lady Calling Smartwatch Lora - Kieslect","og:description":"\ud83c\udf88 Buy One Free One Pink Leather Strap \ud83c\udf88 BlingBling Princess Strap \ud83c\udf88 Gorgerous 3D Fullview Spherical Bubble Screen \ud83c\udf88 Stable BT Calls, Global 2-in-1 Calling Chip \ud83c\udf88 Music Player on the wrist \ud83c\udf88 For both Android and IOS","og:url":"https:\/\/www.kieslect.com\/vi\/san-pham\/kieslect-lady-calling-smartwatch-lora\/","og:image":"https:\/\/www.kieslect.com\/wp-content\/uploads\/replace\/83a7c94e588d71936bb1ab2a1c752869.jpeg","og:image:secure_url":"https:\/\/www.kieslect.com\/wp-content\/uploads\/replace\/83a7c94e588d71936bb1ab2a1c752869.jpeg","og:image:width":300,"og:image:height":169,"article:published_time":"2024-01-16T11:47:50+00:00","article:modified_time":"2026-05-16T06:19:02+00:00","article:publisher":"https:\/\/www.facebook.com\/KieslectOfficial\/","twitter:card":"summary_large_image","twitter:site":"@kieslect","twitter:title":"Kieslect Lady Calling Smartwatch Lora - Kieslect","twitter:description":"\ud83c\udf88 Buy One Free One Pink Leather Strap \ud83c\udf88 BlingBling Princess Strap \ud83c\udf88 Gorgerous 3D Fullview Spherical Bubble Screen \ud83c\udf88 Stable BT Calls, Global 2-in-1 Calling Chip \ud83c\udf88 Music Player on the wrist \ud83c\udf88 For both Android and IOS","twitter:creator":"@kieslect","twitter:image":"https:\/\/www.kieslect.com\/wp-content\/uploads\/replace\/83a7c94e588d71936bb1ab2a1c752869.jpeg","schema":{"@context":"https:\/\/schema.org","@graph":[{"@type":"BreadcrumbList","@id":"https:\/\/www.kieslect.com\/vi\/san-pham\/kieslect-lady-calling-smartwatch-lora\/#breadcrumblist","itemListElement":[{"@type":"ListItem","@id":"https:\/\/www.kieslect.com\/vi\/#listItem","position":1,"name":"Home","item":"https:\/\/www.kieslect.com\/vi\/","nextItem":"https:\/\/www.kieslect.com\/vi\/san-pham\/kieslect-lady-calling-smartwatch-lora\/#listItem"},{"@type":"ListItem","@id":"https:\/\/www.kieslect.com\/vi\/san-pham\/kieslect-lady-calling-smartwatch-lora\/#listItem","position":2,"name":"Kieslect Lady Calling Smartwatch Lora","previousItem":"https:\/\/www.kieslect.com\/vi\/#listItem"}]},{"@type":"Organization","@id":"https:\/\/www.kieslect.com\/vi\/#organization","name":"Kieslect Smartwatch","description":"A Trusted Global Provider of Smart Wearable Solution","url":"https:\/\/www.kieslect.com\/vi\/","logo":{"@type":"ImageObject","url":"https:\/\/www.kieslect.com\/wp-content\/uploads\/2024\/01\/Kieslect-Logo-2_1_335x75_crop_center-1.webp","@id":"https:\/\/www.kieslect.com\/vi\/san-pham\/kieslect-lady-calling-smartwatch-lora\/#organizationLogo","width":335,"height":75},"image":{"@id":"https:\/\/www.kieslect.com\/vi\/san-pham\/kieslect-lady-calling-smartwatch-lora\/#organizationLogo"},"sameAs":["https:\/\/www.facebook.com\/KieslectOfficial\/","https:\/\/twitter.com\/kieslect","https:\/\/www.instagram.com\/kieslect\/"]},{"@type":"Product","@id":"https:\/\/www.kieslect.com\/vi\/san-pham\/kieslect-lady-calling-smartwatch-lora\/#wooCommerceProduct","name":"Kieslect Lady Calling Smartwatch Lora","description":"\ud83c\udf88 Buy One Free One Pink Leather Strap\r\n \t\ud83c\udf88 BlingBling Princess Strap\r\n \t\ud83c\udf88 Gorgerous 3D Fullview Spherical Bubble Screen\r\n \t\ud83c\udf88 Stable BT Calls, Global 2-in-1 Calling Chip\r\n \t\ud83c\udf88 Music Player on the wrist\r\n \t\ud83c\udf88 For both Android and IOS","url":"https:\/\/www.kieslect.com\/vi\/san-pham\/kieslect-lady-calling-smartwatch-lora\/","image":{"@type":"ImageObject","url":"https:\/\/www.kieslect.com\/wp-content\/uploads\/2024\/01\/lora_68687576-a841-41e5-bd14-d77044a7dfb8_610x_crop_center.webp","@id":"https:\/\/www.kieslect.com\/vi\/san-pham\/kieslect-lady-calling-smartwatch-lora\/#productImage","width":610,"height":610},"offers":{"@type":"Offer","url":"https:\/\/www.kieslect.com\/vi\/san-pham\/kieslect-lady-calling-smartwatch-lora\/#wooCommerceOffer","price":0,"priceCurrency":"USD","category":"Smartwatch","availability":"https:\/\/schema.org\/InStock","seller":{"@type":"Organization","@id":"https:\/\/www.kieslect.com\/vi\/#organization"}}},{"@type":"WebPage","@id":"https:\/\/www.kieslect.com\/vi\/san-pham\/kieslect-lady-calling-smartwatch-lora\/#webpage","url":"https:\/\/www.kieslect.com\/vi\/san-pham\/kieslect-lady-calling-smartwatch-lora\/","name":"Kieslect Lady Calling Smartwatch Lora - Kieslect","description":"\ud83c\udf88 Buy One Free One Pink Leather Strap \ud83c\udf88 BlingBling Princess Strap \ud83c\udf88 Gorgerous 3D Fullview Spherical Bubble Screen \ud83c\udf88 Stable BT Calls, Global 2-in-1 Calling Chip \ud83c\udf88 Music Player on the wrist \ud83c\udf88 For both Android and IOS","inLanguage":"vi","isPartOf":{"@id":"https:\/\/www.kieslect.com\/vi\/#website"},"breadcrumb":{"@id":"https:\/\/www.kieslect.com\/vi\/san-pham\/kieslect-lady-calling-smartwatch-lora\/#breadcrumblist"},"image":{"@type":"ImageObject","url":"https:\/\/www.kieslect.com\/wp-content\/uploads\/2024\/01\/lora_68687576-a841-41e5-bd14-d77044a7dfb8_610x_crop_center.webp","@id":"https:\/\/www.kieslect.com\/vi\/san-pham\/kieslect-lady-calling-smartwatch-lora\/#mainImage","width":610,"height":610},"primaryImageOfPage":{"@id":"https:\/\/www.kieslect.com\/vi\/san-pham\/kieslect-lady-calling-smartwatch-lora\/#mainImage"},"datePublished":"2024-01-16T11:47:50+08:00","dateModified":"2026-05-16T14:19:02+08:00"},{"@type":"WebSite","@id":"https:\/\/www.kieslect.com\/vi\/#website","url":"https:\/\/www.kieslect.com\/vi\/","name":"Kieslect","description":"A Trusted Global Provider of Smart Wearable Solution","inLanguage":"vi","publisher":{"@id":"https:\/\/www.kieslect.com\/vi\/#organization"}}]}},"aioseo_meta_data":{"post_id":"23753","title":null,"description":null,"keywords":null,"keyphrases":"{\"focus\":{\"keyphrase\":\"\",\"score\":0,\"analysis\":{\"keyphraseInTitle\":{\"score\":0,\"maxScore\":9,\"error\":1}}},\"additional\":[]}","primary_term":null,"canonical_url":null,"og_title":null,"og_description":null,"og_object_type":"default","og_image_type":"default","og_image_url":null,"og_image_width":null,"og_image_height":null,"og_image_custom_url":null,"og_image_custom_fields":null,"og_video":"","og_custom_url":null,"og_article_section":null,"og_article_tags":null,"twitter_use_og":false,"twitter_card":"default","twitter_image_type":"default","twitter_image_url":null,"twitter_image_custom_url":null,"twitter_image_custom_fields":null,"twitter_title":null,"twitter_description":null,"schema":{"blockGraphs":[],"customGraphs":[],"default":{"data":{"Article":[],"Course":[],"Dataset":[],"FAQPage":[],"Movie":[],"Person":[],"Product":[],"Recipe":[],"Service":[],"SoftwareApplication":[],"WebPage":[]},"graphName":"Product","isEnabled":true},"graphs":[]},"schema_type":"default","schema_type_options":null,"pillar_content":false,"robots_default":true,"robots_noindex":false,"robots_noarchive":false,"robots_nosnippet":false,"robots_nofollow":false,"robots_noimageindex":false,"robots_noodp":false,"robots_notranslate":false,"robots_max_snippet":"-1","robots_max_videopreview":"-1","robots_max_imagepreview":"large","priority":null,"frequency":"default","local_seo":null,"limit_modified_date":false,"created":"2024-02-26 12:21:33","updated":"2026-05-16 06:31:39"},"aioseo_breadcrumb":"<div class=\"aioseo-breadcrumbs\"><span class=\"aioseo-breadcrumb\">\n\t<a href=\"https:\/\/www.kieslect.com\/vi\" title=\"Home\">Home<\/a>\n<\/span><span class=\"aioseo-breadcrumb-separator\">&raquo;<\/span><span class=\"aioseo-breadcrumb\">\n\t<a href=\"https:\/\/www.kieslect.com\/vi\/shop\/\" title=\"Shop\">Shop<\/a>\n<\/span><span class=\"aioseo-breadcrumb-separator\">&raquo;<\/span><span class=\"aioseo-breadcrumb\">\n\t<a href=\"https:\/\/www.kieslect.com\/vi\/danh-muc-san-pham\/smartwatch\/\" title=\"Smartwatch\">Smartwatch<\/a>\n<\/span><span class=\"aioseo-breadcrumb-separator\">&raquo;<\/span><span class=\"aioseo-breadcrumb\">\n\t<a href=\"https:\/\/www.kieslect.com\/vi\/danh-muc-san-pham\/smartwatch\/lady-series\/\" title=\"Lady Series\">Lady Series<\/a>\n<\/span><span class=\"aioseo-breadcrumb-separator\">&raquo;<\/span><span class=\"aioseo-breadcrumb\">\n\tKieslect Lady Calling Smartwatch Lora\n<\/span><\/div>","aioseo_breadcrumb_json":[{"label":"Home","link":"https:\/\/www.kieslect.com\/vi"},{"label":"Shop","link":"https:\/\/www.kieslect.com\/vi\/shop\/"},{"label":"Smartwatch","link":"https:\/\/www.kieslect.com\/vi\/danh-muc-san-pham\/smartwatch\/"},{"label":"Lady Series","link":"https:\/\/www.kieslect.com\/vi\/danh-muc-san-pham\/smartwatch\/lady-series\/"},{"label":"Kieslect Lady Calling Smartwatch Lora","link":"https:\/\/www.kieslect.com\/vi\/san-pham\/kieslect-lady-calling-smartwatch-lora\/"}],"_links":{"self":[{"href":"https:\/\/www.kieslect.com\/vi\/wp-json\/wp\/v2\/product\/23753","targetHints":{"allow":["GET"]}}],"collection":[{"href":"https:\/\/www.kieslect.com\/vi\/wp-json\/wp\/v2\/product"}],"about":[{"href":"https:\/\/www.kieslect.com\/vi\/wp-json\/wp\/v2\/types\/product"}],"replies":[{"embeddable":true,"href":"https:\/\/www.kieslect.com\/vi\/wp-json\/wp\/v2\/comments?post=23753"}],"version-history":[{"count":0,"href":"https:\/\/www.kieslect.com\/vi\/wp-json\/wp\/v2\/product\/23753\/revisions"}],"wp:featuredmedia":[{"embeddable":true,"href":"https:\/\/www.kieslect.com\/vi\/wp-json\/wp\/v2\/media\/23865"}],"wp:attachment":[{"href":"https:\/\/www.kieslect.com\/vi\/wp-json\/wp\/v2\/media?parent=23753"}],"wp:term":[{"taxonomy":"product_brand","embeddable":true,"href":"https:\/\/www.kieslect.com\/vi\/wp-json\/wp\/v2\/product_brand?post=23753"},{"taxonomy":"product_cat","embeddable":true,"href":"https:\/\/www.kieslect.com\/vi\/wp-json\/wp\/v2\/product_cat?post=23753"},{"taxonomy":"product_tag","embeddable":true,"href":"https:\/\/www.kieslect.com\/vi\/wp-json\/wp\/v2\/product_tag?post=23753"}],"curies":[{"name":"wp","href":"https:\/\/api.w.org\/{rel}","templated":true}]}}