{"id":23751,"date":"2024-01-16T11:47:49","date_gmt":"2024-01-16T11:47:49","guid":{"rendered":"http:\/\/www.kieslect.com\/?post_type=product&#038;p=23751"},"modified":"2026-05-07T14:12:41","modified_gmt":"2026-05-07T06:12:41","slug":"kieslect-smart-calling-watch-ks","status":"publish","type":"product","link":"https:\/\/www.kieslect.com\/vi\/san-pham\/kieslect-smart-calling-watch-ks\/","title":{"rendered":"\u0110\u1ed3ng h\u1ed3 g\u1ecdi \u0111i\u1ec7n th\u00f4ng minh Kieslect Ks"},"content":{"rendered":"<p><img fetchpriority=\"high\" decoding=\"async\" class=\"alignnone size-full wp-image-25583\" title=\"KieslectKs_smartwatch-1\" src=\"\/wp-content\/uploads\/replace\/1ce4c133cbf3bae67f0983065a9275e8.jpeg\" alt=\"KieslectKs_smartwatch-1\" width=\"1920\" height=\"2590\" \/><img decoding=\"async\" class=\"alignnone size-full wp-image-25580\" title=\"KieslectKs_1-1\" src=\"\/wp-content\/uploads\/replace\/338ba2f6299871b060eda2bdcd3f587c.jpeg\" alt=\"KieslectKs_1-1\" width=\"1920\" height=\"1220\" \/><img decoding=\"async\" class=\"alignnone size-full wp-image-25579\" title=\"KieslectKs_smartwatch_3-1\" src=\"\/wp-content\/uploads\/replace\/90bf49b828d930bd043a943c734e5778.jpeg\" alt=\"KieslectKs_smartwatch_3-1\" width=\"1920\" height=\"2253\" \/><img loading=\"lazy\" decoding=\"async\" class=\"alignnone size-full wp-image-25582\" title=\"KieslectKs_smartwatch_4-1\" src=\"\/wp-content\/uploads\/replace\/188525a8889b658828c28d4583e8da73.jpeg\" alt=\"KieslectKs_smartwatch_4-1\" width=\"1920\" height=\"1035\" \/><img loading=\"lazy\" decoding=\"async\" class=\"alignnone size-full wp-image-25581\" title=\"KieslectKs_smartwatch_5-1\" src=\"\/wp-content\/uploads\/replace\/70d448b709b7059c51927c543edb6356.jpeg\" alt=\"KieslectKs_smartwatch_5-1\" width=\"1920\" height=\"1760\" \/><img loading=\"lazy\" decoding=\"async\" class=\"alignnone size-full wp-image-25586\" title=\"KieslectKs_smartwatch_6-1\" src=\"\/wp-content\/uploads\/replace\/4c153450ea1c37b1693544c2087fa459.jpeg\" alt=\"KieslectKs_smartwatch_6-1\" width=\"1920\" height=\"1410\" \/><img loading=\"lazy\" decoding=\"async\" class=\"alignnone size-full wp-image-25584\" title=\"KieslectKs_smartwatch_7-1\" src=\"\/wp-content\/uploads\/replace\/2d150e5b40a43900c7301e872430bcd7.jpeg\" alt=\"KieslectKs_smartwatch_7-1\" width=\"1920\" height=\"1850\" \/><img loading=\"lazy\" decoding=\"async\" class=\"alignnone size-full wp-image-25585\" title=\"KieslectKs_smartwatch_8-1\" src=\"\/wp-content\/uploads\/replace\/949bee2c8cbb1477c7164030f47ea5c3.jpeg\" alt=\"KieslectKs_smartwatch_8-1\" width=\"1920\" height=\"2330\" \/><img loading=\"lazy\" decoding=\"async\" class=\"alignnone size-full wp-image-25587\" title=\"KieslectKs_smartwatch_9-1\" src=\"\/wp-content\/uploads\/replace\/c540e696289f70f8bf300de733496501.jpeg\" alt=\"KieslectKs_smartwatch_9-1\" width=\"1920\" height=\"2410\" \/><img loading=\"lazy\" decoding=\"async\" class=\"alignnone size-full wp-image-25588\" title=\"KieslectKs_2-1\" src=\"\/wp-content\/uploads\/replace\/9ed10c852ae09fc430ec1de9cade7f5e.jpeg\" alt=\"KieslectKs_2-1\" width=\"1920\" height=\"1830\" \/><\/p>\n<p><strong>C\u00e1c t\u00ednh n\u0103ng c\u1ee7a \u0110\u1ed3ng h\u1ed3 g\u1ecdi \u0111i\u1ec7n th\u00f4ng minh Kieslect Ks:<\/strong><\/p>\n<p><strong>\u25cf Cu\u1ed9c g\u1ecdi Bluetooth r\u00f5 r\u00e0ng v\u00e0 \u1ed5n \u0111\u1ecbnh<\/strong><br \/>\nKi\u1ec3m so\u00e1t ho\u00e0n to\u00e0n c\u00e1c cu\u1ed9c g\u1ecdi tho\u1ea1i v\u00e0 l\u01b0u t\u1edbi 100 li\u00ean h\u1ec7. L\u01b0u \u00fd: M\u1ed9t c\u00fa nh\u1ea5p chu\u1ed9t v\u00e0o n\u00fat d\u01b0\u1edbi c\u00f9ng b\u00ean ph\u1ea3i \u0111\u1ec3 v\u00e0o SOS sau m\u1ed9t gi\u00e2y.<br \/>\nV\u1edbi k\u1ebft n\u1ed1i Bluetooth 5.2 \u1ed5n \u0111\u1ecbnh c\u00f9ng loa v\u00e0 mic ch\u1eafc ch\u1eafn, Kieslect KS mang \u0111\u1ebfn nh\u1eefng cu\u1ed9c g\u1ecdi \u0111i\u1ec7n tho\u1ea1i trong tr\u1ebbo v\u1edbi \u00e2m thanh phong ph\u00fa, t\u1ef1 nhi\u00ean.<\/p>\n<p><strong>\u25cf M\u00e0n h\u00ecnh AMOLED \u0111\u1ea7y m\u00e0u s\u1eafc 1,78\u201d<\/strong><br \/>\nChia m\u00e0n h\u00ecnh trong t\u00edch t\u1eafc. M\u00e0n h\u00ecnh Retina lu\u00f4n b\u1eadt.<br \/>\nM\u00e0n h\u00ecnh l\u1edbn \u0111\u1ea7y m\u00e0u s\u1eafc 1,78\u201d cho c\u00e1c c\u1eed ch\u1ec9 vu\u1ed1t m\u01b0\u1ee3t m\u00e0. Xem s\u1ed1 li\u1ec7u v\u00e0 th\u00f4ng tin kh\u00e1c m\u1ed9t c\u00e1ch r\u00f5 r\u00e0ng v\u00e0 s\u1ed1ng \u0111\u1ed9ng tr\u00ean to\u00e0n m\u00e0n h\u00ecnh kh\u00f4ng c\u00f3 v\u1ea1ch \u0111en.<\/p>\n<p><strong>\u25cf C\u1ea3nh b\u00e1o nh\u1ecbp tim b\u1ea5t th\u01b0\u1eddng<\/strong><br \/>\nC\u1ea3m bi\u1ebfn nh\u1ecbp tim ti\u00ean ti\u1ebfn theo d\u00f5i nh\u1ecbp tim c\u1ee7a b\u1ea1n 24\/7 \u0111\u1ec3 mang l\u1ea1i s\u1ef1 an t\u00e2m t\u1ed1i \u0111a.<br \/>\nKieslect Ks s\u1ebd c\u1ea3nh b\u00e1o khi ph\u00e1t hi\u1ec7n nh\u1ecbp tim cao ho\u1eb7c th\u1ea5p.<\/p>\n<p><strong>\u25cf Th\u00e2n kim lo\u1ea1i b\u00f3ng b\u1ea9y &amp; V\u01b0\u01a1ng mi\u1ec7n \u0111i\u1ec1u h\u01b0\u1edbng ti\u1ec7n d\u1ee5ng<\/strong><br \/>\nV\u1edbi v\u1ecf kim lo\u1ea1i \u0111\u01b0\u1ee3c CNC \u0111\u00e1nh b\u00f3ng v\u00e0 n\u00fam xoay \u0111i\u1ec1u h\u01b0\u1edbng ti\u1ec7n d\u1ee5ng, c\u00f3 th\u1ec3 xoay, chi\u1ebfc \u0111\u1ed3ng h\u1ed3 ki\u1ec3u d\u00e1ng \u0111\u1eb9p n\u00e0y gi\u00fap vi\u1ec7c \u0111i\u1ec1u khi\u1ec3n d\u1ec5 d\u00e0ng h\u01a1n.<\/p>\n<p><strong>\u25cf Tr\u1ee3 l\u00fd gi\u1ecdng n\u00f3i AI m\u1ea1nh m\u1ebd<\/strong><br \/>\nTh\u1ef1c hi\u1ec7n cu\u1ed9c g\u1ecdi \u0111i\u1ec7n tho\u1ea1i, b\u1eaft \u0111\u1ea7u t\u1eadp th\u1ec3 d\u1ee5c, \u0111\u1eb7t b\u00e1o th\u1ee9c v\u00e0 h\u01a1n th\u1ebf n\u1eefa b\u1eb1ng c\u00e1ch s\u1eed d\u1ee5ng tr\u1ee3 l\u00fd gi\u1ecdng n\u00f3i th\u00f4ng minh.<br \/>\nL\u01b0u \u00fd: Nh\u1ea5p \u0111\u00fap v\u00e0o n\u00fat d\u01b0\u1edbi c\u00f9ng b\u00ean ph\u1ea3i \u0111\u1ec3 truy c\u1eadp tr\u1ee3 l\u00fd gi\u1ecdng n\u00f3i th\u00f4ng minh sau m\u1ed9t gi\u00e2y.<\/p>\n<p><strong>\u25cf Tr\u00ecnh ph\u00e1t nh\u1ea1c d\u1ec5 d\u00e0ng<\/strong><br \/>\nTh\u01b0\u1edfng th\u1ee9c nh\u1eefng giai \u0111i\u1ec7u y\u00eau th\u00edch c\u1ee7a b\u1ea1n ngay t\u1eeb c\u1ed5 tay c\u1ee7a b\u1ea1n.<br \/>\nL\u01b0u \u00fd: \u00c2m l\u01b0\u1ee3ng c\u00f3 th\u1ec3 \u0111\u01b0\u1ee3c \u0111i\u1ec1u khi\u1ec3n b\u1eb1ng n\u00fam xoay.<\/p>\n<p><strong>\u25cf Theo d\u00f5i s\u1ee9c kh\u1ecfe to\u00e0n di\u1ec7n<\/strong><br \/>\nTheo d\u00f5i SpO2, nh\u1ecbp tim, gi\u1ea5c ng\u1ee7, m\u1ee9c \u0111\u1ed9 c\u0103ng th\u1eb3ng v\u00e0 t\u00e2m tr\u1ea1ng c\u1ee7a b\u1ea1n theo th\u1eddi gian th\u1ef1c.<\/p>\n<p><strong>\u25cf 100 ch\u1ebf \u0111\u1ed9 th\u1ec3 thao. \u0110\u1ed1i t\u00e1c th\u1ec3 h\u00ecnh t\u1ed1i th\u01b0\u1ee3ng<\/strong><br \/>\nT\u0103ng \u0111\u1ed9ng l\u1ef1c \u0111\u1ec3 \u0111\u1ea1t \u0111\u01b0\u1ee3c m\u1ee5c ti\u00eau t\u1eadp th\u1ec3 d\u1ee5c c\u1ee7a b\u1ea1n.<\/p>\n<p><strong>\u25cf Luy\u1ec7n H\u01a1i Th\u1edf Th\u01b0 Gi\u00e3n T\u00e2m Tr\u00ed<\/strong><br \/>\nH\u00e3y h\u00edt m\u1ed9t h\u01a1i th\u1eadt s\u00e2u v\u00e0 th\u01b0 gi\u00e3n v\u00e0 t\u1eadn h\u01b0\u1edfng ni\u1ec1m vui.<\/p>\n<p><strong>\u25cf Tr\u00f2 ch\u01a1i Ch\u00fac b\u1ea1n vui v\u1ebb<\/strong><br \/>\nTh\u01b0\u1edfng th\u1ee9c tr\u00f2 ch\u01a1i y\u00eau th\u00edch c\u1ee7a b\u1ea1n t\u1eeb c\u1ed5 tay c\u1ee7a b\u1ea1n.<\/p>\n<p><strong>\u25cf IP68 Ch\u1ed1ng th\u1ea5m n\u01b0\u1edbc<\/strong><br \/>\nH\u00e3y y\u00ean t\u00e2m r\u1eb1ng \u0111\u1ed3ng h\u1ed3 c\u00f3 th\u1ec3 ch\u1ecbu \u0111\u01b0\u1ee3c m\u01b0a, n\u01b0\u1edbc b\u1eafn v\u00e0 ng\u00e2m n\u01b0\u1edbc \u1edf \u0111\u1ed9 s\u00e2u l\u00ean t\u1edbi 1,5m.<\/p>\n<p><strong>\u25cf Thay \u0111\u1ed5i giao di\u1ec7n<\/strong><br \/>\nCh\u1ecdn t\u1eeb d\u00e2y \u0111eo \u0111\u1ed3ng h\u1ed3 b\u1eb1ng silicon m\u1ec1m ho\u1eb7c t\u1eeb t\u00ednh \u0111\u1ec3 ph\u00f9 h\u1ee3p v\u1edbi phong c\u00e1ch v\u00e0 t\u00e2m tr\u1ea1ng c\u1ee7a b\u1ea1n.<\/p>\n<p><strong>\u25cf Nhi\u1ec1u ki\u1ec3u<\/strong><br \/>\nT\u00f9y ch\u1ec9nh \u0111\u1ed3ng h\u1ed3 c\u1ee7a b\u1ea1n v\u1edbi nhi\u1ec1u m\u1eb7t \u0111\u1ed3ng h\u1ed3.<\/p>\n<p>&nbsp;<\/p>","protected":false},"excerpt":{"rendered":"<ul>\n<li>Clear &amp; Stable Bluetooth Callings<\/li>\n<li>1.78\u201dColorful AMOLED Display<\/li>\n<li>Always-on-Display<\/li>\n<li>Abnormal Heart Rate Warning<\/li>\n<li>Handy Navigation Crown<\/li>\n<li>Buy One Free One Strap<\/li>\n<li>Powerful AI Voice Assistant<\/li>\n<li>Hassle-free Music Player<\/li>\n<li>Comprehensive Health Tracking<\/li>\n<li>100 Sports Modes.<\/li>\n<li>Built-in Games Have Fun<\/li>\n<li>IP68 Ch\u1ed1ng Th\u1ea5m N\u01b0\u1edbc<\/li>\n<\/ul>","protected":false},"featured_media":23803,"comment_status":"open","ping_status":"closed","template":"","meta":[],"product_brand":[],"product_cat":[15,463,462,417,461],"product_tag":[],"class_list":{"0":"post-23751","1":"product","2":"type-product","3":"status-publish","4":"has-post-thumbnail","6":"product_cat-smartwatch","7":"product_cat-calling-smartwatch","8":"product_cat-calling-watch","9":"product_cat-essential-series","10":"product_cat-smart-watches-for-men","12":"first","13":"instock","14":"shipping-taxable","15":"product-type-external"},"aioseo_notices":[],"aioseo_head":"\n\t\t<!-- All in One SEO Pro 4.6.5 - aioseo.com -->\n\t\t<meta name=\"description\" content=\"Clear &amp; Stable Bluetooth Callings 1.78\u201dColorful AMOLED Display Always-on-Display Abnormal Heart Rate Warning Handy Navigation Crown Buy One Free One Strap Powerful AI Voice Assistant Hassle-free Music Player Comprehensive Health Tracking 100 Sports Modes. Built-in Games Have Fun IP68 Waterproof\" \/>\n\t\t<meta name=\"robots\" content=\"max-image-preview:large\" \/>\n\t\t<link rel=\"canonical\" href=\"https:\/\/www.kieslect.com\/vi\/san-pham\/kieslect-smart-calling-watch-ks\/\" \/>\n\t\t<meta name=\"generator\" content=\"All in One SEO Pro (AIOSEO) 4.6.5\" \/>\n\t\t<meta property=\"og:locale\" content=\"vi_VN\" \/>\n\t\t<meta property=\"og:site_name\" content=\"Kieslect - A Trusted Global Provider of Smart Wearable Solution\" \/>\n\t\t<meta property=\"og:type\" content=\"article\" \/>\n\t\t<meta property=\"og:title\" content=\"Kieslect Smart Calling Watch Ks - Kieslect\" \/>\n\t\t<meta property=\"og:description\" content=\"Clear &amp; Stable Bluetooth Callings 1.78\u201dColorful AMOLED Display Always-on-Display Abnormal Heart Rate Warning Handy Navigation Crown Buy One Free One Strap Powerful AI Voice Assistant Hassle-free Music Player Comprehensive Health Tracking 100 Sports Modes. Built-in Games Have Fun IP68 Waterproof\" \/>\n\t\t<meta property=\"og:url\" content=\"https:\/\/www.kieslect.com\/vi\/san-pham\/kieslect-smart-calling-watch-ks\/\" \/>\n\t\t<meta property=\"og:image\" content=\"https:\/\/www.kieslect.com\/wp-content\/uploads\/replace\/83a7c94e588d71936bb1ab2a1c752869.jpeg\" \/>\n\t\t<meta property=\"og:image:secure_url\" content=\"https:\/\/www.kieslect.com\/wp-content\/uploads\/replace\/83a7c94e588d71936bb1ab2a1c752869.jpeg\" \/>\n\t\t<meta property=\"og:image:width\" content=\"300\" \/>\n\t\t<meta property=\"og:image:height\" content=\"169\" \/>\n\t\t<meta property=\"article:published_time\" content=\"2024-01-16T11:47:49+00:00\" \/>\n\t\t<meta property=\"article:modified_time\" content=\"2026-05-07T06:12:41+00:00\" \/>\n\t\t<meta property=\"article:publisher\" content=\"https:\/\/www.facebook.com\/KieslectOfficial\/\" \/>\n\t\t<meta name=\"twitter:card\" content=\"summary_large_image\" \/>\n\t\t<meta name=\"twitter:site\" content=\"@kieslect\" \/>\n\t\t<meta name=\"twitter:title\" content=\"Kieslect Smart Calling Watch Ks - Kieslect\" \/>\n\t\t<meta name=\"twitter:description\" content=\"Clear &amp; Stable Bluetooth Callings 1.78\u201dColorful AMOLED Display Always-on-Display Abnormal Heart Rate Warning Handy Navigation Crown Buy One Free One Strap Powerful AI Voice Assistant Hassle-free Music Player Comprehensive Health Tracking 100 Sports Modes. Built-in Games Have Fun IP68 Waterproof\" \/>\n\t\t<meta name=\"twitter:creator\" content=\"@kieslect\" \/>\n\t\t<meta name=\"twitter:image\" content=\"https:\/\/www.kieslect.com\/wp-content\/uploads\/replace\/83a7c94e588d71936bb1ab2a1c752869.jpeg\" \/>\n\t\t<script type=\"application\/ld+json\" class=\"aioseo-schema\">\n\t\t\t{\"@context\":\"https:\\\/\\\/schema.org\",\"@graph\":[{\"@type\":\"BreadcrumbList\",\"@id\":\"https:\\\/\\\/www.kieslect.com\\\/vi\\\/san-pham\\\/kieslect-smart-calling-watch-ks\\\/#breadcrumblist\",\"itemListElement\":[{\"@type\":\"ListItem\",\"@id\":\"https:\\\/\\\/www.kieslect.com\\\/vi\\\/#listItem\",\"position\":1,\"name\":\"Home\",\"item\":\"https:\\\/\\\/www.kieslect.com\\\/vi\\\/\",\"nextItem\":\"https:\\\/\\\/www.kieslect.com\\\/vi\\\/san-pham\\\/kieslect-smart-calling-watch-ks\\\/#listItem\"},{\"@type\":\"ListItem\",\"@id\":\"https:\\\/\\\/www.kieslect.com\\\/vi\\\/san-pham\\\/kieslect-smart-calling-watch-ks\\\/#listItem\",\"position\":2,\"name\":\"Kieslect Smart Calling Watch Ks\",\"previousItem\":\"https:\\\/\\\/www.kieslect.com\\\/vi\\\/#listItem\"}]},{\"@type\":\"Organization\",\"@id\":\"https:\\\/\\\/www.kieslect.com\\\/vi\\\/#organization\",\"name\":\"Kieslect Smartwatch\",\"description\":\"A Trusted Global Provider of Smart Wearable Solution\",\"url\":\"https:\\\/\\\/www.kieslect.com\\\/vi\\\/\",\"logo\":{\"@type\":\"ImageObject\",\"url\":\"https:\\\/\\\/www.kieslect.com\\\/wp-content\\\/uploads\\\/2024\\\/01\\\/Kieslect-Logo-2_1_335x75_crop_center-1.webp\",\"@id\":\"https:\\\/\\\/www.kieslect.com\\\/vi\\\/san-pham\\\/kieslect-smart-calling-watch-ks\\\/#organizationLogo\",\"width\":335,\"height\":75},\"image\":{\"@id\":\"https:\\\/\\\/www.kieslect.com\\\/vi\\\/san-pham\\\/kieslect-smart-calling-watch-ks\\\/#organizationLogo\"},\"sameAs\":[\"https:\\\/\\\/www.facebook.com\\\/KieslectOfficial\\\/\",\"https:\\\/\\\/twitter.com\\\/kieslect\",\"https:\\\/\\\/www.instagram.com\\\/kieslect\\\/\"]},{\"@type\":\"Product\",\"@id\":\"https:\\\/\\\/www.kieslect.com\\\/vi\\\/san-pham\\\/kieslect-smart-calling-watch-ks\\\/#wooCommerceProduct\",\"name\":\"Kieslect Smart Calling Watch Ks\",\"description\":\"Clear &amp; Stable Bluetooth Callings\\r\\n \\t1.78\\u201dColorful AMOLED Display\\r\\n \\tAlways-on-Display\\r\\n \\tAbnormal Heart Rate Warning\\r\\n \\tHandy Navigation Crown\\r\\n \\tBuy One Free One Strap\\r\\n \\tPowerful AI Voice Assistant\\r\\n \\tHassle-free Music Player\\r\\n \\tComprehensive Health Tracking\\r\\n \\t100 Sports Modes.\\r\\n \\tBuilt-in Games Have Fun\\r\\n \\tIP68 Waterproof\",\"url\":\"https:\\\/\\\/www.kieslect.com\\\/vi\\\/san-pham\\\/kieslect-smart-calling-watch-ks\\\/\",\"image\":{\"@type\":\"ImageObject\",\"url\":\"https:\\\/\\\/www.kieslect.com\\\/wp-content\\\/uploads\\\/2024\\\/01\\\/ks_41218408-bc90-44bc-80c7-e1f15b5f288d_610x_crop_center.webp\",\"@id\":\"https:\\\/\\\/www.kieslect.com\\\/vi\\\/san-pham\\\/kieslect-smart-calling-watch-ks\\\/#productImage\",\"width\":610,\"height\":610},\"offers\":{\"@type\":\"Offer\",\"url\":\"https:\\\/\\\/www.kieslect.com\\\/vi\\\/san-pham\\\/kieslect-smart-calling-watch-ks\\\/#wooCommerceOffer\",\"price\":0,\"priceCurrency\":\"USD\",\"category\":\"Smartwatch\",\"availability\":\"https:\\\/\\\/schema.org\\\/InStock\",\"seller\":{\"@type\":\"Organization\",\"@id\":\"https:\\\/\\\/www.kieslect.com\\\/vi\\\/#organization\"}}},{\"@type\":\"WebPage\",\"@id\":\"https:\\\/\\\/www.kieslect.com\\\/vi\\\/san-pham\\\/kieslect-smart-calling-watch-ks\\\/#webpage\",\"url\":\"https:\\\/\\\/www.kieslect.com\\\/vi\\\/san-pham\\\/kieslect-smart-calling-watch-ks\\\/\",\"name\":\"Kieslect Smart Calling Watch Ks - Kieslect\",\"description\":\"Clear & Stable Bluetooth Callings 1.78\\u201dColorful AMOLED Display Always-on-Display Abnormal Heart Rate Warning Handy Navigation Crown Buy One Free One Strap Powerful AI Voice Assistant Hassle-free Music Player Comprehensive Health Tracking 100 Sports Modes. Built-in Games Have Fun IP68 Waterproof\",\"inLanguage\":\"vi\",\"isPartOf\":{\"@id\":\"https:\\\/\\\/www.kieslect.com\\\/vi\\\/#website\"},\"breadcrumb\":{\"@id\":\"https:\\\/\\\/www.kieslect.com\\\/vi\\\/san-pham\\\/kieslect-smart-calling-watch-ks\\\/#breadcrumblist\"},\"image\":{\"@type\":\"ImageObject\",\"url\":\"https:\\\/\\\/www.kieslect.com\\\/wp-content\\\/uploads\\\/2024\\\/01\\\/ks_41218408-bc90-44bc-80c7-e1f15b5f288d_610x_crop_center.webp\",\"@id\":\"https:\\\/\\\/www.kieslect.com\\\/vi\\\/san-pham\\\/kieslect-smart-calling-watch-ks\\\/#mainImage\",\"width\":610,\"height\":610},\"primaryImageOfPage\":{\"@id\":\"https:\\\/\\\/www.kieslect.com\\\/vi\\\/san-pham\\\/kieslect-smart-calling-watch-ks\\\/#mainImage\"},\"datePublished\":\"2024-01-16T11:47:49+08:00\",\"dateModified\":\"2026-05-07T14:12:41+08:00\"},{\"@type\":\"WebSite\",\"@id\":\"https:\\\/\\\/www.kieslect.com\\\/vi\\\/#website\",\"url\":\"https:\\\/\\\/www.kieslect.com\\\/vi\\\/\",\"name\":\"Kieslect\",\"description\":\"A Trusted Global Provider of Smart Wearable Solution\",\"inLanguage\":\"vi\",\"publisher\":{\"@id\":\"https:\\\/\\\/www.kieslect.com\\\/vi\\\/#organization\"}}]}\n\t\t<\/script>\n\t\t<!-- All in One SEO Pro -->\r\n\t\t<title>Kieslect Smart Calling Watch Ks - Kieslect<\/title>\n\n","aioseo_head_json":{"title":"Kieslect Smart Calling Watch Ks - Kieslect","description":"Clear & Stable Bluetooth Callings 1.78\u201dColorful AMOLED Display Always-on-Display Abnormal Heart Rate Warning Handy Navigation Crown Buy One Free One Strap Powerful AI Voice Assistant Hassle-free Music Player Comprehensive Health Tracking 100 Sports Modes. Built-in Games Have Fun IP68 Waterproof","canonical_url":"https:\/\/www.kieslect.com\/vi\/san-pham\/kieslect-smart-calling-watch-ks\/","robots":"max-image-preview:large","keywords":"","webmasterTools":{"miscellaneous":""},"og:locale":"vi_VN","og:site_name":"Kieslect - A Trusted Global Provider of Smart Wearable Solution","og:type":"article","og:title":"Kieslect Smart Calling Watch Ks - Kieslect","og:description":"Clear &amp; Stable Bluetooth Callings 1.78\u201dColorful AMOLED Display Always-on-Display Abnormal Heart Rate Warning Handy Navigation Crown Buy One Free One Strap Powerful AI Voice Assistant Hassle-free Music Player Comprehensive Health Tracking 100 Sports Modes. Built-in Games Have Fun IP68 Waterproof","og:url":"https:\/\/www.kieslect.com\/vi\/san-pham\/kieslect-smart-calling-watch-ks\/","og:image":"https:\/\/www.kieslect.com\/wp-content\/uploads\/replace\/83a7c94e588d71936bb1ab2a1c752869.jpeg","og:image:secure_url":"https:\/\/www.kieslect.com\/wp-content\/uploads\/replace\/83a7c94e588d71936bb1ab2a1c752869.jpeg","og:image:width":300,"og:image:height":169,"article:published_time":"2024-01-16T11:47:49+00:00","article:modified_time":"2026-05-07T06:12:41+00:00","article:publisher":"https:\/\/www.facebook.com\/KieslectOfficial\/","twitter:card":"summary_large_image","twitter:site":"@kieslect","twitter:title":"Kieslect Smart Calling Watch Ks - Kieslect","twitter:description":"Clear &amp; Stable Bluetooth Callings 1.78\u201dColorful AMOLED Display Always-on-Display Abnormal Heart Rate Warning Handy Navigation Crown Buy One Free One Strap Powerful AI Voice Assistant Hassle-free Music Player Comprehensive Health Tracking 100 Sports Modes. Built-in Games Have Fun IP68 Waterproof","twitter:creator":"@kieslect","twitter:image":"https:\/\/www.kieslect.com\/wp-content\/uploads\/replace\/83a7c94e588d71936bb1ab2a1c752869.jpeg","schema":{"@context":"https:\/\/schema.org","@graph":[{"@type":"BreadcrumbList","@id":"https:\/\/www.kieslect.com\/vi\/san-pham\/kieslect-smart-calling-watch-ks\/#breadcrumblist","itemListElement":[{"@type":"ListItem","@id":"https:\/\/www.kieslect.com\/vi\/#listItem","position":1,"name":"Home","item":"https:\/\/www.kieslect.com\/vi\/","nextItem":"https:\/\/www.kieslect.com\/vi\/san-pham\/kieslect-smart-calling-watch-ks\/#listItem"},{"@type":"ListItem","@id":"https:\/\/www.kieslect.com\/vi\/san-pham\/kieslect-smart-calling-watch-ks\/#listItem","position":2,"name":"Kieslect Smart Calling Watch Ks","previousItem":"https:\/\/www.kieslect.com\/vi\/#listItem"}]},{"@type":"Organization","@id":"https:\/\/www.kieslect.com\/vi\/#organization","name":"Kieslect Smartwatch","description":"A Trusted Global Provider of Smart Wearable Solution","url":"https:\/\/www.kieslect.com\/vi\/","logo":{"@type":"ImageObject","url":"https:\/\/www.kieslect.com\/wp-content\/uploads\/2024\/01\/Kieslect-Logo-2_1_335x75_crop_center-1.webp","@id":"https:\/\/www.kieslect.com\/vi\/san-pham\/kieslect-smart-calling-watch-ks\/#organizationLogo","width":335,"height":75},"image":{"@id":"https:\/\/www.kieslect.com\/vi\/san-pham\/kieslect-smart-calling-watch-ks\/#organizationLogo"},"sameAs":["https:\/\/www.facebook.com\/KieslectOfficial\/","https:\/\/twitter.com\/kieslect","https:\/\/www.instagram.com\/kieslect\/"]},{"@type":"Product","@id":"https:\/\/www.kieslect.com\/vi\/san-pham\/kieslect-smart-calling-watch-ks\/#wooCommerceProduct","name":"Kieslect Smart Calling Watch Ks","description":"Clear &amp; Stable Bluetooth Callings\r\n \t1.78\u201dColorful AMOLED Display\r\n \tAlways-on-Display\r\n \tAbnormal Heart Rate Warning\r\n \tHandy Navigation Crown\r\n \tBuy One Free One Strap\r\n \tPowerful AI Voice Assistant\r\n \tHassle-free Music Player\r\n \tComprehensive Health Tracking\r\n \t100 Sports Modes.\r\n \tBuilt-in Games Have Fun\r\n \tIP68 Waterproof","url":"https:\/\/www.kieslect.com\/vi\/san-pham\/kieslect-smart-calling-watch-ks\/","image":{"@type":"ImageObject","url":"https:\/\/www.kieslect.com\/wp-content\/uploads\/2024\/01\/ks_41218408-bc90-44bc-80c7-e1f15b5f288d_610x_crop_center.webp","@id":"https:\/\/www.kieslect.com\/vi\/san-pham\/kieslect-smart-calling-watch-ks\/#productImage","width":610,"height":610},"offers":{"@type":"Offer","url":"https:\/\/www.kieslect.com\/vi\/san-pham\/kieslect-smart-calling-watch-ks\/#wooCommerceOffer","price":0,"priceCurrency":"USD","category":"Smartwatch","availability":"https:\/\/schema.org\/InStock","seller":{"@type":"Organization","@id":"https:\/\/www.kieslect.com\/vi\/#organization"}}},{"@type":"WebPage","@id":"https:\/\/www.kieslect.com\/vi\/san-pham\/kieslect-smart-calling-watch-ks\/#webpage","url":"https:\/\/www.kieslect.com\/vi\/san-pham\/kieslect-smart-calling-watch-ks\/","name":"Kieslect Smart Calling Watch Ks - Kieslect","description":"Clear & Stable Bluetooth Callings 1.78\u201dColorful AMOLED Display Always-on-Display Abnormal Heart Rate Warning Handy Navigation Crown Buy One Free One Strap Powerful AI Voice Assistant Hassle-free Music Player Comprehensive Health Tracking 100 Sports Modes. Built-in Games Have Fun IP68 Waterproof","inLanguage":"vi","isPartOf":{"@id":"https:\/\/www.kieslect.com\/vi\/#website"},"breadcrumb":{"@id":"https:\/\/www.kieslect.com\/vi\/san-pham\/kieslect-smart-calling-watch-ks\/#breadcrumblist"},"image":{"@type":"ImageObject","url":"https:\/\/www.kieslect.com\/wp-content\/uploads\/2024\/01\/ks_41218408-bc90-44bc-80c7-e1f15b5f288d_610x_crop_center.webp","@id":"https:\/\/www.kieslect.com\/vi\/san-pham\/kieslect-smart-calling-watch-ks\/#mainImage","width":610,"height":610},"primaryImageOfPage":{"@id":"https:\/\/www.kieslect.com\/vi\/san-pham\/kieslect-smart-calling-watch-ks\/#mainImage"},"datePublished":"2024-01-16T11:47:49+08:00","dateModified":"2026-05-07T14:12:41+08:00"},{"@type":"WebSite","@id":"https:\/\/www.kieslect.com\/vi\/#website","url":"https:\/\/www.kieslect.com\/vi\/","name":"Kieslect","description":"A Trusted Global Provider of Smart Wearable Solution","inLanguage":"vi","publisher":{"@id":"https:\/\/www.kieslect.com\/vi\/#organization"}}]}},"aioseo_meta_data":{"post_id":"23751","title":null,"description":null,"keywords":null,"keyphrases":"{\"focus\":{\"keyphrase\":\"\",\"score\":0,\"analysis\":{\"keyphraseInTitle\":{\"score\":0,\"maxScore\":9,\"error\":1}}},\"additional\":[]}","primary_term":null,"canonical_url":null,"og_title":null,"og_description":null,"og_object_type":"default","og_image_type":"default","og_image_url":null,"og_image_width":null,"og_image_height":null,"og_image_custom_url":null,"og_image_custom_fields":null,"og_video":"","og_custom_url":null,"og_article_section":null,"og_article_tags":null,"twitter_use_og":false,"twitter_card":"default","twitter_image_type":"default","twitter_image_url":null,"twitter_image_custom_url":null,"twitter_image_custom_fields":null,"twitter_title":null,"twitter_description":null,"schema":{"blockGraphs":[],"customGraphs":[],"default":{"data":{"Article":[],"Course":[],"Dataset":[],"FAQPage":[],"Movie":[],"Person":[],"Product":[],"Recipe":[],"Service":[],"SoftwareApplication":[],"WebPage":[]},"graphName":"Product","isEnabled":true},"graphs":[]},"schema_type":"default","schema_type_options":null,"pillar_content":false,"robots_default":true,"robots_noindex":false,"robots_noarchive":false,"robots_nosnippet":false,"robots_nofollow":false,"robots_noimageindex":false,"robots_noodp":false,"robots_notranslate":false,"robots_max_snippet":"-1","robots_max_videopreview":"-1","robots_max_imagepreview":"large","priority":null,"frequency":"default","local_seo":null,"limit_modified_date":false,"created":"2024-02-26 12:21:33","updated":"2026-05-07 06:18:00"},"aioseo_breadcrumb":"<div class=\"aioseo-breadcrumbs\"><span class=\"aioseo-breadcrumb\">\n\t<a href=\"https:\/\/www.kieslect.com\/vi\" title=\"Home\">Home<\/a>\n<\/span><span class=\"aioseo-breadcrumb-separator\">&raquo;<\/span><span class=\"aioseo-breadcrumb\">\n\t<a href=\"https:\/\/www.kieslect.com\/vi\/shop\/\" title=\"Shop\">Shop<\/a>\n<\/span><span class=\"aioseo-breadcrumb-separator\">&raquo;<\/span><span class=\"aioseo-breadcrumb\">\n\t<a href=\"https:\/\/www.kieslect.com\/vi\/danh-muc-san-pham\/smartwatch\/\" title=\"Smartwatch\">Smartwatch<\/a>\n<\/span><span class=\"aioseo-breadcrumb-separator\">&raquo;<\/span><span class=\"aioseo-breadcrumb\">\n\t<a href=\"https:\/\/www.kieslect.com\/vi\/danh-muc-san-pham\/smartwatch\/essential-series\/\" title=\"Essential Series\">Essential Series<\/a>\n<\/span><span class=\"aioseo-breadcrumb-separator\">&raquo;<\/span><span class=\"aioseo-breadcrumb\">\n\tKieslect Smart Calling Watch Ks\n<\/span><\/div>","aioseo_breadcrumb_json":[{"label":"Home","link":"https:\/\/www.kieslect.com\/vi"},{"label":"Shop","link":"https:\/\/www.kieslect.com\/vi\/shop\/"},{"label":"Smartwatch","link":"https:\/\/www.kieslect.com\/vi\/danh-muc-san-pham\/smartwatch\/"},{"label":"Essential Series","link":"https:\/\/www.kieslect.com\/vi\/danh-muc-san-pham\/smartwatch\/essential-series\/"},{"label":"Kieslect Smart Calling Watch Ks","link":"https:\/\/www.kieslect.com\/vi\/san-pham\/kieslect-smart-calling-watch-ks\/"}],"_links":{"self":[{"href":"https:\/\/www.kieslect.com\/vi\/wp-json\/wp\/v2\/product\/23751","targetHints":{"allow":["GET"]}}],"collection":[{"href":"https:\/\/www.kieslect.com\/vi\/wp-json\/wp\/v2\/product"}],"about":[{"href":"https:\/\/www.kieslect.com\/vi\/wp-json\/wp\/v2\/types\/product"}],"replies":[{"embeddable":true,"href":"https:\/\/www.kieslect.com\/vi\/wp-json\/wp\/v2\/comments?post=23751"}],"version-history":[{"count":0,"href":"https:\/\/www.kieslect.com\/vi\/wp-json\/wp\/v2\/product\/23751\/revisions"}],"wp:featuredmedia":[{"embeddable":true,"href":"https:\/\/www.kieslect.com\/vi\/wp-json\/wp\/v2\/media\/23803"}],"wp:attachment":[{"href":"https:\/\/www.kieslect.com\/vi\/wp-json\/wp\/v2\/media?parent=23751"}],"wp:term":[{"taxonomy":"product_brand","embeddable":true,"href":"https:\/\/www.kieslect.com\/vi\/wp-json\/wp\/v2\/product_brand?post=23751"},{"taxonomy":"product_cat","embeddable":true,"href":"https:\/\/www.kieslect.com\/vi\/wp-json\/wp\/v2\/product_cat?post=23751"},{"taxonomy":"product_tag","embeddable":true,"href":"https:\/\/www.kieslect.com\/vi\/wp-json\/wp\/v2\/product_tag?post=23751"}],"curies":[{"name":"wp","href":"https:\/\/api.w.org\/{rel}","templated":true}]}}