{"id":23750,"date":"2024-01-16T11:47:49","date_gmt":"2024-01-16T11:47:49","guid":{"rendered":"http:\/\/www.kieslect.com\/?post_type=product&#038;p=23750"},"modified":"2026-05-07T08:39:25","modified_gmt":"2026-05-07T00:39:25","slug":"kieslect-calling-smartwatch-ks-mini","status":"publish","type":"product","link":"https:\/\/www.kieslect.com\/vi\/san-pham\/kieslect-calling-smartwatch-ks-mini\/","title":{"rendered":"\u0110\u1ed3ng h\u1ed3 th\u00f4ng minh Kieslect Calling Ks Mini"},"content":{"rendered":"<p><img decoding=\"async\" src=\"\/wp-content\/uploads\/replace\/92858e751bf3c5f5ce5345dee59c3b3e.jpeg\" alt=\"Kieslect smartwatch Ks mini\" \/><img decoding=\"async\" src=\"\/wp-content\/uploads\/replace\/0f5c0bb84502a416fc8bfa0a5074f49f.jpeg\" alt=\"Kieslect smartwatch Ks mini\" \/><img decoding=\"async\" src=\"\/wp-content\/uploads\/replace\/dc0ef5a0f9a1e4c5d450fd0678df1f2c.jpeg\" alt=\"Kieslect smartwatch Ks mini\" \/><img decoding=\"async\" src=\"\/wp-content\/uploads\/replace\/32cdfe167dff194d1fa650ea63bf238f.jpeg\" alt=\"Kieslect smartwatch Ks mini\" \/><img decoding=\"async\" src=\"\/wp-content\/uploads\/replace\/c8e2d1fda13ed0783ea0a5819c8221fa.jpeg\" alt=\"Kieslect smartwatch Ks mini\" \/><img decoding=\"async\" src=\"\/wp-content\/uploads\/replace\/1863ee869d1dbe29805ca429707eb4da.jpeg\" alt=\"Kieslect smartwatch Ks mini\" \/><img decoding=\"async\" src=\"\/wp-content\/uploads\/replace\/ba83014016cd0114f666a8c46e27b9d3.jpeg\" alt=\"Kieslect smartwatch Ks mini\" \/><img decoding=\"async\" src=\"\/wp-content\/uploads\/replace\/d96d63591ed8b7d79ff1562777116400.jpeg\" alt=\"Kieslect Calling Smartwatch Ks Mini\" \/><\/p>\n<p><strong>\u0110\u1ed3ng h\u1ed3 g\u1ecdi \u0111i\u1ec7n th\u00f4ng minh Kieslect Ks Mini T\u00ednh n\u0103ng:<\/strong><\/p>\n<p><strong>\u25cf Cu\u1ed9c g\u1ecdi Bluetooth r\u00f5 r\u00e0ng v\u00e0 \u1ed5n \u0111\u1ecbnh<\/strong><br \/>\nV\u1edbi chip g\u1ecdi 2 trong 1 v\u1eabn m\u1ea1nh m\u1ebd v\u00e0 k\u1ebft n\u1ed1i Bluetooth 5.2 \u1ed5n \u0111\u1ecbnh, Ks mini mang \u0111\u1ebfn cho b\u1ea1n cu\u1ed9c g\u1ecdi \u1ed5n \u0111\u1ecbnh, r\u00f5 r\u00e0ng, ch\u1ea5t l\u01b0\u1ee3ng cao m\u1ecdi l\u00fac m\u1ecdi n\u01a1i. Ngo\u00e0i ra, s\u1ed5 \u0111\u1ecba ch\u1ec9 c\u00f3 th\u1ec3 l\u01b0u tr\u1eef t\u1edbi 100 ng\u01b0\u1eddi v\u00e0 kh\u1ea3 n\u0103ng d\u1ef1 tr\u1eef li\u00ean l\u1ea1c m\u1ea1nh m\u1ebd.<\/p>\n<p><strong>\u25cf C\u1ea3nh b\u00e1o nh\u1ecbp tim b\u1ea5t th\u01b0\u1eddng<\/strong><br \/>\nNh\u1ecbp tim l\u00e0 m\u1ed9t trong nh\u1eefng d\u1eef li\u1ec7u c\u01a1 b\u1ea3n c\u1ee7a qu\u1ea3n l\u00fd s\u1ee9c kh\u1ecfe h\u00e0ng ng\u00e0y. V\u00e0 c\u1ea3nh b\u00e1o nh\u1ecbp tim b\u1ea5t th\u01b0\u1eddng l\u00e0 \u01b0u ti\u00ean h\u00e0ng \u0111\u1ea7u. Th\u00f4ng qua vi\u1ec7c ph\u00e1t hi\u1ec7n d\u1eef li\u1ec7u khoa h\u1ecdc, ch\u00fang t\u00f4i cung c\u1ea5p c\u01a1 ch\u1ebf nh\u1eafc nh\u1edf m\u1ea1nh m\u1ebd v\u1ec1 t\u00ecnh tr\u1ea1ng nh\u1ecbp tim \u0111\u1ed9t ng\u1ed9t, \u0111\u1ea3m b\u1ea3o r\u1eb1ng b\u1ea1n bi\u1ebft \u0111\u01b0\u1ee3c t\u00ecnh tr\u1ea1ng \u0111\u1ed9t ng\u1ed9t c\u1ee7a c\u01a1 th\u1ec3 ngay l\u1ea7n \u0111\u1ea7u ti\u00ean.<\/p>\n<p><strong>\u25cf M\u00e0n h\u00ecnh Amoled \u0111\u1ea7y m\u00e0u s\u1eafc 1,78 inch HD<\/strong><br \/>\nK\u1ebft c\u1ea5u HD c\u1ee7a m\u00e0n h\u00ecnh mang \u0111\u1ebfn cho b\u1ea1n tr\u1ea3i nghi\u1ec7m h\u00ecnh \u1ea3nh r\u00f5 r\u00e0ng v\u00e0 m\u00e0n h\u00ecnh si\u00eau l\u1edbn 1,78 inch mang \u0111\u1ebfn kh\u00f4ng gian hi\u1ec3n th\u1ecb tho\u1ea3i m\u00e1i v\u00e0 r\u1ed9ng r\u00e3i \u0111\u1ec3 hi\u1ec3n th\u1ecb hi\u1ec7u su\u1ea5t \u1edf nhi\u1ec1u k\u00edch th\u01b0\u1edbc kh\u00e1c nhau. Nh\u1eefng g\u00ec c\u00f4 \u0111\u1ecdng tr\u00ean m\u00e0n \u1ea3nh nh\u1ecf l\u00e0 s\u1ef1 theo \u0111u\u1ed5i s\u1ef1 ho\u00e0n h\u1ea3o v\u1ec1 m\u1eb7t h\u00ecnh \u1ea3nh.<\/p>\n<p><strong>\u25cf Qu\u1ea3n l\u00fd s\u1ee9c kh\u1ecfe d\u1ec5 d\u00e0ng 24 gi\u1edd<\/strong><br \/>\nKs mini l\u00e0 \u0111\u1ed3ng h\u1ed3 th\u00f4ng minh t\u1eadp trung v\u00e0o s\u1ee9c kh\u1ecfe, qu\u1ea3n l\u00fd d\u1eef li\u1ec7u s\u1ee9c kh\u1ecfe quan tr\u1ecdng ch\u1ec9 b\u1eb1ng m\u1ed9t c\u00fa nh\u1ea5p chu\u1ed9t. N\u00f3 c\u00f3 nhi\u1ec1u c\u1ea3m bi\u1ebfn ti\u00ean ti\u1ebfn \u0111\u1ec3 cung c\u1ea5p kh\u1ea3 n\u0103ng gi\u00e1m s\u00e1t th\u00f4ng minh 24 gi\u1edd v\u1ec1 n\u1ed3ng \u0111\u1ed9 oxy trong m\u00e1u v\u00e0 nh\u1ecbp tim, \u0111\u1ed3ng th\u1eddi theo d\u00f5i c\u00e1c ki\u1ec3u ng\u1ee7 c\u1ee7a b\u1ea1n, cung c\u1ea5p cho b\u1ea1n b\u1ea3n ghi d\u1eef li\u1ec7u s\u1ee9c kh\u1ecfe to\u00e0n di\u1ec7n m\u1ed7i ng\u00e0y.<\/p>\n<p><strong>\u25cf Ul \u0111\u1ed9ng<\/strong><br \/>\nKh\u00f4ng gian m\u00e0n h\u00ecnh h\u1ea1n ch\u1ebf nh\u1eb1m cung c\u1ea5p cho ng\u01b0\u1eddi d\u00f9ng tr\u1ea3i nghi\u1ec7m h\u00ecnh \u1ea3nh \u0111\u1ed9ng kh\u00f4ng gi\u1edbi h\u1ea1n, v\u1edbi thi\u1ebft k\u1ebf theo phong c\u00e1ch ng\u1eafn g\u1ecdn nh\u1ea5t \u0111\u1ec3 cung c\u1ea5p cho ng\u01b0\u1eddi d\u00f9ng kh\u1ea3 n\u0103ng \u0111i\u1ec1u h\u01b0\u1edbng tr\u1ef1c quan r\u00f5 r\u00e0ng. C\u00e1c b\u01b0\u1edbc c\u1ee7a quy tr\u00ecnh v\u1eadn h\u00e0nh \u0111\u01b0\u1ee3c ng\u01b0\u1eddi d\u00f9ng l\u00e0m ch\u1ee7 ngay l\u1eadp t\u1ee9c d\u01b0\u1edbi thao t\u00e1c ch\u1ea1m m\u01b0\u1ee3t m\u00e0. Thi\u1ebft k\u1ebf nh\u00e2n b\u1ea3n c\u1ee7a nh\u00e0 thi\u1ebft k\u1ebf mang \u0111\u1ebfn cho ng\u01b0\u1eddi d\u00f9ng c\u1ea3m gi\u00e1c tuy\u1ec7t v\u1eddi v\u1ec1 tr\u1ea3i nghi\u1ec7m khoa h\u1ecdc v\u00e0 c\u00f4ng ngh\u1ec7.<\/p>","protected":false},"excerpt":{"rendered":"<ul>\n<li>Clear &amp; Stable Bluetooth Calls<\/li>\n<li>Abnormal Heart Rate Warning<\/li>\n<li>1.78&#8243; HD Colorful Amoled Display<\/li>\n<li>Easy 24H Health Management<\/li>\n<li>Dynamic Ul<\/li>\n<li>For both Android and IOS<\/li>\n<\/ul>","protected":false},"featured_media":23798,"comment_status":"open","ping_status":"closed","template":"","meta":[],"product_brand":[],"product_cat":[15,463,462,417,461],"product_tag":[],"class_list":{"0":"post-23750","1":"product","2":"type-product","3":"status-publish","4":"has-post-thumbnail","6":"product_cat-smartwatch","7":"product_cat-calling-smartwatch","8":"product_cat-calling-watch","9":"product_cat-essential-series","10":"product_cat-smart-watches-for-men","12":"first","13":"instock","14":"shipping-taxable","15":"product-type-external"},"aioseo_notices":[],"aioseo_head":"\n\t\t<!-- All in One SEO Pro 4.6.5 - aioseo.com -->\n\t\t<meta name=\"description\" content=\"Clear &amp; Stable Bluetooth Calls Abnormal Heart Rate Warning 1.78&quot; HD Colorful Amoled Display Easy 24H Health Management Dynamic Ul For both Android and IOS\" \/>\n\t\t<meta name=\"robots\" content=\"max-image-preview:large\" \/>\n\t\t<link rel=\"canonical\" href=\"https:\/\/www.kieslect.com\/vi\/san-pham\/kieslect-calling-smartwatch-ks-mini\/\" \/>\n\t\t<meta name=\"generator\" content=\"All in One SEO Pro (AIOSEO) 4.6.5\" \/>\n\t\t<meta property=\"og:locale\" content=\"vi_VN\" \/>\n\t\t<meta property=\"og:site_name\" content=\"Kieslect - A Trusted Global Provider of Smart Wearable Solution\" \/>\n\t\t<meta property=\"og:type\" content=\"article\" \/>\n\t\t<meta property=\"og:title\" content=\"Kieslect Calling Smartwatch Ks Mini - Kieslect\" \/>\n\t\t<meta property=\"og:description\" content=\"Clear &amp; Stable Bluetooth Calls Abnormal Heart Rate Warning 1.78&quot; HD Colorful Amoled Display Easy 24H Health Management Dynamic Ul For both Android and IOS\" \/>\n\t\t<meta property=\"og:url\" content=\"https:\/\/www.kieslect.com\/vi\/san-pham\/kieslect-calling-smartwatch-ks-mini\/\" \/>\n\t\t<meta property=\"og:image\" content=\"https:\/\/www.kieslect.com\/wp-content\/uploads\/replace\/83a7c94e588d71936bb1ab2a1c752869.jpeg\" \/>\n\t\t<meta property=\"og:image:secure_url\" content=\"https:\/\/www.kieslect.com\/wp-content\/uploads\/replace\/83a7c94e588d71936bb1ab2a1c752869.jpeg\" \/>\n\t\t<meta property=\"og:image:width\" content=\"300\" \/>\n\t\t<meta property=\"og:image:height\" content=\"169\" \/>\n\t\t<meta property=\"article:published_time\" content=\"2024-01-16T11:47:49+00:00\" \/>\n\t\t<meta property=\"article:modified_time\" content=\"2026-05-07T00:39:25+00:00\" \/>\n\t\t<meta property=\"article:publisher\" content=\"https:\/\/www.facebook.com\/KieslectOfficial\/\" \/>\n\t\t<meta name=\"twitter:card\" content=\"summary_large_image\" \/>\n\t\t<meta name=\"twitter:site\" content=\"@kieslect\" \/>\n\t\t<meta name=\"twitter:title\" content=\"Kieslect Calling Smartwatch Ks Mini - Kieslect\" \/>\n\t\t<meta name=\"twitter:description\" content=\"Clear &amp; Stable Bluetooth Calls Abnormal Heart Rate Warning 1.78&quot; HD Colorful Amoled Display Easy 24H Health Management Dynamic Ul For both Android and IOS\" \/>\n\t\t<meta name=\"twitter:creator\" content=\"@kieslect\" \/>\n\t\t<meta name=\"twitter:image\" content=\"https:\/\/www.kieslect.com\/wp-content\/uploads\/replace\/83a7c94e588d71936bb1ab2a1c752869.jpeg\" \/>\n\t\t<script type=\"application\/ld+json\" class=\"aioseo-schema\">\n\t\t\t{\"@context\":\"https:\\\/\\\/schema.org\",\"@graph\":[{\"@type\":\"BreadcrumbList\",\"@id\":\"https:\\\/\\\/www.kieslect.com\\\/vi\\\/san-pham\\\/kieslect-calling-smartwatch-ks-mini\\\/#breadcrumblist\",\"itemListElement\":[{\"@type\":\"ListItem\",\"@id\":\"https:\\\/\\\/www.kieslect.com\\\/vi\\\/#listItem\",\"position\":1,\"name\":\"Home\",\"item\":\"https:\\\/\\\/www.kieslect.com\\\/vi\\\/\",\"nextItem\":\"https:\\\/\\\/www.kieslect.com\\\/vi\\\/san-pham\\\/kieslect-calling-smartwatch-ks-mini\\\/#listItem\"},{\"@type\":\"ListItem\",\"@id\":\"https:\\\/\\\/www.kieslect.com\\\/vi\\\/san-pham\\\/kieslect-calling-smartwatch-ks-mini\\\/#listItem\",\"position\":2,\"name\":\"Kieslect Calling Smartwatch Ks Mini\",\"previousItem\":\"https:\\\/\\\/www.kieslect.com\\\/vi\\\/#listItem\"}]},{\"@type\":\"Organization\",\"@id\":\"https:\\\/\\\/www.kieslect.com\\\/vi\\\/#organization\",\"name\":\"Kieslect Smartwatch\",\"description\":\"A Trusted Global Provider of Smart Wearable Solution\",\"url\":\"https:\\\/\\\/www.kieslect.com\\\/vi\\\/\",\"logo\":{\"@type\":\"ImageObject\",\"url\":\"https:\\\/\\\/www.kieslect.com\\\/wp-content\\\/uploads\\\/2024\\\/01\\\/Kieslect-Logo-2_1_335x75_crop_center-1.webp\",\"@id\":\"https:\\\/\\\/www.kieslect.com\\\/vi\\\/san-pham\\\/kieslect-calling-smartwatch-ks-mini\\\/#organizationLogo\",\"width\":335,\"height\":75},\"image\":{\"@id\":\"https:\\\/\\\/www.kieslect.com\\\/vi\\\/san-pham\\\/kieslect-calling-smartwatch-ks-mini\\\/#organizationLogo\"},\"sameAs\":[\"https:\\\/\\\/www.facebook.com\\\/KieslectOfficial\\\/\",\"https:\\\/\\\/twitter.com\\\/kieslect\",\"https:\\\/\\\/www.instagram.com\\\/kieslect\\\/\"]},{\"@type\":\"Product\",\"@id\":\"https:\\\/\\\/www.kieslect.com\\\/vi\\\/san-pham\\\/kieslect-calling-smartwatch-ks-mini\\\/#wooCommerceProduct\",\"name\":\"Kieslect Calling Smartwatch Ks Mini\",\"description\":\"Clear &amp; Stable Bluetooth Calls\\r\\n \\tAbnormal Heart Rate Warning\\r\\n \\t1.78\\\" HD Colorful Amoled Display\\r\\n \\tEasy 24H Health Management\\r\\n \\tDynamic Ul\\r\\n \\tFor both Android and IOS\",\"url\":\"https:\\\/\\\/www.kieslect.com\\\/vi\\\/san-pham\\\/kieslect-calling-smartwatch-ks-mini\\\/\",\"image\":{\"@type\":\"ImageObject\",\"url\":\"https:\\\/\\\/www.kieslect.com\\\/wp-content\\\/uploads\\\/2024\\\/01\\\/KSMINI_2.webp\",\"@id\":\"https:\\\/\\\/www.kieslect.com\\\/vi\\\/san-pham\\\/kieslect-calling-smartwatch-ks-mini\\\/#productImage\",\"width\":1000,\"height\":1000},\"offers\":{\"@type\":\"Offer\",\"url\":\"https:\\\/\\\/www.kieslect.com\\\/vi\\\/san-pham\\\/kieslect-calling-smartwatch-ks-mini\\\/#wooCommerceOffer\",\"price\":0,\"priceCurrency\":\"USD\",\"category\":\"Smartwatch\",\"availability\":\"https:\\\/\\\/schema.org\\\/InStock\",\"seller\":{\"@type\":\"Organization\",\"@id\":\"https:\\\/\\\/www.kieslect.com\\\/vi\\\/#organization\"}},\"aggregateRating\":{\"@type\":\"AggregateRating\",\"@id\":\"https:\\\/\\\/www.kieslect.com\\\/vi\\\/san-pham\\\/kieslect-calling-smartwatch-ks-mini\\\/#aggregrateRating\",\"worstRating\":1,\"bestRating\":5,\"ratingValue\":4,\"reviewCount\":2},\"review\":[{\"@type\":\"Review\",\"reviewRating\":{\"@type\":\"Rating\",\"ratingValue\":5,\"worstRating\":1,\"bestRating\":5},\"author\":{\"@type\":\"Person\",\"name\":\"Angel Gordillo\"},\"datePublished\":\"2024-12-16T13:40:03+08:00\",\"reviewBody\":\"Muy Satisfecho con este buen smartwatch\"},{\"@type\":\"Review\",\"reviewRating\":{\"@type\":\"Rating\",\"ratingValue\":3,\"worstRating\":1,\"bestRating\":5},\"author\":{\"@type\":\"Person\",\"name\":\"Simu\"},\"datePublished\":\"2024-04-30T11:41:10+08:00\",\"reviewBody\":\"This Smart Watch Bangla Supported?\"}]},{\"@type\":\"WebPage\",\"@id\":\"https:\\\/\\\/www.kieslect.com\\\/vi\\\/san-pham\\\/kieslect-calling-smartwatch-ks-mini\\\/#webpage\",\"url\":\"https:\\\/\\\/www.kieslect.com\\\/vi\\\/san-pham\\\/kieslect-calling-smartwatch-ks-mini\\\/\",\"name\":\"Kieslect Calling Smartwatch Ks Mini - Kieslect\",\"description\":\"Clear & Stable Bluetooth Calls Abnormal Heart Rate Warning 1.78\\\" HD Colorful Amoled Display Easy 24H Health Management Dynamic Ul For both Android and IOS\",\"inLanguage\":\"vi\",\"isPartOf\":{\"@id\":\"https:\\\/\\\/www.kieslect.com\\\/vi\\\/#website\"},\"breadcrumb\":{\"@id\":\"https:\\\/\\\/www.kieslect.com\\\/vi\\\/san-pham\\\/kieslect-calling-smartwatch-ks-mini\\\/#breadcrumblist\"},\"image\":{\"@type\":\"ImageObject\",\"url\":\"https:\\\/\\\/www.kieslect.com\\\/wp-content\\\/uploads\\\/2024\\\/01\\\/KSMINI_2.webp\",\"@id\":\"https:\\\/\\\/www.kieslect.com\\\/vi\\\/san-pham\\\/kieslect-calling-smartwatch-ks-mini\\\/#mainImage\",\"width\":1000,\"height\":1000},\"primaryImageOfPage\":{\"@id\":\"https:\\\/\\\/www.kieslect.com\\\/vi\\\/san-pham\\\/kieslect-calling-smartwatch-ks-mini\\\/#mainImage\"},\"datePublished\":\"2024-01-16T11:47:49+08:00\",\"dateModified\":\"2026-05-07T08:39:25+08:00\"},{\"@type\":\"WebSite\",\"@id\":\"https:\\\/\\\/www.kieslect.com\\\/vi\\\/#website\",\"url\":\"https:\\\/\\\/www.kieslect.com\\\/vi\\\/\",\"name\":\"Kieslect\",\"description\":\"A Trusted Global Provider of Smart Wearable Solution\",\"inLanguage\":\"vi\",\"publisher\":{\"@id\":\"https:\\\/\\\/www.kieslect.com\\\/vi\\\/#organization\"}}]}\n\t\t<\/script>\n\t\t<!-- All in One SEO Pro -->\r\n\t\t<title>Kieslect Calling Smartwatch Ks Mini - Kieslect<\/title>\n\n","aioseo_head_json":{"title":"Kieslect Calling Smartwatch Ks Mini - Kieslect","description":"Clear & Stable Bluetooth Calls Abnormal Heart Rate Warning 1.78\" HD Colorful Amoled Display Easy 24H Health Management Dynamic Ul For both Android and IOS","canonical_url":"https:\/\/www.kieslect.com\/vi\/san-pham\/kieslect-calling-smartwatch-ks-mini\/","robots":"max-image-preview:large","keywords":"","webmasterTools":{"miscellaneous":""},"og:locale":"vi_VN","og:site_name":"Kieslect - A Trusted Global Provider of Smart Wearable Solution","og:type":"article","og:title":"Kieslect Calling Smartwatch Ks Mini - Kieslect","og:description":"Clear &amp; Stable Bluetooth Calls Abnormal Heart Rate Warning 1.78&quot; HD Colorful Amoled Display Easy 24H Health Management Dynamic Ul For both Android and IOS","og:url":"https:\/\/www.kieslect.com\/vi\/san-pham\/kieslect-calling-smartwatch-ks-mini\/","og:image":"https:\/\/www.kieslect.com\/wp-content\/uploads\/replace\/83a7c94e588d71936bb1ab2a1c752869.jpeg","og:image:secure_url":"https:\/\/www.kieslect.com\/wp-content\/uploads\/replace\/83a7c94e588d71936bb1ab2a1c752869.jpeg","og:image:width":300,"og:image:height":169,"article:published_time":"2024-01-16T11:47:49+00:00","article:modified_time":"2026-05-07T00:39:25+00:00","article:publisher":"https:\/\/www.facebook.com\/KieslectOfficial\/","twitter:card":"summary_large_image","twitter:site":"@kieslect","twitter:title":"Kieslect Calling Smartwatch Ks Mini - Kieslect","twitter:description":"Clear &amp; Stable Bluetooth Calls Abnormal Heart Rate Warning 1.78&quot; HD Colorful Amoled Display Easy 24H Health Management Dynamic Ul For both Android and IOS","twitter:creator":"@kieslect","twitter:image":"https:\/\/www.kieslect.com\/wp-content\/uploads\/replace\/83a7c94e588d71936bb1ab2a1c752869.jpeg","schema":{"@context":"https:\/\/schema.org","@graph":[{"@type":"BreadcrumbList","@id":"https:\/\/www.kieslect.com\/vi\/san-pham\/kieslect-calling-smartwatch-ks-mini\/#breadcrumblist","itemListElement":[{"@type":"ListItem","@id":"https:\/\/www.kieslect.com\/vi\/#listItem","position":1,"name":"Home","item":"https:\/\/www.kieslect.com\/vi\/","nextItem":"https:\/\/www.kieslect.com\/vi\/san-pham\/kieslect-calling-smartwatch-ks-mini\/#listItem"},{"@type":"ListItem","@id":"https:\/\/www.kieslect.com\/vi\/san-pham\/kieslect-calling-smartwatch-ks-mini\/#listItem","position":2,"name":"Kieslect Calling Smartwatch Ks Mini","previousItem":"https:\/\/www.kieslect.com\/vi\/#listItem"}]},{"@type":"Organization","@id":"https:\/\/www.kieslect.com\/vi\/#organization","name":"Kieslect Smartwatch","description":"A Trusted Global Provider of Smart Wearable Solution","url":"https:\/\/www.kieslect.com\/vi\/","logo":{"@type":"ImageObject","url":"https:\/\/www.kieslect.com\/wp-content\/uploads\/2024\/01\/Kieslect-Logo-2_1_335x75_crop_center-1.webp","@id":"https:\/\/www.kieslect.com\/vi\/san-pham\/kieslect-calling-smartwatch-ks-mini\/#organizationLogo","width":335,"height":75},"image":{"@id":"https:\/\/www.kieslect.com\/vi\/san-pham\/kieslect-calling-smartwatch-ks-mini\/#organizationLogo"},"sameAs":["https:\/\/www.facebook.com\/KieslectOfficial\/","https:\/\/twitter.com\/kieslect","https:\/\/www.instagram.com\/kieslect\/"]},{"@type":"Product","@id":"https:\/\/www.kieslect.com\/vi\/san-pham\/kieslect-calling-smartwatch-ks-mini\/#wooCommerceProduct","name":"Kieslect Calling Smartwatch Ks Mini","description":"Clear &amp; Stable Bluetooth Calls\r\n \tAbnormal Heart Rate Warning\r\n \t1.78\" HD Colorful Amoled Display\r\n \tEasy 24H Health Management\r\n \tDynamic Ul\r\n \tFor both Android and IOS","url":"https:\/\/www.kieslect.com\/vi\/san-pham\/kieslect-calling-smartwatch-ks-mini\/","image":{"@type":"ImageObject","url":"https:\/\/www.kieslect.com\/wp-content\/uploads\/2024\/01\/KSMINI_2.webp","@id":"https:\/\/www.kieslect.com\/vi\/san-pham\/kieslect-calling-smartwatch-ks-mini\/#productImage","width":1000,"height":1000},"offers":{"@type":"Offer","url":"https:\/\/www.kieslect.com\/vi\/san-pham\/kieslect-calling-smartwatch-ks-mini\/#wooCommerceOffer","price":0,"priceCurrency":"USD","category":"Smartwatch","availability":"https:\/\/schema.org\/InStock","seller":{"@type":"Organization","@id":"https:\/\/www.kieslect.com\/vi\/#organization"}},"aggregateRating":{"@type":"AggregateRating","@id":"https:\/\/www.kieslect.com\/vi\/san-pham\/kieslect-calling-smartwatch-ks-mini\/#aggregrateRating","worstRating":1,"bestRating":5,"ratingValue":4,"reviewCount":2},"review":[{"@type":"Review","reviewRating":{"@type":"Rating","ratingValue":5,"worstRating":1,"bestRating":5},"author":{"@type":"Person","name":"Angel Gordillo"},"datePublished":"2024-12-16T13:40:03+08:00","reviewBody":"Muy Satisfecho con este buen smartwatch"},{"@type":"Review","reviewRating":{"@type":"Rating","ratingValue":3,"worstRating":1,"bestRating":5},"author":{"@type":"Person","name":"Simu"},"datePublished":"2024-04-30T11:41:10+08:00","reviewBody":"This Smart Watch Bangla Supported?"}]},{"@type":"WebPage","@id":"https:\/\/www.kieslect.com\/vi\/san-pham\/kieslect-calling-smartwatch-ks-mini\/#webpage","url":"https:\/\/www.kieslect.com\/vi\/san-pham\/kieslect-calling-smartwatch-ks-mini\/","name":"Kieslect Calling Smartwatch Ks Mini - Kieslect","description":"Clear & Stable Bluetooth Calls Abnormal Heart Rate Warning 1.78\" HD Colorful Amoled Display Easy 24H Health Management Dynamic Ul For both Android and IOS","inLanguage":"vi","isPartOf":{"@id":"https:\/\/www.kieslect.com\/vi\/#website"},"breadcrumb":{"@id":"https:\/\/www.kieslect.com\/vi\/san-pham\/kieslect-calling-smartwatch-ks-mini\/#breadcrumblist"},"image":{"@type":"ImageObject","url":"https:\/\/www.kieslect.com\/wp-content\/uploads\/2024\/01\/KSMINI_2.webp","@id":"https:\/\/www.kieslect.com\/vi\/san-pham\/kieslect-calling-smartwatch-ks-mini\/#mainImage","width":1000,"height":1000},"primaryImageOfPage":{"@id":"https:\/\/www.kieslect.com\/vi\/san-pham\/kieslect-calling-smartwatch-ks-mini\/#mainImage"},"datePublished":"2024-01-16T11:47:49+08:00","dateModified":"2026-05-07T08:39:25+08:00"},{"@type":"WebSite","@id":"https:\/\/www.kieslect.com\/vi\/#website","url":"https:\/\/www.kieslect.com\/vi\/","name":"Kieslect","description":"A Trusted Global Provider of Smart Wearable Solution","inLanguage":"vi","publisher":{"@id":"https:\/\/www.kieslect.com\/vi\/#organization"}}]}},"aioseo_meta_data":{"post_id":"23750","title":null,"description":null,"keywords":null,"keyphrases":"{\"focus\":{\"keyphrase\":\"\",\"score\":0,\"analysis\":{\"keyphraseInTitle\":{\"score\":0,\"maxScore\":9,\"error\":1}}},\"additional\":[]}","primary_term":null,"canonical_url":null,"og_title":null,"og_description":null,"og_object_type":"default","og_image_type":"default","og_image_url":null,"og_image_width":null,"og_image_height":null,"og_image_custom_url":null,"og_image_custom_fields":null,"og_video":"","og_custom_url":null,"og_article_section":null,"og_article_tags":null,"twitter_use_og":false,"twitter_card":"default","twitter_image_type":"default","twitter_image_url":null,"twitter_image_custom_url":null,"twitter_image_custom_fields":null,"twitter_title":null,"twitter_description":null,"schema":{"blockGraphs":[],"customGraphs":[],"default":{"data":{"Article":[],"Course":[],"Dataset":[],"FAQPage":[],"Movie":[],"Person":[],"Product":[],"Recipe":[],"Service":[],"SoftwareApplication":[],"WebPage":[]},"graphName":"Product","isEnabled":true},"graphs":[]},"schema_type":"default","schema_type_options":null,"pillar_content":false,"robots_default":true,"robots_noindex":false,"robots_noarchive":false,"robots_nosnippet":false,"robots_nofollow":false,"robots_noimageindex":false,"robots_noodp":false,"robots_notranslate":false,"robots_max_snippet":"-1","robots_max_videopreview":"-1","robots_max_imagepreview":"large","priority":null,"frequency":"default","local_seo":null,"limit_modified_date":false,"created":"2024-02-26 12:21:33","updated":"2026-05-07 00:50:47"},"aioseo_breadcrumb":"<div class=\"aioseo-breadcrumbs\"><span class=\"aioseo-breadcrumb\">\n\t<a href=\"https:\/\/www.kieslect.com\/vi\" title=\"Home\">Home<\/a>\n<\/span><span class=\"aioseo-breadcrumb-separator\">&raquo;<\/span><span class=\"aioseo-breadcrumb\">\n\t<a href=\"https:\/\/www.kieslect.com\/vi\/shop\/\" title=\"Shop\">Shop<\/a>\n<\/span><span class=\"aioseo-breadcrumb-separator\">&raquo;<\/span><span class=\"aioseo-breadcrumb\">\n\t<a href=\"https:\/\/www.kieslect.com\/vi\/danh-muc-san-pham\/smartwatch\/\" title=\"Smartwatch\">Smartwatch<\/a>\n<\/span><span class=\"aioseo-breadcrumb-separator\">&raquo;<\/span><span class=\"aioseo-breadcrumb\">\n\t<a href=\"https:\/\/www.kieslect.com\/vi\/danh-muc-san-pham\/smartwatch\/essential-series\/\" title=\"Essential Series\">Essential Series<\/a>\n<\/span><span class=\"aioseo-breadcrumb-separator\">&raquo;<\/span><span class=\"aioseo-breadcrumb\">\n\tKieslect Calling Smartwatch Ks Mini\n<\/span><\/div>","aioseo_breadcrumb_json":[{"label":"Home","link":"https:\/\/www.kieslect.com\/vi"},{"label":"Shop","link":"https:\/\/www.kieslect.com\/vi\/shop\/"},{"label":"Smartwatch","link":"https:\/\/www.kieslect.com\/vi\/danh-muc-san-pham\/smartwatch\/"},{"label":"Essential Series","link":"https:\/\/www.kieslect.com\/vi\/danh-muc-san-pham\/smartwatch\/essential-series\/"},{"label":"Kieslect Calling Smartwatch Ks Mini","link":"https:\/\/www.kieslect.com\/vi\/san-pham\/kieslect-calling-smartwatch-ks-mini\/"}],"_links":{"self":[{"href":"https:\/\/www.kieslect.com\/vi\/wp-json\/wp\/v2\/product\/23750","targetHints":{"allow":["GET"]}}],"collection":[{"href":"https:\/\/www.kieslect.com\/vi\/wp-json\/wp\/v2\/product"}],"about":[{"href":"https:\/\/www.kieslect.com\/vi\/wp-json\/wp\/v2\/types\/product"}],"replies":[{"embeddable":true,"href":"https:\/\/www.kieslect.com\/vi\/wp-json\/wp\/v2\/comments?post=23750"}],"version-history":[{"count":0,"href":"https:\/\/www.kieslect.com\/vi\/wp-json\/wp\/v2\/product\/23750\/revisions"}],"wp:featuredmedia":[{"embeddable":true,"href":"https:\/\/www.kieslect.com\/vi\/wp-json\/wp\/v2\/media\/23798"}],"wp:attachment":[{"href":"https:\/\/www.kieslect.com\/vi\/wp-json\/wp\/v2\/media?parent=23750"}],"wp:term":[{"taxonomy":"product_brand","embeddable":true,"href":"https:\/\/www.kieslect.com\/vi\/wp-json\/wp\/v2\/product_brand?post=23750"},{"taxonomy":"product_cat","embeddable":true,"href":"https:\/\/www.kieslect.com\/vi\/wp-json\/wp\/v2\/product_cat?post=23750"},{"taxonomy":"product_tag","embeddable":true,"href":"https:\/\/www.kieslect.com\/vi\/wp-json\/wp\/v2\/product_tag?post=23750"}],"curies":[{"name":"wp","href":"https:\/\/api.w.org\/{rel}","templated":true}]}}