{"id":23749,"date":"2024-01-16T11:47:49","date_gmt":"2024-01-16T11:47:49","guid":{"rendered":"http:\/\/www.kieslect.com\/?post_type=product&#038;p=23749"},"modified":"2026-01-21T20:32:51","modified_gmt":"2026-01-21T12:32:51","slug":"kieslect-calling-smartwatch-kr-pro-ltd","status":"publish","type":"product","link":"https:\/\/www.kieslect.com\/vi\/san-pham\/kieslect-calling-smartwatch-kr-pro-ltd\/","title":{"rendered":"Kieslect G\u1ecdi Smartwatch Kr Pro Ltd"},"content":{"rendered":"<p><strong><img decoding=\"async\" src=\"\/wp-content\/uploads\/replace\/5e8d53aef20e4f25971fb452fa5ca60f.jpeg\" alt=\"Samrtwatch-Kr Pro Ltd\" \/><img decoding=\"async\" src=\"\/wp-content\/uploads\/replace\/3738306134f8058eead5ee42dbaa0b4c.jpeg\" alt=\"Samrtwatch-Kr Pro Ltd\" \/><img decoding=\"async\" src=\"\/wp-content\/uploads\/replace\/765146f49147e32b03f5f750d5e99c03.jpeg\" alt=\"Samrtwatch-Kr Pro Ltd\" \/><img decoding=\"async\" src=\"\/wp-content\/uploads\/replace\/5cf51547519288a6d9b9c41610132421.jpeg\" alt=\"Samrtwatch-Kr Pro Ltd\" \/><img decoding=\"async\" src=\"\/wp-content\/uploads\/replace\/1cc42e01edf692b77c5bb79e963b165a.jpeg\" alt=\"Samrtwatch-Kr Pro Ltd\" \/><img decoding=\"async\" src=\"\/wp-content\/uploads\/replace\/bdaf23af2c14ed5a20fc678652eb7a94.jpeg\" alt=\"Samrtwatch-Kr Pro Ltd\" \/><img decoding=\"async\" src=\"\/wp-content\/uploads\/replace\/dcbad366ec4dcdd36ee2684fa7f8d626.jpeg\" alt=\"Samrtwatch-Kr Pro Ltd\" \/><img decoding=\"async\" src=\"\/wp-content\/uploads\/replace\/ab11dbf9efbc289e4c74bcc8652a96ba.jpeg\" alt=\"Samrtwatch-Kr Pro Ltd\" \/><img decoding=\"async\" src=\"\/wp-content\/uploads\/replace\/abe115ac07214ec67592c63443b46cfe.jpeg\" alt=\"Samrtwatch-Kr Pro Ltd\" \/><img decoding=\"async\" src=\"\/wp-content\/uploads\/replace\/0c9ed753205c1ec60e0e918012cd1c14.jpeg\" alt=\"Samrtwatch-Kr Pro Ltd\" \/><img decoding=\"async\" src=\"\/wp-content\/uploads\/replace\/9e6906919f7205510190cc72cfc85ed1.jpeg\" alt=\"Samrtwatch-Kr Pro Ltd\" \/><img decoding=\"async\" src=\"\/wp-content\/uploads\/replace\/76fcfa026741670d4c798072aff57eb7.jpeg\" alt=\"Samrtwatch-Kr Pro Ltd\" \/><img decoding=\"async\" src=\"\/wp-content\/uploads\/replace\/48f22bf8e6fde0f9c4ef8f8a780eb1a9.jpeg\" alt=\"Samrtwatch-Kr Pro Ltd\" \/><img decoding=\"async\" src=\"\/wp-content\/uploads\/replace\/97eba214b25afb7ec656c5dc6e13b510.jpeg\" alt=\"Samrtwatch-Kr Pro Ltd\" \/><img decoding=\"async\" src=\"\/wp-content\/uploads\/replace\/31b0f7c287206ccda483be9e76bf3638.jpeg\" alt=\"Samrtwatch-Kr Pro Ltd\" \/><img decoding=\"async\" src=\"\/wp-content\/uploads\/replace\/77f67cebd502766ac942cca2d5171085.jpeg\" alt=\"Samrtwatch-Kr Pro Ltd\" \/><img decoding=\"async\" src=\"\/wp-content\/uploads\/replace\/1f48460be7ea98aa5225c7ef8578f444.jpeg\" alt=\"Samrtwatch-Kr Pro Ltd\" \/><img decoding=\"async\" src=\"\/wp-content\/uploads\/replace\/50d07c222ba78d1e3596d4430f88b4c6.jpeg\" alt=\"Samrtwatch-Kr Pro Ltd\" \/><img decoding=\"async\" src=\"\/wp-content\/uploads\/replace\/c62d1f34177171e3c8bf582c2f2a7565.jpeg\" alt=\"Samrtwatch-Kr Pro Ltd\" \/><img decoding=\"async\" src=\"\/wp-content\/uploads\/replace\/9a4d84cb3ffd1251c8afe1d4c01f4289.jpeg\" alt=\"Samrtwatch-Kr Pro Ltd\" \/><img decoding=\"async\" src=\"\/wp-content\/uploads\/replace\/f3553f2d82db6af88d9cb6f2c5559ba2.jpeg\" alt=\"Samrtwatch-Kr Pro Ltd\" \/><img decoding=\"async\" src=\"\/wp-content\/uploads\/replace\/2fdd3048baa97e06c017c95b8de16892.jpeg\" alt=\"Samrtwatch-Kr Pro Ltd\" \/><img decoding=\"async\" src=\"\/wp-content\/uploads\/replace\/31efa7987f45fbb7d1adbe645279f7cf.jpeg\" alt=\"Samrtwatch-Kr Pro Ltd\" \/><img fetchpriority=\"high\" decoding=\"async\" class=\"alignnone size-full wp-image-28989\" src=\"\/wp-content\/uploads\/replace\/37969676bcad62503937a32d1fcfef67.png\" alt=\"Kieslect Calling Smartwatch Kr Pro Ltd\" width=\"1920\" height=\"1557\" \/> <img decoding=\"async\" class=\"alignnone size-full wp-image-28990\" src=\"\/wp-content\/uploads\/replace\/5b24506ee16d6c14c7fe136fe83ee87f.png\" alt=\"Kieslect Calling Smartwatch Kr Pro Ltd\" width=\"1920\" height=\"2165\" \/><\/strong><\/p>\n<p>&nbsp;<\/p>\n<p><strong>\u0110\u1ed3ng h\u1ed3 g\u1ecdi \u0111i\u1ec7n th\u00f4ng minh Kieslect Kr Pro Ltd<\/strong><\/p>\n<p><strong>\u25cf Theo d\u00f5i s\u1ee9c kh\u1ecfe to\u00e0n di\u1ec7n 24H<\/strong><br \/>\nKr Pro Ltd b\u1ea3o v\u1ec7 an to\u00e0n s\u1ee9c kh\u1ecfe tinh th\u1ea7n v\u00e0 th\u1ec3 ch\u1ea5t c\u1ee7a b\u1ea1n b\u1eb1ng c\u00e1ch theo d\u00f5i m\u1ecdi th\u1ee9 t\u1eeb nh\u1ecbp tim, \u0111i\u1ec3m ng\u1ee7, nh\u1ecbp th\u1edf, m\u1ee9c \u0111\u1ed9 c\u0103ng th\u1eb3ng \u0111\u1ebfn n\u1ed9i dung ch\u00e1nh ni\u1ec7m trong th\u1eddi gian th\u1ef1c. B\u1eb1ng c\u00e1ch s\u1eed d\u1ee5ng c\u00e1c t\u00ednh n\u0103ng s\u1ee9c kh\u1ecfe v\u00f4 c\u00f9ng phong ph\u00fa c\u1ea3 ng\u00e0y c\u1ee7a Kr Pro Ltd, b\u1ea1n ch\u1eafc ch\u1eafn s\u1ebd c\u00f3 m\u1ed9t cu\u1ed9c s\u1ed1ng kh\u1ecfe m\u1ea1nh h\u01a1n.<\/p>\n<p><strong>\u25cf \u0110\u01b0\u1ee3c h\u1ed7 tr\u1ee3 b\u1edfi h\u1ec7 \u0111i\u1ec1u h\u00e0nh KIE \u0111\u00e3 n\u00e2ng c\u1ea5p<\/strong><br \/>\nKr Pro Ltd \u0111\u01b0\u1ee3c \u0111i\u1ec1u h\u00e0nh b\u1edfi KIE OS, m\u1ed9t \u1ee9ng d\u1ee5ng n\u00e2ng c\u1ea5p do Kieslect t\u1ef1 ph\u00e1t tri\u1ec3n. V\u1edbi thi\u1ebft k\u1ebf giao di\u1ec7n ng\u01b0\u1eddi d\u00f9ng t\u1ed1t h\u01a1n v\u00e0 giao di\u1ec7n t\u01b0\u01a1ng t\u00e1c, b\u1ea1n c\u00f3 th\u1ec3 kh\u00e1m ph\u00e1 c\u00e1c ch\u1ee9c n\u0103ng to\u00e0n di\u1ec7n c\u1ee7a n\u00f3 nh\u01b0 ki\u1ec3m tra hi\u1ec7u su\u1ea5t t\u1eadp luy\u1ec7n v\u00e0 b\u00e1o c\u00e1o s\u1ee9c kh\u1ecfe trong khi t\u1eadn h\u01b0\u1edfng tr\u1ea3i nghi\u1ec7m v\u1eadn h\u00e0nh m\u01b0\u1ee3t m\u00e0.<\/p>\n<p><strong>\u25cf M\u00e0n h\u00ecnh Amoled \u0111\u1ea7y m\u00e0u s\u1eafc HD 1,43 inch v\u1edbi AOD<\/strong><br \/>\nKr Pro Ltd c\u00f3 M\u00e0n h\u00ecnh Amoled \u0111\u1ea7y m\u00e0u s\u1eafc 1,43 inch HD tuy\u1ec7t \u0111\u1eb9p v\u1edbi 466 * 466 pixel ch\u1eafc ch\u1eafn s\u1ebd l\u00e0m b\u1ea1n say m\u00ea v\u1edbi m\u00e0u s\u1eafc s\u1ed1ng \u0111\u1ed9ng v\u00e0 h\u00ecnh \u1ea3nh r\u00f5 n\u00e9t. V\u1edbi ch\u1ee9c n\u0103ng AOD tr\u00ean Kr Pro Ltd, cu\u1ed1i c\u00f9ng b\u1ea1n c\u0169ng c\u00f3 th\u1ec3 n\u00f3i l\u1eddi t\u1ea1m bi\u1ec7t v\u1edbi s\u1ef1 kh\u00f3 kh\u0103n khi li\u00ean t\u1ee5c xoay c\u1ed5 tay ho\u1eb7c nh\u1ea5n c\u00e1c n\u00fat \u0111\u1ec3 ki\u1ec3m tra \u0111\u1ed3ng h\u1ed3.<\/p>\n<p><strong>\u25cf IP68 Ch\u1ed1ng th\u1ea5m n\u01b0\u1edbc<\/strong><br \/>\nV\u1edbi kh\u1ea3 n\u0103ng ch\u1ed1ng n\u01b0\u1edbc IP68 \u1ea5n t\u01b0\u1ee3ng, b\u1ea1n c\u00f3 th\u1ec3 r\u1eeda tay v\u00e0 \u0111eo Kr Pro Ltd d\u01b0\u1edbi m\u01b0a m\u00e0 kh\u00f4ng g\u1eb7p v\u1ea5n \u0111\u1ec1 g\u00ec.<\/p>\n<p><strong>\u25cf C\u1ea3nh b\u00e1o nh\u1ecbp tim b\u1ea5t th\u01b0\u1eddng<\/strong><br \/>\nV\u1edbi t\u00ednh n\u0103ng C\u1ea3nh b\u00e1o nh\u1ecbp tim b\u1ea5t th\u01b0\u1eddng c\u1ee7a Kr Pro Ltd, gi\u1edd \u0111\u00e2y b\u1ea1n c\u00f3 th\u1ec3 theo d\u00f5i nh\u1ecbp tim c\u1ee7a m\u00ecnh ch\u00ednh x\u00e1c h\u01a1n v\u00e0 lu\u00f4n ki\u1ec3m so\u00e1t \u0111\u01b0\u1ee3c s\u1ee9c kh\u1ecfe c\u1ee7a m\u00ecnh.<br \/>\nC\u1ea3nh b\u00e1o nh\u1ecbp tim b\u1ea5t th\u01b0\u1eddng l\u00e0 m\u1ed9t t\u00ednh n\u0103ng quan tr\u1ecdng c\u00f3 th\u1ec3 gi\u00fap ng\u0103n ng\u1eeba c\u00e1c v\u1ea5n \u0111\u1ec1 s\u1ee9c kh\u1ecfe li\u00ean quan \u0111\u1ebfn tim.<br \/>\nN\u00f3 \u0111\u01b0\u1ee3c thi\u1ebft k\u1ebf \u0111\u1eb7c bi\u1ec7t \u0111\u1ec3 theo d\u00f5i nh\u1ecbp tim c\u1ee7a b\u1ea1n v\u00e0 g\u1eedi c\u1ea3nh b\u00e1o n\u1ebfu ph\u00e1t hi\u1ec7n b\u1ea5t k\u1ef3 s\u1ef1 b\u1ea5t th\u01b0\u1eddng ho\u1eb7c \u0111\u1ed9t bi\u1ebfn b\u1ea5t th\u01b0\u1eddng n\u00e0o. V\u1edbi t\u00ednh n\u0103ng n\u00e0y, b\u1ea1n c\u00f3 th\u1ec3 nhanh ch\u00f3ng h\u00e0nh \u0111\u1ed9ng v\u00e0 t\u00ecm ki\u1ebfm s\u1ef1 ch\u0103m s\u00f3c y t\u1ebf n\u1ebfu c\u1ea7n thi\u1ebft.<\/p>","protected":false},"excerpt":{"rendered":"<ul>\n<li>Extensive 24H Health Monitoring<\/li>\n<li>Powered by Upgraded Kieslect OS<\/li>\n<li>1.43&#8243; HD Colorful Amoled Display with AOD<\/li>\n<li>IP68 Ch\u1ed1ng Th\u1ea5m N\u01b0\u1edbc<\/li>\n<li>Abnormal Heart Rate Alert<\/li>\n<li>For both Android and IOS<\/li>\n<\/ul>","protected":false},"featured_media":23792,"comment_status":"open","ping_status":"closed","template":"","meta":[],"product_brand":[],"product_cat":[15,463,462,417,461],"product_tag":[],"class_list":{"0":"post-23749","1":"product","2":"type-product","3":"status-publish","4":"has-post-thumbnail","6":"product_cat-smartwatch","7":"product_cat-calling-smartwatch","8":"product_cat-calling-watch","9":"product_cat-essential-series","10":"product_cat-smart-watches-for-men","12":"first","13":"instock","14":"shipping-taxable","15":"product-type-external"},"aioseo_notices":[],"aioseo_head":"\n\t\t<!-- All in One SEO Pro 4.6.5 - aioseo.com -->\n\t\t<meta name=\"description\" content=\"Extensive 24H Health Monitoring Powered by Upgraded Kieslect OS 1.43&quot; HD Colorful Amoled Display with AOD IP68 Waterproof Abnormal Heart Rate Alert For both Android and IOS\" \/>\n\t\t<meta name=\"robots\" content=\"max-image-preview:large\" \/>\n\t\t<link rel=\"canonical\" href=\"https:\/\/www.kieslect.com\/vi\/san-pham\/kieslect-calling-smartwatch-kr-pro-ltd\/\" \/>\n\t\t<meta name=\"generator\" content=\"All in One SEO Pro (AIOSEO) 4.6.5\" \/>\n\t\t<meta property=\"og:locale\" content=\"vi_VN\" \/>\n\t\t<meta property=\"og:site_name\" content=\"Kieslect - A Trusted Global Provider of Smart Wearable Solution\" \/>\n\t\t<meta property=\"og:type\" content=\"article\" \/>\n\t\t<meta property=\"og:title\" content=\"Kieslect Calling Smartwatch Kr Pro Ltd - Kieslect\" \/>\n\t\t<meta property=\"og:description\" content=\"Extensive 24H Health Monitoring Powered by Upgraded Kieslect OS 1.43&quot; HD Colorful Amoled Display with AOD IP68 Waterproof Abnormal Heart Rate Alert For both Android and IOS\" \/>\n\t\t<meta property=\"og:url\" content=\"https:\/\/www.kieslect.com\/vi\/san-pham\/kieslect-calling-smartwatch-kr-pro-ltd\/\" \/>\n\t\t<meta property=\"og:image\" content=\"https:\/\/www.kieslect.com\/wp-content\/uploads\/replace\/83a7c94e588d71936bb1ab2a1c752869.jpeg\" \/>\n\t\t<meta property=\"og:image:secure_url\" content=\"https:\/\/www.kieslect.com\/wp-content\/uploads\/replace\/83a7c94e588d71936bb1ab2a1c752869.jpeg\" \/>\n\t\t<meta property=\"og:image:width\" content=\"300\" \/>\n\t\t<meta property=\"og:image:height\" content=\"169\" \/>\n\t\t<meta property=\"article:published_time\" content=\"2024-01-16T11:47:49+00:00\" \/>\n\t\t<meta property=\"article:modified_time\" content=\"2026-01-21T12:32:51+00:00\" \/>\n\t\t<meta property=\"article:publisher\" content=\"https:\/\/www.facebook.com\/KieslectOfficial\/\" \/>\n\t\t<meta name=\"twitter:card\" content=\"summary_large_image\" \/>\n\t\t<meta name=\"twitter:site\" content=\"@kieslect\" \/>\n\t\t<meta name=\"twitter:title\" content=\"Kieslect Calling Smartwatch Kr Pro Ltd - Kieslect\" \/>\n\t\t<meta name=\"twitter:description\" content=\"Extensive 24H Health Monitoring Powered by Upgraded Kieslect OS 1.43&quot; HD Colorful Amoled Display with AOD IP68 Waterproof Abnormal Heart Rate Alert For both Android and IOS\" \/>\n\t\t<meta name=\"twitter:creator\" content=\"@kieslect\" \/>\n\t\t<meta name=\"twitter:image\" content=\"https:\/\/www.kieslect.com\/wp-content\/uploads\/replace\/83a7c94e588d71936bb1ab2a1c752869.jpeg\" \/>\n\t\t<script type=\"application\/ld+json\" class=\"aioseo-schema\">\n\t\t\t{\"@context\":\"https:\\\/\\\/schema.org\",\"@graph\":[{\"@type\":\"BreadcrumbList\",\"@id\":\"https:\\\/\\\/www.kieslect.com\\\/vi\\\/san-pham\\\/kieslect-calling-smartwatch-kr-pro-ltd\\\/#breadcrumblist\",\"itemListElement\":[{\"@type\":\"ListItem\",\"@id\":\"https:\\\/\\\/www.kieslect.com\\\/vi\\\/#listItem\",\"position\":1,\"name\":\"Home\",\"item\":\"https:\\\/\\\/www.kieslect.com\\\/vi\\\/\",\"nextItem\":\"https:\\\/\\\/www.kieslect.com\\\/vi\\\/san-pham\\\/kieslect-calling-smartwatch-kr-pro-ltd\\\/#listItem\"},{\"@type\":\"ListItem\",\"@id\":\"https:\\\/\\\/www.kieslect.com\\\/vi\\\/san-pham\\\/kieslect-calling-smartwatch-kr-pro-ltd\\\/#listItem\",\"position\":2,\"name\":\"Kieslect Calling Smartwatch Kr Pro Ltd\",\"previousItem\":\"https:\\\/\\\/www.kieslect.com\\\/vi\\\/#listItem\"}]},{\"@type\":\"Organization\",\"@id\":\"https:\\\/\\\/www.kieslect.com\\\/vi\\\/#organization\",\"name\":\"Kieslect Smartwatch\",\"description\":\"A Trusted Global Provider of Smart Wearable Solution\",\"url\":\"https:\\\/\\\/www.kieslect.com\\\/vi\\\/\",\"logo\":{\"@type\":\"ImageObject\",\"url\":\"https:\\\/\\\/www.kieslect.com\\\/wp-content\\\/uploads\\\/2024\\\/01\\\/Kieslect-Logo-2_1_335x75_crop_center-1.webp\",\"@id\":\"https:\\\/\\\/www.kieslect.com\\\/vi\\\/san-pham\\\/kieslect-calling-smartwatch-kr-pro-ltd\\\/#organizationLogo\",\"width\":335,\"height\":75},\"image\":{\"@id\":\"https:\\\/\\\/www.kieslect.com\\\/vi\\\/san-pham\\\/kieslect-calling-smartwatch-kr-pro-ltd\\\/#organizationLogo\"},\"sameAs\":[\"https:\\\/\\\/www.facebook.com\\\/KieslectOfficial\\\/\",\"https:\\\/\\\/twitter.com\\\/kieslect\",\"https:\\\/\\\/www.instagram.com\\\/kieslect\\\/\"]},{\"@type\":\"Product\",\"@id\":\"https:\\\/\\\/www.kieslect.com\\\/vi\\\/san-pham\\\/kieslect-calling-smartwatch-kr-pro-ltd\\\/#wooCommerceProduct\",\"name\":\"Kieslect Calling Smartwatch Kr Pro Ltd\",\"description\":\"Extensive 24H Health Monitoring\\r\\n \\tPowered by Upgraded Kieslect OS\\r\\n \\t1.43\\\" HD Colorful Amoled Display with AOD\\r\\n \\tIP68 Waterproof\\r\\n \\tAbnormal Heart Rate Alert\\r\\n \\tFor both Android and IOS\",\"url\":\"https:\\\/\\\/www.kieslect.com\\\/vi\\\/san-pham\\\/kieslect-calling-smartwatch-kr-pro-ltd\\\/\",\"image\":{\"@type\":\"ImageObject\",\"url\":\"https:\\\/\\\/www.kieslect.com\\\/wp-content\\\/uploads\\\/2024\\\/01\\\/KRPROLTD_2.webp\",\"@id\":\"https:\\\/\\\/www.kieslect.com\\\/vi\\\/san-pham\\\/kieslect-calling-smartwatch-kr-pro-ltd\\\/#productImage\",\"width\":1000,\"height\":1000},\"offers\":{\"@type\":\"Offer\",\"url\":\"https:\\\/\\\/www.kieslect.com\\\/vi\\\/san-pham\\\/kieslect-calling-smartwatch-kr-pro-ltd\\\/#wooCommerceOffer\",\"price\":0,\"priceCurrency\":\"USD\",\"category\":\"Smartwatch\",\"availability\":\"https:\\\/\\\/schema.org\\\/InStock\",\"seller\":{\"@type\":\"Organization\",\"@id\":\"https:\\\/\\\/www.kieslect.com\\\/vi\\\/#organization\"}},\"aggregateRating\":{\"@type\":\"AggregateRating\",\"@id\":\"https:\\\/\\\/www.kieslect.com\\\/vi\\\/san-pham\\\/kieslect-calling-smartwatch-kr-pro-ltd\\\/#aggregrateRating\",\"worstRating\":1,\"bestRating\":5,\"ratingValue\":5,\"reviewCount\":1},\"review\":[{\"@type\":\"Review\",\"reviewRating\":{\"@type\":\"Rating\",\"ratingValue\":5,\"worstRating\":1,\"bestRating\":5},\"author\":{\"@type\":\"Person\",\"name\":\"zeze\"},\"datePublished\":\"2024-11-26T04:47:02+08:00\",\"reviewBody\":\"Very coll smartwatch,,clear display and cute AoD,,acurancy is good\"}]},{\"@type\":\"WebPage\",\"@id\":\"https:\\\/\\\/www.kieslect.com\\\/vi\\\/san-pham\\\/kieslect-calling-smartwatch-kr-pro-ltd\\\/#webpage\",\"url\":\"https:\\\/\\\/www.kieslect.com\\\/vi\\\/san-pham\\\/kieslect-calling-smartwatch-kr-pro-ltd\\\/\",\"name\":\"Kieslect Calling Smartwatch Kr Pro Ltd - Kieslect\",\"description\":\"Extensive 24H Health Monitoring Powered by Upgraded Kieslect OS 1.43\\\" HD Colorful Amoled Display with AOD IP68 Waterproof Abnormal Heart Rate Alert For both Android and IOS\",\"inLanguage\":\"vi\",\"isPartOf\":{\"@id\":\"https:\\\/\\\/www.kieslect.com\\\/vi\\\/#website\"},\"breadcrumb\":{\"@id\":\"https:\\\/\\\/www.kieslect.com\\\/vi\\\/san-pham\\\/kieslect-calling-smartwatch-kr-pro-ltd\\\/#breadcrumblist\"},\"image\":{\"@type\":\"ImageObject\",\"url\":\"https:\\\/\\\/www.kieslect.com\\\/wp-content\\\/uploads\\\/2024\\\/01\\\/KRPROLTD_2.webp\",\"@id\":\"https:\\\/\\\/www.kieslect.com\\\/vi\\\/san-pham\\\/kieslect-calling-smartwatch-kr-pro-ltd\\\/#mainImage\",\"width\":1000,\"height\":1000},\"primaryImageOfPage\":{\"@id\":\"https:\\\/\\\/www.kieslect.com\\\/vi\\\/san-pham\\\/kieslect-calling-smartwatch-kr-pro-ltd\\\/#mainImage\"},\"datePublished\":\"2024-01-16T11:47:49+08:00\",\"dateModified\":\"2026-01-21T20:32:51+08:00\"},{\"@type\":\"WebSite\",\"@id\":\"https:\\\/\\\/www.kieslect.com\\\/vi\\\/#website\",\"url\":\"https:\\\/\\\/www.kieslect.com\\\/vi\\\/\",\"name\":\"Kieslect\",\"description\":\"A Trusted Global Provider of Smart Wearable Solution\",\"inLanguage\":\"vi\",\"publisher\":{\"@id\":\"https:\\\/\\\/www.kieslect.com\\\/vi\\\/#organization\"}}]}\n\t\t<\/script>\n\t\t<!-- All in One SEO Pro -->\r\n\t\t<title>Kieslect Calling Smartwatch Kr Pro Ltd - Kieslect<\/title>\n\n","aioseo_head_json":{"title":"Kieslect Calling Smartwatch Kr Pro Ltd - Kieslect","description":"Extensive 24H Health Monitoring Powered by Upgraded Kieslect OS 1.43\" HD Colorful Amoled Display with AOD IP68 Waterproof Abnormal Heart Rate Alert For both Android and IOS","canonical_url":"https:\/\/www.kieslect.com\/vi\/san-pham\/kieslect-calling-smartwatch-kr-pro-ltd\/","robots":"max-image-preview:large","keywords":"","webmasterTools":{"miscellaneous":""},"og:locale":"vi_VN","og:site_name":"Kieslect - A Trusted Global Provider of Smart Wearable Solution","og:type":"article","og:title":"Kieslect Calling Smartwatch Kr Pro Ltd - Kieslect","og:description":"Extensive 24H Health Monitoring Powered by Upgraded Kieslect OS 1.43&quot; HD Colorful Amoled Display with AOD IP68 Waterproof Abnormal Heart Rate Alert For both Android and IOS","og:url":"https:\/\/www.kieslect.com\/vi\/san-pham\/kieslect-calling-smartwatch-kr-pro-ltd\/","og:image":"https:\/\/www.kieslect.com\/wp-content\/uploads\/replace\/83a7c94e588d71936bb1ab2a1c752869.jpeg","og:image:secure_url":"https:\/\/www.kieslect.com\/wp-content\/uploads\/replace\/83a7c94e588d71936bb1ab2a1c752869.jpeg","og:image:width":300,"og:image:height":169,"article:published_time":"2024-01-16T11:47:49+00:00","article:modified_time":"2026-01-21T12:32:51+00:00","article:publisher":"https:\/\/www.facebook.com\/KieslectOfficial\/","twitter:card":"summary_large_image","twitter:site":"@kieslect","twitter:title":"Kieslect Calling Smartwatch Kr Pro Ltd - Kieslect","twitter:description":"Extensive 24H Health Monitoring Powered by Upgraded Kieslect OS 1.43&quot; HD Colorful Amoled Display with AOD IP68 Waterproof Abnormal Heart Rate Alert For both Android and IOS","twitter:creator":"@kieslect","twitter:image":"https:\/\/www.kieslect.com\/wp-content\/uploads\/replace\/83a7c94e588d71936bb1ab2a1c752869.jpeg","schema":{"@context":"https:\/\/schema.org","@graph":[{"@type":"BreadcrumbList","@id":"https:\/\/www.kieslect.com\/vi\/san-pham\/kieslect-calling-smartwatch-kr-pro-ltd\/#breadcrumblist","itemListElement":[{"@type":"ListItem","@id":"https:\/\/www.kieslect.com\/vi\/#listItem","position":1,"name":"Home","item":"https:\/\/www.kieslect.com\/vi\/","nextItem":"https:\/\/www.kieslect.com\/vi\/san-pham\/kieslect-calling-smartwatch-kr-pro-ltd\/#listItem"},{"@type":"ListItem","@id":"https:\/\/www.kieslect.com\/vi\/san-pham\/kieslect-calling-smartwatch-kr-pro-ltd\/#listItem","position":2,"name":"Kieslect Calling Smartwatch Kr Pro Ltd","previousItem":"https:\/\/www.kieslect.com\/vi\/#listItem"}]},{"@type":"Organization","@id":"https:\/\/www.kieslect.com\/vi\/#organization","name":"Kieslect Smartwatch","description":"A Trusted Global Provider of Smart Wearable Solution","url":"https:\/\/www.kieslect.com\/vi\/","logo":{"@type":"ImageObject","url":"https:\/\/www.kieslect.com\/wp-content\/uploads\/2024\/01\/Kieslect-Logo-2_1_335x75_crop_center-1.webp","@id":"https:\/\/www.kieslect.com\/vi\/san-pham\/kieslect-calling-smartwatch-kr-pro-ltd\/#organizationLogo","width":335,"height":75},"image":{"@id":"https:\/\/www.kieslect.com\/vi\/san-pham\/kieslect-calling-smartwatch-kr-pro-ltd\/#organizationLogo"},"sameAs":["https:\/\/www.facebook.com\/KieslectOfficial\/","https:\/\/twitter.com\/kieslect","https:\/\/www.instagram.com\/kieslect\/"]},{"@type":"Product","@id":"https:\/\/www.kieslect.com\/vi\/san-pham\/kieslect-calling-smartwatch-kr-pro-ltd\/#wooCommerceProduct","name":"Kieslect Calling Smartwatch Kr Pro Ltd","description":"Extensive 24H Health Monitoring\r\n \tPowered by Upgraded Kieslect OS\r\n \t1.43\" HD Colorful Amoled Display with AOD\r\n \tIP68 Waterproof\r\n \tAbnormal Heart Rate Alert\r\n \tFor both Android and IOS","url":"https:\/\/www.kieslect.com\/vi\/san-pham\/kieslect-calling-smartwatch-kr-pro-ltd\/","image":{"@type":"ImageObject","url":"https:\/\/www.kieslect.com\/wp-content\/uploads\/2024\/01\/KRPROLTD_2.webp","@id":"https:\/\/www.kieslect.com\/vi\/san-pham\/kieslect-calling-smartwatch-kr-pro-ltd\/#productImage","width":1000,"height":1000},"offers":{"@type":"Offer","url":"https:\/\/www.kieslect.com\/vi\/san-pham\/kieslect-calling-smartwatch-kr-pro-ltd\/#wooCommerceOffer","price":0,"priceCurrency":"USD","category":"Smartwatch","availability":"https:\/\/schema.org\/InStock","seller":{"@type":"Organization","@id":"https:\/\/www.kieslect.com\/vi\/#organization"}},"aggregateRating":{"@type":"AggregateRating","@id":"https:\/\/www.kieslect.com\/vi\/san-pham\/kieslect-calling-smartwatch-kr-pro-ltd\/#aggregrateRating","worstRating":1,"bestRating":5,"ratingValue":5,"reviewCount":1},"review":[{"@type":"Review","reviewRating":{"@type":"Rating","ratingValue":5,"worstRating":1,"bestRating":5},"author":{"@type":"Person","name":"zeze"},"datePublished":"2024-11-26T04:47:02+08:00","reviewBody":"Very coll smartwatch,,clear display and cute AoD,,acurancy is good"}]},{"@type":"WebPage","@id":"https:\/\/www.kieslect.com\/vi\/san-pham\/kieslect-calling-smartwatch-kr-pro-ltd\/#webpage","url":"https:\/\/www.kieslect.com\/vi\/san-pham\/kieslect-calling-smartwatch-kr-pro-ltd\/","name":"Kieslect Calling Smartwatch Kr Pro Ltd - Kieslect","description":"Extensive 24H Health Monitoring Powered by Upgraded Kieslect OS 1.43\" HD Colorful Amoled Display with AOD IP68 Waterproof Abnormal Heart Rate Alert For both Android and IOS","inLanguage":"vi","isPartOf":{"@id":"https:\/\/www.kieslect.com\/vi\/#website"},"breadcrumb":{"@id":"https:\/\/www.kieslect.com\/vi\/san-pham\/kieslect-calling-smartwatch-kr-pro-ltd\/#breadcrumblist"},"image":{"@type":"ImageObject","url":"https:\/\/www.kieslect.com\/wp-content\/uploads\/2024\/01\/KRPROLTD_2.webp","@id":"https:\/\/www.kieslect.com\/vi\/san-pham\/kieslect-calling-smartwatch-kr-pro-ltd\/#mainImage","width":1000,"height":1000},"primaryImageOfPage":{"@id":"https:\/\/www.kieslect.com\/vi\/san-pham\/kieslect-calling-smartwatch-kr-pro-ltd\/#mainImage"},"datePublished":"2024-01-16T11:47:49+08:00","dateModified":"2026-01-21T20:32:51+08:00"},{"@type":"WebSite","@id":"https:\/\/www.kieslect.com\/vi\/#website","url":"https:\/\/www.kieslect.com\/vi\/","name":"Kieslect","description":"A Trusted Global Provider of Smart Wearable Solution","inLanguage":"vi","publisher":{"@id":"https:\/\/www.kieslect.com\/vi\/#organization"}}]}},"aioseo_meta_data":{"post_id":"23749","title":null,"description":null,"keywords":null,"keyphrases":"{\"focus\":{\"keyphrase\":\"\",\"score\":0,\"analysis\":{\"keyphraseInTitle\":{\"score\":0,\"maxScore\":9,\"error\":1}}},\"additional\":[]}","primary_term":null,"canonical_url":null,"og_title":null,"og_description":null,"og_object_type":"default","og_image_type":"default","og_image_url":null,"og_image_width":null,"og_image_height":null,"og_image_custom_url":null,"og_image_custom_fields":null,"og_video":"","og_custom_url":null,"og_article_section":null,"og_article_tags":null,"twitter_use_og":false,"twitter_card":"default","twitter_image_type":"default","twitter_image_url":null,"twitter_image_custom_url":null,"twitter_image_custom_fields":null,"twitter_title":null,"twitter_description":null,"schema":{"blockGraphs":[],"customGraphs":[],"default":{"data":{"Article":[],"Course":[],"Dataset":[],"FAQPage":[],"Movie":[],"Person":[],"Product":[],"Recipe":[],"Service":[],"SoftwareApplication":[],"WebPage":[]},"graphName":"Product","isEnabled":true},"graphs":[]},"schema_type":"default","schema_type_options":null,"pillar_content":false,"robots_default":true,"robots_noindex":false,"robots_noarchive":false,"robots_nosnippet":false,"robots_nofollow":false,"robots_noimageindex":false,"robots_noodp":false,"robots_notranslate":false,"robots_max_snippet":"-1","robots_max_videopreview":"-1","robots_max_imagepreview":"large","priority":null,"frequency":"default","local_seo":null,"limit_modified_date":false,"created":"2024-02-26 12:21:33","updated":"2026-01-21 12:37:30"},"aioseo_breadcrumb":"<div class=\"aioseo-breadcrumbs\"><span class=\"aioseo-breadcrumb\">\n\t<a href=\"https:\/\/www.kieslect.com\/vi\" title=\"Home\">Home<\/a>\n<\/span><span class=\"aioseo-breadcrumb-separator\">&raquo;<\/span><span class=\"aioseo-breadcrumb\">\n\t<a href=\"https:\/\/www.kieslect.com\/vi\/shop\/\" title=\"Shop\">Shop<\/a>\n<\/span><span class=\"aioseo-breadcrumb-separator\">&raquo;<\/span><span class=\"aioseo-breadcrumb\">\n\t<a href=\"https:\/\/www.kieslect.com\/vi\/danh-muc-san-pham\/smartwatch\/\" title=\"Smartwatch\">Smartwatch<\/a>\n<\/span><span class=\"aioseo-breadcrumb-separator\">&raquo;<\/span><span class=\"aioseo-breadcrumb\">\n\t<a href=\"https:\/\/www.kieslect.com\/vi\/danh-muc-san-pham\/smartwatch\/essential-series\/\" title=\"Essential Series\">Essential Series<\/a>\n<\/span><span class=\"aioseo-breadcrumb-separator\">&raquo;<\/span><span class=\"aioseo-breadcrumb\">\n\tKieslect Calling Smartwatch Kr Pro Ltd\n<\/span><\/div>","aioseo_breadcrumb_json":[{"label":"Home","link":"https:\/\/www.kieslect.com\/vi"},{"label":"Shop","link":"https:\/\/www.kieslect.com\/vi\/shop\/"},{"label":"Smartwatch","link":"https:\/\/www.kieslect.com\/vi\/danh-muc-san-pham\/smartwatch\/"},{"label":"Essential Series","link":"https:\/\/www.kieslect.com\/vi\/danh-muc-san-pham\/smartwatch\/essential-series\/"},{"label":"Kieslect Calling Smartwatch Kr Pro Ltd","link":"https:\/\/www.kieslect.com\/vi\/san-pham\/kieslect-calling-smartwatch-kr-pro-ltd\/"}],"_links":{"self":[{"href":"https:\/\/www.kieslect.com\/vi\/wp-json\/wp\/v2\/product\/23749","targetHints":{"allow":["GET"]}}],"collection":[{"href":"https:\/\/www.kieslect.com\/vi\/wp-json\/wp\/v2\/product"}],"about":[{"href":"https:\/\/www.kieslect.com\/vi\/wp-json\/wp\/v2\/types\/product"}],"replies":[{"embeddable":true,"href":"https:\/\/www.kieslect.com\/vi\/wp-json\/wp\/v2\/comments?post=23749"}],"version-history":[{"count":0,"href":"https:\/\/www.kieslect.com\/vi\/wp-json\/wp\/v2\/product\/23749\/revisions"}],"wp:featuredmedia":[{"embeddable":true,"href":"https:\/\/www.kieslect.com\/vi\/wp-json\/wp\/v2\/media\/23792"}],"wp:attachment":[{"href":"https:\/\/www.kieslect.com\/vi\/wp-json\/wp\/v2\/media?parent=23749"}],"wp:term":[{"taxonomy":"product_brand","embeddable":true,"href":"https:\/\/www.kieslect.com\/vi\/wp-json\/wp\/v2\/product_brand?post=23749"},{"taxonomy":"product_cat","embeddable":true,"href":"https:\/\/www.kieslect.com\/vi\/wp-json\/wp\/v2\/product_cat?post=23749"},{"taxonomy":"product_tag","embeddable":true,"href":"https:\/\/www.kieslect.com\/vi\/wp-json\/wp\/v2\/product_tag?post=23749"}],"curies":[{"name":"wp","href":"https:\/\/api.w.org\/{rel}","templated":true}]}}