{"id":30069,"date":"2024-09-09T18:40:03","date_gmt":"2024-09-09T10:40:03","guid":{"rendered":"https:\/\/www.kieslect.com\/?page_id=30069"},"modified":"2025-04-07T09:35:20","modified_gmt":"2025-04-07T01:35:20","slug":"share-your-actor-ks3-smartwatch-moments-win-amazing-gifts","status":"publish","type":"page","link":"https:\/\/www.kieslect.com\/vi\/share-your-actor-ks3-smartwatch-moments-win-amazing-gifts\/","title":{"rendered":"Share your Actor\/Ks3 smartwatch moments, win Amazing gifts"},"content":{"rendered":"<div data-elementor-type=\"wp-page\" data-elementor-id=\"30069\" class=\"elementor elementor-30069\" data-elementor-post-type=\"page\">\n\t\t\t\t\t\t<section class=\"elementor-section elementor-top-section elementor-element elementor-element-753df4d2 elementor-section-stretched elementor-section-boxed elementor-section-height-default elementor-section-height-default motta-responsive-column motta-tablet-column--default motta-responsive-column motta-mobile-column--default\" data-id=\"753df4d2\" data-element_type=\"section\" data-settings=\"{&quot;stretch_section&quot;:&quot;section-stretched&quot;,&quot;ekit_has_onepagescroll_dot&quot;:&quot;yes&quot;}\">\n\t\t\t\t\t\t<div class=\"elementor-container elementor-column-gap-default\">\n\t\t\t\t\t<div class=\"elementor-column elementor-col-100 elementor-top-column elementor-element elementor-element-18c4fe2d\" data-id=\"18c4fe2d\" data-element_type=\"column\">\n\t\t\t<div class=\"elementor-widget-wrap elementor-element-populated\">\n\t\t\t\t\t\t<div class=\"elementor-element elementor-element-471fb465 elementor-widget elementor-widget-motta-heading\" data-id=\"471fb465\" data-element_type=\"widget\" data-settings=\"{&quot;ekit_we_effect_on&quot;:&quot;none&quot;}\" data-widget_type=\"motta-heading.default\">\n\t\t\t\t<div class=\"elementor-widget-container\">\n\t\t\t\t\t\t\t<div class=\"motta-heading-elementor motta-heading__button-on\">\n\t\t\t\t<div class=\"motta-heading motta-heading--default\">\n\t\t\t\t\tChia s\u1ebb nh\u1eefng kho\u1ea3nh kh\u1eafc Actor\/Ks3 c\u1ee7a b\u1ea1n<br>gi\u00e0nh \u0111\u01b0\u1ee3c nh\u1eefng m\u00f3n qu\u00e0 tuy\u1ec7t v\u1eddi\t\t\t\t<\/div>\n\t\t\t\t\t\t\t<\/div>\n\t\t\t\t\t\t<\/div>\n\t\t\t\t<\/div>\n\t\t\t\t<div class=\"elementor-element elementor-element-44a25623 elementor-widget elementor-widget-motta-heading\" data-id=\"44a25623\" data-element_type=\"widget\" data-settings=\"{&quot;ekit_we_effect_on&quot;:&quot;none&quot;}\" data-widget_type=\"motta-heading.default\">\n\t\t\t\t<div class=\"elementor-widget-container\">\n\t\t\t\t\t\t\t<div class=\"motta-heading-elementor motta-heading__button-on\">\n\t\t\t\t<h2 class=\"motta-heading motta-heading--default\">\n\t\t\t\t\tTham gia tr\u01b0\u1edbc ng\u00e0y 31 th\u00e1ng 12 n\u0103m 2024.\t\t\t\t<\/h2>\n\t\t\t\t\t\t\t<\/div>\n\t\t\t\t\t\t<\/div>\n\t\t\t\t<\/div>\n\t\t\t\t<div class=\"elementor-element elementor-element-5522b894 motta-slides__arrow-position-center-center motta-slides__dots-position-center elementor-widget elementor-widget-motta-slides\" data-id=\"5522b894\" data-element_type=\"widget\" data-settings=\"{&quot;slides_to_show&quot;:1,&quot;slides_to_scroll&quot;:1,&quot;effect&quot;:&quot;fade&quot;,&quot;navigation&quot;:&quot;arrows&quot;,&quot;autoplay&quot;:&quot;yes&quot;,&quot;delay&quot;:3000,&quot;autoplay_speed&quot;:1000,&quot;space_between&quot;:{&quot;unit&quot;:&quot;px&quot;,&quot;size&quot;:&quot;&quot;,&quot;sizes&quot;:[]},&quot;space_between_tablet&quot;:{&quot;unit&quot;:&quot;px&quot;,&quot;size&quot;:&quot;&quot;,&quot;sizes&quot;:[]},&quot;space_between_mobile&quot;:{&quot;unit&quot;:&quot;px&quot;,&quot;size&quot;:&quot;&quot;,&quot;sizes&quot;:[]},&quot;ekit_we_effect_on&quot;:&quot;none&quot;}\" data-widget_type=\"motta-slides.default\">\n\t\t\t\t<div class=\"elementor-widget-container\">\n\t\t\t\t\t\t\t\t<div class=\"motta-slides-elementor motta-swiper-carousel-elementor motta-swiper-slider-elementor navigation-arrows navigation-tablet-arrows navigation-mobile-arrows\">\n\t\t\t\t<div class=\"motta-slides-elementor__wrapper swiper-container\">\n\t\t\t\t\t<div class=\"motta-slides-elementor__inner swiper-wrapper\">\n\t\t\t\t\t\t\t\t\t\t\t\t\t\t\t<div class=\"elementor-repeater-item-2598ed5 item-slider swiper-slide\" data-dots=\"[]\" data-arrow=\"[]\">\n\t\t\t\t\t\t\t\t\t\t<div class=\"slick-slide-inner\">\n\t\t\t\t\t\t\t\t\t\t\t<div class=\"motta-slide__content\">\n\t\t\t\t\t\t\t\t\t\t\t\t\t\t\t\t\t\t\t\t\t\t\t\t\n\t\t\t\t\t\t\t\t\t\t\t\t\n\t\t\t\t\t\t\t\t\t\t\t\t\n\t\t\t\t\t\t\t\t\t\t\t\t\t\t\t\t\t\t\t\t\t\t\t\t<div class=\"motta-slide-button\">\n\t\t\t\t\t\t\t\t\t\t\t\t\t\t\t\t\t\t\t\t\t\t\t\t\t\t\t\t\t\t\t\t\t\t\t\t\t\t<\/div>\n\t\t\t\t\t\t\t\t\t\t\t\t\n\t\t\t\t\t\t\t\t\t\t\t<\/div>\n\n\t\t\t\t\t\t\t\t\t\t\t\t\t\t\t\t\t\t\t\t\t<\/div>\n\t\t\t\t\t\t\t\t\t\t\t\t\t\t\t\t\t\t\t<\/div>\n\t\t\t\t\t\t\t\t\t\t\t\t\t<\/div>\n\t\t\t\t<\/div>\n\t\t\t\t<div class=\"motta-swiper-arrows-inner\">\n\t\t\t\t\t<span class=\"motta-svg-icon motta-svg-icon--left motta-swiper-button-prev swiper-button motta-swiper-button\" ><svg width=\"24\" height=\"24\" aria-hidden=\"true\" role=\"img\" focusable=\"false\" viewbox=\"0 0 32 32\"><path d=\"M20.58 2.58l2.84 2.84-10.6 10.58 10.6 10.58-2.84 2.84-13.4-13.42z\"><\/path><\/svg><\/span><span class=\"motta-svg-icon motta-svg-icon--right motta-swiper-button-next swiper-button motta-swiper-button\" ><svg width=\"24\" height=\"24\" aria-hidden=\"true\" role=\"img\" focusable=\"false\" viewbox=\"0 0 32 32\"><path d=\"M11.42 29.42l-2.84-2.84 10.6-10.58-10.6-10.58 2.84-2.84 13.4 13.42z\"><\/path><\/svg><\/span>\t\t\t\t<\/div>\n\t\t\t\t<div class=\"swiper-pagination\"><\/div>\n\t\t\t<\/div>\n\t\t\t\t\t\t<\/div>\n\t\t\t\t<\/div>\n\t\t\t\t\t<\/div>\n\t\t<\/div>\n\t\t\t\t\t<\/div>\n\t\t<\/section>\n\t\t\t\t<section class=\"elementor-section elementor-top-section elementor-element elementor-element-27204f93 elementor-section-boxed elementor-section-height-default elementor-section-height-default motta-responsive-column motta-tablet-column--default motta-responsive-column motta-mobile-column--default\" data-id=\"27204f93\" data-element_type=\"section\" id=\"xs_cta_style_16\" data-settings=\"{&quot;ekit_has_onepagescroll_dot&quot;:&quot;yes&quot;}\">\n\t\t\t\t\t\t<div class=\"elementor-container elementor-column-gap-default\">\n\t\t\t\t\t<div class=\"elementor-column elementor-col-100 elementor-top-column elementor-element elementor-element-241b5c3a\" data-id=\"241b5c3a\" data-element_type=\"column\">\n\t\t\t<div class=\"elementor-widget-wrap elementor-element-populated\">\n\t\t\t\t\t\t<div class=\"elementor-element elementor-element-e19e902 elementor-widget elementor-widget-elementskit-heading\" data-id=\"e19e902\" data-element_type=\"widget\" data-settings=\"{&quot;ekit_we_effect_on&quot;:&quot;none&quot;}\" data-widget_type=\"elementskit-heading.default\">\n\t\t\t\t<div class=\"elementor-widget-container\">\n\t\t\t\t\t<div class=\"ekit-wid-con\" ><div class=\"ekit-heading elementskit-section-title-wraper text_center   ekit_heading_tablet-   ekit_heading_mobile-\"><h1 class=\"ekit-heading--title elementskit-section-title\">Th\u00e1o ra v\u00e0  <span><span>Th\u1eafng!<\/span><\/span><\/h1><\/div><\/div>\t\t\t\t<\/div>\n\t\t\t\t<\/div>\n\t\t\t\t<div class=\"elementor-element elementor-element-30ab7858 elementor-widget elementor-widget-elementskit-heading\" data-id=\"30ab7858\" data-element_type=\"widget\" data-settings=\"{&quot;ekit_we_effect_on&quot;:&quot;none&quot;}\" data-widget_type=\"elementskit-heading.default\">\n\t\t\t\t<div class=\"elementor-widget-container\">\n\t\t\t\t\t<div class=\"ekit-wid-con\" ><div class=\"ekit-heading elementskit-section-title-wraper text_center   ekit_heading_tablet-   ekit_heading_mobile-\"><div class=\"ekit_heading_separetor_wraper ekit_heading_elementskit-border-divider\"><div class=\"elementskit-border-divider\"><\/div><\/div>\t\t\t\t<div class='ekit-heading__description'>\n\t\t\t\t\t<p>Tham gia tr\u01b0\u1edbc ng\u00e0y 31 th\u00e1ng 12 n\u0103m 2024.<\/p>\n\t\t\t\t<\/div>\n\t\t\t<\/div><\/div>\t\t\t\t<\/div>\n\t\t\t\t<\/div>\n\t\t\t\t<section class=\"elementor-section elementor-inner-section elementor-element elementor-element-343d1816 elementor-section-full_width elementor-section-height-default elementor-section-height-default motta-responsive-column motta-tablet-column--default motta-responsive-column motta-mobile-column--default\" data-id=\"343d1816\" data-element_type=\"section\" data-settings=\"{&quot;ekit_has_onepagescroll_dot&quot;:&quot;yes&quot;}\">\n\t\t\t\t\t\t<div class=\"elementor-container elementor-column-gap-default\">\n\t\t\t\t\t<div class=\"elementor-column elementor-col-100 elementor-inner-column elementor-element elementor-element-338ed466\" data-id=\"338ed466\" data-element_type=\"column\">\n\t\t\t<div class=\"elementor-widget-wrap elementor-element-populated\">\n\t\t\t\t\t\t<div class=\"elementor-element elementor-element-19dd2257 elementor-widget elementor-widget-elementskit-heading\" data-id=\"19dd2257\" data-element_type=\"widget\" data-settings=\"{&quot;ekit_we_effect_on&quot;:&quot;none&quot;}\" data-widget_type=\"elementskit-heading.default\">\n\t\t\t\t<div class=\"elementor-widget-container\">\n\t\t\t\t\t<div class=\"ekit-wid-con\" ><div class=\"ekit-heading elementskit-section-title-wraper text_left   ekit_heading_tablet-   ekit_heading_mobile-\">\t\t\t\t<div class='ekit-heading__description'>\n\t\t\t\t\t<div>\n<div class=\"rich-text-paragraph\"><span class=\"text-only\">1. <\/span><span class=\"text-only\">Chia s\u1ebb video d\u00e0i \u226560 gi\u00e2y v\u1ec1 tr\u1ea3i nghi\u1ec7m c\u1ee7a b\u1ea1n v\u1edbi Actor\/Ks3 tr\u00ean Facebook ho\u1eb7c Instagram.<\/span><\/div>\n<div class=\"rich-text-paragraph\"><span class=\"text-only\">2. <\/span><span class=\"text-only\">G\u1eafn th\u1ebb v\u00e0 \u0111\u1ec1 c\u1eadp \u0111\u1ebfn @kieslectofficial HO\u1eb6C t\u00e0i kho\u1ea3n @kieslect \u0111\u1ecba ph\u01b0\u01a1ng c\u1ee7a b\u1ea1n.<\/span><\/div>\n<div class=\"rich-text-paragraph\"><span class=\"text-only\">3. <\/span><span class=\"text-only\">Nh\u1eadn \u0111\u01b0\u1ee3c \u226520 b\u00ecnh lu\u1eadn cho b\u00e0i \u0111\u0103ng c\u1ee7a b\u1ea1n.<\/span><\/div>\n<div>\u00a0<\/div>\n<div class=\"rich-text-paragraph\"><strong><span class=\"text-only\">Qu\u00e0 t\u1eb7ng \u0111\u1ea3m b\u1ea3o: <\/span><\/strong><\/div>\n<div class=\"rich-text-paragraph\"><span class=\"text-only\">M\u1ed9t d\u00e2y \u0111eo t\u1eeb t\u00ednh tr\u1ecb gi\u00e1 $15,00 \u0111\u00f4 la M\u1ef9 cho t\u1ea5t c\u1ea3 ng\u01b0\u1eddi tham gia.<\/span><\/div>\n<div>\u00a0<\/div>\n<div class=\"rich-text-paragraph\"><span class=\"text-only\"><strong>C\u1ed9ng M\u1ed9t<\/strong>: <\/span><\/div>\n<div class=\"rich-text-paragraph\"><span class=\"text-only\">C\u01a1 h\u1ed9i tr\u00fang th\u01b0\u1edfng 33.35% l\u00e0 t\u00fai \u0111eo h\u00f4ng Kieslect tr\u1ecb gi\u00e1 $55,00 \u0111\u00f4 la M\u1ef9 ho\u1eb7c m\u1ed9t m\u00f3n qu\u00e0 kh\u00e1c c\u00f3 gi\u00e1 tr\u1ecb t\u01b0\u01a1ng \u0111\u01b0\u01a1ng.<\/span><\/div>\n<div class=\"rich-text-paragraph\"><span class=\"text-only\">Khu v\u1ef1c: Ch\u00e2u \u00c2u, Ch\u00e2u M\u1ef9 v\u00e0 c\u00e1c n\u01b0\u1edbc \u1ea2 R\u1eadp<\/span><\/div>\n<div>\u00a0<\/div>\n<div class=\"rich-text-paragraph\"><strong><span class=\"text-only\">L\u00e0m th\u1ebf n\u00e0o \u0111\u1ec3 c\u00f3 \u0111\u01b0\u1ee3c: <\/span><\/strong><\/div>\n<div class=\"rich-text-paragraph\"><span class=\"text-only\">Gi\u1eef Meta c\u1ee7a b\u1ea1n ho\u1ea1t \u0111\u1ed9ng \u0111\u1ec3 k\u1ebft n\u1ed1i v\u00e0 qu\u00e0 t\u1eb7ng s\u1ebd \u0111\u01b0\u1ee3c g\u1eedi trong v\u00f2ng 1 th\u00e1ng.<\/span><\/div>\n<\/div>\n\t\t\t\t<\/div>\n\t\t\t<\/div><\/div>\t\t\t\t<\/div>\n\t\t\t\t<\/div>\n\t\t\t\t\t<\/div>\n\t\t<\/div>\n\t\t\t\t\t<\/div>\n\t\t<\/section>\n\t\t\t\t\t<\/div>\n\t\t<\/div>\n\t\t\t\t\t<\/div>\n\t\t<\/section>\n\t\t\t\t<\/div>","protected":false},"excerpt":{"rendered":"<p>Share your Actor\/Ks3 momentswin Amazing gifts Participate by December 31, 2024. Unwrap and Win! Participate by December 31, 2024. 1. Share a video of \u226560 seconds about your experience with Actor\/Ks3 on Facebook or Instagram. 2. Tag and mention @kieslectofficial OR your local @kieslect account. 3. Get \u226520 comments on your post. \u00a0 Guaranteed Gift: [&hellip;]<\/p>","protected":false},"author":1,"featured_media":0,"parent":0,"menu_order":0,"comment_status":"closed","ping_status":"closed","template":"","meta":{"footnotes":""},"class_list":["post-30069","page","type-page","status-publish","hentry"],"aioseo_notices":[],"aioseo_head":"\n\t\t<!-- All in One SEO Pro 4.6.5 - aioseo.com -->\n\t\t<meta name=\"description\" content=\"Share your Actor\/Ks3 momentswin Amazing gifts Participate by December 31, 2024. Unwrap and Win! Participate by December 31, 2024. 1. Share a video of \u226560 seconds about your experience with Actor\/Ks3 on Facebook or Instagram. 2. Tag and mention @kieslectofficial OR your local @kieslect account. 3. Get \u226520 comments on your post. Guaranteed Gift:\" \/>\n\t\t<meta name=\"robots\" content=\"max-image-preview:large\" \/>\n\t\t<link rel=\"canonical\" href=\"https:\/\/www.kieslect.com\/vi\/share-your-actor-ks3-smartwatch-moments-win-amazing-gifts\/\" \/>\n\t\t<meta name=\"generator\" content=\"All in One SEO Pro (AIOSEO) 4.6.5\" \/>\n\t\t<meta property=\"og:locale\" content=\"vi_VN\" \/>\n\t\t<meta property=\"og:site_name\" content=\"Kieslect - A Trusted Global Provider of Smart Wearable Solution\" \/>\n\t\t<meta property=\"og:type\" content=\"article\" \/>\n\t\t<meta property=\"og:title\" content=\"Share your Actor\/Ks3 smartwatch moments, win Amazing gifts - Kieslect\" \/>\n\t\t<meta property=\"og:description\" content=\"Share your Actor\/Ks3 momentswin Amazing gifts Participate by December 31, 2024. Unwrap and Win! Participate by December 31, 2024. 1. Share a video of \u226560 seconds about your experience with Actor\/Ks3 on Facebook or Instagram. 2. Tag and mention @kieslectofficial OR your local @kieslect account. 3. Get \u226520 comments on your post. Guaranteed Gift:\" \/>\n\t\t<meta property=\"og:url\" content=\"https:\/\/www.kieslect.com\/vi\/share-your-actor-ks3-smartwatch-moments-win-amazing-gifts\/\" \/>\n\t\t<meta property=\"og:image\" content=\"https:\/\/www.kieslect.com\/wp-content\/uploads\/replace\/83a7c94e588d71936bb1ab2a1c752869.jpeg\" \/>\n\t\t<meta property=\"og:image:secure_url\" content=\"https:\/\/www.kieslect.com\/wp-content\/uploads\/replace\/83a7c94e588d71936bb1ab2a1c752869.jpeg\" \/>\n\t\t<meta property=\"og:image:width\" content=\"300\" \/>\n\t\t<meta property=\"og:image:height\" content=\"169\" \/>\n\t\t<meta property=\"article:published_time\" content=\"2024-09-09T10:40:03+00:00\" \/>\n\t\t<meta property=\"article:modified_time\" content=\"2025-04-07T01:35:20+00:00\" \/>\n\t\t<meta property=\"article:publisher\" content=\"https:\/\/www.facebook.com\/KieslectOfficial\/\" \/>\n\t\t<meta name=\"twitter:card\" content=\"summary_large_image\" \/>\n\t\t<meta name=\"twitter:site\" content=\"@kieslect\" \/>\n\t\t<meta name=\"twitter:title\" content=\"Share your Actor\/Ks3 smartwatch moments, win Amazing gifts - Kieslect\" \/>\n\t\t<meta name=\"twitter:description\" content=\"Share your Actor\/Ks3 momentswin Amazing gifts Participate by December 31, 2024. Unwrap and Win! Participate by December 31, 2024. 1. Share a video of \u226560 seconds about your experience with Actor\/Ks3 on Facebook or Instagram. 2. Tag and mention @kieslectofficial OR your local @kieslect account. 3. Get \u226520 comments on your post. Guaranteed Gift:\" \/>\n\t\t<meta name=\"twitter:creator\" content=\"@kieslect\" \/>\n\t\t<meta name=\"twitter:image\" content=\"https:\/\/www.kieslect.com\/wp-content\/uploads\/replace\/83a7c94e588d71936bb1ab2a1c752869.jpeg\" \/>\n\t\t<script type=\"application\/ld+json\" class=\"aioseo-schema\">\n\t\t\t{\"@context\":\"https:\\\/\\\/schema.org\",\"@graph\":[{\"@type\":\"BreadcrumbList\",\"@id\":\"https:\\\/\\\/www.kieslect.com\\\/vi\\\/share-your-actor-ks3-smartwatch-moments-win-amazing-gifts\\\/#breadcrumblist\",\"itemListElement\":[{\"@type\":\"ListItem\",\"@id\":\"https:\\\/\\\/www.kieslect.com\\\/vi\\\/#listItem\",\"position\":1,\"name\":\"Home\",\"item\":\"https:\\\/\\\/www.kieslect.com\\\/vi\\\/\",\"nextItem\":\"https:\\\/\\\/www.kieslect.com\\\/vi\\\/share-your-actor-ks3-smartwatch-moments-win-amazing-gifts\\\/#listItem\"},{\"@type\":\"ListItem\",\"@id\":\"https:\\\/\\\/www.kieslect.com\\\/vi\\\/share-your-actor-ks3-smartwatch-moments-win-amazing-gifts\\\/#listItem\",\"position\":2,\"name\":\"Share your Actor\\\/Ks3 smartwatch moments, win Amazing gifts\",\"previousItem\":\"https:\\\/\\\/www.kieslect.com\\\/vi\\\/#listItem\"}]},{\"@type\":\"Organization\",\"@id\":\"https:\\\/\\\/www.kieslect.com\\\/vi\\\/#organization\",\"name\":\"Kieslect Smartwatch\",\"description\":\"A Trusted Global Provider of Smart Wearable Solution\",\"url\":\"https:\\\/\\\/www.kieslect.com\\\/vi\\\/\",\"logo\":{\"@type\":\"ImageObject\",\"url\":\"https:\\\/\\\/www.kieslect.com\\\/wp-content\\\/uploads\\\/2024\\\/01\\\/Kieslect-Logo-2_1_335x75_crop_center-1.webp\",\"@id\":\"https:\\\/\\\/www.kieslect.com\\\/vi\\\/share-your-actor-ks3-smartwatch-moments-win-amazing-gifts\\\/#organizationLogo\",\"width\":335,\"height\":75},\"image\":{\"@id\":\"https:\\\/\\\/www.kieslect.com\\\/vi\\\/share-your-actor-ks3-smartwatch-moments-win-amazing-gifts\\\/#organizationLogo\"},\"sameAs\":[\"https:\\\/\\\/www.facebook.com\\\/KieslectOfficial\\\/\",\"https:\\\/\\\/twitter.com\\\/kieslect\",\"https:\\\/\\\/www.instagram.com\\\/kieslect\\\/\"]},{\"@type\":\"WebPage\",\"@id\":\"https:\\\/\\\/www.kieslect.com\\\/vi\\\/share-your-actor-ks3-smartwatch-moments-win-amazing-gifts\\\/#webpage\",\"url\":\"https:\\\/\\\/www.kieslect.com\\\/vi\\\/share-your-actor-ks3-smartwatch-moments-win-amazing-gifts\\\/\",\"name\":\"Share your Actor\\\/Ks3 smartwatch moments, win Amazing gifts - Kieslect\",\"description\":\"Share your Actor\\\/Ks3 momentswin Amazing gifts Participate by December 31, 2024. Unwrap and Win! Participate by December 31, 2024. 1. Share a video of \\u226560 seconds about your experience with Actor\\\/Ks3 on Facebook or Instagram. 2. Tag and mention @kieslectofficial OR your local @kieslect account. 3. Get \\u226520 comments on your post. Guaranteed Gift:\",\"inLanguage\":\"vi\",\"isPartOf\":{\"@id\":\"https:\\\/\\\/www.kieslect.com\\\/vi\\\/#website\"},\"breadcrumb\":{\"@id\":\"https:\\\/\\\/www.kieslect.com\\\/vi\\\/share-your-actor-ks3-smartwatch-moments-win-amazing-gifts\\\/#breadcrumblist\"},\"datePublished\":\"2024-09-09T18:40:03+08:00\",\"dateModified\":\"2025-04-07T09:35:20+08:00\"},{\"@type\":\"WebSite\",\"@id\":\"https:\\\/\\\/www.kieslect.com\\\/vi\\\/#website\",\"url\":\"https:\\\/\\\/www.kieslect.com\\\/vi\\\/\",\"name\":\"Kieslect\",\"description\":\"A Trusted Global Provider of Smart Wearable Solution\",\"inLanguage\":\"vi\",\"publisher\":{\"@id\":\"https:\\\/\\\/www.kieslect.com\\\/vi\\\/#organization\"}}]}\n\t\t<\/script>\n\t\t<!-- All in One SEO Pro -->\r\n\t\t<title>Share your Actor\/Ks3 smartwatch moments, win Amazing gifts - Kieslect<\/title>\n\n","aioseo_head_json":{"title":"Share your Actor\/Ks3 smartwatch moments, win Amazing gifts - Kieslect","description":"Share your Actor\/Ks3 momentswin Amazing gifts Participate by December 31, 2024. Unwrap and Win! Participate by December 31, 2024. 1. Share a video of \u226560 seconds about your experience with Actor\/Ks3 on Facebook or Instagram. 2. Tag and mention @kieslectofficial OR your local @kieslect account. 3. Get \u226520 comments on your post. Guaranteed Gift:","canonical_url":"https:\/\/www.kieslect.com\/vi\/share-your-actor-ks3-smartwatch-moments-win-amazing-gifts\/","robots":"max-image-preview:large","keywords":"","webmasterTools":{"miscellaneous":""},"og:locale":"vi_VN","og:site_name":"Kieslect - A Trusted Global Provider of Smart Wearable Solution","og:type":"article","og:title":"Share your Actor\/Ks3 smartwatch moments, win Amazing gifts - Kieslect","og:description":"Share your Actor\/Ks3 momentswin Amazing gifts Participate by December 31, 2024. Unwrap and Win! Participate by December 31, 2024. 1. Share a video of \u226560 seconds about your experience with Actor\/Ks3 on Facebook or Instagram. 2. Tag and mention @kieslectofficial OR your local @kieslect account. 3. Get \u226520 comments on your post. Guaranteed Gift:","og:url":"https:\/\/www.kieslect.com\/vi\/share-your-actor-ks3-smartwatch-moments-win-amazing-gifts\/","og:image":"https:\/\/www.kieslect.com\/wp-content\/uploads\/replace\/83a7c94e588d71936bb1ab2a1c752869.jpeg","og:image:secure_url":"https:\/\/www.kieslect.com\/wp-content\/uploads\/replace\/83a7c94e588d71936bb1ab2a1c752869.jpeg","og:image:width":300,"og:image:height":169,"article:published_time":"2024-09-09T10:40:03+00:00","article:modified_time":"2025-04-07T01:35:20+00:00","article:publisher":"https:\/\/www.facebook.com\/KieslectOfficial\/","twitter:card":"summary_large_image","twitter:site":"@kieslect","twitter:title":"Share your Actor\/Ks3 smartwatch moments, win Amazing gifts - Kieslect","twitter:description":"Share your Actor\/Ks3 momentswin Amazing gifts Participate by December 31, 2024. Unwrap and Win! Participate by December 31, 2024. 1. Share a video of \u226560 seconds about your experience with Actor\/Ks3 on Facebook or Instagram. 2. Tag and mention @kieslectofficial OR your local @kieslect account. 3. Get \u226520 comments on your post. Guaranteed Gift:","twitter:creator":"@kieslect","twitter:image":"https:\/\/www.kieslect.com\/wp-content\/uploads\/replace\/83a7c94e588d71936bb1ab2a1c752869.jpeg","schema":{"@context":"https:\/\/schema.org","@graph":[{"@type":"BreadcrumbList","@id":"https:\/\/www.kieslect.com\/vi\/share-your-actor-ks3-smartwatch-moments-win-amazing-gifts\/#breadcrumblist","itemListElement":[{"@type":"ListItem","@id":"https:\/\/www.kieslect.com\/vi\/#listItem","position":1,"name":"Home","item":"https:\/\/www.kieslect.com\/vi\/","nextItem":"https:\/\/www.kieslect.com\/vi\/share-your-actor-ks3-smartwatch-moments-win-amazing-gifts\/#listItem"},{"@type":"ListItem","@id":"https:\/\/www.kieslect.com\/vi\/share-your-actor-ks3-smartwatch-moments-win-amazing-gifts\/#listItem","position":2,"name":"Share your Actor\/Ks3 smartwatch moments, win Amazing gifts","previousItem":"https:\/\/www.kieslect.com\/vi\/#listItem"}]},{"@type":"Organization","@id":"https:\/\/www.kieslect.com\/vi\/#organization","name":"Kieslect Smartwatch","description":"A Trusted Global Provider of Smart Wearable Solution","url":"https:\/\/www.kieslect.com\/vi\/","logo":{"@type":"ImageObject","url":"https:\/\/www.kieslect.com\/wp-content\/uploads\/2024\/01\/Kieslect-Logo-2_1_335x75_crop_center-1.webp","@id":"https:\/\/www.kieslect.com\/vi\/share-your-actor-ks3-smartwatch-moments-win-amazing-gifts\/#organizationLogo","width":335,"height":75},"image":{"@id":"https:\/\/www.kieslect.com\/vi\/share-your-actor-ks3-smartwatch-moments-win-amazing-gifts\/#organizationLogo"},"sameAs":["https:\/\/www.facebook.com\/KieslectOfficial\/","https:\/\/twitter.com\/kieslect","https:\/\/www.instagram.com\/kieslect\/"]},{"@type":"WebPage","@id":"https:\/\/www.kieslect.com\/vi\/share-your-actor-ks3-smartwatch-moments-win-amazing-gifts\/#webpage","url":"https:\/\/www.kieslect.com\/vi\/share-your-actor-ks3-smartwatch-moments-win-amazing-gifts\/","name":"Share your Actor\/Ks3 smartwatch moments, win Amazing gifts - Kieslect","description":"Share your Actor\/Ks3 momentswin Amazing gifts Participate by December 31, 2024. Unwrap and Win! Participate by December 31, 2024. 1. Share a video of \u226560 seconds about your experience with Actor\/Ks3 on Facebook or Instagram. 2. Tag and mention @kieslectofficial OR your local @kieslect account. 3. Get \u226520 comments on your post. Guaranteed Gift:","inLanguage":"vi","isPartOf":{"@id":"https:\/\/www.kieslect.com\/vi\/#website"},"breadcrumb":{"@id":"https:\/\/www.kieslect.com\/vi\/share-your-actor-ks3-smartwatch-moments-win-amazing-gifts\/#breadcrumblist"},"datePublished":"2024-09-09T18:40:03+08:00","dateModified":"2025-04-07T09:35:20+08:00"},{"@type":"WebSite","@id":"https:\/\/www.kieslect.com\/vi\/#website","url":"https:\/\/www.kieslect.com\/vi\/","name":"Kieslect","description":"A Trusted Global Provider of Smart Wearable Solution","inLanguage":"vi","publisher":{"@id":"https:\/\/www.kieslect.com\/vi\/#organization"}}]}},"aioseo_meta_data":{"post_id":"30069","title":null,"description":null,"keywords":null,"keyphrases":"{\"focus\":{\"keyphrase\":\"\",\"score\":0,\"analysis\":{\"keyphraseInTitle\":{\"score\":0,\"maxScore\":9,\"error\":1}}},\"additional\":[]}","primary_term":null,"canonical_url":null,"og_title":null,"og_description":null,"og_object_type":"default","og_image_type":"default","og_image_url":null,"og_image_width":null,"og_image_height":null,"og_image_custom_url":null,"og_image_custom_fields":null,"og_video":"","og_custom_url":null,"og_article_section":null,"og_article_tags":null,"twitter_use_og":false,"twitter_card":"default","twitter_image_type":"default","twitter_image_url":null,"twitter_image_custom_url":null,"twitter_image_custom_fields":null,"twitter_title":null,"twitter_description":null,"schema":{"blockGraphs":[],"customGraphs":[],"default":{"data":{"Article":[],"Course":[],"Dataset":[],"FAQPage":[],"Movie":[],"Person":[],"Product":[],"Recipe":[],"Service":[],"SoftwareApplication":[],"WebPage":[]},"graphName":"WebPage","isEnabled":true},"graphs":[]},"schema_type":"default","schema_type_options":null,"pillar_content":false,"robots_default":true,"robots_noindex":false,"robots_noarchive":false,"robots_nosnippet":false,"robots_nofollow":false,"robots_noimageindex":false,"robots_noodp":false,"robots_notranslate":false,"robots_max_snippet":"-1","robots_max_videopreview":"-1","robots_max_imagepreview":"large","priority":null,"frequency":"default","local_seo":null,"limit_modified_date":false,"created":"2024-09-09 10:40:03","updated":"2025-04-26 08:31:24"},"aioseo_breadcrumb":"<div class=\"aioseo-breadcrumbs\"><span class=\"aioseo-breadcrumb\">\n\t<a href=\"https:\/\/www.kieslect.com\/vi\" title=\"Home\">Home<\/a>\n<\/span><span class=\"aioseo-breadcrumb-separator\">&raquo;<\/span><span class=\"aioseo-breadcrumb\">\n\tShare your Actor\/Ks3 smartwatch moments, win Amazing gifts\n<\/span><\/div>","aioseo_breadcrumb_json":[{"label":"Home","link":"https:\/\/www.kieslect.com\/vi"},{"label":"Share your Actor\/Ks3 smartwatch moments, win Amazing gifts","link":"https:\/\/www.kieslect.com\/vi\/share-your-actor-ks3-smartwatch-moments-win-amazing-gifts\/"}],"_links":{"self":[{"href":"https:\/\/www.kieslect.com\/vi\/wp-json\/wp\/v2\/pages\/30069","targetHints":{"allow":["GET"]}}],"collection":[{"href":"https:\/\/www.kieslect.com\/vi\/wp-json\/wp\/v2\/pages"}],"about":[{"href":"https:\/\/www.kieslect.com\/vi\/wp-json\/wp\/v2\/types\/page"}],"author":[{"embeddable":true,"href":"https:\/\/www.kieslect.com\/vi\/wp-json\/wp\/v2\/users\/1"}],"replies":[{"embeddable":true,"href":"https:\/\/www.kieslect.com\/vi\/wp-json\/wp\/v2\/comments?post=30069"}],"version-history":[{"count":0,"href":"https:\/\/www.kieslect.com\/vi\/wp-json\/wp\/v2\/pages\/30069\/revisions"}],"wp:attachment":[{"href":"https:\/\/www.kieslect.com\/vi\/wp-json\/wp\/v2\/media?parent=30069"}],"curies":[{"name":"wp","href":"https:\/\/api.w.org\/{rel}","templated":true}]}}