{"id":23753,"date":"2024-01-16T11:47:50","date_gmt":"2024-01-16T11:47:50","guid":{"rendered":"http:\/\/www.kieslect.com\/?post_type=product&#038;p=23753"},"modified":"2026-05-11T02:17:48","modified_gmt":"2026-05-10T18:17:48","slug":"kieslect-lady-calling-smartwatch-lora","status":"publish","type":"product","link":"https:\/\/www.kieslect.com\/tr\/urun\/kieslect-lady-calling-smartwatch-lora\/","title":{"rendered":"Kieslect Bayan Ak\u0131ll\u0131 Saat Lora&#039;y\u0131 Ar\u0131yor"},"content":{"rendered":"<div class=\"rte\">\n<section id=\"shopify-section-template--16842752917756__fe7b8f77-0695-4670-81e4-15f5004851aa\" class=\"shopify-section spaced-section\">\n<div class=\"row\">\n<p><img decoding=\"async\" src=\"\/wp-content\/uploads\/replace\/88d207c9a36eef40eac7129e4ec3387d.jpeg\" alt=\"Kieslect Loar Smartwatch\" \/><img decoding=\"async\" src=\"\/wp-content\/uploads\/replace\/96f333dc68cc22a16d4684d3e46588a6.jpeg\" alt=\"Kieslect Loar Smartwatch\" \/><img decoding=\"async\" src=\"\/wp-content\/uploads\/replace\/ff7ae6434569d6f97428a342e984e32d.jpeg\" alt=\"Kieslect Loar Smartwatch\" \/><img decoding=\"async\" src=\"\/wp-content\/uploads\/replace\/fb080d37f962c0fcdc91b0aac69d6798.jpeg\" alt=\"lora smartwatch\" \/><img decoding=\"async\" src=\"\/wp-content\/uploads\/replace\/e5c9c21bc1f8a25efd9062e23fde62b9.jpeg\" alt=\"Kieslect Loar Smartwatch\" \/><img decoding=\"async\" src=\"\/wp-content\/uploads\/replace\/ad5a2490a2a5d249c22ad0aacef28c7a.jpeg\" alt=\"Kieslect Loar Smartwatch\" \/><img decoding=\"async\" src=\"\/wp-content\/uploads\/replace\/e9602dece2d0c55acacb7fdfdd91cc4d.jpeg\" alt=\"Kieslect Loar Smartwatch\" \/><img decoding=\"async\" src=\"\/wp-content\/uploads\/replace\/fc759509b7e8552298bc6f4af11f0167.jpeg\" alt=\"Kieslect Loar Smartwatch\" \/><img decoding=\"async\" src=\"\/wp-content\/uploads\/replace\/d84681d588851a585985b8f9acb1da78.jpeg\" alt=\"Kieslect Loar Smartwatch\" \/><img decoding=\"async\" src=\"\/wp-content\/uploads\/replace\/0e2f8b9c5cd8d3efda62e1598f7c4bf8.jpeg\" alt=\"Kieslect Loar Smartwatch\" \/><img decoding=\"async\" src=\"\/wp-content\/uploads\/replace\/7be97d22e842bd999bbdda41f8385143.jpeg\" alt=\"Kieslect Loar Smartwatch\" \/><img decoding=\"async\" src=\"\/wp-content\/uploads\/replace\/1645a771ab68a6850004490edf6af789.jpeg\" alt=\"kieslect_lora_smartwatch\" \/><img decoding=\"async\" src=\"\/wp-content\/uploads\/replace\/18237122a941e1c443a42f8e0ff77d36.jpeg\" alt=\"Kieslect Lady Calling Smartwatch Lora\" \/><\/p>\n<p><strong>Kieslect Bayan Arayan Saat Lora \u00d6zellikleri:<\/strong><\/p>\n<p><strong>\u25cf 3D Tam G\u00f6r\u00fcn\u00fcml\u00fc Renkli Ekran<\/strong>.<br \/>\nLora, \u00e7arp\u0131c\u0131 bir 3D k\u00fcresel tam g\u00f6r\u00fc\u015fl\u00fc renkli Yar\u0131 Amoled ekrana sahiptir.<\/p>\n<p><strong>\u25cf Solmaz Al\u00fcminyum Kasa.<\/strong><br \/>\nSolmaz Al\u00fcminyum Ala\u015f\u0131ml\u0131 kasa ile \u015f\u0131k bir tasar\u0131mla birle\u015ftirilmi\u015ftir. Muhte\u015fem g\u00f6r\u00fcn\u00fcm\u00fc, saatin hem g\u00fcndelik hem de resmi k\u0131yafetleriniz i\u00e7in etkileyici ve \u015f\u0131k bir aksesuar olmas\u0131n\u0131 sa\u011flayarak genel tarz\u0131n\u0131z\u0131 y\u00fckseltir.<\/p>\n<p><strong>\u25cf Kararl\u0131 Bluetooth Aramas\u0131.<\/strong><br \/>\nD\u00fcnya \u00e7ap\u0131nda \u00f6zel yonga seti ile s\u00fcper kararl\u0131 ba\u011flant\u0131, Lora&#039;dan sorunsuz aramalar\u0131n keyfini \u00e7\u0131karabilirsiniz.<br \/>\nLora, \u00fcst\u00fcn dahili hoparl\u00f6rlere ve mikrofonlara sahiptir; cep telefonunuzu elinize alman\u0131n zor oldu\u011fu durumlarda \u00e7a\u011fr\u0131lar\u0131 saatinizden yan\u0131tlaman\u0131za olanak tan\u0131r ve ola\u011fan\u00fcst\u00fc kalitede ses sunar.<\/p>\n<p><strong>\u25cf \u00c7a\u011fr\u0131lar\u0131 Do\u011frudan Bilekten Al\u0131n.<\/strong><br \/>\nKlavyeyi kullanarak \u00e7a\u011fr\u0131lar\u0131 kolayca alabilir, reddedebilir, geri arayabilir, d\u0131\u015far\u0131 \u00e7evirebilir ve ki\u015fileri kolayca kaydedebilirsiniz. Y\u00fcr\u00fcy\u00fc\u015fe \u00e7\u0131kt\u0131\u011f\u0131n\u0131zda, egzersiz yapt\u0131\u011f\u0131n\u0131zda veya kanepede uzand\u0131\u011f\u0131n\u0131zda \u00f6nemli \u00e7a\u011fr\u0131lar\u0131 ka\u00e7\u0131rmamak i\u00e7in Lora&#039;y\u0131 cep telefonunuza ba\u011flay\u0131n. H\u0131zl\u0131 mesaj yan\u0131t\u0131 (\u015fu anda IOS taraf\u0131ndan desteklenmiyor, yaln\u0131zca Android). Tehlike geldi\u011finde \u00e7ift t\u0131klay\u0131n, SOS etkinle\u015ftirin.<\/p>\n<p><strong>\u25cf Bilekte Hifi Hefnition M\u00fczik \u00c7alma Listesi.<\/strong><br \/>\nAk\u0131ll\u0131 telefonunuzdaki m\u00fczi\u011fi Bluetooth 5.2 arac\u0131l\u0131\u011f\u0131yla kontrol edebilmeniz i\u00e7in mobil m\u00fczik \u00e7alma Lora ile desteklenir.<br \/>\nLora ile egzersiz yaparken, y\u00fcr\u00fcy\u00fc\u015f yaparken ve k\u00f6pe\u011finizi gezdirirken \u00fcst\u00fcn HD m\u00fczi\u011fin keyfini rahat\u00e7a \u00e7\u0131karabilirsiniz.<\/p>\n<p><strong>\u25cf Premium Bantlarla Tarz\u0131n\u0131z\u0131 De\u011fi\u015ftirin.<\/strong><br \/>\nTarz\u0131n\u0131z\u0131 de\u011fi\u015ftirmeniz i\u00e7in benzersiz tasar\u0131mlara sahip \u00e7e\u015fitli yedek saat kay\u0131\u015flar\u0131 iste\u011fe ba\u011fl\u0131d\u0131r!<\/p>\n<p><strong>\u25cf Sesli Asistanla Ak\u0131ll\u0131 Ya\u015fam.<\/strong><br \/>\nAsistan, Lora ak\u0131ll\u0131 ya\u015fam asistan\u0131n\u0131z olarak hareket ediyor. Lora&#039;ya &quot;Annemi ara&quot;, &quot;M\u00fczik \u00c7al&quot; deyin.<\/p>\n<p><strong>\u25cf H\u0131zl\u0131 A\u00e7\u0131lan Manyetik Kay\u0131\u015f.<\/strong><br \/>\nD\u00f6rt \u00e7e\u015fit premium kollokasyonla moda trendine \u00f6nc\u00fcl\u00fck ediyoruz.<br \/>\nSilikon ve metal malzemenin m\u00fckemmel birle\u015fimi sayesinde rahatl\u0131k hissi.<br \/>\nGeleneksel tokalar\u0131n hizalanmas\u0131 gerekmeden tak\u0131lmas\u0131 ve \u00e7\u0131kar\u0131lmas\u0131 kolayd\u0131r.<\/p>\n<\/div>\n<\/section>\n<div id=\"shopify-section-template--16842752917756__bac5a253-d4e3-4184-ab68-f6c69f24403d\" class=\"shopify-section\">\n<div class=\"row\">\n<div class=\"small-12 columns\"><\/div>\n<\/div>\n<\/div>\n<\/div>","protected":false},"excerpt":{"rendered":"<ul>\n<li>\ud83c\udf88 Bir Bedava Bir Pembe Deri Kay\u0131\u015f Sat\u0131n Al\u0131n<\/li>\n<li>\ud83c\udf88 BlingBling Prenses Kay\u0131\u015f\u0131<\/li>\n<li>\ud83c\udf88 Muhte\u015fem 3D Tam G\u00f6r\u00fcn\u00fcml\u00fc K\u00fcresel Kabarc\u0131k Ekran<\/li>\n<li>\ud83c\udf88 Stabil BT Aramalar\u0131, K\u00fcresel 2&#039;si 1 Arada Arama \u00c7ipi<\/li>\n<li>\ud83c\udf88 Bilekte M\u00fczik \u00c7alar<\/li>\n<li>\ud83c\udf88 Hem Android hem de IOS i\u00e7in<\/li>\n<\/ul>","protected":false},"featured_media":23865,"comment_status":"open","ping_status":"closed","template":"","meta":[],"product_brand":[],"product_cat":[15,463,462,416,460,459,458],"product_tag":[],"class_list":{"0":"post-23753","1":"product","2":"type-product","3":"status-publish","4":"has-post-thumbnail","6":"product_cat-smartwatch","7":"product_cat-calling-smartwatch","8":"product_cat-calling-watch","9":"product_cat-lady-series","10":"product_cat-lady-smartwatch","11":"product_cat-lady-watch","12":"product_cat-smartwatch-for-woman","14":"first","15":"instock","16":"shipping-taxable","17":"product-type-external"},"aioseo_notices":[],"aioseo_head":"\n\t\t<!-- All in One SEO Pro 4.6.5 - aioseo.com -->\n\t\t<meta name=\"description\" content=\"\ud83c\udf88 Buy One Free One Pink Leather Strap \ud83c\udf88 BlingBling Princess Strap \ud83c\udf88 Gorgerous 3D Fullview Spherical Bubble Screen \ud83c\udf88 Stable BT Calls, Global 2-in-1 Calling Chip \ud83c\udf88 Music Player on the wrist \ud83c\udf88 For both Android and IOS\" \/>\n\t\t<meta name=\"robots\" content=\"max-image-preview:large\" \/>\n\t\t<link rel=\"canonical\" href=\"https:\/\/www.kieslect.com\/tr\/urun\/kieslect-lady-calling-smartwatch-lora\/\" \/>\n\t\t<meta name=\"generator\" content=\"All in One SEO Pro (AIOSEO) 4.6.5\" \/>\n\t\t<meta property=\"og:locale\" content=\"tr_TR\" \/>\n\t\t<meta property=\"og:site_name\" content=\"Kieslect - A Trusted Global Provider of Smart Wearable Solution\" \/>\n\t\t<meta property=\"og:type\" content=\"article\" \/>\n\t\t<meta property=\"og:title\" content=\"Kieslect Lady Calling Smartwatch Lora - Kieslect\" \/>\n\t\t<meta property=\"og:description\" content=\"\ud83c\udf88 Buy One Free One Pink Leather Strap \ud83c\udf88 BlingBling Princess Strap \ud83c\udf88 Gorgerous 3D Fullview Spherical Bubble Screen \ud83c\udf88 Stable BT Calls, Global 2-in-1 Calling Chip \ud83c\udf88 Music Player on the wrist \ud83c\udf88 For both Android and IOS\" \/>\n\t\t<meta property=\"og:url\" content=\"https:\/\/www.kieslect.com\/tr\/urun\/kieslect-lady-calling-smartwatch-lora\/\" \/>\n\t\t<meta property=\"og:image\" content=\"https:\/\/www.kieslect.com\/wp-content\/uploads\/replace\/83a7c94e588d71936bb1ab2a1c752869.jpeg\" \/>\n\t\t<meta property=\"og:image:secure_url\" content=\"https:\/\/www.kieslect.com\/wp-content\/uploads\/replace\/83a7c94e588d71936bb1ab2a1c752869.jpeg\" \/>\n\t\t<meta property=\"og:image:width\" content=\"300\" \/>\n\t\t<meta property=\"og:image:height\" content=\"169\" \/>\n\t\t<meta property=\"article:published_time\" content=\"2024-01-16T11:47:50+00:00\" \/>\n\t\t<meta property=\"article:modified_time\" content=\"2026-05-10T18:17:48+00:00\" \/>\n\t\t<meta property=\"article:publisher\" content=\"https:\/\/www.facebook.com\/KieslectOfficial\/\" \/>\n\t\t<meta name=\"twitter:card\" content=\"summary_large_image\" \/>\n\t\t<meta name=\"twitter:site\" content=\"@kieslect\" \/>\n\t\t<meta name=\"twitter:title\" content=\"Kieslect Lady Calling Smartwatch Lora - Kieslect\" \/>\n\t\t<meta name=\"twitter:description\" content=\"\ud83c\udf88 Buy One Free One Pink Leather Strap \ud83c\udf88 BlingBling Princess Strap \ud83c\udf88 Gorgerous 3D Fullview Spherical Bubble Screen \ud83c\udf88 Stable BT Calls, Global 2-in-1 Calling Chip \ud83c\udf88 Music Player on the wrist \ud83c\udf88 For both Android and IOS\" \/>\n\t\t<meta name=\"twitter:creator\" content=\"@kieslect\" \/>\n\t\t<meta name=\"twitter:image\" content=\"https:\/\/www.kieslect.com\/wp-content\/uploads\/replace\/83a7c94e588d71936bb1ab2a1c752869.jpeg\" \/>\n\t\t<script type=\"application\/ld+json\" class=\"aioseo-schema\">\n\t\t\t{\"@context\":\"https:\\\/\\\/schema.org\",\"@graph\":[{\"@type\":\"BreadcrumbList\",\"@id\":\"https:\\\/\\\/www.kieslect.com\\\/tr\\\/urun\\\/kieslect-lady-calling-smartwatch-lora\\\/#breadcrumblist\",\"itemListElement\":[{\"@type\":\"ListItem\",\"@id\":\"https:\\\/\\\/www.kieslect.com\\\/tr\\\/#listItem\",\"position\":1,\"name\":\"Home\",\"item\":\"https:\\\/\\\/www.kieslect.com\\\/tr\\\/\",\"nextItem\":\"https:\\\/\\\/www.kieslect.com\\\/tr\\\/urun\\\/kieslect-lady-calling-smartwatch-lora\\\/#listItem\"},{\"@type\":\"ListItem\",\"@id\":\"https:\\\/\\\/www.kieslect.com\\\/tr\\\/urun\\\/kieslect-lady-calling-smartwatch-lora\\\/#listItem\",\"position\":2,\"name\":\"Kieslect Lady Calling Smartwatch Lora\",\"previousItem\":\"https:\\\/\\\/www.kieslect.com\\\/tr\\\/#listItem\"}]},{\"@type\":\"Organization\",\"@id\":\"https:\\\/\\\/www.kieslect.com\\\/tr\\\/#organization\",\"name\":\"Kieslect Smartwatch\",\"description\":\"A Trusted Global Provider of Smart Wearable Solution\",\"url\":\"https:\\\/\\\/www.kieslect.com\\\/tr\\\/\",\"logo\":{\"@type\":\"ImageObject\",\"url\":\"https:\\\/\\\/www.kieslect.com\\\/wp-content\\\/uploads\\\/2024\\\/01\\\/Kieslect-Logo-2_1_335x75_crop_center-1.webp\",\"@id\":\"https:\\\/\\\/www.kieslect.com\\\/tr\\\/urun\\\/kieslect-lady-calling-smartwatch-lora\\\/#organizationLogo\",\"width\":335,\"height\":75},\"image\":{\"@id\":\"https:\\\/\\\/www.kieslect.com\\\/tr\\\/urun\\\/kieslect-lady-calling-smartwatch-lora\\\/#organizationLogo\"},\"sameAs\":[\"https:\\\/\\\/www.facebook.com\\\/KieslectOfficial\\\/\",\"https:\\\/\\\/twitter.com\\\/kieslect\",\"https:\\\/\\\/www.instagram.com\\\/kieslect\\\/\"]},{\"@type\":\"Product\",\"@id\":\"https:\\\/\\\/www.kieslect.com\\\/tr\\\/urun\\\/kieslect-lady-calling-smartwatch-lora\\\/#wooCommerceProduct\",\"name\":\"Kieslect Lady Calling Smartwatch Lora\",\"description\":\"\\ud83c\\udf88 Buy One Free One Pink Leather Strap\\r\\n \\t\\ud83c\\udf88 BlingBling Princess Strap\\r\\n \\t\\ud83c\\udf88 Gorgerous 3D Fullview Spherical Bubble Screen\\r\\n \\t\\ud83c\\udf88 Stable BT Calls, Global 2-in-1 Calling Chip\\r\\n \\t\\ud83c\\udf88 Music Player on the wrist\\r\\n \\t\\ud83c\\udf88 For both Android and IOS\",\"url\":\"https:\\\/\\\/www.kieslect.com\\\/tr\\\/urun\\\/kieslect-lady-calling-smartwatch-lora\\\/\",\"image\":{\"@type\":\"ImageObject\",\"url\":\"https:\\\/\\\/www.kieslect.com\\\/wp-content\\\/uploads\\\/2024\\\/01\\\/lora_68687576-a841-41e5-bd14-d77044a7dfb8_610x_crop_center.webp\",\"@id\":\"https:\\\/\\\/www.kieslect.com\\\/tr\\\/urun\\\/kieslect-lady-calling-smartwatch-lora\\\/#productImage\",\"width\":610,\"height\":610},\"offers\":{\"@type\":\"Offer\",\"url\":\"https:\\\/\\\/www.kieslect.com\\\/tr\\\/urun\\\/kieslect-lady-calling-smartwatch-lora\\\/#wooCommerceOffer\",\"price\":0,\"priceCurrency\":\"USD\",\"category\":\"Smartwatch\",\"availability\":\"https:\\\/\\\/schema.org\\\/InStock\",\"seller\":{\"@type\":\"Organization\",\"@id\":\"https:\\\/\\\/www.kieslect.com\\\/tr\\\/#organization\"}}},{\"@type\":\"WebPage\",\"@id\":\"https:\\\/\\\/www.kieslect.com\\\/tr\\\/urun\\\/kieslect-lady-calling-smartwatch-lora\\\/#webpage\",\"url\":\"https:\\\/\\\/www.kieslect.com\\\/tr\\\/urun\\\/kieslect-lady-calling-smartwatch-lora\\\/\",\"name\":\"Kieslect Lady Calling Smartwatch Lora - Kieslect\",\"description\":\"\\ud83c\\udf88 Buy One Free One Pink Leather Strap \\ud83c\\udf88 BlingBling Princess Strap \\ud83c\\udf88 Gorgerous 3D Fullview Spherical Bubble Screen \\ud83c\\udf88 Stable BT Calls, Global 2-in-1 Calling Chip \\ud83c\\udf88 Music Player on the wrist \\ud83c\\udf88 For both Android and IOS\",\"inLanguage\":\"tr-TR\",\"isPartOf\":{\"@id\":\"https:\\\/\\\/www.kieslect.com\\\/tr\\\/#website\"},\"breadcrumb\":{\"@id\":\"https:\\\/\\\/www.kieslect.com\\\/tr\\\/urun\\\/kieslect-lady-calling-smartwatch-lora\\\/#breadcrumblist\"},\"image\":{\"@type\":\"ImageObject\",\"url\":\"https:\\\/\\\/www.kieslect.com\\\/wp-content\\\/uploads\\\/2024\\\/01\\\/lora_68687576-a841-41e5-bd14-d77044a7dfb8_610x_crop_center.webp\",\"@id\":\"https:\\\/\\\/www.kieslect.com\\\/tr\\\/urun\\\/kieslect-lady-calling-smartwatch-lora\\\/#mainImage\",\"width\":610,\"height\":610},\"primaryImageOfPage\":{\"@id\":\"https:\\\/\\\/www.kieslect.com\\\/tr\\\/urun\\\/kieslect-lady-calling-smartwatch-lora\\\/#mainImage\"},\"datePublished\":\"2024-01-16T11:47:50+08:00\",\"dateModified\":\"2026-05-11T02:17:48+08:00\"},{\"@type\":\"WebSite\",\"@id\":\"https:\\\/\\\/www.kieslect.com\\\/tr\\\/#website\",\"url\":\"https:\\\/\\\/www.kieslect.com\\\/tr\\\/\",\"name\":\"Kieslect\",\"description\":\"A Trusted Global Provider of Smart Wearable Solution\",\"inLanguage\":\"tr-TR\",\"publisher\":{\"@id\":\"https:\\\/\\\/www.kieslect.com\\\/tr\\\/#organization\"}}]}\n\t\t<\/script>\n\t\t<!-- All in One SEO Pro -->\r\n\t\t<title>Kieslect Lady Calling Smartwatch Lora - Kieslect<\/title>\n\n","aioseo_head_json":{"title":"Kieslect Lady Calling Smartwatch Lora - Kieslect","description":"\ud83c\udf88 Buy One Free One Pink Leather Strap \ud83c\udf88 BlingBling Princess Strap \ud83c\udf88 Gorgerous 3D Fullview Spherical Bubble Screen \ud83c\udf88 Stable BT Calls, Global 2-in-1 Calling Chip \ud83c\udf88 Music Player on the wrist \ud83c\udf88 For both Android and IOS","canonical_url":"https:\/\/www.kieslect.com\/tr\/urun\/kieslect-lady-calling-smartwatch-lora\/","robots":"max-image-preview:large","keywords":"","webmasterTools":{"miscellaneous":""},"og:locale":"tr_TR","og:site_name":"Kieslect - A Trusted Global Provider of Smart Wearable Solution","og:type":"article","og:title":"Kieslect Lady Calling Smartwatch Lora - Kieslect","og:description":"\ud83c\udf88 Buy One Free One Pink Leather Strap \ud83c\udf88 BlingBling Princess Strap \ud83c\udf88 Gorgerous 3D Fullview Spherical Bubble Screen \ud83c\udf88 Stable BT Calls, Global 2-in-1 Calling Chip \ud83c\udf88 Music Player on the wrist \ud83c\udf88 For both Android and IOS","og:url":"https:\/\/www.kieslect.com\/tr\/urun\/kieslect-lady-calling-smartwatch-lora\/","og:image":"https:\/\/www.kieslect.com\/wp-content\/uploads\/replace\/83a7c94e588d71936bb1ab2a1c752869.jpeg","og:image:secure_url":"https:\/\/www.kieslect.com\/wp-content\/uploads\/replace\/83a7c94e588d71936bb1ab2a1c752869.jpeg","og:image:width":300,"og:image:height":169,"article:published_time":"2024-01-16T11:47:50+00:00","article:modified_time":"2026-05-10T18:17:48+00:00","article:publisher":"https:\/\/www.facebook.com\/KieslectOfficial\/","twitter:card":"summary_large_image","twitter:site":"@kieslect","twitter:title":"Kieslect Lady Calling Smartwatch Lora - Kieslect","twitter:description":"\ud83c\udf88 Buy One Free One Pink Leather Strap \ud83c\udf88 BlingBling Princess Strap \ud83c\udf88 Gorgerous 3D Fullview Spherical Bubble Screen \ud83c\udf88 Stable BT Calls, Global 2-in-1 Calling Chip \ud83c\udf88 Music Player on the wrist \ud83c\udf88 For both Android and IOS","twitter:creator":"@kieslect","twitter:image":"https:\/\/www.kieslect.com\/wp-content\/uploads\/replace\/83a7c94e588d71936bb1ab2a1c752869.jpeg","schema":{"@context":"https:\/\/schema.org","@graph":[{"@type":"BreadcrumbList","@id":"https:\/\/www.kieslect.com\/tr\/urun\/kieslect-lady-calling-smartwatch-lora\/#breadcrumblist","itemListElement":[{"@type":"ListItem","@id":"https:\/\/www.kieslect.com\/tr\/#listItem","position":1,"name":"Home","item":"https:\/\/www.kieslect.com\/tr\/","nextItem":"https:\/\/www.kieslect.com\/tr\/urun\/kieslect-lady-calling-smartwatch-lora\/#listItem"},{"@type":"ListItem","@id":"https:\/\/www.kieslect.com\/tr\/urun\/kieslect-lady-calling-smartwatch-lora\/#listItem","position":2,"name":"Kieslect Lady Calling Smartwatch Lora","previousItem":"https:\/\/www.kieslect.com\/tr\/#listItem"}]},{"@type":"Organization","@id":"https:\/\/www.kieslect.com\/tr\/#organization","name":"Kieslect Smartwatch","description":"A Trusted Global Provider of Smart Wearable Solution","url":"https:\/\/www.kieslect.com\/tr\/","logo":{"@type":"ImageObject","url":"https:\/\/www.kieslect.com\/wp-content\/uploads\/2024\/01\/Kieslect-Logo-2_1_335x75_crop_center-1.webp","@id":"https:\/\/www.kieslect.com\/tr\/urun\/kieslect-lady-calling-smartwatch-lora\/#organizationLogo","width":335,"height":75},"image":{"@id":"https:\/\/www.kieslect.com\/tr\/urun\/kieslect-lady-calling-smartwatch-lora\/#organizationLogo"},"sameAs":["https:\/\/www.facebook.com\/KieslectOfficial\/","https:\/\/twitter.com\/kieslect","https:\/\/www.instagram.com\/kieslect\/"]},{"@type":"Product","@id":"https:\/\/www.kieslect.com\/tr\/urun\/kieslect-lady-calling-smartwatch-lora\/#wooCommerceProduct","name":"Kieslect Lady Calling Smartwatch Lora","description":"\ud83c\udf88 Buy One Free One Pink Leather Strap\r\n \t\ud83c\udf88 BlingBling Princess Strap\r\n \t\ud83c\udf88 Gorgerous 3D Fullview Spherical Bubble Screen\r\n \t\ud83c\udf88 Stable BT Calls, Global 2-in-1 Calling Chip\r\n \t\ud83c\udf88 Music Player on the wrist\r\n \t\ud83c\udf88 For both Android and IOS","url":"https:\/\/www.kieslect.com\/tr\/urun\/kieslect-lady-calling-smartwatch-lora\/","image":{"@type":"ImageObject","url":"https:\/\/www.kieslect.com\/wp-content\/uploads\/2024\/01\/lora_68687576-a841-41e5-bd14-d77044a7dfb8_610x_crop_center.webp","@id":"https:\/\/www.kieslect.com\/tr\/urun\/kieslect-lady-calling-smartwatch-lora\/#productImage","width":610,"height":610},"offers":{"@type":"Offer","url":"https:\/\/www.kieslect.com\/tr\/urun\/kieslect-lady-calling-smartwatch-lora\/#wooCommerceOffer","price":0,"priceCurrency":"USD","category":"Smartwatch","availability":"https:\/\/schema.org\/InStock","seller":{"@type":"Organization","@id":"https:\/\/www.kieslect.com\/tr\/#organization"}}},{"@type":"WebPage","@id":"https:\/\/www.kieslect.com\/tr\/urun\/kieslect-lady-calling-smartwatch-lora\/#webpage","url":"https:\/\/www.kieslect.com\/tr\/urun\/kieslect-lady-calling-smartwatch-lora\/","name":"Kieslect Lady Calling Smartwatch Lora - Kieslect","description":"\ud83c\udf88 Buy One Free One Pink Leather Strap \ud83c\udf88 BlingBling Princess Strap \ud83c\udf88 Gorgerous 3D Fullview Spherical Bubble Screen \ud83c\udf88 Stable BT Calls, Global 2-in-1 Calling Chip \ud83c\udf88 Music Player on the wrist \ud83c\udf88 For both Android and IOS","inLanguage":"tr-TR","isPartOf":{"@id":"https:\/\/www.kieslect.com\/tr\/#website"},"breadcrumb":{"@id":"https:\/\/www.kieslect.com\/tr\/urun\/kieslect-lady-calling-smartwatch-lora\/#breadcrumblist"},"image":{"@type":"ImageObject","url":"https:\/\/www.kieslect.com\/wp-content\/uploads\/2024\/01\/lora_68687576-a841-41e5-bd14-d77044a7dfb8_610x_crop_center.webp","@id":"https:\/\/www.kieslect.com\/tr\/urun\/kieslect-lady-calling-smartwatch-lora\/#mainImage","width":610,"height":610},"primaryImageOfPage":{"@id":"https:\/\/www.kieslect.com\/tr\/urun\/kieslect-lady-calling-smartwatch-lora\/#mainImage"},"datePublished":"2024-01-16T11:47:50+08:00","dateModified":"2026-05-11T02:17:48+08:00"},{"@type":"WebSite","@id":"https:\/\/www.kieslect.com\/tr\/#website","url":"https:\/\/www.kieslect.com\/tr\/","name":"Kieslect","description":"A Trusted Global Provider of Smart Wearable Solution","inLanguage":"tr-TR","publisher":{"@id":"https:\/\/www.kieslect.com\/tr\/#organization"}}]}},"aioseo_meta_data":{"post_id":"23753","title":null,"description":null,"keywords":null,"keyphrases":"{\"focus\":{\"keyphrase\":\"\",\"score\":0,\"analysis\":{\"keyphraseInTitle\":{\"score\":0,\"maxScore\":9,\"error\":1}}},\"additional\":[]}","primary_term":null,"canonical_url":null,"og_title":null,"og_description":null,"og_object_type":"default","og_image_type":"default","og_image_url":null,"og_image_width":null,"og_image_height":null,"og_image_custom_url":null,"og_image_custom_fields":null,"og_video":"","og_custom_url":null,"og_article_section":null,"og_article_tags":null,"twitter_use_og":false,"twitter_card":"default","twitter_image_type":"default","twitter_image_url":null,"twitter_image_custom_url":null,"twitter_image_custom_fields":null,"twitter_title":null,"twitter_description":null,"schema":{"blockGraphs":[],"customGraphs":[],"default":{"data":{"Article":[],"Course":[],"Dataset":[],"FAQPage":[],"Movie":[],"Person":[],"Product":[],"Recipe":[],"Service":[],"SoftwareApplication":[],"WebPage":[]},"graphName":"Product","isEnabled":true},"graphs":[]},"schema_type":"default","schema_type_options":null,"pillar_content":false,"robots_default":true,"robots_noindex":false,"robots_noarchive":false,"robots_nosnippet":false,"robots_nofollow":false,"robots_noimageindex":false,"robots_noodp":false,"robots_notranslate":false,"robots_max_snippet":"-1","robots_max_videopreview":"-1","robots_max_imagepreview":"large","priority":null,"frequency":"default","local_seo":null,"limit_modified_date":false,"created":"2024-02-26 12:21:33","updated":"2026-05-10 18:31:54"},"aioseo_breadcrumb":"<div class=\"aioseo-breadcrumbs\"><span class=\"aioseo-breadcrumb\">\n\t<a href=\"https:\/\/www.kieslect.com\/tr\" title=\"Home\">Home<\/a>\n<\/span><span class=\"aioseo-breadcrumb-separator\">&raquo;<\/span><span class=\"aioseo-breadcrumb\">\n\t<a href=\"https:\/\/www.kieslect.com\/tr\/shop\/\" title=\"Shop\">Shop<\/a>\n<\/span><span class=\"aioseo-breadcrumb-separator\">&raquo;<\/span><span class=\"aioseo-breadcrumb\">\n\t<a href=\"https:\/\/www.kieslect.com\/tr\/urun-kategori\/smartwatch\/\" title=\"Smartwatch\">Smartwatch<\/a>\n<\/span><span class=\"aioseo-breadcrumb-separator\">&raquo;<\/span><span class=\"aioseo-breadcrumb\">\n\t<a href=\"https:\/\/www.kieslect.com\/tr\/urun-kategori\/smartwatch\/lady-series\/\" title=\"Lady Series\">Lady Series<\/a>\n<\/span><span class=\"aioseo-breadcrumb-separator\">&raquo;<\/span><span class=\"aioseo-breadcrumb\">\n\tKieslect Lady Calling Smartwatch Lora\n<\/span><\/div>","aioseo_breadcrumb_json":[{"label":"Home","link":"https:\/\/www.kieslect.com\/tr"},{"label":"Shop","link":"https:\/\/www.kieslect.com\/tr\/shop\/"},{"label":"Smartwatch","link":"https:\/\/www.kieslect.com\/tr\/urun-kategori\/smartwatch\/"},{"label":"Lady Series","link":"https:\/\/www.kieslect.com\/tr\/urun-kategori\/smartwatch\/lady-series\/"},{"label":"Kieslect Lady Calling Smartwatch Lora","link":"https:\/\/www.kieslect.com\/tr\/urun\/kieslect-lady-calling-smartwatch-lora\/"}],"_links":{"self":[{"href":"https:\/\/www.kieslect.com\/tr\/wp-json\/wp\/v2\/product\/23753","targetHints":{"allow":["GET"]}}],"collection":[{"href":"https:\/\/www.kieslect.com\/tr\/wp-json\/wp\/v2\/product"}],"about":[{"href":"https:\/\/www.kieslect.com\/tr\/wp-json\/wp\/v2\/types\/product"}],"replies":[{"embeddable":true,"href":"https:\/\/www.kieslect.com\/tr\/wp-json\/wp\/v2\/comments?post=23753"}],"version-history":[{"count":0,"href":"https:\/\/www.kieslect.com\/tr\/wp-json\/wp\/v2\/product\/23753\/revisions"}],"wp:featuredmedia":[{"embeddable":true,"href":"https:\/\/www.kieslect.com\/tr\/wp-json\/wp\/v2\/media\/23865"}],"wp:attachment":[{"href":"https:\/\/www.kieslect.com\/tr\/wp-json\/wp\/v2\/media?parent=23753"}],"wp:term":[{"taxonomy":"product_brand","embeddable":true,"href":"https:\/\/www.kieslect.com\/tr\/wp-json\/wp\/v2\/product_brand?post=23753"},{"taxonomy":"product_cat","embeddable":true,"href":"https:\/\/www.kieslect.com\/tr\/wp-json\/wp\/v2\/product_cat?post=23753"},{"taxonomy":"product_tag","embeddable":true,"href":"https:\/\/www.kieslect.com\/tr\/wp-json\/wp\/v2\/product_tag?post=23753"}],"curies":[{"name":"wp","href":"https:\/\/api.w.org\/{rel}","templated":true}]}}