{"id":23751,"date":"2024-01-16T11:47:49","date_gmt":"2024-01-16T11:47:49","guid":{"rendered":"http:\/\/www.kieslect.com\/?post_type=product&#038;p=23751"},"modified":"2026-05-10T08:48:56","modified_gmt":"2026-05-10T00:48:56","slug":"kieslect-smart-calling-watch-ks","status":"publish","type":"product","link":"https:\/\/www.kieslect.com\/tr\/urun\/kieslect-smart-calling-watch-ks\/","title":{"rendered":"Kieslect Ak\u0131ll\u0131 Arama Saati Ks"},"content":{"rendered":"<p><img fetchpriority=\"high\" decoding=\"async\" class=\"alignnone size-full wp-image-25583\" title=\"KieslectKs_smartwatch-1\" src=\"\/wp-content\/uploads\/replace\/1ce4c133cbf3bae67f0983065a9275e8.jpeg\" alt=\"KieslectKs_smartwatch-1\" width=\"1920\" height=\"2590\" \/><img decoding=\"async\" class=\"alignnone size-full wp-image-25580\" title=\"KieslectKs_1-1\" src=\"\/wp-content\/uploads\/replace\/338ba2f6299871b060eda2bdcd3f587c.jpeg\" alt=\"KieslectKs_1-1\" width=\"1920\" height=\"1220\" \/><img decoding=\"async\" class=\"alignnone size-full wp-image-25579\" title=\"KieslectKs_smartwatch_3-1\" src=\"\/wp-content\/uploads\/replace\/90bf49b828d930bd043a943c734e5778.jpeg\" alt=\"KieslectKs_smartwatch_3-1\" width=\"1920\" height=\"2253\" \/><img loading=\"lazy\" decoding=\"async\" class=\"alignnone size-full wp-image-25582\" title=\"KieslectKs_smartwatch_4-1\" src=\"\/wp-content\/uploads\/replace\/188525a8889b658828c28d4583e8da73.jpeg\" alt=\"KieslectKs_smartwatch_4-1\" width=\"1920\" height=\"1035\" \/><img loading=\"lazy\" decoding=\"async\" class=\"alignnone size-full wp-image-25581\" title=\"KieslectKs_smartwatch_5-1\" src=\"\/wp-content\/uploads\/replace\/70d448b709b7059c51927c543edb6356.jpeg\" alt=\"KieslectKs_smartwatch_5-1\" width=\"1920\" height=\"1760\" \/><img loading=\"lazy\" decoding=\"async\" class=\"alignnone size-full wp-image-25586\" title=\"KieslectKs_smartwatch_6-1\" src=\"\/wp-content\/uploads\/replace\/4c153450ea1c37b1693544c2087fa459.jpeg\" alt=\"KieslectKs_smartwatch_6-1\" width=\"1920\" height=\"1410\" \/><img loading=\"lazy\" decoding=\"async\" class=\"alignnone size-full wp-image-25584\" title=\"KieslectKs_smartwatch_7-1\" src=\"\/wp-content\/uploads\/replace\/2d150e5b40a43900c7301e872430bcd7.jpeg\" alt=\"KieslectKs_smartwatch_7-1\" width=\"1920\" height=\"1850\" \/><img loading=\"lazy\" decoding=\"async\" class=\"alignnone size-full wp-image-25585\" title=\"KieslectKs_smartwatch_8-1\" src=\"\/wp-content\/uploads\/replace\/949bee2c8cbb1477c7164030f47ea5c3.jpeg\" alt=\"KieslectKs_smartwatch_8-1\" width=\"1920\" height=\"2330\" \/><img loading=\"lazy\" decoding=\"async\" class=\"alignnone size-full wp-image-25587\" title=\"KieslectKs_smartwatch_9-1\" src=\"\/wp-content\/uploads\/replace\/c540e696289f70f8bf300de733496501.jpeg\" alt=\"KieslectKs_smartwatch_9-1\" width=\"1920\" height=\"2410\" \/><img loading=\"lazy\" decoding=\"async\" class=\"alignnone size-full wp-image-25588\" title=\"KieslectKs_2-1\" src=\"\/wp-content\/uploads\/replace\/9ed10c852ae09fc430ec1de9cade7f5e.jpeg\" alt=\"KieslectKs_2-1\" width=\"1920\" height=\"1830\" \/><\/p>\n<p><strong>Kieslect Ak\u0131ll\u0131 Arama Saati Ks \u00d6zellikleri:<\/strong><\/p>\n<p><strong>\u25cf Net ve Kararl\u0131 Bluetooth \u00c7a\u011fr\u0131lar\u0131<\/strong><br \/>\nSesli aramalar \u00fczerinde tam kontrole sahip olun ve 100&#039;e kadar ki\u015fiyi kaydedin. Not: Bir saniyede SOS&#039;a girmek i\u00e7in sa\u011f alttaki d\u00fc\u011fmeye tek t\u0131klay\u0131n.<br \/>\nKararl\u0131 Bluetooth 5.2 ba\u011flant\u0131s\u0131 ve sa\u011flam hoparl\u00f6rler ve mikrofonla Kieslect KS, zengin, do\u011fal sesle kristal netli\u011finde telefon g\u00f6r\u00fc\u015fmeleri sa\u011flar.<\/p>\n<p><strong>\u25cf 1,78\u201dRenkli AMOLED Ekran<\/strong><br \/>\nBir saniyede b\u00f6l\u00fcnm\u00fc\u015f ekran. Her Zaman A\u00e7\u0131k Retina ekran.<br \/>\nYumu\u015fak kayd\u0131rma hareketleri i\u00e7in 1,78 in\u00e7 b\u00fcy\u00fck renkli ekran. Metrikleri ve di\u011fer bilgileri tam ekranda siyah \u00e7ubuklar olmadan net ve canl\u0131 bir \u015fekilde g\u00f6r\u00fcn.<\/p>\n<p><strong>\u25cf Anormal Kalp At\u0131\u015f H\u0131z\u0131 Uyar\u0131s\u0131<\/strong><br \/>\nGeli\u015fmi\u015f kalp at\u0131\u015f h\u0131z\u0131 sens\u00f6r\u00fc, maksimum g\u00f6n\u00fcl rahatl\u0131\u011f\u0131 i\u00e7in kalp at\u0131\u015f h\u0131z\u0131n\u0131z\u0131 7\/24 izler.<br \/>\nKieslect Ks, y\u00fcksek veya d\u00fc\u015f\u00fck kalp at\u0131\u015f h\u0131z\u0131 tespit edildi\u011finde alarm verir.<\/p>\n<p><strong>\u25cf \u015e\u0131k Metal G\u00f6vde ve Kullan\u0131\u015fl\u0131 Navigasyon Tepesi<\/strong><br \/>\nCNC cilal\u0131 metal kasas\u0131 ve kullan\u0131\u015fl\u0131, d\u00f6nebilen navigasyon tepesiyle bu \u015f\u0131k saat, kontrolleri kolayla\u015ft\u0131r\u0131r.<\/p>\n<p><strong>\u25cf G\u00fc\u00e7l\u00fc Yapay Zeka Sesli Asistan<\/strong><br \/>\nAk\u0131ll\u0131 sesli asistan\u0131 kullanarak telefon g\u00f6r\u00fc\u015fmeleri yap\u0131n, egzersiz ba\u015flat\u0131n, alarm ayarlay\u0131n ve daha fazlas\u0131n\u0131 yap\u0131n.<br \/>\nNot: Ak\u0131ll\u0131 sesli asistana bir saniye i\u00e7inde girmek i\u00e7in sa\u011f alttaki d\u00fc\u011fmeye \u00e7ift t\u0131klay\u0131n.<\/p>\n<p><strong>\u25cf Sorunsuz M\u00fczik \u00c7alar<\/strong><br \/>\nEn sevdi\u011finiz \u015fark\u0131lar\u0131n keyfini do\u011frudan bile\u011finizden \u00e7\u0131kar\u0131n.<br \/>\nNot: Ses d\u00fczeyi, d\u00f6ner kurma koluyla kontrol edilebilir.<\/p>\n<p><strong>\u25cf Kapsaml\u0131 Sa\u011fl\u0131k Takibi<\/strong><br \/>\nSpO2&#039;nizi, kalp at\u0131\u015f h\u0131z\u0131n\u0131z\u0131, uykunuzu, stresinizi ve ruh halinizi ger\u00e7ek zamanl\u0131 olarak izleyin.<\/p>\n<p><strong>\u25cf 100 Spor Modu. \u00dcst\u00fcn Fitness Orta\u011f\u0131<\/strong><br \/>\nFitness hedeflerinize ula\u015fmak i\u00e7in motivasyonunuzu art\u0131r\u0131n.<\/p>\n<p><strong>\u25cf Nefes E\u011fitimi Zihninizi Rahatlat\u0131n<\/strong><br \/>\nDerin bir nefes al\u0131n, rahatlay\u0131n ve e\u011flenin.<\/p>\n<p><strong>\u25cf Oyunlar E\u011flenin<\/strong><br \/>\nBile\u011finizden en sevdi\u011finiz oyunun keyfini \u00e7\u0131kar\u0131n.<\/p>\n<p><strong>\u25cf IP68 Su Ge\u00e7irmez<\/strong><br \/>\nSaatinizin ya\u011fmur damlalar\u0131na, s\u0131\u00e7ramalara ve 1,5 metreye kadar suya batmaya kar\u015f\u0131 dayan\u0131kl\u0131 oldu\u011fundan emin olabilirsiniz.<\/p>\n<p><strong>\u25cf G\u00f6r\u00fcn\u00fcm\u00fc De\u011fi\u015ftirin<\/strong><br \/>\nTarz\u0131n\u0131za ve ruh halinize uygun yumu\u015fak silikon veya manyetik saat kay\u0131\u015f\u0131 aras\u0131ndan se\u00e7im yap\u0131n.<\/p>\n<p><strong>\u25cf \u00c7oklu Stiller<\/strong><br \/>\nSaatinizi \u00e7ok \u00e7e\u015fitli saat y\u00fczleriyle \u00f6zelle\u015ftirin.<\/p>\n<p>&nbsp;<\/p>","protected":false},"excerpt":{"rendered":"<ul>\n<li>Clear &amp; Stable Bluetooth Callings<\/li>\n<li>1.78\u201dColorful AMOLED Display<\/li>\n<li>Always-on-Display<\/li>\n<li>Abnormal Heart Rate Warning<\/li>\n<li>Handy Navigation Crown<\/li>\n<li>Buy One Free One Strap<\/li>\n<li>Powerful AI Voice Assistant<\/li>\n<li>Hassle-free Music Player<\/li>\n<li>Comprehensive Health Tracking<\/li>\n<li>100 Sports Modes.<\/li>\n<li>Built-in Games Have Fun<\/li>\n<li>IP68 Su Ge\u00e7irmez<\/li>\n<\/ul>","protected":false},"featured_media":23803,"comment_status":"open","ping_status":"closed","template":"","meta":[],"product_brand":[],"product_cat":[15,463,462,417,461],"product_tag":[],"class_list":{"0":"post-23751","1":"product","2":"type-product","3":"status-publish","4":"has-post-thumbnail","6":"product_cat-smartwatch","7":"product_cat-calling-smartwatch","8":"product_cat-calling-watch","9":"product_cat-essential-series","10":"product_cat-smart-watches-for-men","12":"first","13":"instock","14":"shipping-taxable","15":"product-type-external"},"aioseo_notices":[],"aioseo_head":"\n\t\t<!-- All in One SEO Pro 4.6.5 - aioseo.com -->\n\t\t<meta name=\"description\" content=\"Clear &amp; Stable Bluetooth Callings 1.78\u201dColorful AMOLED Display Always-on-Display Abnormal Heart Rate Warning Handy Navigation Crown Buy One Free One Strap Powerful AI Voice Assistant Hassle-free Music Player Comprehensive Health Tracking 100 Sports Modes. Built-in Games Have Fun IP68 Waterproof\" \/>\n\t\t<meta name=\"robots\" content=\"max-image-preview:large\" \/>\n\t\t<link rel=\"canonical\" href=\"https:\/\/www.kieslect.com\/tr\/urun\/kieslect-smart-calling-watch-ks\/\" \/>\n\t\t<meta name=\"generator\" content=\"All in One SEO Pro (AIOSEO) 4.6.5\" \/>\n\t\t<meta property=\"og:locale\" content=\"tr_TR\" \/>\n\t\t<meta property=\"og:site_name\" content=\"Kieslect - A Trusted Global Provider of Smart Wearable Solution\" \/>\n\t\t<meta property=\"og:type\" content=\"article\" \/>\n\t\t<meta property=\"og:title\" content=\"Kieslect Smart Calling Watch Ks - Kieslect\" \/>\n\t\t<meta property=\"og:description\" content=\"Clear &amp; Stable Bluetooth Callings 1.78\u201dColorful AMOLED Display Always-on-Display Abnormal Heart Rate Warning Handy Navigation Crown Buy One Free One Strap Powerful AI Voice Assistant Hassle-free Music Player Comprehensive Health Tracking 100 Sports Modes. Built-in Games Have Fun IP68 Waterproof\" \/>\n\t\t<meta property=\"og:url\" content=\"https:\/\/www.kieslect.com\/tr\/urun\/kieslect-smart-calling-watch-ks\/\" \/>\n\t\t<meta property=\"og:image\" content=\"https:\/\/www.kieslect.com\/wp-content\/uploads\/replace\/83a7c94e588d71936bb1ab2a1c752869.jpeg\" \/>\n\t\t<meta property=\"og:image:secure_url\" content=\"https:\/\/www.kieslect.com\/wp-content\/uploads\/replace\/83a7c94e588d71936bb1ab2a1c752869.jpeg\" \/>\n\t\t<meta property=\"og:image:width\" content=\"300\" \/>\n\t\t<meta property=\"og:image:height\" content=\"169\" \/>\n\t\t<meta property=\"article:published_time\" content=\"2024-01-16T11:47:49+00:00\" \/>\n\t\t<meta property=\"article:modified_time\" content=\"2026-05-10T00:48:56+00:00\" \/>\n\t\t<meta property=\"article:publisher\" content=\"https:\/\/www.facebook.com\/KieslectOfficial\/\" \/>\n\t\t<meta name=\"twitter:card\" content=\"summary_large_image\" \/>\n\t\t<meta name=\"twitter:site\" content=\"@kieslect\" \/>\n\t\t<meta name=\"twitter:title\" content=\"Kieslect Smart Calling Watch Ks - Kieslect\" \/>\n\t\t<meta name=\"twitter:description\" content=\"Clear &amp; Stable Bluetooth Callings 1.78\u201dColorful AMOLED Display Always-on-Display Abnormal Heart Rate Warning Handy Navigation Crown Buy One Free One Strap Powerful AI Voice Assistant Hassle-free Music Player Comprehensive Health Tracking 100 Sports Modes. Built-in Games Have Fun IP68 Waterproof\" \/>\n\t\t<meta name=\"twitter:creator\" content=\"@kieslect\" \/>\n\t\t<meta name=\"twitter:image\" content=\"https:\/\/www.kieslect.com\/wp-content\/uploads\/replace\/83a7c94e588d71936bb1ab2a1c752869.jpeg\" \/>\n\t\t<script type=\"application\/ld+json\" class=\"aioseo-schema\">\n\t\t\t{\"@context\":\"https:\\\/\\\/schema.org\",\"@graph\":[{\"@type\":\"BreadcrumbList\",\"@id\":\"https:\\\/\\\/www.kieslect.com\\\/tr\\\/urun\\\/kieslect-smart-calling-watch-ks\\\/#breadcrumblist\",\"itemListElement\":[{\"@type\":\"ListItem\",\"@id\":\"https:\\\/\\\/www.kieslect.com\\\/tr\\\/#listItem\",\"position\":1,\"name\":\"Home\",\"item\":\"https:\\\/\\\/www.kieslect.com\\\/tr\\\/\",\"nextItem\":\"https:\\\/\\\/www.kieslect.com\\\/tr\\\/urun\\\/kieslect-smart-calling-watch-ks\\\/#listItem\"},{\"@type\":\"ListItem\",\"@id\":\"https:\\\/\\\/www.kieslect.com\\\/tr\\\/urun\\\/kieslect-smart-calling-watch-ks\\\/#listItem\",\"position\":2,\"name\":\"Kieslect Smart Calling Watch Ks\",\"previousItem\":\"https:\\\/\\\/www.kieslect.com\\\/tr\\\/#listItem\"}]},{\"@type\":\"Organization\",\"@id\":\"https:\\\/\\\/www.kieslect.com\\\/tr\\\/#organization\",\"name\":\"Kieslect Smartwatch\",\"description\":\"A Trusted Global Provider of Smart Wearable Solution\",\"url\":\"https:\\\/\\\/www.kieslect.com\\\/tr\\\/\",\"logo\":{\"@type\":\"ImageObject\",\"url\":\"https:\\\/\\\/www.kieslect.com\\\/wp-content\\\/uploads\\\/2024\\\/01\\\/Kieslect-Logo-2_1_335x75_crop_center-1.webp\",\"@id\":\"https:\\\/\\\/www.kieslect.com\\\/tr\\\/urun\\\/kieslect-smart-calling-watch-ks\\\/#organizationLogo\",\"width\":335,\"height\":75},\"image\":{\"@id\":\"https:\\\/\\\/www.kieslect.com\\\/tr\\\/urun\\\/kieslect-smart-calling-watch-ks\\\/#organizationLogo\"},\"sameAs\":[\"https:\\\/\\\/www.facebook.com\\\/KieslectOfficial\\\/\",\"https:\\\/\\\/twitter.com\\\/kieslect\",\"https:\\\/\\\/www.instagram.com\\\/kieslect\\\/\"]},{\"@type\":\"Product\",\"@id\":\"https:\\\/\\\/www.kieslect.com\\\/tr\\\/urun\\\/kieslect-smart-calling-watch-ks\\\/#wooCommerceProduct\",\"name\":\"Kieslect Smart Calling Watch Ks\",\"description\":\"Clear &amp; Stable Bluetooth Callings\\r\\n \\t1.78\\u201dColorful AMOLED Display\\r\\n \\tAlways-on-Display\\r\\n \\tAbnormal Heart Rate Warning\\r\\n \\tHandy Navigation Crown\\r\\n \\tBuy One Free One Strap\\r\\n \\tPowerful AI Voice Assistant\\r\\n \\tHassle-free Music Player\\r\\n \\tComprehensive Health Tracking\\r\\n \\t100 Sports Modes.\\r\\n \\tBuilt-in Games Have Fun\\r\\n \\tIP68 Waterproof\",\"url\":\"https:\\\/\\\/www.kieslect.com\\\/tr\\\/urun\\\/kieslect-smart-calling-watch-ks\\\/\",\"image\":{\"@type\":\"ImageObject\",\"url\":\"https:\\\/\\\/www.kieslect.com\\\/wp-content\\\/uploads\\\/2024\\\/01\\\/ks_41218408-bc90-44bc-80c7-e1f15b5f288d_610x_crop_center.webp\",\"@id\":\"https:\\\/\\\/www.kieslect.com\\\/tr\\\/urun\\\/kieslect-smart-calling-watch-ks\\\/#productImage\",\"width\":610,\"height\":610},\"offers\":{\"@type\":\"Offer\",\"url\":\"https:\\\/\\\/www.kieslect.com\\\/tr\\\/urun\\\/kieslect-smart-calling-watch-ks\\\/#wooCommerceOffer\",\"price\":0,\"priceCurrency\":\"USD\",\"category\":\"Smartwatch\",\"availability\":\"https:\\\/\\\/schema.org\\\/InStock\",\"seller\":{\"@type\":\"Organization\",\"@id\":\"https:\\\/\\\/www.kieslect.com\\\/tr\\\/#organization\"}}},{\"@type\":\"WebPage\",\"@id\":\"https:\\\/\\\/www.kieslect.com\\\/tr\\\/urun\\\/kieslect-smart-calling-watch-ks\\\/#webpage\",\"url\":\"https:\\\/\\\/www.kieslect.com\\\/tr\\\/urun\\\/kieslect-smart-calling-watch-ks\\\/\",\"name\":\"Kieslect Smart Calling Watch Ks - Kieslect\",\"description\":\"Clear & Stable Bluetooth Callings 1.78\\u201dColorful AMOLED Display Always-on-Display Abnormal Heart Rate Warning Handy Navigation Crown Buy One Free One Strap Powerful AI Voice Assistant Hassle-free Music Player Comprehensive Health Tracking 100 Sports Modes. Built-in Games Have Fun IP68 Waterproof\",\"inLanguage\":\"tr-TR\",\"isPartOf\":{\"@id\":\"https:\\\/\\\/www.kieslect.com\\\/tr\\\/#website\"},\"breadcrumb\":{\"@id\":\"https:\\\/\\\/www.kieslect.com\\\/tr\\\/urun\\\/kieslect-smart-calling-watch-ks\\\/#breadcrumblist\"},\"image\":{\"@type\":\"ImageObject\",\"url\":\"https:\\\/\\\/www.kieslect.com\\\/wp-content\\\/uploads\\\/2024\\\/01\\\/ks_41218408-bc90-44bc-80c7-e1f15b5f288d_610x_crop_center.webp\",\"@id\":\"https:\\\/\\\/www.kieslect.com\\\/tr\\\/urun\\\/kieslect-smart-calling-watch-ks\\\/#mainImage\",\"width\":610,\"height\":610},\"primaryImageOfPage\":{\"@id\":\"https:\\\/\\\/www.kieslect.com\\\/tr\\\/urun\\\/kieslect-smart-calling-watch-ks\\\/#mainImage\"},\"datePublished\":\"2024-01-16T11:47:49+08:00\",\"dateModified\":\"2026-05-10T08:48:56+08:00\"},{\"@type\":\"WebSite\",\"@id\":\"https:\\\/\\\/www.kieslect.com\\\/tr\\\/#website\",\"url\":\"https:\\\/\\\/www.kieslect.com\\\/tr\\\/\",\"name\":\"Kieslect\",\"description\":\"A Trusted Global Provider of Smart Wearable Solution\",\"inLanguage\":\"tr-TR\",\"publisher\":{\"@id\":\"https:\\\/\\\/www.kieslect.com\\\/tr\\\/#organization\"}}]}\n\t\t<\/script>\n\t\t<!-- All in One SEO Pro -->\r\n\t\t<title>Kieslect Smart Calling Watch Ks - Kieslect<\/title>\n\n","aioseo_head_json":{"title":"Kieslect Smart Calling Watch Ks - Kieslect","description":"Clear & Stable Bluetooth Callings 1.78\u201dColorful AMOLED Display Always-on-Display Abnormal Heart Rate Warning Handy Navigation Crown Buy One Free One Strap Powerful AI Voice Assistant Hassle-free Music Player Comprehensive Health Tracking 100 Sports Modes. Built-in Games Have Fun IP68 Waterproof","canonical_url":"https:\/\/www.kieslect.com\/tr\/urun\/kieslect-smart-calling-watch-ks\/","robots":"max-image-preview:large","keywords":"","webmasterTools":{"miscellaneous":""},"og:locale":"tr_TR","og:site_name":"Kieslect - A Trusted Global Provider of Smart Wearable Solution","og:type":"article","og:title":"Kieslect Smart Calling Watch Ks - Kieslect","og:description":"Clear &amp; Stable Bluetooth Callings 1.78\u201dColorful AMOLED Display Always-on-Display Abnormal Heart Rate Warning Handy Navigation Crown Buy One Free One Strap Powerful AI Voice Assistant Hassle-free Music Player Comprehensive Health Tracking 100 Sports Modes. Built-in Games Have Fun IP68 Waterproof","og:url":"https:\/\/www.kieslect.com\/tr\/urun\/kieslect-smart-calling-watch-ks\/","og:image":"https:\/\/www.kieslect.com\/wp-content\/uploads\/replace\/83a7c94e588d71936bb1ab2a1c752869.jpeg","og:image:secure_url":"https:\/\/www.kieslect.com\/wp-content\/uploads\/replace\/83a7c94e588d71936bb1ab2a1c752869.jpeg","og:image:width":300,"og:image:height":169,"article:published_time":"2024-01-16T11:47:49+00:00","article:modified_time":"2026-05-10T00:48:56+00:00","article:publisher":"https:\/\/www.facebook.com\/KieslectOfficial\/","twitter:card":"summary_large_image","twitter:site":"@kieslect","twitter:title":"Kieslect Smart Calling Watch Ks - Kieslect","twitter:description":"Clear &amp; Stable Bluetooth Callings 1.78\u201dColorful AMOLED Display Always-on-Display Abnormal Heart Rate Warning Handy Navigation Crown Buy One Free One Strap Powerful AI Voice Assistant Hassle-free Music Player Comprehensive Health Tracking 100 Sports Modes. Built-in Games Have Fun IP68 Waterproof","twitter:creator":"@kieslect","twitter:image":"https:\/\/www.kieslect.com\/wp-content\/uploads\/replace\/83a7c94e588d71936bb1ab2a1c752869.jpeg","schema":{"@context":"https:\/\/schema.org","@graph":[{"@type":"BreadcrumbList","@id":"https:\/\/www.kieslect.com\/tr\/urun\/kieslect-smart-calling-watch-ks\/#breadcrumblist","itemListElement":[{"@type":"ListItem","@id":"https:\/\/www.kieslect.com\/tr\/#listItem","position":1,"name":"Home","item":"https:\/\/www.kieslect.com\/tr\/","nextItem":"https:\/\/www.kieslect.com\/tr\/urun\/kieslect-smart-calling-watch-ks\/#listItem"},{"@type":"ListItem","@id":"https:\/\/www.kieslect.com\/tr\/urun\/kieslect-smart-calling-watch-ks\/#listItem","position":2,"name":"Kieslect Smart Calling Watch Ks","previousItem":"https:\/\/www.kieslect.com\/tr\/#listItem"}]},{"@type":"Organization","@id":"https:\/\/www.kieslect.com\/tr\/#organization","name":"Kieslect Smartwatch","description":"A Trusted Global Provider of Smart Wearable Solution","url":"https:\/\/www.kieslect.com\/tr\/","logo":{"@type":"ImageObject","url":"https:\/\/www.kieslect.com\/wp-content\/uploads\/2024\/01\/Kieslect-Logo-2_1_335x75_crop_center-1.webp","@id":"https:\/\/www.kieslect.com\/tr\/urun\/kieslect-smart-calling-watch-ks\/#organizationLogo","width":335,"height":75},"image":{"@id":"https:\/\/www.kieslect.com\/tr\/urun\/kieslect-smart-calling-watch-ks\/#organizationLogo"},"sameAs":["https:\/\/www.facebook.com\/KieslectOfficial\/","https:\/\/twitter.com\/kieslect","https:\/\/www.instagram.com\/kieslect\/"]},{"@type":"Product","@id":"https:\/\/www.kieslect.com\/tr\/urun\/kieslect-smart-calling-watch-ks\/#wooCommerceProduct","name":"Kieslect Smart Calling Watch Ks","description":"Clear &amp; Stable Bluetooth Callings\r\n \t1.78\u201dColorful AMOLED Display\r\n \tAlways-on-Display\r\n \tAbnormal Heart Rate Warning\r\n \tHandy Navigation Crown\r\n \tBuy One Free One Strap\r\n \tPowerful AI Voice Assistant\r\n \tHassle-free Music Player\r\n \tComprehensive Health Tracking\r\n \t100 Sports Modes.\r\n \tBuilt-in Games Have Fun\r\n \tIP68 Waterproof","url":"https:\/\/www.kieslect.com\/tr\/urun\/kieslect-smart-calling-watch-ks\/","image":{"@type":"ImageObject","url":"https:\/\/www.kieslect.com\/wp-content\/uploads\/2024\/01\/ks_41218408-bc90-44bc-80c7-e1f15b5f288d_610x_crop_center.webp","@id":"https:\/\/www.kieslect.com\/tr\/urun\/kieslect-smart-calling-watch-ks\/#productImage","width":610,"height":610},"offers":{"@type":"Offer","url":"https:\/\/www.kieslect.com\/tr\/urun\/kieslect-smart-calling-watch-ks\/#wooCommerceOffer","price":0,"priceCurrency":"USD","category":"Smartwatch","availability":"https:\/\/schema.org\/InStock","seller":{"@type":"Organization","@id":"https:\/\/www.kieslect.com\/tr\/#organization"}}},{"@type":"WebPage","@id":"https:\/\/www.kieslect.com\/tr\/urun\/kieslect-smart-calling-watch-ks\/#webpage","url":"https:\/\/www.kieslect.com\/tr\/urun\/kieslect-smart-calling-watch-ks\/","name":"Kieslect Smart Calling Watch Ks - Kieslect","description":"Clear & Stable Bluetooth Callings 1.78\u201dColorful AMOLED Display Always-on-Display Abnormal Heart Rate Warning Handy Navigation Crown Buy One Free One Strap Powerful AI Voice Assistant Hassle-free Music Player Comprehensive Health Tracking 100 Sports Modes. Built-in Games Have Fun IP68 Waterproof","inLanguage":"tr-TR","isPartOf":{"@id":"https:\/\/www.kieslect.com\/tr\/#website"},"breadcrumb":{"@id":"https:\/\/www.kieslect.com\/tr\/urun\/kieslect-smart-calling-watch-ks\/#breadcrumblist"},"image":{"@type":"ImageObject","url":"https:\/\/www.kieslect.com\/wp-content\/uploads\/2024\/01\/ks_41218408-bc90-44bc-80c7-e1f15b5f288d_610x_crop_center.webp","@id":"https:\/\/www.kieslect.com\/tr\/urun\/kieslect-smart-calling-watch-ks\/#mainImage","width":610,"height":610},"primaryImageOfPage":{"@id":"https:\/\/www.kieslect.com\/tr\/urun\/kieslect-smart-calling-watch-ks\/#mainImage"},"datePublished":"2024-01-16T11:47:49+08:00","dateModified":"2026-05-10T08:48:56+08:00"},{"@type":"WebSite","@id":"https:\/\/www.kieslect.com\/tr\/#website","url":"https:\/\/www.kieslect.com\/tr\/","name":"Kieslect","description":"A Trusted Global Provider of Smart Wearable Solution","inLanguage":"tr-TR","publisher":{"@id":"https:\/\/www.kieslect.com\/tr\/#organization"}}]}},"aioseo_meta_data":{"post_id":"23751","title":null,"description":null,"keywords":null,"keyphrases":"{\"focus\":{\"keyphrase\":\"\",\"score\":0,\"analysis\":{\"keyphraseInTitle\":{\"score\":0,\"maxScore\":9,\"error\":1}}},\"additional\":[]}","primary_term":null,"canonical_url":null,"og_title":null,"og_description":null,"og_object_type":"default","og_image_type":"default","og_image_url":null,"og_image_width":null,"og_image_height":null,"og_image_custom_url":null,"og_image_custom_fields":null,"og_video":"","og_custom_url":null,"og_article_section":null,"og_article_tags":null,"twitter_use_og":false,"twitter_card":"default","twitter_image_type":"default","twitter_image_url":null,"twitter_image_custom_url":null,"twitter_image_custom_fields":null,"twitter_title":null,"twitter_description":null,"schema":{"blockGraphs":[],"customGraphs":[],"default":{"data":{"Article":[],"Course":[],"Dataset":[],"FAQPage":[],"Movie":[],"Person":[],"Product":[],"Recipe":[],"Service":[],"SoftwareApplication":[],"WebPage":[]},"graphName":"Product","isEnabled":true},"graphs":[]},"schema_type":"default","schema_type_options":null,"pillar_content":false,"robots_default":true,"robots_noindex":false,"robots_noarchive":false,"robots_nosnippet":false,"robots_nofollow":false,"robots_noimageindex":false,"robots_noodp":false,"robots_notranslate":false,"robots_max_snippet":"-1","robots_max_videopreview":"-1","robots_max_imagepreview":"large","priority":null,"frequency":"default","local_seo":null,"limit_modified_date":false,"created":"2024-02-26 12:21:33","updated":"2026-05-10 00:55:04"},"aioseo_breadcrumb":"<div class=\"aioseo-breadcrumbs\"><span class=\"aioseo-breadcrumb\">\n\t<a href=\"https:\/\/www.kieslect.com\/tr\" title=\"Home\">Home<\/a>\n<\/span><span class=\"aioseo-breadcrumb-separator\">&raquo;<\/span><span class=\"aioseo-breadcrumb\">\n\t<a href=\"https:\/\/www.kieslect.com\/tr\/shop\/\" title=\"Shop\">Shop<\/a>\n<\/span><span class=\"aioseo-breadcrumb-separator\">&raquo;<\/span><span class=\"aioseo-breadcrumb\">\n\t<a href=\"https:\/\/www.kieslect.com\/tr\/urun-kategori\/smartwatch\/\" title=\"Smartwatch\">Smartwatch<\/a>\n<\/span><span class=\"aioseo-breadcrumb-separator\">&raquo;<\/span><span class=\"aioseo-breadcrumb\">\n\t<a href=\"https:\/\/www.kieslect.com\/tr\/urun-kategori\/smartwatch\/essential-series\/\" title=\"Essential Series\">Essential Series<\/a>\n<\/span><span class=\"aioseo-breadcrumb-separator\">&raquo;<\/span><span class=\"aioseo-breadcrumb\">\n\tKieslect Smart Calling Watch Ks\n<\/span><\/div>","aioseo_breadcrumb_json":[{"label":"Home","link":"https:\/\/www.kieslect.com\/tr"},{"label":"Shop","link":"https:\/\/www.kieslect.com\/tr\/shop\/"},{"label":"Smartwatch","link":"https:\/\/www.kieslect.com\/tr\/urun-kategori\/smartwatch\/"},{"label":"Essential Series","link":"https:\/\/www.kieslect.com\/tr\/urun-kategori\/smartwatch\/essential-series\/"},{"label":"Kieslect Smart Calling Watch Ks","link":"https:\/\/www.kieslect.com\/tr\/urun\/kieslect-smart-calling-watch-ks\/"}],"_links":{"self":[{"href":"https:\/\/www.kieslect.com\/tr\/wp-json\/wp\/v2\/product\/23751","targetHints":{"allow":["GET"]}}],"collection":[{"href":"https:\/\/www.kieslect.com\/tr\/wp-json\/wp\/v2\/product"}],"about":[{"href":"https:\/\/www.kieslect.com\/tr\/wp-json\/wp\/v2\/types\/product"}],"replies":[{"embeddable":true,"href":"https:\/\/www.kieslect.com\/tr\/wp-json\/wp\/v2\/comments?post=23751"}],"version-history":[{"count":0,"href":"https:\/\/www.kieslect.com\/tr\/wp-json\/wp\/v2\/product\/23751\/revisions"}],"wp:featuredmedia":[{"embeddable":true,"href":"https:\/\/www.kieslect.com\/tr\/wp-json\/wp\/v2\/media\/23803"}],"wp:attachment":[{"href":"https:\/\/www.kieslect.com\/tr\/wp-json\/wp\/v2\/media?parent=23751"}],"wp:term":[{"taxonomy":"product_brand","embeddable":true,"href":"https:\/\/www.kieslect.com\/tr\/wp-json\/wp\/v2\/product_brand?post=23751"},{"taxonomy":"product_cat","embeddable":true,"href":"https:\/\/www.kieslect.com\/tr\/wp-json\/wp\/v2\/product_cat?post=23751"},{"taxonomy":"product_tag","embeddable":true,"href":"https:\/\/www.kieslect.com\/tr\/wp-json\/wp\/v2\/product_tag?post=23751"}],"curies":[{"name":"wp","href":"https:\/\/api.w.org\/{rel}","templated":true}]}}