{"id":23750,"date":"2024-01-16T11:47:49","date_gmt":"2024-01-16T11:47:49","guid":{"rendered":"http:\/\/www.kieslect.com\/?post_type=product&#038;p=23750"},"modified":"2026-05-10T08:46:01","modified_gmt":"2026-05-10T00:46:01","slug":"kieslect-calling-smartwatch-ks-mini","status":"publish","type":"product","link":"https:\/\/www.kieslect.com\/tr\/urun\/kieslect-calling-smartwatch-ks-mini\/","title":{"rendered":"Kieslect Smartwatch Ks Mini&#039;yi \u00c7a\u011f\u0131r\u0131yor"},"content":{"rendered":"<p><img decoding=\"async\" src=\"\/wp-content\/uploads\/replace\/92858e751bf3c5f5ce5345dee59c3b3e.jpeg\" alt=\"Kieslect smartwatch Ks mini\" \/><img decoding=\"async\" src=\"\/wp-content\/uploads\/replace\/0f5c0bb84502a416fc8bfa0a5074f49f.jpeg\" alt=\"Kieslect smartwatch Ks mini\" \/><img decoding=\"async\" src=\"\/wp-content\/uploads\/replace\/dc0ef5a0f9a1e4c5d450fd0678df1f2c.jpeg\" alt=\"Kieslect smartwatch Ks mini\" \/><img decoding=\"async\" src=\"\/wp-content\/uploads\/replace\/32cdfe167dff194d1fa650ea63bf238f.jpeg\" alt=\"Kieslect smartwatch Ks mini\" \/><img decoding=\"async\" src=\"\/wp-content\/uploads\/replace\/c8e2d1fda13ed0783ea0a5819c8221fa.jpeg\" alt=\"Kieslect smartwatch Ks mini\" \/><img decoding=\"async\" src=\"\/wp-content\/uploads\/replace\/1863ee869d1dbe29805ca429707eb4da.jpeg\" alt=\"Kieslect smartwatch Ks mini\" \/><img decoding=\"async\" src=\"\/wp-content\/uploads\/replace\/ba83014016cd0114f666a8c46e27b9d3.jpeg\" alt=\"Kieslect smartwatch Ks mini\" \/><img decoding=\"async\" src=\"\/wp-content\/uploads\/replace\/d96d63591ed8b7d79ff1562777116400.jpeg\" alt=\"Kieslect Calling Smartwatch Ks Mini\" \/><\/p>\n<p><strong>Kieslect Ak\u0131ll\u0131 Arama Saati Ks Mini \u00d6zellikler:<\/strong><\/p>\n<p><strong>\u25cf Net ve Kararl\u0131 Bluetooth \u00c7a\u011fr\u0131lar\u0131<\/strong><br \/>\nHalen g\u00fc\u00e7l\u00fc olan 2&#039;si 1 arada \u00e7a\u011fr\u0131 \u00e7ipi ve istikrarl\u0131 5.2 Bluetooth ba\u011flant\u0131s\u0131yla Ks mini, her zaman ve her yerde istikrarl\u0131, net, y\u00fcksek kaliteli aramalar sa\u011flar. Ayr\u0131ca adres defteri 100 ki\u015fiye kadar saklayabilir ve g\u00fc\u00e7l\u00fc bir ileti\u015fim rezervine sahiptir.<\/p>\n<p><strong>\u25cf Anormal Kalp At\u0131\u015f H\u0131z\u0131 Uyar\u0131s\u0131<\/strong><br \/>\nKalp at\u0131\u015f h\u0131z\u0131 g\u00fcnl\u00fck sa\u011fl\u0131k y\u00f6netiminin temel verilerinden biridir. Ve anormal bir kalp at\u0131\u015f h\u0131z\u0131na kar\u015f\u0131 uyar\u0131da bulunmak en \u00f6nemli \u00f6nceliktir. Bilimsel veri tespiti sayesinde ani kalp at\u0131\u015f durumlar\u0131nda g\u00fc\u00e7l\u00fc bir hat\u0131rlatma mekanizmas\u0131 sunarak v\u00fccudun ani durumunu ilk anda bilmenizi sa\u011fl\u0131yoruz.<\/p>\n<p><strong>\u25cf 1,78\u2033 HD Renkli Amoled Ekran<\/strong><br \/>\nEkran\u0131n HD dokusu size net bir g\u00f6rsel keyif sunarken, 1,78 in\u00e7lik s\u00fcper geni\u015f ekran, \u00e7e\u015fitli boyutlarda performans g\u00f6sterimi i\u00e7in konforlu ve ferah bir ekran alan\u0131 sa\u011flar. K\u00fc\u00e7\u00fck ekranda \u00f6zetlenen g\u00f6rsel m\u00fckemmellik aray\u0131\u015f\u0131d\u0131r.<\/p>\n<p><strong>\u25cf 24 Saat Kolay Sa\u011fl\u0131k Y\u00f6netimi<\/strong><br \/>\nKs mini, \u00f6nemli sa\u011fl\u0131k verilerini tek t\u0131klamayla y\u00f6neten, sa\u011fl\u0131k odakl\u0131 bir ak\u0131ll\u0131 saattir. Kandaki oksijen seviyelerinin ve kalp at\u0131\u015f h\u0131z\u0131n\u0131n 24 saat ak\u0131ll\u0131 izlenmesini sa\u011flayan ve uyku d\u00fczeninizi takip eden, size her g\u00fcn kapsaml\u0131 bir sa\u011fl\u0131k verileri kayd\u0131 sa\u011flayan \u00e7e\u015fitli geli\u015fmi\u015f sens\u00f6rlere sahiptir.<\/p>\n<p><strong>\u25cf Dinamik Ul<\/strong><br \/>\nKullan\u0131c\u0131lara net g\u00f6rsel navigasyon sa\u011flamak i\u00e7in en \u00f6zl\u00fc stil tasar\u0131m\u0131yla kullan\u0131c\u0131lara s\u0131n\u0131rs\u0131z dinamik g\u00f6rsel deneyim sunmak i\u00e7in s\u0131n\u0131rl\u0131 ekran alan\u0131. Operasyon s\u00fcreci ad\u0131mlar\u0131 kullan\u0131c\u0131 taraf\u0131ndan yumu\u015fak bir dokunu\u015fla an\u0131nda \u00f6\u011frenilir. Tasar\u0131mc\u0131n\u0131n insanla\u015fm\u0131\u015f tasar\u0131m\u0131, kullan\u0131c\u0131lara m\u00fckemmel bir bilimsel ve teknolojik deneyim duygusu sa\u011flar.<\/p>","protected":false},"excerpt":{"rendered":"<ul>\n<li>Clear &amp; Stable Bluetooth Calls<\/li>\n<li>Abnormal Heart Rate Warning<\/li>\n<li>1.78&#8243; HD Colorful Amoled Display<\/li>\n<li>Easy 24H Health Management<\/li>\n<li>Dynamic Ul<\/li>\n<li>For both Android and IOS<\/li>\n<\/ul>","protected":false},"featured_media":23798,"comment_status":"open","ping_status":"closed","template":"","meta":[],"product_brand":[],"product_cat":[15,463,462,417,461],"product_tag":[],"class_list":{"0":"post-23750","1":"product","2":"type-product","3":"status-publish","4":"has-post-thumbnail","6":"product_cat-smartwatch","7":"product_cat-calling-smartwatch","8":"product_cat-calling-watch","9":"product_cat-essential-series","10":"product_cat-smart-watches-for-men","12":"first","13":"instock","14":"shipping-taxable","15":"product-type-external"},"aioseo_notices":[],"aioseo_head":"\n\t\t<!-- All in One SEO Pro 4.6.5 - aioseo.com -->\n\t\t<meta name=\"description\" content=\"Clear &amp; Stable Bluetooth Calls Abnormal Heart Rate Warning 1.78&quot; HD Colorful Amoled Display Easy 24H Health Management Dynamic Ul For both Android and IOS\" \/>\n\t\t<meta name=\"robots\" content=\"max-image-preview:large\" \/>\n\t\t<link rel=\"canonical\" href=\"https:\/\/www.kieslect.com\/tr\/urun\/kieslect-calling-smartwatch-ks-mini\/\" \/>\n\t\t<meta name=\"generator\" content=\"All in One SEO Pro (AIOSEO) 4.6.5\" \/>\n\t\t<meta property=\"og:locale\" content=\"tr_TR\" \/>\n\t\t<meta property=\"og:site_name\" content=\"Kieslect - A Trusted Global Provider of Smart Wearable Solution\" \/>\n\t\t<meta property=\"og:type\" content=\"article\" \/>\n\t\t<meta property=\"og:title\" content=\"Kieslect Calling Smartwatch Ks Mini - Kieslect\" \/>\n\t\t<meta property=\"og:description\" content=\"Clear &amp; Stable Bluetooth Calls Abnormal Heart Rate Warning 1.78&quot; HD Colorful Amoled Display Easy 24H Health Management Dynamic Ul For both Android and IOS\" \/>\n\t\t<meta property=\"og:url\" content=\"https:\/\/www.kieslect.com\/tr\/urun\/kieslect-calling-smartwatch-ks-mini\/\" \/>\n\t\t<meta property=\"og:image\" content=\"https:\/\/www.kieslect.com\/wp-content\/uploads\/replace\/83a7c94e588d71936bb1ab2a1c752869.jpeg\" \/>\n\t\t<meta property=\"og:image:secure_url\" content=\"https:\/\/www.kieslect.com\/wp-content\/uploads\/replace\/83a7c94e588d71936bb1ab2a1c752869.jpeg\" \/>\n\t\t<meta property=\"og:image:width\" content=\"300\" \/>\n\t\t<meta property=\"og:image:height\" content=\"169\" \/>\n\t\t<meta property=\"article:published_time\" content=\"2024-01-16T11:47:49+00:00\" \/>\n\t\t<meta property=\"article:modified_time\" content=\"2026-05-10T00:46:01+00:00\" \/>\n\t\t<meta property=\"article:publisher\" content=\"https:\/\/www.facebook.com\/KieslectOfficial\/\" \/>\n\t\t<meta name=\"twitter:card\" content=\"summary_large_image\" \/>\n\t\t<meta name=\"twitter:site\" content=\"@kieslect\" \/>\n\t\t<meta name=\"twitter:title\" content=\"Kieslect Calling Smartwatch Ks Mini - Kieslect\" \/>\n\t\t<meta name=\"twitter:description\" content=\"Clear &amp; Stable Bluetooth Calls Abnormal Heart Rate Warning 1.78&quot; HD Colorful Amoled Display Easy 24H Health Management Dynamic Ul For both Android and IOS\" \/>\n\t\t<meta name=\"twitter:creator\" content=\"@kieslect\" \/>\n\t\t<meta name=\"twitter:image\" content=\"https:\/\/www.kieslect.com\/wp-content\/uploads\/replace\/83a7c94e588d71936bb1ab2a1c752869.jpeg\" \/>\n\t\t<script type=\"application\/ld+json\" class=\"aioseo-schema\">\n\t\t\t{\"@context\":\"https:\\\/\\\/schema.org\",\"@graph\":[{\"@type\":\"BreadcrumbList\",\"@id\":\"https:\\\/\\\/www.kieslect.com\\\/tr\\\/urun\\\/kieslect-calling-smartwatch-ks-mini\\\/#breadcrumblist\",\"itemListElement\":[{\"@type\":\"ListItem\",\"@id\":\"https:\\\/\\\/www.kieslect.com\\\/tr\\\/#listItem\",\"position\":1,\"name\":\"Home\",\"item\":\"https:\\\/\\\/www.kieslect.com\\\/tr\\\/\",\"nextItem\":\"https:\\\/\\\/www.kieslect.com\\\/tr\\\/urun\\\/kieslect-calling-smartwatch-ks-mini\\\/#listItem\"},{\"@type\":\"ListItem\",\"@id\":\"https:\\\/\\\/www.kieslect.com\\\/tr\\\/urun\\\/kieslect-calling-smartwatch-ks-mini\\\/#listItem\",\"position\":2,\"name\":\"Kieslect Calling Smartwatch Ks Mini\",\"previousItem\":\"https:\\\/\\\/www.kieslect.com\\\/tr\\\/#listItem\"}]},{\"@type\":\"Organization\",\"@id\":\"https:\\\/\\\/www.kieslect.com\\\/tr\\\/#organization\",\"name\":\"Kieslect Smartwatch\",\"description\":\"A Trusted Global Provider of Smart Wearable Solution\",\"url\":\"https:\\\/\\\/www.kieslect.com\\\/tr\\\/\",\"logo\":{\"@type\":\"ImageObject\",\"url\":\"https:\\\/\\\/www.kieslect.com\\\/wp-content\\\/uploads\\\/2024\\\/01\\\/Kieslect-Logo-2_1_335x75_crop_center-1.webp\",\"@id\":\"https:\\\/\\\/www.kieslect.com\\\/tr\\\/urun\\\/kieslect-calling-smartwatch-ks-mini\\\/#organizationLogo\",\"width\":335,\"height\":75},\"image\":{\"@id\":\"https:\\\/\\\/www.kieslect.com\\\/tr\\\/urun\\\/kieslect-calling-smartwatch-ks-mini\\\/#organizationLogo\"},\"sameAs\":[\"https:\\\/\\\/www.facebook.com\\\/KieslectOfficial\\\/\",\"https:\\\/\\\/twitter.com\\\/kieslect\",\"https:\\\/\\\/www.instagram.com\\\/kieslect\\\/\"]},{\"@type\":\"Product\",\"@id\":\"https:\\\/\\\/www.kieslect.com\\\/tr\\\/urun\\\/kieslect-calling-smartwatch-ks-mini\\\/#wooCommerceProduct\",\"name\":\"Kieslect Calling Smartwatch Ks Mini\",\"description\":\"Clear &amp; Stable Bluetooth Calls\\r\\n \\tAbnormal Heart Rate Warning\\r\\n \\t1.78\\\" HD Colorful Amoled Display\\r\\n \\tEasy 24H Health Management\\r\\n \\tDynamic Ul\\r\\n \\tFor both Android and IOS\",\"url\":\"https:\\\/\\\/www.kieslect.com\\\/tr\\\/urun\\\/kieslect-calling-smartwatch-ks-mini\\\/\",\"image\":{\"@type\":\"ImageObject\",\"url\":\"https:\\\/\\\/www.kieslect.com\\\/wp-content\\\/uploads\\\/2024\\\/01\\\/KSMINI_2.webp\",\"@id\":\"https:\\\/\\\/www.kieslect.com\\\/tr\\\/urun\\\/kieslect-calling-smartwatch-ks-mini\\\/#productImage\",\"width\":1000,\"height\":1000},\"offers\":{\"@type\":\"Offer\",\"url\":\"https:\\\/\\\/www.kieslect.com\\\/tr\\\/urun\\\/kieslect-calling-smartwatch-ks-mini\\\/#wooCommerceOffer\",\"price\":0,\"priceCurrency\":\"USD\",\"category\":\"Smartwatch\",\"availability\":\"https:\\\/\\\/schema.org\\\/InStock\",\"seller\":{\"@type\":\"Organization\",\"@id\":\"https:\\\/\\\/www.kieslect.com\\\/tr\\\/#organization\"}},\"aggregateRating\":{\"@type\":\"AggregateRating\",\"@id\":\"https:\\\/\\\/www.kieslect.com\\\/tr\\\/urun\\\/kieslect-calling-smartwatch-ks-mini\\\/#aggregrateRating\",\"worstRating\":1,\"bestRating\":5,\"ratingValue\":4,\"reviewCount\":2},\"review\":[{\"@type\":\"Review\",\"reviewRating\":{\"@type\":\"Rating\",\"ratingValue\":5,\"worstRating\":1,\"bestRating\":5},\"author\":{\"@type\":\"Person\",\"name\":\"Angel Gordillo\"},\"datePublished\":\"2024-12-16T13:40:03+08:00\",\"reviewBody\":\"Muy Satisfecho con este buen smartwatch\"},{\"@type\":\"Review\",\"reviewRating\":{\"@type\":\"Rating\",\"ratingValue\":3,\"worstRating\":1,\"bestRating\":5},\"author\":{\"@type\":\"Person\",\"name\":\"Simu\"},\"datePublished\":\"2024-04-30T11:41:10+08:00\",\"reviewBody\":\"This Smart Watch Bangla Supported?\"}]},{\"@type\":\"WebPage\",\"@id\":\"https:\\\/\\\/www.kieslect.com\\\/tr\\\/urun\\\/kieslect-calling-smartwatch-ks-mini\\\/#webpage\",\"url\":\"https:\\\/\\\/www.kieslect.com\\\/tr\\\/urun\\\/kieslect-calling-smartwatch-ks-mini\\\/\",\"name\":\"Kieslect Calling Smartwatch Ks Mini - Kieslect\",\"description\":\"Clear & Stable Bluetooth Calls Abnormal Heart Rate Warning 1.78\\\" HD Colorful Amoled Display Easy 24H Health Management Dynamic Ul For both Android and IOS\",\"inLanguage\":\"tr-TR\",\"isPartOf\":{\"@id\":\"https:\\\/\\\/www.kieslect.com\\\/tr\\\/#website\"},\"breadcrumb\":{\"@id\":\"https:\\\/\\\/www.kieslect.com\\\/tr\\\/urun\\\/kieslect-calling-smartwatch-ks-mini\\\/#breadcrumblist\"},\"image\":{\"@type\":\"ImageObject\",\"url\":\"https:\\\/\\\/www.kieslect.com\\\/wp-content\\\/uploads\\\/2024\\\/01\\\/KSMINI_2.webp\",\"@id\":\"https:\\\/\\\/www.kieslect.com\\\/tr\\\/urun\\\/kieslect-calling-smartwatch-ks-mini\\\/#mainImage\",\"width\":1000,\"height\":1000},\"primaryImageOfPage\":{\"@id\":\"https:\\\/\\\/www.kieslect.com\\\/tr\\\/urun\\\/kieslect-calling-smartwatch-ks-mini\\\/#mainImage\"},\"datePublished\":\"2024-01-16T11:47:49+08:00\",\"dateModified\":\"2026-05-10T08:46:01+08:00\"},{\"@type\":\"WebSite\",\"@id\":\"https:\\\/\\\/www.kieslect.com\\\/tr\\\/#website\",\"url\":\"https:\\\/\\\/www.kieslect.com\\\/tr\\\/\",\"name\":\"Kieslect\",\"description\":\"A Trusted Global Provider of Smart Wearable Solution\",\"inLanguage\":\"tr-TR\",\"publisher\":{\"@id\":\"https:\\\/\\\/www.kieslect.com\\\/tr\\\/#organization\"}}]}\n\t\t<\/script>\n\t\t<!-- All in One SEO Pro -->\r\n\t\t<title>Kieslect Calling Smartwatch Ks Mini - Kieslect<\/title>\n\n","aioseo_head_json":{"title":"Kieslect Calling Smartwatch Ks Mini - Kieslect","description":"Clear & Stable Bluetooth Calls Abnormal Heart Rate Warning 1.78\" HD Colorful Amoled Display Easy 24H Health Management Dynamic Ul For both Android and IOS","canonical_url":"https:\/\/www.kieslect.com\/tr\/urun\/kieslect-calling-smartwatch-ks-mini\/","robots":"max-image-preview:large","keywords":"","webmasterTools":{"miscellaneous":""},"og:locale":"tr_TR","og:site_name":"Kieslect - A Trusted Global Provider of Smart Wearable Solution","og:type":"article","og:title":"Kieslect Calling Smartwatch Ks Mini - Kieslect","og:description":"Clear &amp; Stable Bluetooth Calls Abnormal Heart Rate Warning 1.78&quot; HD Colorful Amoled Display Easy 24H Health Management Dynamic Ul For both Android and IOS","og:url":"https:\/\/www.kieslect.com\/tr\/urun\/kieslect-calling-smartwatch-ks-mini\/","og:image":"https:\/\/www.kieslect.com\/wp-content\/uploads\/replace\/83a7c94e588d71936bb1ab2a1c752869.jpeg","og:image:secure_url":"https:\/\/www.kieslect.com\/wp-content\/uploads\/replace\/83a7c94e588d71936bb1ab2a1c752869.jpeg","og:image:width":300,"og:image:height":169,"article:published_time":"2024-01-16T11:47:49+00:00","article:modified_time":"2026-05-10T00:46:01+00:00","article:publisher":"https:\/\/www.facebook.com\/KieslectOfficial\/","twitter:card":"summary_large_image","twitter:site":"@kieslect","twitter:title":"Kieslect Calling Smartwatch Ks Mini - Kieslect","twitter:description":"Clear &amp; Stable Bluetooth Calls Abnormal Heart Rate Warning 1.78&quot; HD Colorful Amoled Display Easy 24H Health Management Dynamic Ul For both Android and IOS","twitter:creator":"@kieslect","twitter:image":"https:\/\/www.kieslect.com\/wp-content\/uploads\/replace\/83a7c94e588d71936bb1ab2a1c752869.jpeg","schema":{"@context":"https:\/\/schema.org","@graph":[{"@type":"BreadcrumbList","@id":"https:\/\/www.kieslect.com\/tr\/urun\/kieslect-calling-smartwatch-ks-mini\/#breadcrumblist","itemListElement":[{"@type":"ListItem","@id":"https:\/\/www.kieslect.com\/tr\/#listItem","position":1,"name":"Home","item":"https:\/\/www.kieslect.com\/tr\/","nextItem":"https:\/\/www.kieslect.com\/tr\/urun\/kieslect-calling-smartwatch-ks-mini\/#listItem"},{"@type":"ListItem","@id":"https:\/\/www.kieslect.com\/tr\/urun\/kieslect-calling-smartwatch-ks-mini\/#listItem","position":2,"name":"Kieslect Calling Smartwatch Ks Mini","previousItem":"https:\/\/www.kieslect.com\/tr\/#listItem"}]},{"@type":"Organization","@id":"https:\/\/www.kieslect.com\/tr\/#organization","name":"Kieslect Smartwatch","description":"A Trusted Global Provider of Smart Wearable Solution","url":"https:\/\/www.kieslect.com\/tr\/","logo":{"@type":"ImageObject","url":"https:\/\/www.kieslect.com\/wp-content\/uploads\/2024\/01\/Kieslect-Logo-2_1_335x75_crop_center-1.webp","@id":"https:\/\/www.kieslect.com\/tr\/urun\/kieslect-calling-smartwatch-ks-mini\/#organizationLogo","width":335,"height":75},"image":{"@id":"https:\/\/www.kieslect.com\/tr\/urun\/kieslect-calling-smartwatch-ks-mini\/#organizationLogo"},"sameAs":["https:\/\/www.facebook.com\/KieslectOfficial\/","https:\/\/twitter.com\/kieslect","https:\/\/www.instagram.com\/kieslect\/"]},{"@type":"Product","@id":"https:\/\/www.kieslect.com\/tr\/urun\/kieslect-calling-smartwatch-ks-mini\/#wooCommerceProduct","name":"Kieslect Calling Smartwatch Ks Mini","description":"Clear &amp; Stable Bluetooth Calls\r\n \tAbnormal Heart Rate Warning\r\n \t1.78\" HD Colorful Amoled Display\r\n \tEasy 24H Health Management\r\n \tDynamic Ul\r\n \tFor both Android and IOS","url":"https:\/\/www.kieslect.com\/tr\/urun\/kieslect-calling-smartwatch-ks-mini\/","image":{"@type":"ImageObject","url":"https:\/\/www.kieslect.com\/wp-content\/uploads\/2024\/01\/KSMINI_2.webp","@id":"https:\/\/www.kieslect.com\/tr\/urun\/kieslect-calling-smartwatch-ks-mini\/#productImage","width":1000,"height":1000},"offers":{"@type":"Offer","url":"https:\/\/www.kieslect.com\/tr\/urun\/kieslect-calling-smartwatch-ks-mini\/#wooCommerceOffer","price":0,"priceCurrency":"USD","category":"Smartwatch","availability":"https:\/\/schema.org\/InStock","seller":{"@type":"Organization","@id":"https:\/\/www.kieslect.com\/tr\/#organization"}},"aggregateRating":{"@type":"AggregateRating","@id":"https:\/\/www.kieslect.com\/tr\/urun\/kieslect-calling-smartwatch-ks-mini\/#aggregrateRating","worstRating":1,"bestRating":5,"ratingValue":4,"reviewCount":2},"review":[{"@type":"Review","reviewRating":{"@type":"Rating","ratingValue":5,"worstRating":1,"bestRating":5},"author":{"@type":"Person","name":"Angel Gordillo"},"datePublished":"2024-12-16T13:40:03+08:00","reviewBody":"Muy Satisfecho con este buen smartwatch"},{"@type":"Review","reviewRating":{"@type":"Rating","ratingValue":3,"worstRating":1,"bestRating":5},"author":{"@type":"Person","name":"Simu"},"datePublished":"2024-04-30T11:41:10+08:00","reviewBody":"This Smart Watch Bangla Supported?"}]},{"@type":"WebPage","@id":"https:\/\/www.kieslect.com\/tr\/urun\/kieslect-calling-smartwatch-ks-mini\/#webpage","url":"https:\/\/www.kieslect.com\/tr\/urun\/kieslect-calling-smartwatch-ks-mini\/","name":"Kieslect Calling Smartwatch Ks Mini - Kieslect","description":"Clear & Stable Bluetooth Calls Abnormal Heart Rate Warning 1.78\" HD Colorful Amoled Display Easy 24H Health Management Dynamic Ul For both Android and IOS","inLanguage":"tr-TR","isPartOf":{"@id":"https:\/\/www.kieslect.com\/tr\/#website"},"breadcrumb":{"@id":"https:\/\/www.kieslect.com\/tr\/urun\/kieslect-calling-smartwatch-ks-mini\/#breadcrumblist"},"image":{"@type":"ImageObject","url":"https:\/\/www.kieslect.com\/wp-content\/uploads\/2024\/01\/KSMINI_2.webp","@id":"https:\/\/www.kieslect.com\/tr\/urun\/kieslect-calling-smartwatch-ks-mini\/#mainImage","width":1000,"height":1000},"primaryImageOfPage":{"@id":"https:\/\/www.kieslect.com\/tr\/urun\/kieslect-calling-smartwatch-ks-mini\/#mainImage"},"datePublished":"2024-01-16T11:47:49+08:00","dateModified":"2026-05-10T08:46:01+08:00"},{"@type":"WebSite","@id":"https:\/\/www.kieslect.com\/tr\/#website","url":"https:\/\/www.kieslect.com\/tr\/","name":"Kieslect","description":"A Trusted Global Provider of Smart Wearable Solution","inLanguage":"tr-TR","publisher":{"@id":"https:\/\/www.kieslect.com\/tr\/#organization"}}]}},"aioseo_meta_data":{"post_id":"23750","title":null,"description":null,"keywords":null,"keyphrases":"{\"focus\":{\"keyphrase\":\"\",\"score\":0,\"analysis\":{\"keyphraseInTitle\":{\"score\":0,\"maxScore\":9,\"error\":1}}},\"additional\":[]}","primary_term":null,"canonical_url":null,"og_title":null,"og_description":null,"og_object_type":"default","og_image_type":"default","og_image_url":null,"og_image_width":null,"og_image_height":null,"og_image_custom_url":null,"og_image_custom_fields":null,"og_video":"","og_custom_url":null,"og_article_section":null,"og_article_tags":null,"twitter_use_og":false,"twitter_card":"default","twitter_image_type":"default","twitter_image_url":null,"twitter_image_custom_url":null,"twitter_image_custom_fields":null,"twitter_title":null,"twitter_description":null,"schema":{"blockGraphs":[],"customGraphs":[],"default":{"data":{"Article":[],"Course":[],"Dataset":[],"FAQPage":[],"Movie":[],"Person":[],"Product":[],"Recipe":[],"Service":[],"SoftwareApplication":[],"WebPage":[]},"graphName":"Product","isEnabled":true},"graphs":[]},"schema_type":"default","schema_type_options":null,"pillar_content":false,"robots_default":true,"robots_noindex":false,"robots_noarchive":false,"robots_nosnippet":false,"robots_nofollow":false,"robots_noimageindex":false,"robots_noodp":false,"robots_notranslate":false,"robots_max_snippet":"-1","robots_max_videopreview":"-1","robots_max_imagepreview":"large","priority":null,"frequency":"default","local_seo":null,"limit_modified_date":false,"created":"2024-02-26 12:21:33","updated":"2026-05-10 00:55:04"},"aioseo_breadcrumb":"<div class=\"aioseo-breadcrumbs\"><span class=\"aioseo-breadcrumb\">\n\t<a href=\"https:\/\/www.kieslect.com\/tr\" title=\"Home\">Home<\/a>\n<\/span><span class=\"aioseo-breadcrumb-separator\">&raquo;<\/span><span class=\"aioseo-breadcrumb\">\n\t<a href=\"https:\/\/www.kieslect.com\/tr\/shop\/\" title=\"Shop\">Shop<\/a>\n<\/span><span class=\"aioseo-breadcrumb-separator\">&raquo;<\/span><span class=\"aioseo-breadcrumb\">\n\t<a href=\"https:\/\/www.kieslect.com\/tr\/urun-kategori\/smartwatch\/\" title=\"Smartwatch\">Smartwatch<\/a>\n<\/span><span class=\"aioseo-breadcrumb-separator\">&raquo;<\/span><span class=\"aioseo-breadcrumb\">\n\t<a href=\"https:\/\/www.kieslect.com\/tr\/urun-kategori\/smartwatch\/essential-series\/\" title=\"Essential Series\">Essential Series<\/a>\n<\/span><span class=\"aioseo-breadcrumb-separator\">&raquo;<\/span><span class=\"aioseo-breadcrumb\">\n\tKieslect Calling Smartwatch Ks Mini\n<\/span><\/div>","aioseo_breadcrumb_json":[{"label":"Home","link":"https:\/\/www.kieslect.com\/tr"},{"label":"Shop","link":"https:\/\/www.kieslect.com\/tr\/shop\/"},{"label":"Smartwatch","link":"https:\/\/www.kieslect.com\/tr\/urun-kategori\/smartwatch\/"},{"label":"Essential Series","link":"https:\/\/www.kieslect.com\/tr\/urun-kategori\/smartwatch\/essential-series\/"},{"label":"Kieslect Calling Smartwatch Ks Mini","link":"https:\/\/www.kieslect.com\/tr\/urun\/kieslect-calling-smartwatch-ks-mini\/"}],"_links":{"self":[{"href":"https:\/\/www.kieslect.com\/tr\/wp-json\/wp\/v2\/product\/23750","targetHints":{"allow":["GET"]}}],"collection":[{"href":"https:\/\/www.kieslect.com\/tr\/wp-json\/wp\/v2\/product"}],"about":[{"href":"https:\/\/www.kieslect.com\/tr\/wp-json\/wp\/v2\/types\/product"}],"replies":[{"embeddable":true,"href":"https:\/\/www.kieslect.com\/tr\/wp-json\/wp\/v2\/comments?post=23750"}],"version-history":[{"count":0,"href":"https:\/\/www.kieslect.com\/tr\/wp-json\/wp\/v2\/product\/23750\/revisions"}],"wp:featuredmedia":[{"embeddable":true,"href":"https:\/\/www.kieslect.com\/tr\/wp-json\/wp\/v2\/media\/23798"}],"wp:attachment":[{"href":"https:\/\/www.kieslect.com\/tr\/wp-json\/wp\/v2\/media?parent=23750"}],"wp:term":[{"taxonomy":"product_brand","embeddable":true,"href":"https:\/\/www.kieslect.com\/tr\/wp-json\/wp\/v2\/product_brand?post=23750"},{"taxonomy":"product_cat","embeddable":true,"href":"https:\/\/www.kieslect.com\/tr\/wp-json\/wp\/v2\/product_cat?post=23750"},{"taxonomy":"product_tag","embeddable":true,"href":"https:\/\/www.kieslect.com\/tr\/wp-json\/wp\/v2\/product_tag?post=23750"}],"curies":[{"name":"wp","href":"https:\/\/api.w.org\/{rel}","templated":true}]}}