{"id":23749,"date":"2024-01-16T11:47:49","date_gmt":"2024-01-16T11:47:49","guid":{"rendered":"http:\/\/www.kieslect.com\/?post_type=product&#038;p=23749"},"modified":"2026-01-21T20:32:51","modified_gmt":"2026-01-21T12:32:51","slug":"kieslect-calling-smartwatch-kr-pro-ltd","status":"publish","type":"product","link":"https:\/\/www.kieslect.com\/tr\/urun\/kieslect-calling-smartwatch-kr-pro-ltd\/","title":{"rendered":"Kieslect Smartwatch Kr Pro Ltd&#039;yi Arad\u0131"},"content":{"rendered":"<p><strong><img decoding=\"async\" src=\"\/wp-content\/uploads\/replace\/5e8d53aef20e4f25971fb452fa5ca60f.jpeg\" alt=\"Samrtwatch-Kr Pro Ltd\" \/><img decoding=\"async\" src=\"\/wp-content\/uploads\/replace\/3738306134f8058eead5ee42dbaa0b4c.jpeg\" alt=\"Samrtwatch-Kr Pro Ltd\" \/><img decoding=\"async\" src=\"\/wp-content\/uploads\/replace\/765146f49147e32b03f5f750d5e99c03.jpeg\" alt=\"Samrtwatch-Kr Pro Ltd\" \/><img decoding=\"async\" src=\"\/wp-content\/uploads\/replace\/5cf51547519288a6d9b9c41610132421.jpeg\" alt=\"Samrtwatch-Kr Pro Ltd\" \/><img decoding=\"async\" src=\"\/wp-content\/uploads\/replace\/1cc42e01edf692b77c5bb79e963b165a.jpeg\" alt=\"Samrtwatch-Kr Pro Ltd\" \/><img decoding=\"async\" src=\"\/wp-content\/uploads\/replace\/bdaf23af2c14ed5a20fc678652eb7a94.jpeg\" alt=\"Samrtwatch-Kr Pro Ltd\" \/><img decoding=\"async\" src=\"\/wp-content\/uploads\/replace\/dcbad366ec4dcdd36ee2684fa7f8d626.jpeg\" alt=\"Samrtwatch-Kr Pro Ltd\" \/><img decoding=\"async\" src=\"\/wp-content\/uploads\/replace\/ab11dbf9efbc289e4c74bcc8652a96ba.jpeg\" alt=\"Samrtwatch-Kr Pro Ltd\" \/><img decoding=\"async\" src=\"\/wp-content\/uploads\/replace\/abe115ac07214ec67592c63443b46cfe.jpeg\" alt=\"Samrtwatch-Kr Pro Ltd\" \/><img decoding=\"async\" src=\"\/wp-content\/uploads\/replace\/0c9ed753205c1ec60e0e918012cd1c14.jpeg\" alt=\"Samrtwatch-Kr Pro Ltd\" \/><img decoding=\"async\" src=\"\/wp-content\/uploads\/replace\/9e6906919f7205510190cc72cfc85ed1.jpeg\" alt=\"Samrtwatch-Kr Pro Ltd\" \/><img decoding=\"async\" src=\"\/wp-content\/uploads\/replace\/76fcfa026741670d4c798072aff57eb7.jpeg\" alt=\"Samrtwatch-Kr Pro Ltd\" \/><img decoding=\"async\" src=\"\/wp-content\/uploads\/replace\/48f22bf8e6fde0f9c4ef8f8a780eb1a9.jpeg\" alt=\"Samrtwatch-Kr Pro Ltd\" \/><img decoding=\"async\" src=\"\/wp-content\/uploads\/replace\/97eba214b25afb7ec656c5dc6e13b510.jpeg\" alt=\"Samrtwatch-Kr Pro Ltd\" \/><img decoding=\"async\" src=\"\/wp-content\/uploads\/replace\/31b0f7c287206ccda483be9e76bf3638.jpeg\" alt=\"Samrtwatch-Kr Pro Ltd\" \/><img decoding=\"async\" src=\"\/wp-content\/uploads\/replace\/77f67cebd502766ac942cca2d5171085.jpeg\" alt=\"Samrtwatch-Kr Pro Ltd\" \/><img decoding=\"async\" src=\"\/wp-content\/uploads\/replace\/1f48460be7ea98aa5225c7ef8578f444.jpeg\" alt=\"Samrtwatch-Kr Pro Ltd\" \/><img decoding=\"async\" src=\"\/wp-content\/uploads\/replace\/50d07c222ba78d1e3596d4430f88b4c6.jpeg\" alt=\"Samrtwatch-Kr Pro Ltd\" \/><img decoding=\"async\" src=\"\/wp-content\/uploads\/replace\/c62d1f34177171e3c8bf582c2f2a7565.jpeg\" alt=\"Samrtwatch-Kr Pro Ltd\" \/><img decoding=\"async\" src=\"\/wp-content\/uploads\/replace\/9a4d84cb3ffd1251c8afe1d4c01f4289.jpeg\" alt=\"Samrtwatch-Kr Pro Ltd\" \/><img decoding=\"async\" src=\"\/wp-content\/uploads\/replace\/f3553f2d82db6af88d9cb6f2c5559ba2.jpeg\" alt=\"Samrtwatch-Kr Pro Ltd\" \/><img decoding=\"async\" src=\"\/wp-content\/uploads\/replace\/2fdd3048baa97e06c017c95b8de16892.jpeg\" alt=\"Samrtwatch-Kr Pro Ltd\" \/><img decoding=\"async\" src=\"\/wp-content\/uploads\/replace\/31efa7987f45fbb7d1adbe645279f7cf.jpeg\" alt=\"Samrtwatch-Kr Pro Ltd\" \/><img fetchpriority=\"high\" decoding=\"async\" class=\"alignnone size-full wp-image-28989\" src=\"\/wp-content\/uploads\/replace\/37969676bcad62503937a32d1fcfef67.png\" alt=\"Kieslect Calling Smartwatch Kr Pro Ltd\" width=\"1920\" height=\"1557\" \/> <img decoding=\"async\" class=\"alignnone size-full wp-image-28990\" src=\"\/wp-content\/uploads\/replace\/5b24506ee16d6c14c7fe136fe83ee87f.png\" alt=\"Kieslect Calling Smartwatch Kr Pro Ltd\" width=\"1920\" height=\"2165\" \/><\/strong><\/p>\n<p>&nbsp;<\/p>\n<p><strong>Kieslect Ak\u0131ll\u0131 Arama Saati Kr Pro Ltd<\/strong><\/p>\n<p><strong>\u25cf Kapsaml\u0131 24 Saat Sa\u011fl\u0131k \u0130zleme<\/strong><br \/>\nKr Pro Ltd, kalp at\u0131\u015f h\u0131z\u0131n\u0131zdan, uyku skorunuzdan, solunumunuzdan, stres seviyenizden fark\u0131ndal\u0131k i\u00e7eri\u011finize kadar her \u015feyi ger\u00e7ek zamanl\u0131 olarak izleyerek zihinsel ve fiziksel sa\u011fl\u0131\u011f\u0131n\u0131z\u0131 korur. Kr Pro Ltd&#039;nin inan\u0131lmaz derecede Kapsaml\u0131 t\u00fcm g\u00fcn sa\u011fl\u0131k \u00f6zelliklerini kullanarak kesinlikle daha sa\u011fl\u0131kl\u0131 bir ya\u015fama sahip olacaks\u0131n\u0131z.<\/p>\n<p><strong>\u25cf Y\u00fckseltilmi\u015f KIE OS taraf\u0131ndan desteklenmektedir<\/strong><br \/>\nKr Pro Ltd, Kieslect taraf\u0131ndan geli\u015ftirilen y\u00fckseltilmi\u015f bir uygulama olan KIE OS taraf\u0131ndan \u00e7al\u0131\u015ft\u0131r\u0131lmaktad\u0131r. Daha iyi kullan\u0131c\u0131 aray\u00fcz\u00fc tasar\u0131m\u0131 ve etkile\u015fimli aray\u00fcz ile, sorunsuz bir \u00e7al\u0131\u015fma deneyiminin keyfini \u00e7\u0131kar\u0131rken egzersiz performanslar\u0131n\u0131 ve sa\u011fl\u0131k raporlar\u0131n\u0131 kontrol etme gibi kapsaml\u0131 i\u015flevlerini ke\u015ffedebilirsiniz.<\/p>\n<p><strong>\u25cf AOD&#039;lu 1,43\u2033 HD Renkli Amoled Ekran<\/strong><br \/>\nKr Pro Ltd, canl\u0131 renkleri ve kristal netli\u011finde g\u00f6rselleriyle sizi kesinlikle b\u00fcy\u00fcleyecek, 466*466 piksele sahip, \u00e7arp\u0131c\u0131 1,43 in\u00e7 HD Renkli Amoled Ekrana sahiptir. Kr Pro Ltd&#039;deki AOD i\u015fleviyle, s\u00fcrekli bile\u011finizi \u00e7evirmenin veya saatinizi kontrol etmek i\u00e7in d\u00fc\u011fmelere basman\u0131n zorlu\u011funa nihayet veda edebilirsiniz.<\/p>\n<p><strong>\u25cf IP68 Su Ge\u00e7irmez<\/strong><br \/>\nEtkileyici IP68 suya dayan\u0131kl\u0131l\u0131k sayesinde ellerinizi y\u0131kayabilir ve Kr Pro Ltd&#039;yi ya\u011fmurda herhangi bir sorun ya\u015famadan giyebilirsiniz.<\/p>\n<p><strong>\u25cf Anormal Kalp At\u0131\u015f H\u0131z\u0131 Uyar\u0131s\u0131<\/strong><br \/>\nKr Pro Ltd&#039;nin Anormal Kalp At\u0131\u015f H\u0131z\u0131 Uyar\u0131s\u0131 \u00f6zelli\u011fi ile art\u0131k kalp at\u0131\u015f h\u0131z\u0131n\u0131z\u0131 daha do\u011fru bir \u015fekilde izleyebilir ve sa\u011fl\u0131\u011f\u0131n\u0131zdan haberdar olabilirsiniz.<br \/>\nAnormal Kalp At\u0131\u015f H\u0131z\u0131 Uyar\u0131s\u0131, kalple ilgili sa\u011fl\u0131k sorunlar\u0131n\u0131n \u00f6nlenmesine yard\u0131mc\u0131 olabilecek \u00e7ok \u00f6nemli bir \u00f6zelliktir.<br \/>\nKalp at\u0131\u015f h\u0131z\u0131n\u0131z\u0131 izlemek ve herhangi bir d\u00fczensizlik veya anormal art\u0131\u015f tespit etmesi durumunda uyar\u0131 g\u00f6ndermek i\u00e7in \u00f6zel olarak tasarlanm\u0131\u015ft\u0131r. Bu \u00f6zellik sayesinde h\u0131zl\u0131 bir \u015fekilde harekete ge\u00e7ebilir ve gerekti\u011finde t\u0131bbi yard\u0131ma ba\u015fvurabilirsiniz.<\/p>","protected":false},"excerpt":{"rendered":"<ul>\n<li>Extensive 24H Health Monitoring<\/li>\n<li>Powered by Upgraded Kieslect OS<\/li>\n<li>1.43&#8243; HD Colorful Amoled Display with AOD<\/li>\n<li>IP68 Su Ge\u00e7irmez<\/li>\n<li>Abnormal Heart Rate Alert<\/li>\n<li>For both Android and IOS<\/li>\n<\/ul>","protected":false},"featured_media":23792,"comment_status":"open","ping_status":"closed","template":"","meta":[],"product_brand":[],"product_cat":[15,463,462,417,461],"product_tag":[],"class_list":{"0":"post-23749","1":"product","2":"type-product","3":"status-publish","4":"has-post-thumbnail","6":"product_cat-smartwatch","7":"product_cat-calling-smartwatch","8":"product_cat-calling-watch","9":"product_cat-essential-series","10":"product_cat-smart-watches-for-men","12":"first","13":"instock","14":"shipping-taxable","15":"product-type-external"},"aioseo_notices":[],"aioseo_head":"\n\t\t<!-- All in One SEO Pro 4.6.5 - aioseo.com -->\n\t\t<meta name=\"description\" content=\"Extensive 24H Health Monitoring Powered by Upgraded Kieslect OS 1.43&quot; HD Colorful Amoled Display with AOD IP68 Waterproof Abnormal Heart Rate Alert For both Android and IOS\" \/>\n\t\t<meta name=\"robots\" content=\"max-image-preview:large\" \/>\n\t\t<link rel=\"canonical\" href=\"https:\/\/www.kieslect.com\/tr\/urun\/kieslect-calling-smartwatch-kr-pro-ltd\/\" \/>\n\t\t<meta name=\"generator\" content=\"All in One SEO Pro (AIOSEO) 4.6.5\" \/>\n\t\t<meta property=\"og:locale\" content=\"tr_TR\" \/>\n\t\t<meta property=\"og:site_name\" content=\"Kieslect - A Trusted Global Provider of Smart Wearable Solution\" \/>\n\t\t<meta property=\"og:type\" content=\"article\" \/>\n\t\t<meta property=\"og:title\" content=\"Kieslect Calling Smartwatch Kr Pro Ltd - Kieslect\" \/>\n\t\t<meta property=\"og:description\" content=\"Extensive 24H Health Monitoring Powered by Upgraded Kieslect OS 1.43&quot; HD Colorful Amoled Display with AOD IP68 Waterproof Abnormal Heart Rate Alert For both Android and IOS\" \/>\n\t\t<meta property=\"og:url\" content=\"https:\/\/www.kieslect.com\/tr\/urun\/kieslect-calling-smartwatch-kr-pro-ltd\/\" \/>\n\t\t<meta property=\"og:image\" content=\"https:\/\/www.kieslect.com\/wp-content\/uploads\/replace\/83a7c94e588d71936bb1ab2a1c752869.jpeg\" \/>\n\t\t<meta property=\"og:image:secure_url\" content=\"https:\/\/www.kieslect.com\/wp-content\/uploads\/replace\/83a7c94e588d71936bb1ab2a1c752869.jpeg\" \/>\n\t\t<meta property=\"og:image:width\" content=\"300\" \/>\n\t\t<meta property=\"og:image:height\" content=\"169\" \/>\n\t\t<meta property=\"article:published_time\" content=\"2024-01-16T11:47:49+00:00\" \/>\n\t\t<meta property=\"article:modified_time\" content=\"2026-01-21T12:32:51+00:00\" \/>\n\t\t<meta property=\"article:publisher\" content=\"https:\/\/www.facebook.com\/KieslectOfficial\/\" \/>\n\t\t<meta name=\"twitter:card\" content=\"summary_large_image\" \/>\n\t\t<meta name=\"twitter:site\" content=\"@kieslect\" \/>\n\t\t<meta name=\"twitter:title\" content=\"Kieslect Calling Smartwatch Kr Pro Ltd - Kieslect\" \/>\n\t\t<meta name=\"twitter:description\" content=\"Extensive 24H Health Monitoring Powered by Upgraded Kieslect OS 1.43&quot; HD Colorful Amoled Display with AOD IP68 Waterproof Abnormal Heart Rate Alert For both Android and IOS\" \/>\n\t\t<meta name=\"twitter:creator\" content=\"@kieslect\" \/>\n\t\t<meta name=\"twitter:image\" content=\"https:\/\/www.kieslect.com\/wp-content\/uploads\/replace\/83a7c94e588d71936bb1ab2a1c752869.jpeg\" \/>\n\t\t<script type=\"application\/ld+json\" class=\"aioseo-schema\">\n\t\t\t{\"@context\":\"https:\\\/\\\/schema.org\",\"@graph\":[{\"@type\":\"BreadcrumbList\",\"@id\":\"https:\\\/\\\/www.kieslect.com\\\/tr\\\/urun\\\/kieslect-calling-smartwatch-kr-pro-ltd\\\/#breadcrumblist\",\"itemListElement\":[{\"@type\":\"ListItem\",\"@id\":\"https:\\\/\\\/www.kieslect.com\\\/tr\\\/#listItem\",\"position\":1,\"name\":\"Home\",\"item\":\"https:\\\/\\\/www.kieslect.com\\\/tr\\\/\",\"nextItem\":\"https:\\\/\\\/www.kieslect.com\\\/tr\\\/urun\\\/kieslect-calling-smartwatch-kr-pro-ltd\\\/#listItem\"},{\"@type\":\"ListItem\",\"@id\":\"https:\\\/\\\/www.kieslect.com\\\/tr\\\/urun\\\/kieslect-calling-smartwatch-kr-pro-ltd\\\/#listItem\",\"position\":2,\"name\":\"Kieslect Calling Smartwatch Kr Pro Ltd\",\"previousItem\":\"https:\\\/\\\/www.kieslect.com\\\/tr\\\/#listItem\"}]},{\"@type\":\"Organization\",\"@id\":\"https:\\\/\\\/www.kieslect.com\\\/tr\\\/#organization\",\"name\":\"Kieslect Smartwatch\",\"description\":\"A Trusted Global Provider of Smart Wearable Solution\",\"url\":\"https:\\\/\\\/www.kieslect.com\\\/tr\\\/\",\"logo\":{\"@type\":\"ImageObject\",\"url\":\"https:\\\/\\\/www.kieslect.com\\\/wp-content\\\/uploads\\\/2024\\\/01\\\/Kieslect-Logo-2_1_335x75_crop_center-1.webp\",\"@id\":\"https:\\\/\\\/www.kieslect.com\\\/tr\\\/urun\\\/kieslect-calling-smartwatch-kr-pro-ltd\\\/#organizationLogo\",\"width\":335,\"height\":75},\"image\":{\"@id\":\"https:\\\/\\\/www.kieslect.com\\\/tr\\\/urun\\\/kieslect-calling-smartwatch-kr-pro-ltd\\\/#organizationLogo\"},\"sameAs\":[\"https:\\\/\\\/www.facebook.com\\\/KieslectOfficial\\\/\",\"https:\\\/\\\/twitter.com\\\/kieslect\",\"https:\\\/\\\/www.instagram.com\\\/kieslect\\\/\"]},{\"@type\":\"Product\",\"@id\":\"https:\\\/\\\/www.kieslect.com\\\/tr\\\/urun\\\/kieslect-calling-smartwatch-kr-pro-ltd\\\/#wooCommerceProduct\",\"name\":\"Kieslect Calling Smartwatch Kr Pro Ltd\",\"description\":\"Extensive 24H Health Monitoring\\r\\n \\tPowered by Upgraded Kieslect OS\\r\\n \\t1.43\\\" HD Colorful Amoled Display with AOD\\r\\n \\tIP68 Waterproof\\r\\n \\tAbnormal Heart Rate Alert\\r\\n \\tFor both Android and IOS\",\"url\":\"https:\\\/\\\/www.kieslect.com\\\/tr\\\/urun\\\/kieslect-calling-smartwatch-kr-pro-ltd\\\/\",\"image\":{\"@type\":\"ImageObject\",\"url\":\"https:\\\/\\\/www.kieslect.com\\\/wp-content\\\/uploads\\\/2024\\\/01\\\/KRPROLTD_2.webp\",\"@id\":\"https:\\\/\\\/www.kieslect.com\\\/tr\\\/urun\\\/kieslect-calling-smartwatch-kr-pro-ltd\\\/#productImage\",\"width\":1000,\"height\":1000},\"offers\":{\"@type\":\"Offer\",\"url\":\"https:\\\/\\\/www.kieslect.com\\\/tr\\\/urun\\\/kieslect-calling-smartwatch-kr-pro-ltd\\\/#wooCommerceOffer\",\"price\":0,\"priceCurrency\":\"USD\",\"category\":\"Smartwatch\",\"availability\":\"https:\\\/\\\/schema.org\\\/InStock\",\"seller\":{\"@type\":\"Organization\",\"@id\":\"https:\\\/\\\/www.kieslect.com\\\/tr\\\/#organization\"}},\"aggregateRating\":{\"@type\":\"AggregateRating\",\"@id\":\"https:\\\/\\\/www.kieslect.com\\\/tr\\\/urun\\\/kieslect-calling-smartwatch-kr-pro-ltd\\\/#aggregrateRating\",\"worstRating\":1,\"bestRating\":5,\"ratingValue\":5,\"reviewCount\":1},\"review\":[{\"@type\":\"Review\",\"reviewRating\":{\"@type\":\"Rating\",\"ratingValue\":5,\"worstRating\":1,\"bestRating\":5},\"author\":{\"@type\":\"Person\",\"name\":\"zeze\"},\"datePublished\":\"2024-11-26T04:47:02+08:00\",\"reviewBody\":\"Very coll smartwatch,,clear display and cute AoD,,acurancy is good\"}]},{\"@type\":\"WebPage\",\"@id\":\"https:\\\/\\\/www.kieslect.com\\\/tr\\\/urun\\\/kieslect-calling-smartwatch-kr-pro-ltd\\\/#webpage\",\"url\":\"https:\\\/\\\/www.kieslect.com\\\/tr\\\/urun\\\/kieslect-calling-smartwatch-kr-pro-ltd\\\/\",\"name\":\"Kieslect Calling Smartwatch Kr Pro Ltd - Kieslect\",\"description\":\"Extensive 24H Health Monitoring Powered by Upgraded Kieslect OS 1.43\\\" HD Colorful Amoled Display with AOD IP68 Waterproof Abnormal Heart Rate Alert For both Android and IOS\",\"inLanguage\":\"tr-TR\",\"isPartOf\":{\"@id\":\"https:\\\/\\\/www.kieslect.com\\\/tr\\\/#website\"},\"breadcrumb\":{\"@id\":\"https:\\\/\\\/www.kieslect.com\\\/tr\\\/urun\\\/kieslect-calling-smartwatch-kr-pro-ltd\\\/#breadcrumblist\"},\"image\":{\"@type\":\"ImageObject\",\"url\":\"https:\\\/\\\/www.kieslect.com\\\/wp-content\\\/uploads\\\/2024\\\/01\\\/KRPROLTD_2.webp\",\"@id\":\"https:\\\/\\\/www.kieslect.com\\\/tr\\\/urun\\\/kieslect-calling-smartwatch-kr-pro-ltd\\\/#mainImage\",\"width\":1000,\"height\":1000},\"primaryImageOfPage\":{\"@id\":\"https:\\\/\\\/www.kieslect.com\\\/tr\\\/urun\\\/kieslect-calling-smartwatch-kr-pro-ltd\\\/#mainImage\"},\"datePublished\":\"2024-01-16T11:47:49+08:00\",\"dateModified\":\"2026-01-21T20:32:51+08:00\"},{\"@type\":\"WebSite\",\"@id\":\"https:\\\/\\\/www.kieslect.com\\\/tr\\\/#website\",\"url\":\"https:\\\/\\\/www.kieslect.com\\\/tr\\\/\",\"name\":\"Kieslect\",\"description\":\"A Trusted Global Provider of Smart Wearable Solution\",\"inLanguage\":\"tr-TR\",\"publisher\":{\"@id\":\"https:\\\/\\\/www.kieslect.com\\\/tr\\\/#organization\"}}]}\n\t\t<\/script>\n\t\t<!-- All in One SEO Pro -->\r\n\t\t<title>Kieslect Calling Smartwatch Kr Pro Ltd - Kieslect<\/title>\n\n","aioseo_head_json":{"title":"Kieslect Calling Smartwatch Kr Pro Ltd - Kieslect","description":"Extensive 24H Health Monitoring Powered by Upgraded Kieslect OS 1.43\" HD Colorful Amoled Display with AOD IP68 Waterproof Abnormal Heart Rate Alert For both Android and IOS","canonical_url":"https:\/\/www.kieslect.com\/tr\/urun\/kieslect-calling-smartwatch-kr-pro-ltd\/","robots":"max-image-preview:large","keywords":"","webmasterTools":{"miscellaneous":""},"og:locale":"tr_TR","og:site_name":"Kieslect - A Trusted Global Provider of Smart Wearable Solution","og:type":"article","og:title":"Kieslect Calling Smartwatch Kr Pro Ltd - Kieslect","og:description":"Extensive 24H Health Monitoring Powered by Upgraded Kieslect OS 1.43&quot; HD Colorful Amoled Display with AOD IP68 Waterproof Abnormal Heart Rate Alert For both Android and IOS","og:url":"https:\/\/www.kieslect.com\/tr\/urun\/kieslect-calling-smartwatch-kr-pro-ltd\/","og:image":"https:\/\/www.kieslect.com\/wp-content\/uploads\/replace\/83a7c94e588d71936bb1ab2a1c752869.jpeg","og:image:secure_url":"https:\/\/www.kieslect.com\/wp-content\/uploads\/replace\/83a7c94e588d71936bb1ab2a1c752869.jpeg","og:image:width":300,"og:image:height":169,"article:published_time":"2024-01-16T11:47:49+00:00","article:modified_time":"2026-01-21T12:32:51+00:00","article:publisher":"https:\/\/www.facebook.com\/KieslectOfficial\/","twitter:card":"summary_large_image","twitter:site":"@kieslect","twitter:title":"Kieslect Calling Smartwatch Kr Pro Ltd - Kieslect","twitter:description":"Extensive 24H Health Monitoring Powered by Upgraded Kieslect OS 1.43&quot; HD Colorful Amoled Display with AOD IP68 Waterproof Abnormal Heart Rate Alert For both Android and IOS","twitter:creator":"@kieslect","twitter:image":"https:\/\/www.kieslect.com\/wp-content\/uploads\/replace\/83a7c94e588d71936bb1ab2a1c752869.jpeg","schema":{"@context":"https:\/\/schema.org","@graph":[{"@type":"BreadcrumbList","@id":"https:\/\/www.kieslect.com\/tr\/urun\/kieslect-calling-smartwatch-kr-pro-ltd\/#breadcrumblist","itemListElement":[{"@type":"ListItem","@id":"https:\/\/www.kieslect.com\/tr\/#listItem","position":1,"name":"Home","item":"https:\/\/www.kieslect.com\/tr\/","nextItem":"https:\/\/www.kieslect.com\/tr\/urun\/kieslect-calling-smartwatch-kr-pro-ltd\/#listItem"},{"@type":"ListItem","@id":"https:\/\/www.kieslect.com\/tr\/urun\/kieslect-calling-smartwatch-kr-pro-ltd\/#listItem","position":2,"name":"Kieslect Calling Smartwatch Kr Pro Ltd","previousItem":"https:\/\/www.kieslect.com\/tr\/#listItem"}]},{"@type":"Organization","@id":"https:\/\/www.kieslect.com\/tr\/#organization","name":"Kieslect Smartwatch","description":"A Trusted Global Provider of Smart Wearable Solution","url":"https:\/\/www.kieslect.com\/tr\/","logo":{"@type":"ImageObject","url":"https:\/\/www.kieslect.com\/wp-content\/uploads\/2024\/01\/Kieslect-Logo-2_1_335x75_crop_center-1.webp","@id":"https:\/\/www.kieslect.com\/tr\/urun\/kieslect-calling-smartwatch-kr-pro-ltd\/#organizationLogo","width":335,"height":75},"image":{"@id":"https:\/\/www.kieslect.com\/tr\/urun\/kieslect-calling-smartwatch-kr-pro-ltd\/#organizationLogo"},"sameAs":["https:\/\/www.facebook.com\/KieslectOfficial\/","https:\/\/twitter.com\/kieslect","https:\/\/www.instagram.com\/kieslect\/"]},{"@type":"Product","@id":"https:\/\/www.kieslect.com\/tr\/urun\/kieslect-calling-smartwatch-kr-pro-ltd\/#wooCommerceProduct","name":"Kieslect Calling Smartwatch Kr Pro Ltd","description":"Extensive 24H Health Monitoring\r\n \tPowered by Upgraded Kieslect OS\r\n \t1.43\" HD Colorful Amoled Display with AOD\r\n \tIP68 Waterproof\r\n \tAbnormal Heart Rate Alert\r\n \tFor both Android and IOS","url":"https:\/\/www.kieslect.com\/tr\/urun\/kieslect-calling-smartwatch-kr-pro-ltd\/","image":{"@type":"ImageObject","url":"https:\/\/www.kieslect.com\/wp-content\/uploads\/2024\/01\/KRPROLTD_2.webp","@id":"https:\/\/www.kieslect.com\/tr\/urun\/kieslect-calling-smartwatch-kr-pro-ltd\/#productImage","width":1000,"height":1000},"offers":{"@type":"Offer","url":"https:\/\/www.kieslect.com\/tr\/urun\/kieslect-calling-smartwatch-kr-pro-ltd\/#wooCommerceOffer","price":0,"priceCurrency":"USD","category":"Smartwatch","availability":"https:\/\/schema.org\/InStock","seller":{"@type":"Organization","@id":"https:\/\/www.kieslect.com\/tr\/#organization"}},"aggregateRating":{"@type":"AggregateRating","@id":"https:\/\/www.kieslect.com\/tr\/urun\/kieslect-calling-smartwatch-kr-pro-ltd\/#aggregrateRating","worstRating":1,"bestRating":5,"ratingValue":5,"reviewCount":1},"review":[{"@type":"Review","reviewRating":{"@type":"Rating","ratingValue":5,"worstRating":1,"bestRating":5},"author":{"@type":"Person","name":"zeze"},"datePublished":"2024-11-26T04:47:02+08:00","reviewBody":"Very coll smartwatch,,clear display and cute AoD,,acurancy is good"}]},{"@type":"WebPage","@id":"https:\/\/www.kieslect.com\/tr\/urun\/kieslect-calling-smartwatch-kr-pro-ltd\/#webpage","url":"https:\/\/www.kieslect.com\/tr\/urun\/kieslect-calling-smartwatch-kr-pro-ltd\/","name":"Kieslect Calling Smartwatch Kr Pro Ltd - Kieslect","description":"Extensive 24H Health Monitoring Powered by Upgraded Kieslect OS 1.43\" HD Colorful Amoled Display with AOD IP68 Waterproof Abnormal Heart Rate Alert For both Android and IOS","inLanguage":"tr-TR","isPartOf":{"@id":"https:\/\/www.kieslect.com\/tr\/#website"},"breadcrumb":{"@id":"https:\/\/www.kieslect.com\/tr\/urun\/kieslect-calling-smartwatch-kr-pro-ltd\/#breadcrumblist"},"image":{"@type":"ImageObject","url":"https:\/\/www.kieslect.com\/wp-content\/uploads\/2024\/01\/KRPROLTD_2.webp","@id":"https:\/\/www.kieslect.com\/tr\/urun\/kieslect-calling-smartwatch-kr-pro-ltd\/#mainImage","width":1000,"height":1000},"primaryImageOfPage":{"@id":"https:\/\/www.kieslect.com\/tr\/urun\/kieslect-calling-smartwatch-kr-pro-ltd\/#mainImage"},"datePublished":"2024-01-16T11:47:49+08:00","dateModified":"2026-01-21T20:32:51+08:00"},{"@type":"WebSite","@id":"https:\/\/www.kieslect.com\/tr\/#website","url":"https:\/\/www.kieslect.com\/tr\/","name":"Kieslect","description":"A Trusted Global Provider of Smart Wearable Solution","inLanguage":"tr-TR","publisher":{"@id":"https:\/\/www.kieslect.com\/tr\/#organization"}}]}},"aioseo_meta_data":{"post_id":"23749","title":null,"description":null,"keywords":null,"keyphrases":"{\"focus\":{\"keyphrase\":\"\",\"score\":0,\"analysis\":{\"keyphraseInTitle\":{\"score\":0,\"maxScore\":9,\"error\":1}}},\"additional\":[]}","primary_term":null,"canonical_url":null,"og_title":null,"og_description":null,"og_object_type":"default","og_image_type":"default","og_image_url":null,"og_image_width":null,"og_image_height":null,"og_image_custom_url":null,"og_image_custom_fields":null,"og_video":"","og_custom_url":null,"og_article_section":null,"og_article_tags":null,"twitter_use_og":false,"twitter_card":"default","twitter_image_type":"default","twitter_image_url":null,"twitter_image_custom_url":null,"twitter_image_custom_fields":null,"twitter_title":null,"twitter_description":null,"schema":{"blockGraphs":[],"customGraphs":[],"default":{"data":{"Article":[],"Course":[],"Dataset":[],"FAQPage":[],"Movie":[],"Person":[],"Product":[],"Recipe":[],"Service":[],"SoftwareApplication":[],"WebPage":[]},"graphName":"Product","isEnabled":true},"graphs":[]},"schema_type":"default","schema_type_options":null,"pillar_content":false,"robots_default":true,"robots_noindex":false,"robots_noarchive":false,"robots_nosnippet":false,"robots_nofollow":false,"robots_noimageindex":false,"robots_noodp":false,"robots_notranslate":false,"robots_max_snippet":"-1","robots_max_videopreview":"-1","robots_max_imagepreview":"large","priority":null,"frequency":"default","local_seo":null,"limit_modified_date":false,"created":"2024-02-26 12:21:33","updated":"2026-01-21 12:37:30"},"aioseo_breadcrumb":"<div class=\"aioseo-breadcrumbs\"><span class=\"aioseo-breadcrumb\">\n\t<a href=\"https:\/\/www.kieslect.com\/tr\" title=\"Home\">Home<\/a>\n<\/span><span class=\"aioseo-breadcrumb-separator\">&raquo;<\/span><span class=\"aioseo-breadcrumb\">\n\t<a href=\"https:\/\/www.kieslect.com\/tr\/shop\/\" title=\"Shop\">Shop<\/a>\n<\/span><span class=\"aioseo-breadcrumb-separator\">&raquo;<\/span><span class=\"aioseo-breadcrumb\">\n\t<a href=\"https:\/\/www.kieslect.com\/tr\/urun-kategori\/smartwatch\/\" title=\"Smartwatch\">Smartwatch<\/a>\n<\/span><span class=\"aioseo-breadcrumb-separator\">&raquo;<\/span><span class=\"aioseo-breadcrumb\">\n\t<a href=\"https:\/\/www.kieslect.com\/tr\/urun-kategori\/smartwatch\/essential-series\/\" title=\"Essential Series\">Essential Series<\/a>\n<\/span><span class=\"aioseo-breadcrumb-separator\">&raquo;<\/span><span class=\"aioseo-breadcrumb\">\n\tKieslect Calling Smartwatch Kr Pro Ltd\n<\/span><\/div>","aioseo_breadcrumb_json":[{"label":"Home","link":"https:\/\/www.kieslect.com\/tr"},{"label":"Shop","link":"https:\/\/www.kieslect.com\/tr\/shop\/"},{"label":"Smartwatch","link":"https:\/\/www.kieslect.com\/tr\/urun-kategori\/smartwatch\/"},{"label":"Essential Series","link":"https:\/\/www.kieslect.com\/tr\/urun-kategori\/smartwatch\/essential-series\/"},{"label":"Kieslect Calling Smartwatch Kr Pro Ltd","link":"https:\/\/www.kieslect.com\/tr\/urun\/kieslect-calling-smartwatch-kr-pro-ltd\/"}],"_links":{"self":[{"href":"https:\/\/www.kieslect.com\/tr\/wp-json\/wp\/v2\/product\/23749","targetHints":{"allow":["GET"]}}],"collection":[{"href":"https:\/\/www.kieslect.com\/tr\/wp-json\/wp\/v2\/product"}],"about":[{"href":"https:\/\/www.kieslect.com\/tr\/wp-json\/wp\/v2\/types\/product"}],"replies":[{"embeddable":true,"href":"https:\/\/www.kieslect.com\/tr\/wp-json\/wp\/v2\/comments?post=23749"}],"version-history":[{"count":0,"href":"https:\/\/www.kieslect.com\/tr\/wp-json\/wp\/v2\/product\/23749\/revisions"}],"wp:featuredmedia":[{"embeddable":true,"href":"https:\/\/www.kieslect.com\/tr\/wp-json\/wp\/v2\/media\/23792"}],"wp:attachment":[{"href":"https:\/\/www.kieslect.com\/tr\/wp-json\/wp\/v2\/media?parent=23749"}],"wp:term":[{"taxonomy":"product_brand","embeddable":true,"href":"https:\/\/www.kieslect.com\/tr\/wp-json\/wp\/v2\/product_brand?post=23749"},{"taxonomy":"product_cat","embeddable":true,"href":"https:\/\/www.kieslect.com\/tr\/wp-json\/wp\/v2\/product_cat?post=23749"},{"taxonomy":"product_tag","embeddable":true,"href":"https:\/\/www.kieslect.com\/tr\/wp-json\/wp\/v2\/product_tag?post=23749"}],"curies":[{"name":"wp","href":"https:\/\/api.w.org\/{rel}","templated":true}]}}