{"id":30069,"date":"2024-09-09T18:40:03","date_gmt":"2024-09-09T10:40:03","guid":{"rendered":"https:\/\/www.kieslect.com\/?page_id=30069"},"modified":"2025-04-07T09:35:20","modified_gmt":"2025-04-07T01:35:20","slug":"share-your-actor-ks3-smartwatch-moments-win-amazing-gifts","status":"publish","type":"page","link":"https:\/\/www.kieslect.com\/tr\/share-your-actor-ks3-smartwatch-moments-win-amazing-gifts\/","title":{"rendered":"Share your Actor\/Ks3 smartwatch moments, win Amazing gifts"},"content":{"rendered":"<div data-elementor-type=\"wp-page\" data-elementor-id=\"30069\" class=\"elementor elementor-30069\" data-elementor-post-type=\"page\">\n\t\t\t\t\t\t<section class=\"elementor-section elementor-top-section elementor-element elementor-element-753df4d2 elementor-section-stretched elementor-section-boxed elementor-section-height-default elementor-section-height-default motta-responsive-column motta-tablet-column--default motta-responsive-column motta-mobile-column--default\" data-id=\"753df4d2\" data-element_type=\"section\" data-settings=\"{&quot;stretch_section&quot;:&quot;section-stretched&quot;,&quot;ekit_has_onepagescroll_dot&quot;:&quot;yes&quot;}\">\n\t\t\t\t\t\t<div class=\"elementor-container elementor-column-gap-default\">\n\t\t\t\t\t<div class=\"elementor-column elementor-col-100 elementor-top-column elementor-element elementor-element-18c4fe2d\" data-id=\"18c4fe2d\" data-element_type=\"column\">\n\t\t\t<div class=\"elementor-widget-wrap elementor-element-populated\">\n\t\t\t\t\t\t<div class=\"elementor-element elementor-element-471fb465 elementor-widget elementor-widget-motta-heading\" data-id=\"471fb465\" data-element_type=\"widget\" data-settings=\"{&quot;ekit_we_effect_on&quot;:&quot;none&quot;}\" data-widget_type=\"motta-heading.default\">\n\t\t\t\t<div class=\"elementor-widget-container\">\n\t\t\t\t\t\t\t<div class=\"motta-heading-elementor motta-heading__button-on\">\n\t\t\t\t<div class=\"motta-heading motta-heading--default\">\n\t\t\t\t\tOyuncu\/Ks3 anlar\u0131n\u0131z\u0131 payla\u015f\u0131n<br>Harika hediyeler kazan\u0131n\t\t\t\t<\/div>\n\t\t\t\t\t\t\t<\/div>\n\t\t\t\t\t\t<\/div>\n\t\t\t\t<\/div>\n\t\t\t\t<div class=\"elementor-element elementor-element-44a25623 elementor-widget elementor-widget-motta-heading\" data-id=\"44a25623\" data-element_type=\"widget\" data-settings=\"{&quot;ekit_we_effect_on&quot;:&quot;none&quot;}\" data-widget_type=\"motta-heading.default\">\n\t\t\t\t<div class=\"elementor-widget-container\">\n\t\t\t\t\t\t\t<div class=\"motta-heading-elementor motta-heading__button-on\">\n\t\t\t\t<h2 class=\"motta-heading motta-heading--default\">\n\t\t\t\t\t31 Aral\u0131k 2024 tarihine kadar kat\u0131l\u0131n.\t\t\t\t<\/h2>\n\t\t\t\t\t\t\t<\/div>\n\t\t\t\t\t\t<\/div>\n\t\t\t\t<\/div>\n\t\t\t\t<div class=\"elementor-element elementor-element-5522b894 motta-slides__arrow-position-center-center motta-slides__dots-position-center elementor-widget elementor-widget-motta-slides\" data-id=\"5522b894\" data-element_type=\"widget\" data-settings=\"{&quot;slides_to_show&quot;:1,&quot;slides_to_scroll&quot;:1,&quot;effect&quot;:&quot;fade&quot;,&quot;navigation&quot;:&quot;arrows&quot;,&quot;autoplay&quot;:&quot;yes&quot;,&quot;delay&quot;:3000,&quot;autoplay_speed&quot;:1000,&quot;space_between&quot;:{&quot;unit&quot;:&quot;px&quot;,&quot;size&quot;:&quot;&quot;,&quot;sizes&quot;:[]},&quot;space_between_tablet&quot;:{&quot;unit&quot;:&quot;px&quot;,&quot;size&quot;:&quot;&quot;,&quot;sizes&quot;:[]},&quot;space_between_mobile&quot;:{&quot;unit&quot;:&quot;px&quot;,&quot;size&quot;:&quot;&quot;,&quot;sizes&quot;:[]},&quot;ekit_we_effect_on&quot;:&quot;none&quot;}\" data-widget_type=\"motta-slides.default\">\n\t\t\t\t<div class=\"elementor-widget-container\">\n\t\t\t\t\t\t\t\t<div class=\"motta-slides-elementor motta-swiper-carousel-elementor motta-swiper-slider-elementor navigation-arrows navigation-tablet-arrows navigation-mobile-arrows\">\n\t\t\t\t<div class=\"motta-slides-elementor__wrapper swiper-container\">\n\t\t\t\t\t<div class=\"motta-slides-elementor__inner swiper-wrapper\">\n\t\t\t\t\t\t\t\t\t\t\t\t\t\t\t<div class=\"elementor-repeater-item-2598ed5 item-slider swiper-slide\" data-dots=\"[]\" data-arrow=\"[]\">\n\t\t\t\t\t\t\t\t\t\t<div class=\"slick-slide-inner\">\n\t\t\t\t\t\t\t\t\t\t\t<div class=\"motta-slide__content\">\n\t\t\t\t\t\t\t\t\t\t\t\t\t\t\t\t\t\t\t\t\t\t\t\t\n\t\t\t\t\t\t\t\t\t\t\t\t\n\t\t\t\t\t\t\t\t\t\t\t\t\n\t\t\t\t\t\t\t\t\t\t\t\t\t\t\t\t\t\t\t\t\t\t\t\t<div class=\"motta-slide-button\">\n\t\t\t\t\t\t\t\t\t\t\t\t\t\t\t\t\t\t\t\t\t\t\t\t\t\t\t\t\t\t\t\t\t\t\t\t\t\t<\/div>\n\t\t\t\t\t\t\t\t\t\t\t\t\n\t\t\t\t\t\t\t\t\t\t\t<\/div>\n\n\t\t\t\t\t\t\t\t\t\t\t\t\t\t\t\t\t\t\t\t\t<\/div>\n\t\t\t\t\t\t\t\t\t\t\t\t\t\t\t\t\t\t\t<\/div>\n\t\t\t\t\t\t\t\t\t\t\t\t\t<\/div>\n\t\t\t\t<\/div>\n\t\t\t\t<div class=\"motta-swiper-arrows-inner\">\n\t\t\t\t\t<span class=\"motta-svg-icon motta-svg-icon--left motta-swiper-button-prev swiper-button motta-swiper-button\" ><svg width=\"24\" height=\"24\" aria-hidden=\"true\" role=\"img\" focusable=\"false\" viewbox=\"0 0 32 32\"><path d=\"M20.58 2.58l2.84 2.84-10.6 10.58 10.6 10.58-2.84 2.84-13.4-13.42z\"><\/path><\/svg><\/span><span class=\"motta-svg-icon motta-svg-icon--right motta-swiper-button-next swiper-button motta-swiper-button\" ><svg width=\"24\" height=\"24\" aria-hidden=\"true\" role=\"img\" focusable=\"false\" viewbox=\"0 0 32 32\"><path d=\"M11.42 29.42l-2.84-2.84 10.6-10.58-10.6-10.58 2.84-2.84 13.4 13.42z\"><\/path><\/svg><\/span>\t\t\t\t<\/div>\n\t\t\t\t<div class=\"swiper-pagination\"><\/div>\n\t\t\t<\/div>\n\t\t\t\t\t\t<\/div>\n\t\t\t\t<\/div>\n\t\t\t\t\t<\/div>\n\t\t<\/div>\n\t\t\t\t\t<\/div>\n\t\t<\/section>\n\t\t\t\t<section class=\"elementor-section elementor-top-section elementor-element elementor-element-27204f93 elementor-section-boxed elementor-section-height-default elementor-section-height-default motta-responsive-column motta-tablet-column--default motta-responsive-column motta-mobile-column--default\" data-id=\"27204f93\" data-element_type=\"section\" id=\"xs_cta_style_16\" data-settings=\"{&quot;ekit_has_onepagescroll_dot&quot;:&quot;yes&quot;}\">\n\t\t\t\t\t\t<div class=\"elementor-container elementor-column-gap-default\">\n\t\t\t\t\t<div class=\"elementor-column elementor-col-100 elementor-top-column elementor-element elementor-element-241b5c3a\" data-id=\"241b5c3a\" data-element_type=\"column\">\n\t\t\t<div class=\"elementor-widget-wrap elementor-element-populated\">\n\t\t\t\t\t\t<div class=\"elementor-element elementor-element-e19e902 elementor-widget elementor-widget-elementskit-heading\" data-id=\"e19e902\" data-element_type=\"widget\" data-settings=\"{&quot;ekit_we_effect_on&quot;:&quot;none&quot;}\" data-widget_type=\"elementskit-heading.default\">\n\t\t\t\t<div class=\"elementor-widget-container\">\n\t\t\t\t\t<div class=\"ekit-wid-con\" ><div class=\"ekit-heading elementskit-section-title-wraper text_center   ekit_heading_tablet-   ekit_heading_mobile-\"><h1 class=\"ekit-heading--title elementskit-section-title\">A\u00e7\u0131n ve  <span><span>Kazan\u00e7!<\/span><\/span><\/h1><\/div><\/div>\t\t\t\t<\/div>\n\t\t\t\t<\/div>\n\t\t\t\t<div class=\"elementor-element elementor-element-30ab7858 elementor-widget elementor-widget-elementskit-heading\" data-id=\"30ab7858\" data-element_type=\"widget\" data-settings=\"{&quot;ekit_we_effect_on&quot;:&quot;none&quot;}\" data-widget_type=\"elementskit-heading.default\">\n\t\t\t\t<div class=\"elementor-widget-container\">\n\t\t\t\t\t<div class=\"ekit-wid-con\" ><div class=\"ekit-heading elementskit-section-title-wraper text_center   ekit_heading_tablet-   ekit_heading_mobile-\"><div class=\"ekit_heading_separetor_wraper ekit_heading_elementskit-border-divider\"><div class=\"elementskit-border-divider\"><\/div><\/div>\t\t\t\t<div class='ekit-heading__description'>\n\t\t\t\t\t<p>31 Aral\u0131k 2024 tarihine kadar kat\u0131l\u0131n.<\/p>\n\t\t\t\t<\/div>\n\t\t\t<\/div><\/div>\t\t\t\t<\/div>\n\t\t\t\t<\/div>\n\t\t\t\t<section class=\"elementor-section elementor-inner-section elementor-element elementor-element-343d1816 elementor-section-full_width elementor-section-height-default elementor-section-height-default motta-responsive-column motta-tablet-column--default motta-responsive-column motta-mobile-column--default\" data-id=\"343d1816\" data-element_type=\"section\" data-settings=\"{&quot;ekit_has_onepagescroll_dot&quot;:&quot;yes&quot;}\">\n\t\t\t\t\t\t<div class=\"elementor-container elementor-column-gap-default\">\n\t\t\t\t\t<div class=\"elementor-column elementor-col-100 elementor-inner-column elementor-element elementor-element-338ed466\" data-id=\"338ed466\" data-element_type=\"column\">\n\t\t\t<div class=\"elementor-widget-wrap elementor-element-populated\">\n\t\t\t\t\t\t<div class=\"elementor-element elementor-element-19dd2257 elementor-widget elementor-widget-elementskit-heading\" data-id=\"19dd2257\" data-element_type=\"widget\" data-settings=\"{&quot;ekit_we_effect_on&quot;:&quot;none&quot;}\" data-widget_type=\"elementskit-heading.default\">\n\t\t\t\t<div class=\"elementor-widget-container\">\n\t\t\t\t\t<div class=\"ekit-wid-con\" ><div class=\"ekit-heading elementskit-section-title-wraper text_left   ekit_heading_tablet-   ekit_heading_mobile-\">\t\t\t\t<div class='ekit-heading__description'>\n\t\t\t\t\t<div>\n<div class=\"rich-text-paragraph\"><span class=\"text-only\">1. <\/span><span class=\"text-only\">Actor\/Ks3 ile ya\u015fad\u0131\u011f\u0131n\u0131z deneyimi anlatan \u226560 saniyelik bir videoyu Facebook veya Instagram&#039;da payla\u015f\u0131n.<\/span><\/div>\n<div class=\"rich-text-paragraph\"><span class=\"text-only\">2. <\/span><span class=\"text-only\">@kieslectofficial hesab\u0131n\u0131 veya yerel @kieslect hesab\u0131n\u0131z\u0131 etiketleyin ve bahsedin.<\/span><\/div>\n<div class=\"rich-text-paragraph\"><span class=\"text-only\">3. <\/span><span class=\"text-only\">G\u00f6nderinize \u226520 yorum al\u0131n.<\/span><\/div>\n<div>\u00a0<\/div>\n<div class=\"rich-text-paragraph\"><strong><span class=\"text-only\">Garantili Hediye: <\/span><\/strong><\/div>\n<div class=\"rich-text-paragraph\"><span class=\"text-only\">T\u00fcm kat\u0131l\u0131mc\u0131lara US$15.00 de\u011ferinde manyetik kay\u0131\u015f verilecektir.<\/span><\/div>\n<div>\u00a0<\/div>\n<div class=\"rich-text-paragraph\"><span class=\"text-only\"><strong>Art\u0131 Bir<\/strong>: <\/span><\/div>\n<div class=\"rich-text-paragraph\"><span class=\"text-only\">US$55.00 de\u011ferindeki Kieslect bel \u00e7antas\u0131n\u0131 veya ayn\u0131 de\u011ferdeki ba\u015fka bir hediyeyi kazanma \u015fans\u0131n\u0131z 33.35%.<\/span><\/div>\n<div class=\"rich-text-paragraph\"><span class=\"text-only\">B\u00f6lgeler: Avrupa, Amerika ve Arap \u00fclkeleri<\/span><\/div>\n<div>\u00a0<\/div>\n<div class=\"rich-text-paragraph\"><strong><span class=\"text-only\">Nas\u0131l Elde Edilir: <\/span><\/strong><\/div>\n<div class=\"rich-text-paragraph\"><span class=\"text-only\">Ba\u011flant\u0131 kurmak i\u00e7in Meta&#039;n\u0131z\u0131 aktif tutun, hediyeniz 1 ay i\u00e7inde g\u00f6nderilecektir.<\/span><\/div>\n<\/div>\n\t\t\t\t<\/div>\n\t\t\t<\/div><\/div>\t\t\t\t<\/div>\n\t\t\t\t<\/div>\n\t\t\t\t\t<\/div>\n\t\t<\/div>\n\t\t\t\t\t<\/div>\n\t\t<\/section>\n\t\t\t\t\t<\/div>\n\t\t<\/div>\n\t\t\t\t\t<\/div>\n\t\t<\/section>\n\t\t\t\t<\/div>","protected":false},"excerpt":{"rendered":"<p>Share your Actor\/Ks3 momentswin Amazing gifts Participate by December 31, 2024. Unwrap and Win! Participate by December 31, 2024. 1. Share a video of \u226560 seconds about your experience with Actor\/Ks3 on Facebook or Instagram. 2. Tag and mention @kieslectofficial OR your local @kieslect account. 3. Get \u226520 comments on your post. \u00a0 Guaranteed Gift: [&hellip;]<\/p>","protected":false},"author":1,"featured_media":0,"parent":0,"menu_order":0,"comment_status":"closed","ping_status":"closed","template":"","meta":{"footnotes":""},"class_list":["post-30069","page","type-page","status-publish","hentry"],"aioseo_notices":[],"aioseo_head":"\n\t\t<!-- All in One SEO Pro 4.6.5 - aioseo.com -->\n\t\t<meta name=\"description\" content=\"Share your Actor\/Ks3 momentswin Amazing gifts Participate by December 31, 2024. Unwrap and Win! Participate by December 31, 2024. 1. Share a video of \u226560 seconds about your experience with Actor\/Ks3 on Facebook or Instagram. 2. Tag and mention @kieslectofficial OR your local @kieslect account. 3. Get \u226520 comments on your post. Guaranteed Gift:\" \/>\n\t\t<meta name=\"robots\" content=\"max-image-preview:large\" \/>\n\t\t<link rel=\"canonical\" href=\"https:\/\/www.kieslect.com\/tr\/share-your-actor-ks3-smartwatch-moments-win-amazing-gifts\/\" \/>\n\t\t<meta name=\"generator\" content=\"All in One SEO Pro (AIOSEO) 4.6.5\" \/>\n\t\t<meta property=\"og:locale\" content=\"tr_TR\" \/>\n\t\t<meta property=\"og:site_name\" content=\"Kieslect - A Trusted Global Provider of Smart Wearable Solution\" \/>\n\t\t<meta property=\"og:type\" content=\"article\" \/>\n\t\t<meta property=\"og:title\" content=\"Share your Actor\/Ks3 smartwatch moments, win Amazing gifts - Kieslect\" \/>\n\t\t<meta property=\"og:description\" content=\"Share your Actor\/Ks3 momentswin Amazing gifts Participate by December 31, 2024. Unwrap and Win! Participate by December 31, 2024. 1. Share a video of \u226560 seconds about your experience with Actor\/Ks3 on Facebook or Instagram. 2. Tag and mention @kieslectofficial OR your local @kieslect account. 3. Get \u226520 comments on your post. Guaranteed Gift:\" \/>\n\t\t<meta property=\"og:url\" content=\"https:\/\/www.kieslect.com\/tr\/share-your-actor-ks3-smartwatch-moments-win-amazing-gifts\/\" \/>\n\t\t<meta property=\"og:image\" content=\"https:\/\/www.kieslect.com\/wp-content\/uploads\/replace\/83a7c94e588d71936bb1ab2a1c752869.jpeg\" \/>\n\t\t<meta property=\"og:image:secure_url\" content=\"https:\/\/www.kieslect.com\/wp-content\/uploads\/replace\/83a7c94e588d71936bb1ab2a1c752869.jpeg\" \/>\n\t\t<meta property=\"og:image:width\" content=\"300\" \/>\n\t\t<meta property=\"og:image:height\" content=\"169\" \/>\n\t\t<meta property=\"article:published_time\" content=\"2024-09-09T10:40:03+00:00\" \/>\n\t\t<meta property=\"article:modified_time\" content=\"2025-04-07T01:35:20+00:00\" \/>\n\t\t<meta property=\"article:publisher\" content=\"https:\/\/www.facebook.com\/KieslectOfficial\/\" \/>\n\t\t<meta name=\"twitter:card\" content=\"summary_large_image\" \/>\n\t\t<meta name=\"twitter:site\" content=\"@kieslect\" \/>\n\t\t<meta name=\"twitter:title\" content=\"Share your Actor\/Ks3 smartwatch moments, win Amazing gifts - Kieslect\" \/>\n\t\t<meta name=\"twitter:description\" content=\"Share your Actor\/Ks3 momentswin Amazing gifts Participate by December 31, 2024. Unwrap and Win! Participate by December 31, 2024. 1. Share a video of \u226560 seconds about your experience with Actor\/Ks3 on Facebook or Instagram. 2. Tag and mention @kieslectofficial OR your local @kieslect account. 3. Get \u226520 comments on your post. Guaranteed Gift:\" \/>\n\t\t<meta name=\"twitter:creator\" content=\"@kieslect\" \/>\n\t\t<meta name=\"twitter:image\" content=\"https:\/\/www.kieslect.com\/wp-content\/uploads\/replace\/83a7c94e588d71936bb1ab2a1c752869.jpeg\" \/>\n\t\t<script type=\"application\/ld+json\" class=\"aioseo-schema\">\n\t\t\t{\"@context\":\"https:\\\/\\\/schema.org\",\"@graph\":[{\"@type\":\"BreadcrumbList\",\"@id\":\"https:\\\/\\\/www.kieslect.com\\\/tr\\\/share-your-actor-ks3-smartwatch-moments-win-amazing-gifts\\\/#breadcrumblist\",\"itemListElement\":[{\"@type\":\"ListItem\",\"@id\":\"https:\\\/\\\/www.kieslect.com\\\/tr\\\/#listItem\",\"position\":1,\"name\":\"Home\",\"item\":\"https:\\\/\\\/www.kieslect.com\\\/tr\\\/\",\"nextItem\":\"https:\\\/\\\/www.kieslect.com\\\/tr\\\/share-your-actor-ks3-smartwatch-moments-win-amazing-gifts\\\/#listItem\"},{\"@type\":\"ListItem\",\"@id\":\"https:\\\/\\\/www.kieslect.com\\\/tr\\\/share-your-actor-ks3-smartwatch-moments-win-amazing-gifts\\\/#listItem\",\"position\":2,\"name\":\"Share your Actor\\\/Ks3 smartwatch moments, win Amazing gifts\",\"previousItem\":\"https:\\\/\\\/www.kieslect.com\\\/tr\\\/#listItem\"}]},{\"@type\":\"Organization\",\"@id\":\"https:\\\/\\\/www.kieslect.com\\\/tr\\\/#organization\",\"name\":\"Kieslect Smartwatch\",\"description\":\"A Trusted Global Provider of Smart Wearable Solution\",\"url\":\"https:\\\/\\\/www.kieslect.com\\\/tr\\\/\",\"logo\":{\"@type\":\"ImageObject\",\"url\":\"https:\\\/\\\/www.kieslect.com\\\/wp-content\\\/uploads\\\/2024\\\/01\\\/Kieslect-Logo-2_1_335x75_crop_center-1.webp\",\"@id\":\"https:\\\/\\\/www.kieslect.com\\\/tr\\\/share-your-actor-ks3-smartwatch-moments-win-amazing-gifts\\\/#organizationLogo\",\"width\":335,\"height\":75},\"image\":{\"@id\":\"https:\\\/\\\/www.kieslect.com\\\/tr\\\/share-your-actor-ks3-smartwatch-moments-win-amazing-gifts\\\/#organizationLogo\"},\"sameAs\":[\"https:\\\/\\\/www.facebook.com\\\/KieslectOfficial\\\/\",\"https:\\\/\\\/twitter.com\\\/kieslect\",\"https:\\\/\\\/www.instagram.com\\\/kieslect\\\/\"]},{\"@type\":\"WebPage\",\"@id\":\"https:\\\/\\\/www.kieslect.com\\\/tr\\\/share-your-actor-ks3-smartwatch-moments-win-amazing-gifts\\\/#webpage\",\"url\":\"https:\\\/\\\/www.kieslect.com\\\/tr\\\/share-your-actor-ks3-smartwatch-moments-win-amazing-gifts\\\/\",\"name\":\"Share your Actor\\\/Ks3 smartwatch moments, win Amazing gifts - Kieslect\",\"description\":\"Share your Actor\\\/Ks3 momentswin Amazing gifts Participate by December 31, 2024. Unwrap and Win! Participate by December 31, 2024. 1. Share a video of \\u226560 seconds about your experience with Actor\\\/Ks3 on Facebook or Instagram. 2. Tag and mention @kieslectofficial OR your local @kieslect account. 3. Get \\u226520 comments on your post. Guaranteed Gift:\",\"inLanguage\":\"tr-TR\",\"isPartOf\":{\"@id\":\"https:\\\/\\\/www.kieslect.com\\\/tr\\\/#website\"},\"breadcrumb\":{\"@id\":\"https:\\\/\\\/www.kieslect.com\\\/tr\\\/share-your-actor-ks3-smartwatch-moments-win-amazing-gifts\\\/#breadcrumblist\"},\"datePublished\":\"2024-09-09T18:40:03+08:00\",\"dateModified\":\"2025-04-07T09:35:20+08:00\"},{\"@type\":\"WebSite\",\"@id\":\"https:\\\/\\\/www.kieslect.com\\\/tr\\\/#website\",\"url\":\"https:\\\/\\\/www.kieslect.com\\\/tr\\\/\",\"name\":\"Kieslect\",\"description\":\"A Trusted Global Provider of Smart Wearable Solution\",\"inLanguage\":\"tr-TR\",\"publisher\":{\"@id\":\"https:\\\/\\\/www.kieslect.com\\\/tr\\\/#organization\"}}]}\n\t\t<\/script>\n\t\t<!-- All in One SEO Pro -->\r\n\t\t<title>Share your Actor\/Ks3 smartwatch moments, win Amazing gifts - Kieslect<\/title>\n\n","aioseo_head_json":{"title":"Share your Actor\/Ks3 smartwatch moments, win Amazing gifts - Kieslect","description":"Share your Actor\/Ks3 momentswin Amazing gifts Participate by December 31, 2024. Unwrap and Win! Participate by December 31, 2024. 1. Share a video of \u226560 seconds about your experience with Actor\/Ks3 on Facebook or Instagram. 2. Tag and mention @kieslectofficial OR your local @kieslect account. 3. Get \u226520 comments on your post. Guaranteed Gift:","canonical_url":"https:\/\/www.kieslect.com\/tr\/share-your-actor-ks3-smartwatch-moments-win-amazing-gifts\/","robots":"max-image-preview:large","keywords":"","webmasterTools":{"miscellaneous":""},"og:locale":"tr_TR","og:site_name":"Kieslect - A Trusted Global Provider of Smart Wearable Solution","og:type":"article","og:title":"Share your Actor\/Ks3 smartwatch moments, win Amazing gifts - Kieslect","og:description":"Share your Actor\/Ks3 momentswin Amazing gifts Participate by December 31, 2024. Unwrap and Win! Participate by December 31, 2024. 1. Share a video of \u226560 seconds about your experience with Actor\/Ks3 on Facebook or Instagram. 2. Tag and mention @kieslectofficial OR your local @kieslect account. 3. Get \u226520 comments on your post. Guaranteed Gift:","og:url":"https:\/\/www.kieslect.com\/tr\/share-your-actor-ks3-smartwatch-moments-win-amazing-gifts\/","og:image":"https:\/\/www.kieslect.com\/wp-content\/uploads\/replace\/83a7c94e588d71936bb1ab2a1c752869.jpeg","og:image:secure_url":"https:\/\/www.kieslect.com\/wp-content\/uploads\/replace\/83a7c94e588d71936bb1ab2a1c752869.jpeg","og:image:width":300,"og:image:height":169,"article:published_time":"2024-09-09T10:40:03+00:00","article:modified_time":"2025-04-07T01:35:20+00:00","article:publisher":"https:\/\/www.facebook.com\/KieslectOfficial\/","twitter:card":"summary_large_image","twitter:site":"@kieslect","twitter:title":"Share your Actor\/Ks3 smartwatch moments, win Amazing gifts - Kieslect","twitter:description":"Share your Actor\/Ks3 momentswin Amazing gifts Participate by December 31, 2024. Unwrap and Win! Participate by December 31, 2024. 1. Share a video of \u226560 seconds about your experience with Actor\/Ks3 on Facebook or Instagram. 2. Tag and mention @kieslectofficial OR your local @kieslect account. 3. Get \u226520 comments on your post. Guaranteed Gift:","twitter:creator":"@kieslect","twitter:image":"https:\/\/www.kieslect.com\/wp-content\/uploads\/replace\/83a7c94e588d71936bb1ab2a1c752869.jpeg","schema":{"@context":"https:\/\/schema.org","@graph":[{"@type":"BreadcrumbList","@id":"https:\/\/www.kieslect.com\/tr\/share-your-actor-ks3-smartwatch-moments-win-amazing-gifts\/#breadcrumblist","itemListElement":[{"@type":"ListItem","@id":"https:\/\/www.kieslect.com\/tr\/#listItem","position":1,"name":"Home","item":"https:\/\/www.kieslect.com\/tr\/","nextItem":"https:\/\/www.kieslect.com\/tr\/share-your-actor-ks3-smartwatch-moments-win-amazing-gifts\/#listItem"},{"@type":"ListItem","@id":"https:\/\/www.kieslect.com\/tr\/share-your-actor-ks3-smartwatch-moments-win-amazing-gifts\/#listItem","position":2,"name":"Share your Actor\/Ks3 smartwatch moments, win Amazing gifts","previousItem":"https:\/\/www.kieslect.com\/tr\/#listItem"}]},{"@type":"Organization","@id":"https:\/\/www.kieslect.com\/tr\/#organization","name":"Kieslect Smartwatch","description":"A Trusted Global Provider of Smart Wearable Solution","url":"https:\/\/www.kieslect.com\/tr\/","logo":{"@type":"ImageObject","url":"https:\/\/www.kieslect.com\/wp-content\/uploads\/2024\/01\/Kieslect-Logo-2_1_335x75_crop_center-1.webp","@id":"https:\/\/www.kieslect.com\/tr\/share-your-actor-ks3-smartwatch-moments-win-amazing-gifts\/#organizationLogo","width":335,"height":75},"image":{"@id":"https:\/\/www.kieslect.com\/tr\/share-your-actor-ks3-smartwatch-moments-win-amazing-gifts\/#organizationLogo"},"sameAs":["https:\/\/www.facebook.com\/KieslectOfficial\/","https:\/\/twitter.com\/kieslect","https:\/\/www.instagram.com\/kieslect\/"]},{"@type":"WebPage","@id":"https:\/\/www.kieslect.com\/tr\/share-your-actor-ks3-smartwatch-moments-win-amazing-gifts\/#webpage","url":"https:\/\/www.kieslect.com\/tr\/share-your-actor-ks3-smartwatch-moments-win-amazing-gifts\/","name":"Share your Actor\/Ks3 smartwatch moments, win Amazing gifts - Kieslect","description":"Share your Actor\/Ks3 momentswin Amazing gifts Participate by December 31, 2024. Unwrap and Win! Participate by December 31, 2024. 1. Share a video of \u226560 seconds about your experience with Actor\/Ks3 on Facebook or Instagram. 2. Tag and mention @kieslectofficial OR your local @kieslect account. 3. Get \u226520 comments on your post. Guaranteed Gift:","inLanguage":"tr-TR","isPartOf":{"@id":"https:\/\/www.kieslect.com\/tr\/#website"},"breadcrumb":{"@id":"https:\/\/www.kieslect.com\/tr\/share-your-actor-ks3-smartwatch-moments-win-amazing-gifts\/#breadcrumblist"},"datePublished":"2024-09-09T18:40:03+08:00","dateModified":"2025-04-07T09:35:20+08:00"},{"@type":"WebSite","@id":"https:\/\/www.kieslect.com\/tr\/#website","url":"https:\/\/www.kieslect.com\/tr\/","name":"Kieslect","description":"A Trusted Global Provider of Smart Wearable Solution","inLanguage":"tr-TR","publisher":{"@id":"https:\/\/www.kieslect.com\/tr\/#organization"}}]}},"aioseo_meta_data":{"post_id":"30069","title":null,"description":null,"keywords":null,"keyphrases":"{\"focus\":{\"keyphrase\":\"\",\"score\":0,\"analysis\":{\"keyphraseInTitle\":{\"score\":0,\"maxScore\":9,\"error\":1}}},\"additional\":[]}","primary_term":null,"canonical_url":null,"og_title":null,"og_description":null,"og_object_type":"default","og_image_type":"default","og_image_url":null,"og_image_width":null,"og_image_height":null,"og_image_custom_url":null,"og_image_custom_fields":null,"og_video":"","og_custom_url":null,"og_article_section":null,"og_article_tags":null,"twitter_use_og":false,"twitter_card":"default","twitter_image_type":"default","twitter_image_url":null,"twitter_image_custom_url":null,"twitter_image_custom_fields":null,"twitter_title":null,"twitter_description":null,"schema":{"blockGraphs":[],"customGraphs":[],"default":{"data":{"Article":[],"Course":[],"Dataset":[],"FAQPage":[],"Movie":[],"Person":[],"Product":[],"Recipe":[],"Service":[],"SoftwareApplication":[],"WebPage":[]},"graphName":"WebPage","isEnabled":true},"graphs":[]},"schema_type":"default","schema_type_options":null,"pillar_content":false,"robots_default":true,"robots_noindex":false,"robots_noarchive":false,"robots_nosnippet":false,"robots_nofollow":false,"robots_noimageindex":false,"robots_noodp":false,"robots_notranslate":false,"robots_max_snippet":"-1","robots_max_videopreview":"-1","robots_max_imagepreview":"large","priority":null,"frequency":"default","local_seo":null,"limit_modified_date":false,"created":"2024-09-09 10:40:03","updated":"2025-04-26 08:31:24"},"aioseo_breadcrumb":"<div class=\"aioseo-breadcrumbs\"><span class=\"aioseo-breadcrumb\">\n\t<a href=\"https:\/\/www.kieslect.com\/tr\" title=\"Home\">Home<\/a>\n<\/span><span class=\"aioseo-breadcrumb-separator\">&raquo;<\/span><span class=\"aioseo-breadcrumb\">\n\tShare your Actor\/Ks3 smartwatch moments, win Amazing gifts\n<\/span><\/div>","aioseo_breadcrumb_json":[{"label":"Home","link":"https:\/\/www.kieslect.com\/tr"},{"label":"Share your Actor\/Ks3 smartwatch moments, win Amazing gifts","link":"https:\/\/www.kieslect.com\/tr\/share-your-actor-ks3-smartwatch-moments-win-amazing-gifts\/"}],"_links":{"self":[{"href":"https:\/\/www.kieslect.com\/tr\/wp-json\/wp\/v2\/pages\/30069","targetHints":{"allow":["GET"]}}],"collection":[{"href":"https:\/\/www.kieslect.com\/tr\/wp-json\/wp\/v2\/pages"}],"about":[{"href":"https:\/\/www.kieslect.com\/tr\/wp-json\/wp\/v2\/types\/page"}],"author":[{"embeddable":true,"href":"https:\/\/www.kieslect.com\/tr\/wp-json\/wp\/v2\/users\/1"}],"replies":[{"embeddable":true,"href":"https:\/\/www.kieslect.com\/tr\/wp-json\/wp\/v2\/comments?post=30069"}],"version-history":[{"count":0,"href":"https:\/\/www.kieslect.com\/tr\/wp-json\/wp\/v2\/pages\/30069\/revisions"}],"wp:attachment":[{"href":"https:\/\/www.kieslect.com\/tr\/wp-json\/wp\/v2\/media?parent=30069"}],"curies":[{"name":"wp","href":"https:\/\/api.w.org\/{rel}","templated":true}]}}