{"id":29429,"date":"2024-07-22T10:28:07","date_gmt":"2024-07-22T02:28:07","guid":{"rendered":"https:\/\/www.kieslect.com\/?page_id=29429"},"modified":"2024-07-22T11:00:17","modified_gmt":"2024-07-22T03:00:17","slug":"warranty-certificate","status":"publish","type":"page","link":"https:\/\/www.kieslect.com\/tr\/terms-of-use\/warranty-certificate\/","title":{"rendered":"Garanti belgesi"},"content":{"rendered":"<div data-elementor-type=\"wp-page\" data-elementor-id=\"29429\" class=\"elementor elementor-29429\" data-elementor-post-type=\"page\">\n\t\t\t\t\t\t<section class=\"elementor-section elementor-top-section elementor-element elementor-element-91ce9bd elementor-section-boxed elementor-section-height-default elementor-section-height-default motta-responsive-column motta-tablet-column--default motta-responsive-column motta-mobile-column--default\" data-id=\"91ce9bd\" data-element_type=\"section\" data-settings=\"{&quot;ekit_has_onepagescroll_dot&quot;:&quot;yes&quot;}\">\n\t\t\t\t\t\t<div class=\"elementor-container elementor-column-gap-default\">\n\t\t\t\t\t<div class=\"elementor-column elementor-col-100 elementor-top-column elementor-element elementor-element-c3342ee\" data-id=\"c3342ee\" data-element_type=\"column\">\n\t\t\t<div class=\"elementor-widget-wrap elementor-element-populated\">\n\t\t\t\t\t\t<div class=\"elementor-element elementor-element-bff6bfd elementor-widget elementor-widget-motta-heading\" data-id=\"bff6bfd\" data-element_type=\"widget\" data-settings=\"{&quot;ekit_we_effect_on&quot;:&quot;none&quot;}\" data-widget_type=\"motta-heading.default\">\n\t\t\t\t<div class=\"elementor-widget-container\">\n\t\t\t\t\t\t\t<div class=\"motta-heading-elementor motta-heading__button-on\">\n\t\t\t\t<h1 class=\"motta-heading motta-heading--default\">\n\t\t\t\t\tGaranti belgesi\t\t\t\t<\/h1>\n\t\t\t\t\t\t\t<\/div>\n\t\t\t\t\t\t<\/div>\n\t\t\t\t<\/div>\n\t\t\t\t\t<\/div>\n\t\t<\/div>\n\t\t\t\t\t<\/div>\n\t\t<\/section>\n\t\t\t\t<section class=\"elementor-section elementor-top-section elementor-element elementor-element-9164689 elementor-section-boxed elementor-section-height-default elementor-section-height-default motta-responsive-column motta-tablet-column--default motta-responsive-column motta-mobile-column--default\" data-id=\"9164689\" data-element_type=\"section\" data-settings=\"{&quot;ekit_has_onepagescroll_dot&quot;:&quot;yes&quot;}\">\n\t\t\t\t\t\t<div class=\"elementor-container elementor-column-gap-default\">\n\t\t\t\t\t<div class=\"elementor-column elementor-col-25 elementor-top-column elementor-element elementor-element-d831f25\" data-id=\"d831f25\" data-element_type=\"column\">\n\t\t\t<div class=\"elementor-widget-wrap elementor-element-populated\">\n\t\t\t\t\t\t<div class=\"elementor-element elementor-element-51980e3 elementor-widget elementor-widget-motta-navigation-bar\" data-id=\"51980e3\" data-element_type=\"widget\" data-settings=\"{&quot;ekit_we_effect_on&quot;:&quot;none&quot;}\" data-widget_type=\"motta-navigation-bar.default\">\n\t\t\t\t<div class=\"elementor-widget-container\">\n\t\t\t\t\t<div class=\"motta-navigation-bar\"><div class=\"motta-navigation-bar__title motta-navigation-bar__title-item--9d3b048\"><a href=\"https:\/\/www.kieslect.com\/tr\/terms-of-use\/\">Kullan\u0131m \u015eartlar\u0131<\/a> <\/div><div class=\"motta-navigation-bar__title motta-navigation-bar__title-item--a93a3a7\"><a href=\"https:\/\/www.kieslect.com\/tr\/terms-of-use\/kieslect-user-agreement\/\">Kieslect Kullan\u0131c\u0131 S\u00f6zle\u015fmesi<\/a> <\/div><div class=\"motta-navigation-bar__title motta-navigation-bar__title-item--7ba8fe9\"><a href=\"https:\/\/www.kieslect.com\/tr\/terms-of-use\/kieslet-privacy-policy\/\">Kieslect Gizlilik Politikas\u0131<\/a> <\/div><div class=\"motta-navigation-bar__title motta-navigation-bar__title-item--9b2a3c8\"><a href=\"https:\/\/www.kieslect.com\/tr\/terms-of-use\/kie-os-user-agreement\/\">KIE OS Kullan\u0131c\u0131 S\u00f6zle\u015fmesi<\/a> <\/div><div class=\"motta-navigation-bar__title motta-navigation-bar__title-item--c71b541\"><a href=\"https:\/\/www.kieslect.com\/tr\/terms-of-use\/kie-os-privacy-policy\/\">KIE OS Gizlilik Politikas\u0131<\/a> <\/div><div class=\"motta-navigation-bar__title motta-navigation-bar__title-item--a1ef51f\"><a href=\"https:\/\/www.kieslect.com\/tr\/terms-of-use\/ks-os-user-agreement\/\">KS \u0130\u015fletim Sistemi Kullan\u0131c\u0131 S\u00f6zle\u015fmesi<\/a> <\/div><div class=\"motta-navigation-bar__title motta-navigation-bar__title-item--de91537\"><a href=\"https:\/\/www.kieslect.com\/tr\/terms-of-use\/ks-os-privacy-policy\/\">KS \u0130\u015fletim Sistemi Gizlilik Politikas\u0131<\/a> <\/div><div class=\"motta-navigation-bar__title motta-navigation-bar__title-item--dcb7d1c active\"><a href=\"https:\/\/www.kieslect.com\/tr\/terms-of-use\/warranty-certificate\/\">Garanti belgesi<\/a> <\/div><\/div>\t\t\t\t<\/div>\n\t\t\t\t<\/div>\n\t\t\t\t\t<\/div>\n\t\t<\/div>\n\t\t\t\t<div class=\"elementor-column elementor-col-50 elementor-top-column elementor-element elementor-element-4b65918\" data-id=\"4b65918\" data-element_type=\"column\">\n\t\t\t<div class=\"elementor-widget-wrap elementor-element-populated\">\n\t\t\t\t\t\t<div class=\"elementor-element elementor-element-cf904fa elementor-widget elementor-widget-motta-heading\" data-id=\"cf904fa\" data-element_type=\"widget\" data-settings=\"{&quot;ekit_we_effect_on&quot;:&quot;none&quot;}\" data-widget_type=\"motta-heading.default\">\n\t\t\t\t<div class=\"elementor-widget-container\">\n\t\t\t\t\t\t\t<div class=\"motta-heading-elementor motta-heading__button-on\">\n\t\t\t\t<h2 class=\"motta-heading motta-heading--default\">\n\t\t\t\t\tIEC\/EN 62133-2:2017\t\t\t\t<\/h2>\n\t\t\t\t\t\t\t<\/div>\n\t\t\t\t\t\t<\/div>\n\t\t\t\t<\/div>\n\t\t\t\t<div class=\"elementor-element elementor-element-ab08785 elementor-widget elementor-widget-motta-heading\" data-id=\"ab08785\" data-element_type=\"widget\" data-settings=\"{&quot;ekit_we_effect_on&quot;:&quot;none&quot;}\" data-widget_type=\"motta-heading.default\">\n\t\t\t\t<div class=\"elementor-widget-container\">\n\t\t\t\t\t\t\t<div class=\"motta-heading-elementor motta-heading__button-on\">\n\t\t\t\t<h6 class=\"motta-heading motta-heading--default\">\n\t\t\t\t\tEkC(bilgilendirici)<br>\nSon kullan\u0131c\u0131lara \u00f6neriler\t\t\t\t<\/h6>\n\t\t\t\t\t\t\t<\/div>\n\t\t\t\t\t\t<\/div>\n\t\t\t\t<\/div>\n\t\t\t\t<div class=\"elementor-element elementor-element-f12e172 elementor-widget-divider--view-line elementor-widget elementor-widget-divider\" data-id=\"f12e172\" data-element_type=\"widget\" data-settings=\"{&quot;ekit_we_effect_on&quot;:&quot;none&quot;}\" data-widget_type=\"divider.default\">\n\t\t\t\t<div class=\"elementor-widget-container\">\n\t\t\t\t\t\t\t<div class=\"elementor-divider\">\n\t\t\t<span class=\"elementor-divider-separator\">\n\t\t\t\t\t\t<\/span>\n\t\t<\/div>\n\t\t\t\t\t\t<\/div>\n\t\t\t\t<\/div>\n\t\t\t\t<div class=\"elementor-element elementor-element-3a49e0c elementor-widget elementor-widget-motta-heading\" data-id=\"3a49e0c\" data-element_type=\"widget\" data-settings=\"{&quot;ekit_we_effect_on&quot;:&quot;none&quot;}\" data-widget_type=\"motta-heading.default\">\n\t\t\t\t<div class=\"elementor-widget-container\">\n\t\t\t\t\t\t\t<div class=\"motta-heading-elementor motta-heading__button-on\">\n\t\t\t\t<h4 class=\"motta-heading motta-heading--default\">\n\t\t\t\t\tA\u015fa\u011f\u0131dakiler, ekipman \u00fcreticisi taraf\u0131ndan son kullan\u0131c\u0131ya sa\u011flanacak tipik ancak kapsaml\u0131 olmayan iyi tavsiyelerin bir listesini temsil etmektedir.\t\t\t\t<\/h4>\n\t\t\t\t\t\t\t<\/div>\n\t\t\t\t\t\t<\/div>\n\t\t\t\t<\/div>\n\t\t\t\t<div class=\"elementor-element elementor-element-20cf4bd elementor-widget elementor-widget-text-editor\" data-id=\"20cf4bd\" data-element_type=\"widget\" data-settings=\"{&quot;ekit_we_effect_on&quot;:&quot;none&quot;}\" data-widget_type=\"text-editor.default\">\n\t\t\t\t<div class=\"elementor-widget-container\">\n\t\t\t\t\t\t\t\t\t<p>a) A\u00e7\u0131k ikincil h\u00fccreleri veya pilleri s\u00f6kmeyin veya par\u00e7alamay\u0131n.<br \/>b) Pilleri k\u00fc\u00e7\u00fck \u00e7ocuklar\u0131n eri\u015femeyece\u011fi bir yerde saklay\u0131n.<br \/>c) \u00c7ocuklar\u0131n pil kullan\u0131m\u0131 denetlenmelidir. \u00d6zellikle k\u00fc\u00e7\u00fck pilleri k\u00fc\u00e7\u00fck \u00e7ocuklar\u0131n eri\u015femeyece\u011fi bir yerde saklay\u0131n.<br \/>d) Bir pilin veya pilin yutulmas\u0131 durumunda derhal t\u0131bbi yard\u0131m al\u0131n.<br \/>e) H\u00fccreleri veya pilleri \u0131s\u0131ya veya ate\u015fe maruz b\u0131rakmay\u0131n. Do\u011frudan g\u00fcne\u015f \u0131\u015f\u0131\u011f\u0131 alt\u0131nda depolamaktan ka\u00e7\u0131n\u0131n.<br \/>f) Bir h\u00fccreye veya pile k\u0131sa devre yapt\u0131rmay\u0131n. H\u00fccreleri veya pilleri, birbirlerine k\u0131sa devre yapt\u0131rabilecekleri veya di\u011fer metal nesneler taraf\u0131ndan k\u0131sa devre yapt\u0131r\u0131labilecekleri bir kutu veya \u00e7ekmecede geli\u015fig\u00fczel saklamay\u0131n.<br \/>g) H\u00fccre s\u0131z\u0131nt\u0131s\u0131 durumunda. s\u0131v\u0131n\u0131n cilt veya g\u00f6zlerle temas etmesine izin vermeyin. Temas halinde, etkilenen b\u00f6lgeyi bol miktarda suyla y\u0131kay\u0131n ve t\u0131bbi yard\u0131m al\u0131n.<br \/>h) Ekipmanla birlikte kullan\u0131lmak \u00fczere \u00f6zel olarak sa\u011flanan \u015farj cihaz\u0131 d\u0131\u015f\u0131nda herhangi bir \u015farj cihaz\u0131 kullanmay\u0131n.<br \/>i) Ekipmanla birlikte kullan\u0131lmak \u00fczere tasarlanmam\u0131\u015f herhangi bir pil veya pili kullanmay\u0131n.<br \/>j) Daima cihaz \u00fcreticisinin ekipman i\u00e7in \u00f6nerdi\u011fi pili sat\u0131n al\u0131n.<br \/>k) H\u00fccreleri ve pilleri temiz ve kuru tutun.<br \/>l) \u0130kincil h\u00fccrelerin ve pillerin kullan\u0131mdan \u00f6nce \u015farj edilmesi gerekir. Her zaman do\u011fru \u015farj cihaz\u0131n\u0131 kullan\u0131n ve do\u011fru \u015farj talimatlar\u0131 i\u00e7in \u00fcreticinin talimatlar\u0131na veya ekipman k\u0131lavuzuna bak\u0131n.<br \/>m) Kullan\u0131lmad\u0131\u011f\u0131 zaman pili uzun s\u00fcre \u015farjda b\u0131rakmay\u0131n.<br \/>n) Uzun s\u00fcreli depolamadan sonra, maksimum performans elde etmek i\u00e7in pilleri veya pilleri birka\u00e7 kez \u015farj edip bo\u015faltmak gerekebilir.<br \/>o) Gelecekte ba\u015fvurmak \u00fczere orijinal \u00fcr\u00fcn literat\u00fcr\u00fcn\u00fc saklay\u0131n.<br \/>p) H\u00fccreyi veya pili yaln\u0131zca tasarland\u0131\u011f\u0131 uygulamada kullan\u0131n.<\/p><p>Garanti Sertifikas\u0131n\u0131 \u0130ndirin:\u00a0<span style=\"color: #ff0000;\"><strong><a style=\"color: #ff0000;\" href=\"https:\/\/www.kieslect.com\/brand\/warranty-certificate.pdf\">Buray\u0131 kontrol et<\/a><\/strong><\/span><\/p>\t\t\t\t\t\t\t\t<\/div>\n\t\t\t\t<\/div>\n\t\t\t\t<div class=\"elementor-element elementor-element-eaaee60 elementor-widget elementor-widget-image\" data-id=\"eaaee60\" data-element_type=\"widget\" data-settings=\"{&quot;ekit_we_effect_on&quot;:&quot;none&quot;}\" data-widget_type=\"image.default\">\n\t\t\t\t<div class=\"elementor-widget-container\">\n\t\t\t\t\t\t\t\t\t\t\t\t\t\t\t<img fetchpriority=\"high\" decoding=\"async\" width=\"640\" height=\"960\" src=\"https:\/\/www.kieslect.com\/wp-content\/uploads\/replace\/fd7645c28f9666a112d90bfb97ef7ab3.png\" class=\"attachment-large size-large wp-image-29432\" alt=\"\" \/>\t\t\t\t\t\t\t\t\t\t\t\t\t\t\t<\/div>\n\t\t\t\t<\/div>\n\t\t\t\t\t<\/div>\n\t\t<\/div>\n\t\t\t\t<div class=\"elementor-column elementor-col-25 elementor-top-column elementor-element elementor-element-f3b0914 elementor-hidden-tablet elementor-hidden-mobile\" data-id=\"f3b0914\" data-element_type=\"column\">\n\t\t\t<div class=\"elementor-widget-wrap\">\n\t\t\t\t\t\t\t<\/div>\n\t\t<\/div>\n\t\t\t\t\t<\/div>\n\t\t<\/section>\n\t\t\t\t<\/div>","protected":false},"excerpt":{"rendered":"<p>Warranty Certificate Terms of Use\u200b Kieslect User Agreement Kieslect Privacy Policy\u200b KIE OS User Agreement\u200b KIE OS Privacy Policy\u200b KS OS User Agreement KS OS Privacy Policy Warranty Certificate IEC\/EN 62133-2:2017 AnnexC(informative) Recommendations to the end-users The following represents a typical but non-exhaustive, list of good advice to be provided by the equipment manufacturer to [&hellip;]<\/p>","protected":false},"author":1,"featured_media":0,"parent":19870,"menu_order":0,"comment_status":"closed","ping_status":"closed","template":"","meta":{"footnotes":""},"class_list":["post-29429","page","type-page","status-publish","hentry"],"aioseo_notices":[],"aioseo_head":"\n\t\t<!-- All in One SEO Pro 4.6.5 - aioseo.com -->\n\t\t<meta name=\"description\" content=\"Warranty Certificate Terms of Use\u200b Kieslect User Agreement Kieslect Privacy Policy\u200b KIE OS User Agreement\u200b KIE OS Privacy Policy\u200b KS OS User Agreement KS OS Privacy Policy Warranty Certificate IEC\/EN 62133-2:2017 AnnexC(informative) Recommendations to the end-users The following represents a typical but non-exhaustive, list of good advice to be provided by the equipment manufacturer to\" \/>\n\t\t<meta name=\"robots\" content=\"max-image-preview:large\" \/>\n\t\t<link rel=\"canonical\" href=\"https:\/\/www.kieslect.com\/tr\/terms-of-use\/warranty-certificate\/\" \/>\n\t\t<meta name=\"generator\" content=\"All in One SEO Pro (AIOSEO) 4.6.5\" \/>\n\t\t<meta property=\"og:locale\" content=\"tr_TR\" \/>\n\t\t<meta property=\"og:site_name\" content=\"Kieslect - A Trusted Global Provider of Smart Wearable Solution\" \/>\n\t\t<meta property=\"og:type\" content=\"article\" \/>\n\t\t<meta property=\"og:title\" content=\"Warranty Certificate - Kieslect\" \/>\n\t\t<meta property=\"og:description\" content=\"Warranty Certificate Terms of Use\u200b Kieslect User Agreement Kieslect Privacy Policy\u200b KIE OS User Agreement\u200b KIE OS Privacy Policy\u200b KS OS User Agreement KS OS Privacy Policy Warranty Certificate IEC\/EN 62133-2:2017 AnnexC(informative) Recommendations to the end-users The following represents a typical but non-exhaustive, list of good advice to be provided by the equipment manufacturer to\" \/>\n\t\t<meta property=\"og:url\" content=\"https:\/\/www.kieslect.com\/tr\/terms-of-use\/warranty-certificate\/\" \/>\n\t\t<meta property=\"og:image\" content=\"https:\/\/www.kieslect.com\/wp-content\/uploads\/replace\/83a7c94e588d71936bb1ab2a1c752869.jpeg\" \/>\n\t\t<meta property=\"og:image:secure_url\" content=\"https:\/\/www.kieslect.com\/wp-content\/uploads\/replace\/83a7c94e588d71936bb1ab2a1c752869.jpeg\" \/>\n\t\t<meta property=\"og:image:width\" content=\"300\" \/>\n\t\t<meta property=\"og:image:height\" content=\"169\" \/>\n\t\t<meta property=\"article:published_time\" content=\"2024-07-22T02:28:07+00:00\" \/>\n\t\t<meta property=\"article:modified_time\" content=\"2024-07-22T03:00:17+00:00\" \/>\n\t\t<meta property=\"article:publisher\" content=\"https:\/\/www.facebook.com\/KieslectOfficial\/\" \/>\n\t\t<meta name=\"twitter:card\" content=\"summary_large_image\" \/>\n\t\t<meta name=\"twitter:site\" content=\"@kieslect\" \/>\n\t\t<meta name=\"twitter:title\" content=\"Warranty Certificate - Kieslect\" \/>\n\t\t<meta name=\"twitter:description\" content=\"Warranty Certificate Terms of Use\u200b Kieslect User Agreement Kieslect Privacy Policy\u200b KIE OS User Agreement\u200b KIE OS Privacy Policy\u200b KS OS User Agreement KS OS Privacy Policy Warranty Certificate IEC\/EN 62133-2:2017 AnnexC(informative) Recommendations to the end-users The following represents a typical but non-exhaustive, list of good advice to be provided by the equipment manufacturer to\" \/>\n\t\t<meta name=\"twitter:creator\" content=\"@kieslect\" \/>\n\t\t<meta name=\"twitter:image\" content=\"https:\/\/www.kieslect.com\/wp-content\/uploads\/replace\/83a7c94e588d71936bb1ab2a1c752869.jpeg\" \/>\n\t\t<script type=\"application\/ld+json\" class=\"aioseo-schema\">\n\t\t\t{\"@context\":\"https:\\\/\\\/schema.org\",\"@graph\":[{\"@type\":\"BreadcrumbList\",\"@id\":\"https:\\\/\\\/www.kieslect.com\\\/tr\\\/terms-of-use\\\/warranty-certificate\\\/#breadcrumblist\",\"itemListElement\":[{\"@type\":\"ListItem\",\"@id\":\"https:\\\/\\\/www.kieslect.com\\\/tr\\\/#listItem\",\"position\":1,\"name\":\"Home\",\"item\":\"https:\\\/\\\/www.kieslect.com\\\/tr\\\/\",\"nextItem\":\"https:\\\/\\\/www.kieslect.com\\\/tr\\\/terms-of-use\\\/#listItem\"},{\"@type\":\"ListItem\",\"@id\":\"https:\\\/\\\/www.kieslect.com\\\/tr\\\/terms-of-use\\\/#listItem\",\"position\":2,\"name\":\"Terms of Use\",\"item\":\"https:\\\/\\\/www.kieslect.com\\\/tr\\\/terms-of-use\\\/\",\"nextItem\":\"https:\\\/\\\/www.kieslect.com\\\/tr\\\/terms-of-use\\\/warranty-certificate\\\/#listItem\",\"previousItem\":\"https:\\\/\\\/www.kieslect.com\\\/tr\\\/#listItem\"},{\"@type\":\"ListItem\",\"@id\":\"https:\\\/\\\/www.kieslect.com\\\/tr\\\/terms-of-use\\\/warranty-certificate\\\/#listItem\",\"position\":3,\"name\":\"Warranty Certificate\",\"previousItem\":\"https:\\\/\\\/www.kieslect.com\\\/tr\\\/terms-of-use\\\/#listItem\"}]},{\"@type\":\"Organization\",\"@id\":\"https:\\\/\\\/www.kieslect.com\\\/tr\\\/#organization\",\"name\":\"Kieslect Smartwatch\",\"description\":\"A Trusted Global Provider of Smart Wearable Solution\",\"url\":\"https:\\\/\\\/www.kieslect.com\\\/tr\\\/\",\"logo\":{\"@type\":\"ImageObject\",\"url\":\"https:\\\/\\\/www.kieslect.com\\\/wp-content\\\/uploads\\\/2024\\\/01\\\/Kieslect-Logo-2_1_335x75_crop_center-1.webp\",\"@id\":\"https:\\\/\\\/www.kieslect.com\\\/tr\\\/terms-of-use\\\/warranty-certificate\\\/#organizationLogo\",\"width\":335,\"height\":75},\"image\":{\"@id\":\"https:\\\/\\\/www.kieslect.com\\\/tr\\\/terms-of-use\\\/warranty-certificate\\\/#organizationLogo\"},\"sameAs\":[\"https:\\\/\\\/www.facebook.com\\\/KieslectOfficial\\\/\",\"https:\\\/\\\/twitter.com\\\/kieslect\",\"https:\\\/\\\/www.instagram.com\\\/kieslect\\\/\"]},{\"@type\":\"WebPage\",\"@id\":\"https:\\\/\\\/www.kieslect.com\\\/tr\\\/terms-of-use\\\/warranty-certificate\\\/#webpage\",\"url\":\"https:\\\/\\\/www.kieslect.com\\\/tr\\\/terms-of-use\\\/warranty-certificate\\\/\",\"name\":\"Warranty Certificate - Kieslect\",\"description\":\"Warranty Certificate Terms of Use\\u200b Kieslect User Agreement Kieslect Privacy Policy\\u200b KIE OS User Agreement\\u200b KIE OS Privacy Policy\\u200b KS OS User Agreement KS OS Privacy Policy Warranty Certificate IEC\\\/EN 62133-2:2017 AnnexC(informative) Recommendations to the end-users The following represents a typical but non-exhaustive, list of good advice to be provided by the equipment manufacturer to\",\"inLanguage\":\"tr-TR\",\"isPartOf\":{\"@id\":\"https:\\\/\\\/www.kieslect.com\\\/tr\\\/#website\"},\"breadcrumb\":{\"@id\":\"https:\\\/\\\/www.kieslect.com\\\/tr\\\/terms-of-use\\\/warranty-certificate\\\/#breadcrumblist\"},\"datePublished\":\"2024-07-22T10:28:07+08:00\",\"dateModified\":\"2024-07-22T11:00:17+08:00\"},{\"@type\":\"WebSite\",\"@id\":\"https:\\\/\\\/www.kieslect.com\\\/tr\\\/#website\",\"url\":\"https:\\\/\\\/www.kieslect.com\\\/tr\\\/\",\"name\":\"Kieslect\",\"description\":\"A Trusted Global Provider of Smart Wearable Solution\",\"inLanguage\":\"tr-TR\",\"publisher\":{\"@id\":\"https:\\\/\\\/www.kieslect.com\\\/tr\\\/#organization\"}}]}\n\t\t<\/script>\n\t\t<!-- All in One SEO Pro -->\r\n\t\t<title>Warranty Certificate - Kieslect<\/title>\n\n","aioseo_head_json":{"title":"Warranty Certificate - Kieslect","description":"Warranty Certificate Terms of Use\u200b Kieslect User Agreement Kieslect Privacy Policy\u200b KIE OS User Agreement\u200b KIE OS Privacy Policy\u200b KS OS User Agreement KS OS Privacy Policy Warranty Certificate IEC\/EN 62133-2:2017 AnnexC(informative) Recommendations to the end-users The following represents a typical but non-exhaustive, list of good advice to be provided by the equipment manufacturer to","canonical_url":"https:\/\/www.kieslect.com\/tr\/terms-of-use\/warranty-certificate\/","robots":"max-image-preview:large","keywords":"","webmasterTools":{"miscellaneous":""},"og:locale":"tr_TR","og:site_name":"Kieslect - A Trusted Global Provider of Smart Wearable Solution","og:type":"article","og:title":"Warranty Certificate - Kieslect","og:description":"Warranty Certificate Terms of Use\u200b Kieslect User Agreement Kieslect Privacy Policy\u200b KIE OS User Agreement\u200b KIE OS Privacy Policy\u200b KS OS User Agreement KS OS Privacy Policy Warranty Certificate IEC\/EN 62133-2:2017 AnnexC(informative) Recommendations to the end-users The following represents a typical but non-exhaustive, list of good advice to be provided by the equipment manufacturer to","og:url":"https:\/\/www.kieslect.com\/tr\/terms-of-use\/warranty-certificate\/","og:image":"https:\/\/www.kieslect.com\/wp-content\/uploads\/replace\/83a7c94e588d71936bb1ab2a1c752869.jpeg","og:image:secure_url":"https:\/\/www.kieslect.com\/wp-content\/uploads\/replace\/83a7c94e588d71936bb1ab2a1c752869.jpeg","og:image:width":300,"og:image:height":169,"article:published_time":"2024-07-22T02:28:07+00:00","article:modified_time":"2024-07-22T03:00:17+00:00","article:publisher":"https:\/\/www.facebook.com\/KieslectOfficial\/","twitter:card":"summary_large_image","twitter:site":"@kieslect","twitter:title":"Warranty Certificate - Kieslect","twitter:description":"Warranty Certificate Terms of Use\u200b Kieslect User Agreement Kieslect Privacy Policy\u200b KIE OS User Agreement\u200b KIE OS Privacy Policy\u200b KS OS User Agreement KS OS Privacy Policy Warranty Certificate IEC\/EN 62133-2:2017 AnnexC(informative) Recommendations to the end-users The following represents a typical but non-exhaustive, list of good advice to be provided by the equipment manufacturer to","twitter:creator":"@kieslect","twitter:image":"https:\/\/www.kieslect.com\/wp-content\/uploads\/replace\/83a7c94e588d71936bb1ab2a1c752869.jpeg","schema":{"@context":"https:\/\/schema.org","@graph":[{"@type":"BreadcrumbList","@id":"https:\/\/www.kieslect.com\/tr\/terms-of-use\/warranty-certificate\/#breadcrumblist","itemListElement":[{"@type":"ListItem","@id":"https:\/\/www.kieslect.com\/tr\/#listItem","position":1,"name":"Home","item":"https:\/\/www.kieslect.com\/tr\/","nextItem":"https:\/\/www.kieslect.com\/tr\/terms-of-use\/#listItem"},{"@type":"ListItem","@id":"https:\/\/www.kieslect.com\/tr\/terms-of-use\/#listItem","position":2,"name":"Terms of Use","item":"https:\/\/www.kieslect.com\/tr\/terms-of-use\/","nextItem":"https:\/\/www.kieslect.com\/tr\/terms-of-use\/warranty-certificate\/#listItem","previousItem":"https:\/\/www.kieslect.com\/tr\/#listItem"},{"@type":"ListItem","@id":"https:\/\/www.kieslect.com\/tr\/terms-of-use\/warranty-certificate\/#listItem","position":3,"name":"Warranty Certificate","previousItem":"https:\/\/www.kieslect.com\/tr\/terms-of-use\/#listItem"}]},{"@type":"Organization","@id":"https:\/\/www.kieslect.com\/tr\/#organization","name":"Kieslect Smartwatch","description":"A Trusted Global Provider of Smart Wearable Solution","url":"https:\/\/www.kieslect.com\/tr\/","logo":{"@type":"ImageObject","url":"https:\/\/www.kieslect.com\/wp-content\/uploads\/2024\/01\/Kieslect-Logo-2_1_335x75_crop_center-1.webp","@id":"https:\/\/www.kieslect.com\/tr\/terms-of-use\/warranty-certificate\/#organizationLogo","width":335,"height":75},"image":{"@id":"https:\/\/www.kieslect.com\/tr\/terms-of-use\/warranty-certificate\/#organizationLogo"},"sameAs":["https:\/\/www.facebook.com\/KieslectOfficial\/","https:\/\/twitter.com\/kieslect","https:\/\/www.instagram.com\/kieslect\/"]},{"@type":"WebPage","@id":"https:\/\/www.kieslect.com\/tr\/terms-of-use\/warranty-certificate\/#webpage","url":"https:\/\/www.kieslect.com\/tr\/terms-of-use\/warranty-certificate\/","name":"Warranty Certificate - Kieslect","description":"Warranty Certificate Terms of Use\u200b Kieslect User Agreement Kieslect Privacy Policy\u200b KIE OS User Agreement\u200b KIE OS Privacy Policy\u200b KS OS User Agreement KS OS Privacy Policy Warranty Certificate IEC\/EN 62133-2:2017 AnnexC(informative) Recommendations to the end-users The following represents a typical but non-exhaustive, list of good advice to be provided by the equipment manufacturer to","inLanguage":"tr-TR","isPartOf":{"@id":"https:\/\/www.kieslect.com\/tr\/#website"},"breadcrumb":{"@id":"https:\/\/www.kieslect.com\/tr\/terms-of-use\/warranty-certificate\/#breadcrumblist"},"datePublished":"2024-07-22T10:28:07+08:00","dateModified":"2024-07-22T11:00:17+08:00"},{"@type":"WebSite","@id":"https:\/\/www.kieslect.com\/tr\/#website","url":"https:\/\/www.kieslect.com\/tr\/","name":"Kieslect","description":"A Trusted Global Provider of Smart Wearable Solution","inLanguage":"tr-TR","publisher":{"@id":"https:\/\/www.kieslect.com\/tr\/#organization"}}]}},"aioseo_meta_data":{"post_id":"29429","title":null,"description":null,"keywords":[],"keyphrases":"{\"focus\":{\"keyphrase\":\"\",\"score\":0,\"analysis\":{\"keyphraseInTitle\":{\"score\":0,\"maxScore\":9,\"error\":1}}},\"additional\":[]}","primary_term":null,"canonical_url":null,"og_title":null,"og_description":null,"og_object_type":"default","og_image_type":"default","og_image_url":null,"og_image_width":null,"og_image_height":null,"og_image_custom_url":null,"og_image_custom_fields":null,"og_video":"","og_custom_url":null,"og_article_section":null,"og_article_tags":[],"twitter_use_og":false,"twitter_card":"default","twitter_image_type":"default","twitter_image_url":null,"twitter_image_custom_url":null,"twitter_image_custom_fields":null,"twitter_title":null,"twitter_description":null,"schema":{"blockGraphs":[],"customGraphs":[],"default":{"data":{"Article":[],"Course":[],"Dataset":[],"FAQPage":[],"Movie":[],"Person":[],"Product":[],"Recipe":[],"Service":[],"SoftwareApplication":[],"WebPage":[]},"graphName":"WebPage","isEnabled":true},"graphs":[]},"schema_type":"default","schema_type_options":null,"pillar_content":false,"robots_default":true,"robots_noindex":false,"robots_noarchive":false,"robots_nosnippet":false,"robots_nofollow":false,"robots_noimageindex":false,"robots_noodp":false,"robots_notranslate":false,"robots_max_snippet":"-1","robots_max_videopreview":"-1","robots_max_imagepreview":"large","priority":null,"frequency":"default","local_seo":null,"limit_modified_date":false,"created":"2024-07-22 02:28:07","updated":"2025-04-26 08:31:24"},"aioseo_breadcrumb":"<div class=\"aioseo-breadcrumbs\"><span class=\"aioseo-breadcrumb\">\n\t<a href=\"https:\/\/www.kieslect.com\/tr\" title=\"Home\">Home<\/a>\n<\/span><span class=\"aioseo-breadcrumb-separator\">&raquo;<\/span><span class=\"aioseo-breadcrumb\">\n\t<a href=\"https:\/\/www.kieslect.com\/tr\/terms-of-use\/\" title=\"Terms of Use\">Terms of Use<\/a>\n<\/span><span class=\"aioseo-breadcrumb-separator\">&raquo;<\/span><span class=\"aioseo-breadcrumb\">\n\tWarranty Certificate\n<\/span><\/div>","aioseo_breadcrumb_json":[{"label":"Home","link":"https:\/\/www.kieslect.com\/tr"},{"label":"Terms of Use","link":"https:\/\/www.kieslect.com\/tr\/terms-of-use\/"},{"label":"Warranty Certificate","link":"https:\/\/www.kieslect.com\/tr\/terms-of-use\/warranty-certificate\/"}],"_links":{"self":[{"href":"https:\/\/www.kieslect.com\/tr\/wp-json\/wp\/v2\/pages\/29429","targetHints":{"allow":["GET"]}}],"collection":[{"href":"https:\/\/www.kieslect.com\/tr\/wp-json\/wp\/v2\/pages"}],"about":[{"href":"https:\/\/www.kieslect.com\/tr\/wp-json\/wp\/v2\/types\/page"}],"author":[{"embeddable":true,"href":"https:\/\/www.kieslect.com\/tr\/wp-json\/wp\/v2\/users\/1"}],"replies":[{"embeddable":true,"href":"https:\/\/www.kieslect.com\/tr\/wp-json\/wp\/v2\/comments?post=29429"}],"version-history":[{"count":0,"href":"https:\/\/www.kieslect.com\/tr\/wp-json\/wp\/v2\/pages\/29429\/revisions"}],"up":[{"embeddable":true,"href":"https:\/\/www.kieslect.com\/tr\/wp-json\/wp\/v2\/pages\/19870"}],"wp:attachment":[{"href":"https:\/\/www.kieslect.com\/tr\/wp-json\/wp\/v2\/media?parent=29429"}],"curies":[{"name":"wp","href":"https:\/\/api.w.org\/{rel}","templated":true}]}}