{"id":17195,"date":"2022-09-22T03:48:35","date_gmt":"2022-09-22T03:48:35","guid":{"rendered":"https:\/\/motta.uix.store\/?page_id=17195"},"modified":"2024-05-30T10:18:31","modified_gmt":"2024-05-30T02:18:31","slug":"payment-method","status":"publish","type":"page","link":"https:\/\/www.kieslect.com\/tr\/payment-method\/","title":{"rendered":"\u00d6deme y\u00f6ntemi"},"content":{"rendered":"<div class=\"article-con-item second-style\">\n<div class=\"article-con-item\">\n<div class=\"item-t title-main\">\n<div class=\"article-con-item second-style\">\n<div class=\"article-con-item\"><\/div>\n<\/div>\n<div class=\"article-con-item\">\n<div class=\"item-p\">\n<div class=\"article-con-item\">\n<div class=\"item-p\">\n<div class=\"article-con-item second-style\">\n<div class=\"article-con-item\">\n<div class=\"item-t title-main\">PayPal ile \u00f6de<\/div>\n<div class=\"item-img2 pay1\"><img decoding=\"async\" class=\"falcon-lazyload\" src=\"\/wp-content\/uploads\/replace\/c9218258e656e0b043d78b99663e5015.png\" alt=\"Payment Method\" data-src=\"\/\/shein.ltwebstatic.com\/advertise\/shein\/www\/images_sheIn\/paie1.png\" data-loaded=\"true\" \/><\/div>\n<div class=\"item-p\">Paypal ile sipari\u015f verdi\u011finizde, PayPal kullan\u0131c\u0131 ad\u0131n\u0131z ve \u015fifrenizle giri\u015f yaparak \u00f6demenizi onaylayabilece\u011finiz PayPal \u00f6deme sayfas\u0131na y\u00f6nlendirileceksiniz.<\/div>\n<div class=\"item-p\">PayPal hesab\u0131n\u0131z olmasa bile yine de \u00f6deme yapabilirsiniz. Bunu yapmak i\u00e7in l\u00fctfen \u201cBanka\/Kredi Kart\u0131yla \u00d6de\u201d se\u00e7ene\u011fine t\u0131klay\u0131n; kredi kart\u0131 bilgilerinizi girebilece\u011finiz veya \u00f6demenizi PayPal arac\u0131l\u0131\u011f\u0131yla g\u00fcvenli bir \u015fekilde tamamlayabilece\u011finiz g\u00fcvenli bir sayfaya y\u00f6nlendirileceksiniz.<\/div>\n<\/div>\n<div class=\"article-con-item border-top\">\n<div class=\"item-t title-main\">Kredi\/Banka Kart\u0131yla \u00d6deme<\/div>\n<div class=\"item-img2 pay2\"><img decoding=\"async\" class=\"falcon-lazyload\" src=\"\/wp-content\/uploads\/replace\/7df4ac6747526334657d67261b39d9ae.png\" alt=\"Payment Method\" data-src=\"\/\/img.ltwebstatic.com\/images3_acp\/2021\/04\/09\/161793311589a2694cadea2884d760ac0901d89b9e.jpg\" data-loaded=\"true\" \/>\u00a0<img decoding=\"async\" class=\"falcon-lazyload\" src=\"\/wp-content\/uploads\/replace\/2738955150fed79e7787f6aa714f68e8.png\" alt=\"Payment Method\" data-src=\"\/\/sheinsz.ltwebstatic.com\/image\/card\/n-3-mastercard_vf9b0f97.png?v=shein_364\" data-loaded=\"true\" \/>\u00a0<img decoding=\"async\" class=\"falcon-lazyload\" src=\"\/wp-content\/uploads\/replace\/3eed35488853261a5e70023354a25005.png\" alt=\"Payment Method\" data-src=\"\/\/sheinsz.ltwebstatic.com\/image\/card\/n-8-maestro_v781c6fd.png?v=shein_364\" data-loaded=\"true\" \/>\u00a0<img decoding=\"async\" class=\"falcon-lazyload\" src=\"\/wp-content\/uploads\/replace\/0267c966ffb03213f48e438d36a08aaf.png\" alt=\"Payment Method\" data-src=\"\/\/sheinsz.ltwebstatic.com\/image\/card\/n-7-american-express_vb186b55.png?v=shein_364\" data-loaded=\"true\" \/>\u00a0<img decoding=\"async\" class=\"falcon-lazyload\" src=\"\/wp-content\/uploads\/replace\/f5c1583f35c15104d2998185ce5074ab.png\" alt=\"Payment Method\" data-src=\"\/\/img.ltwebstatic.com\/images3_acp\/2021\/08\/19\/1629343664a9b987cce8a5544d5542a818ccd75f43.png\" data-loaded=\"true\" \/><\/div>\n<div class=\"item-p\">Mevcut kredi kart\u0131 se\u00e7enekleri yukar\u0131da listelenmi\u015ftir. Yukar\u0131da listelenen kredi kart\u0131 \u015firketleri bu web sitesinde en s\u0131k kullan\u0131lan kredi kartlar\u0131d\u0131r. Kredi kart\u0131 \u015firketiniz listede yoksa endi\u015felenmeyin; devam etmenizi ve sat\u0131n alma i\u015flemini yapman\u0131z\u0131 \u00f6neririz.<\/div>\n<div class=\"item-p\">\u00d6deme yapt\u0131\u011f\u0131n\u0131zda Kieslect&#039;in kredi\/banka kart\u0131 numaran\u0131z\u0131 veya ki\u015fisel bilgilerinizi toplamad\u0131\u011f\u0131n\u0131 l\u00fctfen unutmay\u0131n. Sitemizdeki i\u015flemlerinize ili\u015fkin sorular\u0131n\u0131z i\u00e7in kart\u0131n\u0131z\u0131 veren bankaya ba\u015fvurarak bilgi alabilirsiniz.<\/div>\n<\/div>\n<div class=\"article-con-item border-top\">\n<div class=\"item-t title-main\">E-C\u00fczdan ile \u00d6deme<\/div>\n<div class=\"item-img2 pay2\"><img decoding=\"async\" class=\"falcon-lazyload\" src=\"\/wp-content\/uploads\/replace\/23c4f77b8046ce9fc790c1a227674f3e.png\" alt=\"Payment Method\" data-src=\"\/\/img.ltwebstatic.com\/images3_acp\/2020\/12\/23\/1608691262541d59161a4d505e72e480dab4614abd.png\" data-loaded=\"true\" \/><\/div>\n<div class=\"item-p\">GrabPay, Malezya, Filipinler ve Singapur m\u00fc\u015fterileri i\u00e7in bir dijital c\u00fczdan \u00f6deme se\u00e7ene\u011fidir. Kredi kart\u0131n\u0131za veya banka kart\u0131n\u0131za ba\u011flanan GrabPay c\u00fczdan\u0131n\u0131 kullanarak uygulama i\u00e7inde \u00f6deme yapacaks\u0131n\u0131z.<\/div>\n<div class=\"item-p\">GrabPay ile \u00f6deme yapmak i\u00e7in web sitenizden veya uygulaman\u0131zdan GrabPay giri\u015f sayfas\u0131na y\u00f6nlendirileceksiniz. Al\u0131\u015fveri\u015f yapan ki\u015fi, telefon numaran\u0131z\u0131 ve telefonunuzdaki Grab&#039;dan ald\u0131\u011f\u0131n\u0131z tek kullan\u0131ml\u0131k \u015fifreyi kullanarak kimlik do\u011frulamas\u0131 yapar ve ard\u0131ndan \u00f6demeyi onaylar.<\/div>\n<\/div>\n<div class=\"article-con-item border-top\">\n<div class=\"item-t title-main\">Atome ile \u00d6de<\/div>\n<div class=\"item-img2 pay2\"><img decoding=\"async\" class=\"falcon-lazyload\" src=\"\/wp-content\/uploads\/replace\/f930c8a3231d8444d7fe50e2ddb08613.png\" alt=\"Payment Method\" data-src=\"\/\/img.ltwebstatic.com\/images3_acp\/2021\/06\/08\/16231354765bcb8e3faac54bf927347ad7f39e1622.png\" data-loaded=\"true\" \/><\/div>\n<div class=\"item-p\">Atome, Singapurlu m\u00fc\u015fteriler i\u00e7in faturan\u0131z\u0131 iki ay boyunca \u00fc\u00e7 e\u015fit \u00f6demeye b\u00f6len &quot;\u015fimdi al, sonra \u00f6de&quot; \u00f6deme se\u00e7ene\u011fidir. Atome s\u0131f\u0131r faiz ve s\u0131f\u0131r hizmet \u00fccreti talep ediyor.<\/div>\n<div class=\"item-p\">\u00d6deme yaparken \u00f6deme se\u00e7ene\u011fi olarak Atome&#039;u se\u00e7in. Toplam faturan\u0131n 1\/3&#039;\u00fcn\u00fc an\u0131nda \u00f6dersiniz. \u0130kinci \u00f6deme 30 g\u00fcn sonra, \u00fc\u00e7\u00fcnc\u00fc \u00f6deme ise bir sonraki ayda yap\u0131lacak.<\/div>\n<\/div>\n<\/div>\n<div class=\"article-con-item\">\n<div class=\"item-t title-main\">\u201cKupon Kodu\u201d ve \u201cBonus Puanlar\u201d<\/div>\n<div class=\"item-p\">\u00d6deme s\u0131ras\u0131nda sipari\u015finize kupon ve bonus puan uygulayabilirsiniz. Kupon kodunuzu ve Kieslect Puanlar\u0131n\u0131z\u0131 girdikten sonra &quot;Uygula&quot;ya t\u0131klay\u0131n; indirim, sipari\u015f toplam\u0131n\u0131z\u0131 otomatik olarak ayarlayacakt\u0131r. \u00d6deme i\u015flemine devam etmeden \u00f6nce \u201cUygula\u201d butonuna t\u0131klamazsan\u0131z, sipari\u015f toplam\u0131n\u0131z\u0131n kupon ve Bonus Puan indirimini yans\u0131tmayaca\u011f\u0131n\u0131 l\u00fctfen unutmay\u0131n.<\/div>\n<div class=\"item-notes-list\">\n<div class=\"notes\">NOTLAR:<\/div>\n<ul>\n<li>L\u00fctfen kupon kodunu tam olarak ald\u0131\u011f\u0131n\u0131z \u015fekilde, \u00f6ncesinde, i\u00e7inde veya sonras\u0131nda bo\u015fluk b\u0131rakmadan girdi\u011finizden emin olun. Hatalar\u0131 \u00f6nlemek i\u00e7in ald\u0131\u011f\u0131n\u0131z promosyon kodunu kopyalay\u0131p yap\u0131\u015ft\u0131rman\u0131z\u0131 \u00f6neririz.<\/li>\n<li>Kuponlar birle\u015ftirilemez. Sipari\u015f ba\u015f\u0131na yaln\u0131zca bir kupon kodu kullanabilirsiniz.<\/li>\n<li>Kuponlar teklif \u015fartlar\u0131na tabidir. Bu, web sitemizdeki kupon indirimlerine uygun olmayan baz\u0131 \u00fcr\u00fcnleri kapsamaz.<\/li>\n<li>\u00d6deme s\u0131ras\u0131nda bonus puanlarla sat\u0131n al\u0131m\u0131n\u0131z\u0131n 70%&#039;sine kadar \u00f6deyebilirsiniz. 100 puan\u0131n = $1 oldu\u011funu unutmay\u0131n.<\/li>\n<\/ul>\n<\/div>\n<\/div>\n<div class=\"article-con-item\">\n<div class=\"item-t title-main\">Para birimleri<\/div>\n<div class=\"item-p\">\u00d6deme yapaca\u011f\u0131n\u0131z para birimi, \u00f6deme yapt\u0131\u011f\u0131n\u0131z \u00fclkeye ve se\u00e7ti\u011finiz \u00f6deme y\u00f6ntemine g\u00f6re belirlenir. Kieslect web sitesinin sa\u011f \u00fcst k\u00f6\u015fesine t\u0131klayarak varsay\u0131lan para birimini de\u011fi\u015ftirebilir ve \u00f6deme yapmak istedi\u011finiz para birimini se\u00e7ebilirsiniz.<\/div>\n<\/div>\n<\/div>\n<\/div>\n<\/div>\n<\/div>\n<\/div>\n<\/div>\n<\/div>\n<div class=\"article-con-item\">\n<div class=\"item-p\"><\/div>\n<\/div>","protected":false},"excerpt":{"rendered":"<p>Paypal ile \u00d6deme Paypal ile sipari\u015f verdi\u011finizde, PayPal kullan\u0131c\u0131 ad\u0131n\u0131z ve \u015fifrenizle giri\u015f yaparak \u00f6demenizi onaylayabilece\u011finiz PayPal \u00f6deme sayfas\u0131na y\u00f6nlendirileceksiniz. PayPal hesab\u0131n\u0131z olmasa bile yine de \u00f6deme yapabilirsiniz. Bunu yapmak i\u00e7in l\u00fctfen \u201cBanka\/Kredi Kart\u0131yla \u00d6de\u201d se\u00e7ene\u011fine t\u0131klay\u0131n ve [\u2026]<\/p>","protected":false},"author":1,"featured_media":0,"parent":0,"menu_order":0,"comment_status":"closed","ping_status":"closed","template":"","meta":{"footnotes":""},"class_list":["post-17195","page","type-page","status-publish","hentry"],"aioseo_notices":[],"aioseo_head":"\n\t\t<!-- All in One SEO Pro 4.6.5 - aioseo.com -->\n\t\t<meta name=\"description\" content=\"Best Smartwatches Buy Online currently accept Paypal, Visa, Master Card, Apple Pay, Google Pay, Alipay, Gcash, Kakao Pay, Discover and Diners payments.\" \/>\n\t\t<meta name=\"robots\" content=\"max-image-preview:large\" \/>\n\t\t<link rel=\"canonical\" href=\"https:\/\/www.kieslect.com\/tr\/payment-method\/\" \/>\n\t\t<meta name=\"generator\" content=\"All in One SEO Pro (AIOSEO) 4.6.5\" \/>\n\t\t<meta property=\"og:locale\" content=\"tr_TR\" \/>\n\t\t<meta property=\"og:site_name\" content=\"Kieslect - A Trusted Global Provider of Smart Wearable Solution\" \/>\n\t\t<meta property=\"og:type\" content=\"article\" \/>\n\t\t<meta property=\"og:title\" content=\"Payment Method - Best Smartwatches Buy Online\" \/>\n\t\t<meta property=\"og:description\" content=\"Best Smartwatches Buy Online currently accept Paypal, Visa, Master Card, Apple Pay, Google Pay, Alipay, Gcash, Kakao Pay, Discover and Diners payments.\" \/>\n\t\t<meta property=\"og:url\" content=\"https:\/\/www.kieslect.com\/tr\/payment-method\/\" \/>\n\t\t<meta property=\"og:image\" content=\"https:\/\/www.kieslect.com\/wp-content\/uploads\/replace\/83a7c94e588d71936bb1ab2a1c752869.jpeg\" \/>\n\t\t<meta property=\"og:image:secure_url\" content=\"https:\/\/www.kieslect.com\/wp-content\/uploads\/replace\/83a7c94e588d71936bb1ab2a1c752869.jpeg\" \/>\n\t\t<meta property=\"og:image:width\" content=\"300\" \/>\n\t\t<meta property=\"og:image:height\" content=\"169\" \/>\n\t\t<meta property=\"article:published_time\" content=\"2022-09-22T03:48:35+00:00\" \/>\n\t\t<meta property=\"article:modified_time\" content=\"2024-05-30T02:18:31+00:00\" \/>\n\t\t<meta property=\"article:publisher\" content=\"https:\/\/www.facebook.com\/KieslectOfficial\/\" \/>\n\t\t<meta name=\"twitter:card\" content=\"summary_large_image\" \/>\n\t\t<meta name=\"twitter:site\" content=\"@kieslect\" \/>\n\t\t<meta name=\"twitter:title\" content=\"Payment Method - Best Smartwatches Buy Online\" \/>\n\t\t<meta name=\"twitter:description\" content=\"Best Smartwatches Buy Online currently accept Paypal, Visa, Master Card, Apple Pay, Google Pay, Alipay, Gcash, Kakao Pay, Discover and Diners payments.\" \/>\n\t\t<meta name=\"twitter:creator\" content=\"@kieslect\" \/>\n\t\t<meta name=\"twitter:image\" content=\"https:\/\/www.kieslect.com\/wp-content\/uploads\/replace\/83a7c94e588d71936bb1ab2a1c752869.jpeg\" \/>\n\t\t<script type=\"application\/ld+json\" class=\"aioseo-schema\">\n\t\t\t{\"@context\":\"https:\\\/\\\/schema.org\",\"@graph\":[{\"@type\":\"BreadcrumbList\",\"@id\":\"https:\\\/\\\/www.kieslect.com\\\/tr\\\/payment-method\\\/#breadcrumblist\",\"itemListElement\":[{\"@type\":\"ListItem\",\"@id\":\"https:\\\/\\\/www.kieslect.com\\\/tr\\\/#listItem\",\"position\":1,\"name\":\"Home\",\"item\":\"https:\\\/\\\/www.kieslect.com\\\/tr\\\/\",\"nextItem\":\"https:\\\/\\\/www.kieslect.com\\\/tr\\\/payment-method\\\/#listItem\"},{\"@type\":\"ListItem\",\"@id\":\"https:\\\/\\\/www.kieslect.com\\\/tr\\\/payment-method\\\/#listItem\",\"position\":2,\"name\":\"Payment Method\",\"previousItem\":\"https:\\\/\\\/www.kieslect.com\\\/tr\\\/#listItem\"}]},{\"@type\":\"Organization\",\"@id\":\"https:\\\/\\\/www.kieslect.com\\\/tr\\\/#organization\",\"name\":\"Kieslect Smartwatch\",\"description\":\"A Trusted Global Provider of Smart Wearable Solution\",\"url\":\"https:\\\/\\\/www.kieslect.com\\\/tr\\\/\",\"logo\":{\"@type\":\"ImageObject\",\"url\":\"https:\\\/\\\/www.kieslect.com\\\/wp-content\\\/uploads\\\/2024\\\/01\\\/Kieslect-Logo-2_1_335x75_crop_center-1.webp\",\"@id\":\"https:\\\/\\\/www.kieslect.com\\\/tr\\\/payment-method\\\/#organizationLogo\",\"width\":335,\"height\":75},\"image\":{\"@id\":\"https:\\\/\\\/www.kieslect.com\\\/tr\\\/payment-method\\\/#organizationLogo\"},\"sameAs\":[\"https:\\\/\\\/www.facebook.com\\\/KieslectOfficial\\\/\",\"https:\\\/\\\/twitter.com\\\/kieslect\",\"https:\\\/\\\/www.instagram.com\\\/kieslect\\\/\"]},{\"@type\":\"WebPage\",\"@id\":\"https:\\\/\\\/www.kieslect.com\\\/tr\\\/payment-method\\\/#webpage\",\"url\":\"https:\\\/\\\/www.kieslect.com\\\/tr\\\/payment-method\\\/\",\"name\":\"Payment Method - Best Smartwatches Buy Online\",\"description\":\"Best Smartwatches Buy Online currently accept Paypal, Visa, Master Card, Apple Pay, Google Pay, Alipay, Gcash, Kakao Pay, Discover and Diners payments.\",\"inLanguage\":\"tr-TR\",\"isPartOf\":{\"@id\":\"https:\\\/\\\/www.kieslect.com\\\/tr\\\/#website\"},\"breadcrumb\":{\"@id\":\"https:\\\/\\\/www.kieslect.com\\\/tr\\\/payment-method\\\/#breadcrumblist\"},\"datePublished\":\"2022-09-22T03:48:35+08:00\",\"dateModified\":\"2024-05-30T10:18:31+08:00\"},{\"@type\":\"WebSite\",\"@id\":\"https:\\\/\\\/www.kieslect.com\\\/tr\\\/#website\",\"url\":\"https:\\\/\\\/www.kieslect.com\\\/tr\\\/\",\"name\":\"Kieslect\",\"description\":\"A Trusted Global Provider of Smart Wearable Solution\",\"inLanguage\":\"tr-TR\",\"publisher\":{\"@id\":\"https:\\\/\\\/www.kieslect.com\\\/tr\\\/#organization\"}}]}\n\t\t<\/script>\n\t\t<!-- All in One SEO Pro -->\r\n\t\t<title>Payment Method - Best Smartwatches Buy Online<\/title>\n\n","aioseo_head_json":{"title":"Payment Method - Best Smartwatches Buy Online","description":"Best Smartwatches Buy Online currently accept Paypal, Visa, Master Card, Apple Pay, Google Pay, Alipay, Gcash, Kakao Pay, Discover and Diners payments.","canonical_url":"https:\/\/www.kieslect.com\/tr\/payment-method\/","robots":"max-image-preview:large","keywords":"","webmasterTools":{"miscellaneous":""},"og:locale":"tr_TR","og:site_name":"Kieslect - A Trusted Global Provider of Smart Wearable Solution","og:type":"article","og:title":"Payment Method - Best Smartwatches Buy Online","og:description":"Best Smartwatches Buy Online currently accept Paypal, Visa, Master Card, Apple Pay, Google Pay, Alipay, Gcash, Kakao Pay, Discover and Diners payments.","og:url":"https:\/\/www.kieslect.com\/tr\/payment-method\/","og:image":"https:\/\/www.kieslect.com\/wp-content\/uploads\/replace\/83a7c94e588d71936bb1ab2a1c752869.jpeg","og:image:secure_url":"https:\/\/www.kieslect.com\/wp-content\/uploads\/replace\/83a7c94e588d71936bb1ab2a1c752869.jpeg","og:image:width":300,"og:image:height":169,"article:published_time":"2022-09-22T03:48:35+00:00","article:modified_time":"2024-05-30T02:18:31+00:00","article:publisher":"https:\/\/www.facebook.com\/KieslectOfficial\/","twitter:card":"summary_large_image","twitter:site":"@kieslect","twitter:title":"Payment Method - Best Smartwatches Buy Online","twitter:description":"Best Smartwatches Buy Online currently accept Paypal, Visa, Master Card, Apple Pay, Google Pay, Alipay, Gcash, Kakao Pay, Discover and Diners payments.","twitter:creator":"@kieslect","twitter:image":"https:\/\/www.kieslect.com\/wp-content\/uploads\/replace\/83a7c94e588d71936bb1ab2a1c752869.jpeg","schema":{"@context":"https:\/\/schema.org","@graph":[{"@type":"BreadcrumbList","@id":"https:\/\/www.kieslect.com\/tr\/payment-method\/#breadcrumblist","itemListElement":[{"@type":"ListItem","@id":"https:\/\/www.kieslect.com\/tr\/#listItem","position":1,"name":"Home","item":"https:\/\/www.kieslect.com\/tr\/","nextItem":"https:\/\/www.kieslect.com\/tr\/payment-method\/#listItem"},{"@type":"ListItem","@id":"https:\/\/www.kieslect.com\/tr\/payment-method\/#listItem","position":2,"name":"Payment Method","previousItem":"https:\/\/www.kieslect.com\/tr\/#listItem"}]},{"@type":"Organization","@id":"https:\/\/www.kieslect.com\/tr\/#organization","name":"Kieslect Smartwatch","description":"A Trusted Global Provider of Smart Wearable Solution","url":"https:\/\/www.kieslect.com\/tr\/","logo":{"@type":"ImageObject","url":"https:\/\/www.kieslect.com\/wp-content\/uploads\/2024\/01\/Kieslect-Logo-2_1_335x75_crop_center-1.webp","@id":"https:\/\/www.kieslect.com\/tr\/payment-method\/#organizationLogo","width":335,"height":75},"image":{"@id":"https:\/\/www.kieslect.com\/tr\/payment-method\/#organizationLogo"},"sameAs":["https:\/\/www.facebook.com\/KieslectOfficial\/","https:\/\/twitter.com\/kieslect","https:\/\/www.instagram.com\/kieslect\/"]},{"@type":"WebPage","@id":"https:\/\/www.kieslect.com\/tr\/payment-method\/#webpage","url":"https:\/\/www.kieslect.com\/tr\/payment-method\/","name":"Payment Method - Best Smartwatches Buy Online","description":"Best Smartwatches Buy Online currently accept Paypal, Visa, Master Card, Apple Pay, Google Pay, Alipay, Gcash, Kakao Pay, Discover and Diners payments.","inLanguage":"tr-TR","isPartOf":{"@id":"https:\/\/www.kieslect.com\/tr\/#website"},"breadcrumb":{"@id":"https:\/\/www.kieslect.com\/tr\/payment-method\/#breadcrumblist"},"datePublished":"2022-09-22T03:48:35+08:00","dateModified":"2024-05-30T10:18:31+08:00"},{"@type":"WebSite","@id":"https:\/\/www.kieslect.com\/tr\/#website","url":"https:\/\/www.kieslect.com\/tr\/","name":"Kieslect","description":"A Trusted Global Provider of Smart Wearable Solution","inLanguage":"tr-TR","publisher":{"@id":"https:\/\/www.kieslect.com\/tr\/#organization"}}]}},"aioseo_meta_data":{"post_id":"17195","title":"#post_title #separator_sa Best Smartwatches Buy Online","description":"Best Smartwatches Buy Online currently accept Paypal, Visa, Master Card, Apple Pay, Google Pay, Alipay, Gcash, Kakao Pay, Discover and Diners payments.","keywords":[],"keyphrases":"{\"focus\":{\"keyphrase\":\"\",\"score\":0,\"analysis\":{\"keyphraseInTitle\":{\"score\":0,\"maxScore\":9,\"error\":1}}},\"additional\":[]}","primary_term":null,"canonical_url":null,"og_title":null,"og_description":null,"og_object_type":"default","og_image_type":"default","og_image_url":null,"og_image_width":null,"og_image_height":null,"og_image_custom_url":null,"og_image_custom_fields":null,"og_video":"","og_custom_url":null,"og_article_section":null,"og_article_tags":[],"twitter_use_og":false,"twitter_card":"default","twitter_image_type":"default","twitter_image_url":null,"twitter_image_custom_url":null,"twitter_image_custom_fields":null,"twitter_title":null,"twitter_description":null,"schema":{"blockGraphs":[],"customGraphs":[],"default":{"data":{"Article":[],"Course":[],"Dataset":[],"FAQPage":[],"Movie":[],"Person":[],"Product":[],"Recipe":[],"Service":[],"SoftwareApplication":[],"WebPage":[]},"graphName":"WebPage","isEnabled":true},"graphs":[]},"schema_type":"default","schema_type_options":null,"pillar_content":false,"robots_default":true,"robots_noindex":false,"robots_noarchive":false,"robots_nosnippet":false,"robots_nofollow":false,"robots_noimageindex":false,"robots_noodp":false,"robots_notranslate":false,"robots_max_snippet":"-1","robots_max_videopreview":"-1","robots_max_imagepreview":"large","priority":null,"frequency":"default","local_seo":null,"limit_modified_date":false,"created":"2024-02-26 12:21:32","updated":"2024-05-30 02:18:50"},"aioseo_breadcrumb":"<div class=\"aioseo-breadcrumbs\"><span class=\"aioseo-breadcrumb\">\n\t<a href=\"https:\/\/www.kieslect.com\/tr\" title=\"Home\">Home<\/a>\n<\/span><span class=\"aioseo-breadcrumb-separator\">&raquo;<\/span><span class=\"aioseo-breadcrumb\">\n\tPayment Method\n<\/span><\/div>","aioseo_breadcrumb_json":[{"label":"Home","link":"https:\/\/www.kieslect.com\/tr"},{"label":"Payment Method","link":"https:\/\/www.kieslect.com\/tr\/payment-method\/"}],"_links":{"self":[{"href":"https:\/\/www.kieslect.com\/tr\/wp-json\/wp\/v2\/pages\/17195","targetHints":{"allow":["GET"]}}],"collection":[{"href":"https:\/\/www.kieslect.com\/tr\/wp-json\/wp\/v2\/pages"}],"about":[{"href":"https:\/\/www.kieslect.com\/tr\/wp-json\/wp\/v2\/types\/page"}],"author":[{"embeddable":true,"href":"https:\/\/www.kieslect.com\/tr\/wp-json\/wp\/v2\/users\/1"}],"replies":[{"embeddable":true,"href":"https:\/\/www.kieslect.com\/tr\/wp-json\/wp\/v2\/comments?post=17195"}],"version-history":[{"count":0,"href":"https:\/\/www.kieslect.com\/tr\/wp-json\/wp\/v2\/pages\/17195\/revisions"}],"wp:attachment":[{"href":"https:\/\/www.kieslect.com\/tr\/wp-json\/wp\/v2\/media?parent=17195"}],"curies":[{"name":"wp","href":"https:\/\/api.w.org\/{rel}","templated":true}]}}