{"id":23753,"date":"2024-01-16T11:47:50","date_gmt":"2024-01-16T11:47:50","guid":{"rendered":"http:\/\/www.kieslect.com\/?post_type=product&#038;p=23753"},"modified":"2026-05-11T02:17:48","modified_gmt":"2026-05-10T18:17:48","slug":"kieslect-lady-calling-smartwatch-lora","status":"publish","type":"product","link":"https:\/\/www.kieslect.com\/pt\/produto\/kieslect-lady-calling-smartwatch-lora\/","title":{"rendered":"Kieslect Senhora Chamando Smartwatch Lora"},"content":{"rendered":"<div class=\"rte\">\n<section id=\"shopify-section-template--16842752917756__fe7b8f77-0695-4670-81e4-15f5004851aa\" class=\"shopify-section spaced-section\">\n<div class=\"row\">\n<p><img decoding=\"async\" src=\"\/wp-content\/uploads\/replace\/88d207c9a36eef40eac7129e4ec3387d.jpeg\" alt=\"Kieslect Loar Smartwatch\" \/><img decoding=\"async\" src=\"\/wp-content\/uploads\/replace\/96f333dc68cc22a16d4684d3e46588a6.jpeg\" alt=\"Kieslect Loar Smartwatch\" \/><img decoding=\"async\" src=\"\/wp-content\/uploads\/replace\/ff7ae6434569d6f97428a342e984e32d.jpeg\" alt=\"Kieslect Loar Smartwatch\" \/><img decoding=\"async\" src=\"\/wp-content\/uploads\/replace\/fb080d37f962c0fcdc91b0aac69d6798.jpeg\" alt=\"lora smartwatch\" \/><img decoding=\"async\" src=\"\/wp-content\/uploads\/replace\/e5c9c21bc1f8a25efd9062e23fde62b9.jpeg\" alt=\"Kieslect Loar Smartwatch\" \/><img decoding=\"async\" src=\"\/wp-content\/uploads\/replace\/ad5a2490a2a5d249c22ad0aacef28c7a.jpeg\" alt=\"Kieslect Loar Smartwatch\" \/><img decoding=\"async\" src=\"\/wp-content\/uploads\/replace\/e9602dece2d0c55acacb7fdfdd91cc4d.jpeg\" alt=\"Kieslect Loar Smartwatch\" \/><img decoding=\"async\" src=\"\/wp-content\/uploads\/replace\/fc759509b7e8552298bc6f4af11f0167.jpeg\" alt=\"Kieslect Loar Smartwatch\" \/><img decoding=\"async\" src=\"\/wp-content\/uploads\/replace\/d84681d588851a585985b8f9acb1da78.jpeg\" alt=\"Kieslect Loar Smartwatch\" \/><img decoding=\"async\" src=\"\/wp-content\/uploads\/replace\/0e2f8b9c5cd8d3efda62e1598f7c4bf8.jpeg\" alt=\"Kieslect Loar Smartwatch\" \/><img decoding=\"async\" src=\"\/wp-content\/uploads\/replace\/7be97d22e842bd999bbdda41f8385143.jpeg\" alt=\"Kieslect Loar Smartwatch\" \/><img decoding=\"async\" src=\"\/wp-content\/uploads\/replace\/1645a771ab68a6850004490edf6af789.jpeg\" alt=\"kieslect_lora_smartwatch\" \/><img decoding=\"async\" src=\"\/wp-content\/uploads\/replace\/18237122a941e1c443a42f8e0ff77d36.jpeg\" alt=\"Kieslect Lady Calling Smartwatch Lora\" \/><\/p>\n<p><strong>Recursos do Kieslect Lady Calling Watch Lora:<\/strong><\/p>\n<p><strong>\u25cf Visor colorido com visualiza\u00e7\u00e3o completa em 3D<\/strong>.<br \/>\nLora possui uma impressionante tela Semi-Amoled colorida esf\u00e9rica em 3D.<\/p>\n<p><strong>\u25cf Caixa de alum\u00ednio sem desbotamento.<\/strong><br \/>\nJuntamente com um design moderno por uma caixa de liga de alum\u00ednio sem desbotamento. A apar\u00eancia deslumbrante torna o rel\u00f3gio um acess\u00f3rio impressionante e chique para sua roupa casual e formal, elevando seu estilo geral.<\/p>\n<p><strong>\u25cf Chamadas Bluetooth est\u00e1veis.<\/strong><br \/>\nConex\u00e3o superest\u00e1vel com chipset espec\u00edfico em todo o mundo, voc\u00ea pode desfrutar de chamadas tranquilas de Lora.<br \/>\nLora possui alto-falantes e microfones integrados superiores, permitindo que voc\u00ea atenda chamadas no seu rel\u00f3gio. Com som de qualidade fant\u00e1stica quando for inconveniente atender seu celular.<\/p>\n<p><strong>\u25cf Receba chamadas diretamente no pulso.<\/strong><br \/>\nVoc\u00ea pode receber, rejeitar, retornar, discar chamadas pelo teclado e armazenar contatos facilmente. Quando voc\u00ea estiver passeando, malhando ou deitado no sof\u00e1, conecte o Lora ao seu celular para n\u00e3o perder mais liga\u00e7\u00f5es importantes. Resposta r\u00e1pida a mensagens (atualmente n\u00e3o suportada por iOS, apenas Android). Quando o perigo chegar, clique duas vezes, o SOS ser\u00e1 ativado.<\/p>\n<p><strong>\u25cf Lista de reprodu\u00e7\u00e3o de m\u00fasica HiFi Hefnition no pulso.<\/strong><br \/>\nA reprodu\u00e7\u00e3o de m\u00fasica m\u00f3vel \u00e9 suportada pelo Lora, para voc\u00ea controlar a m\u00fasica no seu smartphone via Bluetooth 5.2.<br \/>\nCom Lora, voc\u00ea pode desfrutar de m\u00fasica HD de qualidade superior enquanto estiver se exercitando, caminhando e passeando com o cachorro.<\/p>\n<p><strong>\u25cf Mude seu estilo com bandas premium.<\/strong><br \/>\nUma variedade de pulseiras de rel\u00f3gio de reposi\u00e7\u00e3o com designs exclusivos s\u00e3o opcionais para voc\u00ea mudar seu estilo!<\/p>\n<p><strong>\u25cf Vida Inteligente com Assistente de Voz.<\/strong><br \/>\nAssistente, Lora atua como sua assistente de vida inteligente. Diga para Lora, \u201cLigue para a mam\u00e3e\u201d \u201cToque m\u00fasica\u201d.<\/p>\n<p><strong>\u25cf Correia magn\u00e9tica de libera\u00e7\u00e3o r\u00e1pida.<\/strong><br \/>\nLiderando a tend\u00eancia da moda com quatro tipos de coloca\u00e7\u00f5es premium.<br \/>\nSentindo-se confort\u00e1vel devido \u00e0 combina\u00e7\u00e3o perfeita de materiais de silicone e metal.<br \/>\nF\u00e1cil de usar e liberar sem o alinhamento das fivelas tradicionais.<\/p>\n<\/div>\n<\/section>\n<div id=\"shopify-section-template--16842752917756__bac5a253-d4e3-4184-ab68-f6c69f24403d\" class=\"shopify-section\">\n<div class=\"row\">\n<div class=\"small-12 columns\"><\/div>\n<\/div>\n<\/div>\n<\/div>","protected":false},"excerpt":{"rendered":"<ul>\n<li>\ud83c\udf88 Compre uma pulseira de couro rosa gr\u00e1tis<\/li>\n<li>\ud83c\udf88 Al\u00e7a Princesa BlingBling<\/li>\n<li>\ud83c\udf88 Linda tela de bolha esf\u00e9rica Fullview 3D<\/li>\n<li>\ud83c\udf88 Chamadas BT est\u00e1veis, chip de chamada global 2 em 1<\/li>\n<li>\ud83c\udf88 Leitor de m\u00fasica no pulso<\/li>\n<li>\ud83c\udf88 Para Android e IOS<\/li>\n<\/ul>","protected":false},"featured_media":23865,"comment_status":"open","ping_status":"closed","template":"","meta":[],"product_brand":[],"product_cat":[15,463,462,416,460,459,458],"product_tag":[],"class_list":{"0":"post-23753","1":"product","2":"type-product","3":"status-publish","4":"has-post-thumbnail","6":"product_cat-smartwatch","7":"product_cat-calling-smartwatch","8":"product_cat-calling-watch","9":"product_cat-lady-series","10":"product_cat-lady-smartwatch","11":"product_cat-lady-watch","12":"product_cat-smartwatch-for-woman","14":"first","15":"instock","16":"shipping-taxable","17":"product-type-external"},"aioseo_notices":[],"aioseo_head":"\n\t\t<!-- All in One SEO Pro 4.6.5 - aioseo.com -->\n\t\t<meta name=\"description\" content=\"\ud83c\udf88 Buy One Free One Pink Leather Strap \ud83c\udf88 BlingBling Princess Strap \ud83c\udf88 Gorgerous 3D Fullview Spherical Bubble Screen \ud83c\udf88 Stable BT Calls, Global 2-in-1 Calling Chip \ud83c\udf88 Music Player on the wrist \ud83c\udf88 For both Android and IOS\" \/>\n\t\t<meta name=\"robots\" content=\"max-image-preview:large\" \/>\n\t\t<link rel=\"canonical\" href=\"https:\/\/www.kieslect.com\/pt\/produto\/kieslect-lady-calling-smartwatch-lora\/\" \/>\n\t\t<meta name=\"generator\" content=\"All in One SEO Pro (AIOSEO) 4.6.5\" \/>\n\t\t<meta property=\"og:locale\" content=\"pt_PT\" \/>\n\t\t<meta property=\"og:site_name\" content=\"Kieslect - A Trusted Global Provider of Smart Wearable Solution\" \/>\n\t\t<meta property=\"og:type\" content=\"article\" \/>\n\t\t<meta property=\"og:title\" content=\"Kieslect Lady Calling Smartwatch Lora - Kieslect\" \/>\n\t\t<meta property=\"og:description\" content=\"\ud83c\udf88 Buy One Free One Pink Leather Strap \ud83c\udf88 BlingBling Princess Strap \ud83c\udf88 Gorgerous 3D Fullview Spherical Bubble Screen \ud83c\udf88 Stable BT Calls, Global 2-in-1 Calling Chip \ud83c\udf88 Music Player on the wrist \ud83c\udf88 For both Android and IOS\" \/>\n\t\t<meta property=\"og:url\" content=\"https:\/\/www.kieslect.com\/pt\/produto\/kieslect-lady-calling-smartwatch-lora\/\" \/>\n\t\t<meta property=\"og:image\" content=\"https:\/\/www.kieslect.com\/wp-content\/uploads\/replace\/83a7c94e588d71936bb1ab2a1c752869.jpeg\" \/>\n\t\t<meta property=\"og:image:secure_url\" content=\"https:\/\/www.kieslect.com\/wp-content\/uploads\/replace\/83a7c94e588d71936bb1ab2a1c752869.jpeg\" \/>\n\t\t<meta property=\"og:image:width\" content=\"300\" \/>\n\t\t<meta property=\"og:image:height\" content=\"169\" \/>\n\t\t<meta property=\"article:published_time\" content=\"2024-01-16T11:47:50+00:00\" \/>\n\t\t<meta property=\"article:modified_time\" content=\"2026-05-10T18:17:48+00:00\" \/>\n\t\t<meta property=\"article:publisher\" content=\"https:\/\/www.facebook.com\/KieslectOfficial\/\" \/>\n\t\t<meta name=\"twitter:card\" content=\"summary_large_image\" \/>\n\t\t<meta name=\"twitter:site\" content=\"@kieslect\" \/>\n\t\t<meta name=\"twitter:title\" content=\"Kieslect Lady Calling Smartwatch Lora - Kieslect\" \/>\n\t\t<meta name=\"twitter:description\" content=\"\ud83c\udf88 Buy One Free One Pink Leather Strap \ud83c\udf88 BlingBling Princess Strap \ud83c\udf88 Gorgerous 3D Fullview Spherical Bubble Screen \ud83c\udf88 Stable BT Calls, Global 2-in-1 Calling Chip \ud83c\udf88 Music Player on the wrist \ud83c\udf88 For both Android and IOS\" \/>\n\t\t<meta name=\"twitter:creator\" content=\"@kieslect\" \/>\n\t\t<meta name=\"twitter:image\" content=\"https:\/\/www.kieslect.com\/wp-content\/uploads\/replace\/83a7c94e588d71936bb1ab2a1c752869.jpeg\" \/>\n\t\t<script type=\"application\/ld+json\" class=\"aioseo-schema\">\n\t\t\t{\"@context\":\"https:\\\/\\\/schema.org\",\"@graph\":[{\"@type\":\"BreadcrumbList\",\"@id\":\"https:\\\/\\\/www.kieslect.com\\\/pt\\\/produto\\\/kieslect-lady-calling-smartwatch-lora\\\/#breadcrumblist\",\"itemListElement\":[{\"@type\":\"ListItem\",\"@id\":\"https:\\\/\\\/www.kieslect.com\\\/pt\\\/#listItem\",\"position\":1,\"name\":\"Home\",\"item\":\"https:\\\/\\\/www.kieslect.com\\\/pt\\\/\",\"nextItem\":\"https:\\\/\\\/www.kieslect.com\\\/pt\\\/produto\\\/kieslect-lady-calling-smartwatch-lora\\\/#listItem\"},{\"@type\":\"ListItem\",\"@id\":\"https:\\\/\\\/www.kieslect.com\\\/pt\\\/produto\\\/kieslect-lady-calling-smartwatch-lora\\\/#listItem\",\"position\":2,\"name\":\"Kieslect Lady Calling Smartwatch Lora\",\"previousItem\":\"https:\\\/\\\/www.kieslect.com\\\/pt\\\/#listItem\"}]},{\"@type\":\"Organization\",\"@id\":\"https:\\\/\\\/www.kieslect.com\\\/pt\\\/#organization\",\"name\":\"Kieslect Smartwatch\",\"description\":\"A Trusted Global Provider of Smart Wearable Solution\",\"url\":\"https:\\\/\\\/www.kieslect.com\\\/pt\\\/\",\"logo\":{\"@type\":\"ImageObject\",\"url\":\"https:\\\/\\\/www.kieslect.com\\\/wp-content\\\/uploads\\\/2024\\\/01\\\/Kieslect-Logo-2_1_335x75_crop_center-1.webp\",\"@id\":\"https:\\\/\\\/www.kieslect.com\\\/pt\\\/produto\\\/kieslect-lady-calling-smartwatch-lora\\\/#organizationLogo\",\"width\":335,\"height\":75},\"image\":{\"@id\":\"https:\\\/\\\/www.kieslect.com\\\/pt\\\/produto\\\/kieslect-lady-calling-smartwatch-lora\\\/#organizationLogo\"},\"sameAs\":[\"https:\\\/\\\/www.facebook.com\\\/KieslectOfficial\\\/\",\"https:\\\/\\\/twitter.com\\\/kieslect\",\"https:\\\/\\\/www.instagram.com\\\/kieslect\\\/\"]},{\"@type\":\"Product\",\"@id\":\"https:\\\/\\\/www.kieslect.com\\\/pt\\\/produto\\\/kieslect-lady-calling-smartwatch-lora\\\/#wooCommerceProduct\",\"name\":\"Kieslect Lady Calling Smartwatch Lora\",\"description\":\"\\ud83c\\udf88 Buy One Free One Pink Leather Strap\\r\\n \\t\\ud83c\\udf88 BlingBling Princess Strap\\r\\n \\t\\ud83c\\udf88 Gorgerous 3D Fullview Spherical Bubble Screen\\r\\n \\t\\ud83c\\udf88 Stable BT Calls, Global 2-in-1 Calling Chip\\r\\n \\t\\ud83c\\udf88 Music Player on the wrist\\r\\n \\t\\ud83c\\udf88 For both Android and IOS\",\"url\":\"https:\\\/\\\/www.kieslect.com\\\/pt\\\/produto\\\/kieslect-lady-calling-smartwatch-lora\\\/\",\"image\":{\"@type\":\"ImageObject\",\"url\":\"https:\\\/\\\/www.kieslect.com\\\/wp-content\\\/uploads\\\/2024\\\/01\\\/lora_68687576-a841-41e5-bd14-d77044a7dfb8_610x_crop_center.webp\",\"@id\":\"https:\\\/\\\/www.kieslect.com\\\/pt\\\/produto\\\/kieslect-lady-calling-smartwatch-lora\\\/#productImage\",\"width\":610,\"height\":610},\"offers\":{\"@type\":\"Offer\",\"url\":\"https:\\\/\\\/www.kieslect.com\\\/pt\\\/produto\\\/kieslect-lady-calling-smartwatch-lora\\\/#wooCommerceOffer\",\"price\":0,\"priceCurrency\":\"USD\",\"category\":\"Smartwatch\",\"availability\":\"https:\\\/\\\/schema.org\\\/InStock\",\"seller\":{\"@type\":\"Organization\",\"@id\":\"https:\\\/\\\/www.kieslect.com\\\/pt\\\/#organization\"}}},{\"@type\":\"WebPage\",\"@id\":\"https:\\\/\\\/www.kieslect.com\\\/pt\\\/produto\\\/kieslect-lady-calling-smartwatch-lora\\\/#webpage\",\"url\":\"https:\\\/\\\/www.kieslect.com\\\/pt\\\/produto\\\/kieslect-lady-calling-smartwatch-lora\\\/\",\"name\":\"Kieslect Lady Calling Smartwatch Lora - Kieslect\",\"description\":\"\\ud83c\\udf88 Buy One Free One Pink Leather Strap \\ud83c\\udf88 BlingBling Princess Strap \\ud83c\\udf88 Gorgerous 3D Fullview Spherical Bubble Screen \\ud83c\\udf88 Stable BT Calls, Global 2-in-1 Calling Chip \\ud83c\\udf88 Music Player on the wrist \\ud83c\\udf88 For both Android and IOS\",\"inLanguage\":\"pt-PT\",\"isPartOf\":{\"@id\":\"https:\\\/\\\/www.kieslect.com\\\/pt\\\/#website\"},\"breadcrumb\":{\"@id\":\"https:\\\/\\\/www.kieslect.com\\\/pt\\\/produto\\\/kieslect-lady-calling-smartwatch-lora\\\/#breadcrumblist\"},\"image\":{\"@type\":\"ImageObject\",\"url\":\"https:\\\/\\\/www.kieslect.com\\\/wp-content\\\/uploads\\\/2024\\\/01\\\/lora_68687576-a841-41e5-bd14-d77044a7dfb8_610x_crop_center.webp\",\"@id\":\"https:\\\/\\\/www.kieslect.com\\\/pt\\\/produto\\\/kieslect-lady-calling-smartwatch-lora\\\/#mainImage\",\"width\":610,\"height\":610},\"primaryImageOfPage\":{\"@id\":\"https:\\\/\\\/www.kieslect.com\\\/pt\\\/produto\\\/kieslect-lady-calling-smartwatch-lora\\\/#mainImage\"},\"datePublished\":\"2024-01-16T11:47:50+08:00\",\"dateModified\":\"2026-05-11T02:17:48+08:00\"},{\"@type\":\"WebSite\",\"@id\":\"https:\\\/\\\/www.kieslect.com\\\/pt\\\/#website\",\"url\":\"https:\\\/\\\/www.kieslect.com\\\/pt\\\/\",\"name\":\"Kieslect\",\"description\":\"A Trusted Global Provider of Smart Wearable Solution\",\"inLanguage\":\"pt-PT\",\"publisher\":{\"@id\":\"https:\\\/\\\/www.kieslect.com\\\/pt\\\/#organization\"}}]}\n\t\t<\/script>\n\t\t<!-- All in One SEO Pro -->\r\n\t\t<title>Kieslect Lady Calling Smartwatch Lora - Kieslect<\/title>\n\n","aioseo_head_json":{"title":"Kieslect Lady Calling Smartwatch Lora - Kieslect","description":"\ud83c\udf88 Buy One Free One Pink Leather Strap \ud83c\udf88 BlingBling Princess Strap \ud83c\udf88 Gorgerous 3D Fullview Spherical Bubble Screen \ud83c\udf88 Stable BT Calls, Global 2-in-1 Calling Chip \ud83c\udf88 Music Player on the wrist \ud83c\udf88 For both Android and IOS","canonical_url":"https:\/\/www.kieslect.com\/pt\/produto\/kieslect-lady-calling-smartwatch-lora\/","robots":"max-image-preview:large","keywords":"","webmasterTools":{"miscellaneous":""},"og:locale":"pt_PT","og:site_name":"Kieslect - A Trusted Global Provider of Smart Wearable Solution","og:type":"article","og:title":"Kieslect Lady Calling Smartwatch Lora - Kieslect","og:description":"\ud83c\udf88 Buy One Free One Pink Leather Strap \ud83c\udf88 BlingBling Princess Strap \ud83c\udf88 Gorgerous 3D Fullview Spherical Bubble Screen \ud83c\udf88 Stable BT Calls, Global 2-in-1 Calling Chip \ud83c\udf88 Music Player on the wrist \ud83c\udf88 For both Android and IOS","og:url":"https:\/\/www.kieslect.com\/pt\/produto\/kieslect-lady-calling-smartwatch-lora\/","og:image":"https:\/\/www.kieslect.com\/wp-content\/uploads\/replace\/83a7c94e588d71936bb1ab2a1c752869.jpeg","og:image:secure_url":"https:\/\/www.kieslect.com\/wp-content\/uploads\/replace\/83a7c94e588d71936bb1ab2a1c752869.jpeg","og:image:width":300,"og:image:height":169,"article:published_time":"2024-01-16T11:47:50+00:00","article:modified_time":"2026-05-10T18:17:48+00:00","article:publisher":"https:\/\/www.facebook.com\/KieslectOfficial\/","twitter:card":"summary_large_image","twitter:site":"@kieslect","twitter:title":"Kieslect Lady Calling Smartwatch Lora - Kieslect","twitter:description":"\ud83c\udf88 Buy One Free One Pink Leather Strap \ud83c\udf88 BlingBling Princess Strap \ud83c\udf88 Gorgerous 3D Fullview Spherical Bubble Screen \ud83c\udf88 Stable BT Calls, Global 2-in-1 Calling Chip \ud83c\udf88 Music Player on the wrist \ud83c\udf88 For both Android and IOS","twitter:creator":"@kieslect","twitter:image":"https:\/\/www.kieslect.com\/wp-content\/uploads\/replace\/83a7c94e588d71936bb1ab2a1c752869.jpeg","schema":{"@context":"https:\/\/schema.org","@graph":[{"@type":"BreadcrumbList","@id":"https:\/\/www.kieslect.com\/pt\/produto\/kieslect-lady-calling-smartwatch-lora\/#breadcrumblist","itemListElement":[{"@type":"ListItem","@id":"https:\/\/www.kieslect.com\/pt\/#listItem","position":1,"name":"Home","item":"https:\/\/www.kieslect.com\/pt\/","nextItem":"https:\/\/www.kieslect.com\/pt\/produto\/kieslect-lady-calling-smartwatch-lora\/#listItem"},{"@type":"ListItem","@id":"https:\/\/www.kieslect.com\/pt\/produto\/kieslect-lady-calling-smartwatch-lora\/#listItem","position":2,"name":"Kieslect Lady Calling Smartwatch Lora","previousItem":"https:\/\/www.kieslect.com\/pt\/#listItem"}]},{"@type":"Organization","@id":"https:\/\/www.kieslect.com\/pt\/#organization","name":"Kieslect Smartwatch","description":"A Trusted Global Provider of Smart Wearable Solution","url":"https:\/\/www.kieslect.com\/pt\/","logo":{"@type":"ImageObject","url":"https:\/\/www.kieslect.com\/wp-content\/uploads\/2024\/01\/Kieslect-Logo-2_1_335x75_crop_center-1.webp","@id":"https:\/\/www.kieslect.com\/pt\/produto\/kieslect-lady-calling-smartwatch-lora\/#organizationLogo","width":335,"height":75},"image":{"@id":"https:\/\/www.kieslect.com\/pt\/produto\/kieslect-lady-calling-smartwatch-lora\/#organizationLogo"},"sameAs":["https:\/\/www.facebook.com\/KieslectOfficial\/","https:\/\/twitter.com\/kieslect","https:\/\/www.instagram.com\/kieslect\/"]},{"@type":"Product","@id":"https:\/\/www.kieslect.com\/pt\/produto\/kieslect-lady-calling-smartwatch-lora\/#wooCommerceProduct","name":"Kieslect Lady Calling Smartwatch Lora","description":"\ud83c\udf88 Buy One Free One Pink Leather Strap\r\n \t\ud83c\udf88 BlingBling Princess Strap\r\n \t\ud83c\udf88 Gorgerous 3D Fullview Spherical Bubble Screen\r\n \t\ud83c\udf88 Stable BT Calls, Global 2-in-1 Calling Chip\r\n \t\ud83c\udf88 Music Player on the wrist\r\n \t\ud83c\udf88 For both Android and IOS","url":"https:\/\/www.kieslect.com\/pt\/produto\/kieslect-lady-calling-smartwatch-lora\/","image":{"@type":"ImageObject","url":"https:\/\/www.kieslect.com\/wp-content\/uploads\/2024\/01\/lora_68687576-a841-41e5-bd14-d77044a7dfb8_610x_crop_center.webp","@id":"https:\/\/www.kieslect.com\/pt\/produto\/kieslect-lady-calling-smartwatch-lora\/#productImage","width":610,"height":610},"offers":{"@type":"Offer","url":"https:\/\/www.kieslect.com\/pt\/produto\/kieslect-lady-calling-smartwatch-lora\/#wooCommerceOffer","price":0,"priceCurrency":"USD","category":"Smartwatch","availability":"https:\/\/schema.org\/InStock","seller":{"@type":"Organization","@id":"https:\/\/www.kieslect.com\/pt\/#organization"}}},{"@type":"WebPage","@id":"https:\/\/www.kieslect.com\/pt\/produto\/kieslect-lady-calling-smartwatch-lora\/#webpage","url":"https:\/\/www.kieslect.com\/pt\/produto\/kieslect-lady-calling-smartwatch-lora\/","name":"Kieslect Lady Calling Smartwatch Lora - Kieslect","description":"\ud83c\udf88 Buy One Free One Pink Leather Strap \ud83c\udf88 BlingBling Princess Strap \ud83c\udf88 Gorgerous 3D Fullview Spherical Bubble Screen \ud83c\udf88 Stable BT Calls, Global 2-in-1 Calling Chip \ud83c\udf88 Music Player on the wrist \ud83c\udf88 For both Android and IOS","inLanguage":"pt-PT","isPartOf":{"@id":"https:\/\/www.kieslect.com\/pt\/#website"},"breadcrumb":{"@id":"https:\/\/www.kieslect.com\/pt\/produto\/kieslect-lady-calling-smartwatch-lora\/#breadcrumblist"},"image":{"@type":"ImageObject","url":"https:\/\/www.kieslect.com\/wp-content\/uploads\/2024\/01\/lora_68687576-a841-41e5-bd14-d77044a7dfb8_610x_crop_center.webp","@id":"https:\/\/www.kieslect.com\/pt\/produto\/kieslect-lady-calling-smartwatch-lora\/#mainImage","width":610,"height":610},"primaryImageOfPage":{"@id":"https:\/\/www.kieslect.com\/pt\/produto\/kieslect-lady-calling-smartwatch-lora\/#mainImage"},"datePublished":"2024-01-16T11:47:50+08:00","dateModified":"2026-05-11T02:17:48+08:00"},{"@type":"WebSite","@id":"https:\/\/www.kieslect.com\/pt\/#website","url":"https:\/\/www.kieslect.com\/pt\/","name":"Kieslect","description":"A Trusted Global Provider of Smart Wearable Solution","inLanguage":"pt-PT","publisher":{"@id":"https:\/\/www.kieslect.com\/pt\/#organization"}}]}},"aioseo_meta_data":{"post_id":"23753","title":null,"description":null,"keywords":null,"keyphrases":"{\"focus\":{\"keyphrase\":\"\",\"score\":0,\"analysis\":{\"keyphraseInTitle\":{\"score\":0,\"maxScore\":9,\"error\":1}}},\"additional\":[]}","primary_term":null,"canonical_url":null,"og_title":null,"og_description":null,"og_object_type":"default","og_image_type":"default","og_image_url":null,"og_image_width":null,"og_image_height":null,"og_image_custom_url":null,"og_image_custom_fields":null,"og_video":"","og_custom_url":null,"og_article_section":null,"og_article_tags":null,"twitter_use_og":false,"twitter_card":"default","twitter_image_type":"default","twitter_image_url":null,"twitter_image_custom_url":null,"twitter_image_custom_fields":null,"twitter_title":null,"twitter_description":null,"schema":{"blockGraphs":[],"customGraphs":[],"default":{"data":{"Article":[],"Course":[],"Dataset":[],"FAQPage":[],"Movie":[],"Person":[],"Product":[],"Recipe":[],"Service":[],"SoftwareApplication":[],"WebPage":[]},"graphName":"Product","isEnabled":true},"graphs":[]},"schema_type":"default","schema_type_options":null,"pillar_content":false,"robots_default":true,"robots_noindex":false,"robots_noarchive":false,"robots_nosnippet":false,"robots_nofollow":false,"robots_noimageindex":false,"robots_noodp":false,"robots_notranslate":false,"robots_max_snippet":"-1","robots_max_videopreview":"-1","robots_max_imagepreview":"large","priority":null,"frequency":"default","local_seo":null,"limit_modified_date":false,"created":"2024-02-26 12:21:33","updated":"2026-05-10 18:31:54"},"aioseo_breadcrumb":"<div class=\"aioseo-breadcrumbs\"><span class=\"aioseo-breadcrumb\">\n\t<a href=\"https:\/\/www.kieslect.com\/pt\" title=\"Home\">Home<\/a>\n<\/span><span class=\"aioseo-breadcrumb-separator\">&raquo;<\/span><span class=\"aioseo-breadcrumb\">\n\t<a href=\"https:\/\/www.kieslect.com\/pt\/shop\/\" title=\"Shop\">Shop<\/a>\n<\/span><span class=\"aioseo-breadcrumb-separator\">&raquo;<\/span><span class=\"aioseo-breadcrumb\">\n\t<a href=\"https:\/\/www.kieslect.com\/pt\/categoria-produto\/smartwatch\/\" title=\"Smartwatch\">Smartwatch<\/a>\n<\/span><span class=\"aioseo-breadcrumb-separator\">&raquo;<\/span><span class=\"aioseo-breadcrumb\">\n\t<a href=\"https:\/\/www.kieslect.com\/pt\/categoria-produto\/smartwatch\/lady-series\/\" title=\"Lady Series\">Lady Series<\/a>\n<\/span><span class=\"aioseo-breadcrumb-separator\">&raquo;<\/span><span class=\"aioseo-breadcrumb\">\n\tKieslect Lady Calling Smartwatch Lora\n<\/span><\/div>","aioseo_breadcrumb_json":[{"label":"Home","link":"https:\/\/www.kieslect.com\/pt"},{"label":"Shop","link":"https:\/\/www.kieslect.com\/pt\/shop\/"},{"label":"Smartwatch","link":"https:\/\/www.kieslect.com\/pt\/categoria-produto\/smartwatch\/"},{"label":"Lady Series","link":"https:\/\/www.kieslect.com\/pt\/categoria-produto\/smartwatch\/lady-series\/"},{"label":"Kieslect Lady Calling Smartwatch Lora","link":"https:\/\/www.kieslect.com\/pt\/produto\/kieslect-lady-calling-smartwatch-lora\/"}],"_links":{"self":[{"href":"https:\/\/www.kieslect.com\/pt\/wp-json\/wp\/v2\/product\/23753","targetHints":{"allow":["GET"]}}],"collection":[{"href":"https:\/\/www.kieslect.com\/pt\/wp-json\/wp\/v2\/product"}],"about":[{"href":"https:\/\/www.kieslect.com\/pt\/wp-json\/wp\/v2\/types\/product"}],"replies":[{"embeddable":true,"href":"https:\/\/www.kieslect.com\/pt\/wp-json\/wp\/v2\/comments?post=23753"}],"version-history":[{"count":0,"href":"https:\/\/www.kieslect.com\/pt\/wp-json\/wp\/v2\/product\/23753\/revisions"}],"wp:featuredmedia":[{"embeddable":true,"href":"https:\/\/www.kieslect.com\/pt\/wp-json\/wp\/v2\/media\/23865"}],"wp:attachment":[{"href":"https:\/\/www.kieslect.com\/pt\/wp-json\/wp\/v2\/media?parent=23753"}],"wp:term":[{"taxonomy":"product_brand","embeddable":true,"href":"https:\/\/www.kieslect.com\/pt\/wp-json\/wp\/v2\/product_brand?post=23753"},{"taxonomy":"product_cat","embeddable":true,"href":"https:\/\/www.kieslect.com\/pt\/wp-json\/wp\/v2\/product_cat?post=23753"},{"taxonomy":"product_tag","embeddable":true,"href":"https:\/\/www.kieslect.com\/pt\/wp-json\/wp\/v2\/product_tag?post=23753"}],"curies":[{"name":"wp","href":"https:\/\/api.w.org\/{rel}","templated":true}]}}