{"id":23751,"date":"2024-01-16T11:47:49","date_gmt":"2024-01-16T11:47:49","guid":{"rendered":"http:\/\/www.kieslect.com\/?post_type=product&#038;p=23751"},"modified":"2026-05-10T08:48:56","modified_gmt":"2026-05-10T00:48:56","slug":"kieslect-smart-calling-watch-ks","status":"publish","type":"product","link":"https:\/\/www.kieslect.com\/pt\/produto\/kieslect-smart-calling-watch-ks\/","title":{"rendered":"Rel\u00f3gio de chamada inteligente Kieslect Ks"},"content":{"rendered":"<p><img fetchpriority=\"high\" decoding=\"async\" class=\"alignnone size-full wp-image-25583\" title=\"KieslectKs_smartwatch-1\" src=\"\/wp-content\/uploads\/replace\/1ce4c133cbf3bae67f0983065a9275e8.jpeg\" alt=\"KieslectKs_smartwatch-1\" width=\"1920\" height=\"2590\" \/><img decoding=\"async\" class=\"alignnone size-full wp-image-25580\" title=\"KieslectKs_1-1\" src=\"\/wp-content\/uploads\/replace\/338ba2f6299871b060eda2bdcd3f587c.jpeg\" alt=\"KieslectKs_1-1\" width=\"1920\" height=\"1220\" \/><img decoding=\"async\" class=\"alignnone size-full wp-image-25579\" title=\"KieslectKs_smartwatch_3-1\" src=\"\/wp-content\/uploads\/replace\/90bf49b828d930bd043a943c734e5778.jpeg\" alt=\"KieslectKs_smartwatch_3-1\" width=\"1920\" height=\"2253\" \/><img loading=\"lazy\" decoding=\"async\" class=\"alignnone size-full wp-image-25582\" title=\"KieslectKs_smartwatch_4-1\" src=\"\/wp-content\/uploads\/replace\/188525a8889b658828c28d4583e8da73.jpeg\" alt=\"KieslectKs_smartwatch_4-1\" width=\"1920\" height=\"1035\" \/><img loading=\"lazy\" decoding=\"async\" class=\"alignnone size-full wp-image-25581\" title=\"KieslectKs_smartwatch_5-1\" src=\"\/wp-content\/uploads\/replace\/70d448b709b7059c51927c543edb6356.jpeg\" alt=\"KieslectKs_smartwatch_5-1\" width=\"1920\" height=\"1760\" \/><img loading=\"lazy\" decoding=\"async\" class=\"alignnone size-full wp-image-25586\" title=\"KieslectKs_smartwatch_6-1\" src=\"\/wp-content\/uploads\/replace\/4c153450ea1c37b1693544c2087fa459.jpeg\" alt=\"KieslectKs_smartwatch_6-1\" width=\"1920\" height=\"1410\" \/><img loading=\"lazy\" decoding=\"async\" class=\"alignnone size-full wp-image-25584\" title=\"KieslectKs_smartwatch_7-1\" src=\"\/wp-content\/uploads\/replace\/2d150e5b40a43900c7301e872430bcd7.jpeg\" alt=\"KieslectKs_smartwatch_7-1\" width=\"1920\" height=\"1850\" \/><img loading=\"lazy\" decoding=\"async\" class=\"alignnone size-full wp-image-25585\" title=\"KieslectKs_smartwatch_8-1\" src=\"\/wp-content\/uploads\/replace\/949bee2c8cbb1477c7164030f47ea5c3.jpeg\" alt=\"KieslectKs_smartwatch_8-1\" width=\"1920\" height=\"2330\" \/><img loading=\"lazy\" decoding=\"async\" class=\"alignnone size-full wp-image-25587\" title=\"KieslectKs_smartwatch_9-1\" src=\"\/wp-content\/uploads\/replace\/c540e696289f70f8bf300de733496501.jpeg\" alt=\"KieslectKs_smartwatch_9-1\" width=\"1920\" height=\"2410\" \/><img loading=\"lazy\" decoding=\"async\" class=\"alignnone size-full wp-image-25588\" title=\"KieslectKs_2-1\" src=\"\/wp-content\/uploads\/replace\/9ed10c852ae09fc430ec1de9cade7f5e.jpeg\" alt=\"KieslectKs_2-1\" width=\"1920\" height=\"1830\" \/><\/p>\n<p><strong>Recursos do Kieslect Smart Calling Watch Ks:<\/strong><\/p>\n<p><strong>\u25cf Chamadas Bluetooth n\u00edtidas e est\u00e1veis<\/strong><br \/>\nAssuma o controle total das chamadas de voz e salve at\u00e9 100 contatos. Nota: Um clique no bot\u00e3o inferior direito para entrar no SOS em um segundo.<br \/>\nCom conex\u00e3o Bluetooth 5.2 est\u00e1vel e alto-falantes e microfone s\u00f3lidos, o Kieslect KS oferece chamadas telef\u00f4nicas cristalinas com som rico e natural.<\/p>\n<p><strong>\u25cf Tela AMOLED colorida de 1,78\u201d<\/strong><br \/>\nTela dividida em uma fra\u00e7\u00e3o de segundo. Tela Retina sempre ligada.<br \/>\nGrande display colorido de 1,78\u201d para gestos de deslizar suaves. Veja m\u00e9tricas e outras informa\u00e7\u00f5es de forma clara e n\u00edtida em tela cheia, sem barras pretas.<\/p>\n<p><strong>\u25cf Aviso de frequ\u00eancia card\u00edaca anormal<\/strong><br \/>\nO sensor avan\u00e7ado de frequ\u00eancia card\u00edaca monitora sua frequ\u00eancia card\u00edaca 24 horas por dia, 7 dias por semana, para m\u00e1xima tranquilidade.<br \/>\nKieslect Ks dispara um alarme quando s\u00e3o detectadas frequ\u00eancias card\u00edacas altas ou baixas.<\/p>\n<p><strong>\u25cf Corpo met\u00e1lico elegante e coroa de navega\u00e7\u00e3o pr\u00e1tica<\/strong><br \/>\nCom caixa de metal polido CNC e uma pr\u00e1tica coroa de navega\u00e7\u00e3o girat\u00f3ria, este rel\u00f3gio elegante torna os controles mais f\u00e1ceis.<\/p>\n<p><strong>\u25cf Poderoso assistente de voz com IA<\/strong><br \/>\nFa\u00e7a liga\u00e7\u00f5es, inicie um exerc\u00edcio, defina um alarme e muito mais usando o assistente de voz inteligente.<br \/>\nNota: Clique duas vezes no bot\u00e3o inferior direito para entrar no assistente de voz inteligente em um segundo.<\/p>\n<p><strong>\u25cf Leitor de m\u00fasica sem complica\u00e7\u00f5es<\/strong><br \/>\nAproveite suas m\u00fasicas favoritas direto do seu pulso.<br \/>\nNota: O volume pode ser controlado pela rota\u00e7\u00e3o da coroa.<\/p>\n<p><strong>\u25cf Acompanhamento abrangente da sa\u00fade<\/strong><br \/>\nMonitore sua SpO2, frequ\u00eancia card\u00edaca, sono, estresse e humor em tempo real.<\/p>\n<p><strong>\u25cf 100 modos esportivos. Parceiro definitivo de fitness<\/strong><br \/>\nAumente sua motiva\u00e7\u00e3o para atingir seus objetivos de condicionamento f\u00edsico.<\/p>\n<p><strong>\u25cf Treinamento respirat\u00f3rio Relaxe a mente<\/strong><br \/>\nRespire fundo, relaxe e divirta-se.<\/p>\n<p><strong>\u25cf Jogos Divirta-se<\/strong><br \/>\nAproveite o seu jogo favorito no seu pulso.<\/p>\n<p><strong>\u25cf IP68 \u00e0 prova d&#039;\u00e1gua<\/strong><br \/>\nTenha certeza de que o rel\u00f3gio pode suportar gotas de chuva, respingos e submers\u00e3o de at\u00e9 1,5 m.<\/p>\n<p><strong>\u25cf Mude o visual<\/strong><br \/>\nEscolha entre silicone macio ou pulseira magn\u00e9tica para combinar com seu estilo e humor.<\/p>\n<p><strong>\u25cf V\u00e1rios estilos<\/strong><br \/>\nPersonalize seu rel\u00f3gio com uma ampla variedade de mostradores.<\/p>\n<p>&nbsp;<\/p>","protected":false},"excerpt":{"rendered":"<ul>\n<li>Clear &amp; Stable Bluetooth Callings<\/li>\n<li>1.78\u201dColorful AMOLED Display<\/li>\n<li>Always-on-Display<\/li>\n<li>Abnormal Heart Rate Warning<\/li>\n<li>Handy Navigation Crown<\/li>\n<li>Buy One Free One Strap<\/li>\n<li>Powerful AI Voice Assistant<\/li>\n<li>Hassle-free Music Player<\/li>\n<li>Comprehensive Health Tracking<\/li>\n<li>100 Sports Modes.<\/li>\n<li>Built-in Games Have Fun<\/li>\n<li>IP68 \u00e0 prova d&#039;\u00e1gua<\/li>\n<\/ul>","protected":false},"featured_media":23803,"comment_status":"open","ping_status":"closed","template":"","meta":[],"product_brand":[],"product_cat":[15,463,462,417,461],"product_tag":[],"class_list":{"0":"post-23751","1":"product","2":"type-product","3":"status-publish","4":"has-post-thumbnail","6":"product_cat-smartwatch","7":"product_cat-calling-smartwatch","8":"product_cat-calling-watch","9":"product_cat-essential-series","10":"product_cat-smart-watches-for-men","12":"first","13":"instock","14":"shipping-taxable","15":"product-type-external"},"aioseo_notices":[],"aioseo_head":"\n\t\t<!-- All in One SEO Pro 4.6.5 - aioseo.com -->\n\t\t<meta name=\"description\" content=\"Clear &amp; Stable Bluetooth Callings 1.78\u201dColorful AMOLED Display Always-on-Display Abnormal Heart Rate Warning Handy Navigation Crown Buy One Free One Strap Powerful AI Voice Assistant Hassle-free Music Player Comprehensive Health Tracking 100 Sports Modes. Built-in Games Have Fun IP68 Waterproof\" \/>\n\t\t<meta name=\"robots\" content=\"max-image-preview:large\" \/>\n\t\t<link rel=\"canonical\" href=\"https:\/\/www.kieslect.com\/pt\/produto\/kieslect-smart-calling-watch-ks\/\" \/>\n\t\t<meta name=\"generator\" content=\"All in One SEO Pro (AIOSEO) 4.6.5\" \/>\n\t\t<meta property=\"og:locale\" content=\"pt_PT\" \/>\n\t\t<meta property=\"og:site_name\" content=\"Kieslect - A Trusted Global Provider of Smart Wearable Solution\" \/>\n\t\t<meta property=\"og:type\" content=\"article\" \/>\n\t\t<meta property=\"og:title\" content=\"Kieslect Smart Calling Watch Ks - Kieslect\" \/>\n\t\t<meta property=\"og:description\" content=\"Clear &amp; Stable Bluetooth Callings 1.78\u201dColorful AMOLED Display Always-on-Display Abnormal Heart Rate Warning Handy Navigation Crown Buy One Free One Strap Powerful AI Voice Assistant Hassle-free Music Player Comprehensive Health Tracking 100 Sports Modes. Built-in Games Have Fun IP68 Waterproof\" \/>\n\t\t<meta property=\"og:url\" content=\"https:\/\/www.kieslect.com\/pt\/produto\/kieslect-smart-calling-watch-ks\/\" \/>\n\t\t<meta property=\"og:image\" content=\"https:\/\/www.kieslect.com\/wp-content\/uploads\/replace\/83a7c94e588d71936bb1ab2a1c752869.jpeg\" \/>\n\t\t<meta property=\"og:image:secure_url\" content=\"https:\/\/www.kieslect.com\/wp-content\/uploads\/replace\/83a7c94e588d71936bb1ab2a1c752869.jpeg\" \/>\n\t\t<meta property=\"og:image:width\" content=\"300\" \/>\n\t\t<meta property=\"og:image:height\" content=\"169\" \/>\n\t\t<meta property=\"article:published_time\" content=\"2024-01-16T11:47:49+00:00\" \/>\n\t\t<meta property=\"article:modified_time\" content=\"2026-05-10T00:48:56+00:00\" \/>\n\t\t<meta property=\"article:publisher\" content=\"https:\/\/www.facebook.com\/KieslectOfficial\/\" \/>\n\t\t<meta name=\"twitter:card\" content=\"summary_large_image\" \/>\n\t\t<meta name=\"twitter:site\" content=\"@kieslect\" \/>\n\t\t<meta name=\"twitter:title\" content=\"Kieslect Smart Calling Watch Ks - Kieslect\" \/>\n\t\t<meta name=\"twitter:description\" content=\"Clear &amp; Stable Bluetooth Callings 1.78\u201dColorful AMOLED Display Always-on-Display Abnormal Heart Rate Warning Handy Navigation Crown Buy One Free One Strap Powerful AI Voice Assistant Hassle-free Music Player Comprehensive Health Tracking 100 Sports Modes. Built-in Games Have Fun IP68 Waterproof\" \/>\n\t\t<meta name=\"twitter:creator\" content=\"@kieslect\" \/>\n\t\t<meta name=\"twitter:image\" content=\"https:\/\/www.kieslect.com\/wp-content\/uploads\/replace\/83a7c94e588d71936bb1ab2a1c752869.jpeg\" \/>\n\t\t<script type=\"application\/ld+json\" class=\"aioseo-schema\">\n\t\t\t{\"@context\":\"https:\\\/\\\/schema.org\",\"@graph\":[{\"@type\":\"BreadcrumbList\",\"@id\":\"https:\\\/\\\/www.kieslect.com\\\/pt\\\/produto\\\/kieslect-smart-calling-watch-ks\\\/#breadcrumblist\",\"itemListElement\":[{\"@type\":\"ListItem\",\"@id\":\"https:\\\/\\\/www.kieslect.com\\\/pt\\\/#listItem\",\"position\":1,\"name\":\"Home\",\"item\":\"https:\\\/\\\/www.kieslect.com\\\/pt\\\/\",\"nextItem\":\"https:\\\/\\\/www.kieslect.com\\\/pt\\\/produto\\\/kieslect-smart-calling-watch-ks\\\/#listItem\"},{\"@type\":\"ListItem\",\"@id\":\"https:\\\/\\\/www.kieslect.com\\\/pt\\\/produto\\\/kieslect-smart-calling-watch-ks\\\/#listItem\",\"position\":2,\"name\":\"Kieslect Smart Calling Watch Ks\",\"previousItem\":\"https:\\\/\\\/www.kieslect.com\\\/pt\\\/#listItem\"}]},{\"@type\":\"Organization\",\"@id\":\"https:\\\/\\\/www.kieslect.com\\\/pt\\\/#organization\",\"name\":\"Kieslect Smartwatch\",\"description\":\"A Trusted Global Provider of Smart Wearable Solution\",\"url\":\"https:\\\/\\\/www.kieslect.com\\\/pt\\\/\",\"logo\":{\"@type\":\"ImageObject\",\"url\":\"https:\\\/\\\/www.kieslect.com\\\/wp-content\\\/uploads\\\/2024\\\/01\\\/Kieslect-Logo-2_1_335x75_crop_center-1.webp\",\"@id\":\"https:\\\/\\\/www.kieslect.com\\\/pt\\\/produto\\\/kieslect-smart-calling-watch-ks\\\/#organizationLogo\",\"width\":335,\"height\":75},\"image\":{\"@id\":\"https:\\\/\\\/www.kieslect.com\\\/pt\\\/produto\\\/kieslect-smart-calling-watch-ks\\\/#organizationLogo\"},\"sameAs\":[\"https:\\\/\\\/www.facebook.com\\\/KieslectOfficial\\\/\",\"https:\\\/\\\/twitter.com\\\/kieslect\",\"https:\\\/\\\/www.instagram.com\\\/kieslect\\\/\"]},{\"@type\":\"Product\",\"@id\":\"https:\\\/\\\/www.kieslect.com\\\/pt\\\/produto\\\/kieslect-smart-calling-watch-ks\\\/#wooCommerceProduct\",\"name\":\"Kieslect Smart Calling Watch Ks\",\"description\":\"Clear &amp; Stable Bluetooth Callings\\r\\n \\t1.78\\u201dColorful AMOLED Display\\r\\n \\tAlways-on-Display\\r\\n \\tAbnormal Heart Rate Warning\\r\\n \\tHandy Navigation Crown\\r\\n \\tBuy One Free One Strap\\r\\n \\tPowerful AI Voice Assistant\\r\\n \\tHassle-free Music Player\\r\\n \\tComprehensive Health Tracking\\r\\n \\t100 Sports Modes.\\r\\n \\tBuilt-in Games Have Fun\\r\\n \\tIP68 Waterproof\",\"url\":\"https:\\\/\\\/www.kieslect.com\\\/pt\\\/produto\\\/kieslect-smart-calling-watch-ks\\\/\",\"image\":{\"@type\":\"ImageObject\",\"url\":\"https:\\\/\\\/www.kieslect.com\\\/wp-content\\\/uploads\\\/2024\\\/01\\\/ks_41218408-bc90-44bc-80c7-e1f15b5f288d_610x_crop_center.webp\",\"@id\":\"https:\\\/\\\/www.kieslect.com\\\/pt\\\/produto\\\/kieslect-smart-calling-watch-ks\\\/#productImage\",\"width\":610,\"height\":610},\"offers\":{\"@type\":\"Offer\",\"url\":\"https:\\\/\\\/www.kieslect.com\\\/pt\\\/produto\\\/kieslect-smart-calling-watch-ks\\\/#wooCommerceOffer\",\"price\":0,\"priceCurrency\":\"USD\",\"category\":\"Smartwatch\",\"availability\":\"https:\\\/\\\/schema.org\\\/InStock\",\"seller\":{\"@type\":\"Organization\",\"@id\":\"https:\\\/\\\/www.kieslect.com\\\/pt\\\/#organization\"}}},{\"@type\":\"WebPage\",\"@id\":\"https:\\\/\\\/www.kieslect.com\\\/pt\\\/produto\\\/kieslect-smart-calling-watch-ks\\\/#webpage\",\"url\":\"https:\\\/\\\/www.kieslect.com\\\/pt\\\/produto\\\/kieslect-smart-calling-watch-ks\\\/\",\"name\":\"Kieslect Smart Calling Watch Ks - Kieslect\",\"description\":\"Clear & Stable Bluetooth Callings 1.78\\u201dColorful AMOLED Display Always-on-Display Abnormal Heart Rate Warning Handy Navigation Crown Buy One Free One Strap Powerful AI Voice Assistant Hassle-free Music Player Comprehensive Health Tracking 100 Sports Modes. Built-in Games Have Fun IP68 Waterproof\",\"inLanguage\":\"pt-PT\",\"isPartOf\":{\"@id\":\"https:\\\/\\\/www.kieslect.com\\\/pt\\\/#website\"},\"breadcrumb\":{\"@id\":\"https:\\\/\\\/www.kieslect.com\\\/pt\\\/produto\\\/kieslect-smart-calling-watch-ks\\\/#breadcrumblist\"},\"image\":{\"@type\":\"ImageObject\",\"url\":\"https:\\\/\\\/www.kieslect.com\\\/wp-content\\\/uploads\\\/2024\\\/01\\\/ks_41218408-bc90-44bc-80c7-e1f15b5f288d_610x_crop_center.webp\",\"@id\":\"https:\\\/\\\/www.kieslect.com\\\/pt\\\/produto\\\/kieslect-smart-calling-watch-ks\\\/#mainImage\",\"width\":610,\"height\":610},\"primaryImageOfPage\":{\"@id\":\"https:\\\/\\\/www.kieslect.com\\\/pt\\\/produto\\\/kieslect-smart-calling-watch-ks\\\/#mainImage\"},\"datePublished\":\"2024-01-16T11:47:49+08:00\",\"dateModified\":\"2026-05-10T08:48:56+08:00\"},{\"@type\":\"WebSite\",\"@id\":\"https:\\\/\\\/www.kieslect.com\\\/pt\\\/#website\",\"url\":\"https:\\\/\\\/www.kieslect.com\\\/pt\\\/\",\"name\":\"Kieslect\",\"description\":\"A Trusted Global Provider of Smart Wearable Solution\",\"inLanguage\":\"pt-PT\",\"publisher\":{\"@id\":\"https:\\\/\\\/www.kieslect.com\\\/pt\\\/#organization\"}}]}\n\t\t<\/script>\n\t\t<!-- All in One SEO Pro -->\r\n\t\t<title>Kieslect Smart Calling Watch Ks - Kieslect<\/title>\n\n","aioseo_head_json":{"title":"Kieslect Smart Calling Watch Ks - Kieslect","description":"Clear & Stable Bluetooth Callings 1.78\u201dColorful AMOLED Display Always-on-Display Abnormal Heart Rate Warning Handy Navigation Crown Buy One Free One Strap Powerful AI Voice Assistant Hassle-free Music Player Comprehensive Health Tracking 100 Sports Modes. Built-in Games Have Fun IP68 Waterproof","canonical_url":"https:\/\/www.kieslect.com\/pt\/produto\/kieslect-smart-calling-watch-ks\/","robots":"max-image-preview:large","keywords":"","webmasterTools":{"miscellaneous":""},"og:locale":"pt_PT","og:site_name":"Kieslect - A Trusted Global Provider of Smart Wearable Solution","og:type":"article","og:title":"Kieslect Smart Calling Watch Ks - Kieslect","og:description":"Clear &amp; Stable Bluetooth Callings 1.78\u201dColorful AMOLED Display Always-on-Display Abnormal Heart Rate Warning Handy Navigation Crown Buy One Free One Strap Powerful AI Voice Assistant Hassle-free Music Player Comprehensive Health Tracking 100 Sports Modes. Built-in Games Have Fun IP68 Waterproof","og:url":"https:\/\/www.kieslect.com\/pt\/produto\/kieslect-smart-calling-watch-ks\/","og:image":"https:\/\/www.kieslect.com\/wp-content\/uploads\/replace\/83a7c94e588d71936bb1ab2a1c752869.jpeg","og:image:secure_url":"https:\/\/www.kieslect.com\/wp-content\/uploads\/replace\/83a7c94e588d71936bb1ab2a1c752869.jpeg","og:image:width":300,"og:image:height":169,"article:published_time":"2024-01-16T11:47:49+00:00","article:modified_time":"2026-05-10T00:48:56+00:00","article:publisher":"https:\/\/www.facebook.com\/KieslectOfficial\/","twitter:card":"summary_large_image","twitter:site":"@kieslect","twitter:title":"Kieslect Smart Calling Watch Ks - Kieslect","twitter:description":"Clear &amp; Stable Bluetooth Callings 1.78\u201dColorful AMOLED Display Always-on-Display Abnormal Heart Rate Warning Handy Navigation Crown Buy One Free One Strap Powerful AI Voice Assistant Hassle-free Music Player Comprehensive Health Tracking 100 Sports Modes. Built-in Games Have Fun IP68 Waterproof","twitter:creator":"@kieslect","twitter:image":"https:\/\/www.kieslect.com\/wp-content\/uploads\/replace\/83a7c94e588d71936bb1ab2a1c752869.jpeg","schema":{"@context":"https:\/\/schema.org","@graph":[{"@type":"BreadcrumbList","@id":"https:\/\/www.kieslect.com\/pt\/produto\/kieslect-smart-calling-watch-ks\/#breadcrumblist","itemListElement":[{"@type":"ListItem","@id":"https:\/\/www.kieslect.com\/pt\/#listItem","position":1,"name":"Home","item":"https:\/\/www.kieslect.com\/pt\/","nextItem":"https:\/\/www.kieslect.com\/pt\/produto\/kieslect-smart-calling-watch-ks\/#listItem"},{"@type":"ListItem","@id":"https:\/\/www.kieslect.com\/pt\/produto\/kieslect-smart-calling-watch-ks\/#listItem","position":2,"name":"Kieslect Smart Calling Watch Ks","previousItem":"https:\/\/www.kieslect.com\/pt\/#listItem"}]},{"@type":"Organization","@id":"https:\/\/www.kieslect.com\/pt\/#organization","name":"Kieslect Smartwatch","description":"A Trusted Global Provider of Smart Wearable Solution","url":"https:\/\/www.kieslect.com\/pt\/","logo":{"@type":"ImageObject","url":"https:\/\/www.kieslect.com\/wp-content\/uploads\/2024\/01\/Kieslect-Logo-2_1_335x75_crop_center-1.webp","@id":"https:\/\/www.kieslect.com\/pt\/produto\/kieslect-smart-calling-watch-ks\/#organizationLogo","width":335,"height":75},"image":{"@id":"https:\/\/www.kieslect.com\/pt\/produto\/kieslect-smart-calling-watch-ks\/#organizationLogo"},"sameAs":["https:\/\/www.facebook.com\/KieslectOfficial\/","https:\/\/twitter.com\/kieslect","https:\/\/www.instagram.com\/kieslect\/"]},{"@type":"Product","@id":"https:\/\/www.kieslect.com\/pt\/produto\/kieslect-smart-calling-watch-ks\/#wooCommerceProduct","name":"Kieslect Smart Calling Watch Ks","description":"Clear &amp; Stable Bluetooth Callings\r\n \t1.78\u201dColorful AMOLED Display\r\n \tAlways-on-Display\r\n \tAbnormal Heart Rate Warning\r\n \tHandy Navigation Crown\r\n \tBuy One Free One Strap\r\n \tPowerful AI Voice Assistant\r\n \tHassle-free Music Player\r\n \tComprehensive Health Tracking\r\n \t100 Sports Modes.\r\n \tBuilt-in Games Have Fun\r\n \tIP68 Waterproof","url":"https:\/\/www.kieslect.com\/pt\/produto\/kieslect-smart-calling-watch-ks\/","image":{"@type":"ImageObject","url":"https:\/\/www.kieslect.com\/wp-content\/uploads\/2024\/01\/ks_41218408-bc90-44bc-80c7-e1f15b5f288d_610x_crop_center.webp","@id":"https:\/\/www.kieslect.com\/pt\/produto\/kieslect-smart-calling-watch-ks\/#productImage","width":610,"height":610},"offers":{"@type":"Offer","url":"https:\/\/www.kieslect.com\/pt\/produto\/kieslect-smart-calling-watch-ks\/#wooCommerceOffer","price":0,"priceCurrency":"USD","category":"Smartwatch","availability":"https:\/\/schema.org\/InStock","seller":{"@type":"Organization","@id":"https:\/\/www.kieslect.com\/pt\/#organization"}}},{"@type":"WebPage","@id":"https:\/\/www.kieslect.com\/pt\/produto\/kieslect-smart-calling-watch-ks\/#webpage","url":"https:\/\/www.kieslect.com\/pt\/produto\/kieslect-smart-calling-watch-ks\/","name":"Kieslect Smart Calling Watch Ks - Kieslect","description":"Clear & Stable Bluetooth Callings 1.78\u201dColorful AMOLED Display Always-on-Display Abnormal Heart Rate Warning Handy Navigation Crown Buy One Free One Strap Powerful AI Voice Assistant Hassle-free Music Player Comprehensive Health Tracking 100 Sports Modes. Built-in Games Have Fun IP68 Waterproof","inLanguage":"pt-PT","isPartOf":{"@id":"https:\/\/www.kieslect.com\/pt\/#website"},"breadcrumb":{"@id":"https:\/\/www.kieslect.com\/pt\/produto\/kieslect-smart-calling-watch-ks\/#breadcrumblist"},"image":{"@type":"ImageObject","url":"https:\/\/www.kieslect.com\/wp-content\/uploads\/2024\/01\/ks_41218408-bc90-44bc-80c7-e1f15b5f288d_610x_crop_center.webp","@id":"https:\/\/www.kieslect.com\/pt\/produto\/kieslect-smart-calling-watch-ks\/#mainImage","width":610,"height":610},"primaryImageOfPage":{"@id":"https:\/\/www.kieslect.com\/pt\/produto\/kieslect-smart-calling-watch-ks\/#mainImage"},"datePublished":"2024-01-16T11:47:49+08:00","dateModified":"2026-05-10T08:48:56+08:00"},{"@type":"WebSite","@id":"https:\/\/www.kieslect.com\/pt\/#website","url":"https:\/\/www.kieslect.com\/pt\/","name":"Kieslect","description":"A Trusted Global Provider of Smart Wearable Solution","inLanguage":"pt-PT","publisher":{"@id":"https:\/\/www.kieslect.com\/pt\/#organization"}}]}},"aioseo_meta_data":{"post_id":"23751","title":null,"description":null,"keywords":null,"keyphrases":"{\"focus\":{\"keyphrase\":\"\",\"score\":0,\"analysis\":{\"keyphraseInTitle\":{\"score\":0,\"maxScore\":9,\"error\":1}}},\"additional\":[]}","primary_term":null,"canonical_url":null,"og_title":null,"og_description":null,"og_object_type":"default","og_image_type":"default","og_image_url":null,"og_image_width":null,"og_image_height":null,"og_image_custom_url":null,"og_image_custom_fields":null,"og_video":"","og_custom_url":null,"og_article_section":null,"og_article_tags":null,"twitter_use_og":false,"twitter_card":"default","twitter_image_type":"default","twitter_image_url":null,"twitter_image_custom_url":null,"twitter_image_custom_fields":null,"twitter_title":null,"twitter_description":null,"schema":{"blockGraphs":[],"customGraphs":[],"default":{"data":{"Article":[],"Course":[],"Dataset":[],"FAQPage":[],"Movie":[],"Person":[],"Product":[],"Recipe":[],"Service":[],"SoftwareApplication":[],"WebPage":[]},"graphName":"Product","isEnabled":true},"graphs":[]},"schema_type":"default","schema_type_options":null,"pillar_content":false,"robots_default":true,"robots_noindex":false,"robots_noarchive":false,"robots_nosnippet":false,"robots_nofollow":false,"robots_noimageindex":false,"robots_noodp":false,"robots_notranslate":false,"robots_max_snippet":"-1","robots_max_videopreview":"-1","robots_max_imagepreview":"large","priority":null,"frequency":"default","local_seo":null,"limit_modified_date":false,"created":"2024-02-26 12:21:33","updated":"2026-05-10 00:55:04"},"aioseo_breadcrumb":"<div class=\"aioseo-breadcrumbs\"><span class=\"aioseo-breadcrumb\">\n\t<a href=\"https:\/\/www.kieslect.com\/pt\" title=\"Home\">Home<\/a>\n<\/span><span class=\"aioseo-breadcrumb-separator\">&raquo;<\/span><span class=\"aioseo-breadcrumb\">\n\t<a href=\"https:\/\/www.kieslect.com\/pt\/shop\/\" title=\"Shop\">Shop<\/a>\n<\/span><span class=\"aioseo-breadcrumb-separator\">&raquo;<\/span><span class=\"aioseo-breadcrumb\">\n\t<a href=\"https:\/\/www.kieslect.com\/pt\/categoria-produto\/smartwatch\/\" title=\"Smartwatch\">Smartwatch<\/a>\n<\/span><span class=\"aioseo-breadcrumb-separator\">&raquo;<\/span><span class=\"aioseo-breadcrumb\">\n\t<a href=\"https:\/\/www.kieslect.com\/pt\/categoria-produto\/smartwatch\/essential-series\/\" title=\"Essential Series\">Essential Series<\/a>\n<\/span><span class=\"aioseo-breadcrumb-separator\">&raquo;<\/span><span class=\"aioseo-breadcrumb\">\n\tKieslect Smart Calling Watch Ks\n<\/span><\/div>","aioseo_breadcrumb_json":[{"label":"Home","link":"https:\/\/www.kieslect.com\/pt"},{"label":"Shop","link":"https:\/\/www.kieslect.com\/pt\/shop\/"},{"label":"Smartwatch","link":"https:\/\/www.kieslect.com\/pt\/categoria-produto\/smartwatch\/"},{"label":"Essential Series","link":"https:\/\/www.kieslect.com\/pt\/categoria-produto\/smartwatch\/essential-series\/"},{"label":"Kieslect Smart Calling Watch Ks","link":"https:\/\/www.kieslect.com\/pt\/produto\/kieslect-smart-calling-watch-ks\/"}],"_links":{"self":[{"href":"https:\/\/www.kieslect.com\/pt\/wp-json\/wp\/v2\/product\/23751","targetHints":{"allow":["GET"]}}],"collection":[{"href":"https:\/\/www.kieslect.com\/pt\/wp-json\/wp\/v2\/product"}],"about":[{"href":"https:\/\/www.kieslect.com\/pt\/wp-json\/wp\/v2\/types\/product"}],"replies":[{"embeddable":true,"href":"https:\/\/www.kieslect.com\/pt\/wp-json\/wp\/v2\/comments?post=23751"}],"version-history":[{"count":0,"href":"https:\/\/www.kieslect.com\/pt\/wp-json\/wp\/v2\/product\/23751\/revisions"}],"wp:featuredmedia":[{"embeddable":true,"href":"https:\/\/www.kieslect.com\/pt\/wp-json\/wp\/v2\/media\/23803"}],"wp:attachment":[{"href":"https:\/\/www.kieslect.com\/pt\/wp-json\/wp\/v2\/media?parent=23751"}],"wp:term":[{"taxonomy":"product_brand","embeddable":true,"href":"https:\/\/www.kieslect.com\/pt\/wp-json\/wp\/v2\/product_brand?post=23751"},{"taxonomy":"product_cat","embeddable":true,"href":"https:\/\/www.kieslect.com\/pt\/wp-json\/wp\/v2\/product_cat?post=23751"},{"taxonomy":"product_tag","embeddable":true,"href":"https:\/\/www.kieslect.com\/pt\/wp-json\/wp\/v2\/product_tag?post=23751"}],"curies":[{"name":"wp","href":"https:\/\/api.w.org\/{rel}","templated":true}]}}