{"id":23750,"date":"2024-01-16T11:47:49","date_gmt":"2024-01-16T11:47:49","guid":{"rendered":"http:\/\/www.kieslect.com\/?post_type=product&#038;p=23750"},"modified":"2026-05-07T08:39:25","modified_gmt":"2026-05-07T00:39:25","slug":"kieslect-calling-smartwatch-ks-mini","status":"publish","type":"product","link":"https:\/\/www.kieslect.com\/pt\/produto\/kieslect-calling-smartwatch-ks-mini\/","title":{"rendered":"Kieslect Chamando Smartwatch Ks Mini"},"content":{"rendered":"<p><img decoding=\"async\" src=\"\/wp-content\/uploads\/replace\/92858e751bf3c5f5ce5345dee59c3b3e.jpeg\" alt=\"Kieslect smartwatch Ks mini\" \/><img decoding=\"async\" src=\"\/wp-content\/uploads\/replace\/0f5c0bb84502a416fc8bfa0a5074f49f.jpeg\" alt=\"Kieslect smartwatch Ks mini\" \/><img decoding=\"async\" src=\"\/wp-content\/uploads\/replace\/dc0ef5a0f9a1e4c5d450fd0678df1f2c.jpeg\" alt=\"Kieslect smartwatch Ks mini\" \/><img decoding=\"async\" src=\"\/wp-content\/uploads\/replace\/32cdfe167dff194d1fa650ea63bf238f.jpeg\" alt=\"Kieslect smartwatch Ks mini\" \/><img decoding=\"async\" src=\"\/wp-content\/uploads\/replace\/c8e2d1fda13ed0783ea0a5819c8221fa.jpeg\" alt=\"Kieslect smartwatch Ks mini\" \/><img decoding=\"async\" src=\"\/wp-content\/uploads\/replace\/1863ee869d1dbe29805ca429707eb4da.jpeg\" alt=\"Kieslect smartwatch Ks mini\" \/><img decoding=\"async\" src=\"\/wp-content\/uploads\/replace\/ba83014016cd0114f666a8c46e27b9d3.jpeg\" alt=\"Kieslect smartwatch Ks mini\" \/><img decoding=\"async\" src=\"\/wp-content\/uploads\/replace\/d96d63591ed8b7d79ff1562777116400.jpeg\" alt=\"Kieslect Calling Smartwatch Ks Mini\" \/><\/p>\n<p><strong>Recursos do Kieslect Smart Calling Watch Ks Mini:<\/strong><\/p>\n<p><strong>\u25cf Chamadas Bluetooth n\u00edtidas e est\u00e1veis<\/strong><br \/>\nCom um chip de chamada 2 em 1 ainda poderoso e uma conex\u00e3o Bluetooth 5.2 est\u00e1vel, o Ks mini oferece chamadas est\u00e1veis, claras e de alta qualidade a qualquer hora e em qualquer lugar. Al\u00e9m disso, o cat\u00e1logo de endere\u00e7os pode armazenar at\u00e9 100 pessoas e uma forte reserva de comunica\u00e7\u00e3o.<\/p>\n<p><strong>\u25cf Aviso de frequ\u00eancia card\u00edaca anormal<\/strong><br \/>\nA frequ\u00eancia card\u00edaca \u00e9 um dos dados b\u00e1sicos da gest\u00e3o di\u00e1ria da sa\u00fade. E alertar sobre uma frequ\u00eancia card\u00edaca anormal \u00e9 uma prioridade m\u00e1xima. Atrav\u00e9s da detec\u00e7\u00e3o de dados cient\u00edficos, fornecemos um forte mecanismo de lembrete para condi\u00e7\u00f5es repentinas de frequ\u00eancia card\u00edaca, garantindo que voc\u00ea conhe\u00e7a a condi\u00e7\u00e3o repentina do corpo pela primeira vez.<\/p>\n<p><strong>\u25cf Tela Amoled Colorida HD de 1,78\u2033<\/strong><br \/>\nA textura HD da tela proporciona um prazer visual n\u00edtido, e a tela supergrande de 1,78\u201d oferece um espa\u00e7o de exibi\u00e7\u00e3o confort\u00e1vel e espa\u00e7oso para exibi\u00e7\u00e3o de desempenho em v\u00e1rias dimens\u00f5es. O que est\u00e1 condensado na telinha \u00e9 a busca pela perfei\u00e7\u00e3o visual.<\/p>\n<p><strong>\u25cf F\u00e1cil gerenciamento de sa\u00fade 24 horas por dia<\/strong><br \/>\nKs mini \u00e9 um smartwatch focado na sa\u00fade que gerencia dados importantes de sa\u00fade com um clique. Possui uma variedade de sensores avan\u00e7ados para fornecer monitoramento inteligente 24 horas por dia dos n\u00edveis de oxig\u00eanio no sangue e frequ\u00eancia card\u00edaca, al\u00e9m de monitorar seus padr\u00f5es de sono, fornecendo um registro abrangente de dados de sa\u00fade todos os dias.<\/p>\n<p><strong>\u25cf Ul Din\u00e2mico<\/strong><br \/>\nEspa\u00e7o limitado na tela para fornecer aos usu\u00e1rios uma experi\u00eancia visual din\u00e2mica ilimitada, com o design de estilo mais conciso para fornecer aos usu\u00e1rios uma navega\u00e7\u00e3o visual clara. As etapas do processo de opera\u00e7\u00e3o s\u00e3o dominadas pelo usu\u00e1rio em um instante sob um toque suave. O design humanizado do designer proporciona aos usu\u00e1rios um excelente senso de experi\u00eancia cient\u00edfica e tecnol\u00f3gica.<\/p>","protected":false},"excerpt":{"rendered":"<ul>\n<li>Clear &amp; Stable Bluetooth Calls<\/li>\n<li>Abnormal Heart Rate Warning<\/li>\n<li>1.78&#8243; HD Colorful Amoled Display<\/li>\n<li>Easy 24H Health Management<\/li>\n<li>Dynamic Ul<\/li>\n<li>For both Android and IOS<\/li>\n<\/ul>","protected":false},"featured_media":23798,"comment_status":"open","ping_status":"closed","template":"","meta":[],"product_brand":[],"product_cat":[15,463,462,417,461],"product_tag":[],"class_list":{"0":"post-23750","1":"product","2":"type-product","3":"status-publish","4":"has-post-thumbnail","6":"product_cat-smartwatch","7":"product_cat-calling-smartwatch","8":"product_cat-calling-watch","9":"product_cat-essential-series","10":"product_cat-smart-watches-for-men","12":"first","13":"instock","14":"shipping-taxable","15":"product-type-external"},"aioseo_notices":[],"aioseo_head":"\n\t\t<!-- All in One SEO Pro 4.6.5 - aioseo.com -->\n\t\t<meta name=\"description\" content=\"Clear &amp; Stable Bluetooth Calls Abnormal Heart Rate Warning 1.78&quot; HD Colorful Amoled Display Easy 24H Health Management Dynamic Ul For both Android and IOS\" \/>\n\t\t<meta name=\"robots\" content=\"max-image-preview:large\" \/>\n\t\t<link rel=\"canonical\" href=\"https:\/\/www.kieslect.com\/pt\/produto\/kieslect-calling-smartwatch-ks-mini\/\" \/>\n\t\t<meta name=\"generator\" content=\"All in One SEO Pro (AIOSEO) 4.6.5\" \/>\n\t\t<meta property=\"og:locale\" content=\"pt_PT\" \/>\n\t\t<meta property=\"og:site_name\" content=\"Kieslect - A Trusted Global Provider of Smart Wearable Solution\" \/>\n\t\t<meta property=\"og:type\" content=\"article\" \/>\n\t\t<meta property=\"og:title\" content=\"Kieslect Calling Smartwatch Ks Mini - Kieslect\" \/>\n\t\t<meta property=\"og:description\" content=\"Clear &amp; Stable Bluetooth Calls Abnormal Heart Rate Warning 1.78&quot; HD Colorful Amoled Display Easy 24H Health Management Dynamic Ul For both Android and IOS\" \/>\n\t\t<meta property=\"og:url\" content=\"https:\/\/www.kieslect.com\/pt\/produto\/kieslect-calling-smartwatch-ks-mini\/\" \/>\n\t\t<meta property=\"og:image\" content=\"https:\/\/www.kieslect.com\/wp-content\/uploads\/replace\/83a7c94e588d71936bb1ab2a1c752869.jpeg\" \/>\n\t\t<meta property=\"og:image:secure_url\" content=\"https:\/\/www.kieslect.com\/wp-content\/uploads\/replace\/83a7c94e588d71936bb1ab2a1c752869.jpeg\" \/>\n\t\t<meta property=\"og:image:width\" content=\"300\" \/>\n\t\t<meta property=\"og:image:height\" content=\"169\" \/>\n\t\t<meta property=\"article:published_time\" content=\"2024-01-16T11:47:49+00:00\" \/>\n\t\t<meta property=\"article:modified_time\" content=\"2026-05-07T00:39:25+00:00\" \/>\n\t\t<meta property=\"article:publisher\" content=\"https:\/\/www.facebook.com\/KieslectOfficial\/\" \/>\n\t\t<meta name=\"twitter:card\" content=\"summary_large_image\" \/>\n\t\t<meta name=\"twitter:site\" content=\"@kieslect\" \/>\n\t\t<meta name=\"twitter:title\" content=\"Kieslect Calling Smartwatch Ks Mini - Kieslect\" \/>\n\t\t<meta name=\"twitter:description\" content=\"Clear &amp; Stable Bluetooth Calls Abnormal Heart Rate Warning 1.78&quot; HD Colorful Amoled Display Easy 24H Health Management Dynamic Ul For both Android and IOS\" \/>\n\t\t<meta name=\"twitter:creator\" content=\"@kieslect\" \/>\n\t\t<meta name=\"twitter:image\" content=\"https:\/\/www.kieslect.com\/wp-content\/uploads\/replace\/83a7c94e588d71936bb1ab2a1c752869.jpeg\" \/>\n\t\t<script type=\"application\/ld+json\" class=\"aioseo-schema\">\n\t\t\t{\"@context\":\"https:\\\/\\\/schema.org\",\"@graph\":[{\"@type\":\"BreadcrumbList\",\"@id\":\"https:\\\/\\\/www.kieslect.com\\\/pt\\\/produto\\\/kieslect-calling-smartwatch-ks-mini\\\/#breadcrumblist\",\"itemListElement\":[{\"@type\":\"ListItem\",\"@id\":\"https:\\\/\\\/www.kieslect.com\\\/pt\\\/#listItem\",\"position\":1,\"name\":\"Home\",\"item\":\"https:\\\/\\\/www.kieslect.com\\\/pt\\\/\",\"nextItem\":\"https:\\\/\\\/www.kieslect.com\\\/pt\\\/produto\\\/kieslect-calling-smartwatch-ks-mini\\\/#listItem\"},{\"@type\":\"ListItem\",\"@id\":\"https:\\\/\\\/www.kieslect.com\\\/pt\\\/produto\\\/kieslect-calling-smartwatch-ks-mini\\\/#listItem\",\"position\":2,\"name\":\"Kieslect Calling Smartwatch Ks Mini\",\"previousItem\":\"https:\\\/\\\/www.kieslect.com\\\/pt\\\/#listItem\"}]},{\"@type\":\"Organization\",\"@id\":\"https:\\\/\\\/www.kieslect.com\\\/pt\\\/#organization\",\"name\":\"Kieslect Smartwatch\",\"description\":\"A Trusted Global Provider of Smart Wearable Solution\",\"url\":\"https:\\\/\\\/www.kieslect.com\\\/pt\\\/\",\"logo\":{\"@type\":\"ImageObject\",\"url\":\"https:\\\/\\\/www.kieslect.com\\\/wp-content\\\/uploads\\\/2024\\\/01\\\/Kieslect-Logo-2_1_335x75_crop_center-1.webp\",\"@id\":\"https:\\\/\\\/www.kieslect.com\\\/pt\\\/produto\\\/kieslect-calling-smartwatch-ks-mini\\\/#organizationLogo\",\"width\":335,\"height\":75},\"image\":{\"@id\":\"https:\\\/\\\/www.kieslect.com\\\/pt\\\/produto\\\/kieslect-calling-smartwatch-ks-mini\\\/#organizationLogo\"},\"sameAs\":[\"https:\\\/\\\/www.facebook.com\\\/KieslectOfficial\\\/\",\"https:\\\/\\\/twitter.com\\\/kieslect\",\"https:\\\/\\\/www.instagram.com\\\/kieslect\\\/\"]},{\"@type\":\"Product\",\"@id\":\"https:\\\/\\\/www.kieslect.com\\\/pt\\\/produto\\\/kieslect-calling-smartwatch-ks-mini\\\/#wooCommerceProduct\",\"name\":\"Kieslect Calling Smartwatch Ks Mini\",\"description\":\"Clear &amp; Stable Bluetooth Calls\\r\\n \\tAbnormal Heart Rate Warning\\r\\n \\t1.78\\\" HD Colorful Amoled Display\\r\\n \\tEasy 24H Health Management\\r\\n \\tDynamic Ul\\r\\n \\tFor both Android and IOS\",\"url\":\"https:\\\/\\\/www.kieslect.com\\\/pt\\\/produto\\\/kieslect-calling-smartwatch-ks-mini\\\/\",\"image\":{\"@type\":\"ImageObject\",\"url\":\"https:\\\/\\\/www.kieslect.com\\\/wp-content\\\/uploads\\\/2024\\\/01\\\/KSMINI_2.webp\",\"@id\":\"https:\\\/\\\/www.kieslect.com\\\/pt\\\/produto\\\/kieslect-calling-smartwatch-ks-mini\\\/#productImage\",\"width\":1000,\"height\":1000},\"offers\":{\"@type\":\"Offer\",\"url\":\"https:\\\/\\\/www.kieslect.com\\\/pt\\\/produto\\\/kieslect-calling-smartwatch-ks-mini\\\/#wooCommerceOffer\",\"price\":0,\"priceCurrency\":\"USD\",\"category\":\"Smartwatch\",\"availability\":\"https:\\\/\\\/schema.org\\\/InStock\",\"seller\":{\"@type\":\"Organization\",\"@id\":\"https:\\\/\\\/www.kieslect.com\\\/pt\\\/#organization\"}},\"aggregateRating\":{\"@type\":\"AggregateRating\",\"@id\":\"https:\\\/\\\/www.kieslect.com\\\/pt\\\/produto\\\/kieslect-calling-smartwatch-ks-mini\\\/#aggregrateRating\",\"worstRating\":1,\"bestRating\":5,\"ratingValue\":4,\"reviewCount\":2},\"review\":[{\"@type\":\"Review\",\"reviewRating\":{\"@type\":\"Rating\",\"ratingValue\":5,\"worstRating\":1,\"bestRating\":5},\"author\":{\"@type\":\"Person\",\"name\":\"Angel Gordillo\"},\"datePublished\":\"2024-12-16T13:40:03+08:00\",\"reviewBody\":\"Muy Satisfecho con este buen smartwatch\"},{\"@type\":\"Review\",\"reviewRating\":{\"@type\":\"Rating\",\"ratingValue\":3,\"worstRating\":1,\"bestRating\":5},\"author\":{\"@type\":\"Person\",\"name\":\"Simu\"},\"datePublished\":\"2024-04-30T11:41:10+08:00\",\"reviewBody\":\"This Smart Watch Bangla Supported?\"}]},{\"@type\":\"WebPage\",\"@id\":\"https:\\\/\\\/www.kieslect.com\\\/pt\\\/produto\\\/kieslect-calling-smartwatch-ks-mini\\\/#webpage\",\"url\":\"https:\\\/\\\/www.kieslect.com\\\/pt\\\/produto\\\/kieslect-calling-smartwatch-ks-mini\\\/\",\"name\":\"Kieslect Calling Smartwatch Ks Mini - Kieslect\",\"description\":\"Clear & Stable Bluetooth Calls Abnormal Heart Rate Warning 1.78\\\" HD Colorful Amoled Display Easy 24H Health Management Dynamic Ul For both Android and IOS\",\"inLanguage\":\"pt-PT\",\"isPartOf\":{\"@id\":\"https:\\\/\\\/www.kieslect.com\\\/pt\\\/#website\"},\"breadcrumb\":{\"@id\":\"https:\\\/\\\/www.kieslect.com\\\/pt\\\/produto\\\/kieslect-calling-smartwatch-ks-mini\\\/#breadcrumblist\"},\"image\":{\"@type\":\"ImageObject\",\"url\":\"https:\\\/\\\/www.kieslect.com\\\/wp-content\\\/uploads\\\/2024\\\/01\\\/KSMINI_2.webp\",\"@id\":\"https:\\\/\\\/www.kieslect.com\\\/pt\\\/produto\\\/kieslect-calling-smartwatch-ks-mini\\\/#mainImage\",\"width\":1000,\"height\":1000},\"primaryImageOfPage\":{\"@id\":\"https:\\\/\\\/www.kieslect.com\\\/pt\\\/produto\\\/kieslect-calling-smartwatch-ks-mini\\\/#mainImage\"},\"datePublished\":\"2024-01-16T11:47:49+08:00\",\"dateModified\":\"2026-05-07T08:39:25+08:00\"},{\"@type\":\"WebSite\",\"@id\":\"https:\\\/\\\/www.kieslect.com\\\/pt\\\/#website\",\"url\":\"https:\\\/\\\/www.kieslect.com\\\/pt\\\/\",\"name\":\"Kieslect\",\"description\":\"A Trusted Global Provider of Smart Wearable Solution\",\"inLanguage\":\"pt-PT\",\"publisher\":{\"@id\":\"https:\\\/\\\/www.kieslect.com\\\/pt\\\/#organization\"}}]}\n\t\t<\/script>\n\t\t<!-- All in One SEO Pro -->\r\n\t\t<title>Kieslect Calling Smartwatch Ks Mini - Kieslect<\/title>\n\n","aioseo_head_json":{"title":"Kieslect Calling Smartwatch Ks Mini - Kieslect","description":"Clear & Stable Bluetooth Calls Abnormal Heart Rate Warning 1.78\" HD Colorful Amoled Display Easy 24H Health Management Dynamic Ul For both Android and IOS","canonical_url":"https:\/\/www.kieslect.com\/pt\/produto\/kieslect-calling-smartwatch-ks-mini\/","robots":"max-image-preview:large","keywords":"","webmasterTools":{"miscellaneous":""},"og:locale":"pt_PT","og:site_name":"Kieslect - A Trusted Global Provider of Smart Wearable Solution","og:type":"article","og:title":"Kieslect Calling Smartwatch Ks Mini - Kieslect","og:description":"Clear &amp; Stable Bluetooth Calls Abnormal Heart Rate Warning 1.78&quot; HD Colorful Amoled Display Easy 24H Health Management Dynamic Ul For both Android and IOS","og:url":"https:\/\/www.kieslect.com\/pt\/produto\/kieslect-calling-smartwatch-ks-mini\/","og:image":"https:\/\/www.kieslect.com\/wp-content\/uploads\/replace\/83a7c94e588d71936bb1ab2a1c752869.jpeg","og:image:secure_url":"https:\/\/www.kieslect.com\/wp-content\/uploads\/replace\/83a7c94e588d71936bb1ab2a1c752869.jpeg","og:image:width":300,"og:image:height":169,"article:published_time":"2024-01-16T11:47:49+00:00","article:modified_time":"2026-05-07T00:39:25+00:00","article:publisher":"https:\/\/www.facebook.com\/KieslectOfficial\/","twitter:card":"summary_large_image","twitter:site":"@kieslect","twitter:title":"Kieslect Calling Smartwatch Ks Mini - Kieslect","twitter:description":"Clear &amp; Stable Bluetooth Calls Abnormal Heart Rate Warning 1.78&quot; HD Colorful Amoled Display Easy 24H Health Management Dynamic Ul For both Android and IOS","twitter:creator":"@kieslect","twitter:image":"https:\/\/www.kieslect.com\/wp-content\/uploads\/replace\/83a7c94e588d71936bb1ab2a1c752869.jpeg","schema":{"@context":"https:\/\/schema.org","@graph":[{"@type":"BreadcrumbList","@id":"https:\/\/www.kieslect.com\/pt\/produto\/kieslect-calling-smartwatch-ks-mini\/#breadcrumblist","itemListElement":[{"@type":"ListItem","@id":"https:\/\/www.kieslect.com\/pt\/#listItem","position":1,"name":"Home","item":"https:\/\/www.kieslect.com\/pt\/","nextItem":"https:\/\/www.kieslect.com\/pt\/produto\/kieslect-calling-smartwatch-ks-mini\/#listItem"},{"@type":"ListItem","@id":"https:\/\/www.kieslect.com\/pt\/produto\/kieslect-calling-smartwatch-ks-mini\/#listItem","position":2,"name":"Kieslect Calling Smartwatch Ks Mini","previousItem":"https:\/\/www.kieslect.com\/pt\/#listItem"}]},{"@type":"Organization","@id":"https:\/\/www.kieslect.com\/pt\/#organization","name":"Kieslect Smartwatch","description":"A Trusted Global Provider of Smart Wearable Solution","url":"https:\/\/www.kieslect.com\/pt\/","logo":{"@type":"ImageObject","url":"https:\/\/www.kieslect.com\/wp-content\/uploads\/2024\/01\/Kieslect-Logo-2_1_335x75_crop_center-1.webp","@id":"https:\/\/www.kieslect.com\/pt\/produto\/kieslect-calling-smartwatch-ks-mini\/#organizationLogo","width":335,"height":75},"image":{"@id":"https:\/\/www.kieslect.com\/pt\/produto\/kieslect-calling-smartwatch-ks-mini\/#organizationLogo"},"sameAs":["https:\/\/www.facebook.com\/KieslectOfficial\/","https:\/\/twitter.com\/kieslect","https:\/\/www.instagram.com\/kieslect\/"]},{"@type":"Product","@id":"https:\/\/www.kieslect.com\/pt\/produto\/kieslect-calling-smartwatch-ks-mini\/#wooCommerceProduct","name":"Kieslect Calling Smartwatch Ks Mini","description":"Clear &amp; Stable Bluetooth Calls\r\n \tAbnormal Heart Rate Warning\r\n \t1.78\" HD Colorful Amoled Display\r\n \tEasy 24H Health Management\r\n \tDynamic Ul\r\n \tFor both Android and IOS","url":"https:\/\/www.kieslect.com\/pt\/produto\/kieslect-calling-smartwatch-ks-mini\/","image":{"@type":"ImageObject","url":"https:\/\/www.kieslect.com\/wp-content\/uploads\/2024\/01\/KSMINI_2.webp","@id":"https:\/\/www.kieslect.com\/pt\/produto\/kieslect-calling-smartwatch-ks-mini\/#productImage","width":1000,"height":1000},"offers":{"@type":"Offer","url":"https:\/\/www.kieslect.com\/pt\/produto\/kieslect-calling-smartwatch-ks-mini\/#wooCommerceOffer","price":0,"priceCurrency":"USD","category":"Smartwatch","availability":"https:\/\/schema.org\/InStock","seller":{"@type":"Organization","@id":"https:\/\/www.kieslect.com\/pt\/#organization"}},"aggregateRating":{"@type":"AggregateRating","@id":"https:\/\/www.kieslect.com\/pt\/produto\/kieslect-calling-smartwatch-ks-mini\/#aggregrateRating","worstRating":1,"bestRating":5,"ratingValue":4,"reviewCount":2},"review":[{"@type":"Review","reviewRating":{"@type":"Rating","ratingValue":5,"worstRating":1,"bestRating":5},"author":{"@type":"Person","name":"Angel Gordillo"},"datePublished":"2024-12-16T13:40:03+08:00","reviewBody":"Muy Satisfecho con este buen smartwatch"},{"@type":"Review","reviewRating":{"@type":"Rating","ratingValue":3,"worstRating":1,"bestRating":5},"author":{"@type":"Person","name":"Simu"},"datePublished":"2024-04-30T11:41:10+08:00","reviewBody":"This Smart Watch Bangla Supported?"}]},{"@type":"WebPage","@id":"https:\/\/www.kieslect.com\/pt\/produto\/kieslect-calling-smartwatch-ks-mini\/#webpage","url":"https:\/\/www.kieslect.com\/pt\/produto\/kieslect-calling-smartwatch-ks-mini\/","name":"Kieslect Calling Smartwatch Ks Mini - Kieslect","description":"Clear & Stable Bluetooth Calls Abnormal Heart Rate Warning 1.78\" HD Colorful Amoled Display Easy 24H Health Management Dynamic Ul For both Android and IOS","inLanguage":"pt-PT","isPartOf":{"@id":"https:\/\/www.kieslect.com\/pt\/#website"},"breadcrumb":{"@id":"https:\/\/www.kieslect.com\/pt\/produto\/kieslect-calling-smartwatch-ks-mini\/#breadcrumblist"},"image":{"@type":"ImageObject","url":"https:\/\/www.kieslect.com\/wp-content\/uploads\/2024\/01\/KSMINI_2.webp","@id":"https:\/\/www.kieslect.com\/pt\/produto\/kieslect-calling-smartwatch-ks-mini\/#mainImage","width":1000,"height":1000},"primaryImageOfPage":{"@id":"https:\/\/www.kieslect.com\/pt\/produto\/kieslect-calling-smartwatch-ks-mini\/#mainImage"},"datePublished":"2024-01-16T11:47:49+08:00","dateModified":"2026-05-07T08:39:25+08:00"},{"@type":"WebSite","@id":"https:\/\/www.kieslect.com\/pt\/#website","url":"https:\/\/www.kieslect.com\/pt\/","name":"Kieslect","description":"A Trusted Global Provider of Smart Wearable Solution","inLanguage":"pt-PT","publisher":{"@id":"https:\/\/www.kieslect.com\/pt\/#organization"}}]}},"aioseo_meta_data":{"post_id":"23750","title":null,"description":null,"keywords":null,"keyphrases":"{\"focus\":{\"keyphrase\":\"\",\"score\":0,\"analysis\":{\"keyphraseInTitle\":{\"score\":0,\"maxScore\":9,\"error\":1}}},\"additional\":[]}","primary_term":null,"canonical_url":null,"og_title":null,"og_description":null,"og_object_type":"default","og_image_type":"default","og_image_url":null,"og_image_width":null,"og_image_height":null,"og_image_custom_url":null,"og_image_custom_fields":null,"og_video":"","og_custom_url":null,"og_article_section":null,"og_article_tags":null,"twitter_use_og":false,"twitter_card":"default","twitter_image_type":"default","twitter_image_url":null,"twitter_image_custom_url":null,"twitter_image_custom_fields":null,"twitter_title":null,"twitter_description":null,"schema":{"blockGraphs":[],"customGraphs":[],"default":{"data":{"Article":[],"Course":[],"Dataset":[],"FAQPage":[],"Movie":[],"Person":[],"Product":[],"Recipe":[],"Service":[],"SoftwareApplication":[],"WebPage":[]},"graphName":"Product","isEnabled":true},"graphs":[]},"schema_type":"default","schema_type_options":null,"pillar_content":false,"robots_default":true,"robots_noindex":false,"robots_noarchive":false,"robots_nosnippet":false,"robots_nofollow":false,"robots_noimageindex":false,"robots_noodp":false,"robots_notranslate":false,"robots_max_snippet":"-1","robots_max_videopreview":"-1","robots_max_imagepreview":"large","priority":null,"frequency":"default","local_seo":null,"limit_modified_date":false,"created":"2024-02-26 12:21:33","updated":"2026-05-07 00:50:47"},"aioseo_breadcrumb":"<div class=\"aioseo-breadcrumbs\"><span class=\"aioseo-breadcrumb\">\n\t<a href=\"https:\/\/www.kieslect.com\/pt\" title=\"Home\">Home<\/a>\n<\/span><span class=\"aioseo-breadcrumb-separator\">&raquo;<\/span><span class=\"aioseo-breadcrumb\">\n\t<a href=\"https:\/\/www.kieslect.com\/pt\/shop\/\" title=\"Shop\">Shop<\/a>\n<\/span><span class=\"aioseo-breadcrumb-separator\">&raquo;<\/span><span class=\"aioseo-breadcrumb\">\n\t<a href=\"https:\/\/www.kieslect.com\/pt\/categoria-produto\/smartwatch\/\" title=\"Smartwatch\">Smartwatch<\/a>\n<\/span><span class=\"aioseo-breadcrumb-separator\">&raquo;<\/span><span class=\"aioseo-breadcrumb\">\n\t<a href=\"https:\/\/www.kieslect.com\/pt\/categoria-produto\/smartwatch\/essential-series\/\" title=\"Essential Series\">Essential Series<\/a>\n<\/span><span class=\"aioseo-breadcrumb-separator\">&raquo;<\/span><span class=\"aioseo-breadcrumb\">\n\tKieslect Calling Smartwatch Ks Mini\n<\/span><\/div>","aioseo_breadcrumb_json":[{"label":"Home","link":"https:\/\/www.kieslect.com\/pt"},{"label":"Shop","link":"https:\/\/www.kieslect.com\/pt\/shop\/"},{"label":"Smartwatch","link":"https:\/\/www.kieslect.com\/pt\/categoria-produto\/smartwatch\/"},{"label":"Essential Series","link":"https:\/\/www.kieslect.com\/pt\/categoria-produto\/smartwatch\/essential-series\/"},{"label":"Kieslect Calling Smartwatch Ks Mini","link":"https:\/\/www.kieslect.com\/pt\/produto\/kieslect-calling-smartwatch-ks-mini\/"}],"_links":{"self":[{"href":"https:\/\/www.kieslect.com\/pt\/wp-json\/wp\/v2\/product\/23750","targetHints":{"allow":["GET"]}}],"collection":[{"href":"https:\/\/www.kieslect.com\/pt\/wp-json\/wp\/v2\/product"}],"about":[{"href":"https:\/\/www.kieslect.com\/pt\/wp-json\/wp\/v2\/types\/product"}],"replies":[{"embeddable":true,"href":"https:\/\/www.kieslect.com\/pt\/wp-json\/wp\/v2\/comments?post=23750"}],"version-history":[{"count":0,"href":"https:\/\/www.kieslect.com\/pt\/wp-json\/wp\/v2\/product\/23750\/revisions"}],"wp:featuredmedia":[{"embeddable":true,"href":"https:\/\/www.kieslect.com\/pt\/wp-json\/wp\/v2\/media\/23798"}],"wp:attachment":[{"href":"https:\/\/www.kieslect.com\/pt\/wp-json\/wp\/v2\/media?parent=23750"}],"wp:term":[{"taxonomy":"product_brand","embeddable":true,"href":"https:\/\/www.kieslect.com\/pt\/wp-json\/wp\/v2\/product_brand?post=23750"},{"taxonomy":"product_cat","embeddable":true,"href":"https:\/\/www.kieslect.com\/pt\/wp-json\/wp\/v2\/product_cat?post=23750"},{"taxonomy":"product_tag","embeddable":true,"href":"https:\/\/www.kieslect.com\/pt\/wp-json\/wp\/v2\/product_tag?post=23750"}],"curies":[{"name":"wp","href":"https:\/\/api.w.org\/{rel}","templated":true}]}}