{"id":26572,"date":"2024-01-16T17:56:37","date_gmt":"2024-01-16T17:56:37","guid":{"rendered":"http:\/\/www.kieslect.com\/?page_id=26572"},"modified":"2025-02-26T13:53:51","modified_gmt":"2025-02-26T05:53:51","slug":"warranty-and-return-policy","status":"publish","type":"page","link":"https:\/\/www.kieslect.com\/pt\/warranty-and-return-policy\/","title":{"rendered":"Garantia e Pol\u00edtica de Devolu\u00e7\u00e3o"},"content":{"rendered":"<p><strong>Garantia Kieslect e Pol\u00edtica de Devolu\u00e7\u00e3o<\/strong><\/p><p>Cobertura de garantia da loja Kieslect: Esta pol\u00edtica protege exclusivamente os produtos adquiridos na loja online oficial da Kieslect. Para garantir autenticidade e prote\u00e7\u00e3o de garantia para o seu produto Kieslect, recomendamos fortemente a compra em nossa plataforma online oficial.<\/p><p><strong>One-Year Limited Product Warranty:<\/strong>\u00a0<\/p><p>Esta garantia aplica-se exclusivamente aos Produtos vendidos aos clientes atrav\u00e9s da loja online oficial da Kieslect.<\/p><p>\u00a0Warrantor:This One-year limited consumer warranty (&#8220;Warranty&#8221;) is issued by Shanghai Kieslect Technology Company Limited.<\/p><p>\u00a0Garantia:Emitida pela Kieslect ao consumidor (\u201cConsumidor\u201d ou \u201cvoc\u00ea\u201d), esta Garantia se aplica a indiv\u00edduos ou entidades que compram um dispositivo novo e eleg\u00edvel diretamente da loja online oficial da Kieslect. Esta garantia \u00e9 intransfer\u00edvel e exclusiva do comprador original.<\/p><p><strong>Dispositivos Cobertos:<\/strong><\/p><p>Dispositivos de hardware Kieslect novos e f\u00edsicos (\u201cDispositivo\u201d) s\u00e3o cobertos por esta garantia se inclu\u00eddos na embalagem original ou referenciados como parte de vendas on-line ou processo de configura\u00e7\u00e3o do produto. O registro do produto n\u00e3o \u00e9 um pr\u00e9-requisito para a elegibilidade da garantia, embora a funcionalidade completa de determinados Produtos Kieslect possa exigir conex\u00e3o a uma conta Kieslect online.<\/p><p><strong>Funcionalidade garantida:<\/strong>\u00a0<\/p><p>Kieslect warrants that the Device will function substantially as per the technical specifications or accompanying documentation (&#8220;Warranted Functionality&#8221;) for one (1) years from the original purchase date (&#8220;Warranty Period&#8221;). Should the Device require Kieslect software or services to achieve the Warranted Functionality, Kieslect commits to providing such support during the Warranty Period, subject to updates or modifications at our discretion, provided that the Warranted Functionality is either maintained or enhanced.<\/p><p><strong>Exclus\u00f5es:<\/strong>\u00a0<\/p><p>Exclus\u00f5es: Esta garantia \u00e9 limitada e n\u00e3o se aplica a:<\/p><p>(i)\u00a0normal wear and tear;<\/p><p>(ii)\u00a0defects or damage caused by misuse(Including the use of the product in corrosive water), accident (including without limitation collision, fire, flood, earthquake and the spillage of food or liquid), neglect, abuse, alteration, unusual stress, modification, improper or unauthorized repair, installation, wiring, or testing, improper storage, use with unsuitable devices, software or services;<\/p><p>(iii)\u00a0use not in accordance with the documentation;<\/p><p>(iv)\u00a0damage caused by third party equipment with which the Device is used; (v) commercial use or resale;<\/p><p>(v)\u00a0used or resold Products;<\/p><p>(vi)\u00a0use for medical, healthcare or treatment purposes;<\/p><p>(vii)\u00a0features or performance parameters pertaining to any software or services beyond the Warranted Functionality of the Device.<\/p><p>Para maior clareza, esta garantia n\u00e3o cobre garantias de tempo de atividade, seguran\u00e7a de dados para aplicativos ou contas online, funcionalidade ininterrupta de software ou aus\u00eancia de erros. Ser\u00e1 nulo se o Dispositivo for adulterado. A perda de dados e danos consequenciais ou incidentais n\u00e3o s\u00e3o cobertos. Exceto conforme declarado, a Kieslect n\u00e3o oferece quaisquer outras garantias para o Dispositivo ou software ou servi\u00e7os conectados. Termos e Condi\u00e7\u00f5es Adicionais:<\/p><p>\u00a0Os custos de envio, taxas de embrulho de presente e impostos n\u00e3o s\u00e3o reembols\u00e1veis.<\/p><p>\u00a0Os clientes arcam com todos os custos de envio e riscos dos Produtos devolvidos.<\/p><p>\u00a0Devolu\u00e7\u00f5es sem RMA Kieslect ou pe\u00e7as faltantes podem ser recusadas ou incorrer em uma taxa de reabastecimento.<\/p><p>\u00a0Os reembolsos s\u00e3o processados dentro de quatro semanas ap\u00f3s o recebimento.<\/p><p><strong>Limita\u00e7\u00e3o de responsabilidade:<\/strong>\u00a0Sob esta Garantia, a Kieslect n\u00e3o \u00e9 respons\u00e1vel por danos indiretos, incidentais, punitivos ou consequenciais, incluindo, mas n\u00e3o se limitando a, perda de lucros, dados, uso do Dispositivo ou qualquer equipamento associado, custos de substitui\u00e7\u00e3o ou reclama\u00e7\u00f5es de terceiros.<\/p><p><strong>Lei Aplic\u00e1vel:<\/strong><\/p><p>\u00a0Esta garantia limitada \u00e9 regida pelas leis da China. Ele concede direitos legais espec\u00edficos e voc\u00ea pode ter outros direitos que variam de estado para estado. Observe que alguns estados n\u00e3o permitem a exclus\u00e3o ou limita\u00e7\u00e3o de danos incidentais ou consequenciais, portanto, essas limita\u00e7\u00f5es ou exclus\u00f5es podem n\u00e3o ser aplic\u00e1veis a voc\u00ea.<\/p><p><strong>Rem\u00e9dios:<\/strong><\/p><p>\u00a0A solu\u00e7\u00e3o exclusiva para o Consumidor sob esta Garantia, e de responsabilidade exclusiva da Kieslect, \u00e9 que a Kieslect ir\u00e1 reparar ou substituir o Dispositivo defeituoso ou atualizar o software ou servi\u00e7os para garantir que o Dispositivo funcione conforme garantido. A escolha de reparo, substitui\u00e7\u00e3o ou atualiza\u00e7\u00e3o de software fica a crit\u00e9rio da Kieslect. As substitui\u00e7\u00f5es podem ser novas ou remanufaturadas. Se n\u00e3o for considerado razo\u00e1vel substituir um Dispositivo com defeito, a Kieslect poder\u00e1 reembolsar o pre\u00e7o de compra.<\/p><p><strong>Processo de reivindica\u00e7\u00f5es:<\/strong><\/p><p>\u00a0Para buscar solu\u00e7\u00f5es sob esta Garantia, a Kieslect deve receber a reclama\u00e7\u00e3o do Consumidor antes que o Per\u00edodo de Garantia expire. O Consumidor \u00e9 obrigado a obter uma Autoriza\u00e7\u00e3o de Devolu\u00e7\u00e3o de Material (\u201cRMA\u201d) da Kieslect e devolver o Dispositivo defeituoso em sua embalagem original (ou embalagem de prote\u00e7\u00e3o equivalente), juntamente com o comprovante de compra, para o endere\u00e7o especificado pela Kieslect. Em conformidade com a lei aplic\u00e1vel, o comprovante de compra e o cumprimento dos requisitos de registro podem ser necess\u00e1rios para o servi\u00e7o de garantia. O Consumidor \u00e9 respons\u00e1vel por todos os custos de envio para a Kieslect. Ao enviar o Dispositivo, o Consumidor consente em transferir a propriedade para a Kieslect. A Kieslect n\u00e3o \u00e9 obrigada a devolver o Dispositivo original e qualquer substitui\u00e7\u00e3o n\u00e3o incluir\u00e1 os dados do Consumidor. Os Dispositivos reparados ou substitu\u00eddos s\u00e3o garantidos pelo restante do Per\u00edodo de Garantia original ou por 90 dias a partir do recebimento, o que for maior. Se a reclama\u00e7\u00e3o for validada ao abrigo desta Garantia, a Kieslect cobrir\u00e1 os custos de envio da devolu\u00e7\u00e3o. Os produtos devolvidos sem uma reclama\u00e7\u00e3o v\u00e1lida ou RMA podem ser rejeitados, devolvidos \u00e0s custas do remetente ou retidos por at\u00e9 30 dias para retirada antes do descarte, a crit\u00e9rio da Kieslect.<\/p><p><strong>Inqu\u00e9ritos:<\/strong><\/p><p>\u00a0Para reclama\u00e7\u00f5es de garantia ou se voc\u00ea tiver d\u00favidas, entre em contato com o suporte da Kieslect em store.kieslect.com.<\/p>","protected":false},"excerpt":{"rendered":"<p>Kieslect Warranty and Return Policy Kieslect Store Warranty Coverage: This policy exclusively safeguards products purchased via Kieslect&#8217;s official online store. To guarantee authenticity and warranty protection for your Kieslect Product, we strongly recommend purchasing from our official online platform. One-Year Limited Product Warranty:\u00a0 This warranty is applicable solely to Products sold to customers through Kieslect\u2019s [&hellip;]<\/p>","protected":false},"author":1,"featured_media":0,"parent":0,"menu_order":0,"comment_status":"closed","ping_status":"closed","template":"","meta":{"footnotes":""},"class_list":["post-26572","page","type-page","status-publish","hentry"],"aioseo_notices":[],"aioseo_head":"\n\t\t<!-- All in One SEO Pro 4.6.5 - aioseo.com -->\n\t\t<meta name=\"description\" content=\"Kieslect Warranty and Return Policy Kieslect Store Warranty Coverage: This policy exclusively safeguards products purchased via Kieslect&#039;s official online store. To guarantee authenticity and warranty protection for your Kieslect Product, we strongly recommend purchasing from our official online platform. One-Year Limited Product Warranty: This warranty is applicable solely to Products sold to customers through Kieslect\u2019s\" \/>\n\t\t<meta name=\"robots\" content=\"max-image-preview:large\" \/>\n\t\t<link rel=\"canonical\" href=\"https:\/\/www.kieslect.com\/pt\/warranty-and-return-policy\/\" \/>\n\t\t<meta name=\"generator\" content=\"All in One SEO Pro (AIOSEO) 4.6.5\" \/>\n\t\t<meta property=\"og:locale\" content=\"pt_PT\" \/>\n\t\t<meta property=\"og:site_name\" content=\"Kieslect - A Trusted Global Provider of Smart Wearable Solution\" \/>\n\t\t<meta property=\"og:type\" content=\"article\" \/>\n\t\t<meta property=\"og:title\" content=\"Warranty and Return Policy - Kieslect\" \/>\n\t\t<meta property=\"og:description\" content=\"Kieslect Warranty and Return Policy Kieslect Store Warranty Coverage: This policy exclusively safeguards products purchased via Kieslect&#039;s official online store. To guarantee authenticity and warranty protection for your Kieslect Product, we strongly recommend purchasing from our official online platform. One-Year Limited Product Warranty: This warranty is applicable solely to Products sold to customers through Kieslect\u2019s\" \/>\n\t\t<meta property=\"og:url\" content=\"https:\/\/www.kieslect.com\/pt\/warranty-and-return-policy\/\" \/>\n\t\t<meta property=\"og:image\" content=\"https:\/\/www.kieslect.com\/wp-content\/uploads\/replace\/83a7c94e588d71936bb1ab2a1c752869.jpeg\" \/>\n\t\t<meta property=\"og:image:secure_url\" content=\"https:\/\/www.kieslect.com\/wp-content\/uploads\/replace\/83a7c94e588d71936bb1ab2a1c752869.jpeg\" \/>\n\t\t<meta property=\"og:image:width\" content=\"300\" \/>\n\t\t<meta property=\"og:image:height\" content=\"169\" \/>\n\t\t<meta property=\"article:published_time\" content=\"2024-01-16T17:56:37+00:00\" \/>\n\t\t<meta property=\"article:modified_time\" content=\"2025-02-26T05:53:51+00:00\" \/>\n\t\t<meta property=\"article:publisher\" content=\"https:\/\/www.facebook.com\/KieslectOfficial\/\" \/>\n\t\t<meta name=\"twitter:card\" content=\"summary_large_image\" \/>\n\t\t<meta name=\"twitter:site\" content=\"@kieslect\" \/>\n\t\t<meta name=\"twitter:title\" content=\"Warranty and Return Policy - Kieslect\" \/>\n\t\t<meta name=\"twitter:description\" content=\"Kieslect Warranty and Return Policy Kieslect Store Warranty Coverage: This policy exclusively safeguards products purchased via Kieslect&#039;s official online store. To guarantee authenticity and warranty protection for your Kieslect Product, we strongly recommend purchasing from our official online platform. One-Year Limited Product Warranty: This warranty is applicable solely to Products sold to customers through Kieslect\u2019s\" \/>\n\t\t<meta name=\"twitter:creator\" content=\"@kieslect\" \/>\n\t\t<meta name=\"twitter:image\" content=\"https:\/\/www.kieslect.com\/wp-content\/uploads\/replace\/83a7c94e588d71936bb1ab2a1c752869.jpeg\" \/>\n\t\t<script type=\"application\/ld+json\" class=\"aioseo-schema\">\n\t\t\t{\"@context\":\"https:\\\/\\\/schema.org\",\"@graph\":[{\"@type\":\"BreadcrumbList\",\"@id\":\"https:\\\/\\\/www.kieslect.com\\\/pt\\\/warranty-and-return-policy\\\/#breadcrumblist\",\"itemListElement\":[{\"@type\":\"ListItem\",\"@id\":\"https:\\\/\\\/www.kieslect.com\\\/pt\\\/#listItem\",\"position\":1,\"name\":\"Home\",\"item\":\"https:\\\/\\\/www.kieslect.com\\\/pt\\\/\",\"nextItem\":\"https:\\\/\\\/www.kieslect.com\\\/pt\\\/warranty-and-return-policy\\\/#listItem\"},{\"@type\":\"ListItem\",\"@id\":\"https:\\\/\\\/www.kieslect.com\\\/pt\\\/warranty-and-return-policy\\\/#listItem\",\"position\":2,\"name\":\"Warranty and Return Policy\",\"previousItem\":\"https:\\\/\\\/www.kieslect.com\\\/pt\\\/#listItem\"}]},{\"@type\":\"Organization\",\"@id\":\"https:\\\/\\\/www.kieslect.com\\\/pt\\\/#organization\",\"name\":\"Kieslect Smartwatch\",\"description\":\"A Trusted Global Provider of Smart Wearable Solution\",\"url\":\"https:\\\/\\\/www.kieslect.com\\\/pt\\\/\",\"logo\":{\"@type\":\"ImageObject\",\"url\":\"https:\\\/\\\/www.kieslect.com\\\/wp-content\\\/uploads\\\/2024\\\/01\\\/Kieslect-Logo-2_1_335x75_crop_center-1.webp\",\"@id\":\"https:\\\/\\\/www.kieslect.com\\\/pt\\\/warranty-and-return-policy\\\/#organizationLogo\",\"width\":335,\"height\":75},\"image\":{\"@id\":\"https:\\\/\\\/www.kieslect.com\\\/pt\\\/warranty-and-return-policy\\\/#organizationLogo\"},\"sameAs\":[\"https:\\\/\\\/www.facebook.com\\\/KieslectOfficial\\\/\",\"https:\\\/\\\/twitter.com\\\/kieslect\",\"https:\\\/\\\/www.instagram.com\\\/kieslect\\\/\"]},{\"@type\":\"WebPage\",\"@id\":\"https:\\\/\\\/www.kieslect.com\\\/pt\\\/warranty-and-return-policy\\\/#webpage\",\"url\":\"https:\\\/\\\/www.kieslect.com\\\/pt\\\/warranty-and-return-policy\\\/\",\"name\":\"Warranty and Return Policy - Kieslect\",\"description\":\"Kieslect Warranty and Return Policy Kieslect Store Warranty Coverage: This policy exclusively safeguards products purchased via Kieslect's official online store. To guarantee authenticity and warranty protection for your Kieslect Product, we strongly recommend purchasing from our official online platform. One-Year Limited Product Warranty: This warranty is applicable solely to Products sold to customers through Kieslect\\u2019s\",\"inLanguage\":\"pt-PT\",\"isPartOf\":{\"@id\":\"https:\\\/\\\/www.kieslect.com\\\/pt\\\/#website\"},\"breadcrumb\":{\"@id\":\"https:\\\/\\\/www.kieslect.com\\\/pt\\\/warranty-and-return-policy\\\/#breadcrumblist\"},\"datePublished\":\"2024-01-16T17:56:37+08:00\",\"dateModified\":\"2025-02-26T13:53:51+08:00\"},{\"@type\":\"WebSite\",\"@id\":\"https:\\\/\\\/www.kieslect.com\\\/pt\\\/#website\",\"url\":\"https:\\\/\\\/www.kieslect.com\\\/pt\\\/\",\"name\":\"Kieslect\",\"description\":\"A Trusted Global Provider of Smart Wearable Solution\",\"inLanguage\":\"pt-PT\",\"publisher\":{\"@id\":\"https:\\\/\\\/www.kieslect.com\\\/pt\\\/#organization\"}}]}\n\t\t<\/script>\n\t\t<!-- All in One SEO Pro -->\r\n\t\t<title>Warranty and Return Policy - Kieslect<\/title>\n\n","aioseo_head_json":{"title":"Warranty and Return Policy - Kieslect","description":"Kieslect Warranty and Return Policy Kieslect Store Warranty Coverage: This policy exclusively safeguards products purchased via Kieslect's official online store. To guarantee authenticity and warranty protection for your Kieslect Product, we strongly recommend purchasing from our official online platform. One-Year Limited Product Warranty: This warranty is applicable solely to Products sold to customers through Kieslect\u2019s","canonical_url":"https:\/\/www.kieslect.com\/pt\/warranty-and-return-policy\/","robots":"max-image-preview:large","keywords":"","webmasterTools":{"miscellaneous":""},"og:locale":"pt_PT","og:site_name":"Kieslect - A Trusted Global Provider of Smart Wearable Solution","og:type":"article","og:title":"Warranty and Return Policy - Kieslect","og:description":"Kieslect Warranty and Return Policy Kieslect Store Warranty Coverage: This policy exclusively safeguards products purchased via Kieslect's official online store. To guarantee authenticity and warranty protection for your Kieslect Product, we strongly recommend purchasing from our official online platform. One-Year Limited Product Warranty: This warranty is applicable solely to Products sold to customers through Kieslect\u2019s","og:url":"https:\/\/www.kieslect.com\/pt\/warranty-and-return-policy\/","og:image":"https:\/\/www.kieslect.com\/wp-content\/uploads\/replace\/83a7c94e588d71936bb1ab2a1c752869.jpeg","og:image:secure_url":"https:\/\/www.kieslect.com\/wp-content\/uploads\/replace\/83a7c94e588d71936bb1ab2a1c752869.jpeg","og:image:width":300,"og:image:height":169,"article:published_time":"2024-01-16T17:56:37+00:00","article:modified_time":"2025-02-26T05:53:51+00:00","article:publisher":"https:\/\/www.facebook.com\/KieslectOfficial\/","twitter:card":"summary_large_image","twitter:site":"@kieslect","twitter:title":"Warranty and Return Policy - Kieslect","twitter:description":"Kieslect Warranty and Return Policy Kieslect Store Warranty Coverage: This policy exclusively safeguards products purchased via Kieslect's official online store. To guarantee authenticity and warranty protection for your Kieslect Product, we strongly recommend purchasing from our official online platform. One-Year Limited Product Warranty: This warranty is applicable solely to Products sold to customers through Kieslect\u2019s","twitter:creator":"@kieslect","twitter:image":"https:\/\/www.kieslect.com\/wp-content\/uploads\/replace\/83a7c94e588d71936bb1ab2a1c752869.jpeg","schema":{"@context":"https:\/\/schema.org","@graph":[{"@type":"BreadcrumbList","@id":"https:\/\/www.kieslect.com\/pt\/warranty-and-return-policy\/#breadcrumblist","itemListElement":[{"@type":"ListItem","@id":"https:\/\/www.kieslect.com\/pt\/#listItem","position":1,"name":"Home","item":"https:\/\/www.kieslect.com\/pt\/","nextItem":"https:\/\/www.kieslect.com\/pt\/warranty-and-return-policy\/#listItem"},{"@type":"ListItem","@id":"https:\/\/www.kieslect.com\/pt\/warranty-and-return-policy\/#listItem","position":2,"name":"Warranty and Return Policy","previousItem":"https:\/\/www.kieslect.com\/pt\/#listItem"}]},{"@type":"Organization","@id":"https:\/\/www.kieslect.com\/pt\/#organization","name":"Kieslect Smartwatch","description":"A Trusted Global Provider of Smart Wearable Solution","url":"https:\/\/www.kieslect.com\/pt\/","logo":{"@type":"ImageObject","url":"https:\/\/www.kieslect.com\/wp-content\/uploads\/2024\/01\/Kieslect-Logo-2_1_335x75_crop_center-1.webp","@id":"https:\/\/www.kieslect.com\/pt\/warranty-and-return-policy\/#organizationLogo","width":335,"height":75},"image":{"@id":"https:\/\/www.kieslect.com\/pt\/warranty-and-return-policy\/#organizationLogo"},"sameAs":["https:\/\/www.facebook.com\/KieslectOfficial\/","https:\/\/twitter.com\/kieslect","https:\/\/www.instagram.com\/kieslect\/"]},{"@type":"WebPage","@id":"https:\/\/www.kieslect.com\/pt\/warranty-and-return-policy\/#webpage","url":"https:\/\/www.kieslect.com\/pt\/warranty-and-return-policy\/","name":"Warranty and Return Policy - Kieslect","description":"Kieslect Warranty and Return Policy Kieslect Store Warranty Coverage: This policy exclusively safeguards products purchased via Kieslect's official online store. To guarantee authenticity and warranty protection for your Kieslect Product, we strongly recommend purchasing from our official online platform. One-Year Limited Product Warranty: This warranty is applicable solely to Products sold to customers through Kieslect\u2019s","inLanguage":"pt-PT","isPartOf":{"@id":"https:\/\/www.kieslect.com\/pt\/#website"},"breadcrumb":{"@id":"https:\/\/www.kieslect.com\/pt\/warranty-and-return-policy\/#breadcrumblist"},"datePublished":"2024-01-16T17:56:37+08:00","dateModified":"2025-02-26T13:53:51+08:00"},{"@type":"WebSite","@id":"https:\/\/www.kieslect.com\/pt\/#website","url":"https:\/\/www.kieslect.com\/pt\/","name":"Kieslect","description":"A Trusted Global Provider of Smart Wearable Solution","inLanguage":"pt-PT","publisher":{"@id":"https:\/\/www.kieslect.com\/pt\/#organization"}}]}},"aioseo_meta_data":{"post_id":"26572","title":null,"description":null,"keywords":null,"keyphrases":"{\"focus\":{\"keyphrase\":\"\",\"score\":0,\"analysis\":{\"keyphraseInTitle\":{\"score\":0,\"maxScore\":9,\"error\":1}}},\"additional\":[]}","primary_term":null,"canonical_url":null,"og_title":null,"og_description":null,"og_object_type":"default","og_image_type":"default","og_image_url":null,"og_image_width":null,"og_image_height":null,"og_image_custom_url":null,"og_image_custom_fields":null,"og_video":"","og_custom_url":null,"og_article_section":null,"og_article_tags":null,"twitter_use_og":false,"twitter_card":"default","twitter_image_type":"default","twitter_image_url":null,"twitter_image_custom_url":null,"twitter_image_custom_fields":null,"twitter_title":null,"twitter_description":null,"schema":{"blockGraphs":[],"customGraphs":[],"default":{"data":{"Article":[],"Course":[],"Dataset":[],"FAQPage":[],"Movie":[],"Person":[],"Product":[],"Recipe":[],"Service":[],"SoftwareApplication":[],"WebPage":[]},"graphName":"WebPage","isEnabled":true},"graphs":[]},"schema_type":"default","schema_type_options":null,"pillar_content":false,"robots_default":true,"robots_noindex":false,"robots_noarchive":false,"robots_nosnippet":false,"robots_nofollow":false,"robots_noimageindex":false,"robots_noodp":false,"robots_notranslate":false,"robots_max_snippet":"-1","robots_max_videopreview":"-1","robots_max_imagepreview":"large","priority":null,"frequency":"default","local_seo":null,"limit_modified_date":false,"created":"2024-02-26 12:21:33","updated":"2025-04-26 08:31:24"},"aioseo_breadcrumb":"<div class=\"aioseo-breadcrumbs\"><span class=\"aioseo-breadcrumb\">\n\t<a href=\"https:\/\/www.kieslect.com\/pt\" title=\"Home\">Home<\/a>\n<\/span><span class=\"aioseo-breadcrumb-separator\">&raquo;<\/span><span class=\"aioseo-breadcrumb\">\n\tWarranty and Return Policy\n<\/span><\/div>","aioseo_breadcrumb_json":[{"label":"Home","link":"https:\/\/www.kieslect.com\/pt"},{"label":"Warranty and Return Policy","link":"https:\/\/www.kieslect.com\/pt\/warranty-and-return-policy\/"}],"_links":{"self":[{"href":"https:\/\/www.kieslect.com\/pt\/wp-json\/wp\/v2\/pages\/26572","targetHints":{"allow":["GET"]}}],"collection":[{"href":"https:\/\/www.kieslect.com\/pt\/wp-json\/wp\/v2\/pages"}],"about":[{"href":"https:\/\/www.kieslect.com\/pt\/wp-json\/wp\/v2\/types\/page"}],"author":[{"embeddable":true,"href":"https:\/\/www.kieslect.com\/pt\/wp-json\/wp\/v2\/users\/1"}],"replies":[{"embeddable":true,"href":"https:\/\/www.kieslect.com\/pt\/wp-json\/wp\/v2\/comments?post=26572"}],"version-history":[{"count":0,"href":"https:\/\/www.kieslect.com\/pt\/wp-json\/wp\/v2\/pages\/26572\/revisions"}],"wp:attachment":[{"href":"https:\/\/www.kieslect.com\/pt\/wp-json\/wp\/v2\/media?parent=26572"}],"curies":[{"name":"wp","href":"https:\/\/api.w.org\/{rel}","templated":true}]}}