{"id":17195,"date":"2022-09-22T03:48:35","date_gmt":"2022-09-22T03:48:35","guid":{"rendered":"https:\/\/motta.uix.store\/?page_id=17195"},"modified":"2024-05-30T10:18:31","modified_gmt":"2024-05-30T02:18:31","slug":"payment-method","status":"publish","type":"page","link":"https:\/\/www.kieslect.com\/pt\/payment-method\/","title":{"rendered":"Forma de pagamento"},"content":{"rendered":"<div class=\"article-con-item second-style\">\n<div class=\"article-con-item\">\n<div class=\"item-t title-main\">\n<div class=\"article-con-item second-style\">\n<div class=\"article-con-item\"><\/div>\n<\/div>\n<div class=\"article-con-item\">\n<div class=\"item-p\">\n<div class=\"article-con-item\">\n<div class=\"item-p\">\n<div class=\"article-con-item second-style\">\n<div class=\"article-con-item\">\n<div class=\"item-t title-main\">Pague com Paypal<\/div>\n<div class=\"item-img2 pay1\"><img decoding=\"async\" class=\"falcon-lazyload\" src=\"\/wp-content\/uploads\/replace\/c9218258e656e0b043d78b99663e5015.png\" alt=\"Payment Method\" data-src=\"\/\/shein.ltwebstatic.com\/advertise\/shein\/www\/images_sheIn\/paie1.png\" data-loaded=\"true\" \/><\/div>\n<div class=\"item-p\">Ao fazer um pedido com Paypal voc\u00ea ser\u00e1 redirecionado para a p\u00e1gina de pagamento do PayPal, onde poder\u00e1 confirmar seu pagamento fazendo login com seu nome de usu\u00e1rio e senha do PayPal.<\/div>\n<div class=\"item-p\">Voc\u00ea ainda pode finalizar a compra mesmo sem uma conta PayPal. Para isso, clique em \u201cPagar com Cart\u00e3o de D\u00e9bito\/Cr\u00e9dito\u201d e voc\u00ea ser\u00e1 redirecionado para uma p\u00e1gina segura onde poder\u00e1 inserir os dados do seu cart\u00e3o de cr\u00e9dito ou concluir o pagamento com seguran\u00e7a via PayPal.<\/div>\n<\/div>\n<div class=\"article-con-item border-top\">\n<div class=\"item-t title-main\">Pague com cart\u00e3o de cr\u00e9dito\/d\u00e9bito<\/div>\n<div class=\"item-img2 pay2\"><img decoding=\"async\" class=\"falcon-lazyload\" src=\"\/wp-content\/uploads\/replace\/7df4ac6747526334657d67261b39d9ae.png\" alt=\"Payment Method\" data-src=\"\/\/img.ltwebstatic.com\/images3_acp\/2021\/04\/09\/161793311589a2694cadea2884d760ac0901d89b9e.jpg\" data-loaded=\"true\" \/>\u00a0<img decoding=\"async\" class=\"falcon-lazyload\" src=\"\/wp-content\/uploads\/replace\/2738955150fed79e7787f6aa714f68e8.png\" alt=\"Payment Method\" data-src=\"\/\/sheinsz.ltwebstatic.com\/image\/card\/n-3-mastercard_vf9b0f97.png?v=shein_364\" data-loaded=\"true\" \/>\u00a0<img decoding=\"async\" class=\"falcon-lazyload\" src=\"\/wp-content\/uploads\/replace\/3eed35488853261a5e70023354a25005.png\" alt=\"Payment Method\" data-src=\"\/\/sheinsz.ltwebstatic.com\/image\/card\/n-8-maestro_v781c6fd.png?v=shein_364\" data-loaded=\"true\" \/>\u00a0<img decoding=\"async\" class=\"falcon-lazyload\" src=\"\/wp-content\/uploads\/replace\/0267c966ffb03213f48e438d36a08aaf.png\" alt=\"Payment Method\" data-src=\"\/\/sheinsz.ltwebstatic.com\/image\/card\/n-7-american-express_vb186b55.png?v=shein_364\" data-loaded=\"true\" \/>\u00a0<img decoding=\"async\" class=\"falcon-lazyload\" src=\"\/wp-content\/uploads\/replace\/f5c1583f35c15104d2998185ce5074ab.png\" alt=\"Payment Method\" data-src=\"\/\/img.ltwebstatic.com\/images3_acp\/2021\/08\/19\/1629343664a9b987cce8a5544d5542a818ccd75f43.png\" data-loaded=\"true\" \/><\/div>\n<div class=\"item-p\">As op\u00e7\u00f5es de cart\u00e3o de cr\u00e9dito dispon\u00edveis est\u00e3o listadas acima. As empresas de cart\u00e3o de cr\u00e9dito listadas acima s\u00e3o os cart\u00f5es de cr\u00e9dito mais usados neste site. N\u00e3o se preocupe se a administradora do seu cart\u00e3o de cr\u00e9dito n\u00e3o estiver listada, encorajamos voc\u00ea a prosseguir e fazer a compra.<\/div>\n<div class=\"item-p\">Observe que o Kieslect n\u00e3o coleta o n\u00famero do seu cart\u00e3o de cr\u00e9dito\/d\u00e9bito ou informa\u00e7\u00f5es pessoais quando voc\u00ea faz um pagamento. Para d\u00favidas relacionadas \u00e0s suas transa\u00e7\u00f5es em nosso site, consulte o banco emissor do cart\u00e3o para obter informa\u00e7\u00f5es.<\/div>\n<\/div>\n<div class=\"article-con-item border-top\">\n<div class=\"item-t title-main\">Pagamento com carteira eletr\u00f4nica<\/div>\n<div class=\"item-img2 pay2\"><img decoding=\"async\" class=\"falcon-lazyload\" src=\"\/wp-content\/uploads\/replace\/23c4f77b8046ce9fc790c1a227674f3e.png\" alt=\"Payment Method\" data-src=\"\/\/img.ltwebstatic.com\/images3_acp\/2020\/12\/23\/1608691262541d59161a4d505e72e480dab4614abd.png\" data-loaded=\"true\" \/><\/div>\n<div class=\"item-p\">GrabPay \u00e9 uma op\u00e7\u00e3o de pagamento com carteira digital para clientes da Mal\u00e1sia, Filipinas e Cingapura. Voc\u00ea far\u00e1 pagamentos dentro do aplicativo usando uma carteira GrabPay vinculada ao seu cart\u00e3o de cr\u00e9dito ou d\u00e9bito.<\/div>\n<div class=\"item-p\">Para pagar com GrabPay, voc\u00ea ser\u00e1 redirecionado para a p\u00e1gina de login do GrabPay em seu site ou aplicativo. O comprador se autentica usando seu n\u00famero de telefone e uma senha de uso \u00fanico que voc\u00ea recebeu do Grab em seu telefone e, em seguida, confirma o pagamento.<\/div>\n<\/div>\n<div class=\"article-con-item border-top\">\n<div class=\"item-t title-main\">Pague com Atome<\/div>\n<div class=\"item-img2 pay2\"><img decoding=\"async\" class=\"falcon-lazyload\" src=\"\/wp-content\/uploads\/replace\/f930c8a3231d8444d7fe50e2ddb08613.png\" alt=\"Payment Method\" data-src=\"\/\/img.ltwebstatic.com\/images3_acp\/2021\/06\/08\/16231354765bcb8e3faac54bf927347ad7f39e1622.png\" data-loaded=\"true\" \/><\/div>\n<div class=\"item-p\">Atome \u00e9 uma op\u00e7\u00e3o de pagamento \u201ccompre agora, pague depois\u201d para clientes de Cingapura que divide sua fatura em tr\u00eas pagamentos iguais em dois meses. Atome cobra zero juros e zero taxas de servi\u00e7o.<\/div>\n<div class=\"item-p\">Escolha Atome como op\u00e7\u00e3o de pagamento ao finalizar a compra. Voc\u00ea paga 1\/3 do valor total da conta na hora. O segundo pagamento vencer\u00e1 30 dias depois e o terceiro, no m\u00eas seguinte.<\/div>\n<\/div>\n<\/div>\n<div class=\"article-con-item\">\n<div class=\"item-t title-main\">\u201cC\u00f3digo de cupom\u201d e \u201cPontos de b\u00f4nus\u201d<\/div>\n<div class=\"item-p\">Voc\u00ea pode aplicar cupons e pontos de b\u00f4nus ao seu pedido na finaliza\u00e7\u00e3o da compra. Depois de inserir o c\u00f3digo do cupom e os pontos Kieslect, clique em \u201caplicar\u201d e o desconto ajustar\u00e1 automaticamente o total do seu pedido. Observe que se voc\u00ea n\u00e3o clicar em \u201caplicar\u201d antes de continuar a finaliza\u00e7\u00e3o da compra, o total do seu pedido n\u00e3o refletir\u00e1 o cupom e o desconto de pontos de b\u00f4nus.<\/div>\n<div class=\"item-notes-list\">\n<div class=\"notes\">NOTAS:<\/div>\n<ul>\n<li>Certifique-se de inserir o c\u00f3digo do cupom exatamente como o recebeu, sem espa\u00e7o antes, dentro ou depois dele. Para evitar erros, recomendamos que voc\u00ea copie\/cole o c\u00f3digo promocional que recebeu.<\/li>\n<li>Os cupons n\u00e3o podem ser combinados. Voc\u00ea s\u00f3 pode usar um c\u00f3digo de cupom por pedido.<\/li>\n<li>Os cupons est\u00e3o sujeitos aos termos da oferta. Isso exclui alguns itens em nosso site que n\u00e3o s\u00e3o eleg\u00edveis para descontos de cupons.<\/li>\n<li>Voc\u00ea pode pagar at\u00e9 70% de sua compra com pontos de b\u00f4nus na finaliza\u00e7\u00e3o da compra. Lembre-se que 100 pontos = $1.<\/li>\n<\/ul>\n<\/div>\n<\/div>\n<div class=\"article-con-item\">\n<div class=\"item-t title-main\">Moedas<\/div>\n<div class=\"item-p\">A moeda em que voc\u00ea paga \u00e9 determinada pelo pa\u00eds de onde voc\u00ea paga e pelo m\u00e9todo de pagamento de sua escolha. Voc\u00ea pode alterar a moeda padr\u00e3o clicando no canto superior direito do site Kieslect e selecionando a moeda com a qual deseja pagar.<\/div>\n<\/div>\n<\/div>\n<\/div>\n<\/div>\n<\/div>\n<\/div>\n<\/div>\n<\/div>\n<div class=\"article-con-item\">\n<div class=\"item-p\"><\/div>\n<\/div>","protected":false},"excerpt":{"rendered":"<p>Pague com Paypal Ao fazer um pedido com Paypal voc\u00ea ser\u00e1 redirecionado para a p\u00e1gina de pagamento do PayPal, onde poder\u00e1 confirmar seu pagamento fazendo login com seu nome de usu\u00e1rio e senha do PayPal. Voc\u00ea ainda pode finalizar a compra mesmo sem uma conta PayPal. Para isso, clique em \u201cPagar com Cart\u00e3o de D\u00e9bito\/Cr\u00e9dito\u201d e [\u2026]<\/p>","protected":false},"author":1,"featured_media":0,"parent":0,"menu_order":0,"comment_status":"closed","ping_status":"closed","template":"","meta":{"footnotes":""},"class_list":["post-17195","page","type-page","status-publish","hentry"],"aioseo_notices":[],"aioseo_head":"\n\t\t<!-- All in One SEO Pro 4.6.5 - aioseo.com -->\n\t\t<meta name=\"description\" content=\"Best Smartwatches Buy Online currently accept Paypal, Visa, Master Card, Apple Pay, Google Pay, Alipay, Gcash, Kakao Pay, Discover and Diners payments.\" \/>\n\t\t<meta name=\"robots\" content=\"max-image-preview:large\" \/>\n\t\t<link rel=\"canonical\" href=\"https:\/\/www.kieslect.com\/pt\/payment-method\/\" \/>\n\t\t<meta name=\"generator\" content=\"All in One SEO Pro (AIOSEO) 4.6.5\" \/>\n\t\t<meta property=\"og:locale\" content=\"pt_PT\" \/>\n\t\t<meta property=\"og:site_name\" content=\"Kieslect - A Trusted Global Provider of Smart Wearable Solution\" \/>\n\t\t<meta property=\"og:type\" content=\"article\" \/>\n\t\t<meta property=\"og:title\" content=\"Payment Method - Best Smartwatches Buy Online\" \/>\n\t\t<meta property=\"og:description\" content=\"Best Smartwatches Buy Online currently accept Paypal, Visa, Master Card, Apple Pay, Google Pay, Alipay, Gcash, Kakao Pay, Discover and Diners payments.\" \/>\n\t\t<meta property=\"og:url\" content=\"https:\/\/www.kieslect.com\/pt\/payment-method\/\" \/>\n\t\t<meta property=\"og:image\" content=\"https:\/\/www.kieslect.com\/wp-content\/uploads\/replace\/83a7c94e588d71936bb1ab2a1c752869.jpeg\" \/>\n\t\t<meta property=\"og:image:secure_url\" content=\"https:\/\/www.kieslect.com\/wp-content\/uploads\/replace\/83a7c94e588d71936bb1ab2a1c752869.jpeg\" \/>\n\t\t<meta property=\"og:image:width\" content=\"300\" \/>\n\t\t<meta property=\"og:image:height\" content=\"169\" \/>\n\t\t<meta property=\"article:published_time\" content=\"2022-09-22T03:48:35+00:00\" \/>\n\t\t<meta property=\"article:modified_time\" content=\"2024-05-30T02:18:31+00:00\" \/>\n\t\t<meta property=\"article:publisher\" content=\"https:\/\/www.facebook.com\/KieslectOfficial\/\" \/>\n\t\t<meta name=\"twitter:card\" content=\"summary_large_image\" \/>\n\t\t<meta name=\"twitter:site\" content=\"@kieslect\" \/>\n\t\t<meta name=\"twitter:title\" content=\"Payment Method - Best Smartwatches Buy Online\" \/>\n\t\t<meta name=\"twitter:description\" content=\"Best Smartwatches Buy Online currently accept Paypal, Visa, Master Card, Apple Pay, Google Pay, Alipay, Gcash, Kakao Pay, Discover and Diners payments.\" \/>\n\t\t<meta name=\"twitter:creator\" content=\"@kieslect\" \/>\n\t\t<meta name=\"twitter:image\" content=\"https:\/\/www.kieslect.com\/wp-content\/uploads\/replace\/83a7c94e588d71936bb1ab2a1c752869.jpeg\" \/>\n\t\t<script type=\"application\/ld+json\" class=\"aioseo-schema\">\n\t\t\t{\"@context\":\"https:\\\/\\\/schema.org\",\"@graph\":[{\"@type\":\"BreadcrumbList\",\"@id\":\"https:\\\/\\\/www.kieslect.com\\\/pt\\\/payment-method\\\/#breadcrumblist\",\"itemListElement\":[{\"@type\":\"ListItem\",\"@id\":\"https:\\\/\\\/www.kieslect.com\\\/pt\\\/#listItem\",\"position\":1,\"name\":\"Home\",\"item\":\"https:\\\/\\\/www.kieslect.com\\\/pt\\\/\",\"nextItem\":\"https:\\\/\\\/www.kieslect.com\\\/pt\\\/payment-method\\\/#listItem\"},{\"@type\":\"ListItem\",\"@id\":\"https:\\\/\\\/www.kieslect.com\\\/pt\\\/payment-method\\\/#listItem\",\"position\":2,\"name\":\"Payment Method\",\"previousItem\":\"https:\\\/\\\/www.kieslect.com\\\/pt\\\/#listItem\"}]},{\"@type\":\"Organization\",\"@id\":\"https:\\\/\\\/www.kieslect.com\\\/pt\\\/#organization\",\"name\":\"Kieslect Smartwatch\",\"description\":\"A Trusted Global Provider of Smart Wearable Solution\",\"url\":\"https:\\\/\\\/www.kieslect.com\\\/pt\\\/\",\"logo\":{\"@type\":\"ImageObject\",\"url\":\"https:\\\/\\\/www.kieslect.com\\\/wp-content\\\/uploads\\\/2024\\\/01\\\/Kieslect-Logo-2_1_335x75_crop_center-1.webp\",\"@id\":\"https:\\\/\\\/www.kieslect.com\\\/pt\\\/payment-method\\\/#organizationLogo\",\"width\":335,\"height\":75},\"image\":{\"@id\":\"https:\\\/\\\/www.kieslect.com\\\/pt\\\/payment-method\\\/#organizationLogo\"},\"sameAs\":[\"https:\\\/\\\/www.facebook.com\\\/KieslectOfficial\\\/\",\"https:\\\/\\\/twitter.com\\\/kieslect\",\"https:\\\/\\\/www.instagram.com\\\/kieslect\\\/\"]},{\"@type\":\"WebPage\",\"@id\":\"https:\\\/\\\/www.kieslect.com\\\/pt\\\/payment-method\\\/#webpage\",\"url\":\"https:\\\/\\\/www.kieslect.com\\\/pt\\\/payment-method\\\/\",\"name\":\"Payment Method - Best Smartwatches Buy Online\",\"description\":\"Best Smartwatches Buy Online currently accept Paypal, Visa, Master Card, Apple Pay, Google Pay, Alipay, Gcash, Kakao Pay, Discover and Diners payments.\",\"inLanguage\":\"pt-PT\",\"isPartOf\":{\"@id\":\"https:\\\/\\\/www.kieslect.com\\\/pt\\\/#website\"},\"breadcrumb\":{\"@id\":\"https:\\\/\\\/www.kieslect.com\\\/pt\\\/payment-method\\\/#breadcrumblist\"},\"datePublished\":\"2022-09-22T03:48:35+08:00\",\"dateModified\":\"2024-05-30T10:18:31+08:00\"},{\"@type\":\"WebSite\",\"@id\":\"https:\\\/\\\/www.kieslect.com\\\/pt\\\/#website\",\"url\":\"https:\\\/\\\/www.kieslect.com\\\/pt\\\/\",\"name\":\"Kieslect\",\"description\":\"A Trusted Global Provider of Smart Wearable Solution\",\"inLanguage\":\"pt-PT\",\"publisher\":{\"@id\":\"https:\\\/\\\/www.kieslect.com\\\/pt\\\/#organization\"}}]}\n\t\t<\/script>\n\t\t<!-- All in One SEO Pro -->\r\n\t\t<title>Payment Method - Best Smartwatches Buy Online<\/title>\n\n","aioseo_head_json":{"title":"Payment Method - Best Smartwatches Buy Online","description":"Best Smartwatches Buy Online currently accept Paypal, Visa, Master Card, Apple Pay, Google Pay, Alipay, Gcash, Kakao Pay, Discover and Diners payments.","canonical_url":"https:\/\/www.kieslect.com\/pt\/payment-method\/","robots":"max-image-preview:large","keywords":"","webmasterTools":{"miscellaneous":""},"og:locale":"pt_PT","og:site_name":"Kieslect - A Trusted Global Provider of Smart Wearable Solution","og:type":"article","og:title":"Payment Method - Best Smartwatches Buy Online","og:description":"Best Smartwatches Buy Online currently accept Paypal, Visa, Master Card, Apple Pay, Google Pay, Alipay, Gcash, Kakao Pay, Discover and Diners payments.","og:url":"https:\/\/www.kieslect.com\/pt\/payment-method\/","og:image":"https:\/\/www.kieslect.com\/wp-content\/uploads\/replace\/83a7c94e588d71936bb1ab2a1c752869.jpeg","og:image:secure_url":"https:\/\/www.kieslect.com\/wp-content\/uploads\/replace\/83a7c94e588d71936bb1ab2a1c752869.jpeg","og:image:width":300,"og:image:height":169,"article:published_time":"2022-09-22T03:48:35+00:00","article:modified_time":"2024-05-30T02:18:31+00:00","article:publisher":"https:\/\/www.facebook.com\/KieslectOfficial\/","twitter:card":"summary_large_image","twitter:site":"@kieslect","twitter:title":"Payment Method - Best Smartwatches Buy Online","twitter:description":"Best Smartwatches Buy Online currently accept Paypal, Visa, Master Card, Apple Pay, Google Pay, Alipay, Gcash, Kakao Pay, Discover and Diners payments.","twitter:creator":"@kieslect","twitter:image":"https:\/\/www.kieslect.com\/wp-content\/uploads\/replace\/83a7c94e588d71936bb1ab2a1c752869.jpeg","schema":{"@context":"https:\/\/schema.org","@graph":[{"@type":"BreadcrumbList","@id":"https:\/\/www.kieslect.com\/pt\/payment-method\/#breadcrumblist","itemListElement":[{"@type":"ListItem","@id":"https:\/\/www.kieslect.com\/pt\/#listItem","position":1,"name":"Home","item":"https:\/\/www.kieslect.com\/pt\/","nextItem":"https:\/\/www.kieslect.com\/pt\/payment-method\/#listItem"},{"@type":"ListItem","@id":"https:\/\/www.kieslect.com\/pt\/payment-method\/#listItem","position":2,"name":"Payment Method","previousItem":"https:\/\/www.kieslect.com\/pt\/#listItem"}]},{"@type":"Organization","@id":"https:\/\/www.kieslect.com\/pt\/#organization","name":"Kieslect Smartwatch","description":"A Trusted Global Provider of Smart Wearable Solution","url":"https:\/\/www.kieslect.com\/pt\/","logo":{"@type":"ImageObject","url":"https:\/\/www.kieslect.com\/wp-content\/uploads\/2024\/01\/Kieslect-Logo-2_1_335x75_crop_center-1.webp","@id":"https:\/\/www.kieslect.com\/pt\/payment-method\/#organizationLogo","width":335,"height":75},"image":{"@id":"https:\/\/www.kieslect.com\/pt\/payment-method\/#organizationLogo"},"sameAs":["https:\/\/www.facebook.com\/KieslectOfficial\/","https:\/\/twitter.com\/kieslect","https:\/\/www.instagram.com\/kieslect\/"]},{"@type":"WebPage","@id":"https:\/\/www.kieslect.com\/pt\/payment-method\/#webpage","url":"https:\/\/www.kieslect.com\/pt\/payment-method\/","name":"Payment Method - Best Smartwatches Buy Online","description":"Best Smartwatches Buy Online currently accept Paypal, Visa, Master Card, Apple Pay, Google Pay, Alipay, Gcash, Kakao Pay, Discover and Diners payments.","inLanguage":"pt-PT","isPartOf":{"@id":"https:\/\/www.kieslect.com\/pt\/#website"},"breadcrumb":{"@id":"https:\/\/www.kieslect.com\/pt\/payment-method\/#breadcrumblist"},"datePublished":"2022-09-22T03:48:35+08:00","dateModified":"2024-05-30T10:18:31+08:00"},{"@type":"WebSite","@id":"https:\/\/www.kieslect.com\/pt\/#website","url":"https:\/\/www.kieslect.com\/pt\/","name":"Kieslect","description":"A Trusted Global Provider of Smart Wearable Solution","inLanguage":"pt-PT","publisher":{"@id":"https:\/\/www.kieslect.com\/pt\/#organization"}}]}},"aioseo_meta_data":{"post_id":"17195","title":"#post_title #separator_sa Best Smartwatches Buy Online","description":"Best Smartwatches Buy Online currently accept Paypal, Visa, Master Card, Apple Pay, Google Pay, Alipay, Gcash, Kakao Pay, Discover and Diners payments.","keywords":[],"keyphrases":"{\"focus\":{\"keyphrase\":\"\",\"score\":0,\"analysis\":{\"keyphraseInTitle\":{\"score\":0,\"maxScore\":9,\"error\":1}}},\"additional\":[]}","primary_term":null,"canonical_url":null,"og_title":null,"og_description":null,"og_object_type":"default","og_image_type":"default","og_image_url":null,"og_image_width":null,"og_image_height":null,"og_image_custom_url":null,"og_image_custom_fields":null,"og_video":"","og_custom_url":null,"og_article_section":null,"og_article_tags":[],"twitter_use_og":false,"twitter_card":"default","twitter_image_type":"default","twitter_image_url":null,"twitter_image_custom_url":null,"twitter_image_custom_fields":null,"twitter_title":null,"twitter_description":null,"schema":{"blockGraphs":[],"customGraphs":[],"default":{"data":{"Article":[],"Course":[],"Dataset":[],"FAQPage":[],"Movie":[],"Person":[],"Product":[],"Recipe":[],"Service":[],"SoftwareApplication":[],"WebPage":[]},"graphName":"WebPage","isEnabled":true},"graphs":[]},"schema_type":"default","schema_type_options":null,"pillar_content":false,"robots_default":true,"robots_noindex":false,"robots_noarchive":false,"robots_nosnippet":false,"robots_nofollow":false,"robots_noimageindex":false,"robots_noodp":false,"robots_notranslate":false,"robots_max_snippet":"-1","robots_max_videopreview":"-1","robots_max_imagepreview":"large","priority":null,"frequency":"default","local_seo":null,"limit_modified_date":false,"created":"2024-02-26 12:21:32","updated":"2024-05-30 02:18:50"},"aioseo_breadcrumb":"<div class=\"aioseo-breadcrumbs\"><span class=\"aioseo-breadcrumb\">\n\t<a href=\"https:\/\/www.kieslect.com\/pt\" title=\"Home\">Home<\/a>\n<\/span><span class=\"aioseo-breadcrumb-separator\">&raquo;<\/span><span class=\"aioseo-breadcrumb\">\n\tPayment Method\n<\/span><\/div>","aioseo_breadcrumb_json":[{"label":"Home","link":"https:\/\/www.kieslect.com\/pt"},{"label":"Payment Method","link":"https:\/\/www.kieslect.com\/pt\/payment-method\/"}],"_links":{"self":[{"href":"https:\/\/www.kieslect.com\/pt\/wp-json\/wp\/v2\/pages\/17195","targetHints":{"allow":["GET"]}}],"collection":[{"href":"https:\/\/www.kieslect.com\/pt\/wp-json\/wp\/v2\/pages"}],"about":[{"href":"https:\/\/www.kieslect.com\/pt\/wp-json\/wp\/v2\/types\/page"}],"author":[{"embeddable":true,"href":"https:\/\/www.kieslect.com\/pt\/wp-json\/wp\/v2\/users\/1"}],"replies":[{"embeddable":true,"href":"https:\/\/www.kieslect.com\/pt\/wp-json\/wp\/v2\/comments?post=17195"}],"version-history":[{"count":0,"href":"https:\/\/www.kieslect.com\/pt\/wp-json\/wp\/v2\/pages\/17195\/revisions"}],"wp:attachment":[{"href":"https:\/\/www.kieslect.com\/pt\/wp-json\/wp\/v2\/media?parent=17195"}],"curies":[{"name":"wp","href":"https:\/\/api.w.org\/{rel}","templated":true}]}}