{"id":23753,"date":"2024-01-16T11:47:50","date_gmt":"2024-01-16T11:47:50","guid":{"rendered":"http:\/\/www.kieslect.com\/?post_type=product&#038;p=23753"},"modified":"2026-05-16T14:19:02","modified_gmt":"2026-05-16T06:19:02","slug":"kieslect-lady-calling-smartwatch-lora","status":"publish","type":"product","link":"https:\/\/www.kieslect.com\/pl\/produkt\/kieslect-lady-calling-smartwatch-lora\/","title":{"rendered":"Kieslect Lady wywo\u0142uj\u0105ca Smartwatch Lora"},"content":{"rendered":"<div class=\"rte\">\n<section id=\"shopify-section-template--16842752917756__fe7b8f77-0695-4670-81e4-15f5004851aa\" class=\"shopify-section spaced-section\">\n<div class=\"row\">\n<p><img decoding=\"async\" src=\"\/wp-content\/uploads\/replace\/88d207c9a36eef40eac7129e4ec3387d.jpeg\" alt=\"Kieslect Loar Smartwatch\" \/><img decoding=\"async\" src=\"\/wp-content\/uploads\/replace\/96f333dc68cc22a16d4684d3e46588a6.jpeg\" alt=\"Kieslect Loar Smartwatch\" \/><img decoding=\"async\" src=\"\/wp-content\/uploads\/replace\/ff7ae6434569d6f97428a342e984e32d.jpeg\" alt=\"Kieslect Loar Smartwatch\" \/><img decoding=\"async\" src=\"\/wp-content\/uploads\/replace\/fb080d37f962c0fcdc91b0aac69d6798.jpeg\" alt=\"lora smartwatch\" \/><img decoding=\"async\" src=\"\/wp-content\/uploads\/replace\/e5c9c21bc1f8a25efd9062e23fde62b9.jpeg\" alt=\"Kieslect Loar Smartwatch\" \/><img decoding=\"async\" src=\"\/wp-content\/uploads\/replace\/ad5a2490a2a5d249c22ad0aacef28c7a.jpeg\" alt=\"Kieslect Loar Smartwatch\" \/><img decoding=\"async\" src=\"\/wp-content\/uploads\/replace\/e9602dece2d0c55acacb7fdfdd91cc4d.jpeg\" alt=\"Kieslect Loar Smartwatch\" \/><img decoding=\"async\" src=\"\/wp-content\/uploads\/replace\/fc759509b7e8552298bc6f4af11f0167.jpeg\" alt=\"Kieslect Loar Smartwatch\" \/><img decoding=\"async\" src=\"\/wp-content\/uploads\/replace\/d84681d588851a585985b8f9acb1da78.jpeg\" alt=\"Kieslect Loar Smartwatch\" \/><img decoding=\"async\" src=\"\/wp-content\/uploads\/replace\/0e2f8b9c5cd8d3efda62e1598f7c4bf8.jpeg\" alt=\"Kieslect Loar Smartwatch\" \/><img decoding=\"async\" src=\"\/wp-content\/uploads\/replace\/7be97d22e842bd999bbdda41f8385143.jpeg\" alt=\"Kieslect Loar Smartwatch\" \/><img decoding=\"async\" src=\"\/wp-content\/uploads\/replace\/1645a771ab68a6850004490edf6af789.jpeg\" alt=\"kieslect_lora_smartwatch\" \/><img decoding=\"async\" src=\"\/wp-content\/uploads\/replace\/18237122a941e1c443a42f8e0ff77d36.jpeg\" alt=\"Kieslect Lady Calling Smartwatch Lora\" \/><\/p>\n<p><strong>Funkcje zegarka Kieslect Lady Calling Lora:<\/strong><\/p>\n<p><strong>\u25cf Kolorowy wy\u015bwietlacz 3D z pe\u0142nym widokiem<\/strong>.<br \/>\nLora mo\u017ce poszczyci\u0107 si\u0119 osza\u0142amiaj\u0105cym, sferycznym, pe\u0142nowymiarowym ekranem 3D typu Semi-Amoled.<\/p>\n<p><strong>\u25cf Bezcieniowa aluminiowa obudowa.<\/strong><br \/>\nW po\u0142\u0105czeniu z modnym designem i bezcieniow\u0105 obudow\u0105 ze stopu aluminium. Wspania\u0142y wygl\u0105d sprawia, \u017ce zegarek ten robi wra\u017cenie i jest szykownym dodatkiem zar\u00f3wno do Twojego codziennego, jak i formalnego stroju, podnosz\u0105c Tw\u00f3j og\u00f3lny styl.<\/p>\n<p><strong>\u25cf Stabilne po\u0142\u0105czenia Bluetooth.<\/strong><br \/>\nSuper stabilne po\u0142\u0105czenie z chipsetem specyficznym dla ca\u0142ego \u015bwiata, mo\u017cesz cieszy\u0107 si\u0119 p\u0142ynnymi po\u0142\u0105czeniami od Lory.<br \/>\nLora posiada doskona\u0142e wbudowane g\u0142o\u015bniki i mikrofony, kt\u00f3re pozwalaj\u0105 odbiera\u0107 po\u0142\u0105czenia na zegarku. Dzi\u0119ki fantastycznej jako\u015bci d\u017awi\u0119ku, gdy nie jest wygodnie podnosi\u0107 telefon kom\u00f3rkowy.<\/p>\n<p><strong>\u25cf Odbieraj po\u0142\u0105czenia bezpo\u015brednio na nadgarstku.<\/strong><br \/>\nMo\u017cesz \u0142atwo odbiera\u0107, odrzuca\u0107, oddzwania\u0107, wybiera\u0107 po\u0142\u0105czenia za pomoc\u0105 klawiatury i \u0142atwo przechowywa\u0107 kontakty. Kiedy jeste\u015b na spacerze, \u0107wiczysz lub le\u017cysz na sofie, pod\u0142\u0105cz Lor\u0119 do telefonu kom\u00f3rkowego, aby mie\u0107 pewno\u015b\u0107, \u017ce nie przegapisz ju\u017c wa\u017cnych po\u0142\u0105cze\u0144. Szybka odpowied\u017a na wiadomo\u015b\u0107 (obecnie nie obs\u0142ugiwana przez system iOS, tylko Android). Gdy nadejdzie niebezpiecze\u0144stwo, kliknij dwukrotnie, aby aktywowa\u0107 SOS.<\/p>\n<p><strong>\u25cf Lista odtwarzania muzyki Hifi Hefnition na nadgarstku.<\/strong><br \/>\nLora obs\u0142uguje mobilne odtwarzanie muzyki, dzi\u0119ki czemu mo\u017cesz sterowa\u0107 muzyk\u0105 na swoim smartfonie za po\u015brednictwem Bluetooth 5.2.<br \/>\nDzi\u0119ki Lorze mo\u017cesz spokojnie cieszy\u0107 si\u0119 doskona\u0142\u0105 muzyk\u0105 HD podczas \u0107wicze\u0144, w\u0119dr\u00f3wek i spacer\u00f3w z psem.<\/p>\n<p><strong>\u25cf Zmie\u0144 sw\u00f3j styl dzi\u0119ki opaskom premium.<\/strong><br \/>\nR\u00f3\u017cnorodno\u015b\u0107 wymiennych pask\u00f3w do zegark\u00f3w o unikalnych wzorach jest opcjonalna, dzi\u0119ki czemu mo\u017cesz zmieni\u0107 sw\u00f3j styl!<\/p>\n<p><strong>\u25cf Inteligentne \u017cycie z asystentem g\u0142osowym.<\/strong><br \/>\nAsystent, Lora dzia\u0142a jako Tw\u00f3j inteligentny asystent \u017cyciowy. Powiedz Lorze: \u201eZadzwo\u0144 do mamy\u201d, \u201eW\u0142\u0105cz muzyk\u0119\u201d.<\/p>\n<p><strong>\u25cf Pasek magnetyczny z mechanizmem szybkiego uwalniania.<\/strong><br \/>\nWiod\u0105cy trend w modzie dzi\u0119ki czterem rodzajom kolokacji premium.<br \/>\nPoczucie komfortu dzi\u0119ki doskona\u0142emu po\u0142\u0105czeniu silikonu i materia\u0142\u00f3w metalowych.<br \/>\n\u0141atwe w noszeniu i rozpinaniu bez konieczno\u015bci dopasowania tradycyjnych klamer.<\/p>\n<\/div>\n<\/section>\n<div id=\"shopify-section-template--16842752917756__bac5a253-d4e3-4184-ab68-f6c69f24403d\" class=\"shopify-section\">\n<div class=\"row\">\n<div class=\"small-12 columns\"><\/div>\n<\/div>\n<\/div>\n<\/div>","protected":false},"excerpt":{"rendered":"<ul>\n<li>\ud83c\udf88 Kup jeden gratis jeden r\u00f3\u017cowy sk\u00f3rzany pasek<\/li>\n<li>\ud83c\udf88 BlingBling Pasek Ksi\u0119\u017cniczki<\/li>\n<li>\ud83c\udf88 Wspania\u0142y sferyczny ekran b\u0105belkowy 3D Fullview<\/li>\n<li>\ud83c\udf88 Stabilne po\u0142\u0105czenia BT, globalny chip telefoniczny 2 w 1<\/li>\n<li>\ud83c\udf88 Odtwarzacz muzyczny na nadgarstku<\/li>\n<li>\ud83c\udf88 Zar\u00f3wno na Androida, jak i iOS<\/li>\n<\/ul>","protected":false},"featured_media":23865,"comment_status":"open","ping_status":"closed","template":"","meta":[],"product_brand":[],"product_cat":[15,463,462,416,460,459,458],"product_tag":[],"class_list":{"0":"post-23753","1":"product","2":"type-product","3":"status-publish","4":"has-post-thumbnail","6":"product_cat-smartwatch","7":"product_cat-calling-smartwatch","8":"product_cat-calling-watch","9":"product_cat-lady-series","10":"product_cat-lady-smartwatch","11":"product_cat-lady-watch","12":"product_cat-smartwatch-for-woman","14":"first","15":"instock","16":"shipping-taxable","17":"product-type-external"},"aioseo_notices":[],"aioseo_head":"\n\t\t<!-- All in One SEO Pro 4.6.5 - aioseo.com -->\n\t\t<meta name=\"description\" content=\"\ud83c\udf88 Buy One Free One Pink Leather Strap \ud83c\udf88 BlingBling Princess Strap \ud83c\udf88 Gorgerous 3D Fullview Spherical Bubble Screen \ud83c\udf88 Stable BT Calls, Global 2-in-1 Calling Chip \ud83c\udf88 Music Player on the wrist \ud83c\udf88 For both Android and IOS\" \/>\n\t\t<meta name=\"robots\" content=\"max-image-preview:large\" \/>\n\t\t<link rel=\"canonical\" href=\"https:\/\/www.kieslect.com\/pl\/produkt\/kieslect-lady-calling-smartwatch-lora\/\" \/>\n\t\t<meta name=\"generator\" content=\"All in One SEO Pro (AIOSEO) 4.6.5\" \/>\n\t\t<meta property=\"og:locale\" content=\"pl_PL\" \/>\n\t\t<meta property=\"og:site_name\" content=\"Kieslect - A Trusted Global Provider of Smart Wearable Solution\" \/>\n\t\t<meta property=\"og:type\" content=\"article\" \/>\n\t\t<meta property=\"og:title\" content=\"Kieslect Lady Calling Smartwatch Lora - Kieslect\" \/>\n\t\t<meta property=\"og:description\" content=\"\ud83c\udf88 Buy One Free One Pink Leather Strap \ud83c\udf88 BlingBling Princess Strap \ud83c\udf88 Gorgerous 3D Fullview Spherical Bubble Screen \ud83c\udf88 Stable BT Calls, Global 2-in-1 Calling Chip \ud83c\udf88 Music Player on the wrist \ud83c\udf88 For both Android and IOS\" \/>\n\t\t<meta property=\"og:url\" content=\"https:\/\/www.kieslect.com\/pl\/produkt\/kieslect-lady-calling-smartwatch-lora\/\" \/>\n\t\t<meta property=\"og:image\" content=\"https:\/\/www.kieslect.com\/wp-content\/uploads\/replace\/83a7c94e588d71936bb1ab2a1c752869.jpeg\" \/>\n\t\t<meta property=\"og:image:secure_url\" content=\"https:\/\/www.kieslect.com\/wp-content\/uploads\/replace\/83a7c94e588d71936bb1ab2a1c752869.jpeg\" \/>\n\t\t<meta property=\"og:image:width\" content=\"300\" \/>\n\t\t<meta property=\"og:image:height\" content=\"169\" \/>\n\t\t<meta property=\"article:published_time\" content=\"2024-01-16T11:47:50+00:00\" \/>\n\t\t<meta property=\"article:modified_time\" content=\"2026-05-16T06:19:02+00:00\" \/>\n\t\t<meta property=\"article:publisher\" content=\"https:\/\/www.facebook.com\/KieslectOfficial\/\" \/>\n\t\t<meta name=\"twitter:card\" content=\"summary_large_image\" \/>\n\t\t<meta name=\"twitter:site\" content=\"@kieslect\" \/>\n\t\t<meta name=\"twitter:title\" content=\"Kieslect Lady Calling Smartwatch Lora - Kieslect\" \/>\n\t\t<meta name=\"twitter:description\" content=\"\ud83c\udf88 Buy One Free One Pink Leather Strap \ud83c\udf88 BlingBling Princess Strap \ud83c\udf88 Gorgerous 3D Fullview Spherical Bubble Screen \ud83c\udf88 Stable BT Calls, Global 2-in-1 Calling Chip \ud83c\udf88 Music Player on the wrist \ud83c\udf88 For both Android and IOS\" \/>\n\t\t<meta name=\"twitter:creator\" content=\"@kieslect\" \/>\n\t\t<meta name=\"twitter:image\" content=\"https:\/\/www.kieslect.com\/wp-content\/uploads\/replace\/83a7c94e588d71936bb1ab2a1c752869.jpeg\" \/>\n\t\t<script type=\"application\/ld+json\" class=\"aioseo-schema\">\n\t\t\t{\"@context\":\"https:\\\/\\\/schema.org\",\"@graph\":[{\"@type\":\"BreadcrumbList\",\"@id\":\"https:\\\/\\\/www.kieslect.com\\\/pl\\\/produkt\\\/kieslect-lady-calling-smartwatch-lora\\\/#breadcrumblist\",\"itemListElement\":[{\"@type\":\"ListItem\",\"@id\":\"https:\\\/\\\/www.kieslect.com\\\/pl\\\/#listItem\",\"position\":1,\"name\":\"Home\",\"item\":\"https:\\\/\\\/www.kieslect.com\\\/pl\\\/\",\"nextItem\":\"https:\\\/\\\/www.kieslect.com\\\/pl\\\/produkt\\\/kieslect-lady-calling-smartwatch-lora\\\/#listItem\"},{\"@type\":\"ListItem\",\"@id\":\"https:\\\/\\\/www.kieslect.com\\\/pl\\\/produkt\\\/kieslect-lady-calling-smartwatch-lora\\\/#listItem\",\"position\":2,\"name\":\"Kieslect Lady Calling Smartwatch Lora\",\"previousItem\":\"https:\\\/\\\/www.kieslect.com\\\/pl\\\/#listItem\"}]},{\"@type\":\"Organization\",\"@id\":\"https:\\\/\\\/www.kieslect.com\\\/pl\\\/#organization\",\"name\":\"Kieslect Smartwatch\",\"description\":\"A Trusted Global Provider of Smart Wearable Solution\",\"url\":\"https:\\\/\\\/www.kieslect.com\\\/pl\\\/\",\"logo\":{\"@type\":\"ImageObject\",\"url\":\"https:\\\/\\\/www.kieslect.com\\\/wp-content\\\/uploads\\\/2024\\\/01\\\/Kieslect-Logo-2_1_335x75_crop_center-1.webp\",\"@id\":\"https:\\\/\\\/www.kieslect.com\\\/pl\\\/produkt\\\/kieslect-lady-calling-smartwatch-lora\\\/#organizationLogo\",\"width\":335,\"height\":75},\"image\":{\"@id\":\"https:\\\/\\\/www.kieslect.com\\\/pl\\\/produkt\\\/kieslect-lady-calling-smartwatch-lora\\\/#organizationLogo\"},\"sameAs\":[\"https:\\\/\\\/www.facebook.com\\\/KieslectOfficial\\\/\",\"https:\\\/\\\/twitter.com\\\/kieslect\",\"https:\\\/\\\/www.instagram.com\\\/kieslect\\\/\"]},{\"@type\":\"Product\",\"@id\":\"https:\\\/\\\/www.kieslect.com\\\/pl\\\/produkt\\\/kieslect-lady-calling-smartwatch-lora\\\/#wooCommerceProduct\",\"name\":\"Kieslect Lady Calling Smartwatch Lora\",\"description\":\"\\ud83c\\udf88 Buy One Free One Pink Leather Strap\\r\\n \\t\\ud83c\\udf88 BlingBling Princess Strap\\r\\n \\t\\ud83c\\udf88 Gorgerous 3D Fullview Spherical Bubble Screen\\r\\n \\t\\ud83c\\udf88 Stable BT Calls, Global 2-in-1 Calling Chip\\r\\n \\t\\ud83c\\udf88 Music Player on the wrist\\r\\n \\t\\ud83c\\udf88 For both Android and IOS\",\"url\":\"https:\\\/\\\/www.kieslect.com\\\/pl\\\/produkt\\\/kieslect-lady-calling-smartwatch-lora\\\/\",\"image\":{\"@type\":\"ImageObject\",\"url\":\"https:\\\/\\\/www.kieslect.com\\\/wp-content\\\/uploads\\\/2024\\\/01\\\/lora_68687576-a841-41e5-bd14-d77044a7dfb8_610x_crop_center.webp\",\"@id\":\"https:\\\/\\\/www.kieslect.com\\\/pl\\\/produkt\\\/kieslect-lady-calling-smartwatch-lora\\\/#productImage\",\"width\":610,\"height\":610},\"offers\":{\"@type\":\"Offer\",\"url\":\"https:\\\/\\\/www.kieslect.com\\\/pl\\\/produkt\\\/kieslect-lady-calling-smartwatch-lora\\\/#wooCommerceOffer\",\"price\":0,\"priceCurrency\":\"USD\",\"category\":\"Smartwatch\",\"availability\":\"https:\\\/\\\/schema.org\\\/InStock\",\"seller\":{\"@type\":\"Organization\",\"@id\":\"https:\\\/\\\/www.kieslect.com\\\/pl\\\/#organization\"}}},{\"@type\":\"WebPage\",\"@id\":\"https:\\\/\\\/www.kieslect.com\\\/pl\\\/produkt\\\/kieslect-lady-calling-smartwatch-lora\\\/#webpage\",\"url\":\"https:\\\/\\\/www.kieslect.com\\\/pl\\\/produkt\\\/kieslect-lady-calling-smartwatch-lora\\\/\",\"name\":\"Kieslect Lady Calling Smartwatch Lora - Kieslect\",\"description\":\"\\ud83c\\udf88 Buy One Free One Pink Leather Strap \\ud83c\\udf88 BlingBling Princess Strap \\ud83c\\udf88 Gorgerous 3D Fullview Spherical Bubble Screen \\ud83c\\udf88 Stable BT Calls, Global 2-in-1 Calling Chip \\ud83c\\udf88 Music Player on the wrist \\ud83c\\udf88 For both Android and IOS\",\"inLanguage\":\"pl-PL\",\"isPartOf\":{\"@id\":\"https:\\\/\\\/www.kieslect.com\\\/pl\\\/#website\"},\"breadcrumb\":{\"@id\":\"https:\\\/\\\/www.kieslect.com\\\/pl\\\/produkt\\\/kieslect-lady-calling-smartwatch-lora\\\/#breadcrumblist\"},\"image\":{\"@type\":\"ImageObject\",\"url\":\"https:\\\/\\\/www.kieslect.com\\\/wp-content\\\/uploads\\\/2024\\\/01\\\/lora_68687576-a841-41e5-bd14-d77044a7dfb8_610x_crop_center.webp\",\"@id\":\"https:\\\/\\\/www.kieslect.com\\\/pl\\\/produkt\\\/kieslect-lady-calling-smartwatch-lora\\\/#mainImage\",\"width\":610,\"height\":610},\"primaryImageOfPage\":{\"@id\":\"https:\\\/\\\/www.kieslect.com\\\/pl\\\/produkt\\\/kieslect-lady-calling-smartwatch-lora\\\/#mainImage\"},\"datePublished\":\"2024-01-16T11:47:50+08:00\",\"dateModified\":\"2026-05-16T14:19:02+08:00\"},{\"@type\":\"WebSite\",\"@id\":\"https:\\\/\\\/www.kieslect.com\\\/pl\\\/#website\",\"url\":\"https:\\\/\\\/www.kieslect.com\\\/pl\\\/\",\"name\":\"Kieslect\",\"description\":\"A Trusted Global Provider of Smart Wearable Solution\",\"inLanguage\":\"pl-PL\",\"publisher\":{\"@id\":\"https:\\\/\\\/www.kieslect.com\\\/pl\\\/#organization\"}}]}\n\t\t<\/script>\n\t\t<!-- All in One SEO Pro -->\r\n\t\t<title>Kieslect Lady Calling Smartwatch Lora - Kieslect<\/title>\n\n","aioseo_head_json":{"title":"Kieslect Lady Calling Smartwatch Lora - Kieslect","description":"\ud83c\udf88 Buy One Free One Pink Leather Strap \ud83c\udf88 BlingBling Princess Strap \ud83c\udf88 Gorgerous 3D Fullview Spherical Bubble Screen \ud83c\udf88 Stable BT Calls, Global 2-in-1 Calling Chip \ud83c\udf88 Music Player on the wrist \ud83c\udf88 For both Android and IOS","canonical_url":"https:\/\/www.kieslect.com\/pl\/produkt\/kieslect-lady-calling-smartwatch-lora\/","robots":"max-image-preview:large","keywords":"","webmasterTools":{"miscellaneous":""},"og:locale":"pl_PL","og:site_name":"Kieslect - A Trusted Global Provider of Smart Wearable Solution","og:type":"article","og:title":"Kieslect Lady Calling Smartwatch Lora - Kieslect","og:description":"\ud83c\udf88 Buy One Free One Pink Leather Strap \ud83c\udf88 BlingBling Princess Strap \ud83c\udf88 Gorgerous 3D Fullview Spherical Bubble Screen \ud83c\udf88 Stable BT Calls, Global 2-in-1 Calling Chip \ud83c\udf88 Music Player on the wrist \ud83c\udf88 For both Android and IOS","og:url":"https:\/\/www.kieslect.com\/pl\/produkt\/kieslect-lady-calling-smartwatch-lora\/","og:image":"https:\/\/www.kieslect.com\/wp-content\/uploads\/replace\/83a7c94e588d71936bb1ab2a1c752869.jpeg","og:image:secure_url":"https:\/\/www.kieslect.com\/wp-content\/uploads\/replace\/83a7c94e588d71936bb1ab2a1c752869.jpeg","og:image:width":300,"og:image:height":169,"article:published_time":"2024-01-16T11:47:50+00:00","article:modified_time":"2026-05-16T06:19:02+00:00","article:publisher":"https:\/\/www.facebook.com\/KieslectOfficial\/","twitter:card":"summary_large_image","twitter:site":"@kieslect","twitter:title":"Kieslect Lady Calling Smartwatch Lora - Kieslect","twitter:description":"\ud83c\udf88 Buy One Free One Pink Leather Strap \ud83c\udf88 BlingBling Princess Strap \ud83c\udf88 Gorgerous 3D Fullview Spherical Bubble Screen \ud83c\udf88 Stable BT Calls, Global 2-in-1 Calling Chip \ud83c\udf88 Music Player on the wrist \ud83c\udf88 For both Android and IOS","twitter:creator":"@kieslect","twitter:image":"https:\/\/www.kieslect.com\/wp-content\/uploads\/replace\/83a7c94e588d71936bb1ab2a1c752869.jpeg","schema":{"@context":"https:\/\/schema.org","@graph":[{"@type":"BreadcrumbList","@id":"https:\/\/www.kieslect.com\/pl\/produkt\/kieslect-lady-calling-smartwatch-lora\/#breadcrumblist","itemListElement":[{"@type":"ListItem","@id":"https:\/\/www.kieslect.com\/pl\/#listItem","position":1,"name":"Home","item":"https:\/\/www.kieslect.com\/pl\/","nextItem":"https:\/\/www.kieslect.com\/pl\/produkt\/kieslect-lady-calling-smartwatch-lora\/#listItem"},{"@type":"ListItem","@id":"https:\/\/www.kieslect.com\/pl\/produkt\/kieslect-lady-calling-smartwatch-lora\/#listItem","position":2,"name":"Kieslect Lady Calling Smartwatch Lora","previousItem":"https:\/\/www.kieslect.com\/pl\/#listItem"}]},{"@type":"Organization","@id":"https:\/\/www.kieslect.com\/pl\/#organization","name":"Kieslect Smartwatch","description":"A Trusted Global Provider of Smart Wearable Solution","url":"https:\/\/www.kieslect.com\/pl\/","logo":{"@type":"ImageObject","url":"https:\/\/www.kieslect.com\/wp-content\/uploads\/2024\/01\/Kieslect-Logo-2_1_335x75_crop_center-1.webp","@id":"https:\/\/www.kieslect.com\/pl\/produkt\/kieslect-lady-calling-smartwatch-lora\/#organizationLogo","width":335,"height":75},"image":{"@id":"https:\/\/www.kieslect.com\/pl\/produkt\/kieslect-lady-calling-smartwatch-lora\/#organizationLogo"},"sameAs":["https:\/\/www.facebook.com\/KieslectOfficial\/","https:\/\/twitter.com\/kieslect","https:\/\/www.instagram.com\/kieslect\/"]},{"@type":"Product","@id":"https:\/\/www.kieslect.com\/pl\/produkt\/kieslect-lady-calling-smartwatch-lora\/#wooCommerceProduct","name":"Kieslect Lady Calling Smartwatch Lora","description":"\ud83c\udf88 Buy One Free One Pink Leather Strap\r\n \t\ud83c\udf88 BlingBling Princess Strap\r\n \t\ud83c\udf88 Gorgerous 3D Fullview Spherical Bubble Screen\r\n \t\ud83c\udf88 Stable BT Calls, Global 2-in-1 Calling Chip\r\n \t\ud83c\udf88 Music Player on the wrist\r\n \t\ud83c\udf88 For both Android and IOS","url":"https:\/\/www.kieslect.com\/pl\/produkt\/kieslect-lady-calling-smartwatch-lora\/","image":{"@type":"ImageObject","url":"https:\/\/www.kieslect.com\/wp-content\/uploads\/2024\/01\/lora_68687576-a841-41e5-bd14-d77044a7dfb8_610x_crop_center.webp","@id":"https:\/\/www.kieslect.com\/pl\/produkt\/kieslect-lady-calling-smartwatch-lora\/#productImage","width":610,"height":610},"offers":{"@type":"Offer","url":"https:\/\/www.kieslect.com\/pl\/produkt\/kieslect-lady-calling-smartwatch-lora\/#wooCommerceOffer","price":0,"priceCurrency":"USD","category":"Smartwatch","availability":"https:\/\/schema.org\/InStock","seller":{"@type":"Organization","@id":"https:\/\/www.kieslect.com\/pl\/#organization"}}},{"@type":"WebPage","@id":"https:\/\/www.kieslect.com\/pl\/produkt\/kieslect-lady-calling-smartwatch-lora\/#webpage","url":"https:\/\/www.kieslect.com\/pl\/produkt\/kieslect-lady-calling-smartwatch-lora\/","name":"Kieslect Lady Calling Smartwatch Lora - Kieslect","description":"\ud83c\udf88 Buy One Free One Pink Leather Strap \ud83c\udf88 BlingBling Princess Strap \ud83c\udf88 Gorgerous 3D Fullview Spherical Bubble Screen \ud83c\udf88 Stable BT Calls, Global 2-in-1 Calling Chip \ud83c\udf88 Music Player on the wrist \ud83c\udf88 For both Android and IOS","inLanguage":"pl-PL","isPartOf":{"@id":"https:\/\/www.kieslect.com\/pl\/#website"},"breadcrumb":{"@id":"https:\/\/www.kieslect.com\/pl\/produkt\/kieslect-lady-calling-smartwatch-lora\/#breadcrumblist"},"image":{"@type":"ImageObject","url":"https:\/\/www.kieslect.com\/wp-content\/uploads\/2024\/01\/lora_68687576-a841-41e5-bd14-d77044a7dfb8_610x_crop_center.webp","@id":"https:\/\/www.kieslect.com\/pl\/produkt\/kieslect-lady-calling-smartwatch-lora\/#mainImage","width":610,"height":610},"primaryImageOfPage":{"@id":"https:\/\/www.kieslect.com\/pl\/produkt\/kieslect-lady-calling-smartwatch-lora\/#mainImage"},"datePublished":"2024-01-16T11:47:50+08:00","dateModified":"2026-05-16T14:19:02+08:00"},{"@type":"WebSite","@id":"https:\/\/www.kieslect.com\/pl\/#website","url":"https:\/\/www.kieslect.com\/pl\/","name":"Kieslect","description":"A Trusted Global Provider of Smart Wearable Solution","inLanguage":"pl-PL","publisher":{"@id":"https:\/\/www.kieslect.com\/pl\/#organization"}}]}},"aioseo_meta_data":{"post_id":"23753","title":null,"description":null,"keywords":null,"keyphrases":"{\"focus\":{\"keyphrase\":\"\",\"score\":0,\"analysis\":{\"keyphraseInTitle\":{\"score\":0,\"maxScore\":9,\"error\":1}}},\"additional\":[]}","primary_term":null,"canonical_url":null,"og_title":null,"og_description":null,"og_object_type":"default","og_image_type":"default","og_image_url":null,"og_image_width":null,"og_image_height":null,"og_image_custom_url":null,"og_image_custom_fields":null,"og_video":"","og_custom_url":null,"og_article_section":null,"og_article_tags":null,"twitter_use_og":false,"twitter_card":"default","twitter_image_type":"default","twitter_image_url":null,"twitter_image_custom_url":null,"twitter_image_custom_fields":null,"twitter_title":null,"twitter_description":null,"schema":{"blockGraphs":[],"customGraphs":[],"default":{"data":{"Article":[],"Course":[],"Dataset":[],"FAQPage":[],"Movie":[],"Person":[],"Product":[],"Recipe":[],"Service":[],"SoftwareApplication":[],"WebPage":[]},"graphName":"Product","isEnabled":true},"graphs":[]},"schema_type":"default","schema_type_options":null,"pillar_content":false,"robots_default":true,"robots_noindex":false,"robots_noarchive":false,"robots_nosnippet":false,"robots_nofollow":false,"robots_noimageindex":false,"robots_noodp":false,"robots_notranslate":false,"robots_max_snippet":"-1","robots_max_videopreview":"-1","robots_max_imagepreview":"large","priority":null,"frequency":"default","local_seo":null,"limit_modified_date":false,"created":"2024-02-26 12:21:33","updated":"2026-05-16 06:31:39"},"aioseo_breadcrumb":"<div class=\"aioseo-breadcrumbs\"><span class=\"aioseo-breadcrumb\">\n\t<a href=\"https:\/\/www.kieslect.com\/pl\" title=\"Home\">Home<\/a>\n<\/span><span class=\"aioseo-breadcrumb-separator\">&raquo;<\/span><span class=\"aioseo-breadcrumb\">\n\t<a href=\"https:\/\/www.kieslect.com\/pl\/shop\/\" title=\"Shop\">Shop<\/a>\n<\/span><span class=\"aioseo-breadcrumb-separator\">&raquo;<\/span><span class=\"aioseo-breadcrumb\">\n\t<a href=\"https:\/\/www.kieslect.com\/pl\/kategoria-produktu\/smartwatch\/\" title=\"Smartwatch\">Smartwatch<\/a>\n<\/span><span class=\"aioseo-breadcrumb-separator\">&raquo;<\/span><span class=\"aioseo-breadcrumb\">\n\t<a href=\"https:\/\/www.kieslect.com\/pl\/kategoria-produktu\/smartwatch\/lady-series\/\" title=\"Lady Series\">Lady Series<\/a>\n<\/span><span class=\"aioseo-breadcrumb-separator\">&raquo;<\/span><span class=\"aioseo-breadcrumb\">\n\tKieslect Lady Calling Smartwatch Lora\n<\/span><\/div>","aioseo_breadcrumb_json":[{"label":"Home","link":"https:\/\/www.kieslect.com\/pl"},{"label":"Shop","link":"https:\/\/www.kieslect.com\/pl\/shop\/"},{"label":"Smartwatch","link":"https:\/\/www.kieslect.com\/pl\/kategoria-produktu\/smartwatch\/"},{"label":"Lady Series","link":"https:\/\/www.kieslect.com\/pl\/kategoria-produktu\/smartwatch\/lady-series\/"},{"label":"Kieslect Lady Calling Smartwatch Lora","link":"https:\/\/www.kieslect.com\/pl\/produkt\/kieslect-lady-calling-smartwatch-lora\/"}],"_links":{"self":[{"href":"https:\/\/www.kieslect.com\/pl\/wp-json\/wp\/v2\/product\/23753","targetHints":{"allow":["GET"]}}],"collection":[{"href":"https:\/\/www.kieslect.com\/pl\/wp-json\/wp\/v2\/product"}],"about":[{"href":"https:\/\/www.kieslect.com\/pl\/wp-json\/wp\/v2\/types\/product"}],"replies":[{"embeddable":true,"href":"https:\/\/www.kieslect.com\/pl\/wp-json\/wp\/v2\/comments?post=23753"}],"version-history":[{"count":0,"href":"https:\/\/www.kieslect.com\/pl\/wp-json\/wp\/v2\/product\/23753\/revisions"}],"wp:featuredmedia":[{"embeddable":true,"href":"https:\/\/www.kieslect.com\/pl\/wp-json\/wp\/v2\/media\/23865"}],"wp:attachment":[{"href":"https:\/\/www.kieslect.com\/pl\/wp-json\/wp\/v2\/media?parent=23753"}],"wp:term":[{"taxonomy":"product_brand","embeddable":true,"href":"https:\/\/www.kieslect.com\/pl\/wp-json\/wp\/v2\/product_brand?post=23753"},{"taxonomy":"product_cat","embeddable":true,"href":"https:\/\/www.kieslect.com\/pl\/wp-json\/wp\/v2\/product_cat?post=23753"},{"taxonomy":"product_tag","embeddable":true,"href":"https:\/\/www.kieslect.com\/pl\/wp-json\/wp\/v2\/product_tag?post=23753"}],"curies":[{"name":"wp","href":"https:\/\/api.w.org\/{rel}","templated":true}]}}