{"id":23752,"date":"2024-01-16T11:47:50","date_gmt":"2024-01-16T11:47:50","guid":{"rendered":"http:\/\/www.kieslect.com\/?post_type=product&#038;p=23752"},"modified":"2026-03-05T19:11:32","modified_gmt":"2026-03-05T11:11:32","slug":"kieslect-calling-smartwatch-kr-pro","status":"publish","type":"product","link":"https:\/\/www.kieslect.com\/pl\/produkt\/kieslect-calling-smartwatch-kr-pro\/","title":{"rendered":"Kieslect Calling Smartwatch Kr Pro"},"content":{"rendered":"<p><img fetchpriority=\"high\" decoding=\"async\" class=\"alignnone size-full wp-image-25529\" title=\"KieslectKrPro-Smartwatch\" src=\"\/wp-content\/uploads\/replace\/e38d41d76976b73df75b18082fba58ad.jpeg\" alt=\"KieslectKrPro-Smartwatch\" width=\"1920\" height=\"1197\" \/><img decoding=\"async\" class=\"alignnone size-full wp-image-25530\" title=\"KrPro_3\" src=\"\/wp-content\/uploads\/replace\/4f5e46d4ae7b64d4a4a06fcaef5b0b17.jpeg\" alt=\"KrPro_3\" width=\"1920\" height=\"2000\" \/><img decoding=\"async\" class=\"alignnone size-full wp-image-25531\" title=\"KieslectKrPro-Smartwatch_2\" src=\"\/wp-content\/uploads\/replace\/84e478d58f5485ba2855f6f08e5e3488.jpeg\" alt=\"KieslectKrPro-Smartwatch_2\" width=\"1920\" height=\"1757\" \/><img loading=\"lazy\" decoding=\"async\" class=\"alignnone size-full wp-image-25532\" title=\"KieslectKrPro-Smartwatch_3\" src=\"\/wp-content\/uploads\/replace\/b833722adae8bacfc1fa85adaff022d9.jpeg\" alt=\"KieslectKrPro-Smartwatch_3\" width=\"1920\" height=\"1683\" \/><img loading=\"lazy\" decoding=\"async\" class=\"alignnone size-full wp-image-25533\" title=\"KieslectKrPro-Smartwatch_4\" src=\"\/wp-content\/uploads\/replace\/72f14ecec044822655c42c78633dba8a.jpeg\" alt=\"KieslectKrPro-Smartwatch_4\" width=\"1920\" height=\"1185\" \/><img loading=\"lazy\" decoding=\"async\" class=\"alignnone size-full wp-image-25534\" title=\"KieslectKrPro-Smartwatch_5\" src=\"\/wp-content\/uploads\/replace\/f1eb11a2620ec4854ba5130374d5cd72.jpeg\" alt=\"KieslectKrPro-Smartwatch_5\" width=\"1920\" height=\"1170\" \/><img loading=\"lazy\" decoding=\"async\" class=\"alignnone size-full wp-image-25536\" title=\"KieslectKrPro-Smartwatch_6\" src=\"\/wp-content\/uploads\/replace\/7ac0400d139919f53ad215154dc3ccc7.jpeg\" alt=\"KieslectKrPro-Smartwatch_6\" width=\"1920\" height=\"1140\" \/><img loading=\"lazy\" decoding=\"async\" class=\"alignnone size-full wp-image-25535\" title=\"KieslectKrPro-Smartwatch_7\" src=\"\/wp-content\/uploads\/replace\/1a9eecb4a9bb5d2d5ef9f9b1370386c1.jpeg\" alt=\"KieslectKrPro-Smartwatch_7\" width=\"1920\" height=\"1110\" \/><img loading=\"lazy\" decoding=\"async\" class=\"alignnone size-full wp-image-25537\" title=\"KrPro_4\" src=\"\/wp-content\/uploads\/replace\/8bdac433eda40892a4634199ed469590.jpeg\" alt=\"KrPro_4\" width=\"1920\" height=\"1955\" \/><img loading=\"lazy\" decoding=\"async\" class=\"alignnone size-full wp-image-25538\" title=\"KieslectKrPro-Smartwatch_9\" src=\"\/wp-content\/uploads\/replace\/04ac5688b52c8417314da0a79ea3bd9d.jpeg\" alt=\"KieslectKrPro-Smartwatch_9\" width=\"1920\" height=\"1070\" \/><img loading=\"lazy\" decoding=\"async\" class=\"alignnone size-full wp-image-25539\" title=\"KrPro_5\" src=\"\/wp-content\/uploads\/replace\/80526464f5f30dc4a1f7836b09ad3c05.jpeg\" alt=\"KrPro_5\" width=\"1920\" height=\"3980\" \/><\/p>\n<p><strong>Funkcje Kieslect Calling Watch Kr Pro:<\/strong><\/p>\n<p><strong>\u25cf Stabilne po\u0142\u0105czenia Bluetooth<\/strong><br \/>\nWyposa\u017cony w wydajny uk\u0142ad telefoniczny 2 w 1 i stabilne po\u0142\u0105czenie Bluetooth 5.2, smartwatch Kr Pro zapewnia stabilne, wyra\u017ane i wysokiej jako\u015bci rozmowy telefoniczne w dowolnym miejscu i czasie.<br \/>\nWygodnie odbieraj i odrzucaj po\u0142\u0105czenia telefoniczne, wybieraj numery i przechowuj do 100 kontakt\u00f3w na swoim Kr!<\/p>\n<p><strong>\u25cf Podw\u00f3jne paski<\/strong><br \/>\nSmartwatch Kr Pro w po\u0142\u0105czeniu z dwoma paskami zapewnia inne wra\u017cenia. Paski mo\u017cna zmienia\u0107 na r\u00f3\u017cne okazje.<\/p>\n<p><strong>\u25cf Wy\u015bwietlacz AMOLED Ultra FHD o przek\u0105tnej 1,43 cala<\/strong><br \/>\nKrystalicznie czysty na pierwszy rzut oka.<br \/>\nDzi\u0119ki niespotykanej przejrzysto\u015bci si\u0119gaj\u0105cej 466 \u00d7 466 pikseli, osza\u0142amiaj\u0105cy du\u017cy kolorowy ekran o przek\u0105tnej 1,43 cala wy\u015bwietla kompleksowe i bogate tre\u015bci wyra\u017aniej, ja\u015bniej i szybciej ni\u017c kiedykolwiek wcze\u015bniej.<\/p>\n<p><strong>\u25cf Delikatna koronka nawigacyjna<\/strong><br \/>\nSuper wygodna obrotowa koronka znacznie u\u0142atwia nawigacj\u0119 i zmienia tarcze zegarka w ci\u0105gu sekundy. Zachwycaj\u0105cy d\u017awi\u0119k przek\u0142adni sprawia, \u017ce zabawa staje si\u0119 jeszcze przyjemniejsza!<\/p>\n<p><strong>\u25cf Odtwarzacz muzyki<\/strong><br \/>\nSmartwatch Kr Pro nie tylko steruje telefonem w celu odtwarzania muzyki, ale tak\u017ce dzia\u0142a jako g\u0142o\u015bnik, dzi\u0119ki czemu mo\u017cesz s\u0142ucha\u0107 muzyki na nadgarstku w dowolnym miejscu i czasie.<\/p>\n<p><strong>\u25cf Inteligentne \u017cycie asystenta g\u0142osowego AI<\/strong><br \/>\nAsystent g\u0142osowy AI pomaga wykonywa\u0107 zadania, takie jak ustawianie alarm\u00f3w, uruchamianie aplikacji lub w\u0142\u0105czanie tryb\u00f3w sportowych za pomoc\u0105 polece\u0144 g\u0142osowych.<\/p>\n<p><strong>\u25cf \u017bywe tarcze zegarka i zawsze w\u0142\u0105czony wy\u015bwietlacz<\/strong><br \/>\nDopasuj sw\u00f3j nastr\u00f3j, str\u00f3j lub inn\u0105 okazj\u0119 dzi\u0119ki szerokiej gamie stylowych tarcz zegark\u00f3w, z kt\u00f3rych ka\u017cda ma pasuj\u0105cy, zawsze w\u0142\u0105czony wy\u015bwietlacz.<\/p>\n<p><strong>\u25cf Monitor kondycji<\/strong><br \/>\nDzi\u0119ki smartwatchowi Kr Pro mo\u017cesz lepiej zrozumie\u0107 sw\u00f3j stan zdrowia, monitoruj\u0105c w czasie rzeczywistym zawarto\u015b\u0107 tlenu we krwi, t\u0119tno i sen, a tak\u017ce wprowadzaj\u0105c w odpowiednim czasie zmiany w celu opracowania zdrowszego stylu \u017cycia.<\/p>\n<p><strong>\u25cf Pomoc SOS<\/strong><br \/>\nSmartwatch Kr Pro wezwie pomoc, kiedy jej potrzebujesz!<\/p>\n<p><strong>\u25cf Szybka odpowied\u017a odmowna<\/strong><br \/>\nJe\u015bli podczas spotkania nadejdzie po\u0142\u0105czenie alarmowe, mo\u017cesz je bezpo\u015brednio odrzuci\u0107, a smartwatch Kr Pro automatycznie odpowie SMS-em dzwoni\u0105cemu.<\/p>\n<p><strong>\u25cf 7-dniowa \u017cywotno\u015b\u0107 baterii<\/strong><br \/>\nJe\u015bli chcesz zainwestowa\u0107 w inteligentny zegarek z niesamowitymi funkcjami, ale jednocze\u015bnie posiadaj\u0105cy doskona\u0142\u0105 \u017cywotno\u015b\u0107 baterii, smartwatch Kr Pro jest najlepszym wyborem!<br \/>\n7 dni na typowe u\u017cytkowanie.<\/p>\n<p><strong>\u25cf 70 tryb\u00f3w sportowych<\/strong><br \/>\nZachowaj zdrowie i osi\u0105gaj swoje cele fitness dzi\u0119ki 70 trybom treningu smartwatcha Kr Pro: bieganie, jazda na rowerze, p\u0142ywanie, pi\u0142ka no\u017cna, wspinaczka, badminton, tenis, ping-pong, hokej, koszyk\u00f3wka, rugby, gimnastyka itp.<\/p>\n<p><strong>\u25cf Pasek magnetyczny z mechanizmem szybkiego uwalniania<\/strong><br \/>\nWiod\u0105cy trend w modzie dzi\u0119ki czterem rodzajom kolokacji premium.<br \/>\nPoczucie komfortu dzi\u0119ki doskona\u0142emu po\u0142\u0105czeniu silikonu i materia\u0142\u00f3w metalowych.<br \/>\n\u0141atwe w noszeniu i rozpinaniu bez konieczno\u015bci dopasowania tradycyjnych klamer.<\/p>","protected":false},"excerpt":{"rendered":"<ul>\n<li>\ud83c\udf88 Stabilne po\u0142\u0105czenia Bluetooth<\/li>\n<li>\ud83c\udf88 Wy\u015bwietlacz AMOLED Ultra FHD o przek\u0105tnej 1,43\u2033<\/li>\n<li>\ud83c\udf88 Dynamiczny, zawsze na wy\u015bwietlaczu<\/li>\n<li>\ud83c\udf88 Delikatna korona nawigacyjna<\/li>\n<li>\ud83c\udf88 Magnetyczny pasek z mechanizmem szybkiego uwalniania<\/li>\n<li>\ud83c\udf88 Kup jeden darmowy pasek<\/li>\n<li>\ud83c\udf88 Odtwarzacz muzyki<\/li>\n<li>\ud83c\udf88 Monitor kondycji<\/li>\n<li>\ud83c\udf88 70 tryb\u00f3w sportowych<\/li>\n<li>\ud83c\udf88 Zar\u00f3wno na Androida, jak i iOS<\/li>\n<\/ul>","protected":false},"featured_media":23810,"comment_status":"open","ping_status":"closed","template":"","meta":[],"product_brand":[],"product_cat":[15,463,462,417,461],"product_tag":[],"class_list":{"0":"post-23752","1":"product","2":"type-product","3":"status-publish","4":"has-post-thumbnail","6":"product_cat-smartwatch","7":"product_cat-calling-smartwatch","8":"product_cat-calling-watch","9":"product_cat-essential-series","10":"product_cat-smart-watches-for-men","12":"first","13":"instock","14":"shipping-taxable","15":"product-type-external"},"aioseo_notices":[],"aioseo_head":"\n\t\t<!-- All in One SEO Pro 4.6.5 - aioseo.com -->\n\t\t<meta name=\"description\" content=\"\ud83c\udf88 Stable Bluetooth Calls \ud83c\udf88 1.43\u2033 Ultra FHD AMOLED Display \ud83c\udf88 Dynamic Always on Display \ud83c\udf88 Delicate Navigation Crown \ud83c\udf88 Magnetic Quick Release Strap \ud83c\udf88 Buy One Free One Strap \ud83c\udf88 Music Player \ud83c\udf88 Fitness Tracker \ud83c\udf88 70 Sports Modes \ud83c\udf88 For both Android and IOS\" \/>\n\t\t<meta name=\"robots\" content=\"max-image-preview:large\" \/>\n\t\t<link rel=\"canonical\" href=\"https:\/\/www.kieslect.com\/pl\/produkt\/kieslect-calling-smartwatch-kr-pro\/\" \/>\n\t\t<meta name=\"generator\" content=\"All in One SEO Pro (AIOSEO) 4.6.5\" \/>\n\t\t<meta property=\"og:locale\" content=\"pl_PL\" \/>\n\t\t<meta property=\"og:site_name\" content=\"Kieslect - A Trusted Global Provider of Smart Wearable Solution\" \/>\n\t\t<meta property=\"og:type\" content=\"article\" \/>\n\t\t<meta property=\"og:title\" content=\"Kieslect Calling Smartwatch Kr Pro - Kieslect\" \/>\n\t\t<meta property=\"og:description\" content=\"\ud83c\udf88 Stable Bluetooth Calls \ud83c\udf88 1.43\u2033 Ultra FHD AMOLED Display \ud83c\udf88 Dynamic Always on Display \ud83c\udf88 Delicate Navigation Crown \ud83c\udf88 Magnetic Quick Release Strap \ud83c\udf88 Buy One Free One Strap \ud83c\udf88 Music Player \ud83c\udf88 Fitness Tracker \ud83c\udf88 70 Sports Modes \ud83c\udf88 For both Android and IOS\" \/>\n\t\t<meta property=\"og:url\" content=\"https:\/\/www.kieslect.com\/pl\/produkt\/kieslect-calling-smartwatch-kr-pro\/\" \/>\n\t\t<meta property=\"og:image\" content=\"https:\/\/www.kieslect.com\/wp-content\/uploads\/replace\/83a7c94e588d71936bb1ab2a1c752869.jpeg\" \/>\n\t\t<meta property=\"og:image:secure_url\" content=\"https:\/\/www.kieslect.com\/wp-content\/uploads\/replace\/83a7c94e588d71936bb1ab2a1c752869.jpeg\" \/>\n\t\t<meta property=\"og:image:width\" content=\"300\" \/>\n\t\t<meta property=\"og:image:height\" content=\"169\" \/>\n\t\t<meta property=\"article:published_time\" content=\"2024-01-16T11:47:50+00:00\" \/>\n\t\t<meta property=\"article:modified_time\" content=\"2026-03-05T11:11:32+00:00\" \/>\n\t\t<meta property=\"article:publisher\" content=\"https:\/\/www.facebook.com\/KieslectOfficial\/\" \/>\n\t\t<meta name=\"twitter:card\" content=\"summary_large_image\" \/>\n\t\t<meta name=\"twitter:site\" content=\"@kieslect\" \/>\n\t\t<meta name=\"twitter:title\" content=\"Kieslect Calling Smartwatch Kr Pro - Kieslect\" \/>\n\t\t<meta name=\"twitter:description\" content=\"\ud83c\udf88 Stable Bluetooth Calls \ud83c\udf88 1.43\u2033 Ultra FHD AMOLED Display \ud83c\udf88 Dynamic Always on Display \ud83c\udf88 Delicate Navigation Crown \ud83c\udf88 Magnetic Quick Release Strap \ud83c\udf88 Buy One Free One Strap \ud83c\udf88 Music Player \ud83c\udf88 Fitness Tracker \ud83c\udf88 70 Sports Modes \ud83c\udf88 For both Android and IOS\" \/>\n\t\t<meta name=\"twitter:creator\" content=\"@kieslect\" \/>\n\t\t<meta name=\"twitter:image\" content=\"https:\/\/www.kieslect.com\/wp-content\/uploads\/replace\/83a7c94e588d71936bb1ab2a1c752869.jpeg\" \/>\n\t\t<script type=\"application\/ld+json\" class=\"aioseo-schema\">\n\t\t\t{\"@context\":\"https:\\\/\\\/schema.org\",\"@graph\":[{\"@type\":\"BreadcrumbList\",\"@id\":\"https:\\\/\\\/www.kieslect.com\\\/pl\\\/produkt\\\/kieslect-calling-smartwatch-kr-pro\\\/#breadcrumblist\",\"itemListElement\":[{\"@type\":\"ListItem\",\"@id\":\"https:\\\/\\\/www.kieslect.com\\\/pl\\\/#listItem\",\"position\":1,\"name\":\"Home\",\"item\":\"https:\\\/\\\/www.kieslect.com\\\/pl\\\/\",\"nextItem\":\"https:\\\/\\\/www.kieslect.com\\\/pl\\\/produkt\\\/kieslect-calling-smartwatch-kr-pro\\\/#listItem\"},{\"@type\":\"ListItem\",\"@id\":\"https:\\\/\\\/www.kieslect.com\\\/pl\\\/produkt\\\/kieslect-calling-smartwatch-kr-pro\\\/#listItem\",\"position\":2,\"name\":\"Kieslect Calling Smartwatch Kr Pro\",\"previousItem\":\"https:\\\/\\\/www.kieslect.com\\\/pl\\\/#listItem\"}]},{\"@type\":\"Organization\",\"@id\":\"https:\\\/\\\/www.kieslect.com\\\/pl\\\/#organization\",\"name\":\"Kieslect Smartwatch\",\"description\":\"A Trusted Global Provider of Smart Wearable Solution\",\"url\":\"https:\\\/\\\/www.kieslect.com\\\/pl\\\/\",\"logo\":{\"@type\":\"ImageObject\",\"url\":\"https:\\\/\\\/www.kieslect.com\\\/wp-content\\\/uploads\\\/2024\\\/01\\\/Kieslect-Logo-2_1_335x75_crop_center-1.webp\",\"@id\":\"https:\\\/\\\/www.kieslect.com\\\/pl\\\/produkt\\\/kieslect-calling-smartwatch-kr-pro\\\/#organizationLogo\",\"width\":335,\"height\":75},\"image\":{\"@id\":\"https:\\\/\\\/www.kieslect.com\\\/pl\\\/produkt\\\/kieslect-calling-smartwatch-kr-pro\\\/#organizationLogo\"},\"sameAs\":[\"https:\\\/\\\/www.facebook.com\\\/KieslectOfficial\\\/\",\"https:\\\/\\\/twitter.com\\\/kieslect\",\"https:\\\/\\\/www.instagram.com\\\/kieslect\\\/\"]},{\"@type\":\"Product\",\"@id\":\"https:\\\/\\\/www.kieslect.com\\\/pl\\\/produkt\\\/kieslect-calling-smartwatch-kr-pro\\\/#wooCommerceProduct\",\"name\":\"Kieslect Calling Smartwatch Kr Pro\",\"description\":\"\\ud83c\\udf88 Stable Bluetooth Calls\\r\\n \\t\\ud83c\\udf88 1.43\\u2033 Ultra FHD AMOLED Display\\r\\n \\t\\ud83c\\udf88 Dynamic Always on Display\\r\\n \\t\\ud83c\\udf88 Delicate Navigation Crown\\r\\n \\t\\ud83c\\udf88 Magnetic Quick Release Strap\\r\\n \\t\\ud83c\\udf88 Buy One Free One Strap\\r\\n \\t\\ud83c\\udf88 Music Player\\r\\n \\t\\ud83c\\udf88 Fitness Tracker\\r\\n \\t\\ud83c\\udf88 70 Sports Modes\\r\\n \\t\\ud83c\\udf88 For both Android and IOS\",\"url\":\"https:\\\/\\\/www.kieslect.com\\\/pl\\\/produkt\\\/kieslect-calling-smartwatch-kr-pro\\\/\",\"image\":{\"@type\":\"ImageObject\",\"url\":\"https:\\\/\\\/www.kieslect.com\\\/wp-content\\\/uploads\\\/2024\\\/01\\\/kr-pro_fa1c3700-4446-4cfa-8b5e-851fe657f55b_610x_crop_center.webp\",\"@id\":\"https:\\\/\\\/www.kieslect.com\\\/pl\\\/produkt\\\/kieslect-calling-smartwatch-kr-pro\\\/#productImage\",\"width\":610,\"height\":610},\"offers\":{\"@type\":\"Offer\",\"url\":\"https:\\\/\\\/www.kieslect.com\\\/pl\\\/produkt\\\/kieslect-calling-smartwatch-kr-pro\\\/#wooCommerceOffer\",\"price\":0,\"priceCurrency\":\"USD\",\"category\":\"Smartwatch\",\"availability\":\"https:\\\/\\\/schema.org\\\/InStock\",\"seller\":{\"@type\":\"Organization\",\"@id\":\"https:\\\/\\\/www.kieslect.com\\\/pl\\\/#organization\"}}},{\"@type\":\"WebPage\",\"@id\":\"https:\\\/\\\/www.kieslect.com\\\/pl\\\/produkt\\\/kieslect-calling-smartwatch-kr-pro\\\/#webpage\",\"url\":\"https:\\\/\\\/www.kieslect.com\\\/pl\\\/produkt\\\/kieslect-calling-smartwatch-kr-pro\\\/\",\"name\":\"Kieslect Calling Smartwatch Kr Pro - Kieslect\",\"description\":\"\\ud83c\\udf88 Stable Bluetooth Calls \\ud83c\\udf88 1.43\\u2033 Ultra FHD AMOLED Display \\ud83c\\udf88 Dynamic Always on Display \\ud83c\\udf88 Delicate Navigation Crown \\ud83c\\udf88 Magnetic Quick Release Strap \\ud83c\\udf88 Buy One Free One Strap \\ud83c\\udf88 Music Player \\ud83c\\udf88 Fitness Tracker \\ud83c\\udf88 70 Sports Modes \\ud83c\\udf88 For both Android and IOS\",\"inLanguage\":\"pl-PL\",\"isPartOf\":{\"@id\":\"https:\\\/\\\/www.kieslect.com\\\/pl\\\/#website\"},\"breadcrumb\":{\"@id\":\"https:\\\/\\\/www.kieslect.com\\\/pl\\\/produkt\\\/kieslect-calling-smartwatch-kr-pro\\\/#breadcrumblist\"},\"image\":{\"@type\":\"ImageObject\",\"url\":\"https:\\\/\\\/www.kieslect.com\\\/wp-content\\\/uploads\\\/2024\\\/01\\\/kr-pro_fa1c3700-4446-4cfa-8b5e-851fe657f55b_610x_crop_center.webp\",\"@id\":\"https:\\\/\\\/www.kieslect.com\\\/pl\\\/produkt\\\/kieslect-calling-smartwatch-kr-pro\\\/#mainImage\",\"width\":610,\"height\":610},\"primaryImageOfPage\":{\"@id\":\"https:\\\/\\\/www.kieslect.com\\\/pl\\\/produkt\\\/kieslect-calling-smartwatch-kr-pro\\\/#mainImage\"},\"datePublished\":\"2024-01-16T11:47:50+08:00\",\"dateModified\":\"2026-03-05T19:11:32+08:00\"},{\"@type\":\"WebSite\",\"@id\":\"https:\\\/\\\/www.kieslect.com\\\/pl\\\/#website\",\"url\":\"https:\\\/\\\/www.kieslect.com\\\/pl\\\/\",\"name\":\"Kieslect\",\"description\":\"A Trusted Global Provider of Smart Wearable Solution\",\"inLanguage\":\"pl-PL\",\"publisher\":{\"@id\":\"https:\\\/\\\/www.kieslect.com\\\/pl\\\/#organization\"}}]}\n\t\t<\/script>\n\t\t<!-- All in One SEO Pro -->\r\n\t\t<title>Kieslect Calling Smartwatch Kr Pro - Kieslect<\/title>\n\n","aioseo_head_json":{"title":"Kieslect Calling Smartwatch Kr Pro - Kieslect","description":"\ud83c\udf88 Stable Bluetooth Calls \ud83c\udf88 1.43\u2033 Ultra FHD AMOLED Display \ud83c\udf88 Dynamic Always on Display \ud83c\udf88 Delicate Navigation Crown \ud83c\udf88 Magnetic Quick Release Strap \ud83c\udf88 Buy One Free One Strap \ud83c\udf88 Music Player \ud83c\udf88 Fitness Tracker \ud83c\udf88 70 Sports Modes \ud83c\udf88 For both Android and IOS","canonical_url":"https:\/\/www.kieslect.com\/pl\/produkt\/kieslect-calling-smartwatch-kr-pro\/","robots":"max-image-preview:large","keywords":"","webmasterTools":{"miscellaneous":""},"og:locale":"pl_PL","og:site_name":"Kieslect - A Trusted Global Provider of Smart Wearable Solution","og:type":"article","og:title":"Kieslect Calling Smartwatch Kr Pro - Kieslect","og:description":"\ud83c\udf88 Stable Bluetooth Calls \ud83c\udf88 1.43\u2033 Ultra FHD AMOLED Display \ud83c\udf88 Dynamic Always on Display \ud83c\udf88 Delicate Navigation Crown \ud83c\udf88 Magnetic Quick Release Strap \ud83c\udf88 Buy One Free One Strap \ud83c\udf88 Music Player \ud83c\udf88 Fitness Tracker \ud83c\udf88 70 Sports Modes \ud83c\udf88 For both Android and IOS","og:url":"https:\/\/www.kieslect.com\/pl\/produkt\/kieslect-calling-smartwatch-kr-pro\/","og:image":"https:\/\/www.kieslect.com\/wp-content\/uploads\/replace\/83a7c94e588d71936bb1ab2a1c752869.jpeg","og:image:secure_url":"https:\/\/www.kieslect.com\/wp-content\/uploads\/replace\/83a7c94e588d71936bb1ab2a1c752869.jpeg","og:image:width":300,"og:image:height":169,"article:published_time":"2024-01-16T11:47:50+00:00","article:modified_time":"2026-03-05T11:11:32+00:00","article:publisher":"https:\/\/www.facebook.com\/KieslectOfficial\/","twitter:card":"summary_large_image","twitter:site":"@kieslect","twitter:title":"Kieslect Calling Smartwatch Kr Pro - Kieslect","twitter:description":"\ud83c\udf88 Stable Bluetooth Calls \ud83c\udf88 1.43\u2033 Ultra FHD AMOLED Display \ud83c\udf88 Dynamic Always on Display \ud83c\udf88 Delicate Navigation Crown \ud83c\udf88 Magnetic Quick Release Strap \ud83c\udf88 Buy One Free One Strap \ud83c\udf88 Music Player \ud83c\udf88 Fitness Tracker \ud83c\udf88 70 Sports Modes \ud83c\udf88 For both Android and IOS","twitter:creator":"@kieslect","twitter:image":"https:\/\/www.kieslect.com\/wp-content\/uploads\/replace\/83a7c94e588d71936bb1ab2a1c752869.jpeg","schema":{"@context":"https:\/\/schema.org","@graph":[{"@type":"BreadcrumbList","@id":"https:\/\/www.kieslect.com\/pl\/produkt\/kieslect-calling-smartwatch-kr-pro\/#breadcrumblist","itemListElement":[{"@type":"ListItem","@id":"https:\/\/www.kieslect.com\/pl\/#listItem","position":1,"name":"Home","item":"https:\/\/www.kieslect.com\/pl\/","nextItem":"https:\/\/www.kieslect.com\/pl\/produkt\/kieslect-calling-smartwatch-kr-pro\/#listItem"},{"@type":"ListItem","@id":"https:\/\/www.kieslect.com\/pl\/produkt\/kieslect-calling-smartwatch-kr-pro\/#listItem","position":2,"name":"Kieslect Calling Smartwatch Kr Pro","previousItem":"https:\/\/www.kieslect.com\/pl\/#listItem"}]},{"@type":"Organization","@id":"https:\/\/www.kieslect.com\/pl\/#organization","name":"Kieslect Smartwatch","description":"A Trusted Global Provider of Smart Wearable Solution","url":"https:\/\/www.kieslect.com\/pl\/","logo":{"@type":"ImageObject","url":"https:\/\/www.kieslect.com\/wp-content\/uploads\/2024\/01\/Kieslect-Logo-2_1_335x75_crop_center-1.webp","@id":"https:\/\/www.kieslect.com\/pl\/produkt\/kieslect-calling-smartwatch-kr-pro\/#organizationLogo","width":335,"height":75},"image":{"@id":"https:\/\/www.kieslect.com\/pl\/produkt\/kieslect-calling-smartwatch-kr-pro\/#organizationLogo"},"sameAs":["https:\/\/www.facebook.com\/KieslectOfficial\/","https:\/\/twitter.com\/kieslect","https:\/\/www.instagram.com\/kieslect\/"]},{"@type":"Product","@id":"https:\/\/www.kieslect.com\/pl\/produkt\/kieslect-calling-smartwatch-kr-pro\/#wooCommerceProduct","name":"Kieslect Calling Smartwatch Kr Pro","description":"\ud83c\udf88 Stable Bluetooth Calls\r\n \t\ud83c\udf88 1.43\u2033 Ultra FHD AMOLED Display\r\n \t\ud83c\udf88 Dynamic Always on Display\r\n \t\ud83c\udf88 Delicate Navigation Crown\r\n \t\ud83c\udf88 Magnetic Quick Release Strap\r\n \t\ud83c\udf88 Buy One Free One Strap\r\n \t\ud83c\udf88 Music Player\r\n \t\ud83c\udf88 Fitness Tracker\r\n \t\ud83c\udf88 70 Sports Modes\r\n \t\ud83c\udf88 For both Android and IOS","url":"https:\/\/www.kieslect.com\/pl\/produkt\/kieslect-calling-smartwatch-kr-pro\/","image":{"@type":"ImageObject","url":"https:\/\/www.kieslect.com\/wp-content\/uploads\/2024\/01\/kr-pro_fa1c3700-4446-4cfa-8b5e-851fe657f55b_610x_crop_center.webp","@id":"https:\/\/www.kieslect.com\/pl\/produkt\/kieslect-calling-smartwatch-kr-pro\/#productImage","width":610,"height":610},"offers":{"@type":"Offer","url":"https:\/\/www.kieslect.com\/pl\/produkt\/kieslect-calling-smartwatch-kr-pro\/#wooCommerceOffer","price":0,"priceCurrency":"USD","category":"Smartwatch","availability":"https:\/\/schema.org\/InStock","seller":{"@type":"Organization","@id":"https:\/\/www.kieslect.com\/pl\/#organization"}}},{"@type":"WebPage","@id":"https:\/\/www.kieslect.com\/pl\/produkt\/kieslect-calling-smartwatch-kr-pro\/#webpage","url":"https:\/\/www.kieslect.com\/pl\/produkt\/kieslect-calling-smartwatch-kr-pro\/","name":"Kieslect Calling Smartwatch Kr Pro - Kieslect","description":"\ud83c\udf88 Stable Bluetooth Calls \ud83c\udf88 1.43\u2033 Ultra FHD AMOLED Display \ud83c\udf88 Dynamic Always on Display \ud83c\udf88 Delicate Navigation Crown \ud83c\udf88 Magnetic Quick Release Strap \ud83c\udf88 Buy One Free One Strap \ud83c\udf88 Music Player \ud83c\udf88 Fitness Tracker \ud83c\udf88 70 Sports Modes \ud83c\udf88 For both Android and IOS","inLanguage":"pl-PL","isPartOf":{"@id":"https:\/\/www.kieslect.com\/pl\/#website"},"breadcrumb":{"@id":"https:\/\/www.kieslect.com\/pl\/produkt\/kieslect-calling-smartwatch-kr-pro\/#breadcrumblist"},"image":{"@type":"ImageObject","url":"https:\/\/www.kieslect.com\/wp-content\/uploads\/2024\/01\/kr-pro_fa1c3700-4446-4cfa-8b5e-851fe657f55b_610x_crop_center.webp","@id":"https:\/\/www.kieslect.com\/pl\/produkt\/kieslect-calling-smartwatch-kr-pro\/#mainImage","width":610,"height":610},"primaryImageOfPage":{"@id":"https:\/\/www.kieslect.com\/pl\/produkt\/kieslect-calling-smartwatch-kr-pro\/#mainImage"},"datePublished":"2024-01-16T11:47:50+08:00","dateModified":"2026-03-05T19:11:32+08:00"},{"@type":"WebSite","@id":"https:\/\/www.kieslect.com\/pl\/#website","url":"https:\/\/www.kieslect.com\/pl\/","name":"Kieslect","description":"A Trusted Global Provider of Smart Wearable Solution","inLanguage":"pl-PL","publisher":{"@id":"https:\/\/www.kieslect.com\/pl\/#organization"}}]}},"aioseo_meta_data":{"post_id":"23752","title":null,"description":null,"keywords":null,"keyphrases":"{\"focus\":{\"keyphrase\":\"\",\"score\":0,\"analysis\":{\"keyphraseInTitle\":{\"score\":0,\"maxScore\":9,\"error\":1}}},\"additional\":[]}","primary_term":null,"canonical_url":null,"og_title":null,"og_description":null,"og_object_type":"default","og_image_type":"default","og_image_url":null,"og_image_width":null,"og_image_height":null,"og_image_custom_url":null,"og_image_custom_fields":null,"og_video":"","og_custom_url":null,"og_article_section":null,"og_article_tags":null,"twitter_use_og":false,"twitter_card":"default","twitter_image_type":"default","twitter_image_url":null,"twitter_image_custom_url":null,"twitter_image_custom_fields":null,"twitter_title":null,"twitter_description":null,"schema":{"blockGraphs":[],"customGraphs":[],"default":{"data":{"Article":[],"Course":[],"Dataset":[],"FAQPage":[],"Movie":[],"Person":[],"Product":[],"Recipe":[],"Service":[],"SoftwareApplication":[],"WebPage":[]},"graphName":"Product","isEnabled":true},"graphs":[]},"schema_type":"default","schema_type_options":null,"pillar_content":false,"robots_default":true,"robots_noindex":false,"robots_noarchive":false,"robots_nosnippet":false,"robots_nofollow":false,"robots_noimageindex":false,"robots_noodp":false,"robots_notranslate":false,"robots_max_snippet":"-1","robots_max_videopreview":"-1","robots_max_imagepreview":"large","priority":null,"frequency":"default","local_seo":null,"limit_modified_date":false,"created":"2024-02-26 12:21:33","updated":"2026-03-05 11:25:36"},"aioseo_breadcrumb":"<div class=\"aioseo-breadcrumbs\"><span class=\"aioseo-breadcrumb\">\n\t<a href=\"https:\/\/www.kieslect.com\/pl\" title=\"Home\">Home<\/a>\n<\/span><span class=\"aioseo-breadcrumb-separator\">&raquo;<\/span><span class=\"aioseo-breadcrumb\">\n\t<a href=\"https:\/\/www.kieslect.com\/pl\/shop\/\" title=\"Shop\">Shop<\/a>\n<\/span><span class=\"aioseo-breadcrumb-separator\">&raquo;<\/span><span class=\"aioseo-breadcrumb\">\n\t<a href=\"https:\/\/www.kieslect.com\/pl\/kategoria-produktu\/smartwatch\/\" title=\"Smartwatch\">Smartwatch<\/a>\n<\/span><span class=\"aioseo-breadcrumb-separator\">&raquo;<\/span><span class=\"aioseo-breadcrumb\">\n\t<a href=\"https:\/\/www.kieslect.com\/pl\/kategoria-produktu\/smartwatch\/essential-series\/\" title=\"Essential Series\">Essential Series<\/a>\n<\/span><span class=\"aioseo-breadcrumb-separator\">&raquo;<\/span><span class=\"aioseo-breadcrumb\">\n\tKieslect Calling Smartwatch Kr Pro\n<\/span><\/div>","aioseo_breadcrumb_json":[{"label":"Home","link":"https:\/\/www.kieslect.com\/pl"},{"label":"Shop","link":"https:\/\/www.kieslect.com\/pl\/shop\/"},{"label":"Smartwatch","link":"https:\/\/www.kieslect.com\/pl\/kategoria-produktu\/smartwatch\/"},{"label":"Essential Series","link":"https:\/\/www.kieslect.com\/pl\/kategoria-produktu\/smartwatch\/essential-series\/"},{"label":"Kieslect Calling Smartwatch Kr Pro","link":"https:\/\/www.kieslect.com\/pl\/produkt\/kieslect-calling-smartwatch-kr-pro\/"}],"_links":{"self":[{"href":"https:\/\/www.kieslect.com\/pl\/wp-json\/wp\/v2\/product\/23752","targetHints":{"allow":["GET"]}}],"collection":[{"href":"https:\/\/www.kieslect.com\/pl\/wp-json\/wp\/v2\/product"}],"about":[{"href":"https:\/\/www.kieslect.com\/pl\/wp-json\/wp\/v2\/types\/product"}],"replies":[{"embeddable":true,"href":"https:\/\/www.kieslect.com\/pl\/wp-json\/wp\/v2\/comments?post=23752"}],"version-history":[{"count":0,"href":"https:\/\/www.kieslect.com\/pl\/wp-json\/wp\/v2\/product\/23752\/revisions"}],"wp:featuredmedia":[{"embeddable":true,"href":"https:\/\/www.kieslect.com\/pl\/wp-json\/wp\/v2\/media\/23810"}],"wp:attachment":[{"href":"https:\/\/www.kieslect.com\/pl\/wp-json\/wp\/v2\/media?parent=23752"}],"wp:term":[{"taxonomy":"product_brand","embeddable":true,"href":"https:\/\/www.kieslect.com\/pl\/wp-json\/wp\/v2\/product_brand?post=23752"},{"taxonomy":"product_cat","embeddable":true,"href":"https:\/\/www.kieslect.com\/pl\/wp-json\/wp\/v2\/product_cat?post=23752"},{"taxonomy":"product_tag","embeddable":true,"href":"https:\/\/www.kieslect.com\/pl\/wp-json\/wp\/v2\/product_tag?post=23752"}],"curies":[{"name":"wp","href":"https:\/\/api.w.org\/{rel}","templated":true}]}}