{"id":23750,"date":"2024-01-16T11:47:49","date_gmt":"2024-01-16T11:47:49","guid":{"rendered":"http:\/\/www.kieslect.com\/?post_type=product&#038;p=23750"},"modified":"2026-05-10T08:46:01","modified_gmt":"2026-05-10T00:46:01","slug":"kieslect-calling-smartwatch-ks-mini","status":"publish","type":"product","link":"https:\/\/www.kieslect.com\/pl\/produkt\/kieslect-calling-smartwatch-ks-mini\/","title":{"rendered":"Kieslect Calling Smartwatch Ks Mini"},"content":{"rendered":"<p><img decoding=\"async\" src=\"\/wp-content\/uploads\/replace\/92858e751bf3c5f5ce5345dee59c3b3e.jpeg\" alt=\"Kieslect smartwatch Ks mini\" \/><img decoding=\"async\" src=\"\/wp-content\/uploads\/replace\/0f5c0bb84502a416fc8bfa0a5074f49f.jpeg\" alt=\"Kieslect smartwatch Ks mini\" \/><img decoding=\"async\" src=\"\/wp-content\/uploads\/replace\/dc0ef5a0f9a1e4c5d450fd0678df1f2c.jpeg\" alt=\"Kieslect smartwatch Ks mini\" \/><img decoding=\"async\" src=\"\/wp-content\/uploads\/replace\/32cdfe167dff194d1fa650ea63bf238f.jpeg\" alt=\"Kieslect smartwatch Ks mini\" \/><img decoding=\"async\" src=\"\/wp-content\/uploads\/replace\/c8e2d1fda13ed0783ea0a5819c8221fa.jpeg\" alt=\"Kieslect smartwatch Ks mini\" \/><img decoding=\"async\" src=\"\/wp-content\/uploads\/replace\/1863ee869d1dbe29805ca429707eb4da.jpeg\" alt=\"Kieslect smartwatch Ks mini\" \/><img decoding=\"async\" src=\"\/wp-content\/uploads\/replace\/ba83014016cd0114f666a8c46e27b9d3.jpeg\" alt=\"Kieslect smartwatch Ks mini\" \/><img decoding=\"async\" src=\"\/wp-content\/uploads\/replace\/d96d63591ed8b7d79ff1562777116400.jpeg\" alt=\"Kieslect Calling Smartwatch Ks Mini\" \/><\/p>\n<p><strong>Funkcje Kieslect Smart Calling Watch Ks Mini:<\/strong><\/p>\n<p><strong>\u25cf Wyra\u017ane i stabilne po\u0142\u0105czenia Bluetooth<\/strong><br \/>\nDzi\u0119ki wci\u0105\u017c wydajnemu uk\u0142adowi rozm\u00f3w 2 w 1 i stabilnemu po\u0142\u0105czeniu Bluetooth 5.2, Ks mini zapewnia stabilne, wyra\u017ane i wysokiej jako\u015bci rozmowy w dowolnym miejscu i czasie. Ponadto ksi\u0105\u017cka adresowa mo\u017ce pomie\u015bci\u0107 do 100 os\u00f3b i zapewnia du\u017c\u0105 rezerw\u0119 komunikacyjn\u0105.<\/p>\n<p><strong>\u25cf Ostrze\u017cenie o nieprawid\u0142owym t\u0119tnie<\/strong><br \/>\nT\u0119tno jest jedn\u0105 z podstawowych danych codziennego zarz\u0105dzania stanem zdrowia. A ostrzeganie o nieprawid\u0142owym t\u0119tnie jest najwy\u017cszym priorytetem. Dzi\u0119ki wykrywaniu danych naukowych zapewniamy silny mechanizm przypominaj\u0105cy o nag\u0142ych zaburzeniach t\u0119tna, dzi\u0119ki czemu wiesz o nag\u0142ym stanie organizmu ju\u017c po raz pierwszy.<\/p>\n<p><strong>\u25cf Kolorowy wy\u015bwietlacz Amoled HD o przek\u0105tnej 1,78\u2033<\/strong><br \/>\nTekstura HD wy\u015bwietlacza zapewnia wyra\u017an\u0105 przyjemno\u015b\u0107 wizualn\u0105, a bardzo du\u017cy ekran o przek\u0105tnej 1,78 cala zapewnia wygodn\u0105 i przestronn\u0105 przestrze\u0144 do wy\u015bwietlania wydajno\u015bci w r\u00f3\u017cnych wymiarach. To, co skondensowane na ma\u0142ym ekranie, to d\u0105\u017cenie do wizualnej doskona\u0142o\u015bci.<\/p>\n<p><strong>\u25cf \u0141atwe zarz\u0105dzanie zdrowiem przez ca\u0142\u0105 dob\u0119<\/strong><br \/>\nKs mini to smartwatch dbaj\u0105cy o zdrowie, kt\u00f3ry jednym klikni\u0119ciem zarz\u0105dza wa\u017cnymi danymi dotycz\u0105cymi zdrowia. Posiada wiele zaawansowanych czujnik\u00f3w, kt\u00f3re zapewniaj\u0105 ca\u0142odobowe inteligentne monitorowanie poziomu tlenu we krwi i t\u0119tna oraz \u015bledzenie wzorc\u00f3w snu, zapewniaj\u0105c codziennie kompleksowy zapis danych zdrowotnych.<\/p>\n<p><strong>\u25cf Dynamiczny Ul<\/strong><br \/>\nOgraniczona przestrze\u0144 na ekranie zapewnia u\u017cytkownikom nieograniczone dynamiczne wra\u017cenia wizualne, a najbardziej zwi\u0119z\u0142y styl zapewnia u\u017cytkownikom przejrzyst\u0105 nawigacj\u0119 wizualn\u0105. U\u017cytkownik mo\u017ce opanowa\u0107 poszczeg\u00f3lne etapy procesu operacyjnego dzi\u0119ki g\u0142adkiemu dotykowi. Humanizowany projekt projektanta zapewnia u\u017cytkownikom doskona\u0142e poczucie do\u015bwiadczenia naukowego i technologicznego.<\/p>","protected":false},"excerpt":{"rendered":"<ul>\n<li>Clear &amp; Stable Bluetooth Calls<\/li>\n<li>Abnormal Heart Rate Warning<\/li>\n<li>1.78&#8243; HD Colorful Amoled Display<\/li>\n<li>Easy 24H Health Management<\/li>\n<li>Dynamic Ul<\/li>\n<li>For both Android and IOS<\/li>\n<\/ul>","protected":false},"featured_media":23798,"comment_status":"open","ping_status":"closed","template":"","meta":[],"product_brand":[],"product_cat":[15,463,462,417,461],"product_tag":[],"class_list":{"0":"post-23750","1":"product","2":"type-product","3":"status-publish","4":"has-post-thumbnail","6":"product_cat-smartwatch","7":"product_cat-calling-smartwatch","8":"product_cat-calling-watch","9":"product_cat-essential-series","10":"product_cat-smart-watches-for-men","12":"first","13":"instock","14":"shipping-taxable","15":"product-type-external"},"aioseo_notices":[],"aioseo_head":"\n\t\t<!-- All in One SEO Pro 4.6.5 - aioseo.com -->\n\t\t<meta name=\"description\" content=\"Clear &amp; Stable Bluetooth Calls Abnormal Heart Rate Warning 1.78&quot; HD Colorful Amoled Display Easy 24H Health Management Dynamic Ul For both Android and IOS\" \/>\n\t\t<meta name=\"robots\" content=\"max-image-preview:large\" \/>\n\t\t<link rel=\"canonical\" href=\"https:\/\/www.kieslect.com\/pl\/produkt\/kieslect-calling-smartwatch-ks-mini\/\" \/>\n\t\t<meta name=\"generator\" content=\"All in One SEO Pro (AIOSEO) 4.6.5\" \/>\n\t\t<meta property=\"og:locale\" content=\"pl_PL\" \/>\n\t\t<meta property=\"og:site_name\" content=\"Kieslect - A Trusted Global Provider of Smart Wearable Solution\" \/>\n\t\t<meta property=\"og:type\" content=\"article\" \/>\n\t\t<meta property=\"og:title\" content=\"Kieslect Calling Smartwatch Ks Mini - Kieslect\" \/>\n\t\t<meta property=\"og:description\" content=\"Clear &amp; Stable Bluetooth Calls Abnormal Heart Rate Warning 1.78&quot; HD Colorful Amoled Display Easy 24H Health Management Dynamic Ul For both Android and IOS\" \/>\n\t\t<meta property=\"og:url\" content=\"https:\/\/www.kieslect.com\/pl\/produkt\/kieslect-calling-smartwatch-ks-mini\/\" \/>\n\t\t<meta property=\"og:image\" content=\"https:\/\/www.kieslect.com\/wp-content\/uploads\/replace\/83a7c94e588d71936bb1ab2a1c752869.jpeg\" \/>\n\t\t<meta property=\"og:image:secure_url\" content=\"https:\/\/www.kieslect.com\/wp-content\/uploads\/replace\/83a7c94e588d71936bb1ab2a1c752869.jpeg\" \/>\n\t\t<meta property=\"og:image:width\" content=\"300\" \/>\n\t\t<meta property=\"og:image:height\" content=\"169\" \/>\n\t\t<meta property=\"article:published_time\" content=\"2024-01-16T11:47:49+00:00\" \/>\n\t\t<meta property=\"article:modified_time\" content=\"2026-05-10T00:46:01+00:00\" \/>\n\t\t<meta property=\"article:publisher\" content=\"https:\/\/www.facebook.com\/KieslectOfficial\/\" \/>\n\t\t<meta name=\"twitter:card\" content=\"summary_large_image\" \/>\n\t\t<meta name=\"twitter:site\" content=\"@kieslect\" \/>\n\t\t<meta name=\"twitter:title\" content=\"Kieslect Calling Smartwatch Ks Mini - Kieslect\" \/>\n\t\t<meta name=\"twitter:description\" content=\"Clear &amp; Stable Bluetooth Calls Abnormal Heart Rate Warning 1.78&quot; HD Colorful Amoled Display Easy 24H Health Management Dynamic Ul For both Android and IOS\" \/>\n\t\t<meta name=\"twitter:creator\" content=\"@kieslect\" \/>\n\t\t<meta name=\"twitter:image\" content=\"https:\/\/www.kieslect.com\/wp-content\/uploads\/replace\/83a7c94e588d71936bb1ab2a1c752869.jpeg\" \/>\n\t\t<script type=\"application\/ld+json\" class=\"aioseo-schema\">\n\t\t\t{\"@context\":\"https:\\\/\\\/schema.org\",\"@graph\":[{\"@type\":\"BreadcrumbList\",\"@id\":\"https:\\\/\\\/www.kieslect.com\\\/pl\\\/produkt\\\/kieslect-calling-smartwatch-ks-mini\\\/#breadcrumblist\",\"itemListElement\":[{\"@type\":\"ListItem\",\"@id\":\"https:\\\/\\\/www.kieslect.com\\\/pl\\\/#listItem\",\"position\":1,\"name\":\"Home\",\"item\":\"https:\\\/\\\/www.kieslect.com\\\/pl\\\/\",\"nextItem\":\"https:\\\/\\\/www.kieslect.com\\\/pl\\\/produkt\\\/kieslect-calling-smartwatch-ks-mini\\\/#listItem\"},{\"@type\":\"ListItem\",\"@id\":\"https:\\\/\\\/www.kieslect.com\\\/pl\\\/produkt\\\/kieslect-calling-smartwatch-ks-mini\\\/#listItem\",\"position\":2,\"name\":\"Kieslect Calling Smartwatch Ks Mini\",\"previousItem\":\"https:\\\/\\\/www.kieslect.com\\\/pl\\\/#listItem\"}]},{\"@type\":\"Organization\",\"@id\":\"https:\\\/\\\/www.kieslect.com\\\/pl\\\/#organization\",\"name\":\"Kieslect Smartwatch\",\"description\":\"A Trusted Global Provider of Smart Wearable Solution\",\"url\":\"https:\\\/\\\/www.kieslect.com\\\/pl\\\/\",\"logo\":{\"@type\":\"ImageObject\",\"url\":\"https:\\\/\\\/www.kieslect.com\\\/wp-content\\\/uploads\\\/2024\\\/01\\\/Kieslect-Logo-2_1_335x75_crop_center-1.webp\",\"@id\":\"https:\\\/\\\/www.kieslect.com\\\/pl\\\/produkt\\\/kieslect-calling-smartwatch-ks-mini\\\/#organizationLogo\",\"width\":335,\"height\":75},\"image\":{\"@id\":\"https:\\\/\\\/www.kieslect.com\\\/pl\\\/produkt\\\/kieslect-calling-smartwatch-ks-mini\\\/#organizationLogo\"},\"sameAs\":[\"https:\\\/\\\/www.facebook.com\\\/KieslectOfficial\\\/\",\"https:\\\/\\\/twitter.com\\\/kieslect\",\"https:\\\/\\\/www.instagram.com\\\/kieslect\\\/\"]},{\"@type\":\"Product\",\"@id\":\"https:\\\/\\\/www.kieslect.com\\\/pl\\\/produkt\\\/kieslect-calling-smartwatch-ks-mini\\\/#wooCommerceProduct\",\"name\":\"Kieslect Calling Smartwatch Ks Mini\",\"description\":\"Clear &amp; Stable Bluetooth Calls\\r\\n \\tAbnormal Heart Rate Warning\\r\\n \\t1.78\\\" HD Colorful Amoled Display\\r\\n \\tEasy 24H Health Management\\r\\n \\tDynamic Ul\\r\\n \\tFor both Android and IOS\",\"url\":\"https:\\\/\\\/www.kieslect.com\\\/pl\\\/produkt\\\/kieslect-calling-smartwatch-ks-mini\\\/\",\"image\":{\"@type\":\"ImageObject\",\"url\":\"https:\\\/\\\/www.kieslect.com\\\/wp-content\\\/uploads\\\/2024\\\/01\\\/KSMINI_2.webp\",\"@id\":\"https:\\\/\\\/www.kieslect.com\\\/pl\\\/produkt\\\/kieslect-calling-smartwatch-ks-mini\\\/#productImage\",\"width\":1000,\"height\":1000},\"offers\":{\"@type\":\"Offer\",\"url\":\"https:\\\/\\\/www.kieslect.com\\\/pl\\\/produkt\\\/kieslect-calling-smartwatch-ks-mini\\\/#wooCommerceOffer\",\"price\":0,\"priceCurrency\":\"USD\",\"category\":\"Smartwatch\",\"availability\":\"https:\\\/\\\/schema.org\\\/InStock\",\"seller\":{\"@type\":\"Organization\",\"@id\":\"https:\\\/\\\/www.kieslect.com\\\/pl\\\/#organization\"}},\"aggregateRating\":{\"@type\":\"AggregateRating\",\"@id\":\"https:\\\/\\\/www.kieslect.com\\\/pl\\\/produkt\\\/kieslect-calling-smartwatch-ks-mini\\\/#aggregrateRating\",\"worstRating\":1,\"bestRating\":5,\"ratingValue\":4,\"reviewCount\":2},\"review\":[{\"@type\":\"Review\",\"reviewRating\":{\"@type\":\"Rating\",\"ratingValue\":5,\"worstRating\":1,\"bestRating\":5},\"author\":{\"@type\":\"Person\",\"name\":\"Angel Gordillo\"},\"datePublished\":\"2024-12-16T13:40:03+08:00\",\"reviewBody\":\"Muy Satisfecho con este buen smartwatch\"},{\"@type\":\"Review\",\"reviewRating\":{\"@type\":\"Rating\",\"ratingValue\":3,\"worstRating\":1,\"bestRating\":5},\"author\":{\"@type\":\"Person\",\"name\":\"Simu\"},\"datePublished\":\"2024-04-30T11:41:10+08:00\",\"reviewBody\":\"This Smart Watch Bangla Supported?\"}]},{\"@type\":\"WebPage\",\"@id\":\"https:\\\/\\\/www.kieslect.com\\\/pl\\\/produkt\\\/kieslect-calling-smartwatch-ks-mini\\\/#webpage\",\"url\":\"https:\\\/\\\/www.kieslect.com\\\/pl\\\/produkt\\\/kieslect-calling-smartwatch-ks-mini\\\/\",\"name\":\"Kieslect Calling Smartwatch Ks Mini - Kieslect\",\"description\":\"Clear & Stable Bluetooth Calls Abnormal Heart Rate Warning 1.78\\\" HD Colorful Amoled Display Easy 24H Health Management Dynamic Ul For both Android and IOS\",\"inLanguage\":\"pl-PL\",\"isPartOf\":{\"@id\":\"https:\\\/\\\/www.kieslect.com\\\/pl\\\/#website\"},\"breadcrumb\":{\"@id\":\"https:\\\/\\\/www.kieslect.com\\\/pl\\\/produkt\\\/kieslect-calling-smartwatch-ks-mini\\\/#breadcrumblist\"},\"image\":{\"@type\":\"ImageObject\",\"url\":\"https:\\\/\\\/www.kieslect.com\\\/wp-content\\\/uploads\\\/2024\\\/01\\\/KSMINI_2.webp\",\"@id\":\"https:\\\/\\\/www.kieslect.com\\\/pl\\\/produkt\\\/kieslect-calling-smartwatch-ks-mini\\\/#mainImage\",\"width\":1000,\"height\":1000},\"primaryImageOfPage\":{\"@id\":\"https:\\\/\\\/www.kieslect.com\\\/pl\\\/produkt\\\/kieslect-calling-smartwatch-ks-mini\\\/#mainImage\"},\"datePublished\":\"2024-01-16T11:47:49+08:00\",\"dateModified\":\"2026-05-10T08:46:01+08:00\"},{\"@type\":\"WebSite\",\"@id\":\"https:\\\/\\\/www.kieslect.com\\\/pl\\\/#website\",\"url\":\"https:\\\/\\\/www.kieslect.com\\\/pl\\\/\",\"name\":\"Kieslect\",\"description\":\"A Trusted Global Provider of Smart Wearable Solution\",\"inLanguage\":\"pl-PL\",\"publisher\":{\"@id\":\"https:\\\/\\\/www.kieslect.com\\\/pl\\\/#organization\"}}]}\n\t\t<\/script>\n\t\t<!-- All in One SEO Pro -->\r\n\t\t<title>Kieslect Calling Smartwatch Ks Mini - Kieslect<\/title>\n\n","aioseo_head_json":{"title":"Kieslect Calling Smartwatch Ks Mini - Kieslect","description":"Clear & Stable Bluetooth Calls Abnormal Heart Rate Warning 1.78\" HD Colorful Amoled Display Easy 24H Health Management Dynamic Ul For both Android and IOS","canonical_url":"https:\/\/www.kieslect.com\/pl\/produkt\/kieslect-calling-smartwatch-ks-mini\/","robots":"max-image-preview:large","keywords":"","webmasterTools":{"miscellaneous":""},"og:locale":"pl_PL","og:site_name":"Kieslect - A Trusted Global Provider of Smart Wearable Solution","og:type":"article","og:title":"Kieslect Calling Smartwatch Ks Mini - Kieslect","og:description":"Clear &amp; Stable Bluetooth Calls Abnormal Heart Rate Warning 1.78&quot; HD Colorful Amoled Display Easy 24H Health Management Dynamic Ul For both Android and IOS","og:url":"https:\/\/www.kieslect.com\/pl\/produkt\/kieslect-calling-smartwatch-ks-mini\/","og:image":"https:\/\/www.kieslect.com\/wp-content\/uploads\/replace\/83a7c94e588d71936bb1ab2a1c752869.jpeg","og:image:secure_url":"https:\/\/www.kieslect.com\/wp-content\/uploads\/replace\/83a7c94e588d71936bb1ab2a1c752869.jpeg","og:image:width":300,"og:image:height":169,"article:published_time":"2024-01-16T11:47:49+00:00","article:modified_time":"2026-05-10T00:46:01+00:00","article:publisher":"https:\/\/www.facebook.com\/KieslectOfficial\/","twitter:card":"summary_large_image","twitter:site":"@kieslect","twitter:title":"Kieslect Calling Smartwatch Ks Mini - Kieslect","twitter:description":"Clear &amp; Stable Bluetooth Calls Abnormal Heart Rate Warning 1.78&quot; HD Colorful Amoled Display Easy 24H Health Management Dynamic Ul For both Android and IOS","twitter:creator":"@kieslect","twitter:image":"https:\/\/www.kieslect.com\/wp-content\/uploads\/replace\/83a7c94e588d71936bb1ab2a1c752869.jpeg","schema":{"@context":"https:\/\/schema.org","@graph":[{"@type":"BreadcrumbList","@id":"https:\/\/www.kieslect.com\/pl\/produkt\/kieslect-calling-smartwatch-ks-mini\/#breadcrumblist","itemListElement":[{"@type":"ListItem","@id":"https:\/\/www.kieslect.com\/pl\/#listItem","position":1,"name":"Home","item":"https:\/\/www.kieslect.com\/pl\/","nextItem":"https:\/\/www.kieslect.com\/pl\/produkt\/kieslect-calling-smartwatch-ks-mini\/#listItem"},{"@type":"ListItem","@id":"https:\/\/www.kieslect.com\/pl\/produkt\/kieslect-calling-smartwatch-ks-mini\/#listItem","position":2,"name":"Kieslect Calling Smartwatch Ks Mini","previousItem":"https:\/\/www.kieslect.com\/pl\/#listItem"}]},{"@type":"Organization","@id":"https:\/\/www.kieslect.com\/pl\/#organization","name":"Kieslect Smartwatch","description":"A Trusted Global Provider of Smart Wearable Solution","url":"https:\/\/www.kieslect.com\/pl\/","logo":{"@type":"ImageObject","url":"https:\/\/www.kieslect.com\/wp-content\/uploads\/2024\/01\/Kieslect-Logo-2_1_335x75_crop_center-1.webp","@id":"https:\/\/www.kieslect.com\/pl\/produkt\/kieslect-calling-smartwatch-ks-mini\/#organizationLogo","width":335,"height":75},"image":{"@id":"https:\/\/www.kieslect.com\/pl\/produkt\/kieslect-calling-smartwatch-ks-mini\/#organizationLogo"},"sameAs":["https:\/\/www.facebook.com\/KieslectOfficial\/","https:\/\/twitter.com\/kieslect","https:\/\/www.instagram.com\/kieslect\/"]},{"@type":"Product","@id":"https:\/\/www.kieslect.com\/pl\/produkt\/kieslect-calling-smartwatch-ks-mini\/#wooCommerceProduct","name":"Kieslect Calling Smartwatch Ks Mini","description":"Clear &amp; Stable Bluetooth Calls\r\n \tAbnormal Heart Rate Warning\r\n \t1.78\" HD Colorful Amoled Display\r\n \tEasy 24H Health Management\r\n \tDynamic Ul\r\n \tFor both Android and IOS","url":"https:\/\/www.kieslect.com\/pl\/produkt\/kieslect-calling-smartwatch-ks-mini\/","image":{"@type":"ImageObject","url":"https:\/\/www.kieslect.com\/wp-content\/uploads\/2024\/01\/KSMINI_2.webp","@id":"https:\/\/www.kieslect.com\/pl\/produkt\/kieslect-calling-smartwatch-ks-mini\/#productImage","width":1000,"height":1000},"offers":{"@type":"Offer","url":"https:\/\/www.kieslect.com\/pl\/produkt\/kieslect-calling-smartwatch-ks-mini\/#wooCommerceOffer","price":0,"priceCurrency":"USD","category":"Smartwatch","availability":"https:\/\/schema.org\/InStock","seller":{"@type":"Organization","@id":"https:\/\/www.kieslect.com\/pl\/#organization"}},"aggregateRating":{"@type":"AggregateRating","@id":"https:\/\/www.kieslect.com\/pl\/produkt\/kieslect-calling-smartwatch-ks-mini\/#aggregrateRating","worstRating":1,"bestRating":5,"ratingValue":4,"reviewCount":2},"review":[{"@type":"Review","reviewRating":{"@type":"Rating","ratingValue":5,"worstRating":1,"bestRating":5},"author":{"@type":"Person","name":"Angel Gordillo"},"datePublished":"2024-12-16T13:40:03+08:00","reviewBody":"Muy Satisfecho con este buen smartwatch"},{"@type":"Review","reviewRating":{"@type":"Rating","ratingValue":3,"worstRating":1,"bestRating":5},"author":{"@type":"Person","name":"Simu"},"datePublished":"2024-04-30T11:41:10+08:00","reviewBody":"This Smart Watch Bangla Supported?"}]},{"@type":"WebPage","@id":"https:\/\/www.kieslect.com\/pl\/produkt\/kieslect-calling-smartwatch-ks-mini\/#webpage","url":"https:\/\/www.kieslect.com\/pl\/produkt\/kieslect-calling-smartwatch-ks-mini\/","name":"Kieslect Calling Smartwatch Ks Mini - Kieslect","description":"Clear & Stable Bluetooth Calls Abnormal Heart Rate Warning 1.78\" HD Colorful Amoled Display Easy 24H Health Management Dynamic Ul For both Android and IOS","inLanguage":"pl-PL","isPartOf":{"@id":"https:\/\/www.kieslect.com\/pl\/#website"},"breadcrumb":{"@id":"https:\/\/www.kieslect.com\/pl\/produkt\/kieslect-calling-smartwatch-ks-mini\/#breadcrumblist"},"image":{"@type":"ImageObject","url":"https:\/\/www.kieslect.com\/wp-content\/uploads\/2024\/01\/KSMINI_2.webp","@id":"https:\/\/www.kieslect.com\/pl\/produkt\/kieslect-calling-smartwatch-ks-mini\/#mainImage","width":1000,"height":1000},"primaryImageOfPage":{"@id":"https:\/\/www.kieslect.com\/pl\/produkt\/kieslect-calling-smartwatch-ks-mini\/#mainImage"},"datePublished":"2024-01-16T11:47:49+08:00","dateModified":"2026-05-10T08:46:01+08:00"},{"@type":"WebSite","@id":"https:\/\/www.kieslect.com\/pl\/#website","url":"https:\/\/www.kieslect.com\/pl\/","name":"Kieslect","description":"A Trusted Global Provider of Smart Wearable Solution","inLanguage":"pl-PL","publisher":{"@id":"https:\/\/www.kieslect.com\/pl\/#organization"}}]}},"aioseo_meta_data":{"post_id":"23750","title":null,"description":null,"keywords":null,"keyphrases":"{\"focus\":{\"keyphrase\":\"\",\"score\":0,\"analysis\":{\"keyphraseInTitle\":{\"score\":0,\"maxScore\":9,\"error\":1}}},\"additional\":[]}","primary_term":null,"canonical_url":null,"og_title":null,"og_description":null,"og_object_type":"default","og_image_type":"default","og_image_url":null,"og_image_width":null,"og_image_height":null,"og_image_custom_url":null,"og_image_custom_fields":null,"og_video":"","og_custom_url":null,"og_article_section":null,"og_article_tags":null,"twitter_use_og":false,"twitter_card":"default","twitter_image_type":"default","twitter_image_url":null,"twitter_image_custom_url":null,"twitter_image_custom_fields":null,"twitter_title":null,"twitter_description":null,"schema":{"blockGraphs":[],"customGraphs":[],"default":{"data":{"Article":[],"Course":[],"Dataset":[],"FAQPage":[],"Movie":[],"Person":[],"Product":[],"Recipe":[],"Service":[],"SoftwareApplication":[],"WebPage":[]},"graphName":"Product","isEnabled":true},"graphs":[]},"schema_type":"default","schema_type_options":null,"pillar_content":false,"robots_default":true,"robots_noindex":false,"robots_noarchive":false,"robots_nosnippet":false,"robots_nofollow":false,"robots_noimageindex":false,"robots_noodp":false,"robots_notranslate":false,"robots_max_snippet":"-1","robots_max_videopreview":"-1","robots_max_imagepreview":"large","priority":null,"frequency":"default","local_seo":null,"limit_modified_date":false,"created":"2024-02-26 12:21:33","updated":"2026-05-10 00:55:04"},"aioseo_breadcrumb":"<div class=\"aioseo-breadcrumbs\"><span class=\"aioseo-breadcrumb\">\n\t<a href=\"https:\/\/www.kieslect.com\/pl\" title=\"Home\">Home<\/a>\n<\/span><span class=\"aioseo-breadcrumb-separator\">&raquo;<\/span><span class=\"aioseo-breadcrumb\">\n\t<a href=\"https:\/\/www.kieslect.com\/pl\/shop\/\" title=\"Shop\">Shop<\/a>\n<\/span><span class=\"aioseo-breadcrumb-separator\">&raquo;<\/span><span class=\"aioseo-breadcrumb\">\n\t<a href=\"https:\/\/www.kieslect.com\/pl\/kategoria-produktu\/smartwatch\/\" title=\"Smartwatch\">Smartwatch<\/a>\n<\/span><span class=\"aioseo-breadcrumb-separator\">&raquo;<\/span><span class=\"aioseo-breadcrumb\">\n\t<a href=\"https:\/\/www.kieslect.com\/pl\/kategoria-produktu\/smartwatch\/essential-series\/\" title=\"Essential Series\">Essential Series<\/a>\n<\/span><span class=\"aioseo-breadcrumb-separator\">&raquo;<\/span><span class=\"aioseo-breadcrumb\">\n\tKieslect Calling Smartwatch Ks Mini\n<\/span><\/div>","aioseo_breadcrumb_json":[{"label":"Home","link":"https:\/\/www.kieslect.com\/pl"},{"label":"Shop","link":"https:\/\/www.kieslect.com\/pl\/shop\/"},{"label":"Smartwatch","link":"https:\/\/www.kieslect.com\/pl\/kategoria-produktu\/smartwatch\/"},{"label":"Essential Series","link":"https:\/\/www.kieslect.com\/pl\/kategoria-produktu\/smartwatch\/essential-series\/"},{"label":"Kieslect Calling Smartwatch Ks Mini","link":"https:\/\/www.kieslect.com\/pl\/produkt\/kieslect-calling-smartwatch-ks-mini\/"}],"_links":{"self":[{"href":"https:\/\/www.kieslect.com\/pl\/wp-json\/wp\/v2\/product\/23750","targetHints":{"allow":["GET"]}}],"collection":[{"href":"https:\/\/www.kieslect.com\/pl\/wp-json\/wp\/v2\/product"}],"about":[{"href":"https:\/\/www.kieslect.com\/pl\/wp-json\/wp\/v2\/types\/product"}],"replies":[{"embeddable":true,"href":"https:\/\/www.kieslect.com\/pl\/wp-json\/wp\/v2\/comments?post=23750"}],"version-history":[{"count":0,"href":"https:\/\/www.kieslect.com\/pl\/wp-json\/wp\/v2\/product\/23750\/revisions"}],"wp:featuredmedia":[{"embeddable":true,"href":"https:\/\/www.kieslect.com\/pl\/wp-json\/wp\/v2\/media\/23798"}],"wp:attachment":[{"href":"https:\/\/www.kieslect.com\/pl\/wp-json\/wp\/v2\/media?parent=23750"}],"wp:term":[{"taxonomy":"product_brand","embeddable":true,"href":"https:\/\/www.kieslect.com\/pl\/wp-json\/wp\/v2\/product_brand?post=23750"},{"taxonomy":"product_cat","embeddable":true,"href":"https:\/\/www.kieslect.com\/pl\/wp-json\/wp\/v2\/product_cat?post=23750"},{"taxonomy":"product_tag","embeddable":true,"href":"https:\/\/www.kieslect.com\/pl\/wp-json\/wp\/v2\/product_tag?post=23750"}],"curies":[{"name":"wp","href":"https:\/\/api.w.org\/{rel}","templated":true}]}}