{"id":29429,"date":"2024-07-22T10:28:07","date_gmt":"2024-07-22T02:28:07","guid":{"rendered":"https:\/\/www.kieslect.com\/?page_id=29429"},"modified":"2024-07-22T11:00:17","modified_gmt":"2024-07-22T03:00:17","slug":"warranty-certificate","status":"publish","type":"page","link":"https:\/\/www.kieslect.com\/pl\/terms-of-use\/warranty-certificate\/","title":{"rendered":"Certyfikat gwarancji"},"content":{"rendered":"<div data-elementor-type=\"wp-page\" data-elementor-id=\"29429\" class=\"elementor elementor-29429\" data-elementor-post-type=\"page\">\n\t\t\t\t\t\t<section class=\"elementor-section elementor-top-section elementor-element elementor-element-91ce9bd elementor-section-boxed elementor-section-height-default elementor-section-height-default motta-responsive-column motta-tablet-column--default motta-responsive-column motta-mobile-column--default\" data-id=\"91ce9bd\" data-element_type=\"section\" data-settings=\"{&quot;ekit_has_onepagescroll_dot&quot;:&quot;yes&quot;}\">\n\t\t\t\t\t\t<div class=\"elementor-container elementor-column-gap-default\">\n\t\t\t\t\t<div class=\"elementor-column elementor-col-100 elementor-top-column elementor-element elementor-element-c3342ee\" data-id=\"c3342ee\" data-element_type=\"column\">\n\t\t\t<div class=\"elementor-widget-wrap elementor-element-populated\">\n\t\t\t\t\t\t<div class=\"elementor-element elementor-element-bff6bfd elementor-widget elementor-widget-motta-heading\" data-id=\"bff6bfd\" data-element_type=\"widget\" data-settings=\"{&quot;ekit_we_effect_on&quot;:&quot;none&quot;}\" data-widget_type=\"motta-heading.default\">\n\t\t\t\t<div class=\"elementor-widget-container\">\n\t\t\t\t\t\t\t<div class=\"motta-heading-elementor motta-heading__button-on\">\n\t\t\t\t<h1 class=\"motta-heading motta-heading--default\">\n\t\t\t\t\tCertyfikat gwarancji\t\t\t\t<\/h1>\n\t\t\t\t\t\t\t<\/div>\n\t\t\t\t\t\t<\/div>\n\t\t\t\t<\/div>\n\t\t\t\t\t<\/div>\n\t\t<\/div>\n\t\t\t\t\t<\/div>\n\t\t<\/section>\n\t\t\t\t<section class=\"elementor-section elementor-top-section elementor-element elementor-element-9164689 elementor-section-boxed elementor-section-height-default elementor-section-height-default motta-responsive-column motta-tablet-column--default motta-responsive-column motta-mobile-column--default\" data-id=\"9164689\" data-element_type=\"section\" data-settings=\"{&quot;ekit_has_onepagescroll_dot&quot;:&quot;yes&quot;}\">\n\t\t\t\t\t\t<div class=\"elementor-container elementor-column-gap-default\">\n\t\t\t\t\t<div class=\"elementor-column elementor-col-25 elementor-top-column elementor-element elementor-element-d831f25\" data-id=\"d831f25\" data-element_type=\"column\">\n\t\t\t<div class=\"elementor-widget-wrap elementor-element-populated\">\n\t\t\t\t\t\t<div class=\"elementor-element elementor-element-51980e3 elementor-widget elementor-widget-motta-navigation-bar\" data-id=\"51980e3\" data-element_type=\"widget\" data-settings=\"{&quot;ekit_we_effect_on&quot;:&quot;none&quot;}\" data-widget_type=\"motta-navigation-bar.default\">\n\t\t\t\t<div class=\"elementor-widget-container\">\n\t\t\t\t\t<div class=\"motta-navigation-bar\"><div class=\"motta-navigation-bar__title motta-navigation-bar__title-item--9d3b048\"><a href=\"https:\/\/www.kieslect.com\/pl\/terms-of-use\/\">Warunki korzystania<\/a> <\/div><div class=\"motta-navigation-bar__title motta-navigation-bar__title-item--a93a3a7\"><a href=\"https:\/\/www.kieslect.com\/pl\/terms-of-use\/kieslect-user-agreement\/\">Umowa u\u017cytkownika Kieslect<\/a> <\/div><div class=\"motta-navigation-bar__title motta-navigation-bar__title-item--7ba8fe9\"><a href=\"https:\/\/www.kieslect.com\/pl\/terms-of-use\/kieslet-privacy-policy\/\">Polityka prywatno\u015bci Kieslect<\/a> <\/div><div class=\"motta-navigation-bar__title motta-navigation-bar__title-item--9b2a3c8\"><a href=\"https:\/\/www.kieslect.com\/pl\/terms-of-use\/kie-os-user-agreement\/\">Umowa u\u017cytkownika KIE OS<\/a> <\/div><div class=\"motta-navigation-bar__title motta-navigation-bar__title-item--c71b541\"><a href=\"https:\/\/www.kieslect.com\/pl\/terms-of-use\/kie-os-privacy-policy\/\">Polityka prywatno\u015bci KIE OS<\/a> <\/div><div class=\"motta-navigation-bar__title motta-navigation-bar__title-item--a1ef51f\"><a href=\"https:\/\/www.kieslect.com\/pl\/terms-of-use\/ks-os-user-agreement\/\">Umowa u\u017cytkownika KS OS<\/a> <\/div><div class=\"motta-navigation-bar__title motta-navigation-bar__title-item--de91537\"><a href=\"https:\/\/www.kieslect.com\/pl\/terms-of-use\/ks-os-privacy-policy\/\">Polityka prywatno\u015bci KS OS<\/a> <\/div><div class=\"motta-navigation-bar__title motta-navigation-bar__title-item--dcb7d1c active\"><a href=\"https:\/\/www.kieslect.com\/pl\/terms-of-use\/warranty-certificate\/\">Certyfikat gwarancji<\/a> <\/div><\/div>\t\t\t\t<\/div>\n\t\t\t\t<\/div>\n\t\t\t\t\t<\/div>\n\t\t<\/div>\n\t\t\t\t<div class=\"elementor-column elementor-col-50 elementor-top-column elementor-element elementor-element-4b65918\" data-id=\"4b65918\" data-element_type=\"column\">\n\t\t\t<div class=\"elementor-widget-wrap elementor-element-populated\">\n\t\t\t\t\t\t<div class=\"elementor-element elementor-element-cf904fa elementor-widget elementor-widget-motta-heading\" data-id=\"cf904fa\" data-element_type=\"widget\" data-settings=\"{&quot;ekit_we_effect_on&quot;:&quot;none&quot;}\" data-widget_type=\"motta-heading.default\">\n\t\t\t\t<div class=\"elementor-widget-container\">\n\t\t\t\t\t\t\t<div class=\"motta-heading-elementor motta-heading__button-on\">\n\t\t\t\t<h2 class=\"motta-heading motta-heading--default\">\n\t\t\t\t\tIEC\/EN 62133-2:2017\t\t\t\t<\/h2>\n\t\t\t\t\t\t\t<\/div>\n\t\t\t\t\t\t<\/div>\n\t\t\t\t<\/div>\n\t\t\t\t<div class=\"elementor-element elementor-element-ab08785 elementor-widget elementor-widget-motta-heading\" data-id=\"ab08785\" data-element_type=\"widget\" data-settings=\"{&quot;ekit_we_effect_on&quot;:&quot;none&quot;}\" data-widget_type=\"motta-heading.default\">\n\t\t\t\t<div class=\"elementor-widget-container\">\n\t\t\t\t\t\t\t<div class=\"motta-heading-elementor motta-heading__button-on\">\n\t\t\t\t<h6 class=\"motta-heading motta-heading--default\">\n\t\t\t\t\tZa\u0142\u0105cznik C (informacyjny)<br>\nZalecenia dla u\u017cytkownik\u00f3w ko\u0144cowych\t\t\t\t<\/h6>\n\t\t\t\t\t\t\t<\/div>\n\t\t\t\t\t\t<\/div>\n\t\t\t\t<\/div>\n\t\t\t\t<div class=\"elementor-element elementor-element-f12e172 elementor-widget-divider--view-line elementor-widget elementor-widget-divider\" data-id=\"f12e172\" data-element_type=\"widget\" data-settings=\"{&quot;ekit_we_effect_on&quot;:&quot;none&quot;}\" data-widget_type=\"divider.default\">\n\t\t\t\t<div class=\"elementor-widget-container\">\n\t\t\t\t\t\t\t<div class=\"elementor-divider\">\n\t\t\t<span class=\"elementor-divider-separator\">\n\t\t\t\t\t\t<\/span>\n\t\t<\/div>\n\t\t\t\t\t\t<\/div>\n\t\t\t\t<\/div>\n\t\t\t\t<div class=\"elementor-element elementor-element-3a49e0c elementor-widget elementor-widget-motta-heading\" data-id=\"3a49e0c\" data-element_type=\"widget\" data-settings=\"{&quot;ekit_we_effect_on&quot;:&quot;none&quot;}\" data-widget_type=\"motta-heading.default\">\n\t\t\t\t<div class=\"elementor-widget-container\">\n\t\t\t\t\t\t\t<div class=\"motta-heading-elementor motta-heading__button-on\">\n\t\t\t\t<h4 class=\"motta-heading motta-heading--default\">\n\t\t\t\t\tPoni\u017cej przedstawiono typow\u0105, ale niewyczerpuj\u0105c\u0105 list\u0119 dobrych porad, kt\u00f3re producent sprz\u0119tu powinien przekaza\u0107 u\u017cytkownikowi ko\u0144cowemu.\t\t\t\t<\/h4>\n\t\t\t\t\t\t\t<\/div>\n\t\t\t\t\t\t<\/div>\n\t\t\t\t<\/div>\n\t\t\t\t<div class=\"elementor-element elementor-element-20cf4bd elementor-widget elementor-widget-text-editor\" data-id=\"20cf4bd\" data-element_type=\"widget\" data-settings=\"{&quot;ekit_we_effect_on&quot;:&quot;none&quot;}\" data-widget_type=\"text-editor.default\">\n\t\t\t\t<div class=\"elementor-widget-container\">\n\t\t\t\t\t\t\t\t\t<p>a) Nie demontuj otwartych ani nie niszcz ogniw wt\u00f3rnych lub akumulator\u00f3w.<br \/>b) Baterie nale\u017cy przechowywa\u0107 poza zasi\u0119giem ma\u0142ych dzieci.<br \/>c) U\u017cywanie baterii przez dzieci powinno by\u0107 nadzorowane. Szczeg\u00f3lnie przechowuj ma\u0142e baterie poza zasi\u0119giem ma\u0142ych dzieci.<br \/>d) W przypadku po\u0142kni\u0119cia ogniwa lub baterii nale\u017cy natychmiast zwr\u00f3ci\u0107 si\u0119 o pomoc lekarsk\u0105.<br \/>e) Nie wystawiaj ogniw ani baterii na dzia\u0142anie ciep\u0142a lub ognia. Unikaj przechowywania w miejscu nas\u0142onecznionym.<br \/>f) Nie zwieraj ogniwa ani akumulatora. Nie przechowuj ogniw ani baterii w przypadkowy spos\u00f3b w pude\u0142ku lub szufladzie, gdzie mog\u0105 spowodowa\u0107 wzajemne zwarcie lub zwarcie przez inne metalowe przedmioty.<br \/>g) W przypadku wycieku ogniwa. nie dopu\u015bci\u0107 do kontaktu p\u0142ynu ze sk\u00f3r\u0105 lub oczami. W przypadku kontaktu przemy\u0107 zanieczyszczone miejsce du\u017c\u0105 ilo\u015bci\u0105 wody i zasi\u0119gn\u0105\u0107 porady lekarza.<br \/>h) Nie u\u017cywaj innej \u0142adowarki ni\u017c ta specjalnie przewidziana do u\u017cytku z tym sprz\u0119tem.<br \/>i) Nie u\u017cywaj \u017cadnych ogniw ani baterii, kt\u00f3re nie s\u0105 przeznaczone do u\u017cytku z tym sprz\u0119tem.<br \/>j) Zawsze kupuj bateri\u0119 zalecan\u0105 przez producenta urz\u0105dzenia dla danego sprz\u0119tu.<br \/>k) Utrzymuj ogniwa i akumulatory w czysto\u015bci i sucho\u015bci.<br \/>l) Ogniwa i akumulatory wt\u00f3rne nale\u017cy na\u0142adowa\u0107 przed u\u017cyciem. Zawsze u\u017cywaj w\u0142a\u015bciwej \u0142adowarki i zapoznaj si\u0119 z instrukcjami producenta lub instrukcj\u0105 obs\u0142ugi sprz\u0119tu, aby uzyska\u0107 instrukcje dotycz\u0105ce prawid\u0142owego \u0142adowania.<br \/>m) Nie nale\u017cy pozostawia\u0107 akumulatora na\u0142adowanego przez d\u0142u\u017cszy czas, gdy nie jest u\u017cywany.<br \/>n) Po d\u0142u\u017cszym okresie przechowywania mo\u017ce zaistnie\u0107 konieczno\u015b\u0107 kilkukrotnego \u0142adowania i roz\u0142adowywania ogniw lub akumulator\u00f3w w celu uzyskania maksymalnej wydajno\u015bci.<br \/>o) Zachowaj oryginaln\u0105 literatur\u0119 produktu do wykorzystania w przysz\u0142o\u015bci.<br \/>p) Ogniwa lub baterii nale\u017cy u\u017cywa\u0107 wy\u0142\u0105cznie zgodnie z przeznaczeniem.<\/p><p>Pobierz kart\u0119 gwarancyjn\u0105:\u00a0<span style=\"color: #ff0000;\"><strong><a style=\"color: #ff0000;\" href=\"https:\/\/www.kieslect.com\/brand\/warranty-certificate.pdf\">Sprawd\u017a tutaj<\/a><\/strong><\/span><\/p>\t\t\t\t\t\t\t\t<\/div>\n\t\t\t\t<\/div>\n\t\t\t\t<div class=\"elementor-element elementor-element-eaaee60 elementor-widget elementor-widget-image\" data-id=\"eaaee60\" data-element_type=\"widget\" data-settings=\"{&quot;ekit_we_effect_on&quot;:&quot;none&quot;}\" data-widget_type=\"image.default\">\n\t\t\t\t<div class=\"elementor-widget-container\">\n\t\t\t\t\t\t\t\t\t\t\t\t\t\t\t<img fetchpriority=\"high\" decoding=\"async\" width=\"640\" height=\"960\" src=\"https:\/\/www.kieslect.com\/wp-content\/uploads\/replace\/fd7645c28f9666a112d90bfb97ef7ab3.png\" class=\"attachment-large size-large wp-image-29432\" alt=\"\" \/>\t\t\t\t\t\t\t\t\t\t\t\t\t\t\t<\/div>\n\t\t\t\t<\/div>\n\t\t\t\t\t<\/div>\n\t\t<\/div>\n\t\t\t\t<div class=\"elementor-column elementor-col-25 elementor-top-column elementor-element elementor-element-f3b0914 elementor-hidden-tablet elementor-hidden-mobile\" data-id=\"f3b0914\" data-element_type=\"column\">\n\t\t\t<div class=\"elementor-widget-wrap\">\n\t\t\t\t\t\t\t<\/div>\n\t\t<\/div>\n\t\t\t\t\t<\/div>\n\t\t<\/section>\n\t\t\t\t<\/div>","protected":false},"excerpt":{"rendered":"<p>Warranty Certificate Terms of Use\u200b Kieslect User Agreement Kieslect Privacy Policy\u200b KIE OS User Agreement\u200b KIE OS Privacy Policy\u200b KS OS User Agreement KS OS Privacy Policy Warranty Certificate IEC\/EN 62133-2:2017 AnnexC(informative) Recommendations to the end-users The following represents a typical but non-exhaustive, list of good advice to be provided by the equipment manufacturer to [&hellip;]<\/p>","protected":false},"author":1,"featured_media":0,"parent":19870,"menu_order":0,"comment_status":"closed","ping_status":"closed","template":"","meta":{"footnotes":""},"class_list":["post-29429","page","type-page","status-publish","hentry"],"aioseo_notices":[],"aioseo_head":"\n\t\t<!-- All in One SEO Pro 4.6.5 - aioseo.com -->\n\t\t<meta name=\"description\" content=\"Warranty Certificate Terms of Use\u200b Kieslect User Agreement Kieslect Privacy Policy\u200b KIE OS User Agreement\u200b KIE OS Privacy Policy\u200b KS OS User Agreement KS OS Privacy Policy Warranty Certificate IEC\/EN 62133-2:2017 AnnexC(informative) Recommendations to the end-users The following represents a typical but non-exhaustive, list of good advice to be provided by the equipment manufacturer to\" \/>\n\t\t<meta name=\"robots\" content=\"max-image-preview:large\" \/>\n\t\t<link rel=\"canonical\" href=\"https:\/\/www.kieslect.com\/pl\/terms-of-use\/warranty-certificate\/\" \/>\n\t\t<meta name=\"generator\" content=\"All in One SEO Pro (AIOSEO) 4.6.5\" \/>\n\t\t<meta property=\"og:locale\" content=\"pl_PL\" \/>\n\t\t<meta property=\"og:site_name\" content=\"Kieslect - A Trusted Global Provider of Smart Wearable Solution\" \/>\n\t\t<meta property=\"og:type\" content=\"article\" \/>\n\t\t<meta property=\"og:title\" content=\"Warranty Certificate - Kieslect\" \/>\n\t\t<meta property=\"og:description\" content=\"Warranty Certificate Terms of Use\u200b Kieslect User Agreement Kieslect Privacy Policy\u200b KIE OS User Agreement\u200b KIE OS Privacy Policy\u200b KS OS User Agreement KS OS Privacy Policy Warranty Certificate IEC\/EN 62133-2:2017 AnnexC(informative) Recommendations to the end-users The following represents a typical but non-exhaustive, list of good advice to be provided by the equipment manufacturer to\" \/>\n\t\t<meta property=\"og:url\" content=\"https:\/\/www.kieslect.com\/pl\/terms-of-use\/warranty-certificate\/\" \/>\n\t\t<meta property=\"og:image\" content=\"https:\/\/www.kieslect.com\/wp-content\/uploads\/replace\/83a7c94e588d71936bb1ab2a1c752869.jpeg\" \/>\n\t\t<meta property=\"og:image:secure_url\" content=\"https:\/\/www.kieslect.com\/wp-content\/uploads\/replace\/83a7c94e588d71936bb1ab2a1c752869.jpeg\" \/>\n\t\t<meta property=\"og:image:width\" content=\"300\" \/>\n\t\t<meta property=\"og:image:height\" content=\"169\" \/>\n\t\t<meta property=\"article:published_time\" content=\"2024-07-22T02:28:07+00:00\" \/>\n\t\t<meta property=\"article:modified_time\" content=\"2024-07-22T03:00:17+00:00\" \/>\n\t\t<meta property=\"article:publisher\" content=\"https:\/\/www.facebook.com\/KieslectOfficial\/\" \/>\n\t\t<meta name=\"twitter:card\" content=\"summary_large_image\" \/>\n\t\t<meta name=\"twitter:site\" content=\"@kieslect\" \/>\n\t\t<meta name=\"twitter:title\" content=\"Warranty Certificate - Kieslect\" \/>\n\t\t<meta name=\"twitter:description\" content=\"Warranty Certificate Terms of Use\u200b Kieslect User Agreement Kieslect Privacy Policy\u200b KIE OS User Agreement\u200b KIE OS Privacy Policy\u200b KS OS User Agreement KS OS Privacy Policy Warranty Certificate IEC\/EN 62133-2:2017 AnnexC(informative) Recommendations to the end-users The following represents a typical but non-exhaustive, list of good advice to be provided by the equipment manufacturer to\" \/>\n\t\t<meta name=\"twitter:creator\" content=\"@kieslect\" \/>\n\t\t<meta name=\"twitter:image\" content=\"https:\/\/www.kieslect.com\/wp-content\/uploads\/replace\/83a7c94e588d71936bb1ab2a1c752869.jpeg\" \/>\n\t\t<script type=\"application\/ld+json\" class=\"aioseo-schema\">\n\t\t\t{\"@context\":\"https:\\\/\\\/schema.org\",\"@graph\":[{\"@type\":\"BreadcrumbList\",\"@id\":\"https:\\\/\\\/www.kieslect.com\\\/pl\\\/terms-of-use\\\/warranty-certificate\\\/#breadcrumblist\",\"itemListElement\":[{\"@type\":\"ListItem\",\"@id\":\"https:\\\/\\\/www.kieslect.com\\\/pl\\\/#listItem\",\"position\":1,\"name\":\"Home\",\"item\":\"https:\\\/\\\/www.kieslect.com\\\/pl\\\/\",\"nextItem\":\"https:\\\/\\\/www.kieslect.com\\\/pl\\\/terms-of-use\\\/#listItem\"},{\"@type\":\"ListItem\",\"@id\":\"https:\\\/\\\/www.kieslect.com\\\/pl\\\/terms-of-use\\\/#listItem\",\"position\":2,\"name\":\"Terms of Use\",\"item\":\"https:\\\/\\\/www.kieslect.com\\\/pl\\\/terms-of-use\\\/\",\"nextItem\":\"https:\\\/\\\/www.kieslect.com\\\/pl\\\/terms-of-use\\\/warranty-certificate\\\/#listItem\",\"previousItem\":\"https:\\\/\\\/www.kieslect.com\\\/pl\\\/#listItem\"},{\"@type\":\"ListItem\",\"@id\":\"https:\\\/\\\/www.kieslect.com\\\/pl\\\/terms-of-use\\\/warranty-certificate\\\/#listItem\",\"position\":3,\"name\":\"Warranty Certificate\",\"previousItem\":\"https:\\\/\\\/www.kieslect.com\\\/pl\\\/terms-of-use\\\/#listItem\"}]},{\"@type\":\"Organization\",\"@id\":\"https:\\\/\\\/www.kieslect.com\\\/pl\\\/#organization\",\"name\":\"Kieslect Smartwatch\",\"description\":\"A Trusted Global Provider of Smart Wearable Solution\",\"url\":\"https:\\\/\\\/www.kieslect.com\\\/pl\\\/\",\"logo\":{\"@type\":\"ImageObject\",\"url\":\"https:\\\/\\\/www.kieslect.com\\\/wp-content\\\/uploads\\\/2024\\\/01\\\/Kieslect-Logo-2_1_335x75_crop_center-1.webp\",\"@id\":\"https:\\\/\\\/www.kieslect.com\\\/pl\\\/terms-of-use\\\/warranty-certificate\\\/#organizationLogo\",\"width\":335,\"height\":75},\"image\":{\"@id\":\"https:\\\/\\\/www.kieslect.com\\\/pl\\\/terms-of-use\\\/warranty-certificate\\\/#organizationLogo\"},\"sameAs\":[\"https:\\\/\\\/www.facebook.com\\\/KieslectOfficial\\\/\",\"https:\\\/\\\/twitter.com\\\/kieslect\",\"https:\\\/\\\/www.instagram.com\\\/kieslect\\\/\"]},{\"@type\":\"WebPage\",\"@id\":\"https:\\\/\\\/www.kieslect.com\\\/pl\\\/terms-of-use\\\/warranty-certificate\\\/#webpage\",\"url\":\"https:\\\/\\\/www.kieslect.com\\\/pl\\\/terms-of-use\\\/warranty-certificate\\\/\",\"name\":\"Warranty Certificate - Kieslect\",\"description\":\"Warranty Certificate Terms of Use\\u200b Kieslect User Agreement Kieslect Privacy Policy\\u200b KIE OS User Agreement\\u200b KIE OS Privacy Policy\\u200b KS OS User Agreement KS OS Privacy Policy Warranty Certificate IEC\\\/EN 62133-2:2017 AnnexC(informative) Recommendations to the end-users The following represents a typical but non-exhaustive, list of good advice to be provided by the equipment manufacturer to\",\"inLanguage\":\"pl-PL\",\"isPartOf\":{\"@id\":\"https:\\\/\\\/www.kieslect.com\\\/pl\\\/#website\"},\"breadcrumb\":{\"@id\":\"https:\\\/\\\/www.kieslect.com\\\/pl\\\/terms-of-use\\\/warranty-certificate\\\/#breadcrumblist\"},\"datePublished\":\"2024-07-22T10:28:07+08:00\",\"dateModified\":\"2024-07-22T11:00:17+08:00\"},{\"@type\":\"WebSite\",\"@id\":\"https:\\\/\\\/www.kieslect.com\\\/pl\\\/#website\",\"url\":\"https:\\\/\\\/www.kieslect.com\\\/pl\\\/\",\"name\":\"Kieslect\",\"description\":\"A Trusted Global Provider of Smart Wearable Solution\",\"inLanguage\":\"pl-PL\",\"publisher\":{\"@id\":\"https:\\\/\\\/www.kieslect.com\\\/pl\\\/#organization\"}}]}\n\t\t<\/script>\n\t\t<!-- All in One SEO Pro -->\r\n\t\t<title>Warranty Certificate - Kieslect<\/title>\n\n","aioseo_head_json":{"title":"Warranty Certificate - Kieslect","description":"Warranty Certificate Terms of Use\u200b Kieslect User Agreement Kieslect Privacy Policy\u200b KIE OS User Agreement\u200b KIE OS Privacy Policy\u200b KS OS User Agreement KS OS Privacy Policy Warranty Certificate IEC\/EN 62133-2:2017 AnnexC(informative) Recommendations to the end-users The following represents a typical but non-exhaustive, list of good advice to be provided by the equipment manufacturer to","canonical_url":"https:\/\/www.kieslect.com\/pl\/terms-of-use\/warranty-certificate\/","robots":"max-image-preview:large","keywords":"","webmasterTools":{"miscellaneous":""},"og:locale":"pl_PL","og:site_name":"Kieslect - A Trusted Global Provider of Smart Wearable Solution","og:type":"article","og:title":"Warranty Certificate - Kieslect","og:description":"Warranty Certificate Terms of Use\u200b Kieslect User Agreement Kieslect Privacy Policy\u200b KIE OS User Agreement\u200b KIE OS Privacy Policy\u200b KS OS User Agreement KS OS Privacy Policy Warranty Certificate IEC\/EN 62133-2:2017 AnnexC(informative) Recommendations to the end-users The following represents a typical but non-exhaustive, list of good advice to be provided by the equipment manufacturer to","og:url":"https:\/\/www.kieslect.com\/pl\/terms-of-use\/warranty-certificate\/","og:image":"https:\/\/www.kieslect.com\/wp-content\/uploads\/replace\/83a7c94e588d71936bb1ab2a1c752869.jpeg","og:image:secure_url":"https:\/\/www.kieslect.com\/wp-content\/uploads\/replace\/83a7c94e588d71936bb1ab2a1c752869.jpeg","og:image:width":300,"og:image:height":169,"article:published_time":"2024-07-22T02:28:07+00:00","article:modified_time":"2024-07-22T03:00:17+00:00","article:publisher":"https:\/\/www.facebook.com\/KieslectOfficial\/","twitter:card":"summary_large_image","twitter:site":"@kieslect","twitter:title":"Warranty Certificate - Kieslect","twitter:description":"Warranty Certificate Terms of Use\u200b Kieslect User Agreement Kieslect Privacy Policy\u200b KIE OS User Agreement\u200b KIE OS Privacy Policy\u200b KS OS User Agreement KS OS Privacy Policy Warranty Certificate IEC\/EN 62133-2:2017 AnnexC(informative) Recommendations to the end-users The following represents a typical but non-exhaustive, list of good advice to be provided by the equipment manufacturer to","twitter:creator":"@kieslect","twitter:image":"https:\/\/www.kieslect.com\/wp-content\/uploads\/replace\/83a7c94e588d71936bb1ab2a1c752869.jpeg","schema":{"@context":"https:\/\/schema.org","@graph":[{"@type":"BreadcrumbList","@id":"https:\/\/www.kieslect.com\/pl\/terms-of-use\/warranty-certificate\/#breadcrumblist","itemListElement":[{"@type":"ListItem","@id":"https:\/\/www.kieslect.com\/pl\/#listItem","position":1,"name":"Home","item":"https:\/\/www.kieslect.com\/pl\/","nextItem":"https:\/\/www.kieslect.com\/pl\/terms-of-use\/#listItem"},{"@type":"ListItem","@id":"https:\/\/www.kieslect.com\/pl\/terms-of-use\/#listItem","position":2,"name":"Terms of Use","item":"https:\/\/www.kieslect.com\/pl\/terms-of-use\/","nextItem":"https:\/\/www.kieslect.com\/pl\/terms-of-use\/warranty-certificate\/#listItem","previousItem":"https:\/\/www.kieslect.com\/pl\/#listItem"},{"@type":"ListItem","@id":"https:\/\/www.kieslect.com\/pl\/terms-of-use\/warranty-certificate\/#listItem","position":3,"name":"Warranty Certificate","previousItem":"https:\/\/www.kieslect.com\/pl\/terms-of-use\/#listItem"}]},{"@type":"Organization","@id":"https:\/\/www.kieslect.com\/pl\/#organization","name":"Kieslect Smartwatch","description":"A Trusted Global Provider of Smart Wearable Solution","url":"https:\/\/www.kieslect.com\/pl\/","logo":{"@type":"ImageObject","url":"https:\/\/www.kieslect.com\/wp-content\/uploads\/2024\/01\/Kieslect-Logo-2_1_335x75_crop_center-1.webp","@id":"https:\/\/www.kieslect.com\/pl\/terms-of-use\/warranty-certificate\/#organizationLogo","width":335,"height":75},"image":{"@id":"https:\/\/www.kieslect.com\/pl\/terms-of-use\/warranty-certificate\/#organizationLogo"},"sameAs":["https:\/\/www.facebook.com\/KieslectOfficial\/","https:\/\/twitter.com\/kieslect","https:\/\/www.instagram.com\/kieslect\/"]},{"@type":"WebPage","@id":"https:\/\/www.kieslect.com\/pl\/terms-of-use\/warranty-certificate\/#webpage","url":"https:\/\/www.kieslect.com\/pl\/terms-of-use\/warranty-certificate\/","name":"Warranty Certificate - Kieslect","description":"Warranty Certificate Terms of Use\u200b Kieslect User Agreement Kieslect Privacy Policy\u200b KIE OS User Agreement\u200b KIE OS Privacy Policy\u200b KS OS User Agreement KS OS Privacy Policy Warranty Certificate IEC\/EN 62133-2:2017 AnnexC(informative) Recommendations to the end-users The following represents a typical but non-exhaustive, list of good advice to be provided by the equipment manufacturer to","inLanguage":"pl-PL","isPartOf":{"@id":"https:\/\/www.kieslect.com\/pl\/#website"},"breadcrumb":{"@id":"https:\/\/www.kieslect.com\/pl\/terms-of-use\/warranty-certificate\/#breadcrumblist"},"datePublished":"2024-07-22T10:28:07+08:00","dateModified":"2024-07-22T11:00:17+08:00"},{"@type":"WebSite","@id":"https:\/\/www.kieslect.com\/pl\/#website","url":"https:\/\/www.kieslect.com\/pl\/","name":"Kieslect","description":"A Trusted Global Provider of Smart Wearable Solution","inLanguage":"pl-PL","publisher":{"@id":"https:\/\/www.kieslect.com\/pl\/#organization"}}]}},"aioseo_meta_data":{"post_id":"29429","title":null,"description":null,"keywords":[],"keyphrases":"{\"focus\":{\"keyphrase\":\"\",\"score\":0,\"analysis\":{\"keyphraseInTitle\":{\"score\":0,\"maxScore\":9,\"error\":1}}},\"additional\":[]}","primary_term":null,"canonical_url":null,"og_title":null,"og_description":null,"og_object_type":"default","og_image_type":"default","og_image_url":null,"og_image_width":null,"og_image_height":null,"og_image_custom_url":null,"og_image_custom_fields":null,"og_video":"","og_custom_url":null,"og_article_section":null,"og_article_tags":[],"twitter_use_og":false,"twitter_card":"default","twitter_image_type":"default","twitter_image_url":null,"twitter_image_custom_url":null,"twitter_image_custom_fields":null,"twitter_title":null,"twitter_description":null,"schema":{"blockGraphs":[],"customGraphs":[],"default":{"data":{"Article":[],"Course":[],"Dataset":[],"FAQPage":[],"Movie":[],"Person":[],"Product":[],"Recipe":[],"Service":[],"SoftwareApplication":[],"WebPage":[]},"graphName":"WebPage","isEnabled":true},"graphs":[]},"schema_type":"default","schema_type_options":null,"pillar_content":false,"robots_default":true,"robots_noindex":false,"robots_noarchive":false,"robots_nosnippet":false,"robots_nofollow":false,"robots_noimageindex":false,"robots_noodp":false,"robots_notranslate":false,"robots_max_snippet":"-1","robots_max_videopreview":"-1","robots_max_imagepreview":"large","priority":null,"frequency":"default","local_seo":null,"limit_modified_date":false,"created":"2024-07-22 02:28:07","updated":"2025-04-26 08:31:24"},"aioseo_breadcrumb":"<div class=\"aioseo-breadcrumbs\"><span class=\"aioseo-breadcrumb\">\n\t<a href=\"https:\/\/www.kieslect.com\/pl\" title=\"Home\">Home<\/a>\n<\/span><span class=\"aioseo-breadcrumb-separator\">&raquo;<\/span><span class=\"aioseo-breadcrumb\">\n\t<a href=\"https:\/\/www.kieslect.com\/pl\/terms-of-use\/\" title=\"Terms of Use\">Terms of Use<\/a>\n<\/span><span class=\"aioseo-breadcrumb-separator\">&raquo;<\/span><span class=\"aioseo-breadcrumb\">\n\tWarranty Certificate\n<\/span><\/div>","aioseo_breadcrumb_json":[{"label":"Home","link":"https:\/\/www.kieslect.com\/pl"},{"label":"Terms of Use","link":"https:\/\/www.kieslect.com\/pl\/terms-of-use\/"},{"label":"Warranty Certificate","link":"https:\/\/www.kieslect.com\/pl\/terms-of-use\/warranty-certificate\/"}],"_links":{"self":[{"href":"https:\/\/www.kieslect.com\/pl\/wp-json\/wp\/v2\/pages\/29429","targetHints":{"allow":["GET"]}}],"collection":[{"href":"https:\/\/www.kieslect.com\/pl\/wp-json\/wp\/v2\/pages"}],"about":[{"href":"https:\/\/www.kieslect.com\/pl\/wp-json\/wp\/v2\/types\/page"}],"author":[{"embeddable":true,"href":"https:\/\/www.kieslect.com\/pl\/wp-json\/wp\/v2\/users\/1"}],"replies":[{"embeddable":true,"href":"https:\/\/www.kieslect.com\/pl\/wp-json\/wp\/v2\/comments?post=29429"}],"version-history":[{"count":0,"href":"https:\/\/www.kieslect.com\/pl\/wp-json\/wp\/v2\/pages\/29429\/revisions"}],"up":[{"embeddable":true,"href":"https:\/\/www.kieslect.com\/pl\/wp-json\/wp\/v2\/pages\/19870"}],"wp:attachment":[{"href":"https:\/\/www.kieslect.com\/pl\/wp-json\/wp\/v2\/media?parent=29429"}],"curies":[{"name":"wp","href":"https:\/\/api.w.org\/{rel}","templated":true}]}}