{"id":17195,"date":"2022-09-22T03:48:35","date_gmt":"2022-09-22T03:48:35","guid":{"rendered":"https:\/\/motta.uix.store\/?page_id=17195"},"modified":"2024-05-30T10:18:31","modified_gmt":"2024-05-30T02:18:31","slug":"payment-method","status":"publish","type":"page","link":"https:\/\/www.kieslect.com\/pl\/payment-method\/","title":{"rendered":"Metoda p\u0142atno\u015bci"},"content":{"rendered":"<div class=\"article-con-item second-style\">\n<div class=\"article-con-item\">\n<div class=\"item-t title-main\">\n<div class=\"article-con-item second-style\">\n<div class=\"article-con-item\"><\/div>\n<\/div>\n<div class=\"article-con-item\">\n<div class=\"item-p\">\n<div class=\"article-con-item\">\n<div class=\"item-p\">\n<div class=\"article-con-item second-style\">\n<div class=\"article-con-item\">\n<div class=\"item-t title-main\">Zap\u0142a\u0107 z PayPal-em<\/div>\n<div class=\"item-img2 pay1\"><img decoding=\"async\" class=\"falcon-lazyload\" src=\"\/wp-content\/uploads\/replace\/c9218258e656e0b043d78b99663e5015.png\" alt=\"Payment Method\" data-src=\"\/\/shein.ltwebstatic.com\/advertise\/shein\/www\/images_sheIn\/paie1.png\" data-loaded=\"true\" \/><\/div>\n<div class=\"item-p\">Kiedy z\u0142o\u017cysz zam\u00f3wienie w systemie PayPal, zostaniesz przekierowany na stron\u0119 p\u0142atno\u015bci PayPal, gdzie mo\u017cesz potwierdzi\u0107 p\u0142atno\u015b\u0107, loguj\u0105c si\u0119 przy u\u017cyciu swojej nazwy u\u017cytkownika i has\u0142a PayPal.<\/div>\n<div class=\"item-p\">Nadal mo\u017cesz dokona\u0107 p\u0142atno\u015bci nawet bez konta PayPal. Aby to zrobi\u0107, kliknij \u201eZap\u0142a\u0107 kart\u0105 debetow\u0105\/kredytow\u0105\u201d. Zostaniesz przekierowany na bezpieczn\u0105 stron\u0119, na kt\u00f3rej mo\u017cesz wprowadzi\u0107 dane swojej karty kredytowej lub bezpiecznie doko\u0144czy\u0107 p\u0142atno\u015b\u0107 za po\u015brednictwem systemu PayPal.<\/div>\n<\/div>\n<div class=\"article-con-item border-top\">\n<div class=\"item-t title-main\">Zap\u0142a\u0107 kart\u0105 kredytow\u0105\/debetow\u0105<\/div>\n<div class=\"item-img2 pay2\"><img decoding=\"async\" class=\"falcon-lazyload\" src=\"\/wp-content\/uploads\/replace\/7df4ac6747526334657d67261b39d9ae.png\" alt=\"Payment Method\" data-src=\"\/\/img.ltwebstatic.com\/images3_acp\/2021\/04\/09\/161793311589a2694cadea2884d760ac0901d89b9e.jpg\" data-loaded=\"true\" \/>\u00a0<img decoding=\"async\" class=\"falcon-lazyload\" src=\"\/wp-content\/uploads\/replace\/2738955150fed79e7787f6aa714f68e8.png\" alt=\"Payment Method\" data-src=\"\/\/sheinsz.ltwebstatic.com\/image\/card\/n-3-mastercard_vf9b0f97.png?v=shein_364\" data-loaded=\"true\" \/>\u00a0<img decoding=\"async\" class=\"falcon-lazyload\" src=\"\/wp-content\/uploads\/replace\/3eed35488853261a5e70023354a25005.png\" alt=\"Payment Method\" data-src=\"\/\/sheinsz.ltwebstatic.com\/image\/card\/n-8-maestro_v781c6fd.png?v=shein_364\" data-loaded=\"true\" \/>\u00a0<img decoding=\"async\" class=\"falcon-lazyload\" src=\"\/wp-content\/uploads\/replace\/0267c966ffb03213f48e438d36a08aaf.png\" alt=\"Payment Method\" data-src=\"\/\/sheinsz.ltwebstatic.com\/image\/card\/n-7-american-express_vb186b55.png?v=shein_364\" data-loaded=\"true\" \/>\u00a0<img decoding=\"async\" class=\"falcon-lazyload\" src=\"\/wp-content\/uploads\/replace\/f5c1583f35c15104d2998185ce5074ab.png\" alt=\"Payment Method\" data-src=\"\/\/img.ltwebstatic.com\/images3_acp\/2021\/08\/19\/1629343664a9b987cce8a5544d5542a818ccd75f43.png\" data-loaded=\"true\" \/><\/div>\n<div class=\"item-p\">Dost\u0119pne opcje kart kredytowych s\u0105 wymienione powy\u017cej. Wymienione powy\u017cej firmy obs\u0142uguj\u0105ce karty kredytowe s\u0105 najcz\u0119\u015bciej u\u017cywanymi kartami kredytowymi na tej stronie. Nie martw si\u0119, je\u015bli wystawcy Twojej karty kredytowej nie ma na li\u015bcie, zach\u0119camy do kontynuowania zakupu.<\/div>\n<div class=\"item-p\">Nale\u017cy pami\u0119ta\u0107, \u017ce Kieslect nie zbiera numeru Twojej karty kredytowej\/debetowej ani danych osobowych podczas dokonywania p\u0142atno\u015bci. W przypadku pyta\u0144 dotycz\u0105cych transakcji na naszej stronie nale\u017cy skontaktowa\u0107 si\u0119 z bankiem, kt\u00f3ry wyda\u0142 kart\u0119, w celu uzyskania informacji.<\/div>\n<\/div>\n<div class=\"article-con-item border-top\">\n<div class=\"item-t title-main\">P\u0142atno\u015b\u0107 E-portfelem<\/div>\n<div class=\"item-img2 pay2\"><img decoding=\"async\" class=\"falcon-lazyload\" src=\"\/wp-content\/uploads\/replace\/23c4f77b8046ce9fc790c1a227674f3e.png\" alt=\"Payment Method\" data-src=\"\/\/img.ltwebstatic.com\/images3_acp\/2020\/12\/23\/1608691262541d59161a4d505e72e480dab4614abd.png\" data-loaded=\"true\" \/><\/div>\n<div class=\"item-p\">GrabPay to opcja p\u0142atno\u015bci portfelem cyfrowym dla klient\u00f3w z Malezji, Filipin i Singapuru. B\u0119dziesz dokonywa\u0107 p\u0142atno\u015bci w aplikacji za pomoc\u0105 portfela GrabPay powi\u0105zanego z Twoj\u0105 kart\u0105 kredytow\u0105 lub debetow\u0105.<\/div>\n<div class=\"item-p\">Aby zap\u0142aci\u0107 za pomoc\u0105 GrabPay, zostaniesz przekierowany na stron\u0119 logowania GrabPay ze swojej witryny lub aplikacji. Kupuj\u0105cy uwierzytelnia si\u0119 za pomoc\u0105 Twojego numeru telefonu i jednorazowego has\u0142a, kt\u00f3re otrzyma\u0142e\u015b od Grab na sw\u00f3j telefon, a nast\u0119pnie potwierdza p\u0142atno\u015b\u0107.<\/div>\n<\/div>\n<div class=\"article-con-item border-top\">\n<div class=\"item-t title-main\">Zap\u0142a\u0107 Atomem<\/div>\n<div class=\"item-img2 pay2\"><img decoding=\"async\" class=\"falcon-lazyload\" src=\"\/wp-content\/uploads\/replace\/f930c8a3231d8444d7fe50e2ddb08613.png\" alt=\"Payment Method\" data-src=\"\/\/img.ltwebstatic.com\/images3_acp\/2021\/06\/08\/16231354765bcb8e3faac54bf927347ad7f39e1622.png\" data-loaded=\"true\" \/><\/div>\n<div class=\"item-p\">Atome to opcja p\u0142atno\u015bci \u201ekup teraz, zap\u0142a\u0107 p\u00f3\u017aniej\u201d dla klient\u00f3w z Singapuru, kt\u00f3ra dzieli Tw\u00f3j rachunek na trzy r\u00f3wne p\u0142atno\u015bci w ci\u0105gu dw\u00f3ch miesi\u0119cy. Atom pobiera zerowe odsetki i zerowe op\u0142aty za us\u0142ugi.<\/div>\n<div class=\"item-p\">Wybierz Atome jako opcj\u0119 p\u0142atno\u015bci podczas realizacji transakcji. P\u0142acisz 1\/3 ca\u0142kowitego rachunku na miejscu. Druga p\u0142atno\u015b\u0107 b\u0119dzie p\u0142atna 30 dni p\u00f3\u017aniej, a trzecia w nast\u0119pnym miesi\u0105cu.<\/div>\n<\/div>\n<\/div>\n<div class=\"article-con-item\">\n<div class=\"item-t title-main\">\u201eKod kuponu\u201d i \u201ePunkty bonusowe\u201d<\/div>\n<div class=\"item-p\">Mo\u017cesz zastosowa\u0107 kupony i punkty bonusowe do swojego zam\u00f3wienia przy kasie. Po wprowadzeniu kodu kuponu i punkt\u00f3w Kieslect kliknij \u201eZastosuj\u201d, a rabat automatycznie dostosuje kwot\u0119 zam\u00f3wienia. Pami\u0119taj, \u017ce je\u015bli nie klikniesz \u201eZastosuj\u201d przed kontynuowaniem realizacji transakcji, suma zam\u00f3wienia nie b\u0119dzie uwzgl\u0119dnia\u0107 rabatu z tytu\u0142u kuponu i punkt\u00f3w bonusowych.<\/div>\n<div class=\"item-notes-list\">\n<div class=\"notes\">UWAGI:<\/div>\n<ul>\n<li>Upewnij si\u0119, \u017ce wprowadzi\u0142e\u015b kod kuponu dok\u0142adnie w takiej postaci, w jakiej go otrzyma\u0142e\u015b, bez spacji przed, w \u015brodku i po nim. Aby unikn\u0105\u0107 b\u0142\u0119d\u00f3w, zalecamy skopiowanie\/wklejenie otrzymanego kodu promocyjnego.<\/li>\n<li>Kupony nie \u0142\u0105cz\u0105 si\u0119. W jednym zam\u00f3wieniu mo\u017cesz wykorzysta\u0107 tylko jeden kod kuponu.<\/li>\n<li>Kupony podlegaj\u0105 warunkom oferty. Nie obejmuje to niekt\u00f3rych pozycji na naszej stronie internetowej, kt\u00f3re nie kwalifikuj\u0105 si\u0119 do rabat\u00f3w kuponowych.<\/li>\n<li>Mo\u017cesz zap\u0142aci\u0107 do 70% swojego zakupu punktami bonusowymi przy kasie. Pami\u0119taj, \u017ce 100 punkt\u00f3w = $1.<\/li>\n<\/ul>\n<\/div>\n<\/div>\n<div class=\"article-con-item\">\n<div class=\"item-t title-main\">Waluty<\/div>\n<div class=\"item-p\">Waluta, w kt\u00f3rej p\u0142acisz, zale\u017cy od kraju, z kt\u00f3rego p\u0142acisz i wybranej metody p\u0142atno\u015bci. Mo\u017cesz zmieni\u0107 domy\u015bln\u0105 walut\u0119, klikaj\u0105c w prawym g\u00f3rnym rogu strony Kieslect i wybieraj\u0105c walut\u0119, w kt\u00f3rej chcesz p\u0142aci\u0107.<\/div>\n<\/div>\n<\/div>\n<\/div>\n<\/div>\n<\/div>\n<\/div>\n<\/div>\n<\/div>\n<div class=\"article-con-item\">\n<div class=\"item-p\"><\/div>\n<\/div>","protected":false},"excerpt":{"rendered":"<p>Zap\u0142a\u0107 za pomoc\u0105 PayPal Kiedy z\u0142o\u017cysz zam\u00f3wienie za pomoc\u0105 PayPal, zostaniesz przekierowany na stron\u0119 p\u0142atno\u015bci PayPal, gdzie mo\u017cesz potwierdzi\u0107 p\u0142atno\u015b\u0107, loguj\u0105c si\u0119 przy u\u017cyciu swojej nazwy u\u017cytkownika i has\u0142a PayPal. Nadal mo\u017cesz dokona\u0107 p\u0142atno\u015bci nawet bez konta PayPal. Aby to zrobi\u0107, kliknij \u201eZap\u0142a\u0107 kart\u0105 debetow\u0105\/kredytow\u0105\u201d i [\u2026]<\/p>","protected":false},"author":1,"featured_media":0,"parent":0,"menu_order":0,"comment_status":"closed","ping_status":"closed","template":"","meta":{"footnotes":""},"class_list":["post-17195","page","type-page","status-publish","hentry"],"aioseo_notices":[],"aioseo_head":"\n\t\t<!-- All in One SEO Pro 4.6.5 - aioseo.com -->\n\t\t<meta name=\"description\" content=\"Best Smartwatches Buy Online currently accept Paypal, Visa, Master Card, Apple Pay, Google Pay, Alipay, Gcash, Kakao Pay, Discover and Diners payments.\" \/>\n\t\t<meta name=\"robots\" content=\"max-image-preview:large\" \/>\n\t\t<link rel=\"canonical\" href=\"https:\/\/www.kieslect.com\/pl\/payment-method\/\" \/>\n\t\t<meta name=\"generator\" content=\"All in One SEO Pro (AIOSEO) 4.6.5\" \/>\n\t\t<meta property=\"og:locale\" content=\"pl_PL\" \/>\n\t\t<meta property=\"og:site_name\" content=\"Kieslect - A Trusted Global Provider of Smart Wearable Solution\" \/>\n\t\t<meta property=\"og:type\" content=\"article\" \/>\n\t\t<meta property=\"og:title\" content=\"Payment Method - Best Smartwatches Buy Online\" \/>\n\t\t<meta property=\"og:description\" content=\"Best Smartwatches Buy Online currently accept Paypal, Visa, Master Card, Apple Pay, Google Pay, Alipay, Gcash, Kakao Pay, Discover and Diners payments.\" \/>\n\t\t<meta property=\"og:url\" content=\"https:\/\/www.kieslect.com\/pl\/payment-method\/\" \/>\n\t\t<meta property=\"og:image\" content=\"https:\/\/www.kieslect.com\/wp-content\/uploads\/replace\/83a7c94e588d71936bb1ab2a1c752869.jpeg\" \/>\n\t\t<meta property=\"og:image:secure_url\" content=\"https:\/\/www.kieslect.com\/wp-content\/uploads\/replace\/83a7c94e588d71936bb1ab2a1c752869.jpeg\" \/>\n\t\t<meta property=\"article:published_time\" content=\"2022-09-22T03:48:35+00:00\" \/>\n\t\t<meta property=\"article:modified_time\" content=\"2024-05-30T02:18:31+00:00\" \/>\n\t\t<meta property=\"article:publisher\" content=\"https:\/\/www.facebook.com\/KieslectOfficial\/\" \/>\n\t\t<meta name=\"twitter:card\" content=\"summary_large_image\" \/>\n\t\t<meta name=\"twitter:site\" content=\"@kieslect\" \/>\n\t\t<meta name=\"twitter:title\" content=\"Payment Method - Best Smartwatches Buy Online\" \/>\n\t\t<meta name=\"twitter:description\" content=\"Best Smartwatches Buy Online currently accept Paypal, Visa, Master Card, Apple Pay, Google Pay, Alipay, Gcash, Kakao Pay, Discover and Diners payments.\" \/>\n\t\t<meta name=\"twitter:creator\" content=\"@kieslect\" \/>\n\t\t<meta name=\"twitter:image\" content=\"http:\/\/www.kieslect.com\/wp-content\/uploads\/replace\/83a7c94e588d71936bb1ab2a1c752869.jpeg\" \/>\n\t\t<script type=\"application\/ld+json\" class=\"aioseo-schema\">\n\t\t\t{\"@context\":\"https:\\\/\\\/schema.org\",\"@graph\":[{\"@type\":\"BreadcrumbList\",\"@id\":\"https:\\\/\\\/www.kieslect.com\\\/pl\\\/payment-method\\\/#breadcrumblist\",\"itemListElement\":[{\"@type\":\"ListItem\",\"@id\":\"https:\\\/\\\/www.kieslect.com\\\/pl\\\/#listItem\",\"position\":1,\"name\":\"Home\",\"item\":\"https:\\\/\\\/www.kieslect.com\\\/pl\\\/\",\"nextItem\":\"https:\\\/\\\/www.kieslect.com\\\/pl\\\/payment-method\\\/#listItem\"},{\"@type\":\"ListItem\",\"@id\":\"https:\\\/\\\/www.kieslect.com\\\/pl\\\/payment-method\\\/#listItem\",\"position\":2,\"name\":\"Payment Method\",\"previousItem\":\"https:\\\/\\\/www.kieslect.com\\\/pl\\\/#listItem\"}]},{\"@type\":\"Organization\",\"@id\":\"https:\\\/\\\/www.kieslect.com\\\/pl\\\/#organization\",\"name\":\"Kieslect Smartwatch\",\"description\":\"A Trusted Global Provider of Smart Wearable Solution\",\"url\":\"https:\\\/\\\/www.kieslect.com\\\/pl\\\/\",\"logo\":{\"@type\":\"ImageObject\",\"url\":\"https:\\\/\\\/www.kieslect.com\\\/wp-content\\\/uploads\\\/2024\\\/01\\\/Kieslect-Logo-2_1_335x75_crop_center-1.webp\",\"@id\":\"https:\\\/\\\/www.kieslect.com\\\/pl\\\/payment-method\\\/#organizationLogo\",\"width\":335,\"height\":75},\"image\":{\"@id\":\"https:\\\/\\\/www.kieslect.com\\\/pl\\\/payment-method\\\/#organizationLogo\"},\"sameAs\":[\"https:\\\/\\\/www.facebook.com\\\/KieslectOfficial\\\/\",\"https:\\\/\\\/twitter.com\\\/kieslect\",\"https:\\\/\\\/www.instagram.com\\\/kieslect\\\/\"]},{\"@type\":\"WebPage\",\"@id\":\"https:\\\/\\\/www.kieslect.com\\\/pl\\\/payment-method\\\/#webpage\",\"url\":\"https:\\\/\\\/www.kieslect.com\\\/pl\\\/payment-method\\\/\",\"name\":\"Payment Method - Best Smartwatches Buy Online\",\"description\":\"Best Smartwatches Buy Online currently accept Paypal, Visa, Master Card, Apple Pay, Google Pay, Alipay, Gcash, Kakao Pay, Discover and Diners payments.\",\"inLanguage\":\"pl-PL\",\"isPartOf\":{\"@id\":\"https:\\\/\\\/www.kieslect.com\\\/pl\\\/#website\"},\"breadcrumb\":{\"@id\":\"https:\\\/\\\/www.kieslect.com\\\/pl\\\/payment-method\\\/#breadcrumblist\"},\"datePublished\":\"2022-09-22T03:48:35+08:00\",\"dateModified\":\"2024-05-30T10:18:31+08:00\"},{\"@type\":\"WebSite\",\"@id\":\"https:\\\/\\\/www.kieslect.com\\\/pl\\\/#website\",\"url\":\"https:\\\/\\\/www.kieslect.com\\\/pl\\\/\",\"name\":\"Kieslect\",\"description\":\"A Trusted Global Provider of Smart Wearable Solution\",\"inLanguage\":\"pl-PL\",\"publisher\":{\"@id\":\"https:\\\/\\\/www.kieslect.com\\\/pl\\\/#organization\"}}]}\n\t\t<\/script>\n\t\t<!-- All in One SEO Pro -->\r\n\t\t<title>Payment Method - Best Smartwatches Buy Online<\/title>\n\n","aioseo_head_json":{"title":"Payment Method - Best Smartwatches Buy Online","description":"Best Smartwatches Buy Online currently accept Paypal, Visa, Master Card, Apple Pay, Google Pay, Alipay, Gcash, Kakao Pay, Discover and Diners payments.","canonical_url":"https:\/\/www.kieslect.com\/pl\/payment-method\/","robots":"max-image-preview:large","keywords":"","webmasterTools":{"miscellaneous":""},"og:locale":"pl_PL","og:site_name":"Kieslect - A Trusted Global Provider of Smart Wearable Solution","og:type":"article","og:title":"Payment Method - Best Smartwatches Buy Online","og:description":"Best Smartwatches Buy Online currently accept Paypal, Visa, Master Card, Apple Pay, Google Pay, Alipay, Gcash, Kakao Pay, Discover and Diners payments.","og:url":"https:\/\/www.kieslect.com\/pl\/payment-method\/","og:image":"https:\/\/www.kieslect.com\/wp-content\/uploads\/replace\/83a7c94e588d71936bb1ab2a1c752869.jpeg","og:image:secure_url":"https:\/\/www.kieslect.com\/wp-content\/uploads\/replace\/83a7c94e588d71936bb1ab2a1c752869.jpeg","article:published_time":"2022-09-22T03:48:35+00:00","article:modified_time":"2024-05-30T02:18:31+00:00","article:publisher":"https:\/\/www.facebook.com\/KieslectOfficial\/","twitter:card":"summary_large_image","twitter:site":"@kieslect","twitter:title":"Payment Method - Best Smartwatches Buy Online","twitter:description":"Best Smartwatches Buy Online currently accept Paypal, Visa, Master Card, Apple Pay, Google Pay, Alipay, Gcash, Kakao Pay, Discover and Diners payments.","twitter:creator":"@kieslect","twitter:image":"http:\/\/www.kieslect.com\/wp-content\/uploads\/replace\/83a7c94e588d71936bb1ab2a1c752869.jpeg","schema":{"@context":"https:\/\/schema.org","@graph":[{"@type":"BreadcrumbList","@id":"https:\/\/www.kieslect.com\/pl\/payment-method\/#breadcrumblist","itemListElement":[{"@type":"ListItem","@id":"https:\/\/www.kieslect.com\/pl\/#listItem","position":1,"name":"Home","item":"https:\/\/www.kieslect.com\/pl\/","nextItem":"https:\/\/www.kieslect.com\/pl\/payment-method\/#listItem"},{"@type":"ListItem","@id":"https:\/\/www.kieslect.com\/pl\/payment-method\/#listItem","position":2,"name":"Payment Method","previousItem":"https:\/\/www.kieslect.com\/pl\/#listItem"}]},{"@type":"Organization","@id":"https:\/\/www.kieslect.com\/pl\/#organization","name":"Kieslect Smartwatch","description":"A Trusted Global Provider of Smart Wearable Solution","url":"https:\/\/www.kieslect.com\/pl\/","logo":{"@type":"ImageObject","url":"https:\/\/www.kieslect.com\/wp-content\/uploads\/2024\/01\/Kieslect-Logo-2_1_335x75_crop_center-1.webp","@id":"https:\/\/www.kieslect.com\/pl\/payment-method\/#organizationLogo","width":335,"height":75},"image":{"@id":"https:\/\/www.kieslect.com\/pl\/payment-method\/#organizationLogo"},"sameAs":["https:\/\/www.facebook.com\/KieslectOfficial\/","https:\/\/twitter.com\/kieslect","https:\/\/www.instagram.com\/kieslect\/"]},{"@type":"WebPage","@id":"https:\/\/www.kieslect.com\/pl\/payment-method\/#webpage","url":"https:\/\/www.kieslect.com\/pl\/payment-method\/","name":"Payment Method - Best Smartwatches Buy Online","description":"Best Smartwatches Buy Online currently accept Paypal, Visa, Master Card, Apple Pay, Google Pay, Alipay, Gcash, Kakao Pay, Discover and Diners payments.","inLanguage":"pl-PL","isPartOf":{"@id":"https:\/\/www.kieslect.com\/pl\/#website"},"breadcrumb":{"@id":"https:\/\/www.kieslect.com\/pl\/payment-method\/#breadcrumblist"},"datePublished":"2022-09-22T03:48:35+08:00","dateModified":"2024-05-30T10:18:31+08:00"},{"@type":"WebSite","@id":"https:\/\/www.kieslect.com\/pl\/#website","url":"https:\/\/www.kieslect.com\/pl\/","name":"Kieslect","description":"A Trusted Global Provider of Smart Wearable Solution","inLanguage":"pl-PL","publisher":{"@id":"https:\/\/www.kieslect.com\/pl\/#organization"}}]}},"aioseo_meta_data":{"post_id":"17195","title":"#post_title #separator_sa Best Smartwatches Buy Online","description":"Best Smartwatches Buy Online currently accept Paypal, Visa, Master Card, Apple Pay, Google Pay, Alipay, Gcash, Kakao Pay, Discover and Diners payments.","keywords":[],"keyphrases":"{\"focus\":{\"keyphrase\":\"\",\"score\":0,\"analysis\":{\"keyphraseInTitle\":{\"score\":0,\"maxScore\":9,\"error\":1}}},\"additional\":[]}","primary_term":null,"canonical_url":null,"og_title":null,"og_description":null,"og_object_type":"default","og_image_type":"default","og_image_url":null,"og_image_width":null,"og_image_height":null,"og_image_custom_url":null,"og_image_custom_fields":null,"og_video":"","og_custom_url":null,"og_article_section":null,"og_article_tags":[],"twitter_use_og":false,"twitter_card":"default","twitter_image_type":"default","twitter_image_url":null,"twitter_image_custom_url":null,"twitter_image_custom_fields":null,"twitter_title":null,"twitter_description":null,"schema":{"blockGraphs":[],"customGraphs":[],"default":{"data":{"Article":[],"Course":[],"Dataset":[],"FAQPage":[],"Movie":[],"Person":[],"Product":[],"Recipe":[],"Service":[],"SoftwareApplication":[],"WebPage":[]},"graphName":"WebPage","isEnabled":true},"graphs":[]},"schema_type":"default","schema_type_options":null,"pillar_content":false,"robots_default":true,"robots_noindex":false,"robots_noarchive":false,"robots_nosnippet":false,"robots_nofollow":false,"robots_noimageindex":false,"robots_noodp":false,"robots_notranslate":false,"robots_max_snippet":"-1","robots_max_videopreview":"-1","robots_max_imagepreview":"large","priority":null,"frequency":"default","local_seo":null,"limit_modified_date":false,"created":"2024-02-26 12:21:32","updated":"2024-05-30 02:18:50"},"aioseo_breadcrumb":"<div class=\"aioseo-breadcrumbs\"><span class=\"aioseo-breadcrumb\">\n\t<a href=\"https:\/\/www.kieslect.com\/pl\" title=\"Home\">Home<\/a>\n<\/span><span class=\"aioseo-breadcrumb-separator\">&raquo;<\/span><span class=\"aioseo-breadcrumb\">\n\tPayment Method\n<\/span><\/div>","aioseo_breadcrumb_json":[{"label":"Home","link":"https:\/\/www.kieslect.com\/pl"},{"label":"Payment Method","link":"https:\/\/www.kieslect.com\/pl\/payment-method\/"}],"_links":{"self":[{"href":"https:\/\/www.kieslect.com\/pl\/wp-json\/wp\/v2\/pages\/17195","targetHints":{"allow":["GET"]}}],"collection":[{"href":"https:\/\/www.kieslect.com\/pl\/wp-json\/wp\/v2\/pages"}],"about":[{"href":"https:\/\/www.kieslect.com\/pl\/wp-json\/wp\/v2\/types\/page"}],"author":[{"embeddable":true,"href":"https:\/\/www.kieslect.com\/pl\/wp-json\/wp\/v2\/users\/1"}],"replies":[{"embeddable":true,"href":"https:\/\/www.kieslect.com\/pl\/wp-json\/wp\/v2\/comments?post=17195"}],"version-history":[{"count":0,"href":"https:\/\/www.kieslect.com\/pl\/wp-json\/wp\/v2\/pages\/17195\/revisions"}],"wp:attachment":[{"href":"https:\/\/www.kieslect.com\/pl\/wp-json\/wp\/v2\/media?parent=17195"}],"curies":[{"name":"wp","href":"https:\/\/api.w.org\/{rel}","templated":true}]}}