{"id":23752,"date":"2024-01-16T11:47:50","date_gmt":"2024-01-16T11:47:50","guid":{"rendered":"http:\/\/www.kieslect.com\/?post_type=product&#038;p=23752"},"modified":"2026-03-05T19:11:32","modified_gmt":"2026-03-05T11:11:32","slug":"kieslect-calling-smartwatch-kr-pro","status":"publish","type":"product","link":"https:\/\/www.kieslect.com\/es\/producto\/kieslect-calling-smartwatch-kr-pro\/","title":{"rendered":"Kieslect Llamada Smartwatch Kr Pro"},"content":{"rendered":"<p><img fetchpriority=\"high\" decoding=\"async\" class=\"alignnone size-full wp-image-25529\" title=\"KieslectKrPro-Smartwatch\" src=\"\/wp-content\/uploads\/replace\/e38d41d76976b73df75b18082fba58ad.jpeg\" alt=\"KieslectKrPro-Smartwatch\" width=\"1920\" height=\"1197\" \/><img decoding=\"async\" class=\"alignnone size-full wp-image-25530\" title=\"KrPro_3\" src=\"\/wp-content\/uploads\/replace\/4f5e46d4ae7b64d4a4a06fcaef5b0b17.jpeg\" alt=\"KrPro_3\" width=\"1920\" height=\"2000\" \/><img decoding=\"async\" class=\"alignnone size-full wp-image-25531\" title=\"KieslectKrPro-Smartwatch_2\" src=\"\/wp-content\/uploads\/replace\/84e478d58f5485ba2855f6f08e5e3488.jpeg\" alt=\"KieslectKrPro-Smartwatch_2\" width=\"1920\" height=\"1757\" \/><img loading=\"lazy\" decoding=\"async\" class=\"alignnone size-full wp-image-25532\" title=\"KieslectKrPro-Smartwatch_3\" src=\"\/wp-content\/uploads\/replace\/b833722adae8bacfc1fa85adaff022d9.jpeg\" alt=\"KieslectKrPro-Smartwatch_3\" width=\"1920\" height=\"1683\" \/><img loading=\"lazy\" decoding=\"async\" class=\"alignnone size-full wp-image-25533\" title=\"KieslectKrPro-Smartwatch_4\" src=\"\/wp-content\/uploads\/replace\/72f14ecec044822655c42c78633dba8a.jpeg\" alt=\"KieslectKrPro-Smartwatch_4\" width=\"1920\" height=\"1185\" \/><img loading=\"lazy\" decoding=\"async\" class=\"alignnone size-full wp-image-25534\" title=\"KieslectKrPro-Smartwatch_5\" src=\"\/wp-content\/uploads\/replace\/f1eb11a2620ec4854ba5130374d5cd72.jpeg\" alt=\"KieslectKrPro-Smartwatch_5\" width=\"1920\" height=\"1170\" \/><img loading=\"lazy\" decoding=\"async\" class=\"alignnone size-full wp-image-25536\" title=\"KieslectKrPro-Smartwatch_6\" src=\"\/wp-content\/uploads\/replace\/7ac0400d139919f53ad215154dc3ccc7.jpeg\" alt=\"KieslectKrPro-Smartwatch_6\" width=\"1920\" height=\"1140\" \/><img loading=\"lazy\" decoding=\"async\" class=\"alignnone size-full wp-image-25535\" title=\"KieslectKrPro-Smartwatch_7\" src=\"\/wp-content\/uploads\/replace\/1a9eecb4a9bb5d2d5ef9f9b1370386c1.jpeg\" alt=\"KieslectKrPro-Smartwatch_7\" width=\"1920\" height=\"1110\" \/><img loading=\"lazy\" decoding=\"async\" class=\"alignnone size-full wp-image-25537\" title=\"KrPro_4\" src=\"\/wp-content\/uploads\/replace\/8bdac433eda40892a4634199ed469590.jpeg\" alt=\"KrPro_4\" width=\"1920\" height=\"1955\" \/><img loading=\"lazy\" decoding=\"async\" class=\"alignnone size-full wp-image-25538\" title=\"KieslectKrPro-Smartwatch_9\" src=\"\/wp-content\/uploads\/replace\/04ac5688b52c8417314da0a79ea3bd9d.jpeg\" alt=\"KieslectKrPro-Smartwatch_9\" width=\"1920\" height=\"1070\" \/><img loading=\"lazy\" decoding=\"async\" class=\"alignnone size-full wp-image-25539\" title=\"KrPro_5\" src=\"\/wp-content\/uploads\/replace\/80526464f5f30dc4a1f7836b09ad3c05.jpeg\" alt=\"KrPro_5\" width=\"1920\" height=\"3980\" \/><\/p>\n<p><strong>Caracter\u00edsticas del Kieslect Calling Watch Kr Pro:<\/strong><\/p>\n<p><strong>\u25cf Llamadas Bluetooth estables<\/strong><br \/>\nCon un potente chip de llamadas 2 en 1 y una conexi\u00f3n Bluetooth 5.2 estable, el reloj inteligente Kr Pro le brinda llamadas telef\u00f3nicas estables, claras y de alta calidad de sonido en cualquier momento y en cualquier lugar.<br \/>\nReciba y rechace c\u00f3modamente llamadas telef\u00f3nicas, marque y almacene hasta 100 contactos en su Kr!<\/p>\n<p><strong>\u25cf Correas dobles<\/strong><br \/>\nEl reloj inteligente Kr Pro combinado con dos correas te brinda una experiencia diferente. Puedes cambiar las correas para diferentes ocasiones.<\/p>\n<p><strong>\u25cf Pantalla AMOLED Ultra FHD de 1,43\u2033<\/strong><br \/>\nClaro como el cristal de un vistazo.<br \/>\nCon una claridad sin precedentes que alcanza los 466\u00d7466 p\u00edxeles, la impresionante pantalla grande y colorida de 1,43\u201d muestra contenido completo y rico de forma m\u00e1s clara, brillante y r\u00e1pida que nunca.<\/p>\n<p><strong>\u25cf Corona de navegaci\u00f3n delicada<\/strong><br \/>\nLa c\u00f3moda corona giratoria facilita mucho la navegaci\u00f3n y cambia las esferas del reloj en un segundo. \u00a1El delicioso sonido del equipo lo hace m\u00e1s divertido!<\/p>\n<p><strong>\u25cf Reproductor de m\u00fasica<\/strong><br \/>\nNo solo controla tu tel\u00e9fono para reproducir m\u00fasica, el reloj inteligente Kr Pro tambi\u00e9n funciona como altavoz para que puedas escuchar m\u00fasica en tu mu\u00f1eca en cualquier momento y en cualquier lugar.<\/p>\n<p><strong>\u25cf Asistente de voz AI Smart Life<\/strong><br \/>\nEl asistente de voz AI ayuda a realizar tareas como configurar alarmas, iniciar aplicaciones o participar en modos deportivos mediante comandos de voz.<\/p>\n<p><strong>\u25cf Esferas de reloj vibrantes y pantalla siempre activa<\/strong><br \/>\nCombina tu estado de \u00e1nimo, tu vestimenta o tus diferentes ocasiones con una amplia gama de elegantes esferas de reloj, todas ellas con una pantalla siempre encendida a juego.<\/p>\n<p><strong>\u25cf Rastreador de actividad f\u00edsica<\/strong><br \/>\nCon el reloj inteligente Kr Pro, puede comprender mejor su estado de salud al monitorear su ox\u00edgeno en sangre, frecuencia card\u00edaca y sue\u00f1o en tiempo real y realizar ajustes oportunos para desarrollar un estilo de vida m\u00e1s saludable.<\/p>\n<p><strong>\u25cf Ayuda SOS<\/strong><br \/>\n\u00a1El reloj inteligente Kr Pro pedir\u00e1 ayuda cuando la necesites!<\/p>\n<p><strong>\u25cf Respuesta r\u00e1pida de rechazo<\/strong><br \/>\nSi recibe una llamada de emergencia mientras est\u00e1 en una reuni\u00f3n, puede rechazar la llamada directamente y el reloj inteligente Kr Pro responder\u00e1 autom\u00e1ticamente mediante SMS a la persona que llama.<\/p>\n<p><strong>\u25cf Duraci\u00f3n de la bater\u00eda de 7 d\u00edas<\/strong><br \/>\nSi desea invertir en un reloj inteligente con funciones incre\u00edbles pero que tambi\u00e9n posee una excelente duraci\u00f3n de bater\u00eda, \u00a1el reloj inteligente Kr Pro es su mejor opci\u00f3n!<br \/>\n7 d\u00edas para uso t\u00edpico.<\/p>\n<p><strong>\u25cf 70 modos deportivos<\/strong><br \/>\nMant\u00e9ngase saludable y alcance sus objetivos de acondicionamiento f\u00edsico con la ayuda de los 70 modos de entrenamiento del reloj inteligente Kr Pro: correr, andar en bicicleta, nadar, f\u00fatbol, escalar, b\u00e1dminton, tenis, ping pong, hockey, baloncesto, rugby, gimnasia, etc.<\/p>\n<p><strong>\u25cf Correa magn\u00e9tica de liberaci\u00f3n r\u00e1pida<\/strong><br \/>\nLiderando la tendencia de la moda con cuatro tipos de colocaciones premium.<br \/>\nSensaci\u00f3n de comodidad gracias a la combinaci\u00f3n perfecta de materiales de silicona y metal.<br \/>\nF\u00e1cil de usar y quitar sin la alineaci\u00f3n de las hebillas tradicionales.<\/p>","protected":false},"excerpt":{"rendered":"<ul>\n<li>\ud83c\udf88 Llamadas Bluetooth estables<\/li>\n<li>\ud83c\udf88 Pantalla AMOLED ultra FHD de 1,43 \u2033<\/li>\n<li>\ud83c\udf88 Din\u00e1mico siempre en pantalla<\/li>\n<li>\ud83c\udf88 Corona de navegaci\u00f3n delicada<\/li>\n<li>\ud83c\udf88 Correa magn\u00e9tica de liberaci\u00f3n r\u00e1pida<\/li>\n<li>\ud83c\udf88 Compre una correa gratis<\/li>\n<li>\ud83c\udf88 Reproductor de m\u00fasica<\/li>\n<li>\ud83c\udf88 Rastreador de actividad f\u00edsica<\/li>\n<li>\ud83c\udf88 70 modos deportivos<\/li>\n<li>\ud83c\udf88 Tanto para Android como para IOS<\/li>\n<\/ul>","protected":false},"featured_media":23810,"comment_status":"open","ping_status":"closed","template":"","meta":[],"product_brand":[],"product_cat":[15,463,462,417,461],"product_tag":[],"class_list":{"0":"post-23752","1":"product","2":"type-product","3":"status-publish","4":"has-post-thumbnail","6":"product_cat-smartwatch","7":"product_cat-calling-smartwatch","8":"product_cat-calling-watch","9":"product_cat-essential-series","10":"product_cat-smart-watches-for-men","12":"first","13":"instock","14":"shipping-taxable","15":"product-type-external"},"aioseo_notices":[],"aioseo_head":"\n\t\t<!-- All in One SEO Pro 4.6.5 - aioseo.com -->\n\t\t<meta name=\"description\" content=\"\ud83c\udf88 Stable Bluetooth Calls \ud83c\udf88 1.43\u2033 Ultra FHD AMOLED Display \ud83c\udf88 Dynamic Always on Display \ud83c\udf88 Delicate Navigation Crown \ud83c\udf88 Magnetic Quick Release Strap \ud83c\udf88 Buy One Free One Strap \ud83c\udf88 Music Player \ud83c\udf88 Fitness Tracker \ud83c\udf88 70 Sports Modes \ud83c\udf88 For both Android and IOS\" \/>\n\t\t<meta name=\"robots\" content=\"max-image-preview:large\" \/>\n\t\t<link rel=\"canonical\" href=\"https:\/\/www.kieslect.com\/es\/producto\/kieslect-calling-smartwatch-kr-pro\/\" \/>\n\t\t<meta name=\"generator\" content=\"All in One SEO Pro (AIOSEO) 4.6.5\" \/>\n\t\t<meta property=\"og:locale\" content=\"es_ES\" \/>\n\t\t<meta property=\"og:site_name\" content=\"Kieslect - A Trusted Global Provider of Smart Wearable Solution\" \/>\n\t\t<meta property=\"og:type\" content=\"article\" \/>\n\t\t<meta property=\"og:title\" content=\"Kieslect Calling Smartwatch Kr Pro - Kieslect\" \/>\n\t\t<meta property=\"og:description\" content=\"\ud83c\udf88 Stable Bluetooth Calls \ud83c\udf88 1.43\u2033 Ultra FHD AMOLED Display \ud83c\udf88 Dynamic Always on Display \ud83c\udf88 Delicate Navigation Crown \ud83c\udf88 Magnetic Quick Release Strap \ud83c\udf88 Buy One Free One Strap \ud83c\udf88 Music Player \ud83c\udf88 Fitness Tracker \ud83c\udf88 70 Sports Modes \ud83c\udf88 For both Android and IOS\" \/>\n\t\t<meta property=\"og:url\" content=\"https:\/\/www.kieslect.com\/es\/producto\/kieslect-calling-smartwatch-kr-pro\/\" \/>\n\t\t<meta property=\"og:image\" content=\"https:\/\/www.kieslect.com\/wp-content\/uploads\/replace\/83a7c94e588d71936bb1ab2a1c752869.jpeg\" \/>\n\t\t<meta property=\"og:image:secure_url\" content=\"https:\/\/www.kieslect.com\/wp-content\/uploads\/replace\/83a7c94e588d71936bb1ab2a1c752869.jpeg\" \/>\n\t\t<meta property=\"og:image:width\" content=\"300\" \/>\n\t\t<meta property=\"og:image:height\" content=\"169\" \/>\n\t\t<meta property=\"article:published_time\" content=\"2024-01-16T11:47:50+00:00\" \/>\n\t\t<meta property=\"article:modified_time\" content=\"2026-03-05T11:11:32+00:00\" \/>\n\t\t<meta property=\"article:publisher\" content=\"https:\/\/www.facebook.com\/KieslectOfficial\/\" \/>\n\t\t<meta name=\"twitter:card\" content=\"summary_large_image\" \/>\n\t\t<meta name=\"twitter:site\" content=\"@kieslect\" \/>\n\t\t<meta name=\"twitter:title\" content=\"Kieslect Calling Smartwatch Kr Pro - Kieslect\" \/>\n\t\t<meta name=\"twitter:description\" content=\"\ud83c\udf88 Stable Bluetooth Calls \ud83c\udf88 1.43\u2033 Ultra FHD AMOLED Display \ud83c\udf88 Dynamic Always on Display \ud83c\udf88 Delicate Navigation Crown \ud83c\udf88 Magnetic Quick Release Strap \ud83c\udf88 Buy One Free One Strap \ud83c\udf88 Music Player \ud83c\udf88 Fitness Tracker \ud83c\udf88 70 Sports Modes \ud83c\udf88 For both Android and IOS\" \/>\n\t\t<meta name=\"twitter:creator\" content=\"@kieslect\" \/>\n\t\t<meta name=\"twitter:image\" content=\"https:\/\/www.kieslect.com\/wp-content\/uploads\/replace\/83a7c94e588d71936bb1ab2a1c752869.jpeg\" \/>\n\t\t<script type=\"application\/ld+json\" class=\"aioseo-schema\">\n\t\t\t{\"@context\":\"https:\\\/\\\/schema.org\",\"@graph\":[{\"@type\":\"BreadcrumbList\",\"@id\":\"https:\\\/\\\/www.kieslect.com\\\/es\\\/producto\\\/kieslect-calling-smartwatch-kr-pro\\\/#breadcrumblist\",\"itemListElement\":[{\"@type\":\"ListItem\",\"@id\":\"https:\\\/\\\/www.kieslect.com\\\/es\\\/#listItem\",\"position\":1,\"name\":\"Home\",\"item\":\"https:\\\/\\\/www.kieslect.com\\\/es\\\/\",\"nextItem\":\"https:\\\/\\\/www.kieslect.com\\\/es\\\/producto\\\/kieslect-calling-smartwatch-kr-pro\\\/#listItem\"},{\"@type\":\"ListItem\",\"@id\":\"https:\\\/\\\/www.kieslect.com\\\/es\\\/producto\\\/kieslect-calling-smartwatch-kr-pro\\\/#listItem\",\"position\":2,\"name\":\"Kieslect Calling Smartwatch Kr Pro\",\"previousItem\":\"https:\\\/\\\/www.kieslect.com\\\/es\\\/#listItem\"}]},{\"@type\":\"Organization\",\"@id\":\"https:\\\/\\\/www.kieslect.com\\\/es\\\/#organization\",\"name\":\"Kieslect Smartwatch\",\"description\":\"A Trusted Global Provider of Smart Wearable Solution\",\"url\":\"https:\\\/\\\/www.kieslect.com\\\/es\\\/\",\"logo\":{\"@type\":\"ImageObject\",\"url\":\"https:\\\/\\\/www.kieslect.com\\\/wp-content\\\/uploads\\\/2024\\\/01\\\/Kieslect-Logo-2_1_335x75_crop_center-1.webp\",\"@id\":\"https:\\\/\\\/www.kieslect.com\\\/es\\\/producto\\\/kieslect-calling-smartwatch-kr-pro\\\/#organizationLogo\",\"width\":335,\"height\":75},\"image\":{\"@id\":\"https:\\\/\\\/www.kieslect.com\\\/es\\\/producto\\\/kieslect-calling-smartwatch-kr-pro\\\/#organizationLogo\"},\"sameAs\":[\"https:\\\/\\\/www.facebook.com\\\/KieslectOfficial\\\/\",\"https:\\\/\\\/twitter.com\\\/kieslect\",\"https:\\\/\\\/www.instagram.com\\\/kieslect\\\/\"]},{\"@type\":\"Product\",\"@id\":\"https:\\\/\\\/www.kieslect.com\\\/es\\\/producto\\\/kieslect-calling-smartwatch-kr-pro\\\/#wooCommerceProduct\",\"name\":\"Kieslect Calling Smartwatch Kr Pro\",\"description\":\"\\ud83c\\udf88 Stable Bluetooth Calls\\r\\n \\t\\ud83c\\udf88 1.43\\u2033 Ultra FHD AMOLED Display\\r\\n \\t\\ud83c\\udf88 Dynamic Always on Display\\r\\n \\t\\ud83c\\udf88 Delicate Navigation Crown\\r\\n \\t\\ud83c\\udf88 Magnetic Quick Release Strap\\r\\n \\t\\ud83c\\udf88 Buy One Free One Strap\\r\\n \\t\\ud83c\\udf88 Music Player\\r\\n \\t\\ud83c\\udf88 Fitness Tracker\\r\\n \\t\\ud83c\\udf88 70 Sports Modes\\r\\n \\t\\ud83c\\udf88 For both Android and IOS\",\"url\":\"https:\\\/\\\/www.kieslect.com\\\/es\\\/producto\\\/kieslect-calling-smartwatch-kr-pro\\\/\",\"image\":{\"@type\":\"ImageObject\",\"url\":\"https:\\\/\\\/www.kieslect.com\\\/wp-content\\\/uploads\\\/2024\\\/01\\\/kr-pro_fa1c3700-4446-4cfa-8b5e-851fe657f55b_610x_crop_center.webp\",\"@id\":\"https:\\\/\\\/www.kieslect.com\\\/es\\\/producto\\\/kieslect-calling-smartwatch-kr-pro\\\/#productImage\",\"width\":610,\"height\":610},\"offers\":{\"@type\":\"Offer\",\"url\":\"https:\\\/\\\/www.kieslect.com\\\/es\\\/producto\\\/kieslect-calling-smartwatch-kr-pro\\\/#wooCommerceOffer\",\"price\":0,\"priceCurrency\":\"USD\",\"category\":\"Smartwatch\",\"availability\":\"https:\\\/\\\/schema.org\\\/InStock\",\"seller\":{\"@type\":\"Organization\",\"@id\":\"https:\\\/\\\/www.kieslect.com\\\/es\\\/#organization\"}}},{\"@type\":\"WebPage\",\"@id\":\"https:\\\/\\\/www.kieslect.com\\\/es\\\/producto\\\/kieslect-calling-smartwatch-kr-pro\\\/#webpage\",\"url\":\"https:\\\/\\\/www.kieslect.com\\\/es\\\/producto\\\/kieslect-calling-smartwatch-kr-pro\\\/\",\"name\":\"Kieslect Calling Smartwatch Kr Pro - Kieslect\",\"description\":\"\\ud83c\\udf88 Stable Bluetooth Calls \\ud83c\\udf88 1.43\\u2033 Ultra FHD AMOLED Display \\ud83c\\udf88 Dynamic Always on Display \\ud83c\\udf88 Delicate Navigation Crown \\ud83c\\udf88 Magnetic Quick Release Strap \\ud83c\\udf88 Buy One Free One Strap \\ud83c\\udf88 Music Player \\ud83c\\udf88 Fitness Tracker \\ud83c\\udf88 70 Sports Modes \\ud83c\\udf88 For both Android and IOS\",\"inLanguage\":\"es-ES\",\"isPartOf\":{\"@id\":\"https:\\\/\\\/www.kieslect.com\\\/es\\\/#website\"},\"breadcrumb\":{\"@id\":\"https:\\\/\\\/www.kieslect.com\\\/es\\\/producto\\\/kieslect-calling-smartwatch-kr-pro\\\/#breadcrumblist\"},\"image\":{\"@type\":\"ImageObject\",\"url\":\"https:\\\/\\\/www.kieslect.com\\\/wp-content\\\/uploads\\\/2024\\\/01\\\/kr-pro_fa1c3700-4446-4cfa-8b5e-851fe657f55b_610x_crop_center.webp\",\"@id\":\"https:\\\/\\\/www.kieslect.com\\\/es\\\/producto\\\/kieslect-calling-smartwatch-kr-pro\\\/#mainImage\",\"width\":610,\"height\":610},\"primaryImageOfPage\":{\"@id\":\"https:\\\/\\\/www.kieslect.com\\\/es\\\/producto\\\/kieslect-calling-smartwatch-kr-pro\\\/#mainImage\"},\"datePublished\":\"2024-01-16T11:47:50+08:00\",\"dateModified\":\"2026-03-05T19:11:32+08:00\"},{\"@type\":\"WebSite\",\"@id\":\"https:\\\/\\\/www.kieslect.com\\\/es\\\/#website\",\"url\":\"https:\\\/\\\/www.kieslect.com\\\/es\\\/\",\"name\":\"Kieslect\",\"description\":\"A Trusted Global Provider of Smart Wearable Solution\",\"inLanguage\":\"es-ES\",\"publisher\":{\"@id\":\"https:\\\/\\\/www.kieslect.com\\\/es\\\/#organization\"}}]}\n\t\t<\/script>\n\t\t<!-- All in One SEO Pro -->\r\n\t\t<title>Kieslect Calling Smartwatch Kr Pro - Kieslect<\/title>\n\n","aioseo_head_json":{"title":"Kieslect Calling Smartwatch Kr Pro - Kieslect","description":"\ud83c\udf88 Stable Bluetooth Calls \ud83c\udf88 1.43\u2033 Ultra FHD AMOLED Display \ud83c\udf88 Dynamic Always on Display \ud83c\udf88 Delicate Navigation Crown \ud83c\udf88 Magnetic Quick Release Strap \ud83c\udf88 Buy One Free One Strap \ud83c\udf88 Music Player \ud83c\udf88 Fitness Tracker \ud83c\udf88 70 Sports Modes \ud83c\udf88 For both Android and IOS","canonical_url":"https:\/\/www.kieslect.com\/es\/producto\/kieslect-calling-smartwatch-kr-pro\/","robots":"max-image-preview:large","keywords":"","webmasterTools":{"miscellaneous":""},"og:locale":"es_ES","og:site_name":"Kieslect - A Trusted Global Provider of Smart Wearable Solution","og:type":"article","og:title":"Kieslect Calling Smartwatch Kr Pro - Kieslect","og:description":"\ud83c\udf88 Stable Bluetooth Calls \ud83c\udf88 1.43\u2033 Ultra FHD AMOLED Display \ud83c\udf88 Dynamic Always on Display \ud83c\udf88 Delicate Navigation Crown \ud83c\udf88 Magnetic Quick Release Strap \ud83c\udf88 Buy One Free One Strap \ud83c\udf88 Music Player \ud83c\udf88 Fitness Tracker \ud83c\udf88 70 Sports Modes \ud83c\udf88 For both Android and IOS","og:url":"https:\/\/www.kieslect.com\/es\/producto\/kieslect-calling-smartwatch-kr-pro\/","og:image":"https:\/\/www.kieslect.com\/wp-content\/uploads\/replace\/83a7c94e588d71936bb1ab2a1c752869.jpeg","og:image:secure_url":"https:\/\/www.kieslect.com\/wp-content\/uploads\/replace\/83a7c94e588d71936bb1ab2a1c752869.jpeg","og:image:width":300,"og:image:height":169,"article:published_time":"2024-01-16T11:47:50+00:00","article:modified_time":"2026-03-05T11:11:32+00:00","article:publisher":"https:\/\/www.facebook.com\/KieslectOfficial\/","twitter:card":"summary_large_image","twitter:site":"@kieslect","twitter:title":"Kieslect Calling Smartwatch Kr Pro - Kieslect","twitter:description":"\ud83c\udf88 Stable Bluetooth Calls \ud83c\udf88 1.43\u2033 Ultra FHD AMOLED Display \ud83c\udf88 Dynamic Always on Display \ud83c\udf88 Delicate Navigation Crown \ud83c\udf88 Magnetic Quick Release Strap \ud83c\udf88 Buy One Free One Strap \ud83c\udf88 Music Player \ud83c\udf88 Fitness Tracker \ud83c\udf88 70 Sports Modes \ud83c\udf88 For both Android and IOS","twitter:creator":"@kieslect","twitter:image":"https:\/\/www.kieslect.com\/wp-content\/uploads\/replace\/83a7c94e588d71936bb1ab2a1c752869.jpeg","schema":{"@context":"https:\/\/schema.org","@graph":[{"@type":"BreadcrumbList","@id":"https:\/\/www.kieslect.com\/es\/producto\/kieslect-calling-smartwatch-kr-pro\/#breadcrumblist","itemListElement":[{"@type":"ListItem","@id":"https:\/\/www.kieslect.com\/es\/#listItem","position":1,"name":"Home","item":"https:\/\/www.kieslect.com\/es\/","nextItem":"https:\/\/www.kieslect.com\/es\/producto\/kieslect-calling-smartwatch-kr-pro\/#listItem"},{"@type":"ListItem","@id":"https:\/\/www.kieslect.com\/es\/producto\/kieslect-calling-smartwatch-kr-pro\/#listItem","position":2,"name":"Kieslect Calling Smartwatch Kr Pro","previousItem":"https:\/\/www.kieslect.com\/es\/#listItem"}]},{"@type":"Organization","@id":"https:\/\/www.kieslect.com\/es\/#organization","name":"Kieslect Smartwatch","description":"A Trusted Global Provider of Smart Wearable Solution","url":"https:\/\/www.kieslect.com\/es\/","logo":{"@type":"ImageObject","url":"https:\/\/www.kieslect.com\/wp-content\/uploads\/2024\/01\/Kieslect-Logo-2_1_335x75_crop_center-1.webp","@id":"https:\/\/www.kieslect.com\/es\/producto\/kieslect-calling-smartwatch-kr-pro\/#organizationLogo","width":335,"height":75},"image":{"@id":"https:\/\/www.kieslect.com\/es\/producto\/kieslect-calling-smartwatch-kr-pro\/#organizationLogo"},"sameAs":["https:\/\/www.facebook.com\/KieslectOfficial\/","https:\/\/twitter.com\/kieslect","https:\/\/www.instagram.com\/kieslect\/"]},{"@type":"Product","@id":"https:\/\/www.kieslect.com\/es\/producto\/kieslect-calling-smartwatch-kr-pro\/#wooCommerceProduct","name":"Kieslect Calling Smartwatch Kr Pro","description":"\ud83c\udf88 Stable Bluetooth Calls\r\n \t\ud83c\udf88 1.43\u2033 Ultra FHD AMOLED Display\r\n \t\ud83c\udf88 Dynamic Always on Display\r\n \t\ud83c\udf88 Delicate Navigation Crown\r\n \t\ud83c\udf88 Magnetic Quick Release Strap\r\n \t\ud83c\udf88 Buy One Free One Strap\r\n \t\ud83c\udf88 Music Player\r\n \t\ud83c\udf88 Fitness Tracker\r\n \t\ud83c\udf88 70 Sports Modes\r\n \t\ud83c\udf88 For both Android and IOS","url":"https:\/\/www.kieslect.com\/es\/producto\/kieslect-calling-smartwatch-kr-pro\/","image":{"@type":"ImageObject","url":"https:\/\/www.kieslect.com\/wp-content\/uploads\/2024\/01\/kr-pro_fa1c3700-4446-4cfa-8b5e-851fe657f55b_610x_crop_center.webp","@id":"https:\/\/www.kieslect.com\/es\/producto\/kieslect-calling-smartwatch-kr-pro\/#productImage","width":610,"height":610},"offers":{"@type":"Offer","url":"https:\/\/www.kieslect.com\/es\/producto\/kieslect-calling-smartwatch-kr-pro\/#wooCommerceOffer","price":0,"priceCurrency":"USD","category":"Smartwatch","availability":"https:\/\/schema.org\/InStock","seller":{"@type":"Organization","@id":"https:\/\/www.kieslect.com\/es\/#organization"}}},{"@type":"WebPage","@id":"https:\/\/www.kieslect.com\/es\/producto\/kieslect-calling-smartwatch-kr-pro\/#webpage","url":"https:\/\/www.kieslect.com\/es\/producto\/kieslect-calling-smartwatch-kr-pro\/","name":"Kieslect Calling Smartwatch Kr Pro - Kieslect","description":"\ud83c\udf88 Stable Bluetooth Calls \ud83c\udf88 1.43\u2033 Ultra FHD AMOLED Display \ud83c\udf88 Dynamic Always on Display \ud83c\udf88 Delicate Navigation Crown \ud83c\udf88 Magnetic Quick Release Strap \ud83c\udf88 Buy One Free One Strap \ud83c\udf88 Music Player \ud83c\udf88 Fitness Tracker \ud83c\udf88 70 Sports Modes \ud83c\udf88 For both Android and IOS","inLanguage":"es-ES","isPartOf":{"@id":"https:\/\/www.kieslect.com\/es\/#website"},"breadcrumb":{"@id":"https:\/\/www.kieslect.com\/es\/producto\/kieslect-calling-smartwatch-kr-pro\/#breadcrumblist"},"image":{"@type":"ImageObject","url":"https:\/\/www.kieslect.com\/wp-content\/uploads\/2024\/01\/kr-pro_fa1c3700-4446-4cfa-8b5e-851fe657f55b_610x_crop_center.webp","@id":"https:\/\/www.kieslect.com\/es\/producto\/kieslect-calling-smartwatch-kr-pro\/#mainImage","width":610,"height":610},"primaryImageOfPage":{"@id":"https:\/\/www.kieslect.com\/es\/producto\/kieslect-calling-smartwatch-kr-pro\/#mainImage"},"datePublished":"2024-01-16T11:47:50+08:00","dateModified":"2026-03-05T19:11:32+08:00"},{"@type":"WebSite","@id":"https:\/\/www.kieslect.com\/es\/#website","url":"https:\/\/www.kieslect.com\/es\/","name":"Kieslect","description":"A Trusted Global Provider of Smart Wearable Solution","inLanguage":"es-ES","publisher":{"@id":"https:\/\/www.kieslect.com\/es\/#organization"}}]}},"aioseo_meta_data":{"post_id":"23752","title":null,"description":null,"keywords":null,"keyphrases":"{\"focus\":{\"keyphrase\":\"\",\"score\":0,\"analysis\":{\"keyphraseInTitle\":{\"score\":0,\"maxScore\":9,\"error\":1}}},\"additional\":[]}","primary_term":null,"canonical_url":null,"og_title":null,"og_description":null,"og_object_type":"default","og_image_type":"default","og_image_url":null,"og_image_width":null,"og_image_height":null,"og_image_custom_url":null,"og_image_custom_fields":null,"og_video":"","og_custom_url":null,"og_article_section":null,"og_article_tags":null,"twitter_use_og":false,"twitter_card":"default","twitter_image_type":"default","twitter_image_url":null,"twitter_image_custom_url":null,"twitter_image_custom_fields":null,"twitter_title":null,"twitter_description":null,"schema":{"blockGraphs":[],"customGraphs":[],"default":{"data":{"Article":[],"Course":[],"Dataset":[],"FAQPage":[],"Movie":[],"Person":[],"Product":[],"Recipe":[],"Service":[],"SoftwareApplication":[],"WebPage":[]},"graphName":"Product","isEnabled":true},"graphs":[]},"schema_type":"default","schema_type_options":null,"pillar_content":false,"robots_default":true,"robots_noindex":false,"robots_noarchive":false,"robots_nosnippet":false,"robots_nofollow":false,"robots_noimageindex":false,"robots_noodp":false,"robots_notranslate":false,"robots_max_snippet":"-1","robots_max_videopreview":"-1","robots_max_imagepreview":"large","priority":null,"frequency":"default","local_seo":null,"limit_modified_date":false,"created":"2024-02-26 12:21:33","updated":"2026-03-05 11:25:36"},"aioseo_breadcrumb":"<div class=\"aioseo-breadcrumbs\"><span class=\"aioseo-breadcrumb\">\n\t<a href=\"https:\/\/www.kieslect.com\/es\" title=\"Home\">Home<\/a>\n<\/span><span class=\"aioseo-breadcrumb-separator\">&raquo;<\/span><span class=\"aioseo-breadcrumb\">\n\t<a href=\"https:\/\/www.kieslect.com\/es\/shop\/\" title=\"Shop\">Shop<\/a>\n<\/span><span class=\"aioseo-breadcrumb-separator\">&raquo;<\/span><span class=\"aioseo-breadcrumb\">\n\t<a href=\"https:\/\/www.kieslect.com\/es\/categoria-producto\/smartwatch\/\" title=\"Smartwatch\">Smartwatch<\/a>\n<\/span><span class=\"aioseo-breadcrumb-separator\">&raquo;<\/span><span class=\"aioseo-breadcrumb\">\n\t<a href=\"https:\/\/www.kieslect.com\/es\/categoria-producto\/smartwatch\/essential-series\/\" title=\"Essential Series\">Essential Series<\/a>\n<\/span><span class=\"aioseo-breadcrumb-separator\">&raquo;<\/span><span class=\"aioseo-breadcrumb\">\n\tKieslect Calling Smartwatch Kr Pro\n<\/span><\/div>","aioseo_breadcrumb_json":[{"label":"Home","link":"https:\/\/www.kieslect.com\/es"},{"label":"Shop","link":"https:\/\/www.kieslect.com\/es\/shop\/"},{"label":"Smartwatch","link":"https:\/\/www.kieslect.com\/es\/categoria-producto\/smartwatch\/"},{"label":"Essential Series","link":"https:\/\/www.kieslect.com\/es\/categoria-producto\/smartwatch\/essential-series\/"},{"label":"Kieslect Calling Smartwatch Kr Pro","link":"https:\/\/www.kieslect.com\/es\/producto\/kieslect-calling-smartwatch-kr-pro\/"}],"_links":{"self":[{"href":"https:\/\/www.kieslect.com\/es\/wp-json\/wp\/v2\/product\/23752","targetHints":{"allow":["GET"]}}],"collection":[{"href":"https:\/\/www.kieslect.com\/es\/wp-json\/wp\/v2\/product"}],"about":[{"href":"https:\/\/www.kieslect.com\/es\/wp-json\/wp\/v2\/types\/product"}],"replies":[{"embeddable":true,"href":"https:\/\/www.kieslect.com\/es\/wp-json\/wp\/v2\/comments?post=23752"}],"version-history":[{"count":0,"href":"https:\/\/www.kieslect.com\/es\/wp-json\/wp\/v2\/product\/23752\/revisions"}],"wp:featuredmedia":[{"embeddable":true,"href":"https:\/\/www.kieslect.com\/es\/wp-json\/wp\/v2\/media\/23810"}],"wp:attachment":[{"href":"https:\/\/www.kieslect.com\/es\/wp-json\/wp\/v2\/media?parent=23752"}],"wp:term":[{"taxonomy":"product_brand","embeddable":true,"href":"https:\/\/www.kieslect.com\/es\/wp-json\/wp\/v2\/product_brand?post=23752"},{"taxonomy":"product_cat","embeddable":true,"href":"https:\/\/www.kieslect.com\/es\/wp-json\/wp\/v2\/product_cat?post=23752"},{"taxonomy":"product_tag","embeddable":true,"href":"https:\/\/www.kieslect.com\/es\/wp-json\/wp\/v2\/product_tag?post=23752"}],"curies":[{"name":"wp","href":"https:\/\/api.w.org\/{rel}","templated":true}]}}