{"id":23751,"date":"2024-01-16T11:47:49","date_gmt":"2024-01-16T11:47:49","guid":{"rendered":"http:\/\/www.kieslect.com\/?post_type=product&#038;p=23751"},"modified":"2026-05-10T08:48:56","modified_gmt":"2026-05-10T00:48:56","slug":"kieslect-smart-calling-watch-ks","status":"publish","type":"product","link":"https:\/\/www.kieslect.com\/es\/producto\/kieslect-smart-calling-watch-ks\/","title":{"rendered":"Reloj inteligente para llamadas Kieslect Ks"},"content":{"rendered":"<p><img fetchpriority=\"high\" decoding=\"async\" class=\"alignnone size-full wp-image-25583\" title=\"KieslectKs_smartwatch-1\" src=\"\/wp-content\/uploads\/replace\/1ce4c133cbf3bae67f0983065a9275e8.jpeg\" alt=\"KieslectKs_smartwatch-1\" width=\"1920\" height=\"2590\" \/><img decoding=\"async\" class=\"alignnone size-full wp-image-25580\" title=\"KieslectKs_1-1\" src=\"\/wp-content\/uploads\/replace\/338ba2f6299871b060eda2bdcd3f587c.jpeg\" alt=\"KieslectKs_1-1\" width=\"1920\" height=\"1220\" \/><img decoding=\"async\" class=\"alignnone size-full wp-image-25579\" title=\"KieslectKs_smartwatch_3-1\" src=\"\/wp-content\/uploads\/replace\/90bf49b828d930bd043a943c734e5778.jpeg\" alt=\"KieslectKs_smartwatch_3-1\" width=\"1920\" height=\"2253\" \/><img loading=\"lazy\" decoding=\"async\" class=\"alignnone size-full wp-image-25582\" title=\"KieslectKs_smartwatch_4-1\" src=\"\/wp-content\/uploads\/replace\/188525a8889b658828c28d4583e8da73.jpeg\" alt=\"KieslectKs_smartwatch_4-1\" width=\"1920\" height=\"1035\" \/><img loading=\"lazy\" decoding=\"async\" class=\"alignnone size-full wp-image-25581\" title=\"KieslectKs_smartwatch_5-1\" src=\"\/wp-content\/uploads\/replace\/70d448b709b7059c51927c543edb6356.jpeg\" alt=\"KieslectKs_smartwatch_5-1\" width=\"1920\" height=\"1760\" \/><img loading=\"lazy\" decoding=\"async\" class=\"alignnone size-full wp-image-25586\" title=\"KieslectKs_smartwatch_6-1\" src=\"\/wp-content\/uploads\/replace\/4c153450ea1c37b1693544c2087fa459.jpeg\" alt=\"KieslectKs_smartwatch_6-1\" width=\"1920\" height=\"1410\" \/><img loading=\"lazy\" decoding=\"async\" class=\"alignnone size-full wp-image-25584\" title=\"KieslectKs_smartwatch_7-1\" src=\"\/wp-content\/uploads\/replace\/2d150e5b40a43900c7301e872430bcd7.jpeg\" alt=\"KieslectKs_smartwatch_7-1\" width=\"1920\" height=\"1850\" \/><img loading=\"lazy\" decoding=\"async\" class=\"alignnone size-full wp-image-25585\" title=\"KieslectKs_smartwatch_8-1\" src=\"\/wp-content\/uploads\/replace\/949bee2c8cbb1477c7164030f47ea5c3.jpeg\" alt=\"KieslectKs_smartwatch_8-1\" width=\"1920\" height=\"2330\" \/><img loading=\"lazy\" decoding=\"async\" class=\"alignnone size-full wp-image-25587\" title=\"KieslectKs_smartwatch_9-1\" src=\"\/wp-content\/uploads\/replace\/c540e696289f70f8bf300de733496501.jpeg\" alt=\"KieslectKs_smartwatch_9-1\" width=\"1920\" height=\"2410\" \/><img loading=\"lazy\" decoding=\"async\" class=\"alignnone size-full wp-image-25588\" title=\"KieslectKs_2-1\" src=\"\/wp-content\/uploads\/replace\/9ed10c852ae09fc430ec1de9cade7f5e.jpeg\" alt=\"KieslectKs_2-1\" width=\"1920\" height=\"1830\" \/><\/p>\n<p><strong>Caracter\u00edsticas del reloj inteligente de llamadas Kieslect Ks:<\/strong><\/p>\n<p><strong>\u25cf Llamadas Bluetooth claras y estables<\/strong><br \/>\nTome el control total de las llamadas de voz y guarde hasta 100 contactos. Nota: Un clic en el bot\u00f3n inferior derecho para ingresar a SOS en un segundo.<br \/>\nCon una conexi\u00f3n Bluetooth 5.2 estable y parlantes y micr\u00f3fono s\u00f3lidos, Kieslect KS ofrece llamadas telef\u00f3nicas n\u00edtidas con un sonido rico y natural.<\/p>\n<p><strong>\u25cf Pantalla AMOLED colorida de 1,78\u201d<\/strong><br \/>\nDivide la pantalla en una fracci\u00f3n de segundo. Pantalla Retina siempre encendida.<br \/>\nGran pantalla colorida de 1,78\u201d para gestos de deslizamiento suaves. Vea m\u00e9tricas y otra informaci\u00f3n de forma clara y v\u00edvida en pantalla completa sin barras negras.<\/p>\n<p><strong>\u25cf Advertencia de frecuencia card\u00edaca anormal<\/strong><br \/>\nEl sensor de frecuencia card\u00edaca avanzado monitorea su frecuencia card\u00edaca las 24 horas del d\u00eda, los 7 d\u00edas de la semana para una m\u00e1xima tranquilidad.<br \/>\nKieslect Ks genera una alarma cuando se detectan frecuencias card\u00edacas altas o bajas.<\/p>\n<p><strong>\u25cf Elegante cuerpo de metal y pr\u00e1ctica corona de navegaci\u00f3n<\/strong><br \/>\nCon una carcasa de metal pulido mediante CNC y una pr\u00e1ctica corona de navegaci\u00f3n giratoria, este elegante reloj facilita los controles.<\/p>\n<p><strong>\u25cf Potente asistente de voz AI<\/strong><br \/>\nHaz llamadas telef\u00f3nicas, comienza un ejercicio, configura una alarma y m\u00e1s con el asistente de voz inteligente.<br \/>\nNota: Haga doble clic en el bot\u00f3n inferior derecho para ingresar al asistente de voz inteligente en un segundo.<\/p>\n<p><strong>\u25cf Reproductor de m\u00fasica sin complicaciones<\/strong><br \/>\nDisfruta de tus canciones favoritas directamente desde tu mu\u00f1eca.<br \/>\nNota: El volumen se puede controlar mediante la rotaci\u00f3n de la corona.<\/p>\n<p><strong>\u25cf Seguimiento integral de la salud<\/strong><br \/>\nControle su SpO2, frecuencia card\u00edaca, sue\u00f1o, estr\u00e9s y estado de \u00e1nimo en tiempo real.<\/p>\n<p><strong>\u25cf 100 modos deportivos. El mejor compa\u00f1ero de fitness<\/strong><br \/>\nAumenta tu motivaci\u00f3n para alcanzar tus objetivos de fitness.<\/p>\n<p><strong>\u25cf Entrenamiento de respiraci\u00f3n Relaja la mente<\/strong><br \/>\nRespira hondo, rel\u00e1jate y divi\u00e9rtete.<\/p>\n<p><strong>\u25cf Juegos Divi\u00e9rtete<\/strong><br \/>\nDisfruta de tu juego favorito desde tu mu\u00f1eca.<\/p>\n<p><strong>\u25cf IP68 a prueba de agua<\/strong><br \/>\nTenga la seguridad de que el reloj puede soportar gotas de lluvia, salpicaduras e inmersiones de hasta 1,5 m.<\/p>\n<p><strong>\u25cf Cambia la apariencia<\/strong><br \/>\nElija entre la correa de reloj magn\u00e9tica o de silicona suave para combinar con su estilo y estado de \u00e1nimo.<\/p>\n<p><strong>\u25cf M\u00faltiples estilos<\/strong><br \/>\nPersonaliza tu reloj con una amplia gama de esferas.<\/p>\n<p>&nbsp;<\/p>","protected":false},"excerpt":{"rendered":"<ul>\n<li>Clear &amp; Stable Bluetooth Callings<\/li>\n<li>1.78\u201dColorful AMOLED Display<\/li>\n<li>Always-on-Display<\/li>\n<li>Abnormal Heart Rate Warning<\/li>\n<li>Handy Navigation Crown<\/li>\n<li>Buy One Free One Strap<\/li>\n<li>Powerful AI Voice Assistant<\/li>\n<li>Hassle-free Music Player<\/li>\n<li>Comprehensive Health Tracking<\/li>\n<li>100 Sports Modes.<\/li>\n<li>Built-in Games Have Fun<\/li>\n<li>IP68 resistente al agua<\/li>\n<\/ul>","protected":false},"featured_media":23803,"comment_status":"open","ping_status":"closed","template":"","meta":[],"product_brand":[],"product_cat":[15,463,462,417,461],"product_tag":[],"class_list":{"0":"post-23751","1":"product","2":"type-product","3":"status-publish","4":"has-post-thumbnail","6":"product_cat-smartwatch","7":"product_cat-calling-smartwatch","8":"product_cat-calling-watch","9":"product_cat-essential-series","10":"product_cat-smart-watches-for-men","12":"first","13":"instock","14":"shipping-taxable","15":"product-type-external"},"aioseo_notices":[],"aioseo_head":"\n\t\t<!-- All in One SEO Pro 4.6.5 - aioseo.com -->\n\t\t<meta name=\"description\" content=\"Clear &amp; Stable Bluetooth Callings 1.78\u201dColorful AMOLED Display Always-on-Display Abnormal Heart Rate Warning Handy Navigation Crown Buy One Free One Strap Powerful AI Voice Assistant Hassle-free Music Player Comprehensive Health Tracking 100 Sports Modes. Built-in Games Have Fun IP68 Waterproof\" \/>\n\t\t<meta name=\"robots\" content=\"max-image-preview:large\" \/>\n\t\t<link rel=\"canonical\" href=\"https:\/\/www.kieslect.com\/es\/producto\/kieslect-smart-calling-watch-ks\/\" \/>\n\t\t<meta name=\"generator\" content=\"All in One SEO Pro (AIOSEO) 4.6.5\" \/>\n\t\t<meta property=\"og:locale\" content=\"es_ES\" \/>\n\t\t<meta property=\"og:site_name\" content=\"Kieslect - A Trusted Global Provider of Smart Wearable Solution\" \/>\n\t\t<meta property=\"og:type\" content=\"article\" \/>\n\t\t<meta property=\"og:title\" content=\"Kieslect Smart Calling Watch Ks - Kieslect\" \/>\n\t\t<meta property=\"og:description\" content=\"Clear &amp; Stable Bluetooth Callings 1.78\u201dColorful AMOLED Display Always-on-Display Abnormal Heart Rate Warning Handy Navigation Crown Buy One Free One Strap Powerful AI Voice Assistant Hassle-free Music Player Comprehensive Health Tracking 100 Sports Modes. Built-in Games Have Fun IP68 Waterproof\" \/>\n\t\t<meta property=\"og:url\" content=\"https:\/\/www.kieslect.com\/es\/producto\/kieslect-smart-calling-watch-ks\/\" \/>\n\t\t<meta property=\"og:image\" content=\"https:\/\/www.kieslect.com\/wp-content\/uploads\/replace\/83a7c94e588d71936bb1ab2a1c752869.jpeg\" \/>\n\t\t<meta property=\"og:image:secure_url\" content=\"https:\/\/www.kieslect.com\/wp-content\/uploads\/replace\/83a7c94e588d71936bb1ab2a1c752869.jpeg\" \/>\n\t\t<meta property=\"og:image:width\" content=\"300\" \/>\n\t\t<meta property=\"og:image:height\" content=\"169\" \/>\n\t\t<meta property=\"article:published_time\" content=\"2024-01-16T11:47:49+00:00\" \/>\n\t\t<meta property=\"article:modified_time\" content=\"2026-05-10T00:48:56+00:00\" \/>\n\t\t<meta property=\"article:publisher\" content=\"https:\/\/www.facebook.com\/KieslectOfficial\/\" \/>\n\t\t<meta name=\"twitter:card\" content=\"summary_large_image\" \/>\n\t\t<meta name=\"twitter:site\" content=\"@kieslect\" \/>\n\t\t<meta name=\"twitter:title\" content=\"Kieslect Smart Calling Watch Ks - Kieslect\" \/>\n\t\t<meta name=\"twitter:description\" content=\"Clear &amp; Stable Bluetooth Callings 1.78\u201dColorful AMOLED Display Always-on-Display Abnormal Heart Rate Warning Handy Navigation Crown Buy One Free One Strap Powerful AI Voice Assistant Hassle-free Music Player Comprehensive Health Tracking 100 Sports Modes. Built-in Games Have Fun IP68 Waterproof\" \/>\n\t\t<meta name=\"twitter:creator\" content=\"@kieslect\" \/>\n\t\t<meta name=\"twitter:image\" content=\"https:\/\/www.kieslect.com\/wp-content\/uploads\/replace\/83a7c94e588d71936bb1ab2a1c752869.jpeg\" \/>\n\t\t<script type=\"application\/ld+json\" class=\"aioseo-schema\">\n\t\t\t{\"@context\":\"https:\\\/\\\/schema.org\",\"@graph\":[{\"@type\":\"BreadcrumbList\",\"@id\":\"https:\\\/\\\/www.kieslect.com\\\/es\\\/producto\\\/kieslect-smart-calling-watch-ks\\\/#breadcrumblist\",\"itemListElement\":[{\"@type\":\"ListItem\",\"@id\":\"https:\\\/\\\/www.kieslect.com\\\/es\\\/#listItem\",\"position\":1,\"name\":\"Home\",\"item\":\"https:\\\/\\\/www.kieslect.com\\\/es\\\/\",\"nextItem\":\"https:\\\/\\\/www.kieslect.com\\\/es\\\/producto\\\/kieslect-smart-calling-watch-ks\\\/#listItem\"},{\"@type\":\"ListItem\",\"@id\":\"https:\\\/\\\/www.kieslect.com\\\/es\\\/producto\\\/kieslect-smart-calling-watch-ks\\\/#listItem\",\"position\":2,\"name\":\"Kieslect Smart Calling Watch Ks\",\"previousItem\":\"https:\\\/\\\/www.kieslect.com\\\/es\\\/#listItem\"}]},{\"@type\":\"Organization\",\"@id\":\"https:\\\/\\\/www.kieslect.com\\\/es\\\/#organization\",\"name\":\"Kieslect Smartwatch\",\"description\":\"A Trusted Global Provider of Smart Wearable Solution\",\"url\":\"https:\\\/\\\/www.kieslect.com\\\/es\\\/\",\"logo\":{\"@type\":\"ImageObject\",\"url\":\"https:\\\/\\\/www.kieslect.com\\\/wp-content\\\/uploads\\\/2024\\\/01\\\/Kieslect-Logo-2_1_335x75_crop_center-1.webp\",\"@id\":\"https:\\\/\\\/www.kieslect.com\\\/es\\\/producto\\\/kieslect-smart-calling-watch-ks\\\/#organizationLogo\",\"width\":335,\"height\":75},\"image\":{\"@id\":\"https:\\\/\\\/www.kieslect.com\\\/es\\\/producto\\\/kieslect-smart-calling-watch-ks\\\/#organizationLogo\"},\"sameAs\":[\"https:\\\/\\\/www.facebook.com\\\/KieslectOfficial\\\/\",\"https:\\\/\\\/twitter.com\\\/kieslect\",\"https:\\\/\\\/www.instagram.com\\\/kieslect\\\/\"]},{\"@type\":\"Product\",\"@id\":\"https:\\\/\\\/www.kieslect.com\\\/es\\\/producto\\\/kieslect-smart-calling-watch-ks\\\/#wooCommerceProduct\",\"name\":\"Kieslect Smart Calling Watch Ks\",\"description\":\"Clear &amp; Stable Bluetooth Callings\\r\\n \\t1.78\\u201dColorful AMOLED Display\\r\\n \\tAlways-on-Display\\r\\n \\tAbnormal Heart Rate Warning\\r\\n \\tHandy Navigation Crown\\r\\n \\tBuy One Free One Strap\\r\\n \\tPowerful AI Voice Assistant\\r\\n \\tHassle-free Music Player\\r\\n \\tComprehensive Health Tracking\\r\\n \\t100 Sports Modes.\\r\\n \\tBuilt-in Games Have Fun\\r\\n \\tIP68 Waterproof\",\"url\":\"https:\\\/\\\/www.kieslect.com\\\/es\\\/producto\\\/kieslect-smart-calling-watch-ks\\\/\",\"image\":{\"@type\":\"ImageObject\",\"url\":\"https:\\\/\\\/www.kieslect.com\\\/wp-content\\\/uploads\\\/2024\\\/01\\\/ks_41218408-bc90-44bc-80c7-e1f15b5f288d_610x_crop_center.webp\",\"@id\":\"https:\\\/\\\/www.kieslect.com\\\/es\\\/producto\\\/kieslect-smart-calling-watch-ks\\\/#productImage\",\"width\":610,\"height\":610},\"offers\":{\"@type\":\"Offer\",\"url\":\"https:\\\/\\\/www.kieslect.com\\\/es\\\/producto\\\/kieslect-smart-calling-watch-ks\\\/#wooCommerceOffer\",\"price\":0,\"priceCurrency\":\"USD\",\"category\":\"Smartwatch\",\"availability\":\"https:\\\/\\\/schema.org\\\/InStock\",\"seller\":{\"@type\":\"Organization\",\"@id\":\"https:\\\/\\\/www.kieslect.com\\\/es\\\/#organization\"}}},{\"@type\":\"WebPage\",\"@id\":\"https:\\\/\\\/www.kieslect.com\\\/es\\\/producto\\\/kieslect-smart-calling-watch-ks\\\/#webpage\",\"url\":\"https:\\\/\\\/www.kieslect.com\\\/es\\\/producto\\\/kieslect-smart-calling-watch-ks\\\/\",\"name\":\"Kieslect Smart Calling Watch Ks - Kieslect\",\"description\":\"Clear & Stable Bluetooth Callings 1.78\\u201dColorful AMOLED Display Always-on-Display Abnormal Heart Rate Warning Handy Navigation Crown Buy One Free One Strap Powerful AI Voice Assistant Hassle-free Music Player Comprehensive Health Tracking 100 Sports Modes. Built-in Games Have Fun IP68 Waterproof\",\"inLanguage\":\"es-ES\",\"isPartOf\":{\"@id\":\"https:\\\/\\\/www.kieslect.com\\\/es\\\/#website\"},\"breadcrumb\":{\"@id\":\"https:\\\/\\\/www.kieslect.com\\\/es\\\/producto\\\/kieslect-smart-calling-watch-ks\\\/#breadcrumblist\"},\"image\":{\"@type\":\"ImageObject\",\"url\":\"https:\\\/\\\/www.kieslect.com\\\/wp-content\\\/uploads\\\/2024\\\/01\\\/ks_41218408-bc90-44bc-80c7-e1f15b5f288d_610x_crop_center.webp\",\"@id\":\"https:\\\/\\\/www.kieslect.com\\\/es\\\/producto\\\/kieslect-smart-calling-watch-ks\\\/#mainImage\",\"width\":610,\"height\":610},\"primaryImageOfPage\":{\"@id\":\"https:\\\/\\\/www.kieslect.com\\\/es\\\/producto\\\/kieslect-smart-calling-watch-ks\\\/#mainImage\"},\"datePublished\":\"2024-01-16T11:47:49+08:00\",\"dateModified\":\"2026-05-10T08:48:56+08:00\"},{\"@type\":\"WebSite\",\"@id\":\"https:\\\/\\\/www.kieslect.com\\\/es\\\/#website\",\"url\":\"https:\\\/\\\/www.kieslect.com\\\/es\\\/\",\"name\":\"Kieslect\",\"description\":\"A Trusted Global Provider of Smart Wearable Solution\",\"inLanguage\":\"es-ES\",\"publisher\":{\"@id\":\"https:\\\/\\\/www.kieslect.com\\\/es\\\/#organization\"}}]}\n\t\t<\/script>\n\t\t<!-- All in One SEO Pro -->\r\n\t\t<title>Kieslect Smart Calling Watch Ks - Kieslect<\/title>\n\n","aioseo_head_json":{"title":"Kieslect Smart Calling Watch Ks - Kieslect","description":"Clear & Stable Bluetooth Callings 1.78\u201dColorful AMOLED Display Always-on-Display Abnormal Heart Rate Warning Handy Navigation Crown Buy One Free One Strap Powerful AI Voice Assistant Hassle-free Music Player Comprehensive Health Tracking 100 Sports Modes. Built-in Games Have Fun IP68 Waterproof","canonical_url":"https:\/\/www.kieslect.com\/es\/producto\/kieslect-smart-calling-watch-ks\/","robots":"max-image-preview:large","keywords":"","webmasterTools":{"miscellaneous":""},"og:locale":"es_ES","og:site_name":"Kieslect - A Trusted Global Provider of Smart Wearable Solution","og:type":"article","og:title":"Kieslect Smart Calling Watch Ks - Kieslect","og:description":"Clear &amp; Stable Bluetooth Callings 1.78\u201dColorful AMOLED Display Always-on-Display Abnormal Heart Rate Warning Handy Navigation Crown Buy One Free One Strap Powerful AI Voice Assistant Hassle-free Music Player Comprehensive Health Tracking 100 Sports Modes. Built-in Games Have Fun IP68 Waterproof","og:url":"https:\/\/www.kieslect.com\/es\/producto\/kieslect-smart-calling-watch-ks\/","og:image":"https:\/\/www.kieslect.com\/wp-content\/uploads\/replace\/83a7c94e588d71936bb1ab2a1c752869.jpeg","og:image:secure_url":"https:\/\/www.kieslect.com\/wp-content\/uploads\/replace\/83a7c94e588d71936bb1ab2a1c752869.jpeg","og:image:width":300,"og:image:height":169,"article:published_time":"2024-01-16T11:47:49+00:00","article:modified_time":"2026-05-10T00:48:56+00:00","article:publisher":"https:\/\/www.facebook.com\/KieslectOfficial\/","twitter:card":"summary_large_image","twitter:site":"@kieslect","twitter:title":"Kieslect Smart Calling Watch Ks - Kieslect","twitter:description":"Clear &amp; Stable Bluetooth Callings 1.78\u201dColorful AMOLED Display Always-on-Display Abnormal Heart Rate Warning Handy Navigation Crown Buy One Free One Strap Powerful AI Voice Assistant Hassle-free Music Player Comprehensive Health Tracking 100 Sports Modes. Built-in Games Have Fun IP68 Waterproof","twitter:creator":"@kieslect","twitter:image":"https:\/\/www.kieslect.com\/wp-content\/uploads\/replace\/83a7c94e588d71936bb1ab2a1c752869.jpeg","schema":{"@context":"https:\/\/schema.org","@graph":[{"@type":"BreadcrumbList","@id":"https:\/\/www.kieslect.com\/es\/producto\/kieslect-smart-calling-watch-ks\/#breadcrumblist","itemListElement":[{"@type":"ListItem","@id":"https:\/\/www.kieslect.com\/es\/#listItem","position":1,"name":"Home","item":"https:\/\/www.kieslect.com\/es\/","nextItem":"https:\/\/www.kieslect.com\/es\/producto\/kieslect-smart-calling-watch-ks\/#listItem"},{"@type":"ListItem","@id":"https:\/\/www.kieslect.com\/es\/producto\/kieslect-smart-calling-watch-ks\/#listItem","position":2,"name":"Kieslect Smart Calling Watch Ks","previousItem":"https:\/\/www.kieslect.com\/es\/#listItem"}]},{"@type":"Organization","@id":"https:\/\/www.kieslect.com\/es\/#organization","name":"Kieslect Smartwatch","description":"A Trusted Global Provider of Smart Wearable Solution","url":"https:\/\/www.kieslect.com\/es\/","logo":{"@type":"ImageObject","url":"https:\/\/www.kieslect.com\/wp-content\/uploads\/2024\/01\/Kieslect-Logo-2_1_335x75_crop_center-1.webp","@id":"https:\/\/www.kieslect.com\/es\/producto\/kieslect-smart-calling-watch-ks\/#organizationLogo","width":335,"height":75},"image":{"@id":"https:\/\/www.kieslect.com\/es\/producto\/kieslect-smart-calling-watch-ks\/#organizationLogo"},"sameAs":["https:\/\/www.facebook.com\/KieslectOfficial\/","https:\/\/twitter.com\/kieslect","https:\/\/www.instagram.com\/kieslect\/"]},{"@type":"Product","@id":"https:\/\/www.kieslect.com\/es\/producto\/kieslect-smart-calling-watch-ks\/#wooCommerceProduct","name":"Kieslect Smart Calling Watch Ks","description":"Clear &amp; Stable Bluetooth Callings\r\n \t1.78\u201dColorful AMOLED Display\r\n \tAlways-on-Display\r\n \tAbnormal Heart Rate Warning\r\n \tHandy Navigation Crown\r\n \tBuy One Free One Strap\r\n \tPowerful AI Voice Assistant\r\n \tHassle-free Music Player\r\n \tComprehensive Health Tracking\r\n \t100 Sports Modes.\r\n \tBuilt-in Games Have Fun\r\n \tIP68 Waterproof","url":"https:\/\/www.kieslect.com\/es\/producto\/kieslect-smart-calling-watch-ks\/","image":{"@type":"ImageObject","url":"https:\/\/www.kieslect.com\/wp-content\/uploads\/2024\/01\/ks_41218408-bc90-44bc-80c7-e1f15b5f288d_610x_crop_center.webp","@id":"https:\/\/www.kieslect.com\/es\/producto\/kieslect-smart-calling-watch-ks\/#productImage","width":610,"height":610},"offers":{"@type":"Offer","url":"https:\/\/www.kieslect.com\/es\/producto\/kieslect-smart-calling-watch-ks\/#wooCommerceOffer","price":0,"priceCurrency":"USD","category":"Smartwatch","availability":"https:\/\/schema.org\/InStock","seller":{"@type":"Organization","@id":"https:\/\/www.kieslect.com\/es\/#organization"}}},{"@type":"WebPage","@id":"https:\/\/www.kieslect.com\/es\/producto\/kieslect-smart-calling-watch-ks\/#webpage","url":"https:\/\/www.kieslect.com\/es\/producto\/kieslect-smart-calling-watch-ks\/","name":"Kieslect Smart Calling Watch Ks - Kieslect","description":"Clear & Stable Bluetooth Callings 1.78\u201dColorful AMOLED Display Always-on-Display Abnormal Heart Rate Warning Handy Navigation Crown Buy One Free One Strap Powerful AI Voice Assistant Hassle-free Music Player Comprehensive Health Tracking 100 Sports Modes. Built-in Games Have Fun IP68 Waterproof","inLanguage":"es-ES","isPartOf":{"@id":"https:\/\/www.kieslect.com\/es\/#website"},"breadcrumb":{"@id":"https:\/\/www.kieslect.com\/es\/producto\/kieslect-smart-calling-watch-ks\/#breadcrumblist"},"image":{"@type":"ImageObject","url":"https:\/\/www.kieslect.com\/wp-content\/uploads\/2024\/01\/ks_41218408-bc90-44bc-80c7-e1f15b5f288d_610x_crop_center.webp","@id":"https:\/\/www.kieslect.com\/es\/producto\/kieslect-smart-calling-watch-ks\/#mainImage","width":610,"height":610},"primaryImageOfPage":{"@id":"https:\/\/www.kieslect.com\/es\/producto\/kieslect-smart-calling-watch-ks\/#mainImage"},"datePublished":"2024-01-16T11:47:49+08:00","dateModified":"2026-05-10T08:48:56+08:00"},{"@type":"WebSite","@id":"https:\/\/www.kieslect.com\/es\/#website","url":"https:\/\/www.kieslect.com\/es\/","name":"Kieslect","description":"A Trusted Global Provider of Smart Wearable Solution","inLanguage":"es-ES","publisher":{"@id":"https:\/\/www.kieslect.com\/es\/#organization"}}]}},"aioseo_meta_data":{"post_id":"23751","title":null,"description":null,"keywords":null,"keyphrases":"{\"focus\":{\"keyphrase\":\"\",\"score\":0,\"analysis\":{\"keyphraseInTitle\":{\"score\":0,\"maxScore\":9,\"error\":1}}},\"additional\":[]}","primary_term":null,"canonical_url":null,"og_title":null,"og_description":null,"og_object_type":"default","og_image_type":"default","og_image_url":null,"og_image_width":null,"og_image_height":null,"og_image_custom_url":null,"og_image_custom_fields":null,"og_video":"","og_custom_url":null,"og_article_section":null,"og_article_tags":null,"twitter_use_og":false,"twitter_card":"default","twitter_image_type":"default","twitter_image_url":null,"twitter_image_custom_url":null,"twitter_image_custom_fields":null,"twitter_title":null,"twitter_description":null,"schema":{"blockGraphs":[],"customGraphs":[],"default":{"data":{"Article":[],"Course":[],"Dataset":[],"FAQPage":[],"Movie":[],"Person":[],"Product":[],"Recipe":[],"Service":[],"SoftwareApplication":[],"WebPage":[]},"graphName":"Product","isEnabled":true},"graphs":[]},"schema_type":"default","schema_type_options":null,"pillar_content":false,"robots_default":true,"robots_noindex":false,"robots_noarchive":false,"robots_nosnippet":false,"robots_nofollow":false,"robots_noimageindex":false,"robots_noodp":false,"robots_notranslate":false,"robots_max_snippet":"-1","robots_max_videopreview":"-1","robots_max_imagepreview":"large","priority":null,"frequency":"default","local_seo":null,"limit_modified_date":false,"created":"2024-02-26 12:21:33","updated":"2026-05-10 00:55:04"},"aioseo_breadcrumb":"<div class=\"aioseo-breadcrumbs\"><span class=\"aioseo-breadcrumb\">\n\t<a href=\"https:\/\/www.kieslect.com\/es\" title=\"Home\">Home<\/a>\n<\/span><span class=\"aioseo-breadcrumb-separator\">&raquo;<\/span><span class=\"aioseo-breadcrumb\">\n\t<a href=\"https:\/\/www.kieslect.com\/es\/shop\/\" title=\"Shop\">Shop<\/a>\n<\/span><span class=\"aioseo-breadcrumb-separator\">&raquo;<\/span><span class=\"aioseo-breadcrumb\">\n\t<a href=\"https:\/\/www.kieslect.com\/es\/categoria-producto\/smartwatch\/\" title=\"Smartwatch\">Smartwatch<\/a>\n<\/span><span class=\"aioseo-breadcrumb-separator\">&raquo;<\/span><span class=\"aioseo-breadcrumb\">\n\t<a href=\"https:\/\/www.kieslect.com\/es\/categoria-producto\/smartwatch\/essential-series\/\" title=\"Essential Series\">Essential Series<\/a>\n<\/span><span class=\"aioseo-breadcrumb-separator\">&raquo;<\/span><span class=\"aioseo-breadcrumb\">\n\tKieslect Smart Calling Watch Ks\n<\/span><\/div>","aioseo_breadcrumb_json":[{"label":"Home","link":"https:\/\/www.kieslect.com\/es"},{"label":"Shop","link":"https:\/\/www.kieslect.com\/es\/shop\/"},{"label":"Smartwatch","link":"https:\/\/www.kieslect.com\/es\/categoria-producto\/smartwatch\/"},{"label":"Essential Series","link":"https:\/\/www.kieslect.com\/es\/categoria-producto\/smartwatch\/essential-series\/"},{"label":"Kieslect Smart Calling Watch Ks","link":"https:\/\/www.kieslect.com\/es\/producto\/kieslect-smart-calling-watch-ks\/"}],"_links":{"self":[{"href":"https:\/\/www.kieslect.com\/es\/wp-json\/wp\/v2\/product\/23751","targetHints":{"allow":["GET"]}}],"collection":[{"href":"https:\/\/www.kieslect.com\/es\/wp-json\/wp\/v2\/product"}],"about":[{"href":"https:\/\/www.kieslect.com\/es\/wp-json\/wp\/v2\/types\/product"}],"replies":[{"embeddable":true,"href":"https:\/\/www.kieslect.com\/es\/wp-json\/wp\/v2\/comments?post=23751"}],"version-history":[{"count":0,"href":"https:\/\/www.kieslect.com\/es\/wp-json\/wp\/v2\/product\/23751\/revisions"}],"wp:featuredmedia":[{"embeddable":true,"href":"https:\/\/www.kieslect.com\/es\/wp-json\/wp\/v2\/media\/23803"}],"wp:attachment":[{"href":"https:\/\/www.kieslect.com\/es\/wp-json\/wp\/v2\/media?parent=23751"}],"wp:term":[{"taxonomy":"product_brand","embeddable":true,"href":"https:\/\/www.kieslect.com\/es\/wp-json\/wp\/v2\/product_brand?post=23751"},{"taxonomy":"product_cat","embeddable":true,"href":"https:\/\/www.kieslect.com\/es\/wp-json\/wp\/v2\/product_cat?post=23751"},{"taxonomy":"product_tag","embeddable":true,"href":"https:\/\/www.kieslect.com\/es\/wp-json\/wp\/v2\/product_tag?post=23751"}],"curies":[{"name":"wp","href":"https:\/\/api.w.org\/{rel}","templated":true}]}}