{"id":17219,"date":"2022-09-22T04:01:43","date_gmt":"2022-09-22T04:01:43","guid":{"rendered":"https:\/\/motta.uix.store\/?page_id=17219"},"modified":"2024-02-26T20:54:03","modified_gmt":"2024-02-26T12:54:03","slug":"feedback","status":"publish","type":"page","link":"https:\/\/www.kieslect.com\/es\/feedback\/","title":{"rendered":"Comentario"},"content":{"rendered":"<div data-elementor-type=\"wp-page\" data-elementor-id=\"17219\" class=\"elementor elementor-17219\" data-elementor-post-type=\"page\">\n\t\t\t\t\t\t<section class=\"elementor-section elementor-top-section elementor-element elementor-element-2c17ada elementor-section-content-middle elementor-reverse-mobile elementor-section-boxed elementor-section-height-default elementor-section-height-default motta-responsive-column motta-tablet-column--default motta-responsive-column motta-mobile-column--default\" data-id=\"2c17ada\" data-element_type=\"section\" data-settings=\"{&quot;background_background&quot;:&quot;classic&quot;,&quot;ekit_has_onepagescroll_dot&quot;:&quot;yes&quot;}\">\n\t\t\t\t\t\t<div class=\"elementor-container elementor-column-gap-no\">\n\t\t\t\t\t<div class=\"elementor-column elementor-col-50 elementor-top-column elementor-element elementor-element-3b55d2a\" data-id=\"3b55d2a\" data-element_type=\"column\">\n\t\t\t<div class=\"elementor-widget-wrap elementor-element-populated\">\n\t\t\t\t\t\t<div class=\"elementor-element elementor-element-c6b4bfa elementor-invisible elementor-widget elementor-widget-heading\" data-id=\"c6b4bfa\" data-element_type=\"widget\" data-settings=\"{&quot;_animation&quot;:&quot;slideInUp&quot;,&quot;_animation_delay&quot;:0.4,&quot;ekit_we_effect_on&quot;:&quot;none&quot;}\" data-widget_type=\"heading.default\">\n\t\t\t\t<div class=\"elementor-widget-container\">\n\t\t\t\t\t<h3 class=\"elementor-heading-title elementor-size-default\">Servicio de garant\u00eda<\/h3>\t\t\t\t<\/div>\n\t\t\t\t<\/div>\n\t\t\t\t<div class=\"elementor-element elementor-element-b0b189d elementor-invisible elementor-widget elementor-widget-heading\" data-id=\"b0b189d\" data-element_type=\"widget\" data-settings=\"{&quot;_animation&quot;:&quot;slideInUp&quot;,&quot;_animation_delay&quot;:0.6,&quot;ekit_we_effect_on&quot;:&quot;none&quot;}\" data-widget_type=\"heading.default\">\n\t\t\t\t<div class=\"elementor-widget-container\">\n\t\t\t\t\t<p class=\"elementor-heading-title elementor-size-default\">Aseg\u00farese de comprar sus productos posventa en las tiendas oficiales de Kieslect. Los proveedores que no figuran aqu\u00ed no est\u00e1n cubiertos por las pol\u00edticas posventa de Kieslect. En caso de que haya comprado en un minorista que no est\u00e9 cubierto, comun\u00edquese con \u00e9l directamente. <\/p>\t\t\t\t<\/div>\n\t\t\t\t<\/div>\n\t\t\t\t<div class=\"elementor-element elementor-element-5f0cace elementor-invisible elementor-widget elementor-widget-button\" data-id=\"5f0cace\" data-element_type=\"widget\" data-settings=\"{&quot;_animation&quot;:&quot;slideInUp&quot;,&quot;_animation_delay&quot;:0.7,&quot;ekit_we_effect_on&quot;:&quot;none&quot;}\" data-widget_type=\"button.default\">\n\t\t\t\t<div class=\"elementor-widget-container\">\n\t\t\t\t\t\t\t\t\t<div class=\"elementor-button-wrapper\">\n\t\t\t\t\t<a class=\"elementor-button elementor-button-link elementor-size-sm\" href=\"#service\">\n\t\t\t\t\t\t<span class=\"elementor-button-content-wrapper\">\n\t\t\t\t\t\t<span class=\"elementor-button-icon\">\n\t\t\t\t<svg aria-hidden=\"true\" class=\"e-font-icon-svg e-fas-long-arrow-alt-right\" viewbox=\"0 0 448 512\" xmlns=\"http:\/\/www.w3.org\/2000\/svg\"><path d=\"M313.941 216H12c-6.627 0-12 5.373-12 12v56c0 6.627 5.373 12 12 12h301.941v46.059c0 21.382 25.851 32.09 40.971 16.971l86.059-86.059c9.373-9.373 9.373-24.569 0-33.941l-86.059-86.059c-15.119-15.119-40.971-4.411-40.971 16.971V216z\"><\/path><\/svg>\t\t\t<\/span>\n\t\t\t\t\t\t\t\t\t<span class=\"elementor-button-text\">Cont\u00e1ctenos<\/span>\n\t\t\t\t\t<\/span>\n\t\t\t\t\t<\/a>\n\t\t\t\t<\/div>\n\t\t\t\t\t\t\t\t<\/div>\n\t\t\t\t<\/div>\n\t\t\t\t\t<\/div>\n\t\t<\/div>\n\t\t\t\t<div class=\"elementor-column elementor-col-50 elementor-top-column elementor-element elementor-element-3e9c11a\" data-id=\"3e9c11a\" data-element_type=\"column\">\n\t\t\t<div class=\"elementor-widget-wrap elementor-element-populated\">\n\t\t\t\t\t\t<div class=\"elementor-element elementor-element-8ff8fdd elementor-invisible elementor-widget elementor-widget-image\" data-id=\"8ff8fdd\" data-element_type=\"widget\" data-settings=\"{&quot;_animation&quot;:&quot;slideInUp&quot;,&quot;_animation_delay&quot;:0.6,&quot;ekit_we_effect_on&quot;:&quot;none&quot;}\" data-widget_type=\"image.default\">\n\t\t\t\t<div class=\"elementor-widget-container\">\n\t\t\t\t\t\t\t\t\t\t\t\t\t\t\t<img fetchpriority=\"high\" decoding=\"async\" width=\"1920\" height=\"1280\" src=\"https:\/\/www.kieslect.com\/wp-content\/uploads\/2024\/01\/S20231120-Kieslect-566.jpg\" class=\"attachment-full size-full wp-image-26765\" alt=\"\" srcset=\"https:\/\/www.kieslect.com\/wp-content\/uploads\/2024\/01\/S20231120-Kieslect-566.jpg 1920w, https:\/\/www.kieslect.com\/wp-content\/uploads\/2024\/01\/S20231120-Kieslect-566-300x200.jpg 300w, https:\/\/www.kieslect.com\/wp-content\/uploads\/2024\/01\/S20231120-Kieslect-566-1024x683.jpg 1024w, https:\/\/www.kieslect.com\/wp-content\/uploads\/2024\/01\/S20231120-Kieslect-566-768x512.jpg 768w, https:\/\/www.kieslect.com\/wp-content\/uploads\/2024\/01\/S20231120-Kieslect-566-1536x1024.jpg 1536w, https:\/\/www.kieslect.com\/wp-content\/uploads\/2024\/01\/S20231120-Kieslect-566-1320x880.jpg 1320w, https:\/\/www.kieslect.com\/wp-content\/uploads\/2024\/01\/S20231120-Kieslect-566-600x400.jpg 600w\" sizes=\"(max-width: 1920px) 100vw, 1920px\" \/>\t\t\t\t\t\t\t\t\t\t\t\t\t\t\t<\/div>\n\t\t\t\t<\/div>\n\t\t\t\t\t<\/div>\n\t\t<\/div>\n\t\t\t\t\t<\/div>\n\t\t<\/section>\n\t\t\t\t<section class=\"elementor-section elementor-top-section elementor-element elementor-element-12c9bfb elementor-section-content-middle elementor-section-boxed elementor-section-height-default elementor-section-height-default motta-responsive-column motta-tablet-column--default motta-responsive-column motta-mobile-column--default\" data-id=\"12c9bfb\" data-element_type=\"section\" data-settings=\"{&quot;background_background&quot;:&quot;classic&quot;,&quot;ekit_has_onepagescroll_dot&quot;:&quot;yes&quot;}\">\n\t\t\t\t\t\t<div class=\"elementor-container elementor-column-gap-no\">\n\t\t\t\t\t<div class=\"elementor-column elementor-col-100 elementor-top-column elementor-element elementor-element-f4ca70b\" data-id=\"f4ca70b\" data-element_type=\"column\" data-settings=\"{&quot;background_background&quot;:&quot;classic&quot;}\">\n\t\t\t<div class=\"elementor-widget-wrap elementor-element-populated\">\n\t\t\t\t\t\t<div class=\"elementor-element elementor-element-d6b6f66 elementor-widget elementor-widget-heading\" data-id=\"d6b6f66\" data-element_type=\"widget\" data-settings=\"{&quot;ekit_we_effect_on&quot;:&quot;none&quot;}\" data-widget_type=\"heading.default\">\n\t\t\t\t<div class=\"elementor-widget-container\">\n\t\t\t\t\t<h4 class=\"elementor-heading-title elementor-size-default\">Cont\u00e1ctenos<\/h4>\t\t\t\t<\/div>\n\t\t\t\t<\/div>\n\t\t\t\t<div class=\"elementor-element elementor-element-1dcadc7 elementor-button-align-stretch elementor-widget elementor-widget-form\" data-id=\"1dcadc7\" data-element_type=\"widget\" data-settings=\"{&quot;step_next_label&quot;:&quot;Next&quot;,&quot;step_previous_label&quot;:&quot;Previous&quot;,&quot;button_width&quot;:&quot;100&quot;,&quot;step_type&quot;:&quot;number_text&quot;,&quot;step_icon_shape&quot;:&quot;circle&quot;,&quot;ekit_we_effect_on&quot;:&quot;none&quot;}\" data-widget_type=\"form.default\">\n\t\t\t\t<div class=\"elementor-widget-container\">\n\t\t\t\t\t\t\t<form class=\"elementor-form\" method=\"post\" name=\"New Form\" action=\"\">\n\t\t\t<input type=\"hidden\" name=\"post_id\" value=\"17219\"\/>\n\t\t\t<input type=\"hidden\" name=\"form_id\" value=\"1dcadc7\"\/>\n\t\t\t<input type=\"hidden\" name=\"referer_title\" value=\"\" \/>\n\n\t\t\t\n\t\t\t<div class=\"elementor-form-fields-wrapper elementor-labels-above\">\n\t\t\t\t\t\t\t\t<div class=\"elementor-field-type-text elementor-field-group elementor-column elementor-field-group-name elementor-col-100\">\n\t\t\t\t\t\t\t\t\t\t\t\t<label for=\"form-field-name\" class=\"elementor-field-label\">\n\t\t\t\t\t\t\t\tNombre de usuario\t\t\t\t\t\t\t<\/label>\n\t\t\t\t\t\t\t\t\t\t\t\t\t\t<input size=\"1\" type=\"text\" name=\"form_fields[name]\" id=\"form-field-name\" class=\"elementor-field elementor-size-sm  elementor-field-textual\">\n\t\t\t\t\t\t\t\t\t\t\t<\/div>\n\t\t\t\t\t\t\t\t<div class=\"elementor-field-type-email elementor-field-group elementor-column elementor-field-group-email elementor-col-100 elementor-field-required\">\n\t\t\t\t\t\t\t\t\t\t\t\t<label for=\"form-field-email\" class=\"elementor-field-label\">\n\t\t\t\t\t\t\t\tCorreo electr\u00f3nico\t\t\t\t\t\t\t<\/label>\n\t\t\t\t\t\t\t\t\t\t\t\t\t\t<input size=\"1\" type=\"email\" name=\"form_fields[email]\" id=\"form-field-email\" class=\"elementor-field elementor-size-sm  elementor-field-textual\" required=\"required\">\n\t\t\t\t\t\t\t\t\t\t\t<\/div>\n\t\t\t\t\t\t\t\t<div class=\"elementor-field-type-text elementor-field-group elementor-column elementor-field-group-field_873df9c elementor-col-100\">\n\t\t\t\t\t\t\t\t\t\t\t\t<label for=\"form-field-field_873df9c\" class=\"elementor-field-label\">\n\t\t\t\t\t\t\t\tC\u00f3digo SN\t\t\t\t\t\t\t<\/label>\n\t\t\t\t\t\t\t\t\t\t\t\t\t\t<input size=\"1\" type=\"text\" name=\"form_fields[field_873df9c]\" id=\"form-field-field_873df9c\" class=\"elementor-field elementor-size-sm  elementor-field-textual\">\n\t\t\t\t\t\t\t\t\t\t\t<\/div>\n\t\t\t\t\t\t\t\t<div class=\"elementor-field-type-textarea elementor-field-group elementor-column elementor-field-group-field_caa3412 elementor-col-100\">\n\t\t\t\t\t\t\t\t\t\t\t\t<label for=\"form-field-field_caa3412\" class=\"elementor-field-label\">\n\t\t\t\t\t\t\t\tDescripci\u00f3n del defecto\t\t\t\t\t\t\t<\/label>\n\t\t\t\t\t\t<textarea class=\"elementor-field-textual elementor-field  elementor-size-sm\" name=\"form_fields[field_caa3412]\" id=\"form-field-field_caa3412\" rows=\"4\"><\/textarea>\t\t\t\t<\/div>\n\t\t\t\t\t\t\t\t<div class=\"elementor-field-type-upload elementor-field-group elementor-column elementor-field-group-field_edc6f94 elementor-col-100\">\n\t\t\t\t\t\t\t\t\t\t\t\t<label for=\"form-field-field_edc6f94\" class=\"elementor-field-label\">\n\t\t\t\t\t\t\t\tFotos\t\t\t\t\t\t\t<\/label>\n\t\t\t\t\t\t\t\t<input type=\"file\" name=\"form_fields[field_edc6f94]\" id=\"form-field-field_edc6f94\" class=\"elementor-field elementor-size-sm  elementor-upload-field\">\n\n\t\t\t\t\t\t<\/div>\n\t\t\t\t\t\t\t\t<div class=\"elementor-field-group elementor-column elementor-field-type-submit elementor-col-100 e-form__buttons\">\n\t\t\t\t\t<button class=\"elementor-button elementor-size-sm\" type=\"submit\">\n\t\t\t\t\t\t<span class=\"elementor-button-content-wrapper\">\n\t\t\t\t\t\t\t\t\t\t\t\t\t\t\t\t\t\t\t\t\t\t<span class=\"elementor-button-text\">Enviar mensaje <\/span>\n\t\t\t\t\t\t\t\t\t\t\t\t\t<\/span>\n\t\t\t\t\t<\/button>\n\t\t\t\t<\/div>\n\t\t\t<\/div>\n\t\t<input type=\"hidden\" name=\"trp-form-language\" value=\"es\"\/><\/form>\n\t\t\t\t\t\t<\/div>\n\t\t\t\t<\/div>\n\t\t\t\t\t<\/div>\n\t\t<\/div>\n\t\t\t\t\t<\/div>\n\t\t<\/section>\n\t\t\t\t<\/div>","protected":false},"excerpt":{"rendered":"<p>Warranty Service Please ensure that your after-sales products are purchased from Kieslect official stores. Vendors not listed here are not covered by Kieslect after-sales policies. In the event that you have purchased from a retailer not covered, please contact them directly. &nbsp; Contact Us Contact us<\/p>","protected":false},"author":1,"featured_media":0,"parent":0,"menu_order":0,"comment_status":"closed","ping_status":"closed","template":"","meta":{"footnotes":""},"class_list":["post-17219","page","type-page","status-publish","hentry"],"aioseo_notices":[],"aioseo_head":"\n\t\t<!-- All in One SEO Pro 4.6.5 - aioseo.com -->\n\t\t<meta name=\"description\" content=\"Please ensure that your after-sales products are purchased from Kieslect smartwatch official stores. Kieslect Smart watches for men and women plays a crucial role in shaping the overall customer experience.\" \/>\n\t\t<meta name=\"robots\" content=\"max-image-preview:large\" \/>\n\t\t<link rel=\"canonical\" href=\"https:\/\/www.kieslect.com\/es\/feedback\/\" \/>\n\t\t<meta name=\"generator\" content=\"All in One SEO Pro (AIOSEO) 4.6.5\" \/>\n\t\t<meta property=\"og:locale\" content=\"es_ES\" \/>\n\t\t<meta property=\"og:site_name\" content=\"Kieslect - A Trusted Global Provider of Smart Wearable Solution\" \/>\n\t\t<meta property=\"og:type\" content=\"article\" \/>\n\t\t<meta property=\"og:title\" content=\"Feedback - Kieslect Smart watches for men and women\" \/>\n\t\t<meta property=\"og:description\" content=\"Please ensure that your after-sales products are purchased from Kieslect smartwatch official stores. Kieslect Smart watches for men and women plays a crucial role in shaping the overall customer experience.\" \/>\n\t\t<meta property=\"og:url\" content=\"https:\/\/www.kieslect.com\/es\/feedback\/\" \/>\n\t\t<meta property=\"og:image\" content=\"https:\/\/www.kieslect.com\/wp-content\/uploads\/replace\/83a7c94e588d71936bb1ab2a1c752869.jpeg\" \/>\n\t\t<meta property=\"og:image:secure_url\" content=\"https:\/\/www.kieslect.com\/wp-content\/uploads\/replace\/83a7c94e588d71936bb1ab2a1c752869.jpeg\" \/>\n\t\t<meta property=\"og:image:width\" content=\"300\" \/>\n\t\t<meta property=\"og:image:height\" content=\"169\" \/>\n\t\t<meta property=\"article:published_time\" content=\"2022-09-22T04:01:43+00:00\" \/>\n\t\t<meta property=\"article:modified_time\" content=\"2024-02-26T12:54:03+00:00\" \/>\n\t\t<meta property=\"article:publisher\" content=\"https:\/\/www.facebook.com\/KieslectOfficial\/\" \/>\n\t\t<meta name=\"twitter:card\" content=\"summary_large_image\" \/>\n\t\t<meta name=\"twitter:site\" content=\"@kieslect\" \/>\n\t\t<meta name=\"twitter:title\" content=\"Feedback - Kieslect Smart watches for men and women\" \/>\n\t\t<meta name=\"twitter:description\" content=\"Please ensure that your after-sales products are purchased from Kieslect smartwatch official stores. Kieslect Smart watches for men and women plays a crucial role in shaping the overall customer experience.\" \/>\n\t\t<meta name=\"twitter:creator\" content=\"@kieslect\" \/>\n\t\t<meta name=\"twitter:image\" content=\"https:\/\/www.kieslect.com\/wp-content\/uploads\/replace\/83a7c94e588d71936bb1ab2a1c752869.jpeg\" \/>\n\t\t<script type=\"application\/ld+json\" class=\"aioseo-schema\">\n\t\t\t{\"@context\":\"https:\\\/\\\/schema.org\",\"@graph\":[{\"@type\":\"BreadcrumbList\",\"@id\":\"https:\\\/\\\/www.kieslect.com\\\/es\\\/feedback\\\/#breadcrumblist\",\"itemListElement\":[{\"@type\":\"ListItem\",\"@id\":\"https:\\\/\\\/www.kieslect.com\\\/es\\\/#listItem\",\"position\":1,\"name\":\"Home\",\"item\":\"https:\\\/\\\/www.kieslect.com\\\/es\\\/\",\"nextItem\":\"https:\\\/\\\/www.kieslect.com\\\/es\\\/feedback\\\/#listItem\"},{\"@type\":\"ListItem\",\"@id\":\"https:\\\/\\\/www.kieslect.com\\\/es\\\/feedback\\\/#listItem\",\"position\":2,\"name\":\"Feedback\",\"previousItem\":\"https:\\\/\\\/www.kieslect.com\\\/es\\\/#listItem\"}]},{\"@type\":\"Organization\",\"@id\":\"https:\\\/\\\/www.kieslect.com\\\/es\\\/#organization\",\"name\":\"Kieslect Smartwatch\",\"description\":\"A Trusted Global Provider of Smart Wearable Solution\",\"url\":\"https:\\\/\\\/www.kieslect.com\\\/es\\\/\",\"logo\":{\"@type\":\"ImageObject\",\"url\":\"https:\\\/\\\/www.kieslect.com\\\/wp-content\\\/uploads\\\/2024\\\/01\\\/Kieslect-Logo-2_1_335x75_crop_center-1.webp\",\"@id\":\"https:\\\/\\\/www.kieslect.com\\\/es\\\/feedback\\\/#organizationLogo\",\"width\":335,\"height\":75},\"image\":{\"@id\":\"https:\\\/\\\/www.kieslect.com\\\/es\\\/feedback\\\/#organizationLogo\"},\"sameAs\":[\"https:\\\/\\\/www.facebook.com\\\/KieslectOfficial\\\/\",\"https:\\\/\\\/twitter.com\\\/kieslect\",\"https:\\\/\\\/www.instagram.com\\\/kieslect\\\/\"]},{\"@type\":\"WebPage\",\"@id\":\"https:\\\/\\\/www.kieslect.com\\\/es\\\/feedback\\\/#webpage\",\"url\":\"https:\\\/\\\/www.kieslect.com\\\/es\\\/feedback\\\/\",\"name\":\"Feedback - Kieslect Smart watches for men and women\",\"description\":\"Please ensure that your after-sales products are purchased from Kieslect smartwatch official stores. Kieslect Smart watches for men and women plays a crucial role in shaping the overall customer experience.\",\"inLanguage\":\"es-ES\",\"isPartOf\":{\"@id\":\"https:\\\/\\\/www.kieslect.com\\\/es\\\/#website\"},\"breadcrumb\":{\"@id\":\"https:\\\/\\\/www.kieslect.com\\\/es\\\/feedback\\\/#breadcrumblist\"},\"datePublished\":\"2022-09-22T04:01:43+08:00\",\"dateModified\":\"2024-02-26T20:54:03+08:00\"},{\"@type\":\"WebSite\",\"@id\":\"https:\\\/\\\/www.kieslect.com\\\/es\\\/#website\",\"url\":\"https:\\\/\\\/www.kieslect.com\\\/es\\\/\",\"name\":\"Kieslect\",\"description\":\"A Trusted Global Provider of Smart Wearable Solution\",\"inLanguage\":\"es-ES\",\"publisher\":{\"@id\":\"https:\\\/\\\/www.kieslect.com\\\/es\\\/#organization\"}}]}\n\t\t<\/script>\n\t\t<!-- All in One SEO Pro -->\r\n\t\t<title>Feedback - Kieslect Smart watches for men and women<\/title>\n\n","aioseo_head_json":{"title":"Feedback - Kieslect Smart watches for men and women","description":"Please ensure that your after-sales products are purchased from Kieslect smartwatch official stores. Kieslect Smart watches for men and women plays a crucial role in shaping the overall customer experience.","canonical_url":"https:\/\/www.kieslect.com\/es\/feedback\/","robots":"max-image-preview:large","keywords":"","webmasterTools":{"miscellaneous":""},"og:locale":"es_ES","og:site_name":"Kieslect - A Trusted Global Provider of Smart Wearable Solution","og:type":"article","og:title":"Feedback - Kieslect Smart watches for men and women","og:description":"Please ensure that your after-sales products are purchased from Kieslect smartwatch official stores. Kieslect Smart watches for men and women plays a crucial role in shaping the overall customer experience.","og:url":"https:\/\/www.kieslect.com\/es\/feedback\/","og:image":"https:\/\/www.kieslect.com\/wp-content\/uploads\/replace\/83a7c94e588d71936bb1ab2a1c752869.jpeg","og:image:secure_url":"https:\/\/www.kieslect.com\/wp-content\/uploads\/replace\/83a7c94e588d71936bb1ab2a1c752869.jpeg","og:image:width":300,"og:image:height":169,"article:published_time":"2022-09-22T04:01:43+00:00","article:modified_time":"2024-02-26T12:54:03+00:00","article:publisher":"https:\/\/www.facebook.com\/KieslectOfficial\/","twitter:card":"summary_large_image","twitter:site":"@kieslect","twitter:title":"Feedback - Kieslect Smart watches for men and women","twitter:description":"Please ensure that your after-sales products are purchased from Kieslect smartwatch official stores. Kieslect Smart watches for men and women plays a crucial role in shaping the overall customer experience.","twitter:creator":"@kieslect","twitter:image":"https:\/\/www.kieslect.com\/wp-content\/uploads\/replace\/83a7c94e588d71936bb1ab2a1c752869.jpeg","schema":{"@context":"https:\/\/schema.org","@graph":[{"@type":"BreadcrumbList","@id":"https:\/\/www.kieslect.com\/es\/feedback\/#breadcrumblist","itemListElement":[{"@type":"ListItem","@id":"https:\/\/www.kieslect.com\/es\/#listItem","position":1,"name":"Home","item":"https:\/\/www.kieslect.com\/es\/","nextItem":"https:\/\/www.kieslect.com\/es\/feedback\/#listItem"},{"@type":"ListItem","@id":"https:\/\/www.kieslect.com\/es\/feedback\/#listItem","position":2,"name":"Feedback","previousItem":"https:\/\/www.kieslect.com\/es\/#listItem"}]},{"@type":"Organization","@id":"https:\/\/www.kieslect.com\/es\/#organization","name":"Kieslect Smartwatch","description":"A Trusted Global Provider of Smart Wearable Solution","url":"https:\/\/www.kieslect.com\/es\/","logo":{"@type":"ImageObject","url":"https:\/\/www.kieslect.com\/wp-content\/uploads\/2024\/01\/Kieslect-Logo-2_1_335x75_crop_center-1.webp","@id":"https:\/\/www.kieslect.com\/es\/feedback\/#organizationLogo","width":335,"height":75},"image":{"@id":"https:\/\/www.kieslect.com\/es\/feedback\/#organizationLogo"},"sameAs":["https:\/\/www.facebook.com\/KieslectOfficial\/","https:\/\/twitter.com\/kieslect","https:\/\/www.instagram.com\/kieslect\/"]},{"@type":"WebPage","@id":"https:\/\/www.kieslect.com\/es\/feedback\/#webpage","url":"https:\/\/www.kieslect.com\/es\/feedback\/","name":"Feedback - Kieslect Smart watches for men and women","description":"Please ensure that your after-sales products are purchased from Kieslect smartwatch official stores. Kieslect Smart watches for men and women plays a crucial role in shaping the overall customer experience.","inLanguage":"es-ES","isPartOf":{"@id":"https:\/\/www.kieslect.com\/es\/#website"},"breadcrumb":{"@id":"https:\/\/www.kieslect.com\/es\/feedback\/#breadcrumblist"},"datePublished":"2022-09-22T04:01:43+08:00","dateModified":"2024-02-26T20:54:03+08:00"},{"@type":"WebSite","@id":"https:\/\/www.kieslect.com\/es\/#website","url":"https:\/\/www.kieslect.com\/es\/","name":"Kieslect","description":"A Trusted Global Provider of Smart Wearable Solution","inLanguage":"es-ES","publisher":{"@id":"https:\/\/www.kieslect.com\/es\/#organization"}}]}},"aioseo_meta_data":{"post_id":"17219","title":"#post_title #separator_sa #site_title Smart watches for men and women","description":"Please ensure that your after-sales products are purchased from Kieslect smartwatch official stores. Kieslect Smart watches for men and women plays a crucial role in shaping the overall customer experience.","keywords":[],"keyphrases":"{\"focus\":{\"keyphrase\":\"\",\"score\":0,\"analysis\":{\"keyphraseInTitle\":{\"score\":0,\"maxScore\":9,\"error\":1}}},\"additional\":[]}","primary_term":null,"canonical_url":null,"og_title":null,"og_description":null,"og_object_type":"default","og_image_type":"default","og_image_url":null,"og_image_width":null,"og_image_height":null,"og_image_custom_url":null,"og_image_custom_fields":null,"og_video":"","og_custom_url":null,"og_article_section":null,"og_article_tags":[],"twitter_use_og":false,"twitter_card":"default","twitter_image_type":"default","twitter_image_url":null,"twitter_image_custom_url":null,"twitter_image_custom_fields":null,"twitter_title":null,"twitter_description":null,"schema":{"blockGraphs":[],"customGraphs":[],"default":{"data":{"Article":[],"Course":[],"Dataset":[],"FAQPage":[],"Movie":[],"Person":[],"Product":[],"Recipe":[],"Service":[],"SoftwareApplication":[],"WebPage":[]},"graphName":"WebPage","isEnabled":true},"graphs":[]},"schema_type":"default","schema_type_options":null,"pillar_content":false,"robots_default":true,"robots_noindex":false,"robots_noarchive":false,"robots_nosnippet":false,"robots_nofollow":false,"robots_noimageindex":false,"robots_noodp":false,"robots_notranslate":false,"robots_max_snippet":"-1","robots_max_videopreview":"-1","robots_max_imagepreview":"large","priority":null,"frequency":"default","local_seo":null,"limit_modified_date":false,"created":"2024-02-26 12:21:32","updated":"2024-02-26 21:17:57"},"aioseo_breadcrumb":"<div class=\"aioseo-breadcrumbs\"><span class=\"aioseo-breadcrumb\">\n\t<a href=\"https:\/\/www.kieslect.com\/es\" title=\"Home\">Home<\/a>\n<\/span><span class=\"aioseo-breadcrumb-separator\">&raquo;<\/span><span class=\"aioseo-breadcrumb\">\n\tFeedback\n<\/span><\/div>","aioseo_breadcrumb_json":[{"label":"Home","link":"https:\/\/www.kieslect.com\/es"},{"label":"Feedback","link":"https:\/\/www.kieslect.com\/es\/feedback\/"}],"_links":{"self":[{"href":"https:\/\/www.kieslect.com\/es\/wp-json\/wp\/v2\/pages\/17219","targetHints":{"allow":["GET"]}}],"collection":[{"href":"https:\/\/www.kieslect.com\/es\/wp-json\/wp\/v2\/pages"}],"about":[{"href":"https:\/\/www.kieslect.com\/es\/wp-json\/wp\/v2\/types\/page"}],"author":[{"embeddable":true,"href":"https:\/\/www.kieslect.com\/es\/wp-json\/wp\/v2\/users\/1"}],"replies":[{"embeddable":true,"href":"https:\/\/www.kieslect.com\/es\/wp-json\/wp\/v2\/comments?post=17219"}],"version-history":[{"count":0,"href":"https:\/\/www.kieslect.com\/es\/wp-json\/wp\/v2\/pages\/17219\/revisions"}],"wp:attachment":[{"href":"https:\/\/www.kieslect.com\/es\/wp-json\/wp\/v2\/media?parent=17219"}],"curies":[{"name":"wp","href":"https:\/\/api.w.org\/{rel}","templated":true}]}}