{"id":17195,"date":"2022-09-22T03:48:35","date_gmt":"2022-09-22T03:48:35","guid":{"rendered":"https:\/\/motta.uix.store\/?page_id=17195"},"modified":"2024-05-30T10:18:31","modified_gmt":"2024-05-30T02:18:31","slug":"payment-method","status":"publish","type":"page","link":"https:\/\/www.kieslect.com\/es\/payment-method\/","title":{"rendered":"M\u00e9todo de pago"},"content":{"rendered":"<div class=\"article-con-item second-style\">\n<div class=\"article-con-item\">\n<div class=\"item-t title-main\">\n<div class=\"article-con-item second-style\">\n<div class=\"article-con-item\"><\/div>\n<\/div>\n<div class=\"article-con-item\">\n<div class=\"item-p\">\n<div class=\"article-con-item\">\n<div class=\"item-p\">\n<div class=\"article-con-item second-style\">\n<div class=\"article-con-item\">\n<div class=\"item-t title-main\">Pagar con PayPal<\/div>\n<div class=\"item-img2 pay1\"><img decoding=\"async\" class=\"falcon-lazyload\" src=\"\/wp-content\/uploads\/replace\/c9218258e656e0b043d78b99663e5015.png\" alt=\"Payment Method\" data-src=\"\/\/shein.ltwebstatic.com\/advertise\/shein\/www\/images_sheIn\/paie1.png\" data-loaded=\"true\" \/><\/div>\n<div class=\"item-p\">Cuando realice un pedido con Paypal, ser\u00e1 redirigido a la p\u00e1gina de pago de PayPal, donde podr\u00e1 confirmar su pago iniciando sesi\u00f3n con su nombre de usuario y contrase\u00f1a de PayPal.<\/div>\n<div class=\"item-p\">A\u00fan puedes pagar incluso sin una cuenta PayPal. Para hacerlo, haga clic en &quot;Pagar con tarjeta de d\u00e9bito\/cr\u00e9dito&quot; y ser\u00e1 redirigido a una p\u00e1gina segura donde podr\u00e1 ingresar la informaci\u00f3n de su tarjeta de cr\u00e9dito o completar su pago de forma segura a trav\u00e9s de PayPal.<\/div>\n<\/div>\n<div class=\"article-con-item border-top\">\n<div class=\"item-t title-main\">Pagar con tarjeta de cr\u00e9dito\/d\u00e9bito<\/div>\n<div class=\"item-img2 pay2\"><img decoding=\"async\" class=\"falcon-lazyload\" src=\"\/wp-content\/uploads\/replace\/7df4ac6747526334657d67261b39d9ae.png\" alt=\"Payment Method\" data-src=\"\/\/img.ltwebstatic.com\/images3_acp\/2021\/04\/09\/161793311589a2694cadea2884d760ac0901d89b9e.jpg\" data-loaded=\"true\" \/>\u00a0<img decoding=\"async\" class=\"falcon-lazyload\" src=\"\/wp-content\/uploads\/replace\/2738955150fed79e7787f6aa714f68e8.png\" alt=\"Payment Method\" data-src=\"\/\/sheinsz.ltwebstatic.com\/image\/card\/n-3-mastercard_vf9b0f97.png?v=shein_364\" data-loaded=\"true\" \/>\u00a0<img decoding=\"async\" class=\"falcon-lazyload\" src=\"\/wp-content\/uploads\/replace\/3eed35488853261a5e70023354a25005.png\" alt=\"Payment Method\" data-src=\"\/\/sheinsz.ltwebstatic.com\/image\/card\/n-8-maestro_v781c6fd.png?v=shein_364\" data-loaded=\"true\" \/>\u00a0<img decoding=\"async\" class=\"falcon-lazyload\" src=\"\/wp-content\/uploads\/replace\/0267c966ffb03213f48e438d36a08aaf.png\" alt=\"Payment Method\" data-src=\"\/\/sheinsz.ltwebstatic.com\/image\/card\/n-7-american-express_vb186b55.png?v=shein_364\" data-loaded=\"true\" \/>\u00a0<img decoding=\"async\" class=\"falcon-lazyload\" src=\"\/wp-content\/uploads\/replace\/f5c1583f35c15104d2998185ce5074ab.png\" alt=\"Payment Method\" data-src=\"\/\/img.ltwebstatic.com\/images3_acp\/2021\/08\/19\/1629343664a9b987cce8a5544d5542a818ccd75f43.png\" data-loaded=\"true\" \/><\/div>\n<div class=\"item-p\">Las opciones de tarjetas de cr\u00e9dito disponibles se enumeran arriba. Las compa\u00f1\u00edas de tarjetas de cr\u00e9dito enumeradas anteriormente son las tarjetas de cr\u00e9dito m\u00e1s utilizadas en este sitio web. No se preocupe si la compa\u00f1\u00eda de su tarjeta de cr\u00e9dito no figura en la lista, le animamos a seguir adelante y realizar la compra.<\/div>\n<div class=\"item-p\">Tenga en cuenta que Kieslect no recopila su n\u00famero de tarjeta de cr\u00e9dito\/d\u00e9bito ni informaci\u00f3n personal cuando realiza un pago. Si tiene preguntas sobre sus transacciones en nuestro sitio, consulte con el banco emisor de su tarjeta para obtener informaci\u00f3n.<\/div>\n<\/div>\n<div class=\"article-con-item border-top\">\n<div class=\"item-t title-main\">Pago con billetera electr\u00f3nica<\/div>\n<div class=\"item-img2 pay2\"><img decoding=\"async\" class=\"falcon-lazyload\" src=\"\/wp-content\/uploads\/replace\/23c4f77b8046ce9fc790c1a227674f3e.png\" alt=\"Payment Method\" data-src=\"\/\/img.ltwebstatic.com\/images3_acp\/2020\/12\/23\/1608691262541d59161a4d505e72e480dab4614abd.png\" data-loaded=\"true\" \/><\/div>\n<div class=\"item-p\">GrabPay es una opci\u00f3n de pago de billetera digital para clientes de Malasia, Filipinas y Singapur. Realizar\u00e1 pagos dentro de la aplicaci\u00f3n utilizando una billetera GrabPay que se vincula a su tarjeta de cr\u00e9dito o d\u00e9bito.<\/div>\n<div class=\"item-p\">Para pagar con GrabPay, ser\u00e1 redirigido a la p\u00e1gina de inicio de sesi\u00f3n de GrabPay desde su sitio web o aplicaci\u00f3n. El comprador se autentica utilizando su n\u00famero de tel\u00e9fono y una contrase\u00f1a de un solo uso que recibi\u00f3 de Grab en su tel\u00e9fono y luego confirma el pago.<\/div>\n<\/div>\n<div class=\"article-con-item border-top\">\n<div class=\"item-t title-main\">Pagar con \u00e1tomo<\/div>\n<div class=\"item-img2 pay2\"><img decoding=\"async\" class=\"falcon-lazyload\" src=\"\/wp-content\/uploads\/replace\/f930c8a3231d8444d7fe50e2ddb08613.png\" alt=\"Payment Method\" data-src=\"\/\/img.ltwebstatic.com\/images3_acp\/2021\/06\/08\/16231354765bcb8e3faac54bf927347ad7f39e1622.png\" data-loaded=\"true\" \/><\/div>\n<div class=\"item-p\">Atom es una opci\u00f3n de pago de &quot;compre ahora, pague despu\u00e9s&quot; para clientes de Singapur que divide su factura en tres pagos iguales durante dos meses. Atom cobra cero intereses y cero tarifas de servicio.<\/div>\n<div class=\"item-p\">Elija Atom como opci\u00f3n de pago al realizar el pago. Pagas 1\/3 del total de la factura en el acto. El segundo pago vencer\u00e1 30 d\u00edas despu\u00e9s, y el tercero, el mes siguiente.<\/div>\n<\/div>\n<\/div>\n<div class=\"article-con-item\">\n<div class=\"item-t title-main\">\u201cC\u00f3digo de cup\u00f3n\u201d y \u201cPuntos de bonificaci\u00f3n\u201d<\/div>\n<div class=\"item-p\">Puede aplicar cupones y puntos de bonificaci\u00f3n a su pedido al finalizar la compra. Una vez que haya ingresado su c\u00f3digo de cup\u00f3n y sus puntos Kieslect, haga clic en &quot;aplicar&quot; y el descuento ajustar\u00e1 autom\u00e1ticamente el total de su pedido. Tenga en cuenta que si no hace clic en &quot;aplicar&quot; antes de continuar con el pago, el total de su pedido no reflejar\u00e1 el cup\u00f3n ni el descuento de puntos de bonificaci\u00f3n.<\/div>\n<div class=\"item-notes-list\">\n<div class=\"notes\">NOTAS:<\/div>\n<ul>\n<li>Aseg\u00farese de ingresar el c\u00f3digo de cup\u00f3n exactamente como lo recibi\u00f3, sin espacios antes, dentro o despu\u00e9s. Para evitar errores, te recomendamos copiar\/pegar el c\u00f3digo promocional que recibiste.<\/li>\n<li>Los cupones no se pueden combinar. Solo puedes utilizar un c\u00f3digo de cup\u00f3n por pedido.<\/li>\n<li>Los cupones est\u00e1n sujetos a los t\u00e9rminos de la oferta. Esto excluye algunos art\u00edculos de nuestro sitio web que no son elegibles para cupones de descuento.<\/li>\n<li>Puedes pagar hasta 70% de tu compra con puntos de bonificaci\u00f3n al finalizar la compra. Recuerda que 100 puntos = $1.<\/li>\n<\/ul>\n<\/div>\n<\/div>\n<div class=\"article-con-item\">\n<div class=\"item-t title-main\">Monedas<\/div>\n<div class=\"item-p\">La moneda en la que pagas est\u00e1 determinada por el pa\u00eds desde el que pagas y el m\u00e9todo de pago que elijas. Puede cambiar la moneda predeterminada haciendo clic en la esquina superior derecha del sitio web de Kieslect y seleccionando la moneda con la que desea pagar.<\/div>\n<\/div>\n<\/div>\n<\/div>\n<\/div>\n<\/div>\n<\/div>\n<\/div>\n<\/div>\n<div class=\"article-con-item\">\n<div class=\"item-p\"><\/div>\n<\/div>","protected":false},"excerpt":{"rendered":"<p>Pague con Paypal Cuando realice un pedido con Paypal, ser\u00e1 redirigido a la p\u00e1gina de pago de PayPal, donde podr\u00e1 confirmar su pago iniciando sesi\u00f3n con su nombre de usuario y contrase\u00f1a de PayPal. A\u00fan puedes pagar incluso sin una cuenta PayPal. Para hacerlo, haga clic en \u201cPagar con tarjeta de d\u00e9bito\/cr\u00e9dito\u201d y [\u2026]<\/p>","protected":false},"author":1,"featured_media":0,"parent":0,"menu_order":0,"comment_status":"closed","ping_status":"closed","template":"","meta":{"footnotes":""},"class_list":["post-17195","page","type-page","status-publish","hentry"],"aioseo_notices":[],"aioseo_head":"\n\t\t<!-- All in One SEO Pro 4.6.5 - aioseo.com -->\n\t\t<meta name=\"description\" content=\"Best Smartwatches Buy Online currently accept Paypal, Visa, Master Card, Apple Pay, Google Pay, Alipay, Gcash, Kakao Pay, Discover and Diners payments.\" \/>\n\t\t<meta name=\"robots\" content=\"max-image-preview:large\" \/>\n\t\t<link rel=\"canonical\" href=\"https:\/\/www.kieslect.com\/es\/payment-method\/\" \/>\n\t\t<meta name=\"generator\" content=\"All in One SEO Pro (AIOSEO) 4.6.5\" \/>\n\t\t<meta property=\"og:locale\" content=\"es_ES\" \/>\n\t\t<meta property=\"og:site_name\" content=\"Kieslect - A Trusted Global Provider of Smart Wearable Solution\" \/>\n\t\t<meta property=\"og:type\" content=\"article\" \/>\n\t\t<meta property=\"og:title\" content=\"Payment Method - Best Smartwatches Buy Online\" \/>\n\t\t<meta property=\"og:description\" content=\"Best Smartwatches Buy Online currently accept Paypal, Visa, Master Card, Apple Pay, Google Pay, Alipay, Gcash, Kakao Pay, Discover and Diners payments.\" \/>\n\t\t<meta property=\"og:url\" content=\"https:\/\/www.kieslect.com\/es\/payment-method\/\" \/>\n\t\t<meta property=\"og:image\" content=\"https:\/\/www.kieslect.com\/wp-content\/uploads\/replace\/83a7c94e588d71936bb1ab2a1c752869.jpeg\" \/>\n\t\t<meta property=\"og:image:secure_url\" content=\"https:\/\/www.kieslect.com\/wp-content\/uploads\/replace\/83a7c94e588d71936bb1ab2a1c752869.jpeg\" \/>\n\t\t<meta property=\"og:image:width\" content=\"300\" \/>\n\t\t<meta property=\"og:image:height\" content=\"169\" \/>\n\t\t<meta property=\"article:published_time\" content=\"2022-09-22T03:48:35+00:00\" \/>\n\t\t<meta property=\"article:modified_time\" content=\"2024-05-30T02:18:31+00:00\" \/>\n\t\t<meta property=\"article:publisher\" content=\"https:\/\/www.facebook.com\/KieslectOfficial\/\" \/>\n\t\t<meta name=\"twitter:card\" content=\"summary_large_image\" \/>\n\t\t<meta name=\"twitter:site\" content=\"@kieslect\" \/>\n\t\t<meta name=\"twitter:title\" content=\"Payment Method - Best Smartwatches Buy Online\" \/>\n\t\t<meta name=\"twitter:description\" content=\"Best Smartwatches Buy Online currently accept Paypal, Visa, Master Card, Apple Pay, Google Pay, Alipay, Gcash, Kakao Pay, Discover and Diners payments.\" \/>\n\t\t<meta name=\"twitter:creator\" content=\"@kieslect\" \/>\n\t\t<meta name=\"twitter:image\" content=\"https:\/\/www.kieslect.com\/wp-content\/uploads\/replace\/83a7c94e588d71936bb1ab2a1c752869.jpeg\" \/>\n\t\t<script type=\"application\/ld+json\" class=\"aioseo-schema\">\n\t\t\t{\"@context\":\"https:\\\/\\\/schema.org\",\"@graph\":[{\"@type\":\"BreadcrumbList\",\"@id\":\"https:\\\/\\\/www.kieslect.com\\\/es\\\/payment-method\\\/#breadcrumblist\",\"itemListElement\":[{\"@type\":\"ListItem\",\"@id\":\"https:\\\/\\\/www.kieslect.com\\\/es\\\/#listItem\",\"position\":1,\"name\":\"Home\",\"item\":\"https:\\\/\\\/www.kieslect.com\\\/es\\\/\",\"nextItem\":\"https:\\\/\\\/www.kieslect.com\\\/es\\\/payment-method\\\/#listItem\"},{\"@type\":\"ListItem\",\"@id\":\"https:\\\/\\\/www.kieslect.com\\\/es\\\/payment-method\\\/#listItem\",\"position\":2,\"name\":\"Payment Method\",\"previousItem\":\"https:\\\/\\\/www.kieslect.com\\\/es\\\/#listItem\"}]},{\"@type\":\"Organization\",\"@id\":\"https:\\\/\\\/www.kieslect.com\\\/es\\\/#organization\",\"name\":\"Kieslect Smartwatch\",\"description\":\"A Trusted Global Provider of Smart Wearable Solution\",\"url\":\"https:\\\/\\\/www.kieslect.com\\\/es\\\/\",\"logo\":{\"@type\":\"ImageObject\",\"url\":\"https:\\\/\\\/www.kieslect.com\\\/wp-content\\\/uploads\\\/2024\\\/01\\\/Kieslect-Logo-2_1_335x75_crop_center-1.webp\",\"@id\":\"https:\\\/\\\/www.kieslect.com\\\/es\\\/payment-method\\\/#organizationLogo\",\"width\":335,\"height\":75},\"image\":{\"@id\":\"https:\\\/\\\/www.kieslect.com\\\/es\\\/payment-method\\\/#organizationLogo\"},\"sameAs\":[\"https:\\\/\\\/www.facebook.com\\\/KieslectOfficial\\\/\",\"https:\\\/\\\/twitter.com\\\/kieslect\",\"https:\\\/\\\/www.instagram.com\\\/kieslect\\\/\"]},{\"@type\":\"WebPage\",\"@id\":\"https:\\\/\\\/www.kieslect.com\\\/es\\\/payment-method\\\/#webpage\",\"url\":\"https:\\\/\\\/www.kieslect.com\\\/es\\\/payment-method\\\/\",\"name\":\"Payment Method - Best Smartwatches Buy Online\",\"description\":\"Best Smartwatches Buy Online currently accept Paypal, Visa, Master Card, Apple Pay, Google Pay, Alipay, Gcash, Kakao Pay, Discover and Diners payments.\",\"inLanguage\":\"es-ES\",\"isPartOf\":{\"@id\":\"https:\\\/\\\/www.kieslect.com\\\/es\\\/#website\"},\"breadcrumb\":{\"@id\":\"https:\\\/\\\/www.kieslect.com\\\/es\\\/payment-method\\\/#breadcrumblist\"},\"datePublished\":\"2022-09-22T03:48:35+08:00\",\"dateModified\":\"2024-05-30T10:18:31+08:00\"},{\"@type\":\"WebSite\",\"@id\":\"https:\\\/\\\/www.kieslect.com\\\/es\\\/#website\",\"url\":\"https:\\\/\\\/www.kieslect.com\\\/es\\\/\",\"name\":\"Kieslect\",\"description\":\"A Trusted Global Provider of Smart Wearable Solution\",\"inLanguage\":\"es-ES\",\"publisher\":{\"@id\":\"https:\\\/\\\/www.kieslect.com\\\/es\\\/#organization\"}}]}\n\t\t<\/script>\n\t\t<!-- All in One SEO Pro -->\r\n\t\t<title>Payment Method - Best Smartwatches Buy Online<\/title>\n\n","aioseo_head_json":{"title":"Payment Method - Best Smartwatches Buy Online","description":"Best Smartwatches Buy Online currently accept Paypal, Visa, Master Card, Apple Pay, Google Pay, Alipay, Gcash, Kakao Pay, Discover and Diners payments.","canonical_url":"https:\/\/www.kieslect.com\/es\/payment-method\/","robots":"max-image-preview:large","keywords":"","webmasterTools":{"miscellaneous":""},"og:locale":"es_ES","og:site_name":"Kieslect - A Trusted Global Provider of Smart Wearable Solution","og:type":"article","og:title":"Payment Method - Best Smartwatches Buy Online","og:description":"Best Smartwatches Buy Online currently accept Paypal, Visa, Master Card, Apple Pay, Google Pay, Alipay, Gcash, Kakao Pay, Discover and Diners payments.","og:url":"https:\/\/www.kieslect.com\/es\/payment-method\/","og:image":"https:\/\/www.kieslect.com\/wp-content\/uploads\/replace\/83a7c94e588d71936bb1ab2a1c752869.jpeg","og:image:secure_url":"https:\/\/www.kieslect.com\/wp-content\/uploads\/replace\/83a7c94e588d71936bb1ab2a1c752869.jpeg","og:image:width":300,"og:image:height":169,"article:published_time":"2022-09-22T03:48:35+00:00","article:modified_time":"2024-05-30T02:18:31+00:00","article:publisher":"https:\/\/www.facebook.com\/KieslectOfficial\/","twitter:card":"summary_large_image","twitter:site":"@kieslect","twitter:title":"Payment Method - Best Smartwatches Buy Online","twitter:description":"Best Smartwatches Buy Online currently accept Paypal, Visa, Master Card, Apple Pay, Google Pay, Alipay, Gcash, Kakao Pay, Discover and Diners payments.","twitter:creator":"@kieslect","twitter:image":"https:\/\/www.kieslect.com\/wp-content\/uploads\/replace\/83a7c94e588d71936bb1ab2a1c752869.jpeg","schema":{"@context":"https:\/\/schema.org","@graph":[{"@type":"BreadcrumbList","@id":"https:\/\/www.kieslect.com\/es\/payment-method\/#breadcrumblist","itemListElement":[{"@type":"ListItem","@id":"https:\/\/www.kieslect.com\/es\/#listItem","position":1,"name":"Home","item":"https:\/\/www.kieslect.com\/es\/","nextItem":"https:\/\/www.kieslect.com\/es\/payment-method\/#listItem"},{"@type":"ListItem","@id":"https:\/\/www.kieslect.com\/es\/payment-method\/#listItem","position":2,"name":"Payment Method","previousItem":"https:\/\/www.kieslect.com\/es\/#listItem"}]},{"@type":"Organization","@id":"https:\/\/www.kieslect.com\/es\/#organization","name":"Kieslect Smartwatch","description":"A Trusted Global Provider of Smart Wearable Solution","url":"https:\/\/www.kieslect.com\/es\/","logo":{"@type":"ImageObject","url":"https:\/\/www.kieslect.com\/wp-content\/uploads\/2024\/01\/Kieslect-Logo-2_1_335x75_crop_center-1.webp","@id":"https:\/\/www.kieslect.com\/es\/payment-method\/#organizationLogo","width":335,"height":75},"image":{"@id":"https:\/\/www.kieslect.com\/es\/payment-method\/#organizationLogo"},"sameAs":["https:\/\/www.facebook.com\/KieslectOfficial\/","https:\/\/twitter.com\/kieslect","https:\/\/www.instagram.com\/kieslect\/"]},{"@type":"WebPage","@id":"https:\/\/www.kieslect.com\/es\/payment-method\/#webpage","url":"https:\/\/www.kieslect.com\/es\/payment-method\/","name":"Payment Method - Best Smartwatches Buy Online","description":"Best Smartwatches Buy Online currently accept Paypal, Visa, Master Card, Apple Pay, Google Pay, Alipay, Gcash, Kakao Pay, Discover and Diners payments.","inLanguage":"es-ES","isPartOf":{"@id":"https:\/\/www.kieslect.com\/es\/#website"},"breadcrumb":{"@id":"https:\/\/www.kieslect.com\/es\/payment-method\/#breadcrumblist"},"datePublished":"2022-09-22T03:48:35+08:00","dateModified":"2024-05-30T10:18:31+08:00"},{"@type":"WebSite","@id":"https:\/\/www.kieslect.com\/es\/#website","url":"https:\/\/www.kieslect.com\/es\/","name":"Kieslect","description":"A Trusted Global Provider of Smart Wearable Solution","inLanguage":"es-ES","publisher":{"@id":"https:\/\/www.kieslect.com\/es\/#organization"}}]}},"aioseo_meta_data":{"post_id":"17195","title":"#post_title #separator_sa Best Smartwatches Buy Online","description":"Best Smartwatches Buy Online currently accept Paypal, Visa, Master Card, Apple Pay, Google Pay, Alipay, Gcash, Kakao Pay, Discover and Diners payments.","keywords":[],"keyphrases":"{\"focus\":{\"keyphrase\":\"\",\"score\":0,\"analysis\":{\"keyphraseInTitle\":{\"score\":0,\"maxScore\":9,\"error\":1}}},\"additional\":[]}","primary_term":null,"canonical_url":null,"og_title":null,"og_description":null,"og_object_type":"default","og_image_type":"default","og_image_url":null,"og_image_width":null,"og_image_height":null,"og_image_custom_url":null,"og_image_custom_fields":null,"og_video":"","og_custom_url":null,"og_article_section":null,"og_article_tags":[],"twitter_use_og":false,"twitter_card":"default","twitter_image_type":"default","twitter_image_url":null,"twitter_image_custom_url":null,"twitter_image_custom_fields":null,"twitter_title":null,"twitter_description":null,"schema":{"blockGraphs":[],"customGraphs":[],"default":{"data":{"Article":[],"Course":[],"Dataset":[],"FAQPage":[],"Movie":[],"Person":[],"Product":[],"Recipe":[],"Service":[],"SoftwareApplication":[],"WebPage":[]},"graphName":"WebPage","isEnabled":true},"graphs":[]},"schema_type":"default","schema_type_options":null,"pillar_content":false,"robots_default":true,"robots_noindex":false,"robots_noarchive":false,"robots_nosnippet":false,"robots_nofollow":false,"robots_noimageindex":false,"robots_noodp":false,"robots_notranslate":false,"robots_max_snippet":"-1","robots_max_videopreview":"-1","robots_max_imagepreview":"large","priority":null,"frequency":"default","local_seo":null,"limit_modified_date":false,"created":"2024-02-26 12:21:32","updated":"2024-05-30 02:18:50"},"aioseo_breadcrumb":"<div class=\"aioseo-breadcrumbs\"><span class=\"aioseo-breadcrumb\">\n\t<a href=\"https:\/\/www.kieslect.com\/es\" title=\"Home\">Home<\/a>\n<\/span><span class=\"aioseo-breadcrumb-separator\">&raquo;<\/span><span class=\"aioseo-breadcrumb\">\n\tPayment Method\n<\/span><\/div>","aioseo_breadcrumb_json":[{"label":"Home","link":"https:\/\/www.kieslect.com\/es"},{"label":"Payment Method","link":"https:\/\/www.kieslect.com\/es\/payment-method\/"}],"_links":{"self":[{"href":"https:\/\/www.kieslect.com\/es\/wp-json\/wp\/v2\/pages\/17195","targetHints":{"allow":["GET"]}}],"collection":[{"href":"https:\/\/www.kieslect.com\/es\/wp-json\/wp\/v2\/pages"}],"about":[{"href":"https:\/\/www.kieslect.com\/es\/wp-json\/wp\/v2\/types\/page"}],"author":[{"embeddable":true,"href":"https:\/\/www.kieslect.com\/es\/wp-json\/wp\/v2\/users\/1"}],"replies":[{"embeddable":true,"href":"https:\/\/www.kieslect.com\/es\/wp-json\/wp\/v2\/comments?post=17195"}],"version-history":[{"count":0,"href":"https:\/\/www.kieslect.com\/es\/wp-json\/wp\/v2\/pages\/17195\/revisions"}],"wp:attachment":[{"href":"https:\/\/www.kieslect.com\/es\/wp-json\/wp\/v2\/media?parent=17195"}],"curies":[{"name":"wp","href":"https:\/\/api.w.org\/{rel}","templated":true}]}}