{"id":17371,"date":"2022-09-22T07:28:31","date_gmt":"2022-09-22T07:28:31","guid":{"rendered":"https:\/\/motta.uix.store\/?page_id=17371"},"modified":"2024-02-26T21:11:10","modified_gmt":"2024-02-26T13:11:10","slug":"shipping-policy","status":"publish","type":"page","link":"http:\/\/www.kieslect.com\/vi\/shipping-policy\/","title":{"rendered":"ch\u00ednh s\u00e1ch v\u1eadn chuy\u1ec3n"},"content":{"rendered":"<h1 style=\"text-align: center;\">ch\u00ednh s\u00e1ch v\u1eadn chuy\u1ec3n<\/h1>\n<p>&nbsp;<\/p>\n<h2>Th\u1eddi gian v\u1eadn chuy\u1ec3n<\/h2>\n<p>\u0110\u01a1n \u0111\u1eb7t h\u00e0ng c\u1ee7a b\u1ea1n s\u1ebd \u0111\u01b0\u1ee3c x\u1eed l\u00fd v\u00e0 v\u1eadn chuy\u1ec3n trong v\u00f2ng 3-5 ng\u00e0y l\u00e0m vi\u1ec7c sau khi ch\u00fang t\u00f4i nh\u1eadn \u0111\u01b0\u1ee3c kho\u1ea3n thanh to\u00e1n. Th\u1eddi gian giao h\u00e0ng thay \u0111\u1ed5i t\u00f9y theo c\u00e1c qu\u1ed1c gia v\u00e0 khu v\u1ef1c kh\u00e1c nhau, th\u00f4ng th\u01b0\u1eddng ph\u1ea3i m\u1ea5t 7-30 ng\u00e0y l\u00e0m vi\u1ec7c \u0111\u1ec3 \u0111\u1ebfn n\u01a1i.<\/p>\n<p>Xin l\u01b0u \u00fd r\u1eb1ng ch\u00fang t\u00f4i kh\u00f4ng th\u1ec3 g\u1eedi g\u00f3i h\u00e0ng \u0111\u1ebfn \u0111\u1ecba ch\u1ec9 PO Box ho\u1eb7c APO\/FPO.<\/p>\n<h2>L\u00e0m c\u00e1ch n\u00e0o \u0111\u1ec3 ki\u1ec3m tra tr\u1ea1ng th\u00e1i \u0111\u01a1n h\u00e0ng c\u1ee7a t\u00f4i?<\/h2>\n<p>Khi \u0111\u01a1n \u0111\u1eb7t h\u00e0ng c\u1ee7a b\u1ea1n \u0111\u00e3 \u0111\u01b0\u1ee3c giao, b\u1ea1n s\u1ebd nh\u1eadn \u0111\u01b0\u1ee3c th\u00f4ng b\u00e1o qua email t\u1eeb ch\u00fang t\u00f4i, trong \u0111\u00f3 s\u1ebd bao g\u1ed3m s\u1ed1 theo d\u00f5i m\u00e0 b\u1ea1n c\u00f3 th\u1ec3 s\u1eed d\u1ee5ng \u0111\u1ec3 ki\u1ec3m tra tr\u1ea1ng th\u00e1i c\u1ee7a \u0111\u01a1n h\u00e0ng. Vui l\u00f2ng \u0111\u1ee3i 48 gi\u1edd \u0111\u1ec3 th\u00f4ng tin theo d\u00f5i c\u00f3 s\u1eb5n.<\/p>\n<p>N\u1ebfu b\u1ea1n ch\u01b0a nh\u1eadn \u0111\u01b0\u1ee3c \u0111\u01a1n \u0111\u1eb7t h\u00e0ng trong v\u00f2ng 30 ng\u00e0y k\u1ec3 t\u1eeb ng\u00e0y nh\u1eadn \u0111\u01b0\u1ee3c email x\u00e1c nh\u1eadn giao h\u00e0ng, vui l\u00f2ng li\u00ean h\u1ec7 v\u1edbi ch\u00fang t\u00f4i qua email k\u00e8m theo t\u00ean v\u00e0 s\u1ed1 \u0111\u01a1n \u0111\u1eb7t h\u00e0ng c\u1ee7a b\u1ea1n, ch\u00fang t\u00f4i s\u1ebd xem x\u00e9t v\u1ea5n \u0111\u1ec1 \u0111\u00f3 cho b\u1ea1n.<\/p>\n<h2>L\u00e0m th\u1ebf n\u00e0o \u0111\u1ec3 t\u00ednh to\u00e1n chi ph\u00ed v\u1eadn chuy\u1ec3n?<\/h2>\n<p>1. Mi\u1ec5n ph\u00ed v\u1eadn chuy\u1ec3n to\u00e0n c\u1ea7u cho c\u00e1c \u0111\u01a1n h\u00e0ng tr\u00ean $50.<br \/>\n2. \u0110\u1ed1i v\u1edbi \u0111\u01a1n h\u00e0ng d\u01b0\u1edbi $50, ph\u00ed v\u1eadn chuy\u1ec3n l\u00e0 $20.<\/p>","protected":false},"excerpt":{"rendered":"<p>Shipping Policy &nbsp; Shipping Time Your order will be processed and shipped within 3-5 working days after we receive the payment.\u00a0Delivery time varies according to different countries and regions, it normally takes 7-30 working days to arrive. Please note that we can not ship packages to P.O. Box or APO\/FPO addresses. How do I check [&hellip;]<\/p>","protected":false},"author":1,"featured_media":0,"parent":0,"menu_order":0,"comment_status":"closed","ping_status":"closed","template":"","meta":{"footnotes":""},"class_list":["post-17371","page","type-page","status-publish","hentry"],"aioseo_notices":[],"aioseo_head":"\n\t\t<!-- All in One SEO Pro 4.6.5 - aioseo.com -->\n\t\t<meta name=\"description\" content=\"Best Smartwatches Buy Online. Your order will be processed and shipped within 2-4 working days after you receive the order confirmation.\" \/>\n\t\t<meta name=\"robots\" content=\"max-image-preview:large\" \/>\n\t\t<link rel=\"canonical\" href=\"http:\/\/www.kieslect.com\/vi\/shipping-policy\/\" \/>\n\t\t<meta name=\"generator\" content=\"All in One SEO Pro (AIOSEO) 4.6.5\" \/>\n\t\t<meta property=\"og:locale\" content=\"vi_VN\" \/>\n\t\t<meta property=\"og:site_name\" content=\"Kieslect - A Trusted Global Provider of Smart Wearable Solution\" \/>\n\t\t<meta property=\"og:type\" content=\"article\" \/>\n\t\t<meta property=\"og:title\" content=\"Shipping Policy - Kieslect Best Smartwatches Buy Online\" \/>\n\t\t<meta property=\"og:description\" content=\"Best Smartwatches Buy Online. Your order will be processed and shipped within 2-4 working days after you receive the order confirmation.\" \/>\n\t\t<meta property=\"og:url\" content=\"http:\/\/www.kieslect.com\/vi\/shipping-policy\/\" \/>\n\t\t<meta property=\"og:image\" content=\"http:\/\/www.kieslect.com\/wp-content\/uploads\/replace\/83a7c94e588d71936bb1ab2a1c752869.jpeg\" \/>\n\t\t<meta property=\"og:image:width\" content=\"300\" \/>\n\t\t<meta property=\"og:image:height\" content=\"169\" \/>\n\t\t<meta property=\"article:published_time\" content=\"2022-09-22T07:28:31+00:00\" \/>\n\t\t<meta property=\"article:modified_time\" content=\"2024-02-26T13:11:10+00:00\" \/>\n\t\t<meta property=\"article:publisher\" content=\"https:\/\/www.facebook.com\/KieslectOfficial\/\" \/>\n\t\t<meta name=\"twitter:card\" content=\"summary_large_image\" \/>\n\t\t<meta name=\"twitter:site\" content=\"@kieslect\" \/>\n\t\t<meta name=\"twitter:title\" content=\"Shipping Policy - Kieslect Best Smartwatches Buy Online\" \/>\n\t\t<meta name=\"twitter:description\" content=\"Best Smartwatches Buy Online. Your order will be processed and shipped within 2-4 working days after you receive the order confirmation.\" \/>\n\t\t<meta name=\"twitter:creator\" content=\"@kieslect\" \/>\n\t\t<meta name=\"twitter:image\" content=\"https:\/\/www.kieslect.com\/wp-content\/uploads\/replace\/83a7c94e588d71936bb1ab2a1c752869.jpeg\" \/>\n\t\t<script type=\"application\/ld+json\" class=\"aioseo-schema\">\n\t\t\t{\"@context\":\"https:\\\/\\\/schema.org\",\"@graph\":[{\"@type\":\"BreadcrumbList\",\"@id\":\"http:\\\/\\\/www.kieslect.com\\\/vi\\\/shipping-policy\\\/#breadcrumblist\",\"itemListElement\":[{\"@type\":\"ListItem\",\"@id\":\"http:\\\/\\\/www.kieslect.com\\\/vi\\\/#listItem\",\"position\":1,\"name\":\"Home\",\"item\":\"http:\\\/\\\/www.kieslect.com\\\/vi\\\/\",\"nextItem\":\"http:\\\/\\\/www.kieslect.com\\\/vi\\\/shipping-policy\\\/#listItem\"},{\"@type\":\"ListItem\",\"@id\":\"http:\\\/\\\/www.kieslect.com\\\/vi\\\/shipping-policy\\\/#listItem\",\"position\":2,\"name\":\"Shipping Policy\",\"previousItem\":\"http:\\\/\\\/www.kieslect.com\\\/vi\\\/#listItem\"}]},{\"@type\":\"Organization\",\"@id\":\"http:\\\/\\\/www.kieslect.com\\\/vi\\\/#organization\",\"name\":\"Kieslect Smartwatch\",\"description\":\"A Trusted Global Provider of Smart Wearable Solution\",\"url\":\"http:\\\/\\\/www.kieslect.com\\\/vi\\\/\",\"logo\":{\"@type\":\"ImageObject\",\"url\":\"https:\\\/\\\/www.kieslect.com\\\/wp-content\\\/uploads\\\/2024\\\/01\\\/Kieslect-Logo-2_1_335x75_crop_center-1.webp\",\"@id\":\"http:\\\/\\\/www.kieslect.com\\\/vi\\\/shipping-policy\\\/#organizationLogo\",\"width\":335,\"height\":75},\"image\":{\"@id\":\"http:\\\/\\\/www.kieslect.com\\\/vi\\\/shipping-policy\\\/#organizationLogo\"},\"sameAs\":[\"https:\\\/\\\/www.facebook.com\\\/KieslectOfficial\\\/\",\"https:\\\/\\\/twitter.com\\\/kieslect\",\"https:\\\/\\\/www.instagram.com\\\/kieslect\\\/\"]},{\"@type\":\"WebPage\",\"@id\":\"http:\\\/\\\/www.kieslect.com\\\/vi\\\/shipping-policy\\\/#webpage\",\"url\":\"http:\\\/\\\/www.kieslect.com\\\/vi\\\/shipping-policy\\\/\",\"name\":\"Shipping Policy - Kieslect Best Smartwatches Buy Online\",\"description\":\"Best Smartwatches Buy Online. Your order will be processed and shipped within 2-4 working days after you receive the order confirmation.\",\"inLanguage\":\"vi\",\"isPartOf\":{\"@id\":\"http:\\\/\\\/www.kieslect.com\\\/vi\\\/#website\"},\"breadcrumb\":{\"@id\":\"http:\\\/\\\/www.kieslect.com\\\/vi\\\/shipping-policy\\\/#breadcrumblist\"},\"datePublished\":\"2022-09-22T07:28:31+08:00\",\"dateModified\":\"2024-02-26T21:11:10+08:00\"},{\"@type\":\"WebSite\",\"@id\":\"http:\\\/\\\/www.kieslect.com\\\/vi\\\/#website\",\"url\":\"http:\\\/\\\/www.kieslect.com\\\/vi\\\/\",\"name\":\"Kieslect\",\"description\":\"A Trusted Global Provider of Smart Wearable Solution\",\"inLanguage\":\"vi\",\"publisher\":{\"@id\":\"http:\\\/\\\/www.kieslect.com\\\/vi\\\/#organization\"}}]}\n\t\t<\/script>\n\t\t<!-- All in One SEO Pro -->\r\n\t\t<title>Shipping Policy - Kieslect Best Smartwatches Buy Online<\/title>\n\n","aioseo_head_json":{"title":"Shipping Policy - Kieslect Best Smartwatches Buy Online","description":"Best Smartwatches Buy Online. Your order will be processed and shipped within 2-4 working days after you receive the order confirmation.","canonical_url":"http:\/\/www.kieslect.com\/vi\/shipping-policy\/","robots":"max-image-preview:large","keywords":"","webmasterTools":{"miscellaneous":""},"og:locale":"vi_VN","og:site_name":"Kieslect - A Trusted Global Provider of Smart Wearable Solution","og:type":"article","og:title":"Shipping Policy - Kieslect Best Smartwatches Buy Online","og:description":"Best Smartwatches Buy Online. Your order will be processed and shipped within 2-4 working days after you receive the order confirmation.","og:url":"http:\/\/www.kieslect.com\/vi\/shipping-policy\/","og:image":"http:\/\/www.kieslect.com\/wp-content\/uploads\/replace\/83a7c94e588d71936bb1ab2a1c752869.jpeg","og:image:width":300,"og:image:height":169,"article:published_time":"2022-09-22T07:28:31+00:00","article:modified_time":"2024-02-26T13:11:10+00:00","article:publisher":"https:\/\/www.facebook.com\/KieslectOfficial\/","twitter:card":"summary_large_image","twitter:site":"@kieslect","twitter:title":"Shipping Policy - Kieslect Best Smartwatches Buy Online","twitter:description":"Best Smartwatches Buy Online. Your order will be processed and shipped within 2-4 working days after you receive the order confirmation.","twitter:creator":"@kieslect","twitter:image":"https:\/\/www.kieslect.com\/wp-content\/uploads\/replace\/83a7c94e588d71936bb1ab2a1c752869.jpeg","schema":{"@context":"https:\/\/schema.org","@graph":[{"@type":"BreadcrumbList","@id":"http:\/\/www.kieslect.com\/vi\/shipping-policy\/#breadcrumblist","itemListElement":[{"@type":"ListItem","@id":"http:\/\/www.kieslect.com\/vi\/#listItem","position":1,"name":"Home","item":"http:\/\/www.kieslect.com\/vi\/","nextItem":"http:\/\/www.kieslect.com\/vi\/shipping-policy\/#listItem"},{"@type":"ListItem","@id":"http:\/\/www.kieslect.com\/vi\/shipping-policy\/#listItem","position":2,"name":"Shipping Policy","previousItem":"http:\/\/www.kieslect.com\/vi\/#listItem"}]},{"@type":"Organization","@id":"http:\/\/www.kieslect.com\/vi\/#organization","name":"Kieslect Smartwatch","description":"A Trusted Global Provider of Smart Wearable Solution","url":"http:\/\/www.kieslect.com\/vi\/","logo":{"@type":"ImageObject","url":"https:\/\/www.kieslect.com\/wp-content\/uploads\/2024\/01\/Kieslect-Logo-2_1_335x75_crop_center-1.webp","@id":"http:\/\/www.kieslect.com\/vi\/shipping-policy\/#organizationLogo","width":335,"height":75},"image":{"@id":"http:\/\/www.kieslect.com\/vi\/shipping-policy\/#organizationLogo"},"sameAs":["https:\/\/www.facebook.com\/KieslectOfficial\/","https:\/\/twitter.com\/kieslect","https:\/\/www.instagram.com\/kieslect\/"]},{"@type":"WebPage","@id":"http:\/\/www.kieslect.com\/vi\/shipping-policy\/#webpage","url":"http:\/\/www.kieslect.com\/vi\/shipping-policy\/","name":"Shipping Policy - Kieslect Best Smartwatches Buy Online","description":"Best Smartwatches Buy Online. Your order will be processed and shipped within 2-4 working days after you receive the order confirmation.","inLanguage":"vi","isPartOf":{"@id":"http:\/\/www.kieslect.com\/vi\/#website"},"breadcrumb":{"@id":"http:\/\/www.kieslect.com\/vi\/shipping-policy\/#breadcrumblist"},"datePublished":"2022-09-22T07:28:31+08:00","dateModified":"2024-02-26T21:11:10+08:00"},{"@type":"WebSite","@id":"http:\/\/www.kieslect.com\/vi\/#website","url":"http:\/\/www.kieslect.com\/vi\/","name":"Kieslect","description":"A Trusted Global Provider of Smart Wearable Solution","inLanguage":"vi","publisher":{"@id":"http:\/\/www.kieslect.com\/vi\/#organization"}}]}},"aioseo_meta_data":{"post_id":"17371","title":"#post_title #separator_sa #site_title Best Smartwatches Buy Online","description":"Best Smartwatches Buy Online. Your order will be processed and shipped within 2-4 working days after you receive the order confirmation.","keywords":[],"keyphrases":"{\"focus\":{\"keyphrase\":\"\",\"score\":0,\"analysis\":{\"keyphraseInTitle\":{\"score\":0,\"maxScore\":9,\"error\":1}}},\"additional\":[]}","primary_term":null,"canonical_url":null,"og_title":null,"og_description":null,"og_object_type":"default","og_image_type":"default","og_image_url":null,"og_image_width":null,"og_image_height":null,"og_image_custom_url":null,"og_image_custom_fields":null,"og_video":"","og_custom_url":null,"og_article_section":null,"og_article_tags":[],"twitter_use_og":false,"twitter_card":"default","twitter_image_type":"default","twitter_image_url":null,"twitter_image_custom_url":null,"twitter_image_custom_fields":null,"twitter_title":null,"twitter_description":null,"schema":{"blockGraphs":[],"customGraphs":[],"default":{"data":{"Article":[],"Course":[],"Dataset":[],"FAQPage":[],"Movie":[],"Person":[],"Product":[],"Recipe":[],"Service":[],"SoftwareApplication":[],"WebPage":[]},"graphName":"WebPage","isEnabled":true},"graphs":[]},"schema_type":"default","schema_type_options":null,"pillar_content":false,"robots_default":true,"robots_noindex":false,"robots_noarchive":false,"robots_nosnippet":false,"robots_nofollow":false,"robots_noimageindex":false,"robots_noodp":false,"robots_notranslate":false,"robots_max_snippet":"-1","robots_max_videopreview":"-1","robots_max_imagepreview":"large","priority":null,"frequency":"default","local_seo":null,"limit_modified_date":false,"created":"2024-02-26 12:21:32","updated":"2024-02-26 21:19:32"},"aioseo_breadcrumb":"<div class=\"aioseo-breadcrumbs\"><span class=\"aioseo-breadcrumb\">\n\t<a href=\"http:\/\/www.kieslect.com\/vi\" title=\"Home\">Home<\/a>\n<\/span><span class=\"aioseo-breadcrumb-separator\">&raquo;<\/span><span class=\"aioseo-breadcrumb\">\n\tShipping Policy\n<\/span><\/div>","aioseo_breadcrumb_json":[{"label":"Home","link":"http:\/\/www.kieslect.com\/vi"},{"label":"Shipping Policy","link":"http:\/\/www.kieslect.com\/vi\/shipping-policy\/"}],"_links":{"self":[{"href":"http:\/\/www.kieslect.com\/vi\/wp-json\/wp\/v2\/pages\/17371","targetHints":{"allow":["GET"]}}],"collection":[{"href":"http:\/\/www.kieslect.com\/vi\/wp-json\/wp\/v2\/pages"}],"about":[{"href":"http:\/\/www.kieslect.com\/vi\/wp-json\/wp\/v2\/types\/page"}],"author":[{"embeddable":true,"href":"http:\/\/www.kieslect.com\/vi\/wp-json\/wp\/v2\/users\/1"}],"replies":[{"embeddable":true,"href":"http:\/\/www.kieslect.com\/vi\/wp-json\/wp\/v2\/comments?post=17371"}],"version-history":[{"count":0,"href":"http:\/\/www.kieslect.com\/vi\/wp-json\/wp\/v2\/pages\/17371\/revisions"}],"wp:attachment":[{"href":"http:\/\/www.kieslect.com\/vi\/wp-json\/wp\/v2\/media?parent=17371"}],"curies":[{"name":"wp","href":"https:\/\/api.w.org\/{rel}","templated":true}]}}