{"id":17195,"date":"2022-09-22T03:48:35","date_gmt":"2022-09-22T03:48:35","guid":{"rendered":"https:\/\/motta.uix.store\/?page_id=17195"},"modified":"2024-05-30T10:18:31","modified_gmt":"2024-05-30T02:18:31","slug":"payment-method","status":"publish","type":"page","link":"http:\/\/www.kieslect.com\/vi\/payment-method\/","title":{"rendered":"Ph\u01b0\u01a1ng th\u1ee9c thanh to\u00e1n"},"content":{"rendered":"<div class=\"article-con-item second-style\">\n<div class=\"article-con-item\">\n<div class=\"item-t title-main\">\n<div class=\"article-con-item second-style\">\n<div class=\"article-con-item\"><\/div>\n<\/div>\n<div class=\"article-con-item\">\n<div class=\"item-p\">\n<div class=\"article-con-item\">\n<div class=\"item-p\">\n<div class=\"article-con-item second-style\">\n<div class=\"article-con-item\">\n<div class=\"item-t title-main\">Thanh to\u00e1n b\u1eb1ng PayPal<\/div>\n<div class=\"item-img2 pay1\"><img decoding=\"async\" class=\"falcon-lazyload\" src=\"\/wp-content\/uploads\/replace\/c9218258e656e0b043d78b99663e5015.png\" alt=\"Payment Method\" data-src=\"\/\/shein.ltwebstatic.com\/advertise\/shein\/www\/images_sheIn\/paie1.png\" data-loaded=\"true\" \/><\/div>\n<div class=\"item-p\">Khi b\u1ea1n \u0111\u1eb7t h\u00e0ng b\u1eb1ng Paypal, b\u1ea1n s\u1ebd \u0111\u01b0\u1ee3c chuy\u1ec3n h\u01b0\u1edbng \u0111\u1ebfn trang thanh to\u00e1n PayPal, n\u01a1i b\u1ea1n c\u00f3 th\u1ec3 x\u00e1c nh\u1eadn kho\u1ea3n thanh to\u00e1n c\u1ee7a m\u00ecnh b\u1eb1ng c\u00e1ch \u0111\u0103ng nh\u1eadp b\u1eb1ng t\u00ean ng\u01b0\u1eddi d\u00f9ng v\u00e0 m\u1eadt kh\u1ea9u PayPal c\u1ee7a b\u1ea1n.<\/div>\n<div class=\"item-p\">B\u1ea1n v\u1eabn c\u00f3 th\u1ec3 thanh to\u00e1n ngay c\u1ea3 khi kh\u00f4ng c\u00f3 t\u00e0i kho\u1ea3n PayPal. \u0110\u1ec3 l\u00e0m nh\u01b0 v\u1eady, vui l\u00f2ng nh\u1ea5p v\u00e0o \u201cThanh to\u00e1n b\u1eb1ng th\u1ebb ghi n\u1ee3\/th\u1ebb t\u00edn d\u1ee5ng\u201d v\u00e0 b\u1ea1n s\u1ebd \u0111\u01b0\u1ee3c chuy\u1ec3n h\u01b0\u1edbng \u0111\u1ebfn m\u1ed9t trang b\u1ea3o m\u1eadt n\u01a1i b\u1ea1n c\u00f3 th\u1ec3 nh\u1eadp th\u00f4ng tin th\u1ebb t\u00edn d\u1ee5ng c\u1ee7a m\u00ecnh ho\u1eb7c ho\u00e0n t\u1ea5t thanh to\u00e1n m\u1ed9t c\u00e1ch an to\u00e0n qua PayPal.<\/div>\n<\/div>\n<div class=\"article-con-item border-top\">\n<div class=\"item-t title-main\">Thanh to\u00e1n b\u1eb1ng th\u1ebb t\u00edn d\u1ee5ng\/th\u1ebb ghi n\u1ee3<\/div>\n<div class=\"item-img2 pay2\"><img decoding=\"async\" class=\"falcon-lazyload\" src=\"\/wp-content\/uploads\/replace\/7df4ac6747526334657d67261b39d9ae.png\" alt=\"Payment Method\" data-src=\"\/\/img.ltwebstatic.com\/images3_acp\/2021\/04\/09\/161793311589a2694cadea2884d760ac0901d89b9e.jpg\" data-loaded=\"true\" \/>\u00a0<img decoding=\"async\" class=\"falcon-lazyload\" src=\"\/wp-content\/uploads\/replace\/2738955150fed79e7787f6aa714f68e8.png\" alt=\"Payment Method\" data-src=\"\/\/sheinsz.ltwebstatic.com\/image\/card\/n-3-mastercard_vf9b0f97.png?v=shein_364\" data-loaded=\"true\" \/>\u00a0<img decoding=\"async\" class=\"falcon-lazyload\" src=\"\/wp-content\/uploads\/replace\/3eed35488853261a5e70023354a25005.png\" alt=\"Payment Method\" data-src=\"\/\/sheinsz.ltwebstatic.com\/image\/card\/n-8-maestro_v781c6fd.png?v=shein_364\" data-loaded=\"true\" \/>\u00a0<img decoding=\"async\" class=\"falcon-lazyload\" src=\"\/wp-content\/uploads\/replace\/0267c966ffb03213f48e438d36a08aaf.png\" alt=\"Payment Method\" data-src=\"\/\/sheinsz.ltwebstatic.com\/image\/card\/n-7-american-express_vb186b55.png?v=shein_364\" data-loaded=\"true\" \/>\u00a0<img decoding=\"async\" class=\"falcon-lazyload\" src=\"\/wp-content\/uploads\/replace\/f5c1583f35c15104d2998185ce5074ab.png\" alt=\"Payment Method\" data-src=\"\/\/img.ltwebstatic.com\/images3_acp\/2021\/08\/19\/1629343664a9b987cce8a5544d5542a818ccd75f43.png\" data-loaded=\"true\" \/><\/div>\n<div class=\"item-p\">C\u00e1c t\u00f9y ch\u1ecdn th\u1ebb t\u00edn d\u1ee5ng c\u00f3 s\u1eb5n \u0111\u01b0\u1ee3c li\u1ec7t k\u00ea \u1edf tr\u00ean. C\u00e1c c\u00f4ng ty th\u1ebb t\u00edn d\u1ee5ng \u0111\u01b0\u1ee3c li\u1ec7t k\u00ea \u1edf tr\u00ean l\u00e0 nh\u1eefng th\u1ebb t\u00edn d\u1ee5ng \u0111\u01b0\u1ee3c s\u1eed d\u1ee5ng ph\u1ed5 bi\u1ebfn nh\u1ea5t tr\u00ean trang web n\u00e0y. \u0110\u1eebng lo l\u1eafng n\u1ebfu c\u00f4ng ty th\u1ebb t\u00edn d\u1ee5ng c\u1ee7a b\u1ea1n kh\u00f4ng \u0111\u01b0\u1ee3c li\u1ec7t k\u00ea, ch\u00fang t\u00f4i khuy\u1ebfn kh\u00edch b\u1ea1n ti\u1ebfp t\u1ee5c v\u00e0 mua h\u00e0ng.<\/div>\n<div class=\"item-p\">Xin l\u01b0u \u00fd r\u1eb1ng Kieslect kh\u00f4ng thu th\u1eadp s\u1ed1 th\u1ebb t\u00edn d\u1ee5ng\/th\u1ebb ghi n\u1ee3 ho\u1eb7c th\u00f4ng tin c\u00e1 nh\u00e2n c\u1ee7a b\u1ea1n khi b\u1ea1n thanh to\u00e1n. \u0110\u1ed1i v\u1edbi c\u00e1c c\u00e2u h\u1ecfi li\u00ean quan \u0111\u1ebfn giao d\u1ecbch c\u1ee7a b\u1ea1n tr\u00ean trang web c\u1ee7a ch\u00fang t\u00f4i, vui l\u00f2ng li\u00ean h\u1ec7 v\u1edbi ng\u00e2n h\u00e0ng ph\u00e1t h\u00e0nh th\u1ebb c\u1ee7a b\u1ea1n \u0111\u1ec3 bi\u1ebft th\u00f4ng tin.<\/div>\n<\/div>\n<div class=\"article-con-item border-top\">\n<div class=\"item-t title-main\">Thanh to\u00e1n b\u1eb1ng v\u00ed \u0111i\u1ec7n t\u1eed<\/div>\n<div class=\"item-img2 pay2\"><img decoding=\"async\" class=\"falcon-lazyload\" src=\"\/wp-content\/uploads\/replace\/23c4f77b8046ce9fc790c1a227674f3e.png\" alt=\"Payment Method\" data-src=\"\/\/img.ltwebstatic.com\/images3_acp\/2020\/12\/23\/1608691262541d59161a4d505e72e480dab4614abd.png\" data-loaded=\"true\" \/><\/div>\n<div class=\"item-p\">GrabPay l\u00e0 t\u00f9y ch\u1ecdn thanh to\u00e1n b\u1eb1ng v\u00ed k\u1ef9 thu\u1eadt s\u1ed1 d\u00e0nh cho kh\u00e1ch h\u00e0ng Malaysia, Philippines v\u00e0 Singapore. B\u1ea1n s\u1ebd th\u1ef1c hi\u1ec7n thanh to\u00e1n trong \u1ee9ng d\u1ee5ng b\u1eb1ng v\u00ed GrabPay li\u00ean k\u1ebft v\u1edbi th\u1ebb t\u00edn d\u1ee5ng ho\u1eb7c th\u1ebb ghi n\u1ee3 c\u1ee7a b\u1ea1n.<\/div>\n<div class=\"item-p\">\u0110\u1ec3 thanh to\u00e1n b\u1eb1ng GrabPay, b\u1ea1n s\u1ebd \u0111\u01b0\u1ee3c chuy\u1ec3n h\u01b0\u1edbng \u0111\u1ebfn trang \u0111\u0103ng nh\u1eadp GrabPay t\u1eeb trang web ho\u1eb7c \u1ee9ng d\u1ee5ng c\u1ee7a b\u1ea1n. Ng\u01b0\u1eddi mua h\u00e0ng x\u00e1c th\u1ef1c b\u1eb1ng s\u1ed1 \u0111i\u1ec7n tho\u1ea1i c\u1ee7a b\u1ea1n v\u00e0 m\u1eadt kh\u1ea9u m\u1ed9t l\u1ea7n m\u00e0 b\u1ea1n nh\u1eadn \u0111\u01b0\u1ee3c t\u1eeb Grab tr\u00ean \u0111i\u1ec7n tho\u1ea1i, sau \u0111\u00f3 x\u00e1c nh\u1eadn thanh to\u00e1n.<\/div>\n<\/div>\n<div class=\"article-con-item border-top\">\n<div class=\"item-t title-main\">Thanh to\u00e1n b\u1eb1ng Atome<\/div>\n<div class=\"item-img2 pay2\"><img decoding=\"async\" class=\"falcon-lazyload\" src=\"\/wp-content\/uploads\/replace\/f930c8a3231d8444d7fe50e2ddb08613.png\" alt=\"Payment Method\" data-src=\"\/\/img.ltwebstatic.com\/images3_acp\/2021\/06\/08\/16231354765bcb8e3faac54bf927347ad7f39e1622.png\" data-loaded=\"true\" \/><\/div>\n<div class=\"item-p\">Atome l\u00e0 t\u00f9y ch\u1ecdn thanh to\u00e1n \u201cmua ngay, tr\u1ea3 sau\u201d d\u00e0nh cho kh\u00e1ch h\u00e0ng Singapore, chia h\u00f3a \u0111\u01a1n c\u1ee7a b\u1ea1n th\u00e0nh ba kho\u1ea3n thanh to\u00e1n b\u1eb1ng nhau trong hai th\u00e1ng. Atome kh\u00f4ng t\u00ednh l\u00e3i v\u00e0 kh\u00f4ng ph\u00ed d\u1ecbch v\u1ee5.<\/div>\n<div class=\"item-p\">Ch\u1ecdn Atome l\u00e0m t\u00f9y ch\u1ecdn thanh to\u00e1n khi b\u1ea1n thanh to\u00e1n. B\u1ea1n thanh to\u00e1n 1\/3 t\u1ed5ng h\u00f3a \u0111\u01a1n ngay t\u1ea1i ch\u1ed7. Kho\u1ea3n thanh to\u00e1n th\u1ee9 hai s\u1ebd \u0111\u1ebfn h\u1ea1n sau 30 ng\u00e0y v\u00e0 kho\u1ea3n thanh to\u00e1n th\u1ee9 ba v\u00e0o th\u00e1ng ti\u1ebfp theo.<\/div>\n<\/div>\n<\/div>\n<div class=\"article-con-item\">\n<div class=\"item-t title-main\">\u201cM\u00e3 phi\u1ebfu gi\u1ea3m gi\u00e1\u201d v\u00e0 \u201c\u0110i\u1ec3m th\u01b0\u1edfng\u201d<\/div>\n<div class=\"item-p\">B\u1ea1n c\u00f3 th\u1ec3 \u00e1p d\u1ee5ng phi\u1ebfu gi\u1ea3m gi\u00e1 v\u00e0 \u0111i\u1ec3m th\u01b0\u1edfng cho \u0111\u01a1n h\u00e0ng c\u1ee7a m\u00ecnh khi thanh to\u00e1n. Khi b\u1ea1n \u0111\u00e3 nh\u1eadp m\u00e3 phi\u1ebfu gi\u1ea3m gi\u00e1 v\u00e0 \u0110i\u1ec3m Kieslect, h\u00e3y nh\u1ea5p v\u00e0o \u201c\u00e1p d\u1ee5ng\u201d v\u00e0 m\u1ee9c gi\u1ea3m gi\u00e1 s\u1ebd t\u1ef1 \u0111\u1ed9ng \u0111i\u1ec1u ch\u1ec9nh t\u1ed5ng \u0111\u01a1n h\u00e0ng c\u1ee7a b\u1ea1n. Xin l\u01b0u \u00fd r\u1eb1ng n\u1ebfu b\u1ea1n kh\u00f4ng nh\u1ea5p v\u00e0o &quot;\u00e1p d\u1ee5ng&quot; tr\u01b0\u1edbc khi ti\u1ebfp t\u1ee5c thanh to\u00e1n, t\u1ed5ng \u0111\u01a1n h\u00e0ng c\u1ee7a b\u1ea1n s\u1ebd kh\u00f4ng ph\u1ea3n \u00e1nh phi\u1ebfu gi\u1ea3m gi\u00e1 v\u00e0 chi\u1ebft kh\u1ea5u \u0110i\u1ec3m th\u01b0\u1edfng.<\/div>\n<div class=\"item-notes-list\">\n<div class=\"notes\">L\u01afU \u00dd:<\/div>\n<ul>\n<li>Vui l\u00f2ng \u0111\u1ea3m b\u1ea3o r\u1eb1ng b\u1ea1n nh\u1eadp m\u00e3 phi\u1ebfu gi\u1ea3m gi\u00e1 ch\u00ednh x\u00e1c nh\u01b0 b\u1ea1n \u0111\u00e3 nh\u1eadn \u0111\u01b0\u1ee3c, kh\u00f4ng c\u00f3 kho\u1ea3ng tr\u1ed1ng tr\u01b0\u1edbc, trong ho\u1eb7c sau m\u00e3. \u0110\u1ec3 tr\u00e1nh sai s\u00f3t, ch\u00fang t\u00f4i khuy\u00ean b\u1ea1n n\u00ean sao ch\u00e9p\/d\u00e1n m\u00e3 khuy\u1ebfn m\u1ea1i b\u1ea1n \u0111\u00e3 nh\u1eadn \u0111\u01b0\u1ee3c.<\/li>\n<li>Phi\u1ebfu gi\u1ea3m gi\u00e1 kh\u00f4ng th\u1ec3 \u0111\u01b0\u1ee3c k\u1ebft h\u1ee3p. B\u1ea1n ch\u1ec9 c\u00f3 th\u1ec3 s\u1eed d\u1ee5ng m\u1ed9t m\u00e3 phi\u1ebfu gi\u1ea3m gi\u00e1 cho m\u1ed7i \u0111\u01a1n h\u00e0ng.<\/li>\n<li>Phi\u1ebfu gi\u1ea3m gi\u00e1 ph\u1ea3i tu\u00e2n theo c\u00e1c \u0111i\u1ec1u kho\u1ea3n cung c\u1ea5p. \u0110i\u1ec1u n\u00e0y lo\u1ea1i tr\u1eeb m\u1ed9t s\u1ed1 m\u1eb7t h\u00e0ng tr\u00ean trang web c\u1ee7a ch\u00fang t\u00f4i kh\u00f4ng \u0111\u1ee7 \u0111i\u1ec1u ki\u1ec7n \u0111\u1ec3 \u0111\u01b0\u1ee3c gi\u1ea3m gi\u00e1 b\u1eb1ng phi\u1ebfu gi\u1ea3m gi\u00e1.<\/li>\n<li>B\u1ea1n c\u00f3 th\u1ec3 thanh to\u00e1n l\u00ean t\u1edbi 70% cho giao d\u1ecbch mua h\u00e0ng c\u1ee7a m\u00ecnh b\u1eb1ng \u0111i\u1ec3m th\u01b0\u1edfng khi thanh to\u00e1n. H\u00e3y nh\u1edb r\u1eb1ng 100 \u0111i\u1ec3m = $1.<\/li>\n<\/ul>\n<\/div>\n<\/div>\n<div class=\"article-con-item\">\n<div class=\"item-t title-main\">Ti\u1ec1n t\u1ec7<\/div>\n<div class=\"item-p\">Lo\u1ea1i ti\u1ec1n b\u1ea1n thanh to\u00e1n \u0111\u01b0\u1ee3c x\u00e1c \u0111\u1ecbnh b\u1edfi qu\u1ed1c gia n\u01a1i b\u1ea1n thanh to\u00e1n v\u00e0 ph\u01b0\u01a1ng th\u1ee9c thanh to\u00e1n b\u1ea1n ch\u1ecdn. B\u1ea1n c\u00f3 th\u1ec3 thay \u0111\u1ed5i lo\u1ea1i ti\u1ec1n m\u1eb7c \u0111\u1ecbnh b\u1eb1ng c\u00e1ch nh\u1ea5p v\u00e0o g\u00f3c tr\u00ean b\u00ean ph\u1ea3i c\u1ee7a trang web Kieslect v\u00e0 ch\u1ecdn lo\u1ea1i ti\u1ec1n b\u1ea1n mu\u1ed1n thanh to\u00e1n.<\/div>\n<\/div>\n<\/div>\n<\/div>\n<\/div>\n<\/div>\n<\/div>\n<\/div>\n<\/div>\n<div class=\"article-con-item\">\n<div class=\"item-p\"><\/div>\n<\/div>","protected":false},"excerpt":{"rendered":"<p>Thanh to\u00e1n b\u1eb1ng Paypal Khi b\u1ea1n \u0111\u1eb7t h\u00e0ng b\u1eb1ng Paypal, b\u1ea1n s\u1ebd \u0111\u01b0\u1ee3c chuy\u1ec3n h\u01b0\u1edbng \u0111\u1ebfn trang thanh to\u00e1n PayPal, n\u01a1i b\u1ea1n c\u00f3 th\u1ec3 x\u00e1c nh\u1eadn thanh to\u00e1n c\u1ee7a m\u00ecnh b\u1eb1ng c\u00e1ch \u0111\u0103ng nh\u1eadp b\u1eb1ng t\u00ean ng\u01b0\u1eddi d\u00f9ng v\u00e0 m\u1eadt kh\u1ea9u PayPal c\u1ee7a b\u1ea1n. B\u1ea1n v\u1eabn c\u00f3 th\u1ec3 thanh to\u00e1n ngay c\u1ea3 khi kh\u00f4ng c\u00f3 t\u00e0i kho\u1ea3n PayPal. \u0110\u1ec3 l\u00e0m nh\u01b0 v\u1eady, vui l\u00f2ng nh\u1ea5p v\u00e0o \u201cThanh to\u00e1n b\u1eb1ng th\u1ebb ghi n\u1ee3\/th\u1ebb t\u00edn d\u1ee5ng\u201d v\u00e0 [\u2026]<\/p>","protected":false},"author":1,"featured_media":0,"parent":0,"menu_order":0,"comment_status":"closed","ping_status":"closed","template":"","meta":{"footnotes":""},"class_list":["post-17195","page","type-page","status-publish","hentry"],"aioseo_notices":[],"aioseo_head":"\n\t\t<!-- All in One SEO Pro 4.6.5 - aioseo.com -->\n\t\t<meta name=\"description\" content=\"Best Smartwatches Buy Online currently accept Paypal, Visa, Master Card, Apple Pay, Google Pay, Alipay, Gcash, Kakao Pay, Discover and Diners payments.\" \/>\n\t\t<meta name=\"robots\" content=\"max-image-preview:large\" \/>\n\t\t<link rel=\"canonical\" href=\"http:\/\/www.kieslect.com\/vi\/payment-method\/\" \/>\n\t\t<meta name=\"generator\" content=\"All in One SEO Pro (AIOSEO) 4.6.5\" \/>\n\t\t<meta property=\"og:locale\" content=\"vi_VN\" \/>\n\t\t<meta property=\"og:site_name\" content=\"Kieslect - A Trusted Global Provider of Smart Wearable Solution\" \/>\n\t\t<meta property=\"og:type\" content=\"article\" \/>\n\t\t<meta property=\"og:title\" content=\"Payment Method - Best Smartwatches Buy Online\" \/>\n\t\t<meta property=\"og:description\" content=\"Best Smartwatches Buy Online currently accept Paypal, Visa, Master Card, Apple Pay, Google Pay, Alipay, Gcash, Kakao Pay, Discover and Diners payments.\" \/>\n\t\t<meta property=\"og:url\" content=\"http:\/\/www.kieslect.com\/vi\/payment-method\/\" \/>\n\t\t<meta property=\"og:image\" content=\"http:\/\/www.kieslect.com\/wp-content\/uploads\/replace\/83a7c94e588d71936bb1ab2a1c752869.jpeg\" \/>\n\t\t<meta property=\"og:image:width\" content=\"300\" \/>\n\t\t<meta property=\"og:image:height\" content=\"169\" \/>\n\t\t<meta property=\"article:published_time\" content=\"2022-09-22T03:48:35+00:00\" \/>\n\t\t<meta property=\"article:modified_time\" content=\"2024-05-30T02:18:31+00:00\" \/>\n\t\t<meta property=\"article:publisher\" content=\"https:\/\/www.facebook.com\/KieslectOfficial\/\" \/>\n\t\t<meta name=\"twitter:card\" content=\"summary_large_image\" \/>\n\t\t<meta name=\"twitter:site\" content=\"@kieslect\" \/>\n\t\t<meta name=\"twitter:title\" content=\"Payment Method - Best Smartwatches Buy Online\" \/>\n\t\t<meta name=\"twitter:description\" content=\"Best Smartwatches Buy Online currently accept Paypal, Visa, Master Card, Apple Pay, Google Pay, Alipay, Gcash, Kakao Pay, Discover and Diners payments.\" \/>\n\t\t<meta name=\"twitter:creator\" content=\"@kieslect\" \/>\n\t\t<meta name=\"twitter:image\" content=\"https:\/\/www.kieslect.com\/wp-content\/uploads\/replace\/83a7c94e588d71936bb1ab2a1c752869.jpeg\" \/>\n\t\t<script type=\"application\/ld+json\" class=\"aioseo-schema\">\n\t\t\t{\"@context\":\"https:\\\/\\\/schema.org\",\"@graph\":[{\"@type\":\"BreadcrumbList\",\"@id\":\"http:\\\/\\\/www.kieslect.com\\\/vi\\\/payment-method\\\/#breadcrumblist\",\"itemListElement\":[{\"@type\":\"ListItem\",\"@id\":\"http:\\\/\\\/www.kieslect.com\\\/vi\\\/#listItem\",\"position\":1,\"name\":\"Home\",\"item\":\"http:\\\/\\\/www.kieslect.com\\\/vi\\\/\",\"nextItem\":\"http:\\\/\\\/www.kieslect.com\\\/vi\\\/payment-method\\\/#listItem\"},{\"@type\":\"ListItem\",\"@id\":\"http:\\\/\\\/www.kieslect.com\\\/vi\\\/payment-method\\\/#listItem\",\"position\":2,\"name\":\"Payment Method\",\"previousItem\":\"http:\\\/\\\/www.kieslect.com\\\/vi\\\/#listItem\"}]},{\"@type\":\"Organization\",\"@id\":\"http:\\\/\\\/www.kieslect.com\\\/vi\\\/#organization\",\"name\":\"Kieslect Smartwatch\",\"description\":\"A Trusted Global Provider of Smart Wearable Solution\",\"url\":\"http:\\\/\\\/www.kieslect.com\\\/vi\\\/\",\"logo\":{\"@type\":\"ImageObject\",\"url\":\"https:\\\/\\\/www.kieslect.com\\\/wp-content\\\/uploads\\\/2024\\\/01\\\/Kieslect-Logo-2_1_335x75_crop_center-1.webp\",\"@id\":\"http:\\\/\\\/www.kieslect.com\\\/vi\\\/payment-method\\\/#organizationLogo\",\"width\":335,\"height\":75},\"image\":{\"@id\":\"http:\\\/\\\/www.kieslect.com\\\/vi\\\/payment-method\\\/#organizationLogo\"},\"sameAs\":[\"https:\\\/\\\/www.facebook.com\\\/KieslectOfficial\\\/\",\"https:\\\/\\\/twitter.com\\\/kieslect\",\"https:\\\/\\\/www.instagram.com\\\/kieslect\\\/\"]},{\"@type\":\"WebPage\",\"@id\":\"http:\\\/\\\/www.kieslect.com\\\/vi\\\/payment-method\\\/#webpage\",\"url\":\"http:\\\/\\\/www.kieslect.com\\\/vi\\\/payment-method\\\/\",\"name\":\"Payment Method - Best Smartwatches Buy Online\",\"description\":\"Best Smartwatches Buy Online currently accept Paypal, Visa, Master Card, Apple Pay, Google Pay, Alipay, Gcash, Kakao Pay, Discover and Diners payments.\",\"inLanguage\":\"vi\",\"isPartOf\":{\"@id\":\"http:\\\/\\\/www.kieslect.com\\\/vi\\\/#website\"},\"breadcrumb\":{\"@id\":\"http:\\\/\\\/www.kieslect.com\\\/vi\\\/payment-method\\\/#breadcrumblist\"},\"datePublished\":\"2022-09-22T03:48:35+08:00\",\"dateModified\":\"2024-05-30T10:18:31+08:00\"},{\"@type\":\"WebSite\",\"@id\":\"http:\\\/\\\/www.kieslect.com\\\/vi\\\/#website\",\"url\":\"http:\\\/\\\/www.kieslect.com\\\/vi\\\/\",\"name\":\"Kieslect\",\"description\":\"A Trusted Global Provider of Smart Wearable Solution\",\"inLanguage\":\"vi\",\"publisher\":{\"@id\":\"http:\\\/\\\/www.kieslect.com\\\/vi\\\/#organization\"}}]}\n\t\t<\/script>\n\t\t<!-- All in One SEO Pro -->\r\n\t\t<title>Payment Method - Best Smartwatches Buy Online<\/title>\n\n","aioseo_head_json":{"title":"Payment Method - Best Smartwatches Buy Online","description":"Best Smartwatches Buy Online currently accept Paypal, Visa, Master Card, Apple Pay, Google Pay, Alipay, Gcash, Kakao Pay, Discover and Diners payments.","canonical_url":"http:\/\/www.kieslect.com\/vi\/payment-method\/","robots":"max-image-preview:large","keywords":"","webmasterTools":{"miscellaneous":""},"og:locale":"vi_VN","og:site_name":"Kieslect - A Trusted Global Provider of Smart Wearable Solution","og:type":"article","og:title":"Payment Method - Best Smartwatches Buy Online","og:description":"Best Smartwatches Buy Online currently accept Paypal, Visa, Master Card, Apple Pay, Google Pay, Alipay, Gcash, Kakao Pay, Discover and Diners payments.","og:url":"http:\/\/www.kieslect.com\/vi\/payment-method\/","og:image":"http:\/\/www.kieslect.com\/wp-content\/uploads\/replace\/83a7c94e588d71936bb1ab2a1c752869.jpeg","og:image:width":300,"og:image:height":169,"article:published_time":"2022-09-22T03:48:35+00:00","article:modified_time":"2024-05-30T02:18:31+00:00","article:publisher":"https:\/\/www.facebook.com\/KieslectOfficial\/","twitter:card":"summary_large_image","twitter:site":"@kieslect","twitter:title":"Payment Method - Best Smartwatches Buy Online","twitter:description":"Best Smartwatches Buy Online currently accept Paypal, Visa, Master Card, Apple Pay, Google Pay, Alipay, Gcash, Kakao Pay, Discover and Diners payments.","twitter:creator":"@kieslect","twitter:image":"https:\/\/www.kieslect.com\/wp-content\/uploads\/replace\/83a7c94e588d71936bb1ab2a1c752869.jpeg","schema":{"@context":"https:\/\/schema.org","@graph":[{"@type":"BreadcrumbList","@id":"http:\/\/www.kieslect.com\/vi\/payment-method\/#breadcrumblist","itemListElement":[{"@type":"ListItem","@id":"http:\/\/www.kieslect.com\/vi\/#listItem","position":1,"name":"Home","item":"http:\/\/www.kieslect.com\/vi\/","nextItem":"http:\/\/www.kieslect.com\/vi\/payment-method\/#listItem"},{"@type":"ListItem","@id":"http:\/\/www.kieslect.com\/vi\/payment-method\/#listItem","position":2,"name":"Payment Method","previousItem":"http:\/\/www.kieslect.com\/vi\/#listItem"}]},{"@type":"Organization","@id":"http:\/\/www.kieslect.com\/vi\/#organization","name":"Kieslect Smartwatch","description":"A Trusted Global Provider of Smart Wearable Solution","url":"http:\/\/www.kieslect.com\/vi\/","logo":{"@type":"ImageObject","url":"https:\/\/www.kieslect.com\/wp-content\/uploads\/2024\/01\/Kieslect-Logo-2_1_335x75_crop_center-1.webp","@id":"http:\/\/www.kieslect.com\/vi\/payment-method\/#organizationLogo","width":335,"height":75},"image":{"@id":"http:\/\/www.kieslect.com\/vi\/payment-method\/#organizationLogo"},"sameAs":["https:\/\/www.facebook.com\/KieslectOfficial\/","https:\/\/twitter.com\/kieslect","https:\/\/www.instagram.com\/kieslect\/"]},{"@type":"WebPage","@id":"http:\/\/www.kieslect.com\/vi\/payment-method\/#webpage","url":"http:\/\/www.kieslect.com\/vi\/payment-method\/","name":"Payment Method - Best Smartwatches Buy Online","description":"Best Smartwatches Buy Online currently accept Paypal, Visa, Master Card, Apple Pay, Google Pay, Alipay, Gcash, Kakao Pay, Discover and Diners payments.","inLanguage":"vi","isPartOf":{"@id":"http:\/\/www.kieslect.com\/vi\/#website"},"breadcrumb":{"@id":"http:\/\/www.kieslect.com\/vi\/payment-method\/#breadcrumblist"},"datePublished":"2022-09-22T03:48:35+08:00","dateModified":"2024-05-30T10:18:31+08:00"},{"@type":"WebSite","@id":"http:\/\/www.kieslect.com\/vi\/#website","url":"http:\/\/www.kieslect.com\/vi\/","name":"Kieslect","description":"A Trusted Global Provider of Smart Wearable Solution","inLanguage":"vi","publisher":{"@id":"http:\/\/www.kieslect.com\/vi\/#organization"}}]}},"aioseo_meta_data":{"post_id":"17195","title":"#post_title #separator_sa Best Smartwatches Buy Online","description":"Best Smartwatches Buy Online currently accept Paypal, Visa, Master Card, Apple Pay, Google Pay, Alipay, Gcash, Kakao Pay, Discover and Diners payments.","keywords":[],"keyphrases":"{\"focus\":{\"keyphrase\":\"\",\"score\":0,\"analysis\":{\"keyphraseInTitle\":{\"score\":0,\"maxScore\":9,\"error\":1}}},\"additional\":[]}","primary_term":null,"canonical_url":null,"og_title":null,"og_description":null,"og_object_type":"default","og_image_type":"default","og_image_url":null,"og_image_width":null,"og_image_height":null,"og_image_custom_url":null,"og_image_custom_fields":null,"og_video":"","og_custom_url":null,"og_article_section":null,"og_article_tags":[],"twitter_use_og":false,"twitter_card":"default","twitter_image_type":"default","twitter_image_url":null,"twitter_image_custom_url":null,"twitter_image_custom_fields":null,"twitter_title":null,"twitter_description":null,"schema":{"blockGraphs":[],"customGraphs":[],"default":{"data":{"Article":[],"Course":[],"Dataset":[],"FAQPage":[],"Movie":[],"Person":[],"Product":[],"Recipe":[],"Service":[],"SoftwareApplication":[],"WebPage":[]},"graphName":"WebPage","isEnabled":true},"graphs":[]},"schema_type":"default","schema_type_options":null,"pillar_content":false,"robots_default":true,"robots_noindex":false,"robots_noarchive":false,"robots_nosnippet":false,"robots_nofollow":false,"robots_noimageindex":false,"robots_noodp":false,"robots_notranslate":false,"robots_max_snippet":"-1","robots_max_videopreview":"-1","robots_max_imagepreview":"large","priority":null,"frequency":"default","local_seo":null,"limit_modified_date":false,"created":"2024-02-26 12:21:32","updated":"2024-05-30 02:18:50"},"aioseo_breadcrumb":"<div class=\"aioseo-breadcrumbs\"><span class=\"aioseo-breadcrumb\">\n\t<a href=\"http:\/\/www.kieslect.com\/vi\" title=\"Home\">Home<\/a>\n<\/span><span class=\"aioseo-breadcrumb-separator\">&raquo;<\/span><span class=\"aioseo-breadcrumb\">\n\tPayment Method\n<\/span><\/div>","aioseo_breadcrumb_json":[{"label":"Home","link":"http:\/\/www.kieslect.com\/vi"},{"label":"Payment Method","link":"http:\/\/www.kieslect.com\/vi\/payment-method\/"}],"_links":{"self":[{"href":"http:\/\/www.kieslect.com\/vi\/wp-json\/wp\/v2\/pages\/17195","targetHints":{"allow":["GET"]}}],"collection":[{"href":"http:\/\/www.kieslect.com\/vi\/wp-json\/wp\/v2\/pages"}],"about":[{"href":"http:\/\/www.kieslect.com\/vi\/wp-json\/wp\/v2\/types\/page"}],"author":[{"embeddable":true,"href":"http:\/\/www.kieslect.com\/vi\/wp-json\/wp\/v2\/users\/1"}],"replies":[{"embeddable":true,"href":"http:\/\/www.kieslect.com\/vi\/wp-json\/wp\/v2\/comments?post=17195"}],"version-history":[{"count":0,"href":"http:\/\/www.kieslect.com\/vi\/wp-json\/wp\/v2\/pages\/17195\/revisions"}],"wp:attachment":[{"href":"http:\/\/www.kieslect.com\/vi\/wp-json\/wp\/v2\/media?parent=17195"}],"curies":[{"name":"wp","href":"https:\/\/api.w.org\/{rel}","templated":true}]}}