{"id":23747,"date":"2024-01-16T11:47:49","date_gmt":"2024-01-16T11:47:49","guid":{"rendered":"http:\/\/www.kieslect.com\/?post_type=product&#038;p=23747"},"modified":"2026-04-22T22:48:53","modified_gmt":"2026-04-22T14:48:53","slug":"kieslect-smart-calling-watch-kr","status":"publish","type":"product","link":"http:\/\/www.kieslect.com\/tr\/urun\/kieslect-smart-calling-watch-kr\/","title":{"rendered":"Kieslect Ak\u0131ll\u0131 Arama Saati Kr"},"content":{"rendered":"<p><img fetchpriority=\"high\" decoding=\"async\" title=\"KieslectKr-ak\u0131ll\u0131 saat\" src=\"\/wp-content\/uploads\/replace\/27495049811fd34e69058871c11e3323.jpeg\" alt=\"KieslectKr-smartwatch\" width=\"1920\" height=\"1670\" \/><img decoding=\"async\" title=\"KieslectKr-ak\u0131ll\u0131 saat_1\" src=\"\/wp-content\/uploads\/replace\/451f411e6d946323683970e4188073d9.jpeg\" alt=\"KieslectKr-smartwatch_1\" width=\"1920\" height=\"1483\" \/><img decoding=\"async\" title=\"KieslectKr-ak\u0131ll\u0131 saat_2\" src=\"\/wp-content\/uploads\/replace\/242b9a480d473c2037c0286b3b8d120d.jpeg\" alt=\"KieslectKr-smartwatch_2\" width=\"1920\" height=\"1513\" \/><img loading=\"lazy\" decoding=\"async\" title=\"Krblack_2\" src=\"\/wp-content\/uploads\/replace\/400cb83c47968aee19f3d86388bb081f.jpeg\" alt=\"Krblack_2\" width=\"1920\" height=\"1697\" \/><img loading=\"lazy\" decoding=\"async\" title=\"Krblack_1\" src=\"\/wp-content\/uploads\/replace\/f2f620ca90196def8b014a9f209cc559.jpeg\" alt=\"Krblack_1\" width=\"1920\" height=\"1760\" \/><img loading=\"lazy\" decoding=\"async\" title=\"KieslectKr-smartwatch_5\" src=\"\/wp-content\/uploads\/replace\/4ab858a409f9536a5688d5cd3e77d502.jpeg\" alt=\"KieslectKr-smartwatch_5\" width=\"1920\" height=\"1605\" \/><img loading=\"lazy\" decoding=\"async\" title=\"KieslectKr-smartwatch_6\" src=\"\/wp-content\/uploads\/replace\/f4e1af0505582eea06652f70bf25069c.jpeg\" alt=\"KieslectKr-smartwatch_6\" width=\"1920\" height=\"1737\" \/><img loading=\"lazy\" decoding=\"async\" title=\"Krblack_3\" src=\"\/wp-content\/uploads\/replace\/e267f16f7758644b84aa35c4eb6421c4.jpeg\" alt=\"Krblack_3\" width=\"1920\" height=\"1705\" \/><img loading=\"lazy\" decoding=\"async\" title=\"KieslectKr-ak\u0131ll\u0131 saat_9\" src=\"\/wp-content\/uploads\/replace\/292b0e187d58029544af76fce6ed8417.jpeg\" alt=\"KieslectKr-smartwatch_9\" width=\"1920\" height=\"1780\" \/><img loading=\"lazy\" decoding=\"async\" title=\"KieslectKr-smartwatch_10\" src=\"\/wp-content\/uploads\/replace\/7daff6e77f512007132cd5f3ce5bc796.jpeg\" alt=\"KieslectKr-smartwatch_10\" width=\"1920\" height=\"2150\" \/><img loading=\"lazy\" decoding=\"async\" title=\"KieslectKr-ak\u0131ll\u0131 saat_11\" src=\"\/wp-content\/uploads\/replace\/c31c05fb1d34a3bf59c31a3967e3c117.jpeg\" alt=\"KieslectKr-smartwatch_11\" width=\"1920\" height=\"940\" \/><img loading=\"lazy\" decoding=\"async\" title=\"KieslectKr-ak\u0131ll\u0131 saat_12\" src=\"\/wp-content\/uploads\/replace\/39723d20f51a11837c4e4beac2bdddc0.jpeg\" alt=\"KieslectKr-smartwatch_12\" width=\"1920\" height=\"985\" \/><img loading=\"lazy\" decoding=\"async\" title=\"KieslectKr-ak\u0131ll\u0131 saat_13\" src=\"\/wp-content\/uploads\/replace\/22430ee9286faeac81efe6e4a15f65ed.jpeg\" alt=\"KieslectKr-smartwatch_13\" width=\"1920\" height=\"1065\" \/><img loading=\"lazy\" decoding=\"async\" title=\"KieslectKr-ak\u0131ll\u0131 saat_14\" src=\"\/wp-content\/uploads\/replace\/3917e7d2c3fa0874c661228991643395.jpeg\" alt=\"KieslectKr-smartwatch_14\" width=\"1920\" height=\"1430\" \/><img loading=\"lazy\" decoding=\"async\" title=\"KieslectKr-ak\u0131ll\u0131 saat_15\" src=\"\/wp-content\/uploads\/replace\/8381944313239db0d339a9a50300659a.jpeg\" alt=\"KieslectKr-smartwatch_15\" width=\"1920\" height=\"2095\" \/><img loading=\"lazy\" decoding=\"async\" title=\"KieslectKr-ak\u0131ll\u0131 saat_16\" src=\"\/wp-content\/uploads\/replace\/b1b07efe95c8f83c6dfb08d365a2b11a.jpeg\" alt=\"KieslectKr-smartwatch_16\" width=\"1920\" height=\"1860\" \/><br \/>\nKieslect Ak\u0131ll\u0131 Arama Saati Kr, bile\u011finizde g\u00fc\u00e7l\u00fc sinyal ve istikrarl\u0131 ba\u011flant\u0131yla sorunsuz bir araman\u0131n keyfini \u00e7\u0131karman\u0131z\u0131 sa\u011flayan d\u00fcnyan\u0131n 3. 2&#039;si 1 arada \u00e7ekirdek arama \u00e7ipine sahiptir.<br \/>\n<strong>\u0130\u015flevler ve \u00d6zellikler:<\/strong><br \/>\n<strong>\u25cf D\u00fcnyan\u0131n 3&#039;\u00fcnc\u00fc 2&#039;si 1 Arada \u00c7ekirdek Arama \u00c7ipi<\/strong><br \/>\nKieslect Kr, yaln\u0131zca Apple ve Samsung&#039;dan sonra \u00e7\u0131kan d\u00fcnyan\u0131n 3&#039;\u00fcnc\u00fc 2&#039;si 1 arada \u00e7ekirdek arama \u00e7ipiyle donat\u0131lm\u0131\u015ft\u0131r. AirPods&#039;tan \u00e7ok daha g\u00fc\u00e7l\u00fc bir Bluetooth ba\u011flant\u0131s\u0131na sahip olup, piyasadaki \u00e7o\u011fu arama telefonundan daha istikrarl\u0131 bir arama sa\u011flar ve en uygunsuz durumlarda bile size her yerde ve her zaman sorunsuz bir arama deneyimi sunar.<br \/>\n<strong>\u25cf M\u00fczik \u00c7alar<\/strong><br \/>\nDahili hoparl\u00f6rlere sahip olan Kr, telefonunuzun \u00e7alma listesini do\u011frudan saat \u00fczerinden \u00e7alabiliyor. Cep telefonunu elinize veya cebinize koymadan, saatle m\u00fczi\u011fi kontrol edin ve sevdi\u011finiz \u015fark\u0131lar aras\u0131nda ge\u00e7i\u015f yap\u0131n.<br \/>\n<strong>\u25cf Yapay Zeka Sesli Asistan<\/strong><br \/>\nYerle\u015fik Al Voice Assistant ile kolayca telefon g\u00f6r\u00fc\u015fmesi yapabilir, m\u00fczik \u00e7alabilir, alarm kurabilir, soru sorabilir ve daha fazlas\u0131n\u0131 yapabilirsiniz. Ak\u0131ll\u0131 sesli asistana talimat vermeniz yeterli; spor moduna ge\u00e7mek veya sa\u011fl\u0131k \u00f6l\u00e7\u00fcm \u00f6zelli\u011fini a\u00e7mak gibi i\u015flemleri ger\u00e7ekle\u015ftirmenize yard\u0131mc\u0131 olacak.<br \/>\n<strong>\u25cf 70 Spor Modu<\/strong><br \/>\nKr arama saati 70 spor modunu destekler ve etkili spor verilerini kaydeder. Ayr\u0131ca hareketlerinizi ak\u0131ll\u0131ca tan\u0131yabilir ve ilgili spor verilerini kaydetmeye ba\u015flayabilir.<br \/>\n<strong>\u25cf Stres ve Ruh Hali Testleri ve Oyunlar<\/strong><br \/>\nAk\u0131ll\u0131 saat, stres d\u00fczeyinizi alg\u0131layabilir ve ruh halinizi belirleyebilir. Duygusal sa\u011fl\u0131\u011f\u0131n\u0131za ve bunun nas\u0131l de\u011fi\u015fti\u011fine dair fark\u0131ndal\u0131k kazanmak i\u00e7in \u00c7ok Sakin&#039;den \u00c7ok Stresli&#039;ye kadar nas\u0131l hissetti\u011finizi takip eder. Stresinizi anlamak ve yerle\u015fik oyunlar\u0131yla rahatlamak i\u00e7in Kr&#039;yi kullan\u0131n.<br \/>\n<strong>\u25cf \u015eifre Korumas\u0131<\/strong><br \/>\nBa\u015fkalar\u0131n\u0131n ki\u015fi listenize ve di\u011fer hassas bilgilerinize eri\u015fmesini istemedi\u011finizde \u015fifre korumas\u0131 kullan\u0131\u015fl\u0131 olur. Gizlili\u011finizi korumak i\u00e7in bir \u015fifre belirleyin; telefonunuzla ba\u011flant\u0131 koptu\u011funda ekran\u0131 da otomatik olarak kilitler.<\/p>","protected":false},"excerpt":{"rendered":"<ul>\n<li>\ud83c\udf88 Bluetooth Arama \u0130zleme<\/li>\n<li>\ud83c\udf88 Yapay Zeka Sesli Asistan<\/li>\n<li>\ud83c\udf88 1,32\u2033 Yar\u0131 AMOLED<\/li>\n<li>\ud83c\udf88 M\u00fczik \u00c7alar<\/li>\n<li>\ud83c\udf88 Stres Y\u00f6netimi<\/li>\n<li>\ud83c\udf88 70 Egzersiz Modu<\/li>\n<li>\ud83c\udf88 Hem Android hem de IOS i\u00e7in<\/li>\n<\/ul>","protected":false},"featured_media":23780,"comment_status":"open","ping_status":"closed","template":"","meta":[],"product_brand":[],"product_cat":[15,463,462,417,461],"product_tag":[],"class_list":{"0":"post-23747","1":"product","2":"type-product","3":"status-publish","4":"has-post-thumbnail","6":"product_cat-smartwatch","7":"product_cat-calling-smartwatch","8":"product_cat-calling-watch","9":"product_cat-essential-series","10":"product_cat-smart-watches-for-men","12":"first","13":"instock","14":"shipping-taxable","15":"product-type-external"},"aioseo_notices":[],"aioseo_head":"\n\t\t<!-- All in One SEO Pro 4.6.5 - aioseo.com -->\n\t\t<meta name=\"description\" content=\"\ud83c\udf88 Bluetooth Calling Watch \ud83c\udf88 AI Voice Assistant \ud83c\udf88 1.32&quot; Semi-AMOLED \ud83c\udf88 Music Player \ud83c\udf88 Stress Management \ud83c\udf88 70 Workout Modes \ud83c\udf88 For both Android and IOS\" \/>\n\t\t<meta name=\"robots\" content=\"max-image-preview:large\" \/>\n\t\t<link rel=\"canonical\" href=\"http:\/\/www.kieslect.com\/tr\/urun\/kieslect-smart-calling-watch-kr\/\" \/>\n\t\t<meta name=\"generator\" content=\"All in One SEO Pro (AIOSEO) 4.6.5\" \/>\n\t\t<meta property=\"og:locale\" content=\"tr_TR\" \/>\n\t\t<meta property=\"og:site_name\" content=\"Kieslect - A Trusted Global Provider of Smart Wearable Solution\" \/>\n\t\t<meta property=\"og:type\" content=\"article\" \/>\n\t\t<meta property=\"og:title\" content=\"Kieslect Smart Calling Watch Kr - Kieslect\" \/>\n\t\t<meta property=\"og:description\" content=\"\ud83c\udf88 Bluetooth Calling Watch \ud83c\udf88 AI Voice Assistant \ud83c\udf88 1.32&quot; Semi-AMOLED \ud83c\udf88 Music Player \ud83c\udf88 Stress Management \ud83c\udf88 70 Workout Modes \ud83c\udf88 For both Android and IOS\" \/>\n\t\t<meta property=\"og:url\" content=\"http:\/\/www.kieslect.com\/tr\/urun\/kieslect-smart-calling-watch-kr\/\" \/>\n\t\t<meta property=\"og:image\" content=\"http:\/\/www.kieslect.com\/wp-content\/uploads\/replace\/83a7c94e588d71936bb1ab2a1c752869.jpeg\" \/>\n\t\t<meta property=\"og:image:width\" content=\"300\" \/>\n\t\t<meta property=\"og:image:height\" content=\"169\" \/>\n\t\t<meta property=\"article:published_time\" content=\"2024-01-16T11:47:49+00:00\" \/>\n\t\t<meta property=\"article:modified_time\" content=\"2026-04-22T14:48:53+00:00\" \/>\n\t\t<meta property=\"article:publisher\" content=\"https:\/\/www.facebook.com\/KieslectOfficial\/\" \/>\n\t\t<meta name=\"twitter:card\" content=\"summary_large_image\" \/>\n\t\t<meta name=\"twitter:site\" content=\"@kieslect\" \/>\n\t\t<meta name=\"twitter:title\" content=\"Kieslect Smart Calling Watch Kr - Kieslect\" \/>\n\t\t<meta name=\"twitter:description\" content=\"\ud83c\udf88 Bluetooth Calling Watch \ud83c\udf88 AI Voice Assistant \ud83c\udf88 1.32&quot; Semi-AMOLED \ud83c\udf88 Music Player \ud83c\udf88 Stress Management \ud83c\udf88 70 Workout Modes \ud83c\udf88 For both Android and IOS\" \/>\n\t\t<meta name=\"twitter:creator\" content=\"@kieslect\" \/>\n\t\t<meta name=\"twitter:image\" content=\"https:\/\/www.kieslect.com\/wp-content\/uploads\/replace\/83a7c94e588d71936bb1ab2a1c752869.jpeg\" \/>\n\t\t<script type=\"application\/ld+json\" class=\"aioseo-schema\">\n\t\t\t{\"@context\":\"https:\\\/\\\/schema.org\",\"@graph\":[{\"@type\":\"BreadcrumbList\",\"@id\":\"http:\\\/\\\/www.kieslect.com\\\/tr\\\/urun\\\/kieslect-smart-calling-watch-kr\\\/#breadcrumblist\",\"itemListElement\":[{\"@type\":\"ListItem\",\"@id\":\"http:\\\/\\\/www.kieslect.com\\\/tr\\\/#listItem\",\"position\":1,\"name\":\"Home\",\"item\":\"http:\\\/\\\/www.kieslect.com\\\/tr\\\/\",\"nextItem\":\"http:\\\/\\\/www.kieslect.com\\\/tr\\\/urun\\\/kieslect-smart-calling-watch-kr\\\/#listItem\"},{\"@type\":\"ListItem\",\"@id\":\"http:\\\/\\\/www.kieslect.com\\\/tr\\\/urun\\\/kieslect-smart-calling-watch-kr\\\/#listItem\",\"position\":2,\"name\":\"Kieslect Smart  Calling Watch Kr\",\"previousItem\":\"http:\\\/\\\/www.kieslect.com\\\/tr\\\/#listItem\"}]},{\"@type\":\"Organization\",\"@id\":\"http:\\\/\\\/www.kieslect.com\\\/tr\\\/#organization\",\"name\":\"Kieslect Smartwatch\",\"description\":\"A Trusted Global Provider of Smart Wearable Solution\",\"url\":\"http:\\\/\\\/www.kieslect.com\\\/tr\\\/\",\"logo\":{\"@type\":\"ImageObject\",\"url\":\"https:\\\/\\\/www.kieslect.com\\\/wp-content\\\/uploads\\\/2024\\\/01\\\/Kieslect-Logo-2_1_335x75_crop_center-1.webp\",\"@id\":\"http:\\\/\\\/www.kieslect.com\\\/tr\\\/urun\\\/kieslect-smart-calling-watch-kr\\\/#organizationLogo\",\"width\":335,\"height\":75},\"image\":{\"@id\":\"http:\\\/\\\/www.kieslect.com\\\/tr\\\/urun\\\/kieslect-smart-calling-watch-kr\\\/#organizationLogo\"},\"sameAs\":[\"https:\\\/\\\/www.facebook.com\\\/KieslectOfficial\\\/\",\"https:\\\/\\\/twitter.com\\\/kieslect\",\"https:\\\/\\\/www.instagram.com\\\/kieslect\\\/\"]},{\"@type\":\"Product\",\"@id\":\"http:\\\/\\\/www.kieslect.com\\\/tr\\\/urun\\\/kieslect-smart-calling-watch-kr\\\/#wooCommerceProduct\",\"name\":\"Kieslect Smart  Calling Watch Kr\",\"description\":\"\\ud83c\\udf88 Bluetooth Calling Watch\\r\\n \\t\\ud83c\\udf88 AI Voice Assistant\\r\\n \\t\\ud83c\\udf88 1.32\\\" Semi-AMOLED\\r\\n \\t\\ud83c\\udf88 Music Player\\r\\n \\t\\ud83c\\udf88 Stress Management\\r\\n \\t\\ud83c\\udf88 70 Workout Modes\\r\\n \\t\\ud83c\\udf88 For both Android and IOS\",\"url\":\"http:\\\/\\\/www.kieslect.com\\\/tr\\\/urun\\\/kieslect-smart-calling-watch-kr\\\/\",\"image\":{\"@type\":\"ImageObject\",\"url\":\"https:\\\/\\\/www.kieslect.com\\\/wp-content\\\/uploads\\\/2024\\\/01\\\/kieslect-kr-2-2.jpg\",\"@id\":\"http:\\\/\\\/www.kieslect.com\\\/tr\\\/urun\\\/kieslect-smart-calling-watch-kr\\\/#productImage\",\"width\":800,\"height\":800},\"offers\":{\"@type\":\"Offer\",\"url\":\"http:\\\/\\\/www.kieslect.com\\\/tr\\\/urun\\\/kieslect-smart-calling-watch-kr\\\/#wooCommerceOffer\",\"price\":0,\"priceCurrency\":\"USD\",\"category\":\"Smartwatch\",\"availability\":\"https:\\\/\\\/schema.org\\\/InStock\",\"seller\":{\"@type\":\"Organization\",\"@id\":\"http:\\\/\\\/www.kieslect.com\\\/tr\\\/#organization\"}},\"aggregateRating\":{\"@type\":\"AggregateRating\",\"@id\":\"http:\\\/\\\/www.kieslect.com\\\/tr\\\/urun\\\/kieslect-smart-calling-watch-kr\\\/#aggregrateRating\",\"worstRating\":1,\"bestRating\":5,\"ratingValue\":5,\"reviewCount\":2},\"review\":[{\"@type\":\"Review\",\"reviewRating\":{\"@type\":\"Rating\",\"ratingValue\":5,\"worstRating\":1,\"bestRating\":5},\"author\":{\"@type\":\"Person\",\"name\":\"Felix Cohen\"},\"datePublished\":\"2025-07-01T02:32:31+08:00\",\"reviewBody\":\"Muy satisfecho con este kr2. Buenas duraci\\u00f3n de bater\\u00eda, llamadas perfectas, resultados de actividad muy buenos, lindo dise\\u00f1o\"},{\"@type\":\"Review\",\"reviewRating\":{\"@type\":\"Rating\",\"ratingValue\":5,\"worstRating\":1,\"bestRating\":5},\"author\":{\"@type\":\"Person\",\"name\":\"Rayhann\"},\"datePublished\":\"2024-07-24T14:56:11+08:00\",\"reviewBody\":\"Best build quality, all good, comfortable and best design. I like it.\"}]},{\"@type\":\"WebPage\",\"@id\":\"http:\\\/\\\/www.kieslect.com\\\/tr\\\/urun\\\/kieslect-smart-calling-watch-kr\\\/#webpage\",\"url\":\"http:\\\/\\\/www.kieslect.com\\\/tr\\\/urun\\\/kieslect-smart-calling-watch-kr\\\/\",\"name\":\"Kieslect Smart Calling Watch Kr - Kieslect\",\"description\":\"\\ud83c\\udf88 Bluetooth Calling Watch \\ud83c\\udf88 AI Voice Assistant \\ud83c\\udf88 1.32\\\" Semi-AMOLED \\ud83c\\udf88 Music Player \\ud83c\\udf88 Stress Management \\ud83c\\udf88 70 Workout Modes \\ud83c\\udf88 For both Android and IOS\",\"inLanguage\":\"tr-TR\",\"isPartOf\":{\"@id\":\"http:\\\/\\\/www.kieslect.com\\\/tr\\\/#website\"},\"breadcrumb\":{\"@id\":\"http:\\\/\\\/www.kieslect.com\\\/tr\\\/urun\\\/kieslect-smart-calling-watch-kr\\\/#breadcrumblist\"},\"image\":{\"@type\":\"ImageObject\",\"url\":\"https:\\\/\\\/www.kieslect.com\\\/wp-content\\\/uploads\\\/2024\\\/01\\\/kieslect-kr-2-2.jpg\",\"@id\":\"http:\\\/\\\/www.kieslect.com\\\/tr\\\/urun\\\/kieslect-smart-calling-watch-kr\\\/#mainImage\",\"width\":800,\"height\":800},\"primaryImageOfPage\":{\"@id\":\"http:\\\/\\\/www.kieslect.com\\\/tr\\\/urun\\\/kieslect-smart-calling-watch-kr\\\/#mainImage\"},\"datePublished\":\"2024-01-16T11:47:49+08:00\",\"dateModified\":\"2026-04-22T22:48:53+08:00\"},{\"@type\":\"WebSite\",\"@id\":\"http:\\\/\\\/www.kieslect.com\\\/tr\\\/#website\",\"url\":\"http:\\\/\\\/www.kieslect.com\\\/tr\\\/\",\"name\":\"Kieslect\",\"description\":\"A Trusted Global Provider of Smart Wearable Solution\",\"inLanguage\":\"tr-TR\",\"publisher\":{\"@id\":\"http:\\\/\\\/www.kieslect.com\\\/tr\\\/#organization\"}}]}\n\t\t<\/script>\n\t\t<!-- All in One SEO Pro -->\r\n\t\t<title>Kieslect Smart Calling Watch Kr - Kieslect<\/title>\n\n","aioseo_head_json":{"title":"Kieslect Smart Calling Watch Kr - Kieslect","description":"\ud83c\udf88 Bluetooth Calling Watch \ud83c\udf88 AI Voice Assistant \ud83c\udf88 1.32\" Semi-AMOLED \ud83c\udf88 Music Player \ud83c\udf88 Stress Management \ud83c\udf88 70 Workout Modes \ud83c\udf88 For both Android and IOS","canonical_url":"http:\/\/www.kieslect.com\/tr\/urun\/kieslect-smart-calling-watch-kr\/","robots":"max-image-preview:large","keywords":"","webmasterTools":{"miscellaneous":""},"og:locale":"tr_TR","og:site_name":"Kieslect - A Trusted Global Provider of Smart Wearable Solution","og:type":"article","og:title":"Kieslect Smart Calling Watch Kr - Kieslect","og:description":"\ud83c\udf88 Bluetooth Calling Watch \ud83c\udf88 AI Voice Assistant \ud83c\udf88 1.32&quot; Semi-AMOLED \ud83c\udf88 Music Player \ud83c\udf88 Stress Management \ud83c\udf88 70 Workout Modes \ud83c\udf88 For both Android and IOS","og:url":"http:\/\/www.kieslect.com\/tr\/urun\/kieslect-smart-calling-watch-kr\/","og:image":"http:\/\/www.kieslect.com\/wp-content\/uploads\/replace\/83a7c94e588d71936bb1ab2a1c752869.jpeg","og:image:width":300,"og:image:height":169,"article:published_time":"2024-01-16T11:47:49+00:00","article:modified_time":"2026-04-22T14:48:53+00:00","article:publisher":"https:\/\/www.facebook.com\/KieslectOfficial\/","twitter:card":"summary_large_image","twitter:site":"@kieslect","twitter:title":"Kieslect Smart Calling Watch Kr - Kieslect","twitter:description":"\ud83c\udf88 Bluetooth Calling Watch \ud83c\udf88 AI Voice Assistant \ud83c\udf88 1.32&quot; Semi-AMOLED \ud83c\udf88 Music Player \ud83c\udf88 Stress Management \ud83c\udf88 70 Workout Modes \ud83c\udf88 For both Android and IOS","twitter:creator":"@kieslect","twitter:image":"https:\/\/www.kieslect.com\/wp-content\/uploads\/replace\/83a7c94e588d71936bb1ab2a1c752869.jpeg","schema":{"@context":"https:\/\/schema.org","@graph":[{"@type":"BreadcrumbList","@id":"http:\/\/www.kieslect.com\/tr\/urun\/kieslect-smart-calling-watch-kr\/#breadcrumblist","itemListElement":[{"@type":"ListItem","@id":"http:\/\/www.kieslect.com\/tr\/#listItem","position":1,"name":"Home","item":"http:\/\/www.kieslect.com\/tr\/","nextItem":"http:\/\/www.kieslect.com\/tr\/urun\/kieslect-smart-calling-watch-kr\/#listItem"},{"@type":"ListItem","@id":"http:\/\/www.kieslect.com\/tr\/urun\/kieslect-smart-calling-watch-kr\/#listItem","position":2,"name":"Kieslect Smart  Calling Watch Kr","previousItem":"http:\/\/www.kieslect.com\/tr\/#listItem"}]},{"@type":"Organization","@id":"http:\/\/www.kieslect.com\/tr\/#organization","name":"Kieslect Smartwatch","description":"A Trusted Global Provider of Smart Wearable Solution","url":"http:\/\/www.kieslect.com\/tr\/","logo":{"@type":"ImageObject","url":"https:\/\/www.kieslect.com\/wp-content\/uploads\/2024\/01\/Kieslect-Logo-2_1_335x75_crop_center-1.webp","@id":"http:\/\/www.kieslect.com\/tr\/urun\/kieslect-smart-calling-watch-kr\/#organizationLogo","width":335,"height":75},"image":{"@id":"http:\/\/www.kieslect.com\/tr\/urun\/kieslect-smart-calling-watch-kr\/#organizationLogo"},"sameAs":["https:\/\/www.facebook.com\/KieslectOfficial\/","https:\/\/twitter.com\/kieslect","https:\/\/www.instagram.com\/kieslect\/"]},{"@type":"Product","@id":"http:\/\/www.kieslect.com\/tr\/urun\/kieslect-smart-calling-watch-kr\/#wooCommerceProduct","name":"Kieslect Smart  Calling Watch Kr","description":"\ud83c\udf88 Bluetooth Calling Watch\r\n \t\ud83c\udf88 AI Voice Assistant\r\n \t\ud83c\udf88 1.32\" Semi-AMOLED\r\n \t\ud83c\udf88 Music Player\r\n \t\ud83c\udf88 Stress Management\r\n \t\ud83c\udf88 70 Workout Modes\r\n \t\ud83c\udf88 For both Android and IOS","url":"http:\/\/www.kieslect.com\/tr\/urun\/kieslect-smart-calling-watch-kr\/","image":{"@type":"ImageObject","url":"https:\/\/www.kieslect.com\/wp-content\/uploads\/2024\/01\/kieslect-kr-2-2.jpg","@id":"http:\/\/www.kieslect.com\/tr\/urun\/kieslect-smart-calling-watch-kr\/#productImage","width":800,"height":800},"offers":{"@type":"Offer","url":"http:\/\/www.kieslect.com\/tr\/urun\/kieslect-smart-calling-watch-kr\/#wooCommerceOffer","price":0,"priceCurrency":"USD","category":"Smartwatch","availability":"https:\/\/schema.org\/InStock","seller":{"@type":"Organization","@id":"http:\/\/www.kieslect.com\/tr\/#organization"}},"aggregateRating":{"@type":"AggregateRating","@id":"http:\/\/www.kieslect.com\/tr\/urun\/kieslect-smart-calling-watch-kr\/#aggregrateRating","worstRating":1,"bestRating":5,"ratingValue":5,"reviewCount":2},"review":[{"@type":"Review","reviewRating":{"@type":"Rating","ratingValue":5,"worstRating":1,"bestRating":5},"author":{"@type":"Person","name":"Felix Cohen"},"datePublished":"2025-07-01T02:32:31+08:00","reviewBody":"Muy satisfecho con este kr2. Buenas duraci\u00f3n de bater\u00eda, llamadas perfectas, resultados de actividad muy buenos, lindo dise\u00f1o"},{"@type":"Review","reviewRating":{"@type":"Rating","ratingValue":5,"worstRating":1,"bestRating":5},"author":{"@type":"Person","name":"Rayhann"},"datePublished":"2024-07-24T14:56:11+08:00","reviewBody":"Best build quality, all good, comfortable and best design. I like it."}]},{"@type":"WebPage","@id":"http:\/\/www.kieslect.com\/tr\/urun\/kieslect-smart-calling-watch-kr\/#webpage","url":"http:\/\/www.kieslect.com\/tr\/urun\/kieslect-smart-calling-watch-kr\/","name":"Kieslect Smart Calling Watch Kr - Kieslect","description":"\ud83c\udf88 Bluetooth Calling Watch \ud83c\udf88 AI Voice Assistant \ud83c\udf88 1.32\" Semi-AMOLED \ud83c\udf88 Music Player \ud83c\udf88 Stress Management \ud83c\udf88 70 Workout Modes \ud83c\udf88 For both Android and IOS","inLanguage":"tr-TR","isPartOf":{"@id":"http:\/\/www.kieslect.com\/tr\/#website"},"breadcrumb":{"@id":"http:\/\/www.kieslect.com\/tr\/urun\/kieslect-smart-calling-watch-kr\/#breadcrumblist"},"image":{"@type":"ImageObject","url":"https:\/\/www.kieslect.com\/wp-content\/uploads\/2024\/01\/kieslect-kr-2-2.jpg","@id":"http:\/\/www.kieslect.com\/tr\/urun\/kieslect-smart-calling-watch-kr\/#mainImage","width":800,"height":800},"primaryImageOfPage":{"@id":"http:\/\/www.kieslect.com\/tr\/urun\/kieslect-smart-calling-watch-kr\/#mainImage"},"datePublished":"2024-01-16T11:47:49+08:00","dateModified":"2026-04-22T22:48:53+08:00"},{"@type":"WebSite","@id":"http:\/\/www.kieslect.com\/tr\/#website","url":"http:\/\/www.kieslect.com\/tr\/","name":"Kieslect","description":"A Trusted Global Provider of Smart Wearable Solution","inLanguage":"tr-TR","publisher":{"@id":"http:\/\/www.kieslect.com\/tr\/#organization"}}]}},"aioseo_meta_data":{"post_id":"23747","title":null,"description":null,"keywords":null,"keyphrases":"{\"focus\":{\"keyphrase\":\"\",\"score\":0,\"analysis\":{\"keyphraseInTitle\":{\"score\":0,\"maxScore\":9,\"error\":1}}},\"additional\":[]}","primary_term":null,"canonical_url":null,"og_title":null,"og_description":null,"og_object_type":"default","og_image_type":"default","og_image_url":null,"og_image_width":null,"og_image_height":null,"og_image_custom_url":null,"og_image_custom_fields":null,"og_video":"","og_custom_url":null,"og_article_section":null,"og_article_tags":null,"twitter_use_og":false,"twitter_card":"default","twitter_image_type":"default","twitter_image_url":null,"twitter_image_custom_url":null,"twitter_image_custom_fields":null,"twitter_title":null,"twitter_description":null,"schema":{"blockGraphs":[],"customGraphs":[],"default":{"data":{"Article":[],"Course":[],"Dataset":[],"FAQPage":[],"Movie":[],"Person":[],"Product":[],"Recipe":[],"Service":[],"SoftwareApplication":[],"WebPage":[]},"graphName":"Product","isEnabled":true},"graphs":[]},"schema_type":"default","schema_type_options":null,"pillar_content":false,"robots_default":true,"robots_noindex":false,"robots_noarchive":false,"robots_nosnippet":false,"robots_nofollow":false,"robots_noimageindex":false,"robots_noodp":false,"robots_notranslate":false,"robots_max_snippet":"-1","robots_max_videopreview":"-1","robots_max_imagepreview":"large","priority":null,"frequency":"default","local_seo":null,"limit_modified_date":false,"created":"2024-02-26 12:21:33","updated":"2026-04-22 14:51:07"},"aioseo_breadcrumb":"<div class=\"aioseo-breadcrumbs\"><span class=\"aioseo-breadcrumb\">\n\t<a href=\"http:\/\/www.kieslect.com\/tr\" title=\"Home\">Home<\/a>\n<\/span><span class=\"aioseo-breadcrumb-separator\">&raquo;<\/span><span class=\"aioseo-breadcrumb\">\n\t<a href=\"http:\/\/www.kieslect.com\/tr\/shop\/\" title=\"Shop\">Shop<\/a>\n<\/span><span class=\"aioseo-breadcrumb-separator\">&raquo;<\/span><span class=\"aioseo-breadcrumb\">\n\t<a href=\"http:\/\/www.kieslect.com\/tr\/urun-kategori\/smartwatch\/\" title=\"Smartwatch\">Smartwatch<\/a>\n<\/span><span class=\"aioseo-breadcrumb-separator\">&raquo;<\/span><span class=\"aioseo-breadcrumb\">\n\t<a href=\"http:\/\/www.kieslect.com\/tr\/urun-kategori\/smartwatch\/essential-series\/\" title=\"Essential Series\">Essential Series<\/a>\n<\/span><span class=\"aioseo-breadcrumb-separator\">&raquo;<\/span><span class=\"aioseo-breadcrumb\">\n\tKieslect Smart  Calling Watch Kr\n<\/span><\/div>","aioseo_breadcrumb_json":[{"label":"Home","link":"http:\/\/www.kieslect.com\/tr"},{"label":"Shop","link":"http:\/\/www.kieslect.com\/tr\/shop\/"},{"label":"Smartwatch","link":"http:\/\/www.kieslect.com\/tr\/urun-kategori\/smartwatch\/"},{"label":"Essential Series","link":"http:\/\/www.kieslect.com\/tr\/urun-kategori\/smartwatch\/essential-series\/"},{"label":"Kieslect Smart  Calling Watch Kr","link":"http:\/\/www.kieslect.com\/tr\/urun\/kieslect-smart-calling-watch-kr\/"}],"_links":{"self":[{"href":"http:\/\/www.kieslect.com\/tr\/wp-json\/wp\/v2\/product\/23747","targetHints":{"allow":["GET"]}}],"collection":[{"href":"http:\/\/www.kieslect.com\/tr\/wp-json\/wp\/v2\/product"}],"about":[{"href":"http:\/\/www.kieslect.com\/tr\/wp-json\/wp\/v2\/types\/product"}],"replies":[{"embeddable":true,"href":"http:\/\/www.kieslect.com\/tr\/wp-json\/wp\/v2\/comments?post=23747"}],"version-history":[{"count":0,"href":"http:\/\/www.kieslect.com\/tr\/wp-json\/wp\/v2\/product\/23747\/revisions"}],"wp:featuredmedia":[{"embeddable":true,"href":"http:\/\/www.kieslect.com\/tr\/wp-json\/wp\/v2\/media\/23780"}],"wp:attachment":[{"href":"http:\/\/www.kieslect.com\/tr\/wp-json\/wp\/v2\/media?parent=23747"}],"wp:term":[{"taxonomy":"product_brand","embeddable":true,"href":"http:\/\/www.kieslect.com\/tr\/wp-json\/wp\/v2\/product_brand?post=23747"},{"taxonomy":"product_cat","embeddable":true,"href":"http:\/\/www.kieslect.com\/tr\/wp-json\/wp\/v2\/product_cat?post=23747"},{"taxonomy":"product_tag","embeddable":true,"href":"http:\/\/www.kieslect.com\/tr\/wp-json\/wp\/v2\/product_tag?post=23747"}],"curies":[{"name":"wp","href":"https:\/\/api.w.org\/{rel}","templated":true}]}}