{"id":26572,"date":"2024-01-16T17:56:37","date_gmt":"2024-01-16T17:56:37","guid":{"rendered":"http:\/\/www.kieslect.com\/?page_id=26572"},"modified":"2025-02-26T13:53:51","modified_gmt":"2025-02-26T05:53:51","slug":"warranty-and-return-policy","status":"publish","type":"page","link":"http:\/\/www.kieslect.com\/tr\/warranty-and-return-policy\/","title":{"rendered":"Garanti ve \u0130ade Politikas\u0131"},"content":{"rendered":"<p><strong>Kieslect Garanti ve \u0130ade Politikas\u0131<\/strong><\/p><p>Kieslect Ma\u011fazas\u0131 Garanti Kapsam\u0131: Bu politika yaln\u0131zca Kieslect&#039;in resmi \u00e7evrimi\u00e7i ma\u011fazas\u0131ndan sat\u0131n al\u0131nan \u00fcr\u00fcnleri korur. Kieslect \u00dcr\u00fcn\u00fcn\u00fcz\u00fcn orijinalli\u011fini ve garanti korumas\u0131n\u0131 garanti etmek i\u00e7in, resmi \u00e7evrimi\u00e7i platformumuzdan sat\u0131n alman\u0131z\u0131 \u015fiddetle tavsiye ederiz.<\/p><p><strong>One-Year Limited Product Warranty:<\/strong>\u00a0<\/p><p>Bu garanti yaln\u0131zca Kieslect&#039;in resmi \u00e7evrimi\u00e7i ma\u011fazas\u0131 arac\u0131l\u0131\u011f\u0131yla m\u00fc\u015fterilere sat\u0131lan \u00dcr\u00fcnler i\u00e7in ge\u00e7erlidir.<\/p><p>\u00a0Warrantor:This One-year limited consumer warranty (&#8220;Warranty&#8221;) is issued by Shanghai Kieslect Technology Company Limited.<\/p><p>\u00a0Garanti Sahibi: Kieslect taraf\u0131ndan t\u00fcketiciye (\u201cT\u00fcketici\u201d veya \u201csiz\u201d) verilen bu Garanti, do\u011frudan Kieslect&#039;in resmi \u00e7evrimi\u00e7i ma\u011fazas\u0131ndan yeni, uygun bir cihaz sat\u0131n alan ki\u015fi veya kurulu\u015flar i\u00e7in ge\u00e7erlidir. Bu Garanti devredilemez ve orijinal al\u0131c\u0131ya \u00f6zeldir.<\/p><p><strong>Kapsanan Cihazlar:<\/strong><\/p><p>Yeni, fiziksel Kieslect donan\u0131m cihazlar\u0131 (&quot;Cihaz&quot;), orijinal ambalaj\u0131na dahil edilmesi veya \u00e7evrimi\u00e7i sat\u0131\u015f veya \u00dcr\u00fcn kurulum s\u00fcrecinin bir par\u00e7as\u0131 olarak referans verilmesi durumunda bu garanti kapsam\u0131ndad\u0131r. \u00dcr\u00fcn kayd\u0131, garantiye uygunluk i\u00e7in bir \u00f6n ko\u015ful de\u011fildir; ancak belirli Kieslect \u00dcr\u00fcnlerinin tam i\u015flevselli\u011fi, \u00e7evrimi\u00e7i bir Kieslect hesab\u0131na ba\u011flanmay\u0131 gerektirebilir.<\/p><p><strong>Garantili \u0130\u015flevsellik:<\/strong>\u00a0<\/p><p>Kieslect warrants that the Device will function substantially as per the technical specifications or accompanying documentation (&#8220;Warranted Functionality&#8221;) for one (1) years from the original purchase date (&#8220;Warranty Period&#8221;). Should the Device require Kieslect software or services to achieve the Warranted Functionality, Kieslect commits to providing such support during the Warranty Period, subject to updates or modifications at our discretion, provided that the Warranted Functionality is either maintained or enhanced.<\/p><p><strong>\u0130stisnalar:<\/strong>\u00a0<\/p><p>\u0130stisnalar: Bu garanti s\u0131n\u0131rl\u0131d\u0131r ve a\u015fa\u011f\u0131dakiler i\u00e7in ge\u00e7erli de\u011fildir:<\/p><p>(i)\u00a0normal wear and tear;<\/p><p>(ii)\u00a0defects or damage caused by misuse(Including the use of the product in corrosive water), accident (including without limitation collision, fire, flood, earthquake and the spillage of food or liquid), neglect, abuse, alteration, unusual stress, modification, improper or unauthorized repair, installation, wiring, or testing, improper storage, use with unsuitable devices, software or services;<\/p><p>(iii)\u00a0use not in accordance with the documentation;<\/p><p>(iv)\u00a0damage caused by third party equipment with which the Device is used; (v) commercial use or resale;<\/p><p>(v)\u00a0used or resold Products;<\/p><p>(vi)\u00a0use for medical, healthcare or treatment purposes;<\/p><p>(vii)\u00a0features or performance parameters pertaining to any software or services beyond the Warranted Functionality of the Device.<\/p><p>A\u00e7\u0131k\u00e7a ifade etmek gerekirse, bu Garanti \u00e7al\u0131\u015fma s\u00fcresi, uygulamalar veya \u00e7evrimi\u00e7i hesaplar i\u00e7in veri g\u00fcvenli\u011fi, kesintisiz yaz\u0131l\u0131m i\u015flevselli\u011fi veya hatas\u0131zl\u0131k garantilerini kapsamaz. Cihaza m\u00fcdahale edilmesi durumunda ge\u00e7ersizdir. Veri kayb\u0131 ve sonu\u00e7 olarak ortaya \u00e7\u0131kan veya ar\u0131zi hasarlar kapsam d\u0131\u015f\u0131ndad\u0131r. Belirtilenin d\u0131\u015f\u0131nda Kieslect, Cihaz veya ba\u011fl\u0131 yaz\u0131l\u0131m veya hizmetler i\u00e7in ba\u015fka herhangi bir garanti sunmaz. Ek \u015eartlar ve Ko\u015fullar:<\/p><p>\u00a0Nakliye masraflar\u0131, hediye paketleme \u00fccretleri ve vergiler iade edilmez.<\/p><p>\u00a0M\u00fc\u015fteriler, iade edilen \u00dcr\u00fcnlere ili\u015fkin t\u00fcm nakliye masraflar\u0131n\u0131 ve riskleri \u00fcstlenir.<\/p><p>\u00a0Kieslect RMA&#039;s\u0131 olmayan veya eksik par\u00e7alar\u0131 olan iadeler reddedilebilir veya yeniden stok \u00fccreti \u00f6denmesi gerekebilir.<\/p><p>\u00a0Geri \u00f6demeler, al\u0131nd\u0131ktan sonraki d\u00f6rt hafta i\u00e7inde i\u015fleme al\u0131n\u0131r.<\/p><p><strong>Sorumlulu\u011fun S\u0131n\u0131rland\u0131r\u0131lmas\u0131:<\/strong>\u00a0Bu Garanti kapsam\u0131nda Kieslect, kar kayb\u0131, veri, Cihaz\u0131n veya ilgili ekipman\u0131n kullan\u0131m\u0131, de\u011fi\u015ftirme maliyetleri veya \u00fc\u00e7\u00fcnc\u00fc taraf talepleri dahil ancak bunlarla s\u0131n\u0131rl\u0131 olmamak \u00fczere dolayl\u0131, ar\u0131zi, cezai veya sonu\u00e7 olarak ortaya \u00e7\u0131kan zararlardan sorumlu de\u011fildir.<\/p><p><strong>Ge\u00e7erli Kanun:<\/strong><\/p><p>\u00a0Bu S\u0131n\u0131rl\u0131 Garanti \u00c7in yasalar\u0131na tabidir. Size belirli yasal haklar tan\u0131r ve eyaletten eyalete de\u011fi\u015fen ba\u015fka haklara da sahip olabilirsiniz. Baz\u0131 eyaletlerin tesad\u00fcfi veya sonu\u00e7 olarak ortaya \u00e7\u0131kan zararlar\u0131n hari\u00e7 tutulmas\u0131na veya s\u0131n\u0131rland\u0131r\u0131lmas\u0131na izin vermedi\u011fini, dolay\u0131s\u0131yla bu s\u0131n\u0131rlamalar\u0131n veya hari\u00e7 tutmalar\u0131n sizin i\u00e7in ge\u00e7erli olmayabilece\u011fini unutmay\u0131n.<\/p><p><strong>\u00c7\u00f6z\u00fcmler:<\/strong><\/p><p>\u00a0Bu Garanti kapsam\u0131nda T\u00fcketici i\u00e7in tek \u00e7\u00f6z\u00fcm ve Kieslect&#039;in tek sorumlulu\u011fu, Kieslect&#039;in ar\u0131zal\u0131 Cihaz\u0131 onarmas\u0131 veya de\u011fi\u015ftirmesi ya da Cihaz\u0131n garanti edildi\u011fi gibi \u00e7al\u0131\u015fmas\u0131n\u0131 sa\u011flamak i\u00e7in yaz\u0131l\u0131m\u0131 veya hizmetleri g\u00fcncellemesidir. Onar\u0131m, de\u011fi\u015ftirme veya yaz\u0131l\u0131m g\u00fcncellemesi se\u00e7imi Kieslect&#039;in takdirindedir. De\u011fi\u015ftirmeler yeni veya yeniden \u00fcretilmi\u015f olabilir. Ar\u0131zal\u0131 bir Cihaz\u0131n de\u011fi\u015ftirilmesinin makul g\u00f6r\u00fclmemesi durumunda Kieslect, sat\u0131n alma bedelini iade edebilir.<\/p><p><strong>Talep S\u00fcreci:<\/strong><\/p><p>\u00a0Bu Garanti kapsam\u0131ndaki \u00e7\u00f6z\u00fcm yollar\u0131na ba\u015fvurabilmek i\u00e7in Kieslect&#039;in, Garanti S\u00fcresi sona ermeden \u00f6nce T\u00fcketicinin talebini almas\u0131 gerekir. T\u00fcketicinin Kieslect&#039;ten Malzeme \u0130ade Yetkisi (&quot;RMA&quot;) almas\u0131 ve ar\u0131zal\u0131 Cihaz\u0131 orijinal ambalaj\u0131nda (veya e\u015fde\u011fer koruma paketinde) sat\u0131n alma belgesiyle birlikte Kieslect taraf\u0131ndan belirtilen adrese iade etmesi gerekmektedir. Y\u00fcr\u00fcrl\u00fckteki yasalara uygun olarak, garanti hizmeti i\u00e7in sat\u0131n alma kan\u0131t\u0131 ve kay\u0131t gerekliliklerine uyulmas\u0131 gerekli olabilir. T\u00fcketici, Kieslect&#039;e g\u00f6nderilen t\u00fcm nakliye masraflar\u0131ndan sorumludur. T\u00fcketici, Cihaz\u0131 g\u00f6ndererek m\u00fclkiyetin Kieslect&#039;e devredilmesini kabul etmi\u015f olur. Kieslect&#039;in orijinal Cihaz\u0131 iade etme zorunlulu\u011fu yoktur ve herhangi bir de\u011fi\u015ftirme, T\u00fcketicinin verilerini i\u00e7ermeyecektir. Onar\u0131lan veya de\u011fi\u015ftirilen Cihazlar, orijinal Garanti S\u00fcresinin geri kalan\u0131 veya teslim al\u0131nmas\u0131ndan itibaren 90 g\u00fcn (hangisi daha uzunsa) boyunca garanti kapsam\u0131ndad\u0131r. \u0130ddian\u0131n bu Garanti kapsam\u0131nda do\u011frulanmas\u0131 halinde, Kieslect iade nakliye masraflar\u0131n\u0131 kar\u015f\u0131layacakt\u0131r. Ge\u00e7erli bir talep veya RMA olmadan iade edilen \u00fcr\u00fcnler, Kieslect&#039;in takdirine ba\u011fl\u0131 olarak reddedilebilir, masraflar\u0131 g\u00f6nderene ait olmak \u00fczere iade edilebilir veya imha edilmeden \u00f6nce teslim al\u0131nmak \u00fczere 30 g\u00fcne kadar al\u0131konulabilir.<\/p><p><strong>Ara\u015ft\u0131rma:<\/strong><\/p><p>\u00a0Garanti talepleri i\u00e7in veya sorular\u0131n\u0131z varsa l\u00fctfen store.kieslect.com adresinden Kieslect deste\u011fiyle ileti\u015fime ge\u00e7in.<\/p>","protected":false},"excerpt":{"rendered":"<p>Kieslect Warranty and Return Policy Kieslect Store Warranty Coverage: This policy exclusively safeguards products purchased via Kieslect&#8217;s official online store. To guarantee authenticity and warranty protection for your Kieslect Product, we strongly recommend purchasing from our official online platform. One-Year Limited Product Warranty:\u00a0 This warranty is applicable solely to Products sold to customers through Kieslect\u2019s [&hellip;]<\/p>","protected":false},"author":1,"featured_media":0,"parent":0,"menu_order":0,"comment_status":"closed","ping_status":"closed","template":"","meta":{"footnotes":""},"class_list":["post-26572","page","type-page","status-publish","hentry"],"aioseo_notices":[],"aioseo_head":"\n\t\t<!-- All in One SEO Pro 4.6.5 - aioseo.com -->\n\t\t<meta name=\"description\" content=\"Kieslect Warranty and Return Policy Kieslect Store Warranty Coverage: This policy exclusively safeguards products purchased via Kieslect&#039;s official online store. To guarantee authenticity and warranty protection for your Kieslect Product, we strongly recommend purchasing from our official online platform. One-Year Limited Product Warranty: This warranty is applicable solely to Products sold to customers through Kieslect\u2019s\" \/>\n\t\t<meta name=\"robots\" content=\"max-image-preview:large\" \/>\n\t\t<link rel=\"canonical\" href=\"http:\/\/www.kieslect.com\/tr\/warranty-and-return-policy\/\" \/>\n\t\t<meta name=\"generator\" content=\"All in One SEO Pro (AIOSEO) 4.6.5\" \/>\n\t\t<meta property=\"og:locale\" content=\"tr_TR\" \/>\n\t\t<meta property=\"og:site_name\" content=\"Kieslect - A Trusted Global Provider of Smart Wearable Solution\" \/>\n\t\t<meta property=\"og:type\" content=\"article\" \/>\n\t\t<meta property=\"og:title\" content=\"Warranty and Return Policy - Kieslect\" \/>\n\t\t<meta property=\"og:description\" content=\"Kieslect Warranty and Return Policy Kieslect Store Warranty Coverage: This policy exclusively safeguards products purchased via Kieslect&#039;s official online store. To guarantee authenticity and warranty protection for your Kieslect Product, we strongly recommend purchasing from our official online platform. One-Year Limited Product Warranty: This warranty is applicable solely to Products sold to customers through Kieslect\u2019s\" \/>\n\t\t<meta property=\"og:url\" content=\"http:\/\/www.kieslect.com\/tr\/warranty-and-return-policy\/\" \/>\n\t\t<meta property=\"og:image\" content=\"http:\/\/www.kieslect.com\/wp-content\/uploads\/replace\/83a7c94e588d71936bb1ab2a1c752869.jpeg\" \/>\n\t\t<meta property=\"og:image:width\" content=\"300\" \/>\n\t\t<meta property=\"og:image:height\" content=\"169\" \/>\n\t\t<meta property=\"article:published_time\" content=\"2024-01-16T17:56:37+00:00\" \/>\n\t\t<meta property=\"article:modified_time\" content=\"2025-02-26T05:53:51+00:00\" \/>\n\t\t<meta property=\"article:publisher\" content=\"https:\/\/www.facebook.com\/KieslectOfficial\/\" \/>\n\t\t<meta name=\"twitter:card\" content=\"summary_large_image\" \/>\n\t\t<meta name=\"twitter:site\" content=\"@kieslect\" \/>\n\t\t<meta name=\"twitter:title\" content=\"Warranty and Return Policy - Kieslect\" \/>\n\t\t<meta name=\"twitter:description\" content=\"Kieslect Warranty and Return Policy Kieslect Store Warranty Coverage: This policy exclusively safeguards products purchased via Kieslect&#039;s official online store. To guarantee authenticity and warranty protection for your Kieslect Product, we strongly recommend purchasing from our official online platform. One-Year Limited Product Warranty: This warranty is applicable solely to Products sold to customers through Kieslect\u2019s\" \/>\n\t\t<meta name=\"twitter:creator\" content=\"@kieslect\" \/>\n\t\t<meta name=\"twitter:image\" content=\"https:\/\/www.kieslect.com\/wp-content\/uploads\/replace\/83a7c94e588d71936bb1ab2a1c752869.jpeg\" \/>\n\t\t<script type=\"application\/ld+json\" class=\"aioseo-schema\">\n\t\t\t{\"@context\":\"https:\\\/\\\/schema.org\",\"@graph\":[{\"@type\":\"BreadcrumbList\",\"@id\":\"http:\\\/\\\/www.kieslect.com\\\/tr\\\/warranty-and-return-policy\\\/#breadcrumblist\",\"itemListElement\":[{\"@type\":\"ListItem\",\"@id\":\"http:\\\/\\\/www.kieslect.com\\\/tr\\\/#listItem\",\"position\":1,\"name\":\"Home\",\"item\":\"http:\\\/\\\/www.kieslect.com\\\/tr\\\/\",\"nextItem\":\"http:\\\/\\\/www.kieslect.com\\\/tr\\\/warranty-and-return-policy\\\/#listItem\"},{\"@type\":\"ListItem\",\"@id\":\"http:\\\/\\\/www.kieslect.com\\\/tr\\\/warranty-and-return-policy\\\/#listItem\",\"position\":2,\"name\":\"Warranty and Return Policy\",\"previousItem\":\"http:\\\/\\\/www.kieslect.com\\\/tr\\\/#listItem\"}]},{\"@type\":\"Organization\",\"@id\":\"http:\\\/\\\/www.kieslect.com\\\/tr\\\/#organization\",\"name\":\"Kieslect Smartwatch\",\"description\":\"A Trusted Global Provider of Smart Wearable Solution\",\"url\":\"http:\\\/\\\/www.kieslect.com\\\/tr\\\/\",\"logo\":{\"@type\":\"ImageObject\",\"url\":\"https:\\\/\\\/www.kieslect.com\\\/wp-content\\\/uploads\\\/2024\\\/01\\\/Kieslect-Logo-2_1_335x75_crop_center-1.webp\",\"@id\":\"http:\\\/\\\/www.kieslect.com\\\/tr\\\/warranty-and-return-policy\\\/#organizationLogo\",\"width\":335,\"height\":75},\"image\":{\"@id\":\"http:\\\/\\\/www.kieslect.com\\\/tr\\\/warranty-and-return-policy\\\/#organizationLogo\"},\"sameAs\":[\"https:\\\/\\\/www.facebook.com\\\/KieslectOfficial\\\/\",\"https:\\\/\\\/twitter.com\\\/kieslect\",\"https:\\\/\\\/www.instagram.com\\\/kieslect\\\/\"]},{\"@type\":\"WebPage\",\"@id\":\"http:\\\/\\\/www.kieslect.com\\\/tr\\\/warranty-and-return-policy\\\/#webpage\",\"url\":\"http:\\\/\\\/www.kieslect.com\\\/tr\\\/warranty-and-return-policy\\\/\",\"name\":\"Warranty and Return Policy - Kieslect\",\"description\":\"Kieslect Warranty and Return Policy Kieslect Store Warranty Coverage: This policy exclusively safeguards products purchased via Kieslect's official online store. To guarantee authenticity and warranty protection for your Kieslect Product, we strongly recommend purchasing from our official online platform. One-Year Limited Product Warranty: This warranty is applicable solely to Products sold to customers through Kieslect\\u2019s\",\"inLanguage\":\"tr-TR\",\"isPartOf\":{\"@id\":\"http:\\\/\\\/www.kieslect.com\\\/tr\\\/#website\"},\"breadcrumb\":{\"@id\":\"http:\\\/\\\/www.kieslect.com\\\/tr\\\/warranty-and-return-policy\\\/#breadcrumblist\"},\"datePublished\":\"2024-01-16T17:56:37+08:00\",\"dateModified\":\"2025-02-26T13:53:51+08:00\"},{\"@type\":\"WebSite\",\"@id\":\"http:\\\/\\\/www.kieslect.com\\\/tr\\\/#website\",\"url\":\"http:\\\/\\\/www.kieslect.com\\\/tr\\\/\",\"name\":\"Kieslect\",\"description\":\"A Trusted Global Provider of Smart Wearable Solution\",\"inLanguage\":\"tr-TR\",\"publisher\":{\"@id\":\"http:\\\/\\\/www.kieslect.com\\\/tr\\\/#organization\"}}]}\n\t\t<\/script>\n\t\t<!-- All in One SEO Pro -->\r\n\t\t<title>Warranty and Return Policy - Kieslect<\/title>\n\n","aioseo_head_json":{"title":"Warranty and Return Policy - Kieslect","description":"Kieslect Warranty and Return Policy Kieslect Store Warranty Coverage: This policy exclusively safeguards products purchased via Kieslect's official online store. To guarantee authenticity and warranty protection for your Kieslect Product, we strongly recommend purchasing from our official online platform. One-Year Limited Product Warranty: This warranty is applicable solely to Products sold to customers through Kieslect\u2019s","canonical_url":"http:\/\/www.kieslect.com\/tr\/warranty-and-return-policy\/","robots":"max-image-preview:large","keywords":"","webmasterTools":{"miscellaneous":""},"og:locale":"tr_TR","og:site_name":"Kieslect - A Trusted Global Provider of Smart Wearable Solution","og:type":"article","og:title":"Warranty and Return Policy - Kieslect","og:description":"Kieslect Warranty and Return Policy Kieslect Store Warranty Coverage: This policy exclusively safeguards products purchased via Kieslect's official online store. To guarantee authenticity and warranty protection for your Kieslect Product, we strongly recommend purchasing from our official online platform. One-Year Limited Product Warranty: This warranty is applicable solely to Products sold to customers through Kieslect\u2019s","og:url":"http:\/\/www.kieslect.com\/tr\/warranty-and-return-policy\/","og:image":"http:\/\/www.kieslect.com\/wp-content\/uploads\/replace\/83a7c94e588d71936bb1ab2a1c752869.jpeg","og:image:width":300,"og:image:height":169,"article:published_time":"2024-01-16T17:56:37+00:00","article:modified_time":"2025-02-26T05:53:51+00:00","article:publisher":"https:\/\/www.facebook.com\/KieslectOfficial\/","twitter:card":"summary_large_image","twitter:site":"@kieslect","twitter:title":"Warranty and Return Policy - Kieslect","twitter:description":"Kieslect Warranty and Return Policy Kieslect Store Warranty Coverage: This policy exclusively safeguards products purchased via Kieslect's official online store. To guarantee authenticity and warranty protection for your Kieslect Product, we strongly recommend purchasing from our official online platform. One-Year Limited Product Warranty: This warranty is applicable solely to Products sold to customers through Kieslect\u2019s","twitter:creator":"@kieslect","twitter:image":"https:\/\/www.kieslect.com\/wp-content\/uploads\/replace\/83a7c94e588d71936bb1ab2a1c752869.jpeg","schema":{"@context":"https:\/\/schema.org","@graph":[{"@type":"BreadcrumbList","@id":"http:\/\/www.kieslect.com\/tr\/warranty-and-return-policy\/#breadcrumblist","itemListElement":[{"@type":"ListItem","@id":"http:\/\/www.kieslect.com\/tr\/#listItem","position":1,"name":"Home","item":"http:\/\/www.kieslect.com\/tr\/","nextItem":"http:\/\/www.kieslect.com\/tr\/warranty-and-return-policy\/#listItem"},{"@type":"ListItem","@id":"http:\/\/www.kieslect.com\/tr\/warranty-and-return-policy\/#listItem","position":2,"name":"Warranty and Return Policy","previousItem":"http:\/\/www.kieslect.com\/tr\/#listItem"}]},{"@type":"Organization","@id":"http:\/\/www.kieslect.com\/tr\/#organization","name":"Kieslect Smartwatch","description":"A Trusted Global Provider of Smart Wearable Solution","url":"http:\/\/www.kieslect.com\/tr\/","logo":{"@type":"ImageObject","url":"https:\/\/www.kieslect.com\/wp-content\/uploads\/2024\/01\/Kieslect-Logo-2_1_335x75_crop_center-1.webp","@id":"http:\/\/www.kieslect.com\/tr\/warranty-and-return-policy\/#organizationLogo","width":335,"height":75},"image":{"@id":"http:\/\/www.kieslect.com\/tr\/warranty-and-return-policy\/#organizationLogo"},"sameAs":["https:\/\/www.facebook.com\/KieslectOfficial\/","https:\/\/twitter.com\/kieslect","https:\/\/www.instagram.com\/kieslect\/"]},{"@type":"WebPage","@id":"http:\/\/www.kieslect.com\/tr\/warranty-and-return-policy\/#webpage","url":"http:\/\/www.kieslect.com\/tr\/warranty-and-return-policy\/","name":"Warranty and Return Policy - Kieslect","description":"Kieslect Warranty and Return Policy Kieslect Store Warranty Coverage: This policy exclusively safeguards products purchased via Kieslect's official online store. To guarantee authenticity and warranty protection for your Kieslect Product, we strongly recommend purchasing from our official online platform. One-Year Limited Product Warranty: This warranty is applicable solely to Products sold to customers through Kieslect\u2019s","inLanguage":"tr-TR","isPartOf":{"@id":"http:\/\/www.kieslect.com\/tr\/#website"},"breadcrumb":{"@id":"http:\/\/www.kieslect.com\/tr\/warranty-and-return-policy\/#breadcrumblist"},"datePublished":"2024-01-16T17:56:37+08:00","dateModified":"2025-02-26T13:53:51+08:00"},{"@type":"WebSite","@id":"http:\/\/www.kieslect.com\/tr\/#website","url":"http:\/\/www.kieslect.com\/tr\/","name":"Kieslect","description":"A Trusted Global Provider of Smart Wearable Solution","inLanguage":"tr-TR","publisher":{"@id":"http:\/\/www.kieslect.com\/tr\/#organization"}}]}},"aioseo_meta_data":{"post_id":"26572","title":null,"description":null,"keywords":null,"keyphrases":"{\"focus\":{\"keyphrase\":\"\",\"score\":0,\"analysis\":{\"keyphraseInTitle\":{\"score\":0,\"maxScore\":9,\"error\":1}}},\"additional\":[]}","primary_term":null,"canonical_url":null,"og_title":null,"og_description":null,"og_object_type":"default","og_image_type":"default","og_image_url":null,"og_image_width":null,"og_image_height":null,"og_image_custom_url":null,"og_image_custom_fields":null,"og_video":"","og_custom_url":null,"og_article_section":null,"og_article_tags":null,"twitter_use_og":false,"twitter_card":"default","twitter_image_type":"default","twitter_image_url":null,"twitter_image_custom_url":null,"twitter_image_custom_fields":null,"twitter_title":null,"twitter_description":null,"schema":{"blockGraphs":[],"customGraphs":[],"default":{"data":{"Article":[],"Course":[],"Dataset":[],"FAQPage":[],"Movie":[],"Person":[],"Product":[],"Recipe":[],"Service":[],"SoftwareApplication":[],"WebPage":[]},"graphName":"WebPage","isEnabled":true},"graphs":[]},"schema_type":"default","schema_type_options":null,"pillar_content":false,"robots_default":true,"robots_noindex":false,"robots_noarchive":false,"robots_nosnippet":false,"robots_nofollow":false,"robots_noimageindex":false,"robots_noodp":false,"robots_notranslate":false,"robots_max_snippet":"-1","robots_max_videopreview":"-1","robots_max_imagepreview":"large","priority":null,"frequency":"default","local_seo":null,"limit_modified_date":false,"created":"2024-02-26 12:21:33","updated":"2025-04-26 08:31:24"},"aioseo_breadcrumb":"<div class=\"aioseo-breadcrumbs\"><span class=\"aioseo-breadcrumb\">\n\t<a href=\"http:\/\/www.kieslect.com\/tr\" title=\"Home\">Home<\/a>\n<\/span><span class=\"aioseo-breadcrumb-separator\">&raquo;<\/span><span class=\"aioseo-breadcrumb\">\n\tWarranty and Return Policy\n<\/span><\/div>","aioseo_breadcrumb_json":[{"label":"Home","link":"http:\/\/www.kieslect.com\/tr"},{"label":"Warranty and Return Policy","link":"http:\/\/www.kieslect.com\/tr\/warranty-and-return-policy\/"}],"_links":{"self":[{"href":"http:\/\/www.kieslect.com\/tr\/wp-json\/wp\/v2\/pages\/26572","targetHints":{"allow":["GET"]}}],"collection":[{"href":"http:\/\/www.kieslect.com\/tr\/wp-json\/wp\/v2\/pages"}],"about":[{"href":"http:\/\/www.kieslect.com\/tr\/wp-json\/wp\/v2\/types\/page"}],"author":[{"embeddable":true,"href":"http:\/\/www.kieslect.com\/tr\/wp-json\/wp\/v2\/users\/1"}],"replies":[{"embeddable":true,"href":"http:\/\/www.kieslect.com\/tr\/wp-json\/wp\/v2\/comments?post=26572"}],"version-history":[{"count":0,"href":"http:\/\/www.kieslect.com\/tr\/wp-json\/wp\/v2\/pages\/26572\/revisions"}],"wp:attachment":[{"href":"http:\/\/www.kieslect.com\/tr\/wp-json\/wp\/v2\/media?parent=26572"}],"curies":[{"name":"wp","href":"https:\/\/api.w.org\/{rel}","templated":true}]}}