{"id":23752,"date":"2024-01-16T11:47:50","date_gmt":"2024-01-16T11:47:50","guid":{"rendered":"http:\/\/www.kieslect.com\/?post_type=product&#038;p=23752"},"modified":"2026-03-05T19:11:32","modified_gmt":"2026-03-05T11:11:32","slug":"kieslect-calling-smartwatch-kr-pro","status":"publish","type":"product","link":"http:\/\/www.kieslect.com\/pt\/produto\/kieslect-calling-smartwatch-kr-pro\/","title":{"rendered":"Kieslect Chamando Smartwatch Kr Pro"},"content":{"rendered":"<p><img fetchpriority=\"high\" decoding=\"async\" class=\"alignnone size-full wp-image-25529\" title=\"KieslectKrPro-Smartwatch\" src=\"\/wp-content\/uploads\/replace\/e38d41d76976b73df75b18082fba58ad.jpeg\" alt=\"KieslectKrPro-Smartwatch\" width=\"1920\" height=\"1197\" \/><img decoding=\"async\" class=\"alignnone size-full wp-image-25530\" title=\"KrPro_3\" src=\"\/wp-content\/uploads\/replace\/4f5e46d4ae7b64d4a4a06fcaef5b0b17.jpeg\" alt=\"KrPro_3\" width=\"1920\" height=\"2000\" \/><img decoding=\"async\" class=\"alignnone size-full wp-image-25531\" title=\"KieslectKrPro-Smartwatch_2\" src=\"\/wp-content\/uploads\/replace\/84e478d58f5485ba2855f6f08e5e3488.jpeg\" alt=\"KieslectKrPro-Smartwatch_2\" width=\"1920\" height=\"1757\" \/><img loading=\"lazy\" decoding=\"async\" class=\"alignnone size-full wp-image-25532\" title=\"KieslectKrPro-Smartwatch_3\" src=\"\/wp-content\/uploads\/replace\/b833722adae8bacfc1fa85adaff022d9.jpeg\" alt=\"KieslectKrPro-Smartwatch_3\" width=\"1920\" height=\"1683\" \/><img loading=\"lazy\" decoding=\"async\" class=\"alignnone size-full wp-image-25533\" title=\"KieslectKrPro-Smartwatch_4\" src=\"\/wp-content\/uploads\/replace\/72f14ecec044822655c42c78633dba8a.jpeg\" alt=\"KieslectKrPro-Smartwatch_4\" width=\"1920\" height=\"1185\" \/><img loading=\"lazy\" decoding=\"async\" class=\"alignnone size-full wp-image-25534\" title=\"KieslectKrPro-Smartwatch_5\" src=\"\/wp-content\/uploads\/replace\/f1eb11a2620ec4854ba5130374d5cd72.jpeg\" alt=\"KieslectKrPro-Smartwatch_5\" width=\"1920\" height=\"1170\" \/><img loading=\"lazy\" decoding=\"async\" class=\"alignnone size-full wp-image-25536\" title=\"KieslectKrPro-Smartwatch_6\" src=\"\/wp-content\/uploads\/replace\/7ac0400d139919f53ad215154dc3ccc7.jpeg\" alt=\"KieslectKrPro-Smartwatch_6\" width=\"1920\" height=\"1140\" \/><img loading=\"lazy\" decoding=\"async\" class=\"alignnone size-full wp-image-25535\" title=\"KieslectKrPro-Smartwatch_7\" src=\"\/wp-content\/uploads\/replace\/1a9eecb4a9bb5d2d5ef9f9b1370386c1.jpeg\" alt=\"KieslectKrPro-Smartwatch_7\" width=\"1920\" height=\"1110\" \/><img loading=\"lazy\" decoding=\"async\" class=\"alignnone size-full wp-image-25537\" title=\"KrPro_4\" src=\"\/wp-content\/uploads\/replace\/8bdac433eda40892a4634199ed469590.jpeg\" alt=\"KrPro_4\" width=\"1920\" height=\"1955\" \/><img loading=\"lazy\" decoding=\"async\" class=\"alignnone size-full wp-image-25538\" title=\"KieslectKrPro-Smartwatch_9\" src=\"\/wp-content\/uploads\/replace\/04ac5688b52c8417314da0a79ea3bd9d.jpeg\" alt=\"KieslectKrPro-Smartwatch_9\" width=\"1920\" height=\"1070\" \/><img loading=\"lazy\" decoding=\"async\" class=\"alignnone size-full wp-image-25539\" title=\"KrPro_5\" src=\"\/wp-content\/uploads\/replace\/80526464f5f30dc4a1f7836b09ad3c05.jpeg\" alt=\"KrPro_5\" width=\"1920\" height=\"3980\" \/><\/p>\n<p><strong>Recursos do Kieslect Calling Watch Kr Pro:<\/strong><\/p>\n<p><strong>\u25cf Chamadas Bluetooth est\u00e1veis<\/strong><br \/>\nApresentando um poderoso chip de chamada 2 em 1 e conex\u00e3o Bluetooth 5.2 est\u00e1vel, o smartwatch Kr Pro oferece chamadas telef\u00f4nicas est\u00e1veis, n\u00edtidas e de alta qualidade de som a qualquer hora e em qualquer lugar.<br \/>\nReceba e rejeite chamadas telef\u00f4nicas de maneira conveniente, disque e armazene at\u00e9 100 contatos no seu Kr!<\/p>\n<p><strong>\u25cf Al\u00e7as Duplas<\/strong><br \/>\nO smartwatch Kr Pro combinado com duas pulseiras proporciona uma experi\u00eancia diferente. Voc\u00ea pode trocar as al\u00e7as para diferentes ocasi\u00f5es.<\/p>\n<p><strong>\u25cf Tela Ultra FHD AMOLED de 1,43\u2033<\/strong><br \/>\nCristalino \u00e0 primeira vista.<br \/>\nCom clareza sem precedentes que atinge 466\u00d7466 pixels, a impressionante tela colorida de 1,43\u201d exibe conte\u00fado abrangente e rico de forma mais clara, brilhante e r\u00e1pida do que nunca.<\/p>\n<p><strong>\u25cf Coroa de navega\u00e7\u00e3o delicada<\/strong><br \/>\nA coroa girat\u00f3ria super conveniente torna a navega\u00e7\u00e3o muito mais f\u00e1cil e muda os mostradores do rel\u00f3gio em um segundo. O som delicioso do equipamento torna tudo mais divertido!<\/p>\n<p><strong>\u25cf Leitor de m\u00fasica<\/strong><br \/>\nN\u00e3o apenas controlando seu telefone para tocar m\u00fasica, o smartwatch Kr Pro tamb\u00e9m funciona como um alto-falante para que voc\u00ea possa ouvir m\u00fasica em seu pulso a qualquer hora e em qualquer lugar.<\/p>\n<p><strong>\u25cf Vida inteligente do assistente de voz AI<\/strong><br \/>\nO assistente de voz AI ajuda a realizar tarefas como configurar alarmes, iniciar aplicativos ou ativar modos esportivos por meio de comando de voz.<\/p>\n<p><strong>\u25cf Mostradores de rel\u00f3gio vibrantes e exibi\u00e7\u00e3o sempre ativa<\/strong><br \/>\nCombine com seu humor, roupas ou ocasi\u00f5es diferentes com uma ampla variedade de mostradores de rel\u00f3gio elegantes, todos com um display sempre dispon\u00edvel.<\/p>\n<p><strong>\u25cf Rastreador de condicionamento f\u00edsico<\/strong><br \/>\nCom o smartwatch Kr Pro, voc\u00ea pode entender melhor seu estado de sa\u00fade monitorando o oxig\u00eanio no sangue, a frequ\u00eancia card\u00edaca e o sono em tempo real e fazendo ajustes oportunos para desenvolver um estilo de vida mais saud\u00e1vel.<\/p>\n<p><strong>\u25cf Ajuda SOS<\/strong><br \/>\nO smartwatch Kr Pro pedir\u00e1 ajuda quando voc\u00ea precisar!<\/p>\n<p><strong>\u25cf Resposta r\u00e1pida de rejei\u00e7\u00e3o<\/strong><br \/>\nSe receber uma chamada de emerg\u00eancia durante uma reuni\u00e3o, voc\u00ea pode rejeitar a chamada diretamente e o smartwatch Kr Pro responder\u00e1 automaticamente via SMS ao chamador.<\/p>\n<p><strong>\u25cf Bateria com dura\u00e7\u00e3o de 7 dias<\/strong><br \/>\nSe voc\u00ea deseja investir em um rel\u00f3gio inteligente com recursos incr\u00edveis, mas que tamb\u00e9m possui uma excelente dura\u00e7\u00e3o de bateria, o smartwatch Kr Pro \u00e9 sua melhor escolha!<br \/>\n7 dias para uso t\u00edpico.<\/p>\n<p><strong>\u25cf 70 modos esportivos<\/strong><br \/>\nMantenha-se saud\u00e1vel e alcance seus objetivos de condicionamento f\u00edsico com a ajuda dos 70 modos de treino do smartwatch Kr Pro: corrida, ciclismo, nata\u00e7\u00e3o, futebol, escalada, badminton, t\u00eanis, pingue-pongue, h\u00f3quei, basquete, r\u00fagbi, gin\u00e1stica, etc.<\/p>\n<p><strong>\u25cf Correia magn\u00e9tica de libera\u00e7\u00e3o r\u00e1pida<\/strong><br \/>\nLiderando a tend\u00eancia da moda com quatro tipos de coloca\u00e7\u00f5es premium.<br \/>\nSentindo-se confort\u00e1vel devido \u00e0 combina\u00e7\u00e3o perfeita de materiais de silicone e metal.<br \/>\nF\u00e1cil de usar e liberar sem o alinhamento das fivelas tradicionais.<\/p>","protected":false},"excerpt":{"rendered":"<ul>\n<li>\ud83c\udf88 Chamadas Bluetooth est\u00e1veis<\/li>\n<li>\ud83c\udf88 Tela Ultra FHD AMOLED de 1,43\u2033<\/li>\n<li>\ud83c\udf88 Din\u00e2mico sempre em exibi\u00e7\u00e3o<\/li>\n<li>\ud83c\udf88 Coroa de Navega\u00e7\u00e3o Delicada<\/li>\n<li>\ud83c\udf88 Al\u00e7a magn\u00e9tica de libera\u00e7\u00e3o r\u00e1pida<\/li>\n<li>\ud83c\udf88 Compre uma al\u00e7a gr\u00e1tis<\/li>\n<li>\ud83c\udf88 Leitor de m\u00fasica<\/li>\n<li>\ud83c\udf88 Rastreador de condicionamento f\u00edsico<\/li>\n<li>\ud83c\udf88 70 modos esportivos<\/li>\n<li>\ud83c\udf88 Para Android e IOS<\/li>\n<\/ul>","protected":false},"featured_media":23810,"comment_status":"open","ping_status":"closed","template":"","meta":[],"product_brand":[],"product_cat":[15,463,462,417,461],"product_tag":[],"class_list":{"0":"post-23752","1":"product","2":"type-product","3":"status-publish","4":"has-post-thumbnail","6":"product_cat-smartwatch","7":"product_cat-calling-smartwatch","8":"product_cat-calling-watch","9":"product_cat-essential-series","10":"product_cat-smart-watches-for-men","12":"first","13":"instock","14":"shipping-taxable","15":"product-type-external"},"aioseo_notices":[],"aioseo_head":"\n\t\t<!-- All in One SEO Pro 4.6.5 - aioseo.com -->\n\t\t<meta name=\"description\" content=\"\ud83c\udf88 Stable Bluetooth Calls \ud83c\udf88 1.43\u2033 Ultra FHD AMOLED Display \ud83c\udf88 Dynamic Always on Display \ud83c\udf88 Delicate Navigation Crown \ud83c\udf88 Magnetic Quick Release Strap \ud83c\udf88 Buy One Free One Strap \ud83c\udf88 Music Player \ud83c\udf88 Fitness Tracker \ud83c\udf88 70 Sports Modes \ud83c\udf88 For both Android and IOS\" \/>\n\t\t<meta name=\"robots\" content=\"max-image-preview:large\" \/>\n\t\t<link rel=\"canonical\" href=\"http:\/\/www.kieslect.com\/pt\/produto\/kieslect-calling-smartwatch-kr-pro\/\" \/>\n\t\t<meta name=\"generator\" content=\"All in One SEO Pro (AIOSEO) 4.6.5\" \/>\n\t\t<meta property=\"og:locale\" content=\"pt_PT\" \/>\n\t\t<meta property=\"og:site_name\" content=\"Kieslect - A Trusted Global Provider of Smart Wearable Solution\" \/>\n\t\t<meta property=\"og:type\" content=\"article\" \/>\n\t\t<meta property=\"og:title\" content=\"Kieslect Calling Smartwatch Kr Pro - Kieslect\" \/>\n\t\t<meta property=\"og:description\" content=\"\ud83c\udf88 Stable Bluetooth Calls \ud83c\udf88 1.43\u2033 Ultra FHD AMOLED Display \ud83c\udf88 Dynamic Always on Display \ud83c\udf88 Delicate Navigation Crown \ud83c\udf88 Magnetic Quick Release Strap \ud83c\udf88 Buy One Free One Strap \ud83c\udf88 Music Player \ud83c\udf88 Fitness Tracker \ud83c\udf88 70 Sports Modes \ud83c\udf88 For both Android and IOS\" \/>\n\t\t<meta property=\"og:url\" content=\"http:\/\/www.kieslect.com\/pt\/produto\/kieslect-calling-smartwatch-kr-pro\/\" \/>\n\t\t<meta property=\"og:image\" content=\"http:\/\/www.kieslect.com\/wp-content\/uploads\/replace\/83a7c94e588d71936bb1ab2a1c752869.jpeg\" \/>\n\t\t<meta property=\"og:image:width\" content=\"300\" \/>\n\t\t<meta property=\"og:image:height\" content=\"169\" \/>\n\t\t<meta property=\"article:published_time\" content=\"2024-01-16T11:47:50+00:00\" \/>\n\t\t<meta property=\"article:modified_time\" content=\"2026-03-05T11:11:32+00:00\" \/>\n\t\t<meta property=\"article:publisher\" content=\"https:\/\/www.facebook.com\/KieslectOfficial\/\" \/>\n\t\t<meta name=\"twitter:card\" content=\"summary_large_image\" \/>\n\t\t<meta name=\"twitter:site\" content=\"@kieslect\" \/>\n\t\t<meta name=\"twitter:title\" content=\"Kieslect Calling Smartwatch Kr Pro - Kieslect\" \/>\n\t\t<meta name=\"twitter:description\" content=\"\ud83c\udf88 Stable Bluetooth Calls \ud83c\udf88 1.43\u2033 Ultra FHD AMOLED Display \ud83c\udf88 Dynamic Always on Display \ud83c\udf88 Delicate Navigation Crown \ud83c\udf88 Magnetic Quick Release Strap \ud83c\udf88 Buy One Free One Strap \ud83c\udf88 Music Player \ud83c\udf88 Fitness Tracker \ud83c\udf88 70 Sports Modes \ud83c\udf88 For both Android and IOS\" \/>\n\t\t<meta name=\"twitter:creator\" content=\"@kieslect\" \/>\n\t\t<meta name=\"twitter:image\" content=\"https:\/\/www.kieslect.com\/wp-content\/uploads\/replace\/83a7c94e588d71936bb1ab2a1c752869.jpeg\" \/>\n\t\t<script type=\"application\/ld+json\" class=\"aioseo-schema\">\n\t\t\t{\"@context\":\"https:\\\/\\\/schema.org\",\"@graph\":[{\"@type\":\"BreadcrumbList\",\"@id\":\"http:\\\/\\\/www.kieslect.com\\\/pt\\\/produto\\\/kieslect-calling-smartwatch-kr-pro\\\/#breadcrumblist\",\"itemListElement\":[{\"@type\":\"ListItem\",\"@id\":\"http:\\\/\\\/www.kieslect.com\\\/pt\\\/#listItem\",\"position\":1,\"name\":\"Home\",\"item\":\"http:\\\/\\\/www.kieslect.com\\\/pt\\\/\",\"nextItem\":\"http:\\\/\\\/www.kieslect.com\\\/pt\\\/produto\\\/kieslect-calling-smartwatch-kr-pro\\\/#listItem\"},{\"@type\":\"ListItem\",\"@id\":\"http:\\\/\\\/www.kieslect.com\\\/pt\\\/produto\\\/kieslect-calling-smartwatch-kr-pro\\\/#listItem\",\"position\":2,\"name\":\"Kieslect Calling Smartwatch Kr Pro\",\"previousItem\":\"http:\\\/\\\/www.kieslect.com\\\/pt\\\/#listItem\"}]},{\"@type\":\"Organization\",\"@id\":\"http:\\\/\\\/www.kieslect.com\\\/pt\\\/#organization\",\"name\":\"Kieslect Smartwatch\",\"description\":\"A Trusted Global Provider of Smart Wearable Solution\",\"url\":\"http:\\\/\\\/www.kieslect.com\\\/pt\\\/\",\"logo\":{\"@type\":\"ImageObject\",\"url\":\"https:\\\/\\\/www.kieslect.com\\\/wp-content\\\/uploads\\\/2024\\\/01\\\/Kieslect-Logo-2_1_335x75_crop_center-1.webp\",\"@id\":\"http:\\\/\\\/www.kieslect.com\\\/pt\\\/produto\\\/kieslect-calling-smartwatch-kr-pro\\\/#organizationLogo\",\"width\":335,\"height\":75},\"image\":{\"@id\":\"http:\\\/\\\/www.kieslect.com\\\/pt\\\/produto\\\/kieslect-calling-smartwatch-kr-pro\\\/#organizationLogo\"},\"sameAs\":[\"https:\\\/\\\/www.facebook.com\\\/KieslectOfficial\\\/\",\"https:\\\/\\\/twitter.com\\\/kieslect\",\"https:\\\/\\\/www.instagram.com\\\/kieslect\\\/\"]},{\"@type\":\"Product\",\"@id\":\"http:\\\/\\\/www.kieslect.com\\\/pt\\\/produto\\\/kieslect-calling-smartwatch-kr-pro\\\/#wooCommerceProduct\",\"name\":\"Kieslect Calling Smartwatch Kr Pro\",\"description\":\"\\ud83c\\udf88 Stable Bluetooth Calls\\r\\n \\t\\ud83c\\udf88 1.43\\u2033 Ultra FHD AMOLED Display\\r\\n \\t\\ud83c\\udf88 Dynamic Always on Display\\r\\n \\t\\ud83c\\udf88 Delicate Navigation Crown\\r\\n \\t\\ud83c\\udf88 Magnetic Quick Release Strap\\r\\n \\t\\ud83c\\udf88 Buy One Free One Strap\\r\\n \\t\\ud83c\\udf88 Music Player\\r\\n \\t\\ud83c\\udf88 Fitness Tracker\\r\\n \\t\\ud83c\\udf88 70 Sports Modes\\r\\n \\t\\ud83c\\udf88 For both Android and IOS\",\"url\":\"http:\\\/\\\/www.kieslect.com\\\/pt\\\/produto\\\/kieslect-calling-smartwatch-kr-pro\\\/\",\"image\":{\"@type\":\"ImageObject\",\"url\":\"https:\\\/\\\/www.kieslect.com\\\/wp-content\\\/uploads\\\/2024\\\/01\\\/kr-pro_fa1c3700-4446-4cfa-8b5e-851fe657f55b_610x_crop_center.webp\",\"@id\":\"http:\\\/\\\/www.kieslect.com\\\/pt\\\/produto\\\/kieslect-calling-smartwatch-kr-pro\\\/#productImage\",\"width\":610,\"height\":610},\"offers\":{\"@type\":\"Offer\",\"url\":\"http:\\\/\\\/www.kieslect.com\\\/pt\\\/produto\\\/kieslect-calling-smartwatch-kr-pro\\\/#wooCommerceOffer\",\"price\":0,\"priceCurrency\":\"USD\",\"category\":\"Smartwatch\",\"availability\":\"https:\\\/\\\/schema.org\\\/InStock\",\"seller\":{\"@type\":\"Organization\",\"@id\":\"http:\\\/\\\/www.kieslect.com\\\/pt\\\/#organization\"}}},{\"@type\":\"WebPage\",\"@id\":\"http:\\\/\\\/www.kieslect.com\\\/pt\\\/produto\\\/kieslect-calling-smartwatch-kr-pro\\\/#webpage\",\"url\":\"http:\\\/\\\/www.kieslect.com\\\/pt\\\/produto\\\/kieslect-calling-smartwatch-kr-pro\\\/\",\"name\":\"Kieslect Calling Smartwatch Kr Pro - Kieslect\",\"description\":\"\\ud83c\\udf88 Stable Bluetooth Calls \\ud83c\\udf88 1.43\\u2033 Ultra FHD AMOLED Display \\ud83c\\udf88 Dynamic Always on Display \\ud83c\\udf88 Delicate Navigation Crown \\ud83c\\udf88 Magnetic Quick Release Strap \\ud83c\\udf88 Buy One Free One Strap \\ud83c\\udf88 Music Player \\ud83c\\udf88 Fitness Tracker \\ud83c\\udf88 70 Sports Modes \\ud83c\\udf88 For both Android and IOS\",\"inLanguage\":\"pt-PT\",\"isPartOf\":{\"@id\":\"http:\\\/\\\/www.kieslect.com\\\/pt\\\/#website\"},\"breadcrumb\":{\"@id\":\"http:\\\/\\\/www.kieslect.com\\\/pt\\\/produto\\\/kieslect-calling-smartwatch-kr-pro\\\/#breadcrumblist\"},\"image\":{\"@type\":\"ImageObject\",\"url\":\"https:\\\/\\\/www.kieslect.com\\\/wp-content\\\/uploads\\\/2024\\\/01\\\/kr-pro_fa1c3700-4446-4cfa-8b5e-851fe657f55b_610x_crop_center.webp\",\"@id\":\"http:\\\/\\\/www.kieslect.com\\\/pt\\\/produto\\\/kieslect-calling-smartwatch-kr-pro\\\/#mainImage\",\"width\":610,\"height\":610},\"primaryImageOfPage\":{\"@id\":\"http:\\\/\\\/www.kieslect.com\\\/pt\\\/produto\\\/kieslect-calling-smartwatch-kr-pro\\\/#mainImage\"},\"datePublished\":\"2024-01-16T11:47:50+08:00\",\"dateModified\":\"2026-03-05T19:11:32+08:00\"},{\"@type\":\"WebSite\",\"@id\":\"http:\\\/\\\/www.kieslect.com\\\/pt\\\/#website\",\"url\":\"http:\\\/\\\/www.kieslect.com\\\/pt\\\/\",\"name\":\"Kieslect\",\"description\":\"A Trusted Global Provider of Smart Wearable Solution\",\"inLanguage\":\"pt-PT\",\"publisher\":{\"@id\":\"http:\\\/\\\/www.kieslect.com\\\/pt\\\/#organization\"}}]}\n\t\t<\/script>\n\t\t<!-- All in One SEO Pro -->\r\n\t\t<title>Kieslect Calling Smartwatch Kr Pro - Kieslect<\/title>\n\n","aioseo_head_json":{"title":"Kieslect Calling Smartwatch Kr Pro - Kieslect","description":"\ud83c\udf88 Stable Bluetooth Calls \ud83c\udf88 1.43\u2033 Ultra FHD AMOLED Display \ud83c\udf88 Dynamic Always on Display \ud83c\udf88 Delicate Navigation Crown \ud83c\udf88 Magnetic Quick Release Strap \ud83c\udf88 Buy One Free One Strap \ud83c\udf88 Music Player \ud83c\udf88 Fitness Tracker \ud83c\udf88 70 Sports Modes \ud83c\udf88 For both Android and IOS","canonical_url":"http:\/\/www.kieslect.com\/pt\/produto\/kieslect-calling-smartwatch-kr-pro\/","robots":"max-image-preview:large","keywords":"","webmasterTools":{"miscellaneous":""},"og:locale":"pt_PT","og:site_name":"Kieslect - A Trusted Global Provider of Smart Wearable Solution","og:type":"article","og:title":"Kieslect Calling Smartwatch Kr Pro - Kieslect","og:description":"\ud83c\udf88 Stable Bluetooth Calls \ud83c\udf88 1.43\u2033 Ultra FHD AMOLED Display \ud83c\udf88 Dynamic Always on Display \ud83c\udf88 Delicate Navigation Crown \ud83c\udf88 Magnetic Quick Release Strap \ud83c\udf88 Buy One Free One Strap \ud83c\udf88 Music Player \ud83c\udf88 Fitness Tracker \ud83c\udf88 70 Sports Modes \ud83c\udf88 For both Android and IOS","og:url":"http:\/\/www.kieslect.com\/pt\/produto\/kieslect-calling-smartwatch-kr-pro\/","og:image":"http:\/\/www.kieslect.com\/wp-content\/uploads\/replace\/83a7c94e588d71936bb1ab2a1c752869.jpeg","og:image:width":300,"og:image:height":169,"article:published_time":"2024-01-16T11:47:50+00:00","article:modified_time":"2026-03-05T11:11:32+00:00","article:publisher":"https:\/\/www.facebook.com\/KieslectOfficial\/","twitter:card":"summary_large_image","twitter:site":"@kieslect","twitter:title":"Kieslect Calling Smartwatch Kr Pro - Kieslect","twitter:description":"\ud83c\udf88 Stable Bluetooth Calls \ud83c\udf88 1.43\u2033 Ultra FHD AMOLED Display \ud83c\udf88 Dynamic Always on Display \ud83c\udf88 Delicate Navigation Crown \ud83c\udf88 Magnetic Quick Release Strap \ud83c\udf88 Buy One Free One Strap \ud83c\udf88 Music Player \ud83c\udf88 Fitness Tracker \ud83c\udf88 70 Sports Modes \ud83c\udf88 For both Android and IOS","twitter:creator":"@kieslect","twitter:image":"https:\/\/www.kieslect.com\/wp-content\/uploads\/replace\/83a7c94e588d71936bb1ab2a1c752869.jpeg","schema":{"@context":"https:\/\/schema.org","@graph":[{"@type":"BreadcrumbList","@id":"http:\/\/www.kieslect.com\/pt\/produto\/kieslect-calling-smartwatch-kr-pro\/#breadcrumblist","itemListElement":[{"@type":"ListItem","@id":"http:\/\/www.kieslect.com\/pt\/#listItem","position":1,"name":"Home","item":"http:\/\/www.kieslect.com\/pt\/","nextItem":"http:\/\/www.kieslect.com\/pt\/produto\/kieslect-calling-smartwatch-kr-pro\/#listItem"},{"@type":"ListItem","@id":"http:\/\/www.kieslect.com\/pt\/produto\/kieslect-calling-smartwatch-kr-pro\/#listItem","position":2,"name":"Kieslect Calling Smartwatch Kr Pro","previousItem":"http:\/\/www.kieslect.com\/pt\/#listItem"}]},{"@type":"Organization","@id":"http:\/\/www.kieslect.com\/pt\/#organization","name":"Kieslect Smartwatch","description":"A Trusted Global Provider of Smart Wearable Solution","url":"http:\/\/www.kieslect.com\/pt\/","logo":{"@type":"ImageObject","url":"https:\/\/www.kieslect.com\/wp-content\/uploads\/2024\/01\/Kieslect-Logo-2_1_335x75_crop_center-1.webp","@id":"http:\/\/www.kieslect.com\/pt\/produto\/kieslect-calling-smartwatch-kr-pro\/#organizationLogo","width":335,"height":75},"image":{"@id":"http:\/\/www.kieslect.com\/pt\/produto\/kieslect-calling-smartwatch-kr-pro\/#organizationLogo"},"sameAs":["https:\/\/www.facebook.com\/KieslectOfficial\/","https:\/\/twitter.com\/kieslect","https:\/\/www.instagram.com\/kieslect\/"]},{"@type":"Product","@id":"http:\/\/www.kieslect.com\/pt\/produto\/kieslect-calling-smartwatch-kr-pro\/#wooCommerceProduct","name":"Kieslect Calling Smartwatch Kr Pro","description":"\ud83c\udf88 Stable Bluetooth Calls\r\n \t\ud83c\udf88 1.43\u2033 Ultra FHD AMOLED Display\r\n \t\ud83c\udf88 Dynamic Always on Display\r\n \t\ud83c\udf88 Delicate Navigation Crown\r\n \t\ud83c\udf88 Magnetic Quick Release Strap\r\n \t\ud83c\udf88 Buy One Free One Strap\r\n \t\ud83c\udf88 Music Player\r\n \t\ud83c\udf88 Fitness Tracker\r\n \t\ud83c\udf88 70 Sports Modes\r\n \t\ud83c\udf88 For both Android and IOS","url":"http:\/\/www.kieslect.com\/pt\/produto\/kieslect-calling-smartwatch-kr-pro\/","image":{"@type":"ImageObject","url":"https:\/\/www.kieslect.com\/wp-content\/uploads\/2024\/01\/kr-pro_fa1c3700-4446-4cfa-8b5e-851fe657f55b_610x_crop_center.webp","@id":"http:\/\/www.kieslect.com\/pt\/produto\/kieslect-calling-smartwatch-kr-pro\/#productImage","width":610,"height":610},"offers":{"@type":"Offer","url":"http:\/\/www.kieslect.com\/pt\/produto\/kieslect-calling-smartwatch-kr-pro\/#wooCommerceOffer","price":0,"priceCurrency":"USD","category":"Smartwatch","availability":"https:\/\/schema.org\/InStock","seller":{"@type":"Organization","@id":"http:\/\/www.kieslect.com\/pt\/#organization"}}},{"@type":"WebPage","@id":"http:\/\/www.kieslect.com\/pt\/produto\/kieslect-calling-smartwatch-kr-pro\/#webpage","url":"http:\/\/www.kieslect.com\/pt\/produto\/kieslect-calling-smartwatch-kr-pro\/","name":"Kieslect Calling Smartwatch Kr Pro - Kieslect","description":"\ud83c\udf88 Stable Bluetooth Calls \ud83c\udf88 1.43\u2033 Ultra FHD AMOLED Display \ud83c\udf88 Dynamic Always on Display \ud83c\udf88 Delicate Navigation Crown \ud83c\udf88 Magnetic Quick Release Strap \ud83c\udf88 Buy One Free One Strap \ud83c\udf88 Music Player \ud83c\udf88 Fitness Tracker \ud83c\udf88 70 Sports Modes \ud83c\udf88 For both Android and IOS","inLanguage":"pt-PT","isPartOf":{"@id":"http:\/\/www.kieslect.com\/pt\/#website"},"breadcrumb":{"@id":"http:\/\/www.kieslect.com\/pt\/produto\/kieslect-calling-smartwatch-kr-pro\/#breadcrumblist"},"image":{"@type":"ImageObject","url":"https:\/\/www.kieslect.com\/wp-content\/uploads\/2024\/01\/kr-pro_fa1c3700-4446-4cfa-8b5e-851fe657f55b_610x_crop_center.webp","@id":"http:\/\/www.kieslect.com\/pt\/produto\/kieslect-calling-smartwatch-kr-pro\/#mainImage","width":610,"height":610},"primaryImageOfPage":{"@id":"http:\/\/www.kieslect.com\/pt\/produto\/kieslect-calling-smartwatch-kr-pro\/#mainImage"},"datePublished":"2024-01-16T11:47:50+08:00","dateModified":"2026-03-05T19:11:32+08:00"},{"@type":"WebSite","@id":"http:\/\/www.kieslect.com\/pt\/#website","url":"http:\/\/www.kieslect.com\/pt\/","name":"Kieslect","description":"A Trusted Global Provider of Smart Wearable Solution","inLanguage":"pt-PT","publisher":{"@id":"http:\/\/www.kieslect.com\/pt\/#organization"}}]}},"aioseo_meta_data":{"post_id":"23752","title":null,"description":null,"keywords":null,"keyphrases":"{\"focus\":{\"keyphrase\":\"\",\"score\":0,\"analysis\":{\"keyphraseInTitle\":{\"score\":0,\"maxScore\":9,\"error\":1}}},\"additional\":[]}","primary_term":null,"canonical_url":null,"og_title":null,"og_description":null,"og_object_type":"default","og_image_type":"default","og_image_url":null,"og_image_width":null,"og_image_height":null,"og_image_custom_url":null,"og_image_custom_fields":null,"og_video":"","og_custom_url":null,"og_article_section":null,"og_article_tags":null,"twitter_use_og":false,"twitter_card":"default","twitter_image_type":"default","twitter_image_url":null,"twitter_image_custom_url":null,"twitter_image_custom_fields":null,"twitter_title":null,"twitter_description":null,"schema":{"blockGraphs":[],"customGraphs":[],"default":{"data":{"Article":[],"Course":[],"Dataset":[],"FAQPage":[],"Movie":[],"Person":[],"Product":[],"Recipe":[],"Service":[],"SoftwareApplication":[],"WebPage":[]},"graphName":"Product","isEnabled":true},"graphs":[]},"schema_type":"default","schema_type_options":null,"pillar_content":false,"robots_default":true,"robots_noindex":false,"robots_noarchive":false,"robots_nosnippet":false,"robots_nofollow":false,"robots_noimageindex":false,"robots_noodp":false,"robots_notranslate":false,"robots_max_snippet":"-1","robots_max_videopreview":"-1","robots_max_imagepreview":"large","priority":null,"frequency":"default","local_seo":null,"limit_modified_date":false,"created":"2024-02-26 12:21:33","updated":"2026-03-05 11:25:36"},"aioseo_breadcrumb":"<div class=\"aioseo-breadcrumbs\"><span class=\"aioseo-breadcrumb\">\n\t<a href=\"http:\/\/www.kieslect.com\/pt\" title=\"Home\">Home<\/a>\n<\/span><span class=\"aioseo-breadcrumb-separator\">&raquo;<\/span><span class=\"aioseo-breadcrumb\">\n\t<a href=\"http:\/\/www.kieslect.com\/pt\/shop\/\" title=\"Shop\">Shop<\/a>\n<\/span><span class=\"aioseo-breadcrumb-separator\">&raquo;<\/span><span class=\"aioseo-breadcrumb\">\n\t<a href=\"http:\/\/www.kieslect.com\/pt\/categoria-produto\/smartwatch\/\" title=\"Smartwatch\">Smartwatch<\/a>\n<\/span><span class=\"aioseo-breadcrumb-separator\">&raquo;<\/span><span class=\"aioseo-breadcrumb\">\n\t<a href=\"http:\/\/www.kieslect.com\/pt\/categoria-produto\/smartwatch\/essential-series\/\" title=\"Essential Series\">Essential Series<\/a>\n<\/span><span class=\"aioseo-breadcrumb-separator\">&raquo;<\/span><span class=\"aioseo-breadcrumb\">\n\tKieslect Calling Smartwatch Kr Pro\n<\/span><\/div>","aioseo_breadcrumb_json":[{"label":"Home","link":"http:\/\/www.kieslect.com\/pt"},{"label":"Shop","link":"http:\/\/www.kieslect.com\/pt\/shop\/"},{"label":"Smartwatch","link":"http:\/\/www.kieslect.com\/pt\/categoria-produto\/smartwatch\/"},{"label":"Essential Series","link":"http:\/\/www.kieslect.com\/pt\/categoria-produto\/smartwatch\/essential-series\/"},{"label":"Kieslect Calling Smartwatch Kr Pro","link":"http:\/\/www.kieslect.com\/pt\/produto\/kieslect-calling-smartwatch-kr-pro\/"}],"_links":{"self":[{"href":"http:\/\/www.kieslect.com\/pt\/wp-json\/wp\/v2\/product\/23752","targetHints":{"allow":["GET"]}}],"collection":[{"href":"http:\/\/www.kieslect.com\/pt\/wp-json\/wp\/v2\/product"}],"about":[{"href":"http:\/\/www.kieslect.com\/pt\/wp-json\/wp\/v2\/types\/product"}],"replies":[{"embeddable":true,"href":"http:\/\/www.kieslect.com\/pt\/wp-json\/wp\/v2\/comments?post=23752"}],"version-history":[{"count":0,"href":"http:\/\/www.kieslect.com\/pt\/wp-json\/wp\/v2\/product\/23752\/revisions"}],"wp:featuredmedia":[{"embeddable":true,"href":"http:\/\/www.kieslect.com\/pt\/wp-json\/wp\/v2\/media\/23810"}],"wp:attachment":[{"href":"http:\/\/www.kieslect.com\/pt\/wp-json\/wp\/v2\/media?parent=23752"}],"wp:term":[{"taxonomy":"product_brand","embeddable":true,"href":"http:\/\/www.kieslect.com\/pt\/wp-json\/wp\/v2\/product_brand?post=23752"},{"taxonomy":"product_cat","embeddable":true,"href":"http:\/\/www.kieslect.com\/pt\/wp-json\/wp\/v2\/product_cat?post=23752"},{"taxonomy":"product_tag","embeddable":true,"href":"http:\/\/www.kieslect.com\/pt\/wp-json\/wp\/v2\/product_tag?post=23752"}],"curies":[{"name":"wp","href":"https:\/\/api.w.org\/{rel}","templated":true}]}}