{"id":23747,"date":"2024-01-16T11:47:49","date_gmt":"2024-01-16T11:47:49","guid":{"rendered":"http:\/\/www.kieslect.com\/?post_type=product&#038;p=23747"},"modified":"2026-03-31T22:32:04","modified_gmt":"2026-03-31T14:32:04","slug":"kieslect-smart-calling-watch-kr","status":"publish","type":"product","link":"http:\/\/www.kieslect.com\/pl\/produkt\/kieslect-smart-calling-watch-kr\/","title":{"rendered":"Kieslect Smart Calling Watch Kr"},"content":{"rendered":"<p><img fetchpriority=\"high\" decoding=\"async\" title=\"Smartwatch KieslectKr\" src=\"\/wp-content\/uploads\/replace\/27495049811fd34e69058871c11e3323.jpeg\" alt=\"KieslectKr-smartwatch\" width=\"1920\" height=\"1670\" \/><img decoding=\"async\" title=\"KieslectKr-smartwatch_1\" src=\"\/wp-content\/uploads\/replace\/451f411e6d946323683970e4188073d9.jpeg\" alt=\"KieslectKr-smartwatch_1\" width=\"1920\" height=\"1483\" \/><img decoding=\"async\" title=\"KieslectKr-smartwatch_2\" src=\"\/wp-content\/uploads\/replace\/242b9a480d473c2037c0286b3b8d120d.jpeg\" alt=\"KieslectKr-smartwatch_2\" width=\"1920\" height=\"1513\" \/><img loading=\"lazy\" decoding=\"async\" title=\"Krblack_2\" src=\"\/wp-content\/uploads\/replace\/400cb83c47968aee19f3d86388bb081f.jpeg\" alt=\"Krblack_2\" width=\"1920\" height=\"1697\" \/><img loading=\"lazy\" decoding=\"async\" title=\"Krblack_1\" src=\"\/wp-content\/uploads\/replace\/f2f620ca90196def8b014a9f209cc559.jpeg\" alt=\"Krblack_1\" width=\"1920\" height=\"1760\" \/><img loading=\"lazy\" decoding=\"async\" title=\"KieslectKr-smartwatch_5\" src=\"\/wp-content\/uploads\/replace\/4ab858a409f9536a5688d5cd3e77d502.jpeg\" alt=\"KieslectKr-smartwatch_5\" width=\"1920\" height=\"1605\" \/><img loading=\"lazy\" decoding=\"async\" title=\"KieslectKr-smartwatch_6\" src=\"\/wp-content\/uploads\/replace\/f4e1af0505582eea06652f70bf25069c.jpeg\" alt=\"KieslectKr-smartwatch_6\" width=\"1920\" height=\"1737\" \/><img loading=\"lazy\" decoding=\"async\" title=\"Krblack_3\" src=\"\/wp-content\/uploads\/replace\/e267f16f7758644b84aa35c4eb6421c4.jpeg\" alt=\"Krblack_3\" width=\"1920\" height=\"1705\" \/><img loading=\"lazy\" decoding=\"async\" title=\"KieslectKr-smartwatch_9\" src=\"\/wp-content\/uploads\/replace\/292b0e187d58029544af76fce6ed8417.jpeg\" alt=\"KieslectKr-smartwatch_9\" width=\"1920\" height=\"1780\" \/><img loading=\"lazy\" decoding=\"async\" title=\"KieslectKr-smartwatch_10\" src=\"\/wp-content\/uploads\/replace\/7daff6e77f512007132cd5f3ce5bc796.jpeg\" alt=\"KieslectKr-smartwatch_10\" width=\"1920\" height=\"2150\" \/><img loading=\"lazy\" decoding=\"async\" title=\"KieslectKr-smartwatch_11\" src=\"\/wp-content\/uploads\/replace\/c31c05fb1d34a3bf59c31a3967e3c117.jpeg\" alt=\"KieslectKr-smartwatch_11\" width=\"1920\" height=\"940\" \/><img loading=\"lazy\" decoding=\"async\" title=\"KieslectKr-smartwatch_12\" src=\"\/wp-content\/uploads\/replace\/39723d20f51a11837c4e4beac2bdddc0.jpeg\" alt=\"KieslectKr-smartwatch_12\" width=\"1920\" height=\"985\" \/><img loading=\"lazy\" decoding=\"async\" title=\"KieslectKr-smartwatch_13\" src=\"\/wp-content\/uploads\/replace\/22430ee9286faeac81efe6e4a15f65ed.jpeg\" alt=\"KieslectKr-smartwatch_13\" width=\"1920\" height=\"1065\" \/><img loading=\"lazy\" decoding=\"async\" title=\"KieslectKr-smartwatch_14\" src=\"\/wp-content\/uploads\/replace\/3917e7d2c3fa0874c661228991643395.jpeg\" alt=\"KieslectKr-smartwatch_14\" width=\"1920\" height=\"1430\" \/><img loading=\"lazy\" decoding=\"async\" title=\"KieslectKr-smartwatch_15\" src=\"\/wp-content\/uploads\/replace\/8381944313239db0d339a9a50300659a.jpeg\" alt=\"KieslectKr-smartwatch_15\" width=\"1920\" height=\"2095\" \/><img loading=\"lazy\" decoding=\"async\" title=\"KieslectKr-smartwatch_16\" src=\"\/wp-content\/uploads\/replace\/b1b07efe95c8f83c6dfb08d365a2b11a.jpeg\" alt=\"KieslectKr-smartwatch_16\" width=\"1920\" height=\"1860\" \/><br \/>\nZegarek Kieslect Smart Calling Watch Kr jest wyposa\u017cony w trzeci na \u015bwiecie rdzeniowy uk\u0142ad telefoniczny 2 w 1, dzi\u0119ki kt\u00f3remu mo\u017cesz cieszy\u0107 si\u0119 p\u0142ynnymi po\u0142\u0105czeniami z silnym sygna\u0142em i stabilnym po\u0142\u0105czeniem bezpo\u015brednio na nadgarstku.<br \/>\n<strong>Funkcje i cechy:<\/strong><br \/>\n<strong>\u25cf Trzeci na \u015bwiecie rdzeniowy uk\u0142ad wywo\u0142awczy 2 w 1<\/strong><br \/>\nKieslect Kr jest wyposa\u017cony w trzeci na \u015bwiecie rdzeniowy uk\u0142ad telefoniczny 2 w 1, kt\u00f3ry pojawia si\u0119 dopiero po Apple i Samsungu. Ma znacznie silniejsze po\u0142\u0105czenie Bluetooth ni\u017c AirPods, stabilniejsze rozmowy ni\u017c wi\u0119kszo\u015b\u0107 telefon\u00f3w do rozm\u00f3w dost\u0119pnych na rynku, zapewniaj\u0105c p\u0142ynne prowadzenie rozm\u00f3w w dowolnym miejscu i czasie, nawet w najbardziej niewygodnych sytuacjach.<br \/>\n<strong>\u25cf Odtwarzacz muzyki<\/strong><br \/>\nDzi\u0119ki wbudowanym g\u0142o\u015bnikom Kr mo\u017ce odtwarza\u0107 playlist\u0119 z Twojego telefonu bezpo\u015brednio na zegarku. Steruj muzyk\u0105 i prze\u0142\u0105czaj ulubione utwory za pomoc\u0105 zegarka, bez konieczno\u015bci trzymania telefonu kom\u00f3rkowego w d\u0142oni lub kieszeni.<br \/>\n<strong>\u25cf Asystent g\u0142osowy AI<\/strong><br \/>\nDzi\u0119ki wbudowanemu asystentowi g\u0142osowemu Al Voice Assistant mo\u017cesz z \u0142atwo\u015bci\u0105 wykonywa\u0107 po\u0142\u0105czenia telefoniczne, odtwarza\u0107 muzyk\u0119, ustawia\u0107 alarm, zadawa\u0107 pytania i wykonywa\u0107 inne czynno\u015bci. Wystarczy, \u017ce przeka\u017cesz instrukcje inteligentnemu asystentowi g\u0142osowemu, a pomo\u017ce Ci on wykona\u0107 takie operacje, jak w\u0142\u0105czenie trybu sportowego lub otwarcie funkcji pomiaru stanu zdrowia.<br \/>\n<strong>\u25cf 70 tryb\u00f3w sportowych<\/strong><br \/>\nZegarek wywo\u0142uj\u0105cy Kr obs\u0142uguje 70 tryb\u00f3w sportowych i rejestruje efektywne dane sportowe. Potrafi tak\u017ce inteligentnie rozpozna\u0107 Twoje ruchy i rozpocz\u0105\u0107 rejestrowanie powi\u0105zanych danych sportowych.<br \/>\n<strong>\u25cf Testy stresu i nastroju oraz gry<\/strong><br \/>\nInteligentny zegarek mo\u017ce wykry\u0107 poziom stresu i okre\u015bli\u0107 stan nastroju. \u015aledzi Twoje samopoczucie od bardzo spokojnego do bardzo zestresowanego, aby zyska\u0107 \u015bwiadomo\u015b\u0107 swojego dobrostanu emocjonalnego i jego zmian. U\u017cyj Kr, aby zrozumie\u0107 sw\u00f3j stres i zrelaksowa\u0107 si\u0119 dzi\u0119ki wbudowanym grom.<br \/>\n<strong>\u25cf Ochrona has\u0142em<\/strong><br \/>\nOchrona has\u0142em przydaje si\u0119, gdy nie chcesz, aby inne osoby mia\u0142y dost\u0119p do Twojej listy kontakt\u00f3w i innych poufnych informacji. Ustaw has\u0142o, aby chroni\u0107 swoj\u0105 prywatno\u015b\u0107, a tak\u017ce automatycznie zablokuje ekran w przypadku utraty po\u0142\u0105czenia z telefonem.<\/p>","protected":false},"excerpt":{"rendered":"<ul>\n<li>\ud83c\udf88 Zegarek do po\u0142\u0105cze\u0144 Bluetooth<\/li>\n<li>\ud83c\udf88 Asystent g\u0142osowy AI<\/li>\n<li>\ud83c\udf88 1,32\u2033 P\u00f3\u0142-AMOLED<\/li>\n<li>\ud83c\udf88 Odtwarzacz muzyki<\/li>\n<li>\ud83c\udf88 Zarz\u0105dzanie stresem<\/li>\n<li>\ud83c\udf88 70 tryb\u00f3w treningu<\/li>\n<li>\ud83c\udf88 Zar\u00f3wno na Androida, jak i iOS<\/li>\n<\/ul>","protected":false},"featured_media":23780,"comment_status":"open","ping_status":"closed","template":"","meta":[],"product_brand":[],"product_cat":[15,463,462,417,461],"product_tag":[],"class_list":{"0":"post-23747","1":"product","2":"type-product","3":"status-publish","4":"has-post-thumbnail","6":"product_cat-smartwatch","7":"product_cat-calling-smartwatch","8":"product_cat-calling-watch","9":"product_cat-essential-series","10":"product_cat-smart-watches-for-men","12":"first","13":"instock","14":"shipping-taxable","15":"product-type-external"},"aioseo_notices":[],"aioseo_head":"\n\t\t<!-- All in One SEO Pro 4.6.5 - aioseo.com -->\n\t\t<meta name=\"description\" content=\"\ud83c\udf88 Bluetooth Calling Watch \ud83c\udf88 AI Voice Assistant \ud83c\udf88 1.32&quot; Semi-AMOLED \ud83c\udf88 Music Player \ud83c\udf88 Stress Management \ud83c\udf88 70 Workout Modes \ud83c\udf88 For both Android and IOS\" \/>\n\t\t<meta name=\"robots\" content=\"max-image-preview:large\" \/>\n\t\t<link rel=\"canonical\" href=\"http:\/\/www.kieslect.com\/pl\/produkt\/kieslect-smart-calling-watch-kr\/\" \/>\n\t\t<meta name=\"generator\" content=\"All in One SEO Pro (AIOSEO) 4.6.5\" \/>\n\t\t<meta property=\"og:locale\" content=\"pl_PL\" \/>\n\t\t<meta property=\"og:site_name\" content=\"Kieslect - A Trusted Global Provider of Smart Wearable Solution\" \/>\n\t\t<meta property=\"og:type\" content=\"article\" \/>\n\t\t<meta property=\"og:title\" content=\"Kieslect Smart Calling Watch Kr - Kieslect\" \/>\n\t\t<meta property=\"og:description\" content=\"\ud83c\udf88 Bluetooth Calling Watch \ud83c\udf88 AI Voice Assistant \ud83c\udf88 1.32&quot; Semi-AMOLED \ud83c\udf88 Music Player \ud83c\udf88 Stress Management \ud83c\udf88 70 Workout Modes \ud83c\udf88 For both Android and IOS\" \/>\n\t\t<meta property=\"og:url\" content=\"http:\/\/www.kieslect.com\/pl\/produkt\/kieslect-smart-calling-watch-kr\/\" \/>\n\t\t<meta property=\"og:image\" content=\"http:\/\/www.kieslect.com\/wp-content\/uploads\/replace\/83a7c94e588d71936bb1ab2a1c752869.jpeg\" \/>\n\t\t<meta property=\"og:image:width\" content=\"300\" \/>\n\t\t<meta property=\"og:image:height\" content=\"169\" \/>\n\t\t<meta property=\"article:published_time\" content=\"2024-01-16T11:47:49+00:00\" \/>\n\t\t<meta property=\"article:modified_time\" content=\"2026-03-31T14:32:04+00:00\" \/>\n\t\t<meta property=\"article:publisher\" content=\"https:\/\/www.facebook.com\/KieslectOfficial\/\" \/>\n\t\t<meta name=\"twitter:card\" content=\"summary_large_image\" \/>\n\t\t<meta name=\"twitter:site\" content=\"@kieslect\" \/>\n\t\t<meta name=\"twitter:title\" content=\"Kieslect Smart Calling Watch Kr - Kieslect\" \/>\n\t\t<meta name=\"twitter:description\" content=\"\ud83c\udf88 Bluetooth Calling Watch \ud83c\udf88 AI Voice Assistant \ud83c\udf88 1.32&quot; Semi-AMOLED \ud83c\udf88 Music Player \ud83c\udf88 Stress Management \ud83c\udf88 70 Workout Modes \ud83c\udf88 For both Android and IOS\" \/>\n\t\t<meta name=\"twitter:creator\" content=\"@kieslect\" \/>\n\t\t<meta name=\"twitter:image\" content=\"https:\/\/www.kieslect.com\/wp-content\/uploads\/replace\/83a7c94e588d71936bb1ab2a1c752869.jpeg\" \/>\n\t\t<script type=\"application\/ld+json\" class=\"aioseo-schema\">\n\t\t\t{\"@context\":\"https:\\\/\\\/schema.org\",\"@graph\":[{\"@type\":\"BreadcrumbList\",\"@id\":\"http:\\\/\\\/www.kieslect.com\\\/pl\\\/produkt\\\/kieslect-smart-calling-watch-kr\\\/#breadcrumblist\",\"itemListElement\":[{\"@type\":\"ListItem\",\"@id\":\"http:\\\/\\\/www.kieslect.com\\\/pl\\\/#listItem\",\"position\":1,\"name\":\"Home\",\"item\":\"http:\\\/\\\/www.kieslect.com\\\/pl\\\/\",\"nextItem\":\"http:\\\/\\\/www.kieslect.com\\\/pl\\\/produkt\\\/kieslect-smart-calling-watch-kr\\\/#listItem\"},{\"@type\":\"ListItem\",\"@id\":\"http:\\\/\\\/www.kieslect.com\\\/pl\\\/produkt\\\/kieslect-smart-calling-watch-kr\\\/#listItem\",\"position\":2,\"name\":\"Kieslect Smart  Calling Watch Kr\",\"previousItem\":\"http:\\\/\\\/www.kieslect.com\\\/pl\\\/#listItem\"}]},{\"@type\":\"Organization\",\"@id\":\"http:\\\/\\\/www.kieslect.com\\\/pl\\\/#organization\",\"name\":\"Kieslect Smartwatch\",\"description\":\"A Trusted Global Provider of Smart Wearable Solution\",\"url\":\"http:\\\/\\\/www.kieslect.com\\\/pl\\\/\",\"logo\":{\"@type\":\"ImageObject\",\"url\":\"https:\\\/\\\/www.kieslect.com\\\/wp-content\\\/uploads\\\/2024\\\/01\\\/Kieslect-Logo-2_1_335x75_crop_center-1.webp\",\"@id\":\"http:\\\/\\\/www.kieslect.com\\\/pl\\\/produkt\\\/kieslect-smart-calling-watch-kr\\\/#organizationLogo\",\"width\":335,\"height\":75},\"image\":{\"@id\":\"http:\\\/\\\/www.kieslect.com\\\/pl\\\/produkt\\\/kieslect-smart-calling-watch-kr\\\/#organizationLogo\"},\"sameAs\":[\"https:\\\/\\\/www.facebook.com\\\/KieslectOfficial\\\/\",\"https:\\\/\\\/twitter.com\\\/kieslect\",\"https:\\\/\\\/www.instagram.com\\\/kieslect\\\/\"]},{\"@type\":\"Product\",\"@id\":\"http:\\\/\\\/www.kieslect.com\\\/pl\\\/produkt\\\/kieslect-smart-calling-watch-kr\\\/#wooCommerceProduct\",\"name\":\"Kieslect Smart  Calling Watch Kr\",\"description\":\"\\ud83c\\udf88 Bluetooth Calling Watch\\r\\n \\t\\ud83c\\udf88 AI Voice Assistant\\r\\n \\t\\ud83c\\udf88 1.32\\\" Semi-AMOLED\\r\\n \\t\\ud83c\\udf88 Music Player\\r\\n \\t\\ud83c\\udf88 Stress Management\\r\\n \\t\\ud83c\\udf88 70 Workout Modes\\r\\n \\t\\ud83c\\udf88 For both Android and IOS\",\"url\":\"http:\\\/\\\/www.kieslect.com\\\/pl\\\/produkt\\\/kieslect-smart-calling-watch-kr\\\/\",\"image\":{\"@type\":\"ImageObject\",\"url\":\"https:\\\/\\\/www.kieslect.com\\\/wp-content\\\/uploads\\\/2024\\\/01\\\/kieslect-kr-2-2.jpg\",\"@id\":\"http:\\\/\\\/www.kieslect.com\\\/pl\\\/produkt\\\/kieslect-smart-calling-watch-kr\\\/#productImage\",\"width\":800,\"height\":800},\"offers\":{\"@type\":\"Offer\",\"url\":\"http:\\\/\\\/www.kieslect.com\\\/pl\\\/produkt\\\/kieslect-smart-calling-watch-kr\\\/#wooCommerceOffer\",\"price\":0,\"priceCurrency\":\"USD\",\"category\":\"Smartwatch\",\"availability\":\"https:\\\/\\\/schema.org\\\/InStock\",\"seller\":{\"@type\":\"Organization\",\"@id\":\"http:\\\/\\\/www.kieslect.com\\\/pl\\\/#organization\"}},\"aggregateRating\":{\"@type\":\"AggregateRating\",\"@id\":\"http:\\\/\\\/www.kieslect.com\\\/pl\\\/produkt\\\/kieslect-smart-calling-watch-kr\\\/#aggregrateRating\",\"worstRating\":1,\"bestRating\":5,\"ratingValue\":5,\"reviewCount\":2},\"review\":[{\"@type\":\"Review\",\"reviewRating\":{\"@type\":\"Rating\",\"ratingValue\":5,\"worstRating\":1,\"bestRating\":5},\"author\":{\"@type\":\"Person\",\"name\":\"Felix Cohen\"},\"datePublished\":\"2025-07-01T02:32:31+08:00\",\"reviewBody\":\"Muy satisfecho con este kr2. Buenas duraci\\u00f3n de bater\\u00eda, llamadas perfectas, resultados de actividad muy buenos, lindo dise\\u00f1o\"},{\"@type\":\"Review\",\"reviewRating\":{\"@type\":\"Rating\",\"ratingValue\":5,\"worstRating\":1,\"bestRating\":5},\"author\":{\"@type\":\"Person\",\"name\":\"Rayhann\"},\"datePublished\":\"2024-07-24T14:56:11+08:00\",\"reviewBody\":\"Best build quality, all good, comfortable and best design. I like it.\"}]},{\"@type\":\"WebPage\",\"@id\":\"http:\\\/\\\/www.kieslect.com\\\/pl\\\/produkt\\\/kieslect-smart-calling-watch-kr\\\/#webpage\",\"url\":\"http:\\\/\\\/www.kieslect.com\\\/pl\\\/produkt\\\/kieslect-smart-calling-watch-kr\\\/\",\"name\":\"Kieslect Smart Calling Watch Kr - Kieslect\",\"description\":\"\\ud83c\\udf88 Bluetooth Calling Watch \\ud83c\\udf88 AI Voice Assistant \\ud83c\\udf88 1.32\\\" Semi-AMOLED \\ud83c\\udf88 Music Player \\ud83c\\udf88 Stress Management \\ud83c\\udf88 70 Workout Modes \\ud83c\\udf88 For both Android and IOS\",\"inLanguage\":\"pl-PL\",\"isPartOf\":{\"@id\":\"http:\\\/\\\/www.kieslect.com\\\/pl\\\/#website\"},\"breadcrumb\":{\"@id\":\"http:\\\/\\\/www.kieslect.com\\\/pl\\\/produkt\\\/kieslect-smart-calling-watch-kr\\\/#breadcrumblist\"},\"image\":{\"@type\":\"ImageObject\",\"url\":\"https:\\\/\\\/www.kieslect.com\\\/wp-content\\\/uploads\\\/2024\\\/01\\\/kieslect-kr-2-2.jpg\",\"@id\":\"http:\\\/\\\/www.kieslect.com\\\/pl\\\/produkt\\\/kieslect-smart-calling-watch-kr\\\/#mainImage\",\"width\":800,\"height\":800},\"primaryImageOfPage\":{\"@id\":\"http:\\\/\\\/www.kieslect.com\\\/pl\\\/produkt\\\/kieslect-smart-calling-watch-kr\\\/#mainImage\"},\"datePublished\":\"2024-01-16T11:47:49+08:00\",\"dateModified\":\"2026-03-31T22:32:04+08:00\"},{\"@type\":\"WebSite\",\"@id\":\"http:\\\/\\\/www.kieslect.com\\\/pl\\\/#website\",\"url\":\"http:\\\/\\\/www.kieslect.com\\\/pl\\\/\",\"name\":\"Kieslect\",\"description\":\"A Trusted Global Provider of Smart Wearable Solution\",\"inLanguage\":\"pl-PL\",\"publisher\":{\"@id\":\"http:\\\/\\\/www.kieslect.com\\\/pl\\\/#organization\"}}]}\n\t\t<\/script>\n\t\t<!-- All in One SEO Pro -->\r\n\t\t<title>Kieslect Smart Calling Watch Kr - Kieslect<\/title>\n\n","aioseo_head_json":{"title":"Kieslect Smart Calling Watch Kr - Kieslect","description":"\ud83c\udf88 Bluetooth Calling Watch \ud83c\udf88 AI Voice Assistant \ud83c\udf88 1.32\" Semi-AMOLED \ud83c\udf88 Music Player \ud83c\udf88 Stress Management \ud83c\udf88 70 Workout Modes \ud83c\udf88 For both Android and IOS","canonical_url":"http:\/\/www.kieslect.com\/pl\/produkt\/kieslect-smart-calling-watch-kr\/","robots":"max-image-preview:large","keywords":"","webmasterTools":{"miscellaneous":""},"og:locale":"pl_PL","og:site_name":"Kieslect - A Trusted Global Provider of Smart Wearable Solution","og:type":"article","og:title":"Kieslect Smart Calling Watch Kr - Kieslect","og:description":"\ud83c\udf88 Bluetooth Calling Watch \ud83c\udf88 AI Voice Assistant \ud83c\udf88 1.32&quot; Semi-AMOLED \ud83c\udf88 Music Player \ud83c\udf88 Stress Management \ud83c\udf88 70 Workout Modes \ud83c\udf88 For both Android and IOS","og:url":"http:\/\/www.kieslect.com\/pl\/produkt\/kieslect-smart-calling-watch-kr\/","og:image":"http:\/\/www.kieslect.com\/wp-content\/uploads\/replace\/83a7c94e588d71936bb1ab2a1c752869.jpeg","og:image:width":300,"og:image:height":169,"article:published_time":"2024-01-16T11:47:49+00:00","article:modified_time":"2026-03-31T14:32:04+00:00","article:publisher":"https:\/\/www.facebook.com\/KieslectOfficial\/","twitter:card":"summary_large_image","twitter:site":"@kieslect","twitter:title":"Kieslect Smart Calling Watch Kr - Kieslect","twitter:description":"\ud83c\udf88 Bluetooth Calling Watch \ud83c\udf88 AI Voice Assistant \ud83c\udf88 1.32&quot; Semi-AMOLED \ud83c\udf88 Music Player \ud83c\udf88 Stress Management \ud83c\udf88 70 Workout Modes \ud83c\udf88 For both Android and IOS","twitter:creator":"@kieslect","twitter:image":"https:\/\/www.kieslect.com\/wp-content\/uploads\/replace\/83a7c94e588d71936bb1ab2a1c752869.jpeg","schema":{"@context":"https:\/\/schema.org","@graph":[{"@type":"BreadcrumbList","@id":"http:\/\/www.kieslect.com\/pl\/produkt\/kieslect-smart-calling-watch-kr\/#breadcrumblist","itemListElement":[{"@type":"ListItem","@id":"http:\/\/www.kieslect.com\/pl\/#listItem","position":1,"name":"Home","item":"http:\/\/www.kieslect.com\/pl\/","nextItem":"http:\/\/www.kieslect.com\/pl\/produkt\/kieslect-smart-calling-watch-kr\/#listItem"},{"@type":"ListItem","@id":"http:\/\/www.kieslect.com\/pl\/produkt\/kieslect-smart-calling-watch-kr\/#listItem","position":2,"name":"Kieslect Smart  Calling Watch Kr","previousItem":"http:\/\/www.kieslect.com\/pl\/#listItem"}]},{"@type":"Organization","@id":"http:\/\/www.kieslect.com\/pl\/#organization","name":"Kieslect Smartwatch","description":"A Trusted Global Provider of Smart Wearable Solution","url":"http:\/\/www.kieslect.com\/pl\/","logo":{"@type":"ImageObject","url":"https:\/\/www.kieslect.com\/wp-content\/uploads\/2024\/01\/Kieslect-Logo-2_1_335x75_crop_center-1.webp","@id":"http:\/\/www.kieslect.com\/pl\/produkt\/kieslect-smart-calling-watch-kr\/#organizationLogo","width":335,"height":75},"image":{"@id":"http:\/\/www.kieslect.com\/pl\/produkt\/kieslect-smart-calling-watch-kr\/#organizationLogo"},"sameAs":["https:\/\/www.facebook.com\/KieslectOfficial\/","https:\/\/twitter.com\/kieslect","https:\/\/www.instagram.com\/kieslect\/"]},{"@type":"Product","@id":"http:\/\/www.kieslect.com\/pl\/produkt\/kieslect-smart-calling-watch-kr\/#wooCommerceProduct","name":"Kieslect Smart  Calling Watch Kr","description":"\ud83c\udf88 Bluetooth Calling Watch\r\n \t\ud83c\udf88 AI Voice Assistant\r\n \t\ud83c\udf88 1.32\" Semi-AMOLED\r\n \t\ud83c\udf88 Music Player\r\n \t\ud83c\udf88 Stress Management\r\n \t\ud83c\udf88 70 Workout Modes\r\n \t\ud83c\udf88 For both Android and IOS","url":"http:\/\/www.kieslect.com\/pl\/produkt\/kieslect-smart-calling-watch-kr\/","image":{"@type":"ImageObject","url":"https:\/\/www.kieslect.com\/wp-content\/uploads\/2024\/01\/kieslect-kr-2-2.jpg","@id":"http:\/\/www.kieslect.com\/pl\/produkt\/kieslect-smart-calling-watch-kr\/#productImage","width":800,"height":800},"offers":{"@type":"Offer","url":"http:\/\/www.kieslect.com\/pl\/produkt\/kieslect-smart-calling-watch-kr\/#wooCommerceOffer","price":0,"priceCurrency":"USD","category":"Smartwatch","availability":"https:\/\/schema.org\/InStock","seller":{"@type":"Organization","@id":"http:\/\/www.kieslect.com\/pl\/#organization"}},"aggregateRating":{"@type":"AggregateRating","@id":"http:\/\/www.kieslect.com\/pl\/produkt\/kieslect-smart-calling-watch-kr\/#aggregrateRating","worstRating":1,"bestRating":5,"ratingValue":5,"reviewCount":2},"review":[{"@type":"Review","reviewRating":{"@type":"Rating","ratingValue":5,"worstRating":1,"bestRating":5},"author":{"@type":"Person","name":"Felix Cohen"},"datePublished":"2025-07-01T02:32:31+08:00","reviewBody":"Muy satisfecho con este kr2. Buenas duraci\u00f3n de bater\u00eda, llamadas perfectas, resultados de actividad muy buenos, lindo dise\u00f1o"},{"@type":"Review","reviewRating":{"@type":"Rating","ratingValue":5,"worstRating":1,"bestRating":5},"author":{"@type":"Person","name":"Rayhann"},"datePublished":"2024-07-24T14:56:11+08:00","reviewBody":"Best build quality, all good, comfortable and best design. I like it."}]},{"@type":"WebPage","@id":"http:\/\/www.kieslect.com\/pl\/produkt\/kieslect-smart-calling-watch-kr\/#webpage","url":"http:\/\/www.kieslect.com\/pl\/produkt\/kieslect-smart-calling-watch-kr\/","name":"Kieslect Smart Calling Watch Kr - Kieslect","description":"\ud83c\udf88 Bluetooth Calling Watch \ud83c\udf88 AI Voice Assistant \ud83c\udf88 1.32\" Semi-AMOLED \ud83c\udf88 Music Player \ud83c\udf88 Stress Management \ud83c\udf88 70 Workout Modes \ud83c\udf88 For both Android and IOS","inLanguage":"pl-PL","isPartOf":{"@id":"http:\/\/www.kieslect.com\/pl\/#website"},"breadcrumb":{"@id":"http:\/\/www.kieslect.com\/pl\/produkt\/kieslect-smart-calling-watch-kr\/#breadcrumblist"},"image":{"@type":"ImageObject","url":"https:\/\/www.kieslect.com\/wp-content\/uploads\/2024\/01\/kieslect-kr-2-2.jpg","@id":"http:\/\/www.kieslect.com\/pl\/produkt\/kieslect-smart-calling-watch-kr\/#mainImage","width":800,"height":800},"primaryImageOfPage":{"@id":"http:\/\/www.kieslect.com\/pl\/produkt\/kieslect-smart-calling-watch-kr\/#mainImage"},"datePublished":"2024-01-16T11:47:49+08:00","dateModified":"2026-03-31T22:32:04+08:00"},{"@type":"WebSite","@id":"http:\/\/www.kieslect.com\/pl\/#website","url":"http:\/\/www.kieslect.com\/pl\/","name":"Kieslect","description":"A Trusted Global Provider of Smart Wearable Solution","inLanguage":"pl-PL","publisher":{"@id":"http:\/\/www.kieslect.com\/pl\/#organization"}}]}},"aioseo_meta_data":{"post_id":"23747","title":null,"description":null,"keywords":null,"keyphrases":"{\"focus\":{\"keyphrase\":\"\",\"score\":0,\"analysis\":{\"keyphraseInTitle\":{\"score\":0,\"maxScore\":9,\"error\":1}}},\"additional\":[]}","primary_term":null,"canonical_url":null,"og_title":null,"og_description":null,"og_object_type":"default","og_image_type":"default","og_image_url":null,"og_image_width":null,"og_image_height":null,"og_image_custom_url":null,"og_image_custom_fields":null,"og_video":"","og_custom_url":null,"og_article_section":null,"og_article_tags":null,"twitter_use_og":false,"twitter_card":"default","twitter_image_type":"default","twitter_image_url":null,"twitter_image_custom_url":null,"twitter_image_custom_fields":null,"twitter_title":null,"twitter_description":null,"schema":{"blockGraphs":[],"customGraphs":[],"default":{"data":{"Article":[],"Course":[],"Dataset":[],"FAQPage":[],"Movie":[],"Person":[],"Product":[],"Recipe":[],"Service":[],"SoftwareApplication":[],"WebPage":[]},"graphName":"Product","isEnabled":true},"graphs":[]},"schema_type":"default","schema_type_options":null,"pillar_content":false,"robots_default":true,"robots_noindex":false,"robots_noarchive":false,"robots_nosnippet":false,"robots_nofollow":false,"robots_noimageindex":false,"robots_noodp":false,"robots_notranslate":false,"robots_max_snippet":"-1","robots_max_videopreview":"-1","robots_max_imagepreview":"large","priority":null,"frequency":"default","local_seo":null,"limit_modified_date":false,"created":"2024-02-26 12:21:33","updated":"2026-03-31 14:42:17"},"aioseo_breadcrumb":"<div class=\"aioseo-breadcrumbs\"><span class=\"aioseo-breadcrumb\">\n\t<a href=\"http:\/\/www.kieslect.com\/pl\" title=\"Home\">Home<\/a>\n<\/span><span class=\"aioseo-breadcrumb-separator\">&raquo;<\/span><span class=\"aioseo-breadcrumb\">\n\t<a href=\"http:\/\/www.kieslect.com\/pl\/shop\/\" title=\"Shop\">Shop<\/a>\n<\/span><span class=\"aioseo-breadcrumb-separator\">&raquo;<\/span><span class=\"aioseo-breadcrumb\">\n\t<a href=\"http:\/\/www.kieslect.com\/pl\/kategoria-produktu\/smartwatch\/\" title=\"Smartwatch\">Smartwatch<\/a>\n<\/span><span class=\"aioseo-breadcrumb-separator\">&raquo;<\/span><span class=\"aioseo-breadcrumb\">\n\t<a href=\"http:\/\/www.kieslect.com\/pl\/kategoria-produktu\/smartwatch\/essential-series\/\" title=\"Essential Series\">Essential Series<\/a>\n<\/span><span class=\"aioseo-breadcrumb-separator\">&raquo;<\/span><span class=\"aioseo-breadcrumb\">\n\tKieslect Smart  Calling Watch Kr\n<\/span><\/div>","aioseo_breadcrumb_json":[{"label":"Home","link":"http:\/\/www.kieslect.com\/pl"},{"label":"Shop","link":"http:\/\/www.kieslect.com\/pl\/shop\/"},{"label":"Smartwatch","link":"http:\/\/www.kieslect.com\/pl\/kategoria-produktu\/smartwatch\/"},{"label":"Essential Series","link":"http:\/\/www.kieslect.com\/pl\/kategoria-produktu\/smartwatch\/essential-series\/"},{"label":"Kieslect Smart  Calling Watch Kr","link":"http:\/\/www.kieslect.com\/pl\/produkt\/kieslect-smart-calling-watch-kr\/"}],"_links":{"self":[{"href":"http:\/\/www.kieslect.com\/pl\/wp-json\/wp\/v2\/product\/23747","targetHints":{"allow":["GET"]}}],"collection":[{"href":"http:\/\/www.kieslect.com\/pl\/wp-json\/wp\/v2\/product"}],"about":[{"href":"http:\/\/www.kieslect.com\/pl\/wp-json\/wp\/v2\/types\/product"}],"replies":[{"embeddable":true,"href":"http:\/\/www.kieslect.com\/pl\/wp-json\/wp\/v2\/comments?post=23747"}],"version-history":[{"count":0,"href":"http:\/\/www.kieslect.com\/pl\/wp-json\/wp\/v2\/product\/23747\/revisions"}],"wp:featuredmedia":[{"embeddable":true,"href":"http:\/\/www.kieslect.com\/pl\/wp-json\/wp\/v2\/media\/23780"}],"wp:attachment":[{"href":"http:\/\/www.kieslect.com\/pl\/wp-json\/wp\/v2\/media?parent=23747"}],"wp:term":[{"taxonomy":"product_brand","embeddable":true,"href":"http:\/\/www.kieslect.com\/pl\/wp-json\/wp\/v2\/product_brand?post=23747"},{"taxonomy":"product_cat","embeddable":true,"href":"http:\/\/www.kieslect.com\/pl\/wp-json\/wp\/v2\/product_cat?post=23747"},{"taxonomy":"product_tag","embeddable":true,"href":"http:\/\/www.kieslect.com\/pl\/wp-json\/wp\/v2\/product_tag?post=23747"}],"curies":[{"name":"wp","href":"https:\/\/api.w.org\/{rel}","templated":true}]}}