{"id":26572,"date":"2024-01-16T17:56:37","date_gmt":"2024-01-16T17:56:37","guid":{"rendered":"http:\/\/www.kieslect.com\/?page_id=26572"},"modified":"2025-02-26T13:53:51","modified_gmt":"2025-02-26T05:53:51","slug":"warranty-and-return-policy","status":"publish","type":"page","link":"http:\/\/www.kieslect.com\/pl\/warranty-and-return-policy\/","title":{"rendered":"Gwarancja i zasady zwrot\u00f3w"},"content":{"rendered":"<p><strong>Gwarancja Kieslect i zasady zwrot\u00f3w<\/strong><\/p><p>Gwarancja sklepu Kieslect: Niniejsza polityka obejmuje wy\u0142\u0105cznie produkty zakupione w oficjalnym sklepie internetowym Kieslect. Aby zagwarantowa\u0107 autentyczno\u015b\u0107 i ochron\u0119 gwarancyjn\u0105 produktu Kieslect, zdecydowanie zalecamy dokonywanie zakup\u00f3w na naszej oficjalnej platformie internetowej.<\/p><p><strong>One-Year Limited Product Warranty:<\/strong>\u00a0<\/p><p>Niniejsza gwarancja ma zastosowanie wy\u0142\u0105cznie do Produkt\u00f3w sprzedawanych klientom za po\u015brednictwem oficjalnego sklepu internetowego Kieslect.<\/p><p>\u00a0Warrantor:This One-year limited consumer warranty (&#8220;Warranty&#8221;) is issued by Shanghai Kieslect Technology Company Limited.<\/p><p>\u00a0Gwarancja: Niniejsza Gwarancja, wydana przez Kieslect konsumentowi (\u201eKonsument\u201d lub \u201eTy\u201d), dotyczy os\u00f3b fizycznych lub podmiot\u00f3w, kt\u00f3re kupuj\u0105 nowe, kwalifikuj\u0105ce si\u0119 urz\u0105dzenie bezpo\u015brednio w oficjalnym sklepie internetowym Kieslect. Niniejsza gwarancja jest nieprzenoszalna i przys\u0142uguje wy\u0142\u0105cznie pierwotnemu nabywcy.<\/p><p><strong>Urz\u0105dzenia obj\u0119te:<\/strong><\/p><p>Nowe, fizyczne urz\u0105dzenia sprz\u0119towe Kieslect (\u201eUrz\u0105dzenie\u201d) s\u0105 obj\u0119te niniejsz\u0105 gwarancj\u0105, je\u015bli znajduj\u0105 si\u0119 w oryginalnym opakowaniu lub s\u0105 wymieniane w ramach sprzeda\u017cy online lub procesu konfiguracji Produktu. Rejestracja produktu nie jest warunkiem wst\u0119pnym skorzystania z gwarancji, chocia\u017c pe\u0142na funkcjonalno\u015b\u0107 niekt\u00f3rych Produkt\u00f3w Kieslect mo\u017ce wymaga\u0107 po\u0142\u0105czenia z kontem internetowym Kieslect.<\/p><p><strong>Gwarantowana funkcjonalno\u015b\u0107:<\/strong>\u00a0<\/p><p>Kieslect warrants that the Device will function substantially as per the technical specifications or accompanying documentation (&#8220;Warranted Functionality&#8221;) for one (1) years from the original purchase date (&#8220;Warranty Period&#8221;). Should the Device require Kieslect software or services to achieve the Warranted Functionality, Kieslect commits to providing such support during the Warranty Period, subject to updates or modifications at our discretion, provided that the Warranted Functionality is either maintained or enhanced.<\/p><p><strong>Wy\u0142\u0105czenia:<\/strong>\u00a0<\/p><p>Wy\u0142\u0105czenia: Niniejsza gwarancja jest ograniczona i nie ma zastosowania do:<\/p><p>(i)\u00a0normal wear and tear;<\/p><p>(ii)\u00a0defects or damage caused by misuse(Including the use of the product in corrosive water), accident (including without limitation collision, fire, flood, earthquake and the spillage of food or liquid), neglect, abuse, alteration, unusual stress, modification, improper or unauthorized repair, installation, wiring, or testing, improper storage, use with unsuitable devices, software or services;<\/p><p>(iii)\u00a0use not in accordance with the documentation;<\/p><p>(iv)\u00a0damage caused by third party equipment with which the Device is used; (v) commercial use or resale;<\/p><p>(v)\u00a0used or resold Products;<\/p><p>(vi)\u00a0use for medical, healthcare or treatment purposes;<\/p><p>(vii)\u00a0features or performance parameters pertaining to any software or services beyond the Warranted Functionality of the Device.<\/p><p>Dla jasno\u015bci, niniejsza gwarancja nie obejmuje gwarancji dost\u0119pno\u015bci, bezpiecze\u0144stwa danych aplikacji lub kont online, nieprzerwanego dzia\u0142ania oprogramowania ani braku b\u0142\u0119d\u00f3w. Jest ona niewa\u017cna w przypadku manipulacji przy Urz\u0105dzeniu. Gwarancja nie obejmuje utraty danych ani szk\u00f3d wt\u00f3rnych lub przypadkowych. O ile nie okre\u015blono inaczej, Kieslect nie oferuje \u017cadnych innych gwarancji na Urz\u0105dzenie lub pod\u0142\u0105czone oprogramowanie lub us\u0142ugi. Dodatkowe warunki:<\/p><p>\u00a0Koszty wysy\u0142ki, op\u0142aty za pakowanie prezent\u00f3w i podatki nie podlegaj\u0105 zwrotowi.<\/p><p>\u00a0Klienci ponosz\u0105 wszelkie koszty wysy\u0142ki i ryzyko zwi\u0105zane ze zwracanymi Produktami.<\/p><p>\u00a0Zwroty bez Kieslect RMA lub brakuj\u0105cych cz\u0119\u015bci mog\u0105 zosta\u0107 odrzucone lub wi\u0105za\u0107 si\u0119 z op\u0142at\u0105 za uzupe\u0142nienie zapas\u00f3w.<\/p><p>\u00a0Zwroty \u015brodk\u00f3w s\u0105 realizowane w ci\u0105gu czterech tygodni od otrzymania.<\/p><p><strong>Ograniczenie odpowiedzialno\u015bci:<\/strong>\u00a0W ramach niniejszej Gwarancji firma Kieslect nie ponosi odpowiedzialno\u015bci za szkody po\u015brednie, przypadkowe, karne lub wt\u00f3rne, w tym mi\u0119dzy innymi za utrat\u0119 zysk\u00f3w, danych, korzystania z Urz\u0105dzenia lub powi\u0105zanego sprz\u0119tu, koszty wymiany lub roszczenia stron trzecich.<\/p><p><strong>Prawo rz\u0105dowe:<\/strong><\/p><p>\u00a0Niniejsza Ograniczona gwarancja podlega prawu chi\u0144skiemu. Przyznaje Ci okre\u015blone prawa, ale mo\u017cesz mie\u0107 tak\u017ce inne prawa, kt\u00f3re r\u00f3\u017cni\u0105 si\u0119 w zale\u017cno\u015bci od stanu. Nale\u017cy pami\u0119ta\u0107, \u017ce niekt\u00f3re stany nie zezwalaj\u0105 na wy\u0142\u0105czenie lub ograniczenie szk\u00f3d przypadkowych lub wynikowych, wi\u0119c te ograniczenia lub wy\u0142\u0105czenia mog\u0105 nie mie\u0107 zastosowania w Twoim przypadku.<\/p><p><strong>\u015arodki zaradcze:<\/strong><\/p><p>\u00a0Jedynym \u015brodkiem zaradczym dla Konsumenta w ramach niniejszej Gwarancji i wy\u0142\u0105czn\u0105 odpowiedzialno\u015bci\u0105 firmy Kieslect jest naprawa lub wymiana wadliwego Urz\u0105dzenia przez Kieslect albo aktualizacja oprogramowania lub us\u0142ug, aby zapewni\u0107 dzia\u0142anie Urz\u0105dzenia zgodnie z gwarancj\u0105. Wyb\u00f3r naprawy, wymiany lub aktualizacji oprogramowania zale\u017cy od uznania firmy Kieslect. Zamienniki mog\u0105 by\u0107 nowe lub regenerowane. Je\u017celi wymiana wadliwego Urz\u0105dzenia zostanie uznana za nieuzasadnion\u0105, Kieslect mo\u017ce zwr\u00f3ci\u0107 cen\u0119 zakupu.<\/p><p><strong>Proces reklamacyjny:<\/strong><\/p><p>\u00a0Aby skorzysta\u0107 ze \u015brodk\u00f3w prawnych wynikaj\u0105cych z niniejszej Gwarancji, Kieslect musi otrzyma\u0107 roszczenie Konsumenta przed up\u0142ywem Okresu Gwarancji. Konsument ma obowi\u0105zek uzyska\u0107 od firmy Kieslect autoryzacj\u0119 zwrotu materia\u0142u (\u201eRMA\u201d) i zwr\u00f3ci\u0107 wadliwe Urz\u0105dzenie w oryginalnym opakowaniu (lub opakowaniu o r\u00f3wnowa\u017cnej ochronie) wraz z dowodem zakupu na adres podany przez Kieslect. Zgodnie z obowi\u0105zuj\u0105cym prawem do obs\u0142ugi gwarancyjnej mo\u017ce by\u0107 niezb\u0119dny dow\u00f3d zakupu i dope\u0142nienie wymog\u00f3w rejestracyjnych. Konsument ponosi wszelkie koszty wysy\u0142ki do Kieslect. Wysy\u0142aj\u0105c Urz\u0105dzenie, Konsument wyra\u017ca zgod\u0119 na przeniesienie w\u0142asno\u015bci na Kieslect. Kieslect nie ma obowi\u0105zku zwrotu oryginalnego Urz\u0105dzenia, a wymiana nie b\u0119dzie obejmowa\u0107 danych Konsumenta. Naprawione lub wymienione Urz\u0105dzenia s\u0105 obj\u0119te gwarancj\u0105 przez pozosta\u0142\u0105 cz\u0119\u015b\u0107 pierwotnego Okresu Gwarancji lub przez 90 dni od otrzymania, w zale\u017cno\u015bci od tego, kt\u00f3ry okres jest d\u0142u\u017cszy. Je\u015bli roszczenie zostanie uznane w ramach niniejszej Gwarancji, firma Kieslect pokryje koszty wysy\u0142ki zwrotnej. Produkty zwr\u00f3cone bez wa\u017cnej reklamacji lub RMA mog\u0105 zosta\u0107 odrzucone, zwr\u00f3cone na koszt nadawcy lub zatrzymane do 30 dni do odbioru przed utylizacj\u0105, wed\u0142ug uznania Kieslect.<\/p><p><strong>Zapytania:<\/strong><\/p><p>\u00a0W przypadku roszcze\u0144 gwarancyjnych lub w razie pyta\u0144 skontaktuj si\u0119 z pomoc\u0105 techniczn\u0105 firmy Kieslect pod adresem store.kieslect.com.<\/p>","protected":false},"excerpt":{"rendered":"<p>Kieslect Warranty and Return Policy Kieslect Store Warranty Coverage: This policy exclusively safeguards products purchased via Kieslect&#8217;s official online store. To guarantee authenticity and warranty protection for your Kieslect Product, we strongly recommend purchasing from our official online platform. One-Year Limited Product Warranty:\u00a0 This warranty is applicable solely to Products sold to customers through Kieslect\u2019s [&hellip;]<\/p>","protected":false},"author":1,"featured_media":0,"parent":0,"menu_order":0,"comment_status":"closed","ping_status":"closed","template":"","meta":{"footnotes":""},"class_list":["post-26572","page","type-page","status-publish","hentry"],"aioseo_notices":[],"aioseo_head":"\n\t\t<!-- All in One SEO Pro 4.6.5 - aioseo.com -->\n\t\t<meta name=\"description\" content=\"Kieslect Warranty and Return Policy Kieslect Store Warranty Coverage: This policy exclusively safeguards products purchased via Kieslect&#039;s official online store. To guarantee authenticity and warranty protection for your Kieslect Product, we strongly recommend purchasing from our official online platform. One-Year Limited Product Warranty: This warranty is applicable solely to Products sold to customers through Kieslect\u2019s\" \/>\n\t\t<meta name=\"robots\" content=\"max-image-preview:large\" \/>\n\t\t<link rel=\"canonical\" href=\"http:\/\/www.kieslect.com\/pl\/warranty-and-return-policy\/\" \/>\n\t\t<meta name=\"generator\" content=\"All in One SEO Pro (AIOSEO) 4.6.5\" \/>\n\t\t<meta property=\"og:locale\" content=\"pl_PL\" \/>\n\t\t<meta property=\"og:site_name\" content=\"Kieslect - A Trusted Global Provider of Smart Wearable Solution\" \/>\n\t\t<meta property=\"og:type\" content=\"article\" \/>\n\t\t<meta property=\"og:title\" content=\"Warranty and Return Policy - Kieslect\" \/>\n\t\t<meta property=\"og:description\" content=\"Kieslect Warranty and Return Policy Kieslect Store Warranty Coverage: This policy exclusively safeguards products purchased via Kieslect&#039;s official online store. To guarantee authenticity and warranty protection for your Kieslect Product, we strongly recommend purchasing from our official online platform. One-Year Limited Product Warranty: This warranty is applicable solely to Products sold to customers through Kieslect\u2019s\" \/>\n\t\t<meta property=\"og:url\" content=\"http:\/\/www.kieslect.com\/pl\/warranty-and-return-policy\/\" \/>\n\t\t<meta property=\"og:image\" content=\"http:\/\/www.kieslect.com\/wp-content\/uploads\/replace\/83a7c94e588d71936bb1ab2a1c752869.jpeg\" \/>\n\t\t<meta property=\"og:image:width\" content=\"300\" \/>\n\t\t<meta property=\"og:image:height\" content=\"169\" \/>\n\t\t<meta property=\"article:published_time\" content=\"2024-01-16T17:56:37+00:00\" \/>\n\t\t<meta property=\"article:modified_time\" content=\"2025-02-26T05:53:51+00:00\" \/>\n\t\t<meta property=\"article:publisher\" content=\"https:\/\/www.facebook.com\/KieslectOfficial\/\" \/>\n\t\t<meta name=\"twitter:card\" content=\"summary_large_image\" \/>\n\t\t<meta name=\"twitter:site\" content=\"@kieslect\" \/>\n\t\t<meta name=\"twitter:title\" content=\"Warranty and Return Policy - Kieslect\" \/>\n\t\t<meta name=\"twitter:description\" content=\"Kieslect Warranty and Return Policy Kieslect Store Warranty Coverage: This policy exclusively safeguards products purchased via Kieslect&#039;s official online store. To guarantee authenticity and warranty protection for your Kieslect Product, we strongly recommend purchasing from our official online platform. One-Year Limited Product Warranty: This warranty is applicable solely to Products sold to customers through Kieslect\u2019s\" \/>\n\t\t<meta name=\"twitter:creator\" content=\"@kieslect\" \/>\n\t\t<meta name=\"twitter:image\" content=\"https:\/\/www.kieslect.com\/wp-content\/uploads\/replace\/83a7c94e588d71936bb1ab2a1c752869.jpeg\" \/>\n\t\t<script type=\"application\/ld+json\" class=\"aioseo-schema\">\n\t\t\t{\"@context\":\"https:\\\/\\\/schema.org\",\"@graph\":[{\"@type\":\"BreadcrumbList\",\"@id\":\"http:\\\/\\\/www.kieslect.com\\\/pl\\\/warranty-and-return-policy\\\/#breadcrumblist\",\"itemListElement\":[{\"@type\":\"ListItem\",\"@id\":\"http:\\\/\\\/www.kieslect.com\\\/pl\\\/#listItem\",\"position\":1,\"name\":\"Home\",\"item\":\"http:\\\/\\\/www.kieslect.com\\\/pl\\\/\",\"nextItem\":\"http:\\\/\\\/www.kieslect.com\\\/pl\\\/warranty-and-return-policy\\\/#listItem\"},{\"@type\":\"ListItem\",\"@id\":\"http:\\\/\\\/www.kieslect.com\\\/pl\\\/warranty-and-return-policy\\\/#listItem\",\"position\":2,\"name\":\"Warranty and Return Policy\",\"previousItem\":\"http:\\\/\\\/www.kieslect.com\\\/pl\\\/#listItem\"}]},{\"@type\":\"Organization\",\"@id\":\"http:\\\/\\\/www.kieslect.com\\\/pl\\\/#organization\",\"name\":\"Kieslect Smartwatch\",\"description\":\"A Trusted Global Provider of Smart Wearable Solution\",\"url\":\"http:\\\/\\\/www.kieslect.com\\\/pl\\\/\",\"logo\":{\"@type\":\"ImageObject\",\"url\":\"https:\\\/\\\/www.kieslect.com\\\/wp-content\\\/uploads\\\/2024\\\/01\\\/Kieslect-Logo-2_1_335x75_crop_center-1.webp\",\"@id\":\"http:\\\/\\\/www.kieslect.com\\\/pl\\\/warranty-and-return-policy\\\/#organizationLogo\",\"width\":335,\"height\":75},\"image\":{\"@id\":\"http:\\\/\\\/www.kieslect.com\\\/pl\\\/warranty-and-return-policy\\\/#organizationLogo\"},\"sameAs\":[\"https:\\\/\\\/www.facebook.com\\\/KieslectOfficial\\\/\",\"https:\\\/\\\/twitter.com\\\/kieslect\",\"https:\\\/\\\/www.instagram.com\\\/kieslect\\\/\"]},{\"@type\":\"WebPage\",\"@id\":\"http:\\\/\\\/www.kieslect.com\\\/pl\\\/warranty-and-return-policy\\\/#webpage\",\"url\":\"http:\\\/\\\/www.kieslect.com\\\/pl\\\/warranty-and-return-policy\\\/\",\"name\":\"Warranty and Return Policy - Kieslect\",\"description\":\"Kieslect Warranty and Return Policy Kieslect Store Warranty Coverage: This policy exclusively safeguards products purchased via Kieslect's official online store. To guarantee authenticity and warranty protection for your Kieslect Product, we strongly recommend purchasing from our official online platform. One-Year Limited Product Warranty: This warranty is applicable solely to Products sold to customers through Kieslect\\u2019s\",\"inLanguage\":\"pl-PL\",\"isPartOf\":{\"@id\":\"http:\\\/\\\/www.kieslect.com\\\/pl\\\/#website\"},\"breadcrumb\":{\"@id\":\"http:\\\/\\\/www.kieslect.com\\\/pl\\\/warranty-and-return-policy\\\/#breadcrumblist\"},\"datePublished\":\"2024-01-16T17:56:37+08:00\",\"dateModified\":\"2025-02-26T13:53:51+08:00\"},{\"@type\":\"WebSite\",\"@id\":\"http:\\\/\\\/www.kieslect.com\\\/pl\\\/#website\",\"url\":\"http:\\\/\\\/www.kieslect.com\\\/pl\\\/\",\"name\":\"Kieslect\",\"description\":\"A Trusted Global Provider of Smart Wearable Solution\",\"inLanguage\":\"pl-PL\",\"publisher\":{\"@id\":\"http:\\\/\\\/www.kieslect.com\\\/pl\\\/#organization\"}}]}\n\t\t<\/script>\n\t\t<!-- All in One SEO Pro -->\r\n\t\t<title>Warranty and Return Policy - Kieslect<\/title>\n\n","aioseo_head_json":{"title":"Warranty and Return Policy - Kieslect","description":"Kieslect Warranty and Return Policy Kieslect Store Warranty Coverage: This policy exclusively safeguards products purchased via Kieslect's official online store. To guarantee authenticity and warranty protection for your Kieslect Product, we strongly recommend purchasing from our official online platform. One-Year Limited Product Warranty: This warranty is applicable solely to Products sold to customers through Kieslect\u2019s","canonical_url":"http:\/\/www.kieslect.com\/pl\/warranty-and-return-policy\/","robots":"max-image-preview:large","keywords":"","webmasterTools":{"miscellaneous":""},"og:locale":"pl_PL","og:site_name":"Kieslect - A Trusted Global Provider of Smart Wearable Solution","og:type":"article","og:title":"Warranty and Return Policy - Kieslect","og:description":"Kieslect Warranty and Return Policy Kieslect Store Warranty Coverage: This policy exclusively safeguards products purchased via Kieslect's official online store. To guarantee authenticity and warranty protection for your Kieslect Product, we strongly recommend purchasing from our official online platform. One-Year Limited Product Warranty: This warranty is applicable solely to Products sold to customers through Kieslect\u2019s","og:url":"http:\/\/www.kieslect.com\/pl\/warranty-and-return-policy\/","og:image":"http:\/\/www.kieslect.com\/wp-content\/uploads\/replace\/83a7c94e588d71936bb1ab2a1c752869.jpeg","og:image:width":300,"og:image:height":169,"article:published_time":"2024-01-16T17:56:37+00:00","article:modified_time":"2025-02-26T05:53:51+00:00","article:publisher":"https:\/\/www.facebook.com\/KieslectOfficial\/","twitter:card":"summary_large_image","twitter:site":"@kieslect","twitter:title":"Warranty and Return Policy - Kieslect","twitter:description":"Kieslect Warranty and Return Policy Kieslect Store Warranty Coverage: This policy exclusively safeguards products purchased via Kieslect's official online store. To guarantee authenticity and warranty protection for your Kieslect Product, we strongly recommend purchasing from our official online platform. One-Year Limited Product Warranty: This warranty is applicable solely to Products sold to customers through Kieslect\u2019s","twitter:creator":"@kieslect","twitter:image":"https:\/\/www.kieslect.com\/wp-content\/uploads\/replace\/83a7c94e588d71936bb1ab2a1c752869.jpeg","schema":{"@context":"https:\/\/schema.org","@graph":[{"@type":"BreadcrumbList","@id":"http:\/\/www.kieslect.com\/pl\/warranty-and-return-policy\/#breadcrumblist","itemListElement":[{"@type":"ListItem","@id":"http:\/\/www.kieslect.com\/pl\/#listItem","position":1,"name":"Home","item":"http:\/\/www.kieslect.com\/pl\/","nextItem":"http:\/\/www.kieslect.com\/pl\/warranty-and-return-policy\/#listItem"},{"@type":"ListItem","@id":"http:\/\/www.kieslect.com\/pl\/warranty-and-return-policy\/#listItem","position":2,"name":"Warranty and Return Policy","previousItem":"http:\/\/www.kieslect.com\/pl\/#listItem"}]},{"@type":"Organization","@id":"http:\/\/www.kieslect.com\/pl\/#organization","name":"Kieslect Smartwatch","description":"A Trusted Global Provider of Smart Wearable Solution","url":"http:\/\/www.kieslect.com\/pl\/","logo":{"@type":"ImageObject","url":"https:\/\/www.kieslect.com\/wp-content\/uploads\/2024\/01\/Kieslect-Logo-2_1_335x75_crop_center-1.webp","@id":"http:\/\/www.kieslect.com\/pl\/warranty-and-return-policy\/#organizationLogo","width":335,"height":75},"image":{"@id":"http:\/\/www.kieslect.com\/pl\/warranty-and-return-policy\/#organizationLogo"},"sameAs":["https:\/\/www.facebook.com\/KieslectOfficial\/","https:\/\/twitter.com\/kieslect","https:\/\/www.instagram.com\/kieslect\/"]},{"@type":"WebPage","@id":"http:\/\/www.kieslect.com\/pl\/warranty-and-return-policy\/#webpage","url":"http:\/\/www.kieslect.com\/pl\/warranty-and-return-policy\/","name":"Warranty and Return Policy - Kieslect","description":"Kieslect Warranty and Return Policy Kieslect Store Warranty Coverage: This policy exclusively safeguards products purchased via Kieslect's official online store. To guarantee authenticity and warranty protection for your Kieslect Product, we strongly recommend purchasing from our official online platform. One-Year Limited Product Warranty: This warranty is applicable solely to Products sold to customers through Kieslect\u2019s","inLanguage":"pl-PL","isPartOf":{"@id":"http:\/\/www.kieslect.com\/pl\/#website"},"breadcrumb":{"@id":"http:\/\/www.kieslect.com\/pl\/warranty-and-return-policy\/#breadcrumblist"},"datePublished":"2024-01-16T17:56:37+08:00","dateModified":"2025-02-26T13:53:51+08:00"},{"@type":"WebSite","@id":"http:\/\/www.kieslect.com\/pl\/#website","url":"http:\/\/www.kieslect.com\/pl\/","name":"Kieslect","description":"A Trusted Global Provider of Smart Wearable Solution","inLanguage":"pl-PL","publisher":{"@id":"http:\/\/www.kieslect.com\/pl\/#organization"}}]}},"aioseo_meta_data":{"post_id":"26572","title":null,"description":null,"keywords":null,"keyphrases":"{\"focus\":{\"keyphrase\":\"\",\"score\":0,\"analysis\":{\"keyphraseInTitle\":{\"score\":0,\"maxScore\":9,\"error\":1}}},\"additional\":[]}","primary_term":null,"canonical_url":null,"og_title":null,"og_description":null,"og_object_type":"default","og_image_type":"default","og_image_url":null,"og_image_width":null,"og_image_height":null,"og_image_custom_url":null,"og_image_custom_fields":null,"og_video":"","og_custom_url":null,"og_article_section":null,"og_article_tags":null,"twitter_use_og":false,"twitter_card":"default","twitter_image_type":"default","twitter_image_url":null,"twitter_image_custom_url":null,"twitter_image_custom_fields":null,"twitter_title":null,"twitter_description":null,"schema":{"blockGraphs":[],"customGraphs":[],"default":{"data":{"Article":[],"Course":[],"Dataset":[],"FAQPage":[],"Movie":[],"Person":[],"Product":[],"Recipe":[],"Service":[],"SoftwareApplication":[],"WebPage":[]},"graphName":"WebPage","isEnabled":true},"graphs":[]},"schema_type":"default","schema_type_options":null,"pillar_content":false,"robots_default":true,"robots_noindex":false,"robots_noarchive":false,"robots_nosnippet":false,"robots_nofollow":false,"robots_noimageindex":false,"robots_noodp":false,"robots_notranslate":false,"robots_max_snippet":"-1","robots_max_videopreview":"-1","robots_max_imagepreview":"large","priority":null,"frequency":"default","local_seo":null,"limit_modified_date":false,"created":"2024-02-26 12:21:33","updated":"2025-04-26 08:31:24"},"aioseo_breadcrumb":"<div class=\"aioseo-breadcrumbs\"><span class=\"aioseo-breadcrumb\">\n\t<a href=\"http:\/\/www.kieslect.com\/pl\" title=\"Home\">Home<\/a>\n<\/span><span class=\"aioseo-breadcrumb-separator\">&raquo;<\/span><span class=\"aioseo-breadcrumb\">\n\tWarranty and Return Policy\n<\/span><\/div>","aioseo_breadcrumb_json":[{"label":"Home","link":"http:\/\/www.kieslect.com\/pl"},{"label":"Warranty and Return Policy","link":"http:\/\/www.kieslect.com\/pl\/warranty-and-return-policy\/"}],"_links":{"self":[{"href":"http:\/\/www.kieslect.com\/pl\/wp-json\/wp\/v2\/pages\/26572","targetHints":{"allow":["GET"]}}],"collection":[{"href":"http:\/\/www.kieslect.com\/pl\/wp-json\/wp\/v2\/pages"}],"about":[{"href":"http:\/\/www.kieslect.com\/pl\/wp-json\/wp\/v2\/types\/page"}],"author":[{"embeddable":true,"href":"http:\/\/www.kieslect.com\/pl\/wp-json\/wp\/v2\/users\/1"}],"replies":[{"embeddable":true,"href":"http:\/\/www.kieslect.com\/pl\/wp-json\/wp\/v2\/comments?post=26572"}],"version-history":[{"count":0,"href":"http:\/\/www.kieslect.com\/pl\/wp-json\/wp\/v2\/pages\/26572\/revisions"}],"wp:attachment":[{"href":"http:\/\/www.kieslect.com\/pl\/wp-json\/wp\/v2\/media?parent=26572"}],"curies":[{"name":"wp","href":"https:\/\/api.w.org\/{rel}","templated":true}]}}