{"id":10,"date":"2024-01-16T04:19:59","date_gmt":"2024-01-16T04:19:59","guid":{"rendered":"http:\/\/www.kieslect.com\/index.php\/cart\/"},"modified":"2024-02-26T20:36:30","modified_gmt":"2024-02-26T12:36:30","slug":"cart","status":"publish","type":"page","link":"http:\/\/www.kieslect.com\/pl\/cart\/","title":{"rendered":"W\u00f3zek"},"content":{"rendered":"<div data-block-name=\"woocommerce\/cart\" class=\"wp-block-woocommerce-cart alignwide is-loading\"><div data-block-name=\"woocommerce\/filled-cart-block\" class=\"wp-block-woocommerce-filled-cart-block\"><div data-block-name=\"woocommerce\/cart-items-block\" class=\"wp-block-woocommerce-cart-items-block\"><div data-block-name=\"woocommerce\/cart-line-items-block\" class=\"wp-block-woocommerce-cart-line-items-block\">\u00a0<\/div>\r\n\r\n<div data-block-name=\"woocommerce\/cart-cross-sells-block\" class=\"wp-block-woocommerce-cart-cross-sells-block\"><h2 class=\"wp-block-heading has-large-font-size\">By\u0107 mo\u017ce zainteresuje Ci\u0119\u2026<\/h2>\r\n\r\n<div data-block-name=\"woocommerce\/cart-cross-sells-products-block\" class=\"wp-block-woocommerce-cart-cross-sells-products-block\">\u00a0<\/div><\/div><\/div>\r\n\r\n<div data-block-name=\"woocommerce\/cart-totals-block\" class=\"wp-block-woocommerce-cart-totals-block\"><div data-block-name=\"woocommerce\/cart-order-summary-block\" class=\"wp-block-woocommerce-cart-order-summary-block\"><div data-block-name=\"woocommerce\/cart-order-summary-heading-block\" class=\"wp-block-woocommerce-cart-order-summary-heading-block\">\u00a0<\/div>\r\n\r\n<div data-block-name=\"woocommerce\/cart-order-summary-coupon-form-block\" class=\"wp-block-woocommerce-cart-order-summary-coupon-form-block\">\u00a0<\/div>\r\n\r\n\r\n\r\n\r\n\r\n\r\n\r\n\r\n\r\n<div data-block-name=\"woocommerce\/cart-order-summary-totals-block\" class=\"wp-block-woocommerce-cart-order-summary-totals-block\">\n<div data-block-name=\"woocommerce\/cart-order-summary-subtotal-block\" class=\"wp-block-woocommerce-cart-order-summary-subtotal-block\">\u00a0<\/div>\n<div data-block-name=\"woocommerce\/cart-order-summary-discount-block\" class=\"wp-block-woocommerce-cart-order-summary-discount-block\">\u00a0<\/div>\n<div data-block-name=\"woocommerce\/cart-order-summary-fee-block\" class=\"wp-block-woocommerce-cart-order-summary-fee-block\">\u00a0<\/div>\n<div data-block-name=\"woocommerce\/cart-order-summary-shipping-block\" class=\"wp-block-woocommerce-cart-order-summary-shipping-block\">\u00a0<\/div>\n<div data-block-name=\"woocommerce\/cart-order-summary-taxes-block\" class=\"wp-block-woocommerce-cart-order-summary-taxes-block\">\u00a0<\/div><\/div><\/div>\r\n\r\n<div data-block-name=\"woocommerce\/cart-express-payment-block\" class=\"wp-block-woocommerce-cart-express-payment-block\">\u00a0<\/div>\r\n\r\n<div data-block-name=\"woocommerce\/proceed-to-checkout-block\" class=\"wp-block-woocommerce-proceed-to-checkout-block\">\u00a0<\/div>\r\n\r\n<div data-block-name=\"woocommerce\/cart-accepted-payment-methods-block\" class=\"wp-block-woocommerce-cart-accepted-payment-methods-block\">\u00a0<\/div><\/div><\/div>\r\n\r\n<div data-block-name=\"woocommerce\/empty-cart-block\" class=\"wp-block-woocommerce-empty-cart-block\"><h2 class=\"wp-block-heading has-text-align-center with-empty-cart-icon wc-block-cart__empty-cart__title\">Tw\u00f3j koszyk jest obecnie pusty!<\/h2>\r\n\r\n<hr class=\"wp-block-separator has-alpha-channel-opacity is-style-dots\" \/>\r\n\r\n<h2 class=\"wp-block-heading has-text-align-center\">Nowo\u015b\u0107 w sklepie<\/h2>\r\n\r\n<div data-block-name=\"woocommerce\/product-new\" data-columns=\"4\" data-rows=\"1\" class=\"wc-block-grid wp-block-product-new wp-block-woocommerce-product-new wc-block-product-new has-4-columns\"><ul class=\"wc-block-grid__products\"><li class=\"wc-block-grid__product\">\n\t\t\t\t<a href=\"http:\/\/www.kieslect.com\/pl\/produkt\/kieslect-elfin-worlds-thinnest-womens-smartwatch\/\" class=\"wc-block-grid__product-link\">\n\t\t\t\t\t\n\t\t\t\t\t<div class=\"wc-block-grid__product-image\"><img fetchpriority=\"high\" decoding=\"async\" width=\"300\" height=\"300\" src=\"https:\/\/www.kieslect.com\/wp-content\/uploads\/2025\/11\/Kieslect-Elfin-Worlds-Thinnest-Womens-Smartwatch_gold-300x300.jpg\" class=\"attachment-woocommerce_thumbnail size-woocommerce_thumbnail\" alt=\"Kieslect Elfin-World&#039;s Thinnest Women&#039;s Smartwatch\" srcset=\"https:\/\/www.kieslect.com\/wp-content\/uploads\/2025\/11\/Kieslect-Elfin-Worlds-Thinnest-Womens-Smartwatch_gold-300x300.jpg 300w, https:\/\/www.kieslect.com\/wp-content\/uploads\/2025\/11\/Kieslect-Elfin-Worlds-Thinnest-Womens-Smartwatch_gold-150x150.jpg 150w, https:\/\/www.kieslect.com\/wp-content\/uploads\/2025\/11\/Kieslect-Elfin-Worlds-Thinnest-Womens-Smartwatch_gold-768x768.jpg 768w, https:\/\/www.kieslect.com\/wp-content\/uploads\/2025\/11\/Kieslect-Elfin-Worlds-Thinnest-Womens-Smartwatch_gold-12x12.jpg 12w, https:\/\/www.kieslect.com\/wp-content\/uploads\/2025\/11\/Kieslect-Elfin-Worlds-Thinnest-Womens-Smartwatch_gold-600x600.jpg 600w, https:\/\/www.kieslect.com\/wp-content\/uploads\/2025\/11\/Kieslect-Elfin-Worlds-Thinnest-Womens-Smartwatch_gold-100x100.jpg 100w, https:\/\/www.kieslect.com\/wp-content\/uploads\/2025\/11\/Kieslect-Elfin-Worlds-Thinnest-Womens-Smartwatch_gold.jpg 1000w\" sizes=\"(max-width: 300px) 100vw, 300px\" \/><\/div>\n\t\t\t\t\t<div class=\"wc-block-grid__product-title\">Kieslect Elfin-World&#8217;s Thinnest Women&#8217;s Smartwatch<\/div>\n\t\t\t\t<\/a>\n\t\t\t\t<div class=\"wc-block-grid__product-price price\"><\/div>\n\t\t\t\t\n\t\t\t\t<div class=\"wp-block-button wc-block-grid__product-add-to-cart\"><a href=\"http:\/\/www.kieslect.com\/pl\/produkt\/kieslect-elfin-worlds-thinnest-womens-smartwatch\/\" aria-label=\"Przeczytaj wi\u0119cej o \u201eKieslect Elfin-World&#039;s Thinnest Women&#039;s Smartwatch\u201d\" data-quantity=\"1\" data-product_id=\"32822\" data-product_sku=\"\" data-price=\"0\" rel=\"nofollow\" class=\"wp-block-button__link  add_to_cart_button\" data-no-translation=\"\" data-trp-gettext=\"\" data-no-translation-aria-label=\"\">Dowiedz si\u0119 wi\u0119cej<\/a><\/div>\n\t\t\t<\/li><li class=\"wc-block-grid__product\">\n\t\t\t\t<a href=\"http:\/\/www.kieslect.com\/pl\/produkt\/kieslect-ai-smartwatch-elite2\/\" class=\"wc-block-grid__product-link\">\n\t\t\t\t\t\n\t\t\t\t\t<div class=\"wc-block-grid__product-image\"><img decoding=\"async\" width=\"300\" height=\"300\" src=\"https:\/\/www.kieslect.com\/wp-content\/uploads\/2025\/11\/Elite2-4-300x300.webp\" class=\"attachment-woocommerce_thumbnail size-woocommerce_thumbnail\" alt=\"Kieslect AI Smartwatch Elite2\" srcset=\"https:\/\/www.kieslect.com\/wp-content\/uploads\/2025\/11\/Elite2-4-300x300.webp 300w, https:\/\/www.kieslect.com\/wp-content\/uploads\/2025\/11\/Elite2-4-150x150.webp 150w, https:\/\/www.kieslect.com\/wp-content\/uploads\/2025\/11\/Elite2-4-12x12.webp 12w, https:\/\/www.kieslect.com\/wp-content\/uploads\/2025\/11\/Elite2-4-600x600.webp 600w, https:\/\/www.kieslect.com\/wp-content\/uploads\/2025\/11\/Elite2-4-100x100.webp 100w, https:\/\/www.kieslect.com\/wp-content\/uploads\/2025\/11\/Elite2-4.webp 720w\" sizes=\"(max-width: 300px) 100vw, 300px\" \/><\/div>\n\t\t\t\t\t<div class=\"wc-block-grid__product-title\">Kieslect AI Smartwatch Elite2<\/div>\n\t\t\t\t<\/a>\n\t\t\t\t<div class=\"wc-block-grid__product-price price\"><\/div>\n\t\t\t\t\n\t\t\t\t<div class=\"wp-block-button wc-block-grid__product-add-to-cart\"><a href=\"https:\/\/us.kieslect.com\/products\/kieslect-ai-smartwatch-elite2\" aria-label=\"Kup Teraz\" data-quantity=\"1\" data-product_id=\"32756\" data-product_sku=\"\" data-price=\"0\" rel=\"nofollow\" class=\"wp-block-button__link  add_to_cart_button\">Kup Teraz<\/a><\/div>\n\t\t\t<\/li><li class=\"wc-block-grid__product\">\n\t\t\t\t<a href=\"http:\/\/www.kieslect.com\/pl\/produkt\/kieslect-earbuds-open\/\" class=\"wc-block-grid__product-link\">\n\t\t\t\t\t\n\t\t\t\t\t<div class=\"wc-block-grid__product-image\"><img decoding=\"async\" width=\"300\" height=\"300\" src=\"https:\/\/www.kieslect.com\/wp-content\/uploads\/2025\/08\/Kieslect-Earbuds-Open-3-300x300.jpg\" class=\"attachment-woocommerce_thumbnail size-woocommerce_thumbnail\" alt=\"Kieslect Earbuds Open\" srcset=\"https:\/\/www.kieslect.com\/wp-content\/uploads\/2025\/08\/Kieslect-Earbuds-Open-3-300x300.jpg 300w, https:\/\/www.kieslect.com\/wp-content\/uploads\/2025\/08\/Kieslect-Earbuds-Open-3-150x150.jpg 150w, https:\/\/www.kieslect.com\/wp-content\/uploads\/2025\/08\/Kieslect-Earbuds-Open-3-768x768.jpg 768w, https:\/\/www.kieslect.com\/wp-content\/uploads\/2025\/08\/Kieslect-Earbuds-Open-3-12x12.jpg 12w, https:\/\/www.kieslect.com\/wp-content\/uploads\/2025\/08\/Kieslect-Earbuds-Open-3-600x600.jpg 600w, https:\/\/www.kieslect.com\/wp-content\/uploads\/2025\/08\/Kieslect-Earbuds-Open-3-100x100.jpg 100w, https:\/\/www.kieslect.com\/wp-content\/uploads\/2025\/08\/Kieslect-Earbuds-Open-3.jpg 1000w\" sizes=\"(max-width: 300px) 100vw, 300px\" \/><\/div>\n\t\t\t\t\t<div class=\"wc-block-grid__product-title\">Kieslect Earbuds Open<\/div>\n\t\t\t\t<\/a>\n\t\t\t\t<div class=\"wc-block-grid__product-price price\"><\/div>\n\t\t\t\t\n\t\t\t\t<div class=\"wp-block-button wc-block-grid__product-add-to-cart\"><a href=\"http:\/\/www.kieslect.com\/pl\/produkt\/kieslect-earbuds-open\/\" aria-label=\"Przeczytaj wi\u0119cej o \u201eKieslect Earbuds Open\u201d\" data-quantity=\"1\" data-product_id=\"32710\" data-product_sku=\"\" data-price=\"0\" rel=\"nofollow\" class=\"wp-block-button__link  add_to_cart_button\" data-no-translation=\"\" data-trp-gettext=\"\" data-no-translation-aria-label=\"\">Dowiedz si\u0119 wi\u0119cej<\/a><\/div>\n\t\t\t<\/li><li class=\"wc-block-grid__product\">\n\t\t\t\t<a href=\"http:\/\/www.kieslect.com\/pl\/produkt\/kieslect-adjustable-earbuds\/\" class=\"wc-block-grid__product-link\">\n\t\t\t\t\t\n\t\t\t\t\t<div class=\"wc-block-grid__product-image\"><img loading=\"lazy\" decoding=\"async\" width=\"300\" height=\"300\" src=\"https:\/\/www.kieslect.com\/wp-content\/uploads\/2025\/08\/kieslect-Adjustable-Earbuds-3-300x300.jpg\" class=\"attachment-woocommerce_thumbnail size-woocommerce_thumbnail\" alt=\"Kieslect Adjustable Earbuds\" srcset=\"https:\/\/www.kieslect.com\/wp-content\/uploads\/2025\/08\/kieslect-Adjustable-Earbuds-3-300x300.jpg 300w, https:\/\/www.kieslect.com\/wp-content\/uploads\/2025\/08\/kieslect-Adjustable-Earbuds-3-150x150.jpg 150w, https:\/\/www.kieslect.com\/wp-content\/uploads\/2025\/08\/kieslect-Adjustable-Earbuds-3-768x768.jpg 768w, https:\/\/www.kieslect.com\/wp-content\/uploads\/2025\/08\/kieslect-Adjustable-Earbuds-3-12x12.jpg 12w, https:\/\/www.kieslect.com\/wp-content\/uploads\/2025\/08\/kieslect-Adjustable-Earbuds-3-600x600.jpg 600w, https:\/\/www.kieslect.com\/wp-content\/uploads\/2025\/08\/kieslect-Adjustable-Earbuds-3-100x100.jpg 100w, https:\/\/www.kieslect.com\/wp-content\/uploads\/2025\/08\/kieslect-Adjustable-Earbuds-3.jpg 1000w\" sizes=\"(max-width: 300px) 100vw, 300px\" \/><\/div>\n\t\t\t\t\t<div class=\"wc-block-grid__product-title\">Kieslect Adjustable Earbuds<\/div>\n\t\t\t\t<\/a>\n\t\t\t\t<div class=\"wc-block-grid__product-price price\"><\/div>\n\t\t\t\t\n\t\t\t\t<div class=\"wp-block-button wc-block-grid__product-add-to-cart\"><a href=\"http:\/\/www.kieslect.com\/pl\/produkt\/kieslect-adjustable-earbuds\/\" aria-label=\"Przeczytaj wi\u0119cej o \u201eKieslect Adjustable Earbuds\u201d\" data-quantity=\"1\" data-product_id=\"32704\" data-product_sku=\"\" data-price=\"0\" rel=\"nofollow\" class=\"wp-block-button__link  add_to_cart_button\" data-no-translation=\"\" data-trp-gettext=\"\" data-no-translation-aria-label=\"\">Dowiedz si\u0119 wi\u0119cej<\/a><\/div>\n\t\t\t<\/li><\/ul><\/div><\/div><\/div>","protected":false},"excerpt":{"rendered":"","protected":false},"author":1,"featured_media":0,"parent":0,"menu_order":0,"comment_status":"closed","ping_status":"closed","template":"","meta":{"footnotes":""},"class_list":["post-10","page","type-page","status-publish","hentry"],"aioseo_notices":[],"aioseo_head":"\n\t\t<!-- All in One SEO Pro 4.6.5 - aioseo.com -->\n\t\t<meta name=\"description\" content=\"Find the best smartwatches and get the best budget smartwatch prices. Gain unparalleled advantages, including exclusive benefits for Kieslect smartwatch.\" \/>\n\t\t<meta name=\"robots\" content=\"noindex, max-snippet:-1, max-image-preview:large, max-video-preview:-1\" \/>\n\t\t<link rel=\"canonical\" href=\"http:\/\/www.kieslect.com\/pl\/cart\/\" \/>\n\t\t<meta name=\"generator\" content=\"All in One SEO Pro (AIOSEO) 4.6.5\" \/>\n\t\t<meta property=\"og:locale\" content=\"pl_PL\" \/>\n\t\t<meta property=\"og:site_name\" content=\"Kieslect - A Trusted Global Provider of Smart Wearable Solution\" \/>\n\t\t<meta property=\"og:type\" content=\"article\" \/>\n\t\t<meta property=\"og:title\" content=\"Cart - Kieslect - Best Smartwatches Buy Online\" \/>\n\t\t<meta property=\"og:description\" content=\"Find the best smartwatches and get the best budget smartwatch prices. Gain unparalleled advantages, including exclusive benefits for Kieslect smartwatch.\" \/>\n\t\t<meta property=\"og:url\" content=\"http:\/\/www.kieslect.com\/pl\/cart\/\" \/>\n\t\t<meta property=\"og:image\" content=\"http:\/\/www.kieslect.com\/wp-content\/uploads\/replace\/83a7c94e588d71936bb1ab2a1c752869.jpeg\" \/>\n\t\t<meta property=\"article:published_time\" content=\"2024-01-16T04:19:59+00:00\" \/>\n\t\t<meta property=\"article:modified_time\" content=\"2024-02-26T12:36:30+00:00\" \/>\n\t\t<meta property=\"article:publisher\" content=\"https:\/\/www.facebook.com\/KieslectOfficial\/\" \/>\n\t\t<meta name=\"twitter:card\" content=\"summary_large_image\" \/>\n\t\t<meta name=\"twitter:site\" content=\"@kieslect\" \/>\n\t\t<meta name=\"twitter:title\" content=\"Cart - Kieslect - Best Smartwatches Buy Online\" \/>\n\t\t<meta name=\"twitter:description\" content=\"Find the best smartwatches and get the best budget smartwatch prices. Gain unparalleled advantages, including exclusive benefits for Kieslect smartwatch.\" \/>\n\t\t<meta name=\"twitter:creator\" content=\"@kieslect\" \/>\n\t\t<meta name=\"twitter:image\" content=\"http:\/\/www.kieslect.com\/wp-content\/uploads\/replace\/83a7c94e588d71936bb1ab2a1c752869.jpeg\" \/>\n\t\t<script type=\"application\/ld+json\" class=\"aioseo-schema\">\n\t\t\t{\"@context\":\"https:\\\/\\\/schema.org\",\"@graph\":[{\"@type\":\"BreadcrumbList\",\"@id\":\"http:\\\/\\\/www.kieslect.com\\\/pl\\\/cart\\\/#breadcrumblist\",\"itemListElement\":[{\"@type\":\"ListItem\",\"@id\":\"http:\\\/\\\/www.kieslect.com\\\/pl\\\/#listItem\",\"position\":1,\"name\":\"Home\",\"item\":\"http:\\\/\\\/www.kieslect.com\\\/pl\\\/\",\"nextItem\":\"http:\\\/\\\/www.kieslect.com\\\/pl\\\/cart\\\/#listItem\"},{\"@type\":\"ListItem\",\"@id\":\"http:\\\/\\\/www.kieslect.com\\\/pl\\\/cart\\\/#listItem\",\"position\":2,\"name\":\"Cart\",\"previousItem\":\"http:\\\/\\\/www.kieslect.com\\\/pl\\\/#listItem\"}]},{\"@type\":\"Organization\",\"@id\":\"http:\\\/\\\/www.kieslect.com\\\/pl\\\/#organization\",\"name\":\"Kieslect Smartwatch\",\"description\":\"A Trusted Global Provider of Smart Wearable Solution\",\"url\":\"http:\\\/\\\/www.kieslect.com\\\/pl\\\/\",\"logo\":{\"@type\":\"ImageObject\",\"url\":\"https:\\\/\\\/www.kieslect.com\\\/wp-content\\\/uploads\\\/2024\\\/01\\\/Kieslect-Logo-2_1_335x75_crop_center-1.webp\",\"@id\":\"http:\\\/\\\/www.kieslect.com\\\/pl\\\/cart\\\/#organizationLogo\",\"width\":335,\"height\":75},\"image\":{\"@id\":\"http:\\\/\\\/www.kieslect.com\\\/pl\\\/cart\\\/#organizationLogo\"},\"sameAs\":[\"https:\\\/\\\/www.facebook.com\\\/KieslectOfficial\\\/\",\"https:\\\/\\\/twitter.com\\\/kieslect\",\"https:\\\/\\\/www.instagram.com\\\/kieslect\\\/\"]},{\"@type\":\"WebPage\",\"@id\":\"http:\\\/\\\/www.kieslect.com\\\/pl\\\/cart\\\/#webpage\",\"url\":\"http:\\\/\\\/www.kieslect.com\\\/pl\\\/cart\\\/\",\"name\":\"Cart - Kieslect - Best Smartwatches Buy Online\",\"description\":\"Find the best smartwatches and get the best budget smartwatch prices. Gain unparalleled advantages, including exclusive benefits for Kieslect smartwatch.\",\"inLanguage\":\"pl-PL\",\"isPartOf\":{\"@id\":\"http:\\\/\\\/www.kieslect.com\\\/pl\\\/#website\"},\"breadcrumb\":{\"@id\":\"http:\\\/\\\/www.kieslect.com\\\/pl\\\/cart\\\/#breadcrumblist\"},\"datePublished\":\"2024-01-16T04:19:59+08:00\",\"dateModified\":\"2024-02-26T20:36:30+08:00\"},{\"@type\":\"WebSite\",\"@id\":\"http:\\\/\\\/www.kieslect.com\\\/pl\\\/#website\",\"url\":\"http:\\\/\\\/www.kieslect.com\\\/pl\\\/\",\"name\":\"Kieslect\",\"description\":\"A Trusted Global Provider of Smart Wearable Solution\",\"inLanguage\":\"pl-PL\",\"publisher\":{\"@id\":\"http:\\\/\\\/www.kieslect.com\\\/pl\\\/#organization\"}}]}\n\t\t<\/script>\n\t\t<!-- All in One SEO Pro -->\r\n\t\t<title>Cart - Kieslect - Best Smartwatches Buy Online<\/title>\n\n","aioseo_head_json":{"title":"Cart - Kieslect - Best Smartwatches Buy Online","description":"Find the best smartwatches and get the best budget smartwatch prices. Gain unparalleled advantages, including exclusive benefits for Kieslect smartwatch.","canonical_url":"http:\/\/www.kieslect.com\/pl\/cart\/","robots":"noindex, max-snippet:-1, max-image-preview:large, max-video-preview:-1","keywords":"","webmasterTools":{"miscellaneous":""},"og:locale":"pl_PL","og:site_name":"Kieslect - A Trusted Global Provider of Smart Wearable Solution","og:type":"article","og:title":"Cart - Kieslect - Best Smartwatches Buy Online","og:description":"Find the best smartwatches and get the best budget smartwatch prices. Gain unparalleled advantages, including exclusive benefits for Kieslect smartwatch.","og:url":"http:\/\/www.kieslect.com\/pl\/cart\/","og:image":"http:\/\/www.kieslect.com\/wp-content\/uploads\/replace\/83a7c94e588d71936bb1ab2a1c752869.jpeg","article:published_time":"2024-01-16T04:19:59+00:00","article:modified_time":"2024-02-26T12:36:30+00:00","article:publisher":"https:\/\/www.facebook.com\/KieslectOfficial\/","twitter:card":"summary_large_image","twitter:site":"@kieslect","twitter:title":"Cart - Kieslect - Best Smartwatches Buy Online","twitter:description":"Find the best smartwatches and get the best budget smartwatch prices. Gain unparalleled advantages, including exclusive benefits for Kieslect smartwatch.","twitter:creator":"@kieslect","twitter:image":"http:\/\/www.kieslect.com\/wp-content\/uploads\/replace\/83a7c94e588d71936bb1ab2a1c752869.jpeg","schema":{"@context":"https:\/\/schema.org","@graph":[{"@type":"BreadcrumbList","@id":"http:\/\/www.kieslect.com\/pl\/cart\/#breadcrumblist","itemListElement":[{"@type":"ListItem","@id":"http:\/\/www.kieslect.com\/pl\/#listItem","position":1,"name":"Home","item":"http:\/\/www.kieslect.com\/pl\/","nextItem":"http:\/\/www.kieslect.com\/pl\/cart\/#listItem"},{"@type":"ListItem","@id":"http:\/\/www.kieslect.com\/pl\/cart\/#listItem","position":2,"name":"Cart","previousItem":"http:\/\/www.kieslect.com\/pl\/#listItem"}]},{"@type":"Organization","@id":"http:\/\/www.kieslect.com\/pl\/#organization","name":"Kieslect Smartwatch","description":"A Trusted Global Provider of Smart Wearable Solution","url":"http:\/\/www.kieslect.com\/pl\/","logo":{"@type":"ImageObject","url":"https:\/\/www.kieslect.com\/wp-content\/uploads\/2024\/01\/Kieslect-Logo-2_1_335x75_crop_center-1.webp","@id":"http:\/\/www.kieslect.com\/pl\/cart\/#organizationLogo","width":335,"height":75},"image":{"@id":"http:\/\/www.kieslect.com\/pl\/cart\/#organizationLogo"},"sameAs":["https:\/\/www.facebook.com\/KieslectOfficial\/","https:\/\/twitter.com\/kieslect","https:\/\/www.instagram.com\/kieslect\/"]},{"@type":"WebPage","@id":"http:\/\/www.kieslect.com\/pl\/cart\/#webpage","url":"http:\/\/www.kieslect.com\/pl\/cart\/","name":"Cart - Kieslect - Best Smartwatches Buy Online","description":"Find the best smartwatches and get the best budget smartwatch prices. Gain unparalleled advantages, including exclusive benefits for Kieslect smartwatch.","inLanguage":"pl-PL","isPartOf":{"@id":"http:\/\/www.kieslect.com\/pl\/#website"},"breadcrumb":{"@id":"http:\/\/www.kieslect.com\/pl\/cart\/#breadcrumblist"},"datePublished":"2024-01-16T04:19:59+08:00","dateModified":"2024-02-26T20:36:30+08:00"},{"@type":"WebSite","@id":"http:\/\/www.kieslect.com\/pl\/#website","url":"http:\/\/www.kieslect.com\/pl\/","name":"Kieslect","description":"A Trusted Global Provider of Smart Wearable Solution","inLanguage":"pl-PL","publisher":{"@id":"http:\/\/www.kieslect.com\/pl\/#organization"}}]}},"aioseo_meta_data":{"post_id":"10","title":"#post_title #separator_sa #site_title - Best Smartwatches Buy Online","description":"Find the best smartwatches and get the best budget smartwatch prices. Gain unparalleled advantages, including exclusive benefits for Kieslect smartwatch.","keywords":[],"keyphrases":"{\"focus\":{\"keyphrase\":\"\",\"score\":0,\"analysis\":{\"keyphraseInTitle\":{\"score\":0,\"maxScore\":9,\"error\":1}}},\"additional\":[]}","primary_term":null,"canonical_url":null,"og_title":null,"og_description":null,"og_object_type":"default","og_image_type":"default","og_image_url":null,"og_image_width":null,"og_image_height":null,"og_image_custom_url":null,"og_image_custom_fields":null,"og_video":"","og_custom_url":null,"og_article_section":null,"og_article_tags":[],"twitter_use_og":false,"twitter_card":"default","twitter_image_type":"default","twitter_image_url":null,"twitter_image_custom_url":null,"twitter_image_custom_fields":null,"twitter_title":null,"twitter_description":null,"schema":{"blockGraphs":[],"customGraphs":[],"default":{"data":{"Article":[],"Course":[],"Dataset":[],"FAQPage":[],"Movie":[],"Person":[],"Product":[],"Recipe":[],"Service":[],"SoftwareApplication":[],"WebPage":[]},"graphName":"WebPage","isEnabled":true},"graphs":[]},"schema_type":"default","schema_type_options":null,"pillar_content":false,"robots_default":false,"robots_noindex":true,"robots_noarchive":false,"robots_nosnippet":false,"robots_nofollow":false,"robots_noimageindex":false,"robots_noodp":false,"robots_notranslate":false,"robots_max_snippet":"-1","robots_max_videopreview":"-1","robots_max_imagepreview":"large","priority":null,"frequency":"default","local_seo":null,"limit_modified_date":false,"created":"2024-02-26 12:21:32","updated":"2024-02-26 21:21:06"},"aioseo_breadcrumb":"<div class=\"aioseo-breadcrumbs\"><span class=\"aioseo-breadcrumb\">\n\t<a href=\"http:\/\/www.kieslect.com\/pl\" title=\"Home\">Home<\/a>\n<\/span><span class=\"aioseo-breadcrumb-separator\">&raquo;<\/span><span class=\"aioseo-breadcrumb\">\n\tCart\n<\/span><\/div>","aioseo_breadcrumb_json":[{"label":"Home","link":"http:\/\/www.kieslect.com\/pl"},{"label":"Cart","link":"http:\/\/www.kieslect.com\/pl\/cart\/"}],"_links":{"self":[{"href":"http:\/\/www.kieslect.com\/pl\/wp-json\/wp\/v2\/pages\/10","targetHints":{"allow":["GET"]}}],"collection":[{"href":"http:\/\/www.kieslect.com\/pl\/wp-json\/wp\/v2\/pages"}],"about":[{"href":"http:\/\/www.kieslect.com\/pl\/wp-json\/wp\/v2\/types\/page"}],"author":[{"embeddable":true,"href":"http:\/\/www.kieslect.com\/pl\/wp-json\/wp\/v2\/users\/1"}],"replies":[{"embeddable":true,"href":"http:\/\/www.kieslect.com\/pl\/wp-json\/wp\/v2\/comments?post=10"}],"version-history":[{"count":0,"href":"http:\/\/www.kieslect.com\/pl\/wp-json\/wp\/v2\/pages\/10\/revisions"}],"wp:attachment":[{"href":"http:\/\/www.kieslect.com\/pl\/wp-json\/wp\/v2\/media?parent=10"}],"curies":[{"name":"wp","href":"https:\/\/api.w.org\/{rel}","templated":true}]}}