{"id":29429,"date":"2024-07-22T10:28:07","date_gmt":"2024-07-22T02:28:07","guid":{"rendered":"https:\/\/www.kieslect.com\/?page_id=29429"},"modified":"2024-07-22T11:00:17","modified_gmt":"2024-07-22T03:00:17","slug":"warranty-certificate","status":"publish","type":"page","link":"http:\/\/www.kieslect.com\/es\/terms-of-use\/warranty-certificate\/","title":{"rendered":"Certificado de garant\u00eda"},"content":{"rendered":"<div data-elementor-type=\"wp-page\" data-elementor-id=\"29429\" class=\"elementor elementor-29429\" data-elementor-post-type=\"page\">\n\t\t\t\t\t\t<section class=\"elementor-section elementor-top-section elementor-element elementor-element-91ce9bd elementor-section-boxed elementor-section-height-default elementor-section-height-default motta-responsive-column motta-tablet-column--default motta-responsive-column motta-mobile-column--default\" data-id=\"91ce9bd\" data-element_type=\"section\" data-settings=\"{&quot;ekit_has_onepagescroll_dot&quot;:&quot;yes&quot;}\">\n\t\t\t\t\t\t<div class=\"elementor-container elementor-column-gap-default\">\n\t\t\t\t\t<div class=\"elementor-column elementor-col-100 elementor-top-column elementor-element elementor-element-c3342ee\" data-id=\"c3342ee\" data-element_type=\"column\">\n\t\t\t<div class=\"elementor-widget-wrap elementor-element-populated\">\n\t\t\t\t\t\t<div class=\"elementor-element elementor-element-bff6bfd elementor-widget elementor-widget-motta-heading\" data-id=\"bff6bfd\" data-element_type=\"widget\" data-settings=\"{&quot;ekit_we_effect_on&quot;:&quot;none&quot;}\" data-widget_type=\"motta-heading.default\">\n\t\t\t\t<div class=\"elementor-widget-container\">\n\t\t\t\t\t\t\t<div class=\"motta-heading-elementor motta-heading__button-on\">\n\t\t\t\t<h1 class=\"motta-heading motta-heading--default\">\n\t\t\t\t\tCertificado de garant\u00eda\t\t\t\t<\/h1>\n\t\t\t\t\t\t\t<\/div>\n\t\t\t\t\t\t<\/div>\n\t\t\t\t<\/div>\n\t\t\t\t\t<\/div>\n\t\t<\/div>\n\t\t\t\t\t<\/div>\n\t\t<\/section>\n\t\t\t\t<section class=\"elementor-section elementor-top-section elementor-element elementor-element-9164689 elementor-section-boxed elementor-section-height-default elementor-section-height-default motta-responsive-column motta-tablet-column--default motta-responsive-column motta-mobile-column--default\" data-id=\"9164689\" data-element_type=\"section\" data-settings=\"{&quot;ekit_has_onepagescroll_dot&quot;:&quot;yes&quot;}\">\n\t\t\t\t\t\t<div class=\"elementor-container elementor-column-gap-default\">\n\t\t\t\t\t<div class=\"elementor-column elementor-col-25 elementor-top-column elementor-element elementor-element-d831f25\" data-id=\"d831f25\" data-element_type=\"column\">\n\t\t\t<div class=\"elementor-widget-wrap elementor-element-populated\">\n\t\t\t\t\t\t<div class=\"elementor-element elementor-element-51980e3 elementor-widget elementor-widget-motta-navigation-bar\" data-id=\"51980e3\" data-element_type=\"widget\" data-settings=\"{&quot;ekit_we_effect_on&quot;:&quot;none&quot;}\" data-widget_type=\"motta-navigation-bar.default\">\n\t\t\t\t<div class=\"elementor-widget-container\">\n\t\t\t\t\t<div class=\"motta-navigation-bar\"><div class=\"motta-navigation-bar__title motta-navigation-bar__title-item--9d3b048\"><a href=\"http:\/\/www.kieslect.com\/es\/terms-of-use\/\">T\u00e9rminos de uso<\/a> <\/div><div class=\"motta-navigation-bar__title motta-navigation-bar__title-item--a93a3a7\"><a href=\"http:\/\/www.kieslect.com\/es\/terms-of-use\/kieslect-user-agreement\/\">Acuerdo de usuario de Kieslect<\/a> <\/div><div class=\"motta-navigation-bar__title motta-navigation-bar__title-item--7ba8fe9\"><a href=\"http:\/\/www.kieslect.com\/es\/terms-of-use\/kieslet-privacy-policy\/\">Pol\u00edtica de privacidad de Kieslect<\/a> <\/div><div class=\"motta-navigation-bar__title motta-navigation-bar__title-item--9b2a3c8\"><a href=\"http:\/\/www.kieslect.com\/es\/terms-of-use\/kie-os-user-agreement\/\">Acuerdo de usuario del sistema operativo KIE<\/a> <\/div><div class=\"motta-navigation-bar__title motta-navigation-bar__title-item--c71b541\"><a href=\"http:\/\/www.kieslect.com\/es\/terms-of-use\/kie-os-privacy-policy\/\">Pol\u00edtica de privacidad del sistema operativo KIE<\/a> <\/div><div class=\"motta-navigation-bar__title motta-navigation-bar__title-item--a1ef51f\"><a href=\"http:\/\/www.kieslect.com\/es\/terms-of-use\/ks-os-user-agreement\/\">Acuerdo de usuario del sistema operativo KS<\/a> <\/div><div class=\"motta-navigation-bar__title motta-navigation-bar__title-item--de91537\"><a href=\"http:\/\/www.kieslect.com\/es\/terms-of-use\/ks-os-privacy-policy\/\">Pol\u00edtica de privacidad del sistema operativo KS<\/a> <\/div><div class=\"motta-navigation-bar__title motta-navigation-bar__title-item--dcb7d1c active\"><a href=\"http:\/\/www.kieslect.com\/es\/terms-of-use\/warranty-certificate\/\">Certificado de garant\u00eda<\/a> <\/div><\/div>\t\t\t\t<\/div>\n\t\t\t\t<\/div>\n\t\t\t\t\t<\/div>\n\t\t<\/div>\n\t\t\t\t<div class=\"elementor-column elementor-col-50 elementor-top-column elementor-element elementor-element-4b65918\" data-id=\"4b65918\" data-element_type=\"column\">\n\t\t\t<div class=\"elementor-widget-wrap elementor-element-populated\">\n\t\t\t\t\t\t<div class=\"elementor-element elementor-element-cf904fa elementor-widget elementor-widget-motta-heading\" data-id=\"cf904fa\" data-element_type=\"widget\" data-settings=\"{&quot;ekit_we_effect_on&quot;:&quot;none&quot;}\" data-widget_type=\"motta-heading.default\">\n\t\t\t\t<div class=\"elementor-widget-container\">\n\t\t\t\t\t\t\t<div class=\"motta-heading-elementor motta-heading__button-on\">\n\t\t\t\t<h2 class=\"motta-heading motta-heading--default\">\n\t\t\t\t\tCEI\/EN 62133-2:2017\t\t\t\t<\/h2>\n\t\t\t\t\t\t\t<\/div>\n\t\t\t\t\t\t<\/div>\n\t\t\t\t<\/div>\n\t\t\t\t<div class=\"elementor-element elementor-element-ab08785 elementor-widget elementor-widget-motta-heading\" data-id=\"ab08785\" data-element_type=\"widget\" data-settings=\"{&quot;ekit_we_effect_on&quot;:&quot;none&quot;}\" data-widget_type=\"motta-heading.default\">\n\t\t\t\t<div class=\"elementor-widget-container\">\n\t\t\t\t\t\t\t<div class=\"motta-heading-elementor motta-heading__button-on\">\n\t\t\t\t<h6 class=\"motta-heading motta-heading--default\">\n\t\t\t\t\tAnexoC(informativo)<br>\nRecomendaciones a los usuarios finales.\t\t\t\t<\/h6>\n\t\t\t\t\t\t\t<\/div>\n\t\t\t\t\t\t<\/div>\n\t\t\t\t<\/div>\n\t\t\t\t<div class=\"elementor-element elementor-element-f12e172 elementor-widget-divider--view-line elementor-widget elementor-widget-divider\" data-id=\"f12e172\" data-element_type=\"widget\" data-settings=\"{&quot;ekit_we_effect_on&quot;:&quot;none&quot;}\" data-widget_type=\"divider.default\">\n\t\t\t\t<div class=\"elementor-widget-container\">\n\t\t\t\t\t\t\t<div class=\"elementor-divider\">\n\t\t\t<span class=\"elementor-divider-separator\">\n\t\t\t\t\t\t<\/span>\n\t\t<\/div>\n\t\t\t\t\t\t<\/div>\n\t\t\t\t<\/div>\n\t\t\t\t<div class=\"elementor-element elementor-element-3a49e0c elementor-widget elementor-widget-motta-heading\" data-id=\"3a49e0c\" data-element_type=\"widget\" data-settings=\"{&quot;ekit_we_effect_on&quot;:&quot;none&quot;}\" data-widget_type=\"motta-heading.default\">\n\t\t\t\t<div class=\"elementor-widget-container\">\n\t\t\t\t\t\t\t<div class=\"motta-heading-elementor motta-heading__button-on\">\n\t\t\t\t<h4 class=\"motta-heading motta-heading--default\">\n\t\t\t\t\tLa siguiente representa una lista t\u00edpica, pero no exhaustiva, de buenos consejos que el fabricante del equipo debe proporcionar al usuario final.\t\t\t\t<\/h4>\n\t\t\t\t\t\t\t<\/div>\n\t\t\t\t\t\t<\/div>\n\t\t\t\t<\/div>\n\t\t\t\t<div class=\"elementor-element elementor-element-20cf4bd elementor-widget elementor-widget-text-editor\" data-id=\"20cf4bd\" data-element_type=\"widget\" data-settings=\"{&quot;ekit_we_effect_on&quot;:&quot;none&quot;}\" data-widget_type=\"text-editor.default\">\n\t\t\t\t<div class=\"elementor-widget-container\">\n\t\t\t\t\t\t\t\t\t<p>a) No desmonte ni destruya las pilas o bater\u00edas secundarias abiertas.<br \/>b) Mantenga las bater\u00edas fuera del alcance de los ni\u00f1os peque\u00f1os.<br \/>c) Se debe supervisar el uso de la bater\u00eda por parte de los ni\u00f1os. Mantenga especialmente las pilas peque\u00f1as fuera del alcance de los ni\u00f1os peque\u00f1os.<br \/>d) Busque atenci\u00f3n m\u00e9dica inmediatamente si se ha tragado una celda o una bater\u00eda.<br \/>e) No exponer las pilas o bater\u00edas al calor o al fuego. Evite el almacenamiento bajo la luz solar directa.<br \/>f) No cortocircuitar una celda o una bater\u00eda. No almacene celdas o bater\u00edas al azar en una caja o caj\u00f3n donde puedan cortocircuitarse entre s\u00ed o ser cortocircuitados por otros objetos met\u00e1licos.<br \/>g) En caso de fuga de celda. no permita que el l\u00edquido entre en contacto con la piel o los ojos. Si se ha producido contacto, lave la zona afectada con abundante agua y busque atenci\u00f3n m\u00e9dica.<br \/>h) No utilice ning\u00fan cargador distinto al espec\u00edficamente previsto para su uso con el equipo.<br \/>i) No utilice ninguna celda o bater\u00eda que no est\u00e9 dise\u00f1ada para usarse con el equipo.<br \/>j) Adquirir siempre la bater\u00eda recomendada por el fabricante del dispositivo para el equipo.<br \/>k) Mantener las pilas y bater\u00edas limpias y secas.<br \/>l) Las pilas y bater\u00edas secundarias deben cargarse antes de su uso. Utilice siempre el cargador correcto y consulte las instrucciones del fabricante o el manual del equipo para obtener instrucciones de carga adecuadas.<br \/>m) No deje una bater\u00eda cargando durante un tiempo prolongado cuando no est\u00e9 en uso.<br \/>n) Despu\u00e9s de per\u00edodos prolongados de almacenamiento, puede ser necesario cargar y descargar las celdas o bater\u00edas varias veces para obtener el m\u00e1ximo rendimiento.<br \/>o) Conserve la literatura original del producto para referencia futura.<br \/>p) Utilizar la celda o bater\u00eda \u00fanicamente en la aplicaci\u00f3n para la que fue destinada.<\/p><p>Descargar certificado de garant\u00eda:\u00a0<span style=\"color: #ff0000;\"><strong><a style=\"color: #ff0000;\" href=\"https:\/\/www.kieslect.com\/es\/brand\/warranty-certificate.pdf\/\">Chequea aqu\u00ed<\/a><\/strong><\/span><\/p>\t\t\t\t\t\t\t\t<\/div>\n\t\t\t\t<\/div>\n\t\t\t\t<div class=\"elementor-element elementor-element-eaaee60 elementor-widget elementor-widget-image\" data-id=\"eaaee60\" data-element_type=\"widget\" data-settings=\"{&quot;ekit_we_effect_on&quot;:&quot;none&quot;}\" data-widget_type=\"image.default\">\n\t\t\t\t<div class=\"elementor-widget-container\">\n\t\t\t\t\t\t\t\t\t\t\t\t\t\t\t<img fetchpriority=\"high\" decoding=\"async\" width=\"640\" height=\"960\" src=\"https:\/\/www.kieslect.com\/wp-content\/uploads\/replace\/fd7645c28f9666a112d90bfb97ef7ab3.png\" class=\"attachment-large size-large wp-image-29432\" alt=\"\" \/>\t\t\t\t\t\t\t\t\t\t\t\t\t\t\t<\/div>\n\t\t\t\t<\/div>\n\t\t\t\t\t<\/div>\n\t\t<\/div>\n\t\t\t\t<div class=\"elementor-column elementor-col-25 elementor-top-column elementor-element elementor-element-f3b0914 elementor-hidden-tablet elementor-hidden-mobile\" data-id=\"f3b0914\" data-element_type=\"column\">\n\t\t\t<div class=\"elementor-widget-wrap\">\n\t\t\t\t\t\t\t<\/div>\n\t\t<\/div>\n\t\t\t\t\t<\/div>\n\t\t<\/section>\n\t\t\t\t<\/div>","protected":false},"excerpt":{"rendered":"<p>Warranty Certificate Terms of Use\u200b Kieslect User Agreement Kieslect Privacy Policy\u200b KIE OS User Agreement\u200b KIE OS Privacy Policy\u200b KS OS User Agreement KS OS Privacy Policy Warranty Certificate IEC\/EN 62133-2:2017 AnnexC(informative) Recommendations to the end-users The following represents a typical but non-exhaustive, list of good advice to be provided by the equipment manufacturer to [&hellip;]<\/p>","protected":false},"author":1,"featured_media":0,"parent":19870,"menu_order":0,"comment_status":"closed","ping_status":"closed","template":"","meta":{"footnotes":""},"class_list":["post-29429","page","type-page","status-publish","hentry"],"aioseo_notices":[],"aioseo_head":"\n\t\t<!-- All in One SEO Pro 4.6.5 - aioseo.com -->\n\t\t<meta name=\"description\" content=\"Warranty Certificate Terms of Use\u200b Kieslect User Agreement Kieslect Privacy Policy\u200b KIE OS User Agreement\u200b KIE OS Privacy Policy\u200b KS OS User Agreement KS OS Privacy Policy Warranty Certificate IEC\/EN 62133-2:2017 AnnexC(informative) Recommendations to the end-users The following represents a typical but non-exhaustive, list of good advice to be provided by the equipment manufacturer to\" \/>\n\t\t<meta name=\"robots\" content=\"max-image-preview:large\" \/>\n\t\t<link rel=\"canonical\" href=\"http:\/\/www.kieslect.com\/es\/terms-of-use\/warranty-certificate\/\" \/>\n\t\t<meta name=\"generator\" content=\"All in One SEO Pro (AIOSEO) 4.6.5\" \/>\n\t\t<meta property=\"og:locale\" content=\"es_ES\" \/>\n\t\t<meta property=\"og:site_name\" content=\"Kieslect - A Trusted Global Provider of Smart Wearable Solution\" \/>\n\t\t<meta property=\"og:type\" content=\"article\" \/>\n\t\t<meta property=\"og:title\" content=\"Warranty Certificate - Kieslect\" \/>\n\t\t<meta property=\"og:description\" content=\"Warranty Certificate Terms of Use\u200b Kieslect User Agreement Kieslect Privacy Policy\u200b KIE OS User Agreement\u200b KIE OS Privacy Policy\u200b KS OS User Agreement KS OS Privacy Policy Warranty Certificate IEC\/EN 62133-2:2017 AnnexC(informative) Recommendations to the end-users The following represents a typical but non-exhaustive, list of good advice to be provided by the equipment manufacturer to\" \/>\n\t\t<meta property=\"og:url\" content=\"http:\/\/www.kieslect.com\/es\/terms-of-use\/warranty-certificate\/\" \/>\n\t\t<meta property=\"og:image\" content=\"http:\/\/www.kieslect.com\/wp-content\/uploads\/replace\/83a7c94e588d71936bb1ab2a1c752869.jpeg\" \/>\n\t\t<meta property=\"og:image:width\" content=\"300\" \/>\n\t\t<meta property=\"og:image:height\" content=\"169\" \/>\n\t\t<meta property=\"article:published_time\" content=\"2024-07-22T02:28:07+00:00\" \/>\n\t\t<meta property=\"article:modified_time\" content=\"2024-07-22T03:00:17+00:00\" \/>\n\t\t<meta property=\"article:publisher\" content=\"https:\/\/www.facebook.com\/KieslectOfficial\/\" \/>\n\t\t<meta name=\"twitter:card\" content=\"summary_large_image\" \/>\n\t\t<meta name=\"twitter:site\" content=\"@kieslect\" \/>\n\t\t<meta name=\"twitter:title\" content=\"Warranty Certificate - Kieslect\" \/>\n\t\t<meta name=\"twitter:description\" content=\"Warranty Certificate Terms of Use\u200b Kieslect User Agreement Kieslect Privacy Policy\u200b KIE OS User Agreement\u200b KIE OS Privacy Policy\u200b KS OS User Agreement KS OS Privacy Policy Warranty Certificate IEC\/EN 62133-2:2017 AnnexC(informative) Recommendations to the end-users The following represents a typical but non-exhaustive, list of good advice to be provided by the equipment manufacturer to\" \/>\n\t\t<meta name=\"twitter:creator\" content=\"@kieslect\" \/>\n\t\t<meta name=\"twitter:image\" content=\"https:\/\/www.kieslect.com\/wp-content\/uploads\/replace\/83a7c94e588d71936bb1ab2a1c752869.jpeg\" \/>\n\t\t<script type=\"application\/ld+json\" class=\"aioseo-schema\">\n\t\t\t{\"@context\":\"https:\\\/\\\/schema.org\",\"@graph\":[{\"@type\":\"BreadcrumbList\",\"@id\":\"http:\\\/\\\/www.kieslect.com\\\/es\\\/terms-of-use\\\/warranty-certificate\\\/#breadcrumblist\",\"itemListElement\":[{\"@type\":\"ListItem\",\"@id\":\"http:\\\/\\\/www.kieslect.com\\\/es\\\/#listItem\",\"position\":1,\"name\":\"Home\",\"item\":\"http:\\\/\\\/www.kieslect.com\\\/es\\\/\",\"nextItem\":\"http:\\\/\\\/www.kieslect.com\\\/es\\\/terms-of-use\\\/#listItem\"},{\"@type\":\"ListItem\",\"@id\":\"http:\\\/\\\/www.kieslect.com\\\/es\\\/terms-of-use\\\/#listItem\",\"position\":2,\"name\":\"Terms of Use\",\"item\":\"http:\\\/\\\/www.kieslect.com\\\/es\\\/terms-of-use\\\/\",\"nextItem\":\"http:\\\/\\\/www.kieslect.com\\\/es\\\/terms-of-use\\\/warranty-certificate\\\/#listItem\",\"previousItem\":\"http:\\\/\\\/www.kieslect.com\\\/es\\\/#listItem\"},{\"@type\":\"ListItem\",\"@id\":\"http:\\\/\\\/www.kieslect.com\\\/es\\\/terms-of-use\\\/warranty-certificate\\\/#listItem\",\"position\":3,\"name\":\"Warranty Certificate\",\"previousItem\":\"http:\\\/\\\/www.kieslect.com\\\/es\\\/terms-of-use\\\/#listItem\"}]},{\"@type\":\"Organization\",\"@id\":\"http:\\\/\\\/www.kieslect.com\\\/es\\\/#organization\",\"name\":\"Kieslect Smartwatch\",\"description\":\"A Trusted Global Provider of Smart Wearable Solution\",\"url\":\"http:\\\/\\\/www.kieslect.com\\\/es\\\/\",\"logo\":{\"@type\":\"ImageObject\",\"url\":\"https:\\\/\\\/www.kieslect.com\\\/wp-content\\\/uploads\\\/2024\\\/01\\\/Kieslect-Logo-2_1_335x75_crop_center-1.webp\",\"@id\":\"http:\\\/\\\/www.kieslect.com\\\/es\\\/terms-of-use\\\/warranty-certificate\\\/#organizationLogo\",\"width\":335,\"height\":75},\"image\":{\"@id\":\"http:\\\/\\\/www.kieslect.com\\\/es\\\/terms-of-use\\\/warranty-certificate\\\/#organizationLogo\"},\"sameAs\":[\"https:\\\/\\\/www.facebook.com\\\/KieslectOfficial\\\/\",\"https:\\\/\\\/twitter.com\\\/kieslect\",\"https:\\\/\\\/www.instagram.com\\\/kieslect\\\/\"]},{\"@type\":\"WebPage\",\"@id\":\"http:\\\/\\\/www.kieslect.com\\\/es\\\/terms-of-use\\\/warranty-certificate\\\/#webpage\",\"url\":\"http:\\\/\\\/www.kieslect.com\\\/es\\\/terms-of-use\\\/warranty-certificate\\\/\",\"name\":\"Warranty Certificate - Kieslect\",\"description\":\"Warranty Certificate Terms of Use\\u200b Kieslect User Agreement Kieslect Privacy Policy\\u200b KIE OS User Agreement\\u200b KIE OS Privacy Policy\\u200b KS OS User Agreement KS OS Privacy Policy Warranty Certificate IEC\\\/EN 62133-2:2017 AnnexC(informative) Recommendations to the end-users The following represents a typical but non-exhaustive, list of good advice to be provided by the equipment manufacturer to\",\"inLanguage\":\"es-ES\",\"isPartOf\":{\"@id\":\"http:\\\/\\\/www.kieslect.com\\\/es\\\/#website\"},\"breadcrumb\":{\"@id\":\"http:\\\/\\\/www.kieslect.com\\\/es\\\/terms-of-use\\\/warranty-certificate\\\/#breadcrumblist\"},\"datePublished\":\"2024-07-22T10:28:07+08:00\",\"dateModified\":\"2024-07-22T11:00:17+08:00\"},{\"@type\":\"WebSite\",\"@id\":\"http:\\\/\\\/www.kieslect.com\\\/es\\\/#website\",\"url\":\"http:\\\/\\\/www.kieslect.com\\\/es\\\/\",\"name\":\"Kieslect\",\"description\":\"A Trusted Global Provider of Smart Wearable Solution\",\"inLanguage\":\"es-ES\",\"publisher\":{\"@id\":\"http:\\\/\\\/www.kieslect.com\\\/es\\\/#organization\"}}]}\n\t\t<\/script>\n\t\t<!-- All in One SEO Pro -->\r\n\t\t<title>Warranty Certificate - Kieslect<\/title>\n\n","aioseo_head_json":{"title":"Warranty Certificate - Kieslect","description":"Warranty Certificate Terms of Use\u200b Kieslect User Agreement Kieslect Privacy Policy\u200b KIE OS User Agreement\u200b KIE OS Privacy Policy\u200b KS OS User Agreement KS OS Privacy Policy Warranty Certificate IEC\/EN 62133-2:2017 AnnexC(informative) Recommendations to the end-users The following represents a typical but non-exhaustive, list of good advice to be provided by the equipment manufacturer to","canonical_url":"http:\/\/www.kieslect.com\/es\/terms-of-use\/warranty-certificate\/","robots":"max-image-preview:large","keywords":"","webmasterTools":{"miscellaneous":""},"og:locale":"es_ES","og:site_name":"Kieslect - A Trusted Global Provider of Smart Wearable Solution","og:type":"article","og:title":"Warranty Certificate - Kieslect","og:description":"Warranty Certificate Terms of Use\u200b Kieslect User Agreement Kieslect Privacy Policy\u200b KIE OS User Agreement\u200b KIE OS Privacy Policy\u200b KS OS User Agreement KS OS Privacy Policy Warranty Certificate IEC\/EN 62133-2:2017 AnnexC(informative) Recommendations to the end-users The following represents a typical but non-exhaustive, list of good advice to be provided by the equipment manufacturer to","og:url":"http:\/\/www.kieslect.com\/es\/terms-of-use\/warranty-certificate\/","og:image":"http:\/\/www.kieslect.com\/wp-content\/uploads\/replace\/83a7c94e588d71936bb1ab2a1c752869.jpeg","og:image:width":300,"og:image:height":169,"article:published_time":"2024-07-22T02:28:07+00:00","article:modified_time":"2024-07-22T03:00:17+00:00","article:publisher":"https:\/\/www.facebook.com\/KieslectOfficial\/","twitter:card":"summary_large_image","twitter:site":"@kieslect","twitter:title":"Warranty Certificate - Kieslect","twitter:description":"Warranty Certificate Terms of Use\u200b Kieslect User Agreement Kieslect Privacy Policy\u200b KIE OS User Agreement\u200b KIE OS Privacy Policy\u200b KS OS User Agreement KS OS Privacy Policy Warranty Certificate IEC\/EN 62133-2:2017 AnnexC(informative) Recommendations to the end-users The following represents a typical but non-exhaustive, list of good advice to be provided by the equipment manufacturer to","twitter:creator":"@kieslect","twitter:image":"https:\/\/www.kieslect.com\/wp-content\/uploads\/replace\/83a7c94e588d71936bb1ab2a1c752869.jpeg","schema":{"@context":"https:\/\/schema.org","@graph":[{"@type":"BreadcrumbList","@id":"http:\/\/www.kieslect.com\/es\/terms-of-use\/warranty-certificate\/#breadcrumblist","itemListElement":[{"@type":"ListItem","@id":"http:\/\/www.kieslect.com\/es\/#listItem","position":1,"name":"Home","item":"http:\/\/www.kieslect.com\/es\/","nextItem":"http:\/\/www.kieslect.com\/es\/terms-of-use\/#listItem"},{"@type":"ListItem","@id":"http:\/\/www.kieslect.com\/es\/terms-of-use\/#listItem","position":2,"name":"Terms of Use","item":"http:\/\/www.kieslect.com\/es\/terms-of-use\/","nextItem":"http:\/\/www.kieslect.com\/es\/terms-of-use\/warranty-certificate\/#listItem","previousItem":"http:\/\/www.kieslect.com\/es\/#listItem"},{"@type":"ListItem","@id":"http:\/\/www.kieslect.com\/es\/terms-of-use\/warranty-certificate\/#listItem","position":3,"name":"Warranty Certificate","previousItem":"http:\/\/www.kieslect.com\/es\/terms-of-use\/#listItem"}]},{"@type":"Organization","@id":"http:\/\/www.kieslect.com\/es\/#organization","name":"Kieslect Smartwatch","description":"A Trusted Global Provider of Smart Wearable Solution","url":"http:\/\/www.kieslect.com\/es\/","logo":{"@type":"ImageObject","url":"https:\/\/www.kieslect.com\/wp-content\/uploads\/2024\/01\/Kieslect-Logo-2_1_335x75_crop_center-1.webp","@id":"http:\/\/www.kieslect.com\/es\/terms-of-use\/warranty-certificate\/#organizationLogo","width":335,"height":75},"image":{"@id":"http:\/\/www.kieslect.com\/es\/terms-of-use\/warranty-certificate\/#organizationLogo"},"sameAs":["https:\/\/www.facebook.com\/KieslectOfficial\/","https:\/\/twitter.com\/kieslect","https:\/\/www.instagram.com\/kieslect\/"]},{"@type":"WebPage","@id":"http:\/\/www.kieslect.com\/es\/terms-of-use\/warranty-certificate\/#webpage","url":"http:\/\/www.kieslect.com\/es\/terms-of-use\/warranty-certificate\/","name":"Warranty Certificate - Kieslect","description":"Warranty Certificate Terms of Use\u200b Kieslect User Agreement Kieslect Privacy Policy\u200b KIE OS User Agreement\u200b KIE OS Privacy Policy\u200b KS OS User Agreement KS OS Privacy Policy Warranty Certificate IEC\/EN 62133-2:2017 AnnexC(informative) Recommendations to the end-users The following represents a typical but non-exhaustive, list of good advice to be provided by the equipment manufacturer to","inLanguage":"es-ES","isPartOf":{"@id":"http:\/\/www.kieslect.com\/es\/#website"},"breadcrumb":{"@id":"http:\/\/www.kieslect.com\/es\/terms-of-use\/warranty-certificate\/#breadcrumblist"},"datePublished":"2024-07-22T10:28:07+08:00","dateModified":"2024-07-22T11:00:17+08:00"},{"@type":"WebSite","@id":"http:\/\/www.kieslect.com\/es\/#website","url":"http:\/\/www.kieslect.com\/es\/","name":"Kieslect","description":"A Trusted Global Provider of Smart Wearable Solution","inLanguage":"es-ES","publisher":{"@id":"http:\/\/www.kieslect.com\/es\/#organization"}}]}},"aioseo_meta_data":{"post_id":"29429","title":null,"description":null,"keywords":[],"keyphrases":"{\"focus\":{\"keyphrase\":\"\",\"score\":0,\"analysis\":{\"keyphraseInTitle\":{\"score\":0,\"maxScore\":9,\"error\":1}}},\"additional\":[]}","primary_term":null,"canonical_url":null,"og_title":null,"og_description":null,"og_object_type":"default","og_image_type":"default","og_image_url":null,"og_image_width":null,"og_image_height":null,"og_image_custom_url":null,"og_image_custom_fields":null,"og_video":"","og_custom_url":null,"og_article_section":null,"og_article_tags":[],"twitter_use_og":false,"twitter_card":"default","twitter_image_type":"default","twitter_image_url":null,"twitter_image_custom_url":null,"twitter_image_custom_fields":null,"twitter_title":null,"twitter_description":null,"schema":{"blockGraphs":[],"customGraphs":[],"default":{"data":{"Article":[],"Course":[],"Dataset":[],"FAQPage":[],"Movie":[],"Person":[],"Product":[],"Recipe":[],"Service":[],"SoftwareApplication":[],"WebPage":[]},"graphName":"WebPage","isEnabled":true},"graphs":[]},"schema_type":"default","schema_type_options":null,"pillar_content":false,"robots_default":true,"robots_noindex":false,"robots_noarchive":false,"robots_nosnippet":false,"robots_nofollow":false,"robots_noimageindex":false,"robots_noodp":false,"robots_notranslate":false,"robots_max_snippet":"-1","robots_max_videopreview":"-1","robots_max_imagepreview":"large","priority":null,"frequency":"default","local_seo":null,"limit_modified_date":false,"created":"2024-07-22 02:28:07","updated":"2025-04-26 08:31:24"},"aioseo_breadcrumb":"<div class=\"aioseo-breadcrumbs\"><span class=\"aioseo-breadcrumb\">\n\t<a href=\"http:\/\/www.kieslect.com\/es\" title=\"Home\">Home<\/a>\n<\/span><span class=\"aioseo-breadcrumb-separator\">&raquo;<\/span><span class=\"aioseo-breadcrumb\">\n\t<a href=\"http:\/\/www.kieslect.com\/es\/terms-of-use\/\" title=\"Terms of Use\">Terms of Use<\/a>\n<\/span><span class=\"aioseo-breadcrumb-separator\">&raquo;<\/span><span class=\"aioseo-breadcrumb\">\n\tWarranty Certificate\n<\/span><\/div>","aioseo_breadcrumb_json":[{"label":"Home","link":"http:\/\/www.kieslect.com\/es"},{"label":"Terms of Use","link":"http:\/\/www.kieslect.com\/es\/terms-of-use\/"},{"label":"Warranty Certificate","link":"http:\/\/www.kieslect.com\/es\/terms-of-use\/warranty-certificate\/"}],"_links":{"self":[{"href":"http:\/\/www.kieslect.com\/es\/wp-json\/wp\/v2\/pages\/29429","targetHints":{"allow":["GET"]}}],"collection":[{"href":"http:\/\/www.kieslect.com\/es\/wp-json\/wp\/v2\/pages"}],"about":[{"href":"http:\/\/www.kieslect.com\/es\/wp-json\/wp\/v2\/types\/page"}],"author":[{"embeddable":true,"href":"http:\/\/www.kieslect.com\/es\/wp-json\/wp\/v2\/users\/1"}],"replies":[{"embeddable":true,"href":"http:\/\/www.kieslect.com\/es\/wp-json\/wp\/v2\/comments?post=29429"}],"version-history":[{"count":0,"href":"http:\/\/www.kieslect.com\/es\/wp-json\/wp\/v2\/pages\/29429\/revisions"}],"up":[{"embeddable":true,"href":"http:\/\/www.kieslect.com\/es\/wp-json\/wp\/v2\/pages\/19870"}],"wp:attachment":[{"href":"http:\/\/www.kieslect.com\/es\/wp-json\/wp\/v2\/media?parent=29429"}],"curies":[{"name":"wp","href":"https:\/\/api.w.org\/{rel}","templated":true}]}}