{"id":26572,"date":"2024-01-16T17:56:37","date_gmt":"2024-01-16T17:56:37","guid":{"rendered":"http:\/\/www.kieslect.com\/?page_id=26572"},"modified":"2025-02-26T13:53:51","modified_gmt":"2025-02-26T05:53:51","slug":"warranty-and-return-policy","status":"publish","type":"page","link":"http:\/\/www.kieslect.com\/es\/warranty-and-return-policy\/","title":{"rendered":"Pol\u00edtica de garant\u00eda y devoluci\u00f3n"},"content":{"rendered":"<p><strong>Garant\u00eda y pol\u00edtica de devoluci\u00f3n de Kieslect<\/strong><\/p><p>Cobertura de garant\u00eda de la tienda Kieslect: esta pol\u00edtica protege exclusivamente los productos comprados a trav\u00e9s de la tienda en l\u00ednea oficial de Kieslect. Para garantizar la autenticidad y la protecci\u00f3n de la garant\u00eda de su producto Kieslect, recomendamos encarecidamente comprarlo en nuestra plataforma oficial en l\u00ednea.<\/p><p><strong>One-Year Limited Product Warranty:<\/strong>\u00a0<\/p><p>Esta garant\u00eda se aplica \u00fanicamente a los Productos vendidos a clientes a trav\u00e9s de la tienda en l\u00ednea oficial de Kieslect.<\/p><p>\u00a0Warrantor:This One-year limited consumer warranty (&#8220;Warranty&#8221;) is issued by Shanghai Kieslect Technology Company Limited.<\/p><p>\u00a0Garant\u00eda: Emitida por Kieslect al consumidor (\u201cConsumidor\u201d o \u201custed\u201d), esta Garant\u00eda se aplica a personas o entidades que compren un dispositivo nuevo y elegible directamente en la tienda en l\u00ednea oficial de Kieslect. Esta Garant\u00eda es intransferible y exclusiva para el comprador original.<\/p><p><strong>Dispositivos cubiertos:<\/strong><\/p><p>Los dispositivos de hardware Kieslect f\u00edsicos nuevos (\u201cDispositivo\u201d) est\u00e1n cubiertos por esta garant\u00eda si se incluyen en el embalaje original o se hace referencia a ellos como parte de un proceso de configuraci\u00f3n del Producto o de venta en l\u00ednea. El registro del producto no es un requisito previo para la elegibilidad de la garant\u00eda, aunque la funcionalidad completa de ciertos Productos Kieslect puede requerir la conexi\u00f3n a una cuenta Kieslect en l\u00ednea.<\/p><p><strong>Funcionalidad garantizada:<\/strong>\u00a0<\/p><p>Kieslect warrants that the Device will function substantially as per the technical specifications or accompanying documentation (&#8220;Warranted Functionality&#8221;) for one (1) years from the original purchase date (&#8220;Warranty Period&#8221;). Should the Device require Kieslect software or services to achieve the Warranted Functionality, Kieslect commits to providing such support during the Warranty Period, subject to updates or modifications at our discretion, provided that the Warranted Functionality is either maintained or enhanced.<\/p><p><strong>Exclusiones:<\/strong>\u00a0<\/p><p>Exclusiones: Esta garant\u00eda es limitada y no se aplica a:<\/p><p>(i)\u00a0normal wear and tear;<\/p><p>(ii)\u00a0defects or damage caused by misuse(Including the use of the product in corrosive water), accident (including without limitation collision, fire, flood, earthquake and the spillage of food or liquid), neglect, abuse, alteration, unusual stress, modification, improper or unauthorized repair, installation, wiring, or testing, improper storage, use with unsuitable devices, software or services;<\/p><p>(iii)\u00a0use not in accordance with the documentation;<\/p><p>(iv)\u00a0damage caused by third party equipment with which the Device is used; (v) commercial use or resale;<\/p><p>(v)\u00a0used or resold Products;<\/p><p>(vi)\u00a0use for medical, healthcare or treatment purposes;<\/p><p>(vii)\u00a0features or performance parameters pertaining to any software or services beyond the Warranted Functionality of the Device.<\/p><p>Para mayor claridad, esta Garant\u00eda no cubre garant\u00edas de tiempo de actividad, seguridad de datos para aplicaciones o cuentas en l\u00ednea, funcionalidad de software ininterrumpida o ausencia de errores. Es nulo si el Dispositivo es manipulado. La p\u00e9rdida de datos y los da\u00f1os consecuentes o incidentales no est\u00e1n cubiertos. Salvo que se indique lo contrario, Kieslect no ofrece ninguna otra garant\u00eda para el Dispositivo o el software o los servicios conectados. T\u00e9rminos y condiciones adicionales:<\/p><p>\u00a0Los costos de env\u00edo, las tarifas de envoltura de regalos y los impuestos no son reembolsables.<\/p><p>\u00a0Los clientes asumen todos los costos de env\u00edo y el riesgo de los Productos devueltos.<\/p><p>\u00a0Las devoluciones sin un RMA de Kieslect o sin piezas faltantes pueden rechazarse o incurrir en una tarifa de reposici\u00f3n.<\/p><p>\u00a0Los reembolsos se procesan dentro de las cuatro semanas posteriores a la recepci\u00f3n.<\/p><p><strong>Limitaci\u00f3n de responsabilidad:<\/strong>\u00a0Seg\u00fan esta Garant\u00eda, Kieslect no es responsable de da\u00f1os indirectos, incidentales, punitivos o consecuentes, incluidos, entre otros, p\u00e9rdida de ganancias, datos, uso del Dispositivo o cualquier equipo asociado, costos de reemplazo o reclamos de terceros.<\/p><p><strong>Ley que rige:<\/strong><\/p><p>\u00a0Esta Garant\u00eda Limitada se rige por las leyes de China. Le otorga derechos legales espec\u00edficos y es posible que tenga otros derechos que var\u00edan de un estado a otro. Tenga en cuenta que algunos estados no permiten la exclusi\u00f3n o limitaci\u00f3n de da\u00f1os incidentales o consecuentes, por lo que es posible que estas limitaciones o exclusiones no se apliquen a usted.<\/p><p><strong>Remedios:<\/strong><\/p><p>\u00a0El remedio exclusivo para el Consumidor bajo esta Garant\u00eda, y la responsabilidad exclusiva de Kieslect, es que Kieslect reparar\u00e1 o reemplazar\u00e1 el Dispositivo defectuoso, o actualizar\u00e1 el software o los servicios para garantizar que el Dispositivo funcione seg\u00fan lo garantizado. La elecci\u00f3n de reparaci\u00f3n, reemplazo o actualizaci\u00f3n de software queda a discreci\u00f3n de Kieslect. Los reemplazos pueden ser nuevos o remanufacturados. Si no se considera razonable reemplazar un Dispositivo defectuoso, Kieslect podr\u00e1 reembolsar el precio de compra.<\/p><p><strong>Proceso de Reclamaciones:<\/strong><\/p><p>\u00a0Para buscar soluciones en virtud de esta Garant\u00eda, Kieslect debe recibir el reclamo del Consumidor antes de que expire el Per\u00edodo de Garant\u00eda. El Consumidor debe obtener una Autorizaci\u00f3n de devoluci\u00f3n de material (&quot;RMA&quot;) de Kieslect y devolver el Dispositivo defectuoso en su embalaje original (o embalaje de protecci\u00f3n equivalente), junto con el comprobante de compra, a la direcci\u00f3n especificada por Kieslect. De conformidad con la ley aplicable, es posible que se necesite un comprobante de compra y el cumplimiento de los requisitos de registro para el servicio de garant\u00eda. El Consumidor es responsable de todos los costos de env\u00edo a Kieslect. Al enviar el Dispositivo, el Consumidor acepta transferir la propiedad a Kieslect. Kieslect no est\u00e1 obligada a devolver el Dispositivo original y cualquier reemplazo no incluir\u00e1 los datos del Consumidor. Los Dispositivos reparados o reemplazados est\u00e1n garantizados por el resto del Per\u00edodo de garant\u00eda original o por 90 d\u00edas a partir de la recepci\u00f3n, lo que sea m\u00e1s largo. Si el reclamo se valida bajo esta Garant\u00eda, Kieslect cubrir\u00e1 los costos de env\u00edo de devoluci\u00f3n. Los productos devueltos sin un reclamo v\u00e1lido o RMA pueden ser rechazados, devueltos a cargo del remitente o retenidos por hasta 30 d\u00edas para su recogida antes de su eliminaci\u00f3n a discreci\u00f3n de Kieslect.<\/p><p><strong>Consultas:<\/strong><\/p><p>\u00a0Para reclamos de garant\u00eda o si tiene preguntas, comun\u00edquese con el soporte de Kieslect en store.kieslect.com.<\/p>","protected":false},"excerpt":{"rendered":"<p>Kieslect Warranty and Return Policy Kieslect Store Warranty Coverage: This policy exclusively safeguards products purchased via Kieslect&#8217;s official online store. To guarantee authenticity and warranty protection for your Kieslect Product, we strongly recommend purchasing from our official online platform. One-Year Limited Product Warranty:\u00a0 This warranty is applicable solely to Products sold to customers through Kieslect\u2019s [&hellip;]<\/p>","protected":false},"author":1,"featured_media":0,"parent":0,"menu_order":0,"comment_status":"closed","ping_status":"closed","template":"","meta":{"footnotes":""},"class_list":["post-26572","page","type-page","status-publish","hentry"],"aioseo_notices":[],"aioseo_head":"\n\t\t<!-- All in One SEO Pro 4.6.5 - aioseo.com -->\n\t\t<meta name=\"description\" content=\"Kieslect Warranty and Return Policy Kieslect Store Warranty Coverage: This policy exclusively safeguards products purchased via Kieslect&#039;s official online store. To guarantee authenticity and warranty protection for your Kieslect Product, we strongly recommend purchasing from our official online platform. One-Year Limited Product Warranty: This warranty is applicable solely to Products sold to customers through Kieslect\u2019s\" \/>\n\t\t<meta name=\"robots\" content=\"max-image-preview:large\" \/>\n\t\t<link rel=\"canonical\" href=\"http:\/\/www.kieslect.com\/es\/warranty-and-return-policy\/\" \/>\n\t\t<meta name=\"generator\" content=\"All in One SEO Pro (AIOSEO) 4.6.5\" \/>\n\t\t<meta property=\"og:locale\" content=\"es_ES\" \/>\n\t\t<meta property=\"og:site_name\" content=\"Kieslect - A Trusted Global Provider of Smart Wearable Solution\" \/>\n\t\t<meta property=\"og:type\" content=\"article\" \/>\n\t\t<meta property=\"og:title\" content=\"Warranty and Return Policy - Kieslect\" \/>\n\t\t<meta property=\"og:description\" content=\"Kieslect Warranty and Return Policy Kieslect Store Warranty Coverage: This policy exclusively safeguards products purchased via Kieslect&#039;s official online store. To guarantee authenticity and warranty protection for your Kieslect Product, we strongly recommend purchasing from our official online platform. One-Year Limited Product Warranty: This warranty is applicable solely to Products sold to customers through Kieslect\u2019s\" \/>\n\t\t<meta property=\"og:url\" content=\"http:\/\/www.kieslect.com\/es\/warranty-and-return-policy\/\" \/>\n\t\t<meta property=\"og:image\" content=\"http:\/\/www.kieslect.com\/wp-content\/uploads\/replace\/83a7c94e588d71936bb1ab2a1c752869.jpeg\" \/>\n\t\t<meta property=\"og:image:width\" content=\"300\" \/>\n\t\t<meta property=\"og:image:height\" content=\"169\" \/>\n\t\t<meta property=\"article:published_time\" content=\"2024-01-16T17:56:37+00:00\" \/>\n\t\t<meta property=\"article:modified_time\" content=\"2025-02-26T05:53:51+00:00\" \/>\n\t\t<meta property=\"article:publisher\" content=\"https:\/\/www.facebook.com\/KieslectOfficial\/\" \/>\n\t\t<meta name=\"twitter:card\" content=\"summary_large_image\" \/>\n\t\t<meta name=\"twitter:site\" content=\"@kieslect\" \/>\n\t\t<meta name=\"twitter:title\" content=\"Warranty and Return Policy - Kieslect\" \/>\n\t\t<meta name=\"twitter:description\" content=\"Kieslect Warranty and Return Policy Kieslect Store Warranty Coverage: This policy exclusively safeguards products purchased via Kieslect&#039;s official online store. To guarantee authenticity and warranty protection for your Kieslect Product, we strongly recommend purchasing from our official online platform. One-Year Limited Product Warranty: This warranty is applicable solely to Products sold to customers through Kieslect\u2019s\" \/>\n\t\t<meta name=\"twitter:creator\" content=\"@kieslect\" \/>\n\t\t<meta name=\"twitter:image\" content=\"https:\/\/www.kieslect.com\/wp-content\/uploads\/replace\/83a7c94e588d71936bb1ab2a1c752869.jpeg\" \/>\n\t\t<script type=\"application\/ld+json\" class=\"aioseo-schema\">\n\t\t\t{\"@context\":\"https:\\\/\\\/schema.org\",\"@graph\":[{\"@type\":\"BreadcrumbList\",\"@id\":\"http:\\\/\\\/www.kieslect.com\\\/es\\\/warranty-and-return-policy\\\/#breadcrumblist\",\"itemListElement\":[{\"@type\":\"ListItem\",\"@id\":\"http:\\\/\\\/www.kieslect.com\\\/es\\\/#listItem\",\"position\":1,\"name\":\"Home\",\"item\":\"http:\\\/\\\/www.kieslect.com\\\/es\\\/\",\"nextItem\":\"http:\\\/\\\/www.kieslect.com\\\/es\\\/warranty-and-return-policy\\\/#listItem\"},{\"@type\":\"ListItem\",\"@id\":\"http:\\\/\\\/www.kieslect.com\\\/es\\\/warranty-and-return-policy\\\/#listItem\",\"position\":2,\"name\":\"Warranty and Return Policy\",\"previousItem\":\"http:\\\/\\\/www.kieslect.com\\\/es\\\/#listItem\"}]},{\"@type\":\"Organization\",\"@id\":\"http:\\\/\\\/www.kieslect.com\\\/es\\\/#organization\",\"name\":\"Kieslect Smartwatch\",\"description\":\"A Trusted Global Provider of Smart Wearable Solution\",\"url\":\"http:\\\/\\\/www.kieslect.com\\\/es\\\/\",\"logo\":{\"@type\":\"ImageObject\",\"url\":\"https:\\\/\\\/www.kieslect.com\\\/wp-content\\\/uploads\\\/2024\\\/01\\\/Kieslect-Logo-2_1_335x75_crop_center-1.webp\",\"@id\":\"http:\\\/\\\/www.kieslect.com\\\/es\\\/warranty-and-return-policy\\\/#organizationLogo\",\"width\":335,\"height\":75},\"image\":{\"@id\":\"http:\\\/\\\/www.kieslect.com\\\/es\\\/warranty-and-return-policy\\\/#organizationLogo\"},\"sameAs\":[\"https:\\\/\\\/www.facebook.com\\\/KieslectOfficial\\\/\",\"https:\\\/\\\/twitter.com\\\/kieslect\",\"https:\\\/\\\/www.instagram.com\\\/kieslect\\\/\"]},{\"@type\":\"WebPage\",\"@id\":\"http:\\\/\\\/www.kieslect.com\\\/es\\\/warranty-and-return-policy\\\/#webpage\",\"url\":\"http:\\\/\\\/www.kieslect.com\\\/es\\\/warranty-and-return-policy\\\/\",\"name\":\"Warranty and Return Policy - Kieslect\",\"description\":\"Kieslect Warranty and Return Policy Kieslect Store Warranty Coverage: This policy exclusively safeguards products purchased via Kieslect's official online store. To guarantee authenticity and warranty protection for your Kieslect Product, we strongly recommend purchasing from our official online platform. One-Year Limited Product Warranty: This warranty is applicable solely to Products sold to customers through Kieslect\\u2019s\",\"inLanguage\":\"es-ES\",\"isPartOf\":{\"@id\":\"http:\\\/\\\/www.kieslect.com\\\/es\\\/#website\"},\"breadcrumb\":{\"@id\":\"http:\\\/\\\/www.kieslect.com\\\/es\\\/warranty-and-return-policy\\\/#breadcrumblist\"},\"datePublished\":\"2024-01-16T17:56:37+08:00\",\"dateModified\":\"2025-02-26T13:53:51+08:00\"},{\"@type\":\"WebSite\",\"@id\":\"http:\\\/\\\/www.kieslect.com\\\/es\\\/#website\",\"url\":\"http:\\\/\\\/www.kieslect.com\\\/es\\\/\",\"name\":\"Kieslect\",\"description\":\"A Trusted Global Provider of Smart Wearable Solution\",\"inLanguage\":\"es-ES\",\"publisher\":{\"@id\":\"http:\\\/\\\/www.kieslect.com\\\/es\\\/#organization\"}}]}\n\t\t<\/script>\n\t\t<!-- All in One SEO Pro -->\r\n\t\t<title>Warranty and Return Policy - Kieslect<\/title>\n\n","aioseo_head_json":{"title":"Warranty and Return Policy - Kieslect","description":"Kieslect Warranty and Return Policy Kieslect Store Warranty Coverage: This policy exclusively safeguards products purchased via Kieslect's official online store. To guarantee authenticity and warranty protection for your Kieslect Product, we strongly recommend purchasing from our official online platform. One-Year Limited Product Warranty: This warranty is applicable solely to Products sold to customers through Kieslect\u2019s","canonical_url":"http:\/\/www.kieslect.com\/es\/warranty-and-return-policy\/","robots":"max-image-preview:large","keywords":"","webmasterTools":{"miscellaneous":""},"og:locale":"es_ES","og:site_name":"Kieslect - A Trusted Global Provider of Smart Wearable Solution","og:type":"article","og:title":"Warranty and Return Policy - Kieslect","og:description":"Kieslect Warranty and Return Policy Kieslect Store Warranty Coverage: This policy exclusively safeguards products purchased via Kieslect's official online store. To guarantee authenticity and warranty protection for your Kieslect Product, we strongly recommend purchasing from our official online platform. One-Year Limited Product Warranty: This warranty is applicable solely to Products sold to customers through Kieslect\u2019s","og:url":"http:\/\/www.kieslect.com\/es\/warranty-and-return-policy\/","og:image":"http:\/\/www.kieslect.com\/wp-content\/uploads\/replace\/83a7c94e588d71936bb1ab2a1c752869.jpeg","og:image:width":300,"og:image:height":169,"article:published_time":"2024-01-16T17:56:37+00:00","article:modified_time":"2025-02-26T05:53:51+00:00","article:publisher":"https:\/\/www.facebook.com\/KieslectOfficial\/","twitter:card":"summary_large_image","twitter:site":"@kieslect","twitter:title":"Warranty and Return Policy - Kieslect","twitter:description":"Kieslect Warranty and Return Policy Kieslect Store Warranty Coverage: This policy exclusively safeguards products purchased via Kieslect's official online store. To guarantee authenticity and warranty protection for your Kieslect Product, we strongly recommend purchasing from our official online platform. One-Year Limited Product Warranty: This warranty is applicable solely to Products sold to customers through Kieslect\u2019s","twitter:creator":"@kieslect","twitter:image":"https:\/\/www.kieslect.com\/wp-content\/uploads\/replace\/83a7c94e588d71936bb1ab2a1c752869.jpeg","schema":{"@context":"https:\/\/schema.org","@graph":[{"@type":"BreadcrumbList","@id":"http:\/\/www.kieslect.com\/es\/warranty-and-return-policy\/#breadcrumblist","itemListElement":[{"@type":"ListItem","@id":"http:\/\/www.kieslect.com\/es\/#listItem","position":1,"name":"Home","item":"http:\/\/www.kieslect.com\/es\/","nextItem":"http:\/\/www.kieslect.com\/es\/warranty-and-return-policy\/#listItem"},{"@type":"ListItem","@id":"http:\/\/www.kieslect.com\/es\/warranty-and-return-policy\/#listItem","position":2,"name":"Warranty and Return Policy","previousItem":"http:\/\/www.kieslect.com\/es\/#listItem"}]},{"@type":"Organization","@id":"http:\/\/www.kieslect.com\/es\/#organization","name":"Kieslect Smartwatch","description":"A Trusted Global Provider of Smart Wearable Solution","url":"http:\/\/www.kieslect.com\/es\/","logo":{"@type":"ImageObject","url":"https:\/\/www.kieslect.com\/wp-content\/uploads\/2024\/01\/Kieslect-Logo-2_1_335x75_crop_center-1.webp","@id":"http:\/\/www.kieslect.com\/es\/warranty-and-return-policy\/#organizationLogo","width":335,"height":75},"image":{"@id":"http:\/\/www.kieslect.com\/es\/warranty-and-return-policy\/#organizationLogo"},"sameAs":["https:\/\/www.facebook.com\/KieslectOfficial\/","https:\/\/twitter.com\/kieslect","https:\/\/www.instagram.com\/kieslect\/"]},{"@type":"WebPage","@id":"http:\/\/www.kieslect.com\/es\/warranty-and-return-policy\/#webpage","url":"http:\/\/www.kieslect.com\/es\/warranty-and-return-policy\/","name":"Warranty and Return Policy - Kieslect","description":"Kieslect Warranty and Return Policy Kieslect Store Warranty Coverage: This policy exclusively safeguards products purchased via Kieslect's official online store. To guarantee authenticity and warranty protection for your Kieslect Product, we strongly recommend purchasing from our official online platform. One-Year Limited Product Warranty: This warranty is applicable solely to Products sold to customers through Kieslect\u2019s","inLanguage":"es-ES","isPartOf":{"@id":"http:\/\/www.kieslect.com\/es\/#website"},"breadcrumb":{"@id":"http:\/\/www.kieslect.com\/es\/warranty-and-return-policy\/#breadcrumblist"},"datePublished":"2024-01-16T17:56:37+08:00","dateModified":"2025-02-26T13:53:51+08:00"},{"@type":"WebSite","@id":"http:\/\/www.kieslect.com\/es\/#website","url":"http:\/\/www.kieslect.com\/es\/","name":"Kieslect","description":"A Trusted Global Provider of Smart Wearable Solution","inLanguage":"es-ES","publisher":{"@id":"http:\/\/www.kieslect.com\/es\/#organization"}}]}},"aioseo_meta_data":{"post_id":"26572","title":null,"description":null,"keywords":null,"keyphrases":"{\"focus\":{\"keyphrase\":\"\",\"score\":0,\"analysis\":{\"keyphraseInTitle\":{\"score\":0,\"maxScore\":9,\"error\":1}}},\"additional\":[]}","primary_term":null,"canonical_url":null,"og_title":null,"og_description":null,"og_object_type":"default","og_image_type":"default","og_image_url":null,"og_image_width":null,"og_image_height":null,"og_image_custom_url":null,"og_image_custom_fields":null,"og_video":"","og_custom_url":null,"og_article_section":null,"og_article_tags":null,"twitter_use_og":false,"twitter_card":"default","twitter_image_type":"default","twitter_image_url":null,"twitter_image_custom_url":null,"twitter_image_custom_fields":null,"twitter_title":null,"twitter_description":null,"schema":{"blockGraphs":[],"customGraphs":[],"default":{"data":{"Article":[],"Course":[],"Dataset":[],"FAQPage":[],"Movie":[],"Person":[],"Product":[],"Recipe":[],"Service":[],"SoftwareApplication":[],"WebPage":[]},"graphName":"WebPage","isEnabled":true},"graphs":[]},"schema_type":"default","schema_type_options":null,"pillar_content":false,"robots_default":true,"robots_noindex":false,"robots_noarchive":false,"robots_nosnippet":false,"robots_nofollow":false,"robots_noimageindex":false,"robots_noodp":false,"robots_notranslate":false,"robots_max_snippet":"-1","robots_max_videopreview":"-1","robots_max_imagepreview":"large","priority":null,"frequency":"default","local_seo":null,"limit_modified_date":false,"created":"2024-02-26 12:21:33","updated":"2025-04-26 08:31:24"},"aioseo_breadcrumb":"<div class=\"aioseo-breadcrumbs\"><span class=\"aioseo-breadcrumb\">\n\t<a href=\"http:\/\/www.kieslect.com\/es\" title=\"Home\">Home<\/a>\n<\/span><span class=\"aioseo-breadcrumb-separator\">&raquo;<\/span><span class=\"aioseo-breadcrumb\">\n\tWarranty and Return Policy\n<\/span><\/div>","aioseo_breadcrumb_json":[{"label":"Home","link":"http:\/\/www.kieslect.com\/es"},{"label":"Warranty and Return Policy","link":"http:\/\/www.kieslect.com\/es\/warranty-and-return-policy\/"}],"_links":{"self":[{"href":"http:\/\/www.kieslect.com\/es\/wp-json\/wp\/v2\/pages\/26572","targetHints":{"allow":["GET"]}}],"collection":[{"href":"http:\/\/www.kieslect.com\/es\/wp-json\/wp\/v2\/pages"}],"about":[{"href":"http:\/\/www.kieslect.com\/es\/wp-json\/wp\/v2\/types\/page"}],"author":[{"embeddable":true,"href":"http:\/\/www.kieslect.com\/es\/wp-json\/wp\/v2\/users\/1"}],"replies":[{"embeddable":true,"href":"http:\/\/www.kieslect.com\/es\/wp-json\/wp\/v2\/comments?post=26572"}],"version-history":[{"count":0,"href":"http:\/\/www.kieslect.com\/es\/wp-json\/wp\/v2\/pages\/26572\/revisions"}],"wp:attachment":[{"href":"http:\/\/www.kieslect.com\/es\/wp-json\/wp\/v2\/media?parent=26572"}],"curies":[{"name":"wp","href":"https:\/\/api.w.org\/{rel}","templated":true}]}}