{"id":17371,"date":"2022-09-22T07:28:31","date_gmt":"2022-09-22T07:28:31","guid":{"rendered":"https:\/\/motta.uix.store\/?page_id=17371"},"modified":"2024-02-26T21:11:10","modified_gmt":"2024-02-26T13:11:10","slug":"shipping-policy","status":"publish","type":"page","link":"http:\/\/www.kieslect.com\/es\/shipping-policy\/","title":{"rendered":"Politica de envios"},"content":{"rendered":"<h1 style=\"text-align: center;\">Politica de envios<\/h1>\n<p>&nbsp;<\/p>\n<h2>Tiempo de env\u00edo<\/h2>\n<p>Su pedido ser\u00e1 procesado y enviado dentro de 3 a 5 d\u00edas h\u00e1biles despu\u00e9s de que recibamos el pago. El tiempo de entrega var\u00eda seg\u00fan los diferentes pa\u00edses y regiones, normalmente tarda entre 7 y 30 d\u00edas h\u00e1biles en llegar.<\/p>\n<p>Tenga en cuenta que no podemos enviar paquetes a apartados de correos o direcciones APO\/FPO.<\/p>\n<h2>\u00bfC\u00f3mo verifico el estado de mi pedido?<\/h2>\n<p>Cuando su pedido haya sido enviado, recibir\u00e1 una notificaci\u00f3n por correo electr\u00f3nico de nuestra parte que incluir\u00e1 un n\u00famero de seguimiento que puede utilizar para verificar su estado. Espere 48 horas para que la informaci\u00f3n de seguimiento est\u00e9 disponible.<\/p>\n<p>Si no ha recibido su pedido dentro de los 30 d\u00edas posteriores a la recepci\u00f3n del correo electr\u00f3nico de confirmaci\u00f3n de env\u00edo, cont\u00e1ctenos por correo electr\u00f3nico con su nombre y n\u00famero de pedido, lo investigaremos por usted.<\/p>\n<h2>\u00bfC\u00f3mo calcular el costo de env\u00edo?<\/h2>\n<p>1. Env\u00edo global gratuito para pedidos superiores a $50.<br \/>\n2. Para pedidos inferiores a $50, la tarifa de env\u00edo es $20.<\/p>","protected":false},"excerpt":{"rendered":"<p>Shipping Policy &nbsp; Shipping Time Your order will be processed and shipped within 3-5 working days after we receive the payment.\u00a0Delivery time varies according to different countries and regions, it normally takes 7-30 working days to arrive. Please note that we can not ship packages to P.O. Box or APO\/FPO addresses. How do I check [&hellip;]<\/p>","protected":false},"author":1,"featured_media":0,"parent":0,"menu_order":0,"comment_status":"closed","ping_status":"closed","template":"","meta":{"footnotes":""},"class_list":["post-17371","page","type-page","status-publish","hentry"],"aioseo_notices":[],"aioseo_head":"\n\t\t<!-- All in One SEO Pro 4.6.5 - aioseo.com -->\n\t\t<meta name=\"description\" content=\"Best Smartwatches Buy Online. Your order will be processed and shipped within 2-4 working days after you receive the order confirmation.\" \/>\n\t\t<meta name=\"robots\" content=\"max-image-preview:large\" \/>\n\t\t<link rel=\"canonical\" href=\"http:\/\/www.kieslect.com\/es\/shipping-policy\/\" \/>\n\t\t<meta name=\"generator\" content=\"All in One SEO Pro (AIOSEO) 4.6.5\" \/>\n\t\t<meta property=\"og:locale\" content=\"es_ES\" \/>\n\t\t<meta property=\"og:site_name\" content=\"Kieslect - A Trusted Global Provider of Smart Wearable Solution\" \/>\n\t\t<meta property=\"og:type\" content=\"article\" \/>\n\t\t<meta property=\"og:title\" content=\"Shipping Policy - Kieslect Best Smartwatches Buy Online\" \/>\n\t\t<meta property=\"og:description\" content=\"Best Smartwatches Buy Online. Your order will be processed and shipped within 2-4 working days after you receive the order confirmation.\" \/>\n\t\t<meta property=\"og:url\" content=\"http:\/\/www.kieslect.com\/es\/shipping-policy\/\" \/>\n\t\t<meta property=\"og:image\" content=\"http:\/\/www.kieslect.com\/wp-content\/uploads\/replace\/83a7c94e588d71936bb1ab2a1c752869.jpeg\" \/>\n\t\t<meta property=\"og:image:width\" content=\"300\" \/>\n\t\t<meta property=\"og:image:height\" content=\"169\" \/>\n\t\t<meta property=\"article:published_time\" content=\"2022-09-22T07:28:31+00:00\" \/>\n\t\t<meta property=\"article:modified_time\" content=\"2024-02-26T13:11:10+00:00\" \/>\n\t\t<meta property=\"article:publisher\" content=\"https:\/\/www.facebook.com\/KieslectOfficial\/\" \/>\n\t\t<meta name=\"twitter:card\" content=\"summary_large_image\" \/>\n\t\t<meta name=\"twitter:site\" content=\"@kieslect\" \/>\n\t\t<meta name=\"twitter:title\" content=\"Shipping Policy - Kieslect Best Smartwatches Buy Online\" \/>\n\t\t<meta name=\"twitter:description\" content=\"Best Smartwatches Buy Online. Your order will be processed and shipped within 2-4 working days after you receive the order confirmation.\" \/>\n\t\t<meta name=\"twitter:creator\" content=\"@kieslect\" \/>\n\t\t<meta name=\"twitter:image\" content=\"https:\/\/www.kieslect.com\/wp-content\/uploads\/replace\/83a7c94e588d71936bb1ab2a1c752869.jpeg\" \/>\n\t\t<script type=\"application\/ld+json\" class=\"aioseo-schema\">\n\t\t\t{\"@context\":\"https:\\\/\\\/schema.org\",\"@graph\":[{\"@type\":\"BreadcrumbList\",\"@id\":\"http:\\\/\\\/www.kieslect.com\\\/es\\\/shipping-policy\\\/#breadcrumblist\",\"itemListElement\":[{\"@type\":\"ListItem\",\"@id\":\"http:\\\/\\\/www.kieslect.com\\\/es\\\/#listItem\",\"position\":1,\"name\":\"Home\",\"item\":\"http:\\\/\\\/www.kieslect.com\\\/es\\\/\",\"nextItem\":\"http:\\\/\\\/www.kieslect.com\\\/es\\\/shipping-policy\\\/#listItem\"},{\"@type\":\"ListItem\",\"@id\":\"http:\\\/\\\/www.kieslect.com\\\/es\\\/shipping-policy\\\/#listItem\",\"position\":2,\"name\":\"Shipping Policy\",\"previousItem\":\"http:\\\/\\\/www.kieslect.com\\\/es\\\/#listItem\"}]},{\"@type\":\"Organization\",\"@id\":\"http:\\\/\\\/www.kieslect.com\\\/es\\\/#organization\",\"name\":\"Kieslect Smartwatch\",\"description\":\"A Trusted Global Provider of Smart Wearable Solution\",\"url\":\"http:\\\/\\\/www.kieslect.com\\\/es\\\/\",\"logo\":{\"@type\":\"ImageObject\",\"url\":\"https:\\\/\\\/www.kieslect.com\\\/wp-content\\\/uploads\\\/2024\\\/01\\\/Kieslect-Logo-2_1_335x75_crop_center-1.webp\",\"@id\":\"http:\\\/\\\/www.kieslect.com\\\/es\\\/shipping-policy\\\/#organizationLogo\",\"width\":335,\"height\":75},\"image\":{\"@id\":\"http:\\\/\\\/www.kieslect.com\\\/es\\\/shipping-policy\\\/#organizationLogo\"},\"sameAs\":[\"https:\\\/\\\/www.facebook.com\\\/KieslectOfficial\\\/\",\"https:\\\/\\\/twitter.com\\\/kieslect\",\"https:\\\/\\\/www.instagram.com\\\/kieslect\\\/\"]},{\"@type\":\"WebPage\",\"@id\":\"http:\\\/\\\/www.kieslect.com\\\/es\\\/shipping-policy\\\/#webpage\",\"url\":\"http:\\\/\\\/www.kieslect.com\\\/es\\\/shipping-policy\\\/\",\"name\":\"Shipping Policy - Kieslect Best Smartwatches Buy Online\",\"description\":\"Best Smartwatches Buy Online. Your order will be processed and shipped within 2-4 working days after you receive the order confirmation.\",\"inLanguage\":\"es-ES\",\"isPartOf\":{\"@id\":\"http:\\\/\\\/www.kieslect.com\\\/es\\\/#website\"},\"breadcrumb\":{\"@id\":\"http:\\\/\\\/www.kieslect.com\\\/es\\\/shipping-policy\\\/#breadcrumblist\"},\"datePublished\":\"2022-09-22T07:28:31+08:00\",\"dateModified\":\"2024-02-26T21:11:10+08:00\"},{\"@type\":\"WebSite\",\"@id\":\"http:\\\/\\\/www.kieslect.com\\\/es\\\/#website\",\"url\":\"http:\\\/\\\/www.kieslect.com\\\/es\\\/\",\"name\":\"Kieslect\",\"description\":\"A Trusted Global Provider of Smart Wearable Solution\",\"inLanguage\":\"es-ES\",\"publisher\":{\"@id\":\"http:\\\/\\\/www.kieslect.com\\\/es\\\/#organization\"}}]}\n\t\t<\/script>\n\t\t<!-- All in One SEO Pro -->\r\n\t\t<title>Shipping Policy - Kieslect Best Smartwatches Buy Online<\/title>\n\n","aioseo_head_json":{"title":"Shipping Policy - Kieslect Best Smartwatches Buy Online","description":"Best Smartwatches Buy Online. Your order will be processed and shipped within 2-4 working days after you receive the order confirmation.","canonical_url":"http:\/\/www.kieslect.com\/es\/shipping-policy\/","robots":"max-image-preview:large","keywords":"","webmasterTools":{"miscellaneous":""},"og:locale":"es_ES","og:site_name":"Kieslect - A Trusted Global Provider of Smart Wearable Solution","og:type":"article","og:title":"Shipping Policy - Kieslect Best Smartwatches Buy Online","og:description":"Best Smartwatches Buy Online. Your order will be processed and shipped within 2-4 working days after you receive the order confirmation.","og:url":"http:\/\/www.kieslect.com\/es\/shipping-policy\/","og:image":"http:\/\/www.kieslect.com\/wp-content\/uploads\/replace\/83a7c94e588d71936bb1ab2a1c752869.jpeg","og:image:width":300,"og:image:height":169,"article:published_time":"2022-09-22T07:28:31+00:00","article:modified_time":"2024-02-26T13:11:10+00:00","article:publisher":"https:\/\/www.facebook.com\/KieslectOfficial\/","twitter:card":"summary_large_image","twitter:site":"@kieslect","twitter:title":"Shipping Policy - Kieslect Best Smartwatches Buy Online","twitter:description":"Best Smartwatches Buy Online. Your order will be processed and shipped within 2-4 working days after you receive the order confirmation.","twitter:creator":"@kieslect","twitter:image":"https:\/\/www.kieslect.com\/wp-content\/uploads\/replace\/83a7c94e588d71936bb1ab2a1c752869.jpeg","schema":{"@context":"https:\/\/schema.org","@graph":[{"@type":"BreadcrumbList","@id":"http:\/\/www.kieslect.com\/es\/shipping-policy\/#breadcrumblist","itemListElement":[{"@type":"ListItem","@id":"http:\/\/www.kieslect.com\/es\/#listItem","position":1,"name":"Home","item":"http:\/\/www.kieslect.com\/es\/","nextItem":"http:\/\/www.kieslect.com\/es\/shipping-policy\/#listItem"},{"@type":"ListItem","@id":"http:\/\/www.kieslect.com\/es\/shipping-policy\/#listItem","position":2,"name":"Shipping Policy","previousItem":"http:\/\/www.kieslect.com\/es\/#listItem"}]},{"@type":"Organization","@id":"http:\/\/www.kieslect.com\/es\/#organization","name":"Kieslect Smartwatch","description":"A Trusted Global Provider of Smart Wearable Solution","url":"http:\/\/www.kieslect.com\/es\/","logo":{"@type":"ImageObject","url":"https:\/\/www.kieslect.com\/wp-content\/uploads\/2024\/01\/Kieslect-Logo-2_1_335x75_crop_center-1.webp","@id":"http:\/\/www.kieslect.com\/es\/shipping-policy\/#organizationLogo","width":335,"height":75},"image":{"@id":"http:\/\/www.kieslect.com\/es\/shipping-policy\/#organizationLogo"},"sameAs":["https:\/\/www.facebook.com\/KieslectOfficial\/","https:\/\/twitter.com\/kieslect","https:\/\/www.instagram.com\/kieslect\/"]},{"@type":"WebPage","@id":"http:\/\/www.kieslect.com\/es\/shipping-policy\/#webpage","url":"http:\/\/www.kieslect.com\/es\/shipping-policy\/","name":"Shipping Policy - Kieslect Best Smartwatches Buy Online","description":"Best Smartwatches Buy Online. Your order will be processed and shipped within 2-4 working days after you receive the order confirmation.","inLanguage":"es-ES","isPartOf":{"@id":"http:\/\/www.kieslect.com\/es\/#website"},"breadcrumb":{"@id":"http:\/\/www.kieslect.com\/es\/shipping-policy\/#breadcrumblist"},"datePublished":"2022-09-22T07:28:31+08:00","dateModified":"2024-02-26T21:11:10+08:00"},{"@type":"WebSite","@id":"http:\/\/www.kieslect.com\/es\/#website","url":"http:\/\/www.kieslect.com\/es\/","name":"Kieslect","description":"A Trusted Global Provider of Smart Wearable Solution","inLanguage":"es-ES","publisher":{"@id":"http:\/\/www.kieslect.com\/es\/#organization"}}]}},"aioseo_meta_data":{"post_id":"17371","title":"#post_title #separator_sa #site_title Best Smartwatches Buy Online","description":"Best Smartwatches Buy Online. Your order will be processed and shipped within 2-4 working days after you receive the order confirmation.","keywords":[],"keyphrases":"{\"focus\":{\"keyphrase\":\"\",\"score\":0,\"analysis\":{\"keyphraseInTitle\":{\"score\":0,\"maxScore\":9,\"error\":1}}},\"additional\":[]}","primary_term":null,"canonical_url":null,"og_title":null,"og_description":null,"og_object_type":"default","og_image_type":"default","og_image_url":null,"og_image_width":null,"og_image_height":null,"og_image_custom_url":null,"og_image_custom_fields":null,"og_video":"","og_custom_url":null,"og_article_section":null,"og_article_tags":[],"twitter_use_og":false,"twitter_card":"default","twitter_image_type":"default","twitter_image_url":null,"twitter_image_custom_url":null,"twitter_image_custom_fields":null,"twitter_title":null,"twitter_description":null,"schema":{"blockGraphs":[],"customGraphs":[],"default":{"data":{"Article":[],"Course":[],"Dataset":[],"FAQPage":[],"Movie":[],"Person":[],"Product":[],"Recipe":[],"Service":[],"SoftwareApplication":[],"WebPage":[]},"graphName":"WebPage","isEnabled":true},"graphs":[]},"schema_type":"default","schema_type_options":null,"pillar_content":false,"robots_default":true,"robots_noindex":false,"robots_noarchive":false,"robots_nosnippet":false,"robots_nofollow":false,"robots_noimageindex":false,"robots_noodp":false,"robots_notranslate":false,"robots_max_snippet":"-1","robots_max_videopreview":"-1","robots_max_imagepreview":"large","priority":null,"frequency":"default","local_seo":null,"limit_modified_date":false,"created":"2024-02-26 12:21:32","updated":"2024-02-26 21:19:32"},"aioseo_breadcrumb":"<div class=\"aioseo-breadcrumbs\"><span class=\"aioseo-breadcrumb\">\n\t<a href=\"http:\/\/www.kieslect.com\/es\" title=\"Home\">Home<\/a>\n<\/span><span class=\"aioseo-breadcrumb-separator\">&raquo;<\/span><span class=\"aioseo-breadcrumb\">\n\tShipping Policy\n<\/span><\/div>","aioseo_breadcrumb_json":[{"label":"Home","link":"http:\/\/www.kieslect.com\/es"},{"label":"Shipping Policy","link":"http:\/\/www.kieslect.com\/es\/shipping-policy\/"}],"_links":{"self":[{"href":"http:\/\/www.kieslect.com\/es\/wp-json\/wp\/v2\/pages\/17371","targetHints":{"allow":["GET"]}}],"collection":[{"href":"http:\/\/www.kieslect.com\/es\/wp-json\/wp\/v2\/pages"}],"about":[{"href":"http:\/\/www.kieslect.com\/es\/wp-json\/wp\/v2\/types\/page"}],"author":[{"embeddable":true,"href":"http:\/\/www.kieslect.com\/es\/wp-json\/wp\/v2\/users\/1"}],"replies":[{"embeddable":true,"href":"http:\/\/www.kieslect.com\/es\/wp-json\/wp\/v2\/comments?post=17371"}],"version-history":[{"count":0,"href":"http:\/\/www.kieslect.com\/es\/wp-json\/wp\/v2\/pages\/17371\/revisions"}],"wp:attachment":[{"href":"http:\/\/www.kieslect.com\/es\/wp-json\/wp\/v2\/media?parent=17371"}],"curies":[{"name":"wp","href":"https:\/\/api.w.org\/{rel}","templated":true}]}}