{"id":23747,"date":"2024-01-16T11:47:49","date_gmt":"2024-01-16T11:47:49","guid":{"rendered":"http:\/\/www.kieslect.com\/?post_type=product&#038;p=23747"},"modified":"2026-04-22T22:48:53","modified_gmt":"2026-04-22T14:48:53","slug":"kieslect-smart-calling-watch-kr","status":"publish","type":"product","link":"http:\/\/www.kieslect.com\/de\/produkt\/kieslect-smart-calling-watch-kr\/","title":{"rendered":"Kieslect Smart  Calling Watch Kr"},"content":{"rendered":"<p><img fetchpriority=\"high\" decoding=\"async\" title=\"KieslectKr-smartwatch\" src=\"\/wp-content\/uploads\/replace\/27495049811fd34e69058871c11e3323.jpeg\" alt=\"KieslectKr-smartwatch\" width=\"1920\" height=\"1670\" \/><img decoding=\"async\" title=\"KieslectKr-smartwatch_1\" src=\"\/wp-content\/uploads\/replace\/451f411e6d946323683970e4188073d9.jpeg\" alt=\"KieslectKr-smartwatch_1\" width=\"1920\" height=\"1483\" \/><img decoding=\"async\" title=\"KieslectKr-smartwatch_2\" src=\"\/wp-content\/uploads\/replace\/242b9a480d473c2037c0286b3b8d120d.jpeg\" alt=\"KieslectKr-smartwatch_2\" width=\"1920\" height=\"1513\" \/><img loading=\"lazy\" decoding=\"async\" title=\"Krblack_2\" src=\"\/wp-content\/uploads\/replace\/400cb83c47968aee19f3d86388bb081f.jpeg\" alt=\"Krblack_2\" width=\"1920\" height=\"1697\" \/><img loading=\"lazy\" decoding=\"async\" title=\"Krblack_1\" src=\"\/wp-content\/uploads\/replace\/f2f620ca90196def8b014a9f209cc559.jpeg\" alt=\"Krblack_1\" width=\"1920\" height=\"1760\" \/><img loading=\"lazy\" decoding=\"async\" title=\"KieslectKr-smartwatch_5\" src=\"\/wp-content\/uploads\/replace\/4ab858a409f9536a5688d5cd3e77d502.jpeg\" alt=\"KieslectKr-smartwatch_5\" width=\"1920\" height=\"1605\" \/><img loading=\"lazy\" decoding=\"async\" title=\"KieslectKr-smartwatch_6\" src=\"\/wp-content\/uploads\/replace\/f4e1af0505582eea06652f70bf25069c.jpeg\" alt=\"KieslectKr-smartwatch_6\" width=\"1920\" height=\"1737\" \/><img loading=\"lazy\" decoding=\"async\" title=\"Krblack_3\" src=\"\/wp-content\/uploads\/replace\/e267f16f7758644b84aa35c4eb6421c4.jpeg\" alt=\"Krblack_3\" width=\"1920\" height=\"1705\" \/><img loading=\"lazy\" decoding=\"async\" title=\"KieslectKr-smartwatch_9\" src=\"\/wp-content\/uploads\/replace\/292b0e187d58029544af76fce6ed8417.jpeg\" alt=\"KieslectKr-smartwatch_9\" width=\"1920\" height=\"1780\" \/><img loading=\"lazy\" decoding=\"async\" title=\"KieslectKr-smartwatch_10\" src=\"\/wp-content\/uploads\/replace\/7daff6e77f512007132cd5f3ce5bc796.jpeg\" alt=\"KieslectKr-smartwatch_10\" width=\"1920\" height=\"2150\" \/><img loading=\"lazy\" decoding=\"async\" title=\"KieslectKr-smartwatch_11\" src=\"\/wp-content\/uploads\/replace\/c31c05fb1d34a3bf59c31a3967e3c117.jpeg\" alt=\"KieslectKr-smartwatch_11\" width=\"1920\" height=\"940\" \/><img loading=\"lazy\" decoding=\"async\" title=\"KieslectKr-smartwatch_12\" src=\"\/wp-content\/uploads\/replace\/39723d20f51a11837c4e4beac2bdddc0.jpeg\" alt=\"KieslectKr-smartwatch_12\" width=\"1920\" height=\"985\" \/><img loading=\"lazy\" decoding=\"async\" title=\"KieslectKr-smartwatch_13\" src=\"\/wp-content\/uploads\/replace\/22430ee9286faeac81efe6e4a15f65ed.jpeg\" alt=\"KieslectKr-smartwatch_13\" width=\"1920\" height=\"1065\" \/><img loading=\"lazy\" decoding=\"async\" title=\"KieslectKr-smartwatch_14\" src=\"\/wp-content\/uploads\/replace\/3917e7d2c3fa0874c661228991643395.jpeg\" alt=\"KieslectKr-smartwatch_14\" width=\"1920\" height=\"1430\" \/><img loading=\"lazy\" decoding=\"async\" title=\"KieslectKr-smartwatch_15\" src=\"\/wp-content\/uploads\/replace\/8381944313239db0d339a9a50300659a.jpeg\" alt=\"KieslectKr-smartwatch_15\" width=\"1920\" height=\"2095\" \/><img loading=\"lazy\" decoding=\"async\" title=\"KieslectKr-smartwatch_16\" src=\"\/wp-content\/uploads\/replace\/b1b07efe95c8f83c6dfb08d365a2b11a.jpeg\" alt=\"KieslectKr-smartwatch_16\" width=\"1920\" height=\"1860\" \/><br \/>\nKieslect Smart Calling Watch Kr posseses the world&#8217;s 3rd 2-in-1 core calling chip that makes you enjoy a smooth call with strong signal and stable connection right on your wrist.<br \/>\n<strong>Functions &amp; Features:<\/strong><br \/>\n<strong>\u25cf World&#8217;s 3rd 2-in-1 Core Calling Chip<\/strong><br \/>\nKieslect Kr is equipped with the world\u2019s 3rd 2-in-1 core calling chip which comes out only after Apple and Samsung. It has a much stronger Bluetooth connection than AirPods more stable calling than most of the calling phone in the market, providing you a smooth calling experience at anywhere and anytime even in the most inconvenient situations.<br \/>\n<strong>\u25cf Music Player<\/strong><br \/>\nPossessing a built-in speakers, Kr can play your phone\u2019s playlist directly on the watch. Control music and switch songs you like with the watch, without taking the mobile phone in your hand or into the pocket.<br \/>\n<strong>\u25cf AI Voice Assistant<\/strong><br \/>\nYou can easily make a phone call, play music, set an alarm, ask a question and more with built-in Al Voice Assistant. Just give an instruction to the intelligent voice assistant, it will help you to perform operations like engaging a sports mode or opening a health metric feature.<br \/>\n<strong>\u25cf 70 Sports Modes<\/strong><br \/>\nThe Kr calling watch supports 70 sports modes and records effective sports data. It can also intelligently recognize your motions and begin recording related sports data.<br \/>\n<strong>\u25cf Stress &amp; Mood Tests &amp; Games<\/strong><br \/>\nThe smart watch can detect your stress level and identify your mood status. It keeps track of how you\u2019re feeling from Very Calm to Very Stressed to gain awareness of your emotional well-being and how it changes. Use Kr to understand your stress and get relax with its built-in games.<br \/>\n<strong>\u25cf Password Protection<\/strong><br \/>\nThe password protection comes into handy when you don&#8217;t want others to pry into your contact list and other sensitive information. Set a password to protect your privacy, it will also lock the screen automatically when it looses connection to your phone.<\/p>","protected":false},"excerpt":{"rendered":"<ul>\n<li>\ud83c\udf88 Bluetooth Calling Watch<\/li>\n<li>\ud83c\udf88 AI Voice Assistant<\/li>\n<li>\ud83c\udf88 1.32&#8243; Semi-AMOLED<\/li>\n<li>\ud83c\udf88 Music Player<\/li>\n<li>\ud83c\udf88 Stress Management<\/li>\n<li>\ud83c\udf88 70 Workout Modes<\/li>\n<li>\ud83c\udf88 For both Android and IOS<\/li>\n<\/ul>","protected":false},"featured_media":23780,"comment_status":"open","ping_status":"closed","template":"","meta":[],"product_brand":[],"product_cat":[15,463,462,417,461],"product_tag":[],"class_list":{"0":"post-23747","1":"product","2":"type-product","3":"status-publish","4":"has-post-thumbnail","6":"product_cat-smartwatch","7":"product_cat-calling-smartwatch","8":"product_cat-calling-watch","9":"product_cat-essential-series","10":"product_cat-smart-watches-for-men","12":"first","13":"instock","14":"shipping-taxable","15":"product-type-external"},"aioseo_notices":[],"aioseo_head":"\n\t\t<!-- All in One SEO Pro 4.6.5 - aioseo.com -->\n\t\t<meta name=\"description\" content=\"\ud83c\udf88 Bluetooth Calling Watch \ud83c\udf88 AI Voice Assistant \ud83c\udf88 1.32&quot; Semi-AMOLED \ud83c\udf88 Music Player \ud83c\udf88 Stress Management \ud83c\udf88 70 Workout Modes \ud83c\udf88 For both Android and IOS\" \/>\n\t\t<meta name=\"robots\" content=\"max-image-preview:large\" \/>\n\t\t<link rel=\"canonical\" href=\"http:\/\/www.kieslect.com\/de\/produkt\/kieslect-smart-calling-watch-kr\/\" \/>\n\t\t<meta name=\"generator\" content=\"All in One SEO Pro (AIOSEO) 4.6.5\" \/>\n\t\t<meta property=\"og:locale\" content=\"de_DE\" \/>\n\t\t<meta property=\"og:site_name\" content=\"Kieslect - A Trusted Global Provider of Smart Wearable Solution\" \/>\n\t\t<meta property=\"og:type\" content=\"article\" \/>\n\t\t<meta property=\"og:title\" content=\"Kieslect Smart Calling Watch Kr - Kieslect\" \/>\n\t\t<meta property=\"og:description\" content=\"\ud83c\udf88 Bluetooth Calling Watch \ud83c\udf88 AI Voice Assistant \ud83c\udf88 1.32&quot; Semi-AMOLED \ud83c\udf88 Music Player \ud83c\udf88 Stress Management \ud83c\udf88 70 Workout Modes \ud83c\udf88 For both Android and IOS\" \/>\n\t\t<meta property=\"og:url\" content=\"http:\/\/www.kieslect.com\/de\/produkt\/kieslect-smart-calling-watch-kr\/\" \/>\n\t\t<meta property=\"og:image\" content=\"http:\/\/www.kieslect.com\/wp-content\/uploads\/replace\/83a7c94e588d71936bb1ab2a1c752869.jpeg\" \/>\n\t\t<meta property=\"og:image:width\" content=\"300\" \/>\n\t\t<meta property=\"og:image:height\" content=\"169\" \/>\n\t\t<meta property=\"article:published_time\" content=\"2024-01-16T11:47:49+00:00\" \/>\n\t\t<meta property=\"article:modified_time\" content=\"2026-04-22T14:48:53+00:00\" \/>\n\t\t<meta property=\"article:publisher\" content=\"https:\/\/www.facebook.com\/KieslectOfficial\/\" \/>\n\t\t<meta name=\"twitter:card\" content=\"summary_large_image\" \/>\n\t\t<meta name=\"twitter:site\" content=\"@kieslect\" \/>\n\t\t<meta name=\"twitter:title\" content=\"Kieslect Smart Calling Watch Kr - Kieslect\" \/>\n\t\t<meta name=\"twitter:description\" content=\"\ud83c\udf88 Bluetooth Calling Watch \ud83c\udf88 AI Voice Assistant \ud83c\udf88 1.32&quot; Semi-AMOLED \ud83c\udf88 Music Player \ud83c\udf88 Stress Management \ud83c\udf88 70 Workout Modes \ud83c\udf88 For both Android and IOS\" \/>\n\t\t<meta name=\"twitter:creator\" content=\"@kieslect\" \/>\n\t\t<meta name=\"twitter:image\" content=\"https:\/\/www.kieslect.com\/wp-content\/uploads\/replace\/83a7c94e588d71936bb1ab2a1c752869.jpeg\" \/>\n\t\t<script type=\"application\/ld+json\" class=\"aioseo-schema\">\n\t\t\t{\"@context\":\"https:\\\/\\\/schema.org\",\"@graph\":[{\"@type\":\"BreadcrumbList\",\"@id\":\"http:\\\/\\\/www.kieslect.com\\\/de\\\/produkt\\\/kieslect-smart-calling-watch-kr\\\/#breadcrumblist\",\"itemListElement\":[{\"@type\":\"ListItem\",\"@id\":\"http:\\\/\\\/www.kieslect.com\\\/de\\\/#listItem\",\"position\":1,\"name\":\"Home\",\"item\":\"http:\\\/\\\/www.kieslect.com\\\/de\\\/\",\"nextItem\":\"http:\\\/\\\/www.kieslect.com\\\/de\\\/produkt\\\/kieslect-smart-calling-watch-kr\\\/#listItem\"},{\"@type\":\"ListItem\",\"@id\":\"http:\\\/\\\/www.kieslect.com\\\/de\\\/produkt\\\/kieslect-smart-calling-watch-kr\\\/#listItem\",\"position\":2,\"name\":\"Kieslect Smart  Calling Watch Kr\",\"previousItem\":\"http:\\\/\\\/www.kieslect.com\\\/de\\\/#listItem\"}]},{\"@type\":\"Organization\",\"@id\":\"http:\\\/\\\/www.kieslect.com\\\/de\\\/#organization\",\"name\":\"Kieslect Smartwatch\",\"description\":\"A Trusted Global Provider of Smart Wearable Solution\",\"url\":\"http:\\\/\\\/www.kieslect.com\\\/de\\\/\",\"logo\":{\"@type\":\"ImageObject\",\"url\":\"https:\\\/\\\/www.kieslect.com\\\/wp-content\\\/uploads\\\/2024\\\/01\\\/Kieslect-Logo-2_1_335x75_crop_center-1.webp\",\"@id\":\"http:\\\/\\\/www.kieslect.com\\\/de\\\/produkt\\\/kieslect-smart-calling-watch-kr\\\/#organizationLogo\",\"width\":335,\"height\":75},\"image\":{\"@id\":\"http:\\\/\\\/www.kieslect.com\\\/de\\\/produkt\\\/kieslect-smart-calling-watch-kr\\\/#organizationLogo\"},\"sameAs\":[\"https:\\\/\\\/www.facebook.com\\\/KieslectOfficial\\\/\",\"https:\\\/\\\/twitter.com\\\/kieslect\",\"https:\\\/\\\/www.instagram.com\\\/kieslect\\\/\"]},{\"@type\":\"Product\",\"@id\":\"http:\\\/\\\/www.kieslect.com\\\/de\\\/produkt\\\/kieslect-smart-calling-watch-kr\\\/#wooCommerceProduct\",\"name\":\"Kieslect Smart  Calling Watch Kr\",\"description\":\"\\ud83c\\udf88 Bluetooth Calling Watch\\r\\n \\t\\ud83c\\udf88 AI Voice Assistant\\r\\n \\t\\ud83c\\udf88 1.32\\\" Semi-AMOLED\\r\\n \\t\\ud83c\\udf88 Music Player\\r\\n \\t\\ud83c\\udf88 Stress Management\\r\\n \\t\\ud83c\\udf88 70 Workout Modes\\r\\n \\t\\ud83c\\udf88 For both Android and IOS\",\"url\":\"http:\\\/\\\/www.kieslect.com\\\/de\\\/produkt\\\/kieslect-smart-calling-watch-kr\\\/\",\"image\":{\"@type\":\"ImageObject\",\"url\":\"https:\\\/\\\/www.kieslect.com\\\/wp-content\\\/uploads\\\/2024\\\/01\\\/kieslect-kr-2-2.jpg\",\"@id\":\"http:\\\/\\\/www.kieslect.com\\\/de\\\/produkt\\\/kieslect-smart-calling-watch-kr\\\/#productImage\",\"width\":800,\"height\":800},\"offers\":{\"@type\":\"Offer\",\"url\":\"http:\\\/\\\/www.kieslect.com\\\/de\\\/produkt\\\/kieslect-smart-calling-watch-kr\\\/#wooCommerceOffer\",\"price\":0,\"priceCurrency\":\"USD\",\"category\":\"Smartwatch\",\"availability\":\"https:\\\/\\\/schema.org\\\/InStock\",\"seller\":{\"@type\":\"Organization\",\"@id\":\"http:\\\/\\\/www.kieslect.com\\\/de\\\/#organization\"}},\"aggregateRating\":{\"@type\":\"AggregateRating\",\"@id\":\"http:\\\/\\\/www.kieslect.com\\\/de\\\/produkt\\\/kieslect-smart-calling-watch-kr\\\/#aggregrateRating\",\"worstRating\":1,\"bestRating\":5,\"ratingValue\":5,\"reviewCount\":2},\"review\":[{\"@type\":\"Review\",\"reviewRating\":{\"@type\":\"Rating\",\"ratingValue\":5,\"worstRating\":1,\"bestRating\":5},\"author\":{\"@type\":\"Person\",\"name\":\"Felix Cohen\"},\"datePublished\":\"2025-07-01T02:32:31+08:00\",\"reviewBody\":\"Muy satisfecho con este kr2. Buenas duraci\\u00f3n de bater\\u00eda, llamadas perfectas, resultados de actividad muy buenos, lindo dise\\u00f1o\"},{\"@type\":\"Review\",\"reviewRating\":{\"@type\":\"Rating\",\"ratingValue\":5,\"worstRating\":1,\"bestRating\":5},\"author\":{\"@type\":\"Person\",\"name\":\"Rayhann\"},\"datePublished\":\"2024-07-24T14:56:11+08:00\",\"reviewBody\":\"Best build quality, all good, comfortable and best design. I like it.\"}]},{\"@type\":\"WebPage\",\"@id\":\"http:\\\/\\\/www.kieslect.com\\\/de\\\/produkt\\\/kieslect-smart-calling-watch-kr\\\/#webpage\",\"url\":\"http:\\\/\\\/www.kieslect.com\\\/de\\\/produkt\\\/kieslect-smart-calling-watch-kr\\\/\",\"name\":\"Kieslect Smart Calling Watch Kr - Kieslect\",\"description\":\"\\ud83c\\udf88 Bluetooth Calling Watch \\ud83c\\udf88 AI Voice Assistant \\ud83c\\udf88 1.32\\\" Semi-AMOLED \\ud83c\\udf88 Music Player \\ud83c\\udf88 Stress Management \\ud83c\\udf88 70 Workout Modes \\ud83c\\udf88 For both Android and IOS\",\"inLanguage\":\"de-DE\",\"isPartOf\":{\"@id\":\"http:\\\/\\\/www.kieslect.com\\\/de\\\/#website\"},\"breadcrumb\":{\"@id\":\"http:\\\/\\\/www.kieslect.com\\\/de\\\/produkt\\\/kieslect-smart-calling-watch-kr\\\/#breadcrumblist\"},\"image\":{\"@type\":\"ImageObject\",\"url\":\"https:\\\/\\\/www.kieslect.com\\\/wp-content\\\/uploads\\\/2024\\\/01\\\/kieslect-kr-2-2.jpg\",\"@id\":\"http:\\\/\\\/www.kieslect.com\\\/de\\\/produkt\\\/kieslect-smart-calling-watch-kr\\\/#mainImage\",\"width\":800,\"height\":800},\"primaryImageOfPage\":{\"@id\":\"http:\\\/\\\/www.kieslect.com\\\/de\\\/produkt\\\/kieslect-smart-calling-watch-kr\\\/#mainImage\"},\"datePublished\":\"2024-01-16T11:47:49+08:00\",\"dateModified\":\"2026-04-22T22:48:53+08:00\"},{\"@type\":\"WebSite\",\"@id\":\"http:\\\/\\\/www.kieslect.com\\\/de\\\/#website\",\"url\":\"http:\\\/\\\/www.kieslect.com\\\/de\\\/\",\"name\":\"Kieslect\",\"description\":\"A Trusted Global Provider of Smart Wearable Solution\",\"inLanguage\":\"de-DE\",\"publisher\":{\"@id\":\"http:\\\/\\\/www.kieslect.com\\\/de\\\/#organization\"}}]}\n\t\t<\/script>\n\t\t<!-- All in One SEO Pro -->\r\n\t\t<title>Kieslect Smart Calling Watch Kr - Kieslect<\/title>\n\n","aioseo_head_json":{"title":"Kieslect Smart Calling Watch Kr - Kieslect","description":"\ud83c\udf88 Bluetooth Calling Watch \ud83c\udf88 AI Voice Assistant \ud83c\udf88 1.32\" Semi-AMOLED \ud83c\udf88 Music Player \ud83c\udf88 Stress Management \ud83c\udf88 70 Workout Modes \ud83c\udf88 For both Android and IOS","canonical_url":"http:\/\/www.kieslect.com\/de\/produkt\/kieslect-smart-calling-watch-kr\/","robots":"max-image-preview:large","keywords":"","webmasterTools":{"miscellaneous":""},"og:locale":"de_DE","og:site_name":"Kieslect - A Trusted Global Provider of Smart Wearable Solution","og:type":"article","og:title":"Kieslect Smart Calling Watch Kr - Kieslect","og:description":"\ud83c\udf88 Bluetooth Calling Watch \ud83c\udf88 AI Voice Assistant \ud83c\udf88 1.32&quot; Semi-AMOLED \ud83c\udf88 Music Player \ud83c\udf88 Stress Management \ud83c\udf88 70 Workout Modes \ud83c\udf88 For both Android and IOS","og:url":"http:\/\/www.kieslect.com\/de\/produkt\/kieslect-smart-calling-watch-kr\/","og:image":"http:\/\/www.kieslect.com\/wp-content\/uploads\/replace\/83a7c94e588d71936bb1ab2a1c752869.jpeg","og:image:width":300,"og:image:height":169,"article:published_time":"2024-01-16T11:47:49+00:00","article:modified_time":"2026-04-22T14:48:53+00:00","article:publisher":"https:\/\/www.facebook.com\/KieslectOfficial\/","twitter:card":"summary_large_image","twitter:site":"@kieslect","twitter:title":"Kieslect Smart Calling Watch Kr - Kieslect","twitter:description":"\ud83c\udf88 Bluetooth Calling Watch \ud83c\udf88 AI Voice Assistant \ud83c\udf88 1.32&quot; Semi-AMOLED \ud83c\udf88 Music Player \ud83c\udf88 Stress Management \ud83c\udf88 70 Workout Modes \ud83c\udf88 For both Android and IOS","twitter:creator":"@kieslect","twitter:image":"https:\/\/www.kieslect.com\/wp-content\/uploads\/replace\/83a7c94e588d71936bb1ab2a1c752869.jpeg","schema":{"@context":"https:\/\/schema.org","@graph":[{"@type":"BreadcrumbList","@id":"http:\/\/www.kieslect.com\/de\/produkt\/kieslect-smart-calling-watch-kr\/#breadcrumblist","itemListElement":[{"@type":"ListItem","@id":"http:\/\/www.kieslect.com\/de\/#listItem","position":1,"name":"Home","item":"http:\/\/www.kieslect.com\/de\/","nextItem":"http:\/\/www.kieslect.com\/de\/produkt\/kieslect-smart-calling-watch-kr\/#listItem"},{"@type":"ListItem","@id":"http:\/\/www.kieslect.com\/de\/produkt\/kieslect-smart-calling-watch-kr\/#listItem","position":2,"name":"Kieslect Smart  Calling Watch Kr","previousItem":"http:\/\/www.kieslect.com\/de\/#listItem"}]},{"@type":"Organization","@id":"http:\/\/www.kieslect.com\/de\/#organization","name":"Kieslect Smartwatch","description":"A Trusted Global Provider of Smart Wearable Solution","url":"http:\/\/www.kieslect.com\/de\/","logo":{"@type":"ImageObject","url":"https:\/\/www.kieslect.com\/wp-content\/uploads\/2024\/01\/Kieslect-Logo-2_1_335x75_crop_center-1.webp","@id":"http:\/\/www.kieslect.com\/de\/produkt\/kieslect-smart-calling-watch-kr\/#organizationLogo","width":335,"height":75},"image":{"@id":"http:\/\/www.kieslect.com\/de\/produkt\/kieslect-smart-calling-watch-kr\/#organizationLogo"},"sameAs":["https:\/\/www.facebook.com\/KieslectOfficial\/","https:\/\/twitter.com\/kieslect","https:\/\/www.instagram.com\/kieslect\/"]},{"@type":"Product","@id":"http:\/\/www.kieslect.com\/de\/produkt\/kieslect-smart-calling-watch-kr\/#wooCommerceProduct","name":"Kieslect Smart  Calling Watch Kr","description":"\ud83c\udf88 Bluetooth Calling Watch\r\n \t\ud83c\udf88 AI Voice Assistant\r\n \t\ud83c\udf88 1.32\" Semi-AMOLED\r\n \t\ud83c\udf88 Music Player\r\n \t\ud83c\udf88 Stress Management\r\n \t\ud83c\udf88 70 Workout Modes\r\n \t\ud83c\udf88 For both Android and IOS","url":"http:\/\/www.kieslect.com\/de\/produkt\/kieslect-smart-calling-watch-kr\/","image":{"@type":"ImageObject","url":"https:\/\/www.kieslect.com\/wp-content\/uploads\/2024\/01\/kieslect-kr-2-2.jpg","@id":"http:\/\/www.kieslect.com\/de\/produkt\/kieslect-smart-calling-watch-kr\/#productImage","width":800,"height":800},"offers":{"@type":"Offer","url":"http:\/\/www.kieslect.com\/de\/produkt\/kieslect-smart-calling-watch-kr\/#wooCommerceOffer","price":0,"priceCurrency":"USD","category":"Smartwatch","availability":"https:\/\/schema.org\/InStock","seller":{"@type":"Organization","@id":"http:\/\/www.kieslect.com\/de\/#organization"}},"aggregateRating":{"@type":"AggregateRating","@id":"http:\/\/www.kieslect.com\/de\/produkt\/kieslect-smart-calling-watch-kr\/#aggregrateRating","worstRating":1,"bestRating":5,"ratingValue":5,"reviewCount":2},"review":[{"@type":"Review","reviewRating":{"@type":"Rating","ratingValue":5,"worstRating":1,"bestRating":5},"author":{"@type":"Person","name":"Felix Cohen"},"datePublished":"2025-07-01T02:32:31+08:00","reviewBody":"Muy satisfecho con este kr2. Buenas duraci\u00f3n de bater\u00eda, llamadas perfectas, resultados de actividad muy buenos, lindo dise\u00f1o"},{"@type":"Review","reviewRating":{"@type":"Rating","ratingValue":5,"worstRating":1,"bestRating":5},"author":{"@type":"Person","name":"Rayhann"},"datePublished":"2024-07-24T14:56:11+08:00","reviewBody":"Best build quality, all good, comfortable and best design. I like it."}]},{"@type":"WebPage","@id":"http:\/\/www.kieslect.com\/de\/produkt\/kieslect-smart-calling-watch-kr\/#webpage","url":"http:\/\/www.kieslect.com\/de\/produkt\/kieslect-smart-calling-watch-kr\/","name":"Kieslect Smart Calling Watch Kr - Kieslect","description":"\ud83c\udf88 Bluetooth Calling Watch \ud83c\udf88 AI Voice Assistant \ud83c\udf88 1.32\" Semi-AMOLED \ud83c\udf88 Music Player \ud83c\udf88 Stress Management \ud83c\udf88 70 Workout Modes \ud83c\udf88 For both Android and IOS","inLanguage":"de-DE","isPartOf":{"@id":"http:\/\/www.kieslect.com\/de\/#website"},"breadcrumb":{"@id":"http:\/\/www.kieslect.com\/de\/produkt\/kieslect-smart-calling-watch-kr\/#breadcrumblist"},"image":{"@type":"ImageObject","url":"https:\/\/www.kieslect.com\/wp-content\/uploads\/2024\/01\/kieslect-kr-2-2.jpg","@id":"http:\/\/www.kieslect.com\/de\/produkt\/kieslect-smart-calling-watch-kr\/#mainImage","width":800,"height":800},"primaryImageOfPage":{"@id":"http:\/\/www.kieslect.com\/de\/produkt\/kieslect-smart-calling-watch-kr\/#mainImage"},"datePublished":"2024-01-16T11:47:49+08:00","dateModified":"2026-04-22T22:48:53+08:00"},{"@type":"WebSite","@id":"http:\/\/www.kieslect.com\/de\/#website","url":"http:\/\/www.kieslect.com\/de\/","name":"Kieslect","description":"A Trusted Global Provider of Smart Wearable Solution","inLanguage":"de-DE","publisher":{"@id":"http:\/\/www.kieslect.com\/de\/#organization"}}]}},"aioseo_meta_data":{"post_id":"23747","title":null,"description":null,"keywords":null,"keyphrases":"{\"focus\":{\"keyphrase\":\"\",\"score\":0,\"analysis\":{\"keyphraseInTitle\":{\"score\":0,\"maxScore\":9,\"error\":1}}},\"additional\":[]}","primary_term":null,"canonical_url":null,"og_title":null,"og_description":null,"og_object_type":"default","og_image_type":"default","og_image_url":null,"og_image_width":null,"og_image_height":null,"og_image_custom_url":null,"og_image_custom_fields":null,"og_video":"","og_custom_url":null,"og_article_section":null,"og_article_tags":null,"twitter_use_og":false,"twitter_card":"default","twitter_image_type":"default","twitter_image_url":null,"twitter_image_custom_url":null,"twitter_image_custom_fields":null,"twitter_title":null,"twitter_description":null,"schema":{"blockGraphs":[],"customGraphs":[],"default":{"data":{"Article":[],"Course":[],"Dataset":[],"FAQPage":[],"Movie":[],"Person":[],"Product":[],"Recipe":[],"Service":[],"SoftwareApplication":[],"WebPage":[]},"graphName":"Product","isEnabled":true},"graphs":[]},"schema_type":"default","schema_type_options":null,"pillar_content":false,"robots_default":true,"robots_noindex":false,"robots_noarchive":false,"robots_nosnippet":false,"robots_nofollow":false,"robots_noimageindex":false,"robots_noodp":false,"robots_notranslate":false,"robots_max_snippet":"-1","robots_max_videopreview":"-1","robots_max_imagepreview":"large","priority":null,"frequency":"default","local_seo":null,"limit_modified_date":false,"created":"2024-02-26 12:21:33","updated":"2026-04-22 14:51:07"},"aioseo_breadcrumb":"<div class=\"aioseo-breadcrumbs\"><span class=\"aioseo-breadcrumb\">\n\t<a href=\"http:\/\/www.kieslect.com\/de\" title=\"Home\">Home<\/a>\n<\/span><span class=\"aioseo-breadcrumb-separator\">&raquo;<\/span><span class=\"aioseo-breadcrumb\">\n\t<a href=\"http:\/\/www.kieslect.com\/de\/shop\/\" title=\"Shop\">Shop<\/a>\n<\/span><span class=\"aioseo-breadcrumb-separator\">&raquo;<\/span><span class=\"aioseo-breadcrumb\">\n\t<a href=\"http:\/\/www.kieslect.com\/de\/produkt-kategorie\/smartwatch\/\" title=\"Smartwatch\">Smartwatch<\/a>\n<\/span><span class=\"aioseo-breadcrumb-separator\">&raquo;<\/span><span class=\"aioseo-breadcrumb\">\n\t<a href=\"http:\/\/www.kieslect.com\/de\/produkt-kategorie\/smartwatch\/essential-series\/\" title=\"Essential Series\">Essential Series<\/a>\n<\/span><span class=\"aioseo-breadcrumb-separator\">&raquo;<\/span><span class=\"aioseo-breadcrumb\">\n\tKieslect Smart  Calling Watch Kr\n<\/span><\/div>","aioseo_breadcrumb_json":[{"label":"Home","link":"http:\/\/www.kieslect.com\/de"},{"label":"Shop","link":"http:\/\/www.kieslect.com\/de\/shop\/"},{"label":"Smartwatch","link":"http:\/\/www.kieslect.com\/de\/produkt-kategorie\/smartwatch\/"},{"label":"Essential Series","link":"http:\/\/www.kieslect.com\/de\/produkt-kategorie\/smartwatch\/essential-series\/"},{"label":"Kieslect Smart  Calling Watch Kr","link":"http:\/\/www.kieslect.com\/de\/produkt\/kieslect-smart-calling-watch-kr\/"}],"_links":{"self":[{"href":"http:\/\/www.kieslect.com\/de\/wp-json\/wp\/v2\/product\/23747","targetHints":{"allow":["GET"]}}],"collection":[{"href":"http:\/\/www.kieslect.com\/de\/wp-json\/wp\/v2\/product"}],"about":[{"href":"http:\/\/www.kieslect.com\/de\/wp-json\/wp\/v2\/types\/product"}],"replies":[{"embeddable":true,"href":"http:\/\/www.kieslect.com\/de\/wp-json\/wp\/v2\/comments?post=23747"}],"version-history":[{"count":0,"href":"http:\/\/www.kieslect.com\/de\/wp-json\/wp\/v2\/product\/23747\/revisions"}],"wp:featuredmedia":[{"embeddable":true,"href":"http:\/\/www.kieslect.com\/de\/wp-json\/wp\/v2\/media\/23780"}],"wp:attachment":[{"href":"http:\/\/www.kieslect.com\/de\/wp-json\/wp\/v2\/media?parent=23747"}],"wp:term":[{"taxonomy":"product_brand","embeddable":true,"href":"http:\/\/www.kieslect.com\/de\/wp-json\/wp\/v2\/product_brand?post=23747"},{"taxonomy":"product_cat","embeddable":true,"href":"http:\/\/www.kieslect.com\/de\/wp-json\/wp\/v2\/product_cat?post=23747"},{"taxonomy":"product_tag","embeddable":true,"href":"http:\/\/www.kieslect.com\/de\/wp-json\/wp\/v2\/product_tag?post=23747"}],"curies":[{"name":"wp","href":"https:\/\/api.w.org\/{rel}","templated":true}]}}